{"id":20734,"date":"2021-11-19T14:15:39","date_gmt":"2022-11-21T14:52:06","guid":{"rendered":"https:\/\/eurotrail.info\/?post_type=product&#038;p=20734"},"modified":"2022-11-21T15:52:06","modified_gmt":"2022-11-21T14:52:06","slug":"wind-linterna-led-recargable","status":"publish","type":"product","link":"https:\/\/eurotrail.info\/es\/producten\/articulos-de-jardin\/iluminacion-de-jardin-terraza\/wind-linterna-led-recargable\/","title":{"rendered":"WIND Linterna LED recargable"},"content":{"rendered":"<p>La WIND es la l\u00e1mpara cl\u00e1sica del pasado pero en una versi\u00f3n moderna. Luz blanca ajustable\/luz c\u00e1lida e incluso una luz ambiental llameante. Con el dimmer se puede regular la intensidad de la luz y el color para que tengas la iluminaci\u00f3n adecuada para cada momento. La l\u00e1mpara es recargable con el cable USB suministrado y tiene una funci\u00f3n de banco de energ\u00eda con la que, por ejemplo, se puede cargar su tel\u00e9fono m\u00f3vil.<\/p>\n<p>Potencia: 3.2W<br \/>\nSalida\/entrada USB: 5V\/1A<br \/>\nLED: EPISTAR SMD 2835<br \/>\nL\u00famenes: 20-250 Lm<br \/>\nBater\u00eda: 3,7 V\/5200 mAh bater\u00edas recargables de litio 2&#215;18650<br \/>\nCaracter\u00edsticas: atenuador, funci\u00f3n de banco de energ\u00eda<br \/>\nTiempo de carga: 7 horas.<br \/>\nTiempo de trabajo: 8-75 horas.<br \/>\nMaterial: pl\u00e1stico, hierro, vidrio y bamb\u00fa.<br \/>\nTama\u00f1o: \u00d8 12,5x28cm<br \/>\nPeso: 600 gr.<br \/>\nClasificaci\u00f3n IP: IPX4<\/p>\n","protected":false},"excerpt":{"rendered":"<p>La WIND es la l\u00e1mpara cl\u00e1sica del pasado pero en una versi\u00f3n moderna. Luz blanca ajustable\/luz c\u00e1lida e incluso una luz ambiental llameante. Con el&hellip;<\/p>\n","protected":false},"featured_media":19392,"comment_status":"open","ping_status":"closed","template":"","meta":{"_acf_changed":false},"product_brand":[],"product_cat":[379,378],"product_tag":[],"class_list":{"0":"post-20734","1":"product","2":"type-product","3":"status-publish","4":"has-post-thumbnail","6":"product_cat-alivio","7":"product_cat-iluminacion-de-jardin-terraza","9":"first","10":"instock","11":"shipping-taxable","12":"product-type-simple"},"acf":[],"yoast_head":"<!-- This site is optimized with the Yoast SEO plugin v27.3 - https:\/\/yoast.com\/product\/yoast-seo-wordpress\/ -->\n<title>WIND Linterna LED recargable - Eurotrail | The way we camp!<\/title>\n<meta name=\"description\" content=\"La WIND es la l\u00e1mpara cl\u00e1sica del pasado pero en una versi\u00f3n moderna. Luz blanca ajustable\/luz c\u00e1lida e incluso una luz ambiental llameante\" \/>\n<meta name=\"robots\" content=\"index, follow, max-snippet:-1, max-image-preview:large, max-video-preview:-1\" \/>\n<link rel=\"canonical\" href=\"https:\/\/eurotrail.info\/es\/producten\/articulos-de-jardin\/iluminacion-de-jardin-terraza\/wind-linterna-led-recargable\/\" \/>\n<meta property=\"og:locale\" content=\"es_ES\" \/>\n<meta property=\"og:type\" content=\"article\" \/>\n<meta property=\"og:title\" content=\"WIND Linterna LED recargable - Eurotrail | The way we camp!\" \/>\n<meta property=\"og:description\" content=\"La WIND es la l\u00e1mpara cl\u00e1sica del pasado pero en una versi\u00f3n moderna. Luz blanca ajustable\/luz c\u00e1lida e incluso una luz ambiental llameante\" \/>\n<meta property=\"og:url\" content=\"https:\/\/eurotrail.info\/es\/producten\/articulos-de-jardin\/iluminacion-de-jardin-terraza\/wind-linterna-led-recargable\/\" \/>\n<meta property=\"og:site_name\" content=\"Eurotrail | The way we camp!\" \/>\n<meta property=\"og:image\" content=\"https:\/\/eurotrail.info\/wp\/wp-content\/uploads\/2021\/11\/Wind-2-scaled.jpg\" \/>\n\t<meta property=\"og:image:width\" content=\"1178\" \/>\n\t<meta property=\"og:image:height\" content=\"2560\" \/>\n\t<meta property=\"og:image:type\" content=\"image\/jpeg\" \/>\n<meta name=\"twitter:card\" content=\"summary_large_image\" \/>\n<meta name=\"twitter:label1\" content=\"Tiempo de lectura\" \/>\n\t<meta name=\"twitter:data1\" content=\"1 minute\" \/>\n<script type=\"application\/ld+json\" class=\"yoast-schema-graph\">{\"@context\":\"https:\\\/\\\/schema.org\",\"@graph\":[{\"@type\":\"WebPage\",\"@id\":\"https:\\\/\\\/eurotrail.info\\\/es\\\/producten\\\/articulos-de-jardin\\\/iluminacion-de-jardin-terraza\\\/wind-linterna-led-recargable\\\/\",\"url\":\"https:\\\/\\\/eurotrail.info\\\/es\\\/producten\\\/articulos-de-jardin\\\/iluminacion-de-jardin-terraza\\\/wind-linterna-led-recargable\\\/\",\"name\":\"WIND Linterna LED recargable - Eurotrail | The way we camp!\",\"isPartOf\":{\"@id\":\"https:\\\/\\\/eurotrail.info\\\/#website\"},\"primaryImageOfPage\":{\"@id\":\"https:\\\/\\\/eurotrail.info\\\/es\\\/producten\\\/articulos-de-jardin\\\/iluminacion-de-jardin-terraza\\\/wind-linterna-led-recargable\\\/#primaryimage\"},\"image\":{\"@id\":\"https:\\\/\\\/eurotrail.info\\\/es\\\/producten\\\/articulos-de-jardin\\\/iluminacion-de-jardin-terraza\\\/wind-linterna-led-recargable\\\/#primaryimage\"},\"thumbnailUrl\":\"https:\\\/\\\/eurotrail.info\\\/wp\\\/wp-content\\\/uploads\\\/2021\\\/11\\\/Wind-2-scaled.jpg\",\"datePublished\":\"2022-11-21T14:52:06+00:00\",\"description\":\"La WIND es la l\u00e1mpara cl\u00e1sica del pasado pero en una versi\u00f3n moderna. Luz blanca ajustable\\\/luz c\u00e1lida e incluso una luz ambiental llameante\",\"breadcrumb\":{\"@id\":\"https:\\\/\\\/eurotrail.info\\\/es\\\/producten\\\/articulos-de-jardin\\\/iluminacion-de-jardin-terraza\\\/wind-linterna-led-recargable\\\/#breadcrumb\"},\"inLanguage\":\"es-ES\",\"potentialAction\":[{\"@type\":\"ReadAction\",\"target\":[\"https:\\\/\\\/eurotrail.info\\\/es\\\/producten\\\/articulos-de-jardin\\\/iluminacion-de-jardin-terraza\\\/wind-linterna-led-recargable\\\/\"]}]},{\"@type\":\"ImageObject\",\"inLanguage\":\"es-ES\",\"@id\":\"https:\\\/\\\/eurotrail.info\\\/es\\\/producten\\\/articulos-de-jardin\\\/iluminacion-de-jardin-terraza\\\/wind-linterna-led-recargable\\\/#primaryimage\",\"url\":\"https:\\\/\\\/eurotrail.info\\\/wp\\\/wp-content\\\/uploads\\\/2021\\\/11\\\/Wind-2-scaled.jpg\",\"contentUrl\":\"https:\\\/\\\/eurotrail.info\\\/wp\\\/wp-content\\\/uploads\\\/2021\\\/11\\\/Wind-2-scaled.jpg\",\"width\":1178,\"height\":2560,\"caption\":\"Origineel model tafellamp met warm licht voorzien van een dimmer\"},{\"@type\":\"BreadcrumbList\",\"@id\":\"https:\\\/\\\/eurotrail.info\\\/es\\\/producten\\\/articulos-de-jardin\\\/iluminacion-de-jardin-terraza\\\/wind-linterna-led-recargable\\\/#breadcrumb\",\"itemListElement\":[{\"@type\":\"ListItem\",\"position\":1,\"name\":\"Home\",\"item\":\"https:\\\/\\\/eurotrail.info\\\/es\\\/\"},{\"@type\":\"ListItem\",\"position\":2,\"name\":\"Productos\",\"item\":\"https:\\\/\\\/eurotrail.info\\\/es\\\/productos\\\/\"},{\"@type\":\"ListItem\",\"position\":3,\"name\":\"WIND Linterna LED recargable\"}]},{\"@type\":\"WebSite\",\"@id\":\"https:\\\/\\\/eurotrail.info\\\/#website\",\"url\":\"https:\\\/\\\/eurotrail.info\\\/\",\"name\":\"Eurotrail | The way we camp!\",\"description\":\"\",\"publisher\":{\"@id\":\"https:\\\/\\\/eurotrail.info\\\/#organization\"},\"potentialAction\":[{\"@type\":\"SearchAction\",\"target\":{\"@type\":\"EntryPoint\",\"urlTemplate\":\"https:\\\/\\\/eurotrail.info\\\/?s={search_term_string}\"},\"query-input\":{\"@type\":\"PropertyValueSpecification\",\"valueRequired\":true,\"valueName\":\"search_term_string\"}}],\"inLanguage\":\"es-ES\"},{\"@type\":\"Organization\",\"@id\":\"https:\\\/\\\/eurotrail.info\\\/#organization\",\"name\":\"Eurotrail | The way we camp!\",\"url\":\"https:\\\/\\\/eurotrail.info\\\/\",\"logo\":{\"@type\":\"ImageObject\",\"inLanguage\":\"es-ES\",\"@id\":\"https:\\\/\\\/eurotrail.info\\\/#\\\/schema\\\/logo\\\/image\\\/\",\"url\":\"https:\\\/\\\/eurotrail.info\\\/wp\\\/wp-content\\\/uploads\\\/2023\\\/07\\\/ET-logo-quote_NL-scaled.jpg\",\"contentUrl\":\"https:\\\/\\\/eurotrail.info\\\/wp\\\/wp-content\\\/uploads\\\/2023\\\/07\\\/ET-logo-quote_NL-scaled.jpg\",\"width\":2560,\"height\":675,\"caption\":\"Eurotrail | The way we camp!\"},\"image\":{\"@id\":\"https:\\\/\\\/eurotrail.info\\\/#\\\/schema\\\/logo\\\/image\\\/\"}}]}<\/script>\n<!-- \/ Yoast SEO plugin. -->","yoast_head_json":{"title":"WIND Linterna LED recargable - Eurotrail | The way we camp!","description":"La WIND es la l\u00e1mpara cl\u00e1sica del pasado pero en una versi\u00f3n moderna. Luz blanca ajustable\/luz c\u00e1lida e incluso una luz ambiental llameante","robots":{"index":"index","follow":"follow","max-snippet":"max-snippet:-1","max-image-preview":"max-image-preview:large","max-video-preview":"max-video-preview:-1"},"canonical":"https:\/\/eurotrail.info\/es\/producten\/articulos-de-jardin\/iluminacion-de-jardin-terraza\/wind-linterna-led-recargable\/","og_locale":"es_ES","og_type":"article","og_title":"WIND Linterna LED recargable - Eurotrail | The way we camp!","og_description":"La WIND es la l\u00e1mpara cl\u00e1sica del pasado pero en una versi\u00f3n moderna. Luz blanca ajustable\/luz c\u00e1lida e incluso una luz ambiental llameante","og_url":"https:\/\/eurotrail.info\/es\/producten\/articulos-de-jardin\/iluminacion-de-jardin-terraza\/wind-linterna-led-recargable\/","og_site_name":"Eurotrail | The way we camp!","og_image":[{"width":1178,"height":2560,"url":"https:\/\/eurotrail.info\/wp\/wp-content\/uploads\/2021\/11\/Wind-2-scaled.jpg","type":"image\/jpeg"}],"twitter_card":"summary_large_image","twitter_misc":{"Tiempo de lectura":"1 minute"},"schema":{"@context":"https:\/\/schema.org","@graph":[{"@type":"WebPage","@id":"https:\/\/eurotrail.info\/es\/producten\/articulos-de-jardin\/iluminacion-de-jardin-terraza\/wind-linterna-led-recargable\/","url":"https:\/\/eurotrail.info\/es\/producten\/articulos-de-jardin\/iluminacion-de-jardin-terraza\/wind-linterna-led-recargable\/","name":"WIND Linterna LED recargable - Eurotrail | The way we camp!","isPartOf":{"@id":"https:\/\/eurotrail.info\/#website"},"primaryImageOfPage":{"@id":"https:\/\/eurotrail.info\/es\/producten\/articulos-de-jardin\/iluminacion-de-jardin-terraza\/wind-linterna-led-recargable\/#primaryimage"},"image":{"@id":"https:\/\/eurotrail.info\/es\/producten\/articulos-de-jardin\/iluminacion-de-jardin-terraza\/wind-linterna-led-recargable\/#primaryimage"},"thumbnailUrl":"https:\/\/eurotrail.info\/wp\/wp-content\/uploads\/2021\/11\/Wind-2-scaled.jpg","datePublished":"2022-11-21T14:52:06+00:00","description":"La WIND es la l\u00e1mpara cl\u00e1sica del pasado pero en una versi\u00f3n moderna. Luz blanca ajustable\/luz c\u00e1lida e incluso una luz ambiental llameante","breadcrumb":{"@id":"https:\/\/eurotrail.info\/es\/producten\/articulos-de-jardin\/iluminacion-de-jardin-terraza\/wind-linterna-led-recargable\/#breadcrumb"},"inLanguage":"es-ES","potentialAction":[{"@type":"ReadAction","target":["https:\/\/eurotrail.info\/es\/producten\/articulos-de-jardin\/iluminacion-de-jardin-terraza\/wind-linterna-led-recargable\/"]}]},{"@type":"ImageObject","inLanguage":"es-ES","@id":"https:\/\/eurotrail.info\/es\/producten\/articulos-de-jardin\/iluminacion-de-jardin-terraza\/wind-linterna-led-recargable\/#primaryimage","url":"https:\/\/eurotrail.info\/wp\/wp-content\/uploads\/2021\/11\/Wind-2-scaled.jpg","contentUrl":"https:\/\/eurotrail.info\/wp\/wp-content\/uploads\/2021\/11\/Wind-2-scaled.jpg","width":1178,"height":2560,"caption":"Origineel model tafellamp met warm licht voorzien van een dimmer"},{"@type":"BreadcrumbList","@id":"https:\/\/eurotrail.info\/es\/producten\/articulos-de-jardin\/iluminacion-de-jardin-terraza\/wind-linterna-led-recargable\/#breadcrumb","itemListElement":[{"@type":"ListItem","position":1,"name":"Home","item":"https:\/\/eurotrail.info\/es\/"},{"@type":"ListItem","position":2,"name":"Productos","item":"https:\/\/eurotrail.info\/es\/productos\/"},{"@type":"ListItem","position":3,"name":"WIND Linterna LED recargable"}]},{"@type":"WebSite","@id":"https:\/\/eurotrail.info\/#website","url":"https:\/\/eurotrail.info\/","name":"Eurotrail | The way we camp!","description":"","publisher":{"@id":"https:\/\/eurotrail.info\/#organization"},"potentialAction":[{"@type":"SearchAction","target":{"@type":"EntryPoint","urlTemplate":"https:\/\/eurotrail.info\/?s={search_term_string}"},"query-input":{"@type":"PropertyValueSpecification","valueRequired":true,"valueName":"search_term_string"}}],"inLanguage":"es-ES"},{"@type":"Organization","@id":"https:\/\/eurotrail.info\/#organization","name":"Eurotrail | The way we camp!","url":"https:\/\/eurotrail.info\/","logo":{"@type":"ImageObject","inLanguage":"es-ES","@id":"https:\/\/eurotrail.info\/#\/schema\/logo\/image\/","url":"https:\/\/eurotrail.info\/wp\/wp-content\/uploads\/2023\/07\/ET-logo-quote_NL-scaled.jpg","contentUrl":"https:\/\/eurotrail.info\/wp\/wp-content\/uploads\/2023\/07\/ET-logo-quote_NL-scaled.jpg","width":2560,"height":675,"caption":"Eurotrail | The way we camp!"},"image":{"@id":"https:\/\/eurotrail.info\/#\/schema\/logo\/image\/"}}]}},"_links":{"self":[{"href":"https:\/\/eurotrail.info\/es\/wp-json\/wp\/v2\/product\/20734","targetHints":{"allow":["GET"]}}],"collection":[{"href":"https:\/\/eurotrail.info\/es\/wp-json\/wp\/v2\/product"}],"about":[{"href":"https:\/\/eurotrail.info\/es\/wp-json\/wp\/v2\/types\/product"}],"replies":[{"embeddable":true,"href":"https:\/\/eurotrail.info\/es\/wp-json\/wp\/v2\/comments?post=20734"}],"wp:featuredmedia":[{"embeddable":true,"href":"https:\/\/eurotrail.info\/es\/wp-json\/wp\/v2\/media\/19392"}],"wp:attachment":[{"href":"https:\/\/eurotrail.info\/es\/wp-json\/wp\/v2\/media?parent=20734"}],"wp:term":[{"taxonomy":"product_brand","embeddable":true,"href":"https:\/\/eurotrail.info\/es\/wp-json\/wp\/v2\/product_brand?post=20734"},{"taxonomy":"product_cat","embeddable":true,"href":"https:\/\/eurotrail.info\/es\/wp-json\/wp\/v2\/product_cat?post=20734"},{"taxonomy":"product_tag","embeddable":true,"href":"https:\/\/eurotrail.info\/es\/wp-json\/wp\/v2\/product_tag?post=20734"}],"curies":[{"name":"wp","href":"https:\/\/api.w.org\/{rel}","templated":true}]}}