{"id":20735,"date":"2021-11-19T14:10:31","date_gmt":"2022-11-21T14:53:48","guid":{"rendered":"https:\/\/eurotrail.info\/?post_type=product&#038;p=20735"},"modified":"2022-11-21T15:53:49","modified_gmt":"2022-11-21T14:53:49","slug":"storm-linterna-led-recargable","status":"publish","type":"product","link":"https:\/\/eurotrail.info\/es\/producten\/articulos-de-jardin\/iluminacion-de-jardin-terraza\/storm-linterna-led-recargable\/","title":{"rendered":"STORM Linterna LED recargable"},"content":{"rendered":"<p>L\u00e1mpara de sobremesa modelo original de luz c\u00e1lida con regulador de intensidad. Con el dimmer puedes ajustar la luz a la intensidad deseada. La l\u00e1mpara tiene un asa de transporte de cuerda tradicional y est\u00e1 protegida por una rejilla de hierro. La base de bamb\u00fa le da a la l\u00e1mpara un aspecto lujoso y exclusivo. Las bater\u00edas de litio son recargables con el cable USB y tambi\u00e9n sirven como banco de energ\u00eda para cargar tu m\u00f3vil.<\/p>\n<p>Potencia: 6W<br \/>\nSalida\/entrada USB: 5V\/1A<br \/>\nL\u00famenes: 10-370 Lm<br \/>\nLED: EPISTAR SMD 2835<br \/>\nBater\u00eda: 3,7 V\/5200 mAh bater\u00edas recargables de litio 2&#215;18650<br \/>\nCaracter\u00edsticas: atenuador, funci\u00f3n de banco de energ\u00eda<br \/>\nTiempo de carga: 7 horas.<br \/>\nTiempo de trabajo: 8-75 horas.<br \/>\nMaterial: pl\u00e1stico PP, metal, bamb\u00fa, cuerda<br \/>\nTama\u00f1o: \u00d8 12,5 x 24 cm<br \/>\nPeso: 600 gr.<br \/>\nClasificaci\u00f3n IP: IPX4<\/p>\n","protected":false},"excerpt":{"rendered":"<p>L\u00e1mpara de sobremesa modelo original de luz c\u00e1lida con regulador de intensidad. Con el dimmer puedes ajustar la luz a la intensidad deseada. La l\u00e1mpara&hellip;<\/p>\n","protected":false},"featured_media":19401,"comment_status":"open","ping_status":"closed","template":"","meta":{"_acf_changed":false},"product_brand":[],"product_cat":[379,378],"product_tag":[],"class_list":{"0":"post-20735","1":"product","2":"type-product","3":"status-publish","4":"has-post-thumbnail","6":"product_cat-alivio","7":"product_cat-iluminacion-de-jardin-terraza","9":"first","10":"instock","11":"shipping-taxable","12":"product-type-simple"},"acf":[],"yoast_head":"<!-- This site is optimized with the Yoast SEO plugin v27.3 - https:\/\/yoast.com\/product\/yoast-seo-wordpress\/ -->\n<title>STORM Linterna LED recargable - Eurotrail | The way we camp!<\/title>\n<meta name=\"description\" content=\"L\u00e1mpara de sobremesa modelo original de luz c\u00e1lida con regulador de intensidad. Con el dimmer puedes ajustar la luz a la intensidad deseada\" \/>\n<meta name=\"robots\" content=\"index, follow, max-snippet:-1, max-image-preview:large, max-video-preview:-1\" \/>\n<link rel=\"canonical\" href=\"https:\/\/eurotrail.info\/es\/producten\/articulos-de-jardin\/iluminacion-de-jardin-terraza\/storm-linterna-led-recargable\/\" \/>\n<meta property=\"og:locale\" content=\"es_ES\" \/>\n<meta property=\"og:type\" content=\"article\" \/>\n<meta property=\"og:title\" content=\"STORM Linterna LED recargable - Eurotrail | The way we camp!\" \/>\n<meta property=\"og:description\" content=\"L\u00e1mpara de sobremesa modelo original de luz c\u00e1lida con regulador de intensidad. Con el dimmer puedes ajustar la luz a la intensidad deseada\" \/>\n<meta property=\"og:url\" content=\"https:\/\/eurotrail.info\/es\/producten\/articulos-de-jardin\/iluminacion-de-jardin-terraza\/storm-linterna-led-recargable\/\" \/>\n<meta property=\"og:site_name\" content=\"Eurotrail | The way we camp!\" \/>\n<meta property=\"article:modified_time\" content=\"2022-11-21T14:53:49+00:00\" \/>\n<meta property=\"og:image\" content=\"https:\/\/eurotrail.info\/wp\/wp-content\/uploads\/2021\/11\/storm-1-scaled.jpg\" \/>\n\t<meta property=\"og:image:width\" content=\"1385\" \/>\n\t<meta property=\"og:image:height\" content=\"2560\" \/>\n\t<meta property=\"og:image:type\" content=\"image\/jpeg\" \/>\n<meta name=\"twitter:card\" content=\"summary_large_image\" \/>\n<meta name=\"twitter:label1\" content=\"Tiempo de lectura\" \/>\n\t<meta name=\"twitter:data1\" content=\"1 minute\" \/>\n<script type=\"application\/ld+json\" class=\"yoast-schema-graph\">{\"@context\":\"https:\\\/\\\/schema.org\",\"@graph\":[{\"@type\":\"WebPage\",\"@id\":\"https:\\\/\\\/eurotrail.info\\\/es\\\/producten\\\/articulos-de-jardin\\\/iluminacion-de-jardin-terraza\\\/storm-linterna-led-recargable\\\/\",\"url\":\"https:\\\/\\\/eurotrail.info\\\/es\\\/producten\\\/articulos-de-jardin\\\/iluminacion-de-jardin-terraza\\\/storm-linterna-led-recargable\\\/\",\"name\":\"STORM Linterna LED recargable - Eurotrail | The way we camp!\",\"isPartOf\":{\"@id\":\"https:\\\/\\\/eurotrail.info\\\/#website\"},\"primaryImageOfPage\":{\"@id\":\"https:\\\/\\\/eurotrail.info\\\/es\\\/producten\\\/articulos-de-jardin\\\/iluminacion-de-jardin-terraza\\\/storm-linterna-led-recargable\\\/#primaryimage\"},\"image\":{\"@id\":\"https:\\\/\\\/eurotrail.info\\\/es\\\/producten\\\/articulos-de-jardin\\\/iluminacion-de-jardin-terraza\\\/storm-linterna-led-recargable\\\/#primaryimage\"},\"thumbnailUrl\":\"https:\\\/\\\/eurotrail.info\\\/wp\\\/wp-content\\\/uploads\\\/2021\\\/11\\\/storm-1-scaled.jpg\",\"datePublished\":\"2022-11-21T14:53:48+00:00\",\"dateModified\":\"2022-11-21T14:53:49+00:00\",\"description\":\"L\u00e1mpara de sobremesa modelo original de luz c\u00e1lida con regulador de intensidad. Con el dimmer puedes ajustar la luz a la intensidad deseada\",\"breadcrumb\":{\"@id\":\"https:\\\/\\\/eurotrail.info\\\/es\\\/producten\\\/articulos-de-jardin\\\/iluminacion-de-jardin-terraza\\\/storm-linterna-led-recargable\\\/#breadcrumb\"},\"inLanguage\":\"es-ES\",\"potentialAction\":[{\"@type\":\"ReadAction\",\"target\":[\"https:\\\/\\\/eurotrail.info\\\/es\\\/producten\\\/articulos-de-jardin\\\/iluminacion-de-jardin-terraza\\\/storm-linterna-led-recargable\\\/\"]}]},{\"@type\":\"ImageObject\",\"inLanguage\":\"es-ES\",\"@id\":\"https:\\\/\\\/eurotrail.info\\\/es\\\/producten\\\/articulos-de-jardin\\\/iluminacion-de-jardin-terraza\\\/storm-linterna-led-recargable\\\/#primaryimage\",\"url\":\"https:\\\/\\\/eurotrail.info\\\/wp\\\/wp-content\\\/uploads\\\/2021\\\/11\\\/storm-1-scaled.jpg\",\"contentUrl\":\"https:\\\/\\\/eurotrail.info\\\/wp\\\/wp-content\\\/uploads\\\/2021\\\/11\\\/storm-1-scaled.jpg\",\"width\":1385,\"height\":2560,\"caption\":\"Origineel model tafellamp met warm licht voorzien van een dimmer\"},{\"@type\":\"BreadcrumbList\",\"@id\":\"https:\\\/\\\/eurotrail.info\\\/es\\\/producten\\\/articulos-de-jardin\\\/iluminacion-de-jardin-terraza\\\/storm-linterna-led-recargable\\\/#breadcrumb\",\"itemListElement\":[{\"@type\":\"ListItem\",\"position\":1,\"name\":\"Home\",\"item\":\"https:\\\/\\\/eurotrail.info\\\/es\\\/\"},{\"@type\":\"ListItem\",\"position\":2,\"name\":\"Productos\",\"item\":\"https:\\\/\\\/eurotrail.info\\\/es\\\/productos\\\/\"},{\"@type\":\"ListItem\",\"position\":3,\"name\":\"STORM Linterna LED recargable\"}]},{\"@type\":\"WebSite\",\"@id\":\"https:\\\/\\\/eurotrail.info\\\/#website\",\"url\":\"https:\\\/\\\/eurotrail.info\\\/\",\"name\":\"Eurotrail | The way we camp!\",\"description\":\"\",\"publisher\":{\"@id\":\"https:\\\/\\\/eurotrail.info\\\/#organization\"},\"potentialAction\":[{\"@type\":\"SearchAction\",\"target\":{\"@type\":\"EntryPoint\",\"urlTemplate\":\"https:\\\/\\\/eurotrail.info\\\/?s={search_term_string}\"},\"query-input\":{\"@type\":\"PropertyValueSpecification\",\"valueRequired\":true,\"valueName\":\"search_term_string\"}}],\"inLanguage\":\"es-ES\"},{\"@type\":\"Organization\",\"@id\":\"https:\\\/\\\/eurotrail.info\\\/#organization\",\"name\":\"Eurotrail | The way we camp!\",\"url\":\"https:\\\/\\\/eurotrail.info\\\/\",\"logo\":{\"@type\":\"ImageObject\",\"inLanguage\":\"es-ES\",\"@id\":\"https:\\\/\\\/eurotrail.info\\\/#\\\/schema\\\/logo\\\/image\\\/\",\"url\":\"https:\\\/\\\/eurotrail.info\\\/wp\\\/wp-content\\\/uploads\\\/2023\\\/07\\\/ET-logo-quote_NL-scaled.jpg\",\"contentUrl\":\"https:\\\/\\\/eurotrail.info\\\/wp\\\/wp-content\\\/uploads\\\/2023\\\/07\\\/ET-logo-quote_NL-scaled.jpg\",\"width\":2560,\"height\":675,\"caption\":\"Eurotrail | The way we camp!\"},\"image\":{\"@id\":\"https:\\\/\\\/eurotrail.info\\\/#\\\/schema\\\/logo\\\/image\\\/\"}}]}<\/script>\n<!-- \/ Yoast SEO plugin. -->","yoast_head_json":{"title":"STORM Linterna LED recargable - Eurotrail | The way we camp!","description":"L\u00e1mpara de sobremesa modelo original de luz c\u00e1lida con regulador de intensidad. Con el dimmer puedes ajustar la luz a la intensidad deseada","robots":{"index":"index","follow":"follow","max-snippet":"max-snippet:-1","max-image-preview":"max-image-preview:large","max-video-preview":"max-video-preview:-1"},"canonical":"https:\/\/eurotrail.info\/es\/producten\/articulos-de-jardin\/iluminacion-de-jardin-terraza\/storm-linterna-led-recargable\/","og_locale":"es_ES","og_type":"article","og_title":"STORM Linterna LED recargable - Eurotrail | The way we camp!","og_description":"L\u00e1mpara de sobremesa modelo original de luz c\u00e1lida con regulador de intensidad. Con el dimmer puedes ajustar la luz a la intensidad deseada","og_url":"https:\/\/eurotrail.info\/es\/producten\/articulos-de-jardin\/iluminacion-de-jardin-terraza\/storm-linterna-led-recargable\/","og_site_name":"Eurotrail | The way we camp!","article_modified_time":"2022-11-21T14:53:49+00:00","og_image":[{"width":1385,"height":2560,"url":"https:\/\/eurotrail.info\/wp\/wp-content\/uploads\/2021\/11\/storm-1-scaled.jpg","type":"image\/jpeg"}],"twitter_card":"summary_large_image","twitter_misc":{"Tiempo de lectura":"1 minute"},"schema":{"@context":"https:\/\/schema.org","@graph":[{"@type":"WebPage","@id":"https:\/\/eurotrail.info\/es\/producten\/articulos-de-jardin\/iluminacion-de-jardin-terraza\/storm-linterna-led-recargable\/","url":"https:\/\/eurotrail.info\/es\/producten\/articulos-de-jardin\/iluminacion-de-jardin-terraza\/storm-linterna-led-recargable\/","name":"STORM Linterna LED recargable - Eurotrail | The way we camp!","isPartOf":{"@id":"https:\/\/eurotrail.info\/#website"},"primaryImageOfPage":{"@id":"https:\/\/eurotrail.info\/es\/producten\/articulos-de-jardin\/iluminacion-de-jardin-terraza\/storm-linterna-led-recargable\/#primaryimage"},"image":{"@id":"https:\/\/eurotrail.info\/es\/producten\/articulos-de-jardin\/iluminacion-de-jardin-terraza\/storm-linterna-led-recargable\/#primaryimage"},"thumbnailUrl":"https:\/\/eurotrail.info\/wp\/wp-content\/uploads\/2021\/11\/storm-1-scaled.jpg","datePublished":"2022-11-21T14:53:48+00:00","dateModified":"2022-11-21T14:53:49+00:00","description":"L\u00e1mpara de sobremesa modelo original de luz c\u00e1lida con regulador de intensidad. Con el dimmer puedes ajustar la luz a la intensidad deseada","breadcrumb":{"@id":"https:\/\/eurotrail.info\/es\/producten\/articulos-de-jardin\/iluminacion-de-jardin-terraza\/storm-linterna-led-recargable\/#breadcrumb"},"inLanguage":"es-ES","potentialAction":[{"@type":"ReadAction","target":["https:\/\/eurotrail.info\/es\/producten\/articulos-de-jardin\/iluminacion-de-jardin-terraza\/storm-linterna-led-recargable\/"]}]},{"@type":"ImageObject","inLanguage":"es-ES","@id":"https:\/\/eurotrail.info\/es\/producten\/articulos-de-jardin\/iluminacion-de-jardin-terraza\/storm-linterna-led-recargable\/#primaryimage","url":"https:\/\/eurotrail.info\/wp\/wp-content\/uploads\/2021\/11\/storm-1-scaled.jpg","contentUrl":"https:\/\/eurotrail.info\/wp\/wp-content\/uploads\/2021\/11\/storm-1-scaled.jpg","width":1385,"height":2560,"caption":"Origineel model tafellamp met warm licht voorzien van een dimmer"},{"@type":"BreadcrumbList","@id":"https:\/\/eurotrail.info\/es\/producten\/articulos-de-jardin\/iluminacion-de-jardin-terraza\/storm-linterna-led-recargable\/#breadcrumb","itemListElement":[{"@type":"ListItem","position":1,"name":"Home","item":"https:\/\/eurotrail.info\/es\/"},{"@type":"ListItem","position":2,"name":"Productos","item":"https:\/\/eurotrail.info\/es\/productos\/"},{"@type":"ListItem","position":3,"name":"STORM Linterna LED recargable"}]},{"@type":"WebSite","@id":"https:\/\/eurotrail.info\/#website","url":"https:\/\/eurotrail.info\/","name":"Eurotrail | The way we camp!","description":"","publisher":{"@id":"https:\/\/eurotrail.info\/#organization"},"potentialAction":[{"@type":"SearchAction","target":{"@type":"EntryPoint","urlTemplate":"https:\/\/eurotrail.info\/?s={search_term_string}"},"query-input":{"@type":"PropertyValueSpecification","valueRequired":true,"valueName":"search_term_string"}}],"inLanguage":"es-ES"},{"@type":"Organization","@id":"https:\/\/eurotrail.info\/#organization","name":"Eurotrail | The way we camp!","url":"https:\/\/eurotrail.info\/","logo":{"@type":"ImageObject","inLanguage":"es-ES","@id":"https:\/\/eurotrail.info\/#\/schema\/logo\/image\/","url":"https:\/\/eurotrail.info\/wp\/wp-content\/uploads\/2023\/07\/ET-logo-quote_NL-scaled.jpg","contentUrl":"https:\/\/eurotrail.info\/wp\/wp-content\/uploads\/2023\/07\/ET-logo-quote_NL-scaled.jpg","width":2560,"height":675,"caption":"Eurotrail | The way we camp!"},"image":{"@id":"https:\/\/eurotrail.info\/#\/schema\/logo\/image\/"}}]}},"_links":{"self":[{"href":"https:\/\/eurotrail.info\/es\/wp-json\/wp\/v2\/product\/20735","targetHints":{"allow":["GET"]}}],"collection":[{"href":"https:\/\/eurotrail.info\/es\/wp-json\/wp\/v2\/product"}],"about":[{"href":"https:\/\/eurotrail.info\/es\/wp-json\/wp\/v2\/types\/product"}],"replies":[{"embeddable":true,"href":"https:\/\/eurotrail.info\/es\/wp-json\/wp\/v2\/comments?post=20735"}],"wp:featuredmedia":[{"embeddable":true,"href":"https:\/\/eurotrail.info\/es\/wp-json\/wp\/v2\/media\/19401"}],"wp:attachment":[{"href":"https:\/\/eurotrail.info\/es\/wp-json\/wp\/v2\/media?parent=20735"}],"wp:term":[{"taxonomy":"product_brand","embeddable":true,"href":"https:\/\/eurotrail.info\/es\/wp-json\/wp\/v2\/product_brand?post=20735"},{"taxonomy":"product_cat","embeddable":true,"href":"https:\/\/eurotrail.info\/es\/wp-json\/wp\/v2\/product_cat?post=20735"},{"taxonomy":"product_tag","embeddable":true,"href":"https:\/\/eurotrail.info\/es\/wp-json\/wp\/v2\/product_tag?post=20735"}],"curies":[{"name":"wp","href":"https:\/\/api.w.org\/{rel}","templated":true}]}}