{"id":20741,"date":"2021-11-22T16:25:12","date_gmt":"2022-11-21T15:21:48","guid":{"rendered":"https:\/\/eurotrail.info\/?post_type=product&#038;p=20741"},"modified":"2022-11-21T16:21:48","modified_gmt":"2022-11-21T15:21:48","slug":"st-helens-calentador-de-ceramica","status":"publish","type":"product","link":"https:\/\/eurotrail.info\/es\/producten\/domestico\/calentamiento-de-ceramica\/st-helens-calentador-de-ceramica\/","title":{"rendered":"St. Helens calentador de cer\u00e1mica"},"content":{"rendered":"<p>Calefactor cer\u00e1mico con el que podr\u00e1s crear el clima perfecto en tu camper o caravana. El calefactor asegura una temperatura constante y agradable, para que siempre est\u00e9s agradable y calentito. \u00a1Ideal para usar en la temporada temprana o tard\u00eda!<\/p>\n<p>Este calefactor cer\u00e1mico est\u00e1 equipado con un termostato que asegura una temperatura constante y agradable. Puede configurarlo seg\u00fan sus preferencias con 2 niveles de calefacci\u00f3n 1000W &#8211; 1500W.<\/p>\n<p>Oscilaci\u00f3n: en el nivel de potencia 3 puedes encender la oscilaci\u00f3n. Cuando est\u00e1 encendido, el calefactor gira con un rango de 45 grados y luego esparce aire c\u00e1lido y agradable en la habitaci\u00f3n.<\/p>\n<p>En los calurosos d\u00edas de verano, encienda el ventilador en modo separado y obtendr\u00e1 un agradable flujo de aire fresco.<\/p>\n<p>Triple seguridad: la protecci\u00f3n contra sobrecalentamiento, la protecci\u00f3n contra vuelcos \/ toques y la protecci\u00f3n t\u00e9rmica aseguran que el dispositivo est\u00e9 protegido contra cualquier situaci\u00f3n imprevista.<\/p>\n<p>El mango integrado hace que sea f\u00e1cil y seguro levantar y mover el calentador. Se apagar\u00e1 inmediatamente cuando se levante.<\/p>\n<p>Los calentadores Eurotrail son de alta calidad, compactos, seguros y f\u00e1ciles de usar y ofrecen una facilidad de uso \u00f3ptima. \u00a1Ideal para usar en los d\u00edas fr\u00edos en el camping o incluso en casa!<\/p>\n<p>Modelo: Calentador de cer\u00e1mica ETHT0011<br \/>\nPotencia de calefacci\u00f3n: 1000-1500W<br \/>\nPotencia: 220-240V (\u00a1enchufe de la UE!)<br \/>\nConsumo de corriente: 6.5A<br \/>\nTama\u00f1o: 18x18x27.5cm<br \/>\nPeso: 1,25 kg<\/p>\n","protected":false},"excerpt":{"rendered":"<p>Calefactor cer\u00e1mico con el que podr\u00e1s crear el clima perfecto en tu camper o caravana. El calefactor asegura una temperatura constante y agradable, para que&hellip;<\/p>\n","protected":false},"featured_media":19510,"comment_status":"open","ping_status":"closed","template":"","meta":{"_acf_changed":false},"product_brand":[],"product_cat":[347,337],"product_tag":[],"class_list":{"0":"post-20741","1":"product","2":"type-product","3":"status-publish","4":"has-post-thumbnail","6":"product_cat-calentamiento-de-ceramica","7":"product_cat-domestico","9":"first","10":"instock","11":"shipping-taxable","12":"product-type-simple"},"acf":[],"yoast_head":"<!-- This site is optimized with the Yoast SEO plugin v27.4 - https:\/\/yoast.com\/product\/yoast-seo-wordpress\/ -->\n<title>St. Helens calentador de cer\u00e1mica - Eurotrail | The way we camp!<\/title>\n<meta name=\"description\" content=\"Calefactor cer\u00e1mico con el que podr\u00e1s crear el clima perfecto en tu camper o caravana. El calefactor asegura una temperatura constante y agradable,\" \/>\n<meta name=\"robots\" content=\"index, follow, max-snippet:-1, max-image-preview:large, max-video-preview:-1\" \/>\n<link rel=\"canonical\" href=\"https:\/\/eurotrail.info\/es\/producten\/domestico\/calentamiento-de-ceramica\/st-helens-calentador-de-ceramica\/\" \/>\n<meta property=\"og:locale\" content=\"es_ES\" \/>\n<meta property=\"og:type\" content=\"article\" \/>\n<meta property=\"og:title\" content=\"St. Helens calentador de cer\u00e1mica - Eurotrail | The way we camp!\" \/>\n<meta property=\"og:description\" content=\"Calefactor cer\u00e1mico con el que podr\u00e1s crear el clima perfecto en tu camper o caravana. El calefactor asegura una temperatura constante y agradable,\" \/>\n<meta property=\"og:url\" content=\"https:\/\/eurotrail.info\/es\/producten\/domestico\/calentamiento-de-ceramica\/st-helens-calentador-de-ceramica\/\" \/>\n<meta property=\"og:site_name\" content=\"Eurotrail | The way we camp!\" \/>\n<meta property=\"og:image\" content=\"https:\/\/eurotrail.info\/wp\/wp-content\/uploads\/2021\/11\/ETHT0011_1000_1-1.jpg\" \/>\n\t<meta property=\"og:image:width\" content=\"1384\" \/>\n\t<meta property=\"og:image:height\" content=\"1772\" \/>\n\t<meta property=\"og:image:type\" content=\"image\/jpeg\" \/>\n<meta name=\"twitter:card\" content=\"summary_large_image\" \/>\n<meta name=\"twitter:label1\" content=\"Tiempo de lectura\" \/>\n\t<meta name=\"twitter:data1\" content=\"2 minutes\" \/>\n<script type=\"application\/ld+json\" class=\"yoast-schema-graph\">{\"@context\":\"https:\\\/\\\/schema.org\",\"@graph\":[{\"@type\":\"WebPage\",\"@id\":\"https:\\\/\\\/eurotrail.info\\\/es\\\/producten\\\/domestico\\\/calentamiento-de-ceramica\\\/st-helens-calentador-de-ceramica\\\/\",\"url\":\"https:\\\/\\\/eurotrail.info\\\/es\\\/producten\\\/domestico\\\/calentamiento-de-ceramica\\\/st-helens-calentador-de-ceramica\\\/\",\"name\":\"St. Helens calentador de cer\u00e1mica - Eurotrail | The way we camp!\",\"isPartOf\":{\"@id\":\"https:\\\/\\\/eurotrail.info\\\/#website\"},\"primaryImageOfPage\":{\"@id\":\"https:\\\/\\\/eurotrail.info\\\/es\\\/producten\\\/domestico\\\/calentamiento-de-ceramica\\\/st-helens-calentador-de-ceramica\\\/#primaryimage\"},\"image\":{\"@id\":\"https:\\\/\\\/eurotrail.info\\\/es\\\/producten\\\/domestico\\\/calentamiento-de-ceramica\\\/st-helens-calentador-de-ceramica\\\/#primaryimage\"},\"thumbnailUrl\":\"https:\\\/\\\/eurotrail.info\\\/wp\\\/wp-content\\\/uploads\\\/2021\\\/11\\\/ETHT0011_1000_1-1.jpg\",\"datePublished\":\"2022-11-21T15:21:48+00:00\",\"description\":\"Calefactor cer\u00e1mico con el que podr\u00e1s crear el clima perfecto en tu camper o caravana. El calefactor asegura una temperatura constante y agradable,\",\"breadcrumb\":{\"@id\":\"https:\\\/\\\/eurotrail.info\\\/es\\\/producten\\\/domestico\\\/calentamiento-de-ceramica\\\/st-helens-calentador-de-ceramica\\\/#breadcrumb\"},\"inLanguage\":\"es-ES\",\"potentialAction\":[{\"@type\":\"ReadAction\",\"target\":[\"https:\\\/\\\/eurotrail.info\\\/es\\\/producten\\\/domestico\\\/calentamiento-de-ceramica\\\/st-helens-calentador-de-ceramica\\\/\"]}]},{\"@type\":\"ImageObject\",\"inLanguage\":\"es-ES\",\"@id\":\"https:\\\/\\\/eurotrail.info\\\/es\\\/producten\\\/domestico\\\/calentamiento-de-ceramica\\\/st-helens-calentador-de-ceramica\\\/#primaryimage\",\"url\":\"https:\\\/\\\/eurotrail.info\\\/wp\\\/wp-content\\\/uploads\\\/2021\\\/11\\\/ETHT0011_1000_1-1.jpg\",\"contentUrl\":\"https:\\\/\\\/eurotrail.info\\\/wp\\\/wp-content\\\/uploads\\\/2021\\\/11\\\/ETHT0011_1000_1-1.jpg\",\"width\":1384,\"height\":1772,\"caption\":\"Keramische kachel met oscillatie functie waarmee u het perfecte klimaat kunt cre\u00ebren in uw camper of caravan.\"},{\"@type\":\"BreadcrumbList\",\"@id\":\"https:\\\/\\\/eurotrail.info\\\/es\\\/producten\\\/domestico\\\/calentamiento-de-ceramica\\\/st-helens-calentador-de-ceramica\\\/#breadcrumb\",\"itemListElement\":[{\"@type\":\"ListItem\",\"position\":1,\"name\":\"Home\",\"item\":\"https:\\\/\\\/eurotrail.info\\\/es\\\/\"},{\"@type\":\"ListItem\",\"position\":2,\"name\":\"Productos\",\"item\":\"https:\\\/\\\/eurotrail.info\\\/es\\\/productos\\\/\"},{\"@type\":\"ListItem\",\"position\":3,\"name\":\"St. Helens calentador de cer\u00e1mica\"}]},{\"@type\":\"WebSite\",\"@id\":\"https:\\\/\\\/eurotrail.info\\\/#website\",\"url\":\"https:\\\/\\\/eurotrail.info\\\/\",\"name\":\"Eurotrail | The way we camp!\",\"description\":\"\",\"publisher\":{\"@id\":\"https:\\\/\\\/eurotrail.info\\\/#organization\"},\"potentialAction\":[{\"@type\":\"SearchAction\",\"target\":{\"@type\":\"EntryPoint\",\"urlTemplate\":\"https:\\\/\\\/eurotrail.info\\\/?s={search_term_string}\"},\"query-input\":{\"@type\":\"PropertyValueSpecification\",\"valueRequired\":true,\"valueName\":\"search_term_string\"}}],\"inLanguage\":\"es-ES\"},{\"@type\":\"Organization\",\"@id\":\"https:\\\/\\\/eurotrail.info\\\/#organization\",\"name\":\"Eurotrail | The way we camp!\",\"url\":\"https:\\\/\\\/eurotrail.info\\\/\",\"logo\":{\"@type\":\"ImageObject\",\"inLanguage\":\"es-ES\",\"@id\":\"https:\\\/\\\/eurotrail.info\\\/#\\\/schema\\\/logo\\\/image\\\/\",\"url\":\"https:\\\/\\\/eurotrail.info\\\/wp\\\/wp-content\\\/uploads\\\/2023\\\/07\\\/ET-logo-quote_NL-scaled.jpg\",\"contentUrl\":\"https:\\\/\\\/eurotrail.info\\\/wp\\\/wp-content\\\/uploads\\\/2023\\\/07\\\/ET-logo-quote_NL-scaled.jpg\",\"width\":2560,\"height\":675,\"caption\":\"Eurotrail | The way we camp!\"},\"image\":{\"@id\":\"https:\\\/\\\/eurotrail.info\\\/#\\\/schema\\\/logo\\\/image\\\/\"}}]}<\/script>\n<!-- \/ Yoast SEO plugin. -->","yoast_head_json":{"title":"St. Helens calentador de cer\u00e1mica - Eurotrail | The way we camp!","description":"Calefactor cer\u00e1mico con el que podr\u00e1s crear el clima perfecto en tu camper o caravana. El calefactor asegura una temperatura constante y agradable,","robots":{"index":"index","follow":"follow","max-snippet":"max-snippet:-1","max-image-preview":"max-image-preview:large","max-video-preview":"max-video-preview:-1"},"canonical":"https:\/\/eurotrail.info\/es\/producten\/domestico\/calentamiento-de-ceramica\/st-helens-calentador-de-ceramica\/","og_locale":"es_ES","og_type":"article","og_title":"St. Helens calentador de cer\u00e1mica - Eurotrail | The way we camp!","og_description":"Calefactor cer\u00e1mico con el que podr\u00e1s crear el clima perfecto en tu camper o caravana. El calefactor asegura una temperatura constante y agradable,","og_url":"https:\/\/eurotrail.info\/es\/producten\/domestico\/calentamiento-de-ceramica\/st-helens-calentador-de-ceramica\/","og_site_name":"Eurotrail | The way we camp!","og_image":[{"width":1384,"height":1772,"url":"https:\/\/eurotrail.info\/wp\/wp-content\/uploads\/2021\/11\/ETHT0011_1000_1-1.jpg","type":"image\/jpeg"}],"twitter_card":"summary_large_image","twitter_misc":{"Tiempo de lectura":"2 minutes"},"schema":{"@context":"https:\/\/schema.org","@graph":[{"@type":"WebPage","@id":"https:\/\/eurotrail.info\/es\/producten\/domestico\/calentamiento-de-ceramica\/st-helens-calentador-de-ceramica\/","url":"https:\/\/eurotrail.info\/es\/producten\/domestico\/calentamiento-de-ceramica\/st-helens-calentador-de-ceramica\/","name":"St. Helens calentador de cer\u00e1mica - Eurotrail | The way we camp!","isPartOf":{"@id":"https:\/\/eurotrail.info\/#website"},"primaryImageOfPage":{"@id":"https:\/\/eurotrail.info\/es\/producten\/domestico\/calentamiento-de-ceramica\/st-helens-calentador-de-ceramica\/#primaryimage"},"image":{"@id":"https:\/\/eurotrail.info\/es\/producten\/domestico\/calentamiento-de-ceramica\/st-helens-calentador-de-ceramica\/#primaryimage"},"thumbnailUrl":"https:\/\/eurotrail.info\/wp\/wp-content\/uploads\/2021\/11\/ETHT0011_1000_1-1.jpg","datePublished":"2022-11-21T15:21:48+00:00","description":"Calefactor cer\u00e1mico con el que podr\u00e1s crear el clima perfecto en tu camper o caravana. El calefactor asegura una temperatura constante y agradable,","breadcrumb":{"@id":"https:\/\/eurotrail.info\/es\/producten\/domestico\/calentamiento-de-ceramica\/st-helens-calentador-de-ceramica\/#breadcrumb"},"inLanguage":"es-ES","potentialAction":[{"@type":"ReadAction","target":["https:\/\/eurotrail.info\/es\/producten\/domestico\/calentamiento-de-ceramica\/st-helens-calentador-de-ceramica\/"]}]},{"@type":"ImageObject","inLanguage":"es-ES","@id":"https:\/\/eurotrail.info\/es\/producten\/domestico\/calentamiento-de-ceramica\/st-helens-calentador-de-ceramica\/#primaryimage","url":"https:\/\/eurotrail.info\/wp\/wp-content\/uploads\/2021\/11\/ETHT0011_1000_1-1.jpg","contentUrl":"https:\/\/eurotrail.info\/wp\/wp-content\/uploads\/2021\/11\/ETHT0011_1000_1-1.jpg","width":1384,"height":1772,"caption":"Keramische kachel met oscillatie functie waarmee u het perfecte klimaat kunt cre\u00ebren in uw camper of caravan."},{"@type":"BreadcrumbList","@id":"https:\/\/eurotrail.info\/es\/producten\/domestico\/calentamiento-de-ceramica\/st-helens-calentador-de-ceramica\/#breadcrumb","itemListElement":[{"@type":"ListItem","position":1,"name":"Home","item":"https:\/\/eurotrail.info\/es\/"},{"@type":"ListItem","position":2,"name":"Productos","item":"https:\/\/eurotrail.info\/es\/productos\/"},{"@type":"ListItem","position":3,"name":"St. Helens calentador de cer\u00e1mica"}]},{"@type":"WebSite","@id":"https:\/\/eurotrail.info\/#website","url":"https:\/\/eurotrail.info\/","name":"Eurotrail | The way we camp!","description":"","publisher":{"@id":"https:\/\/eurotrail.info\/#organization"},"potentialAction":[{"@type":"SearchAction","target":{"@type":"EntryPoint","urlTemplate":"https:\/\/eurotrail.info\/?s={search_term_string}"},"query-input":{"@type":"PropertyValueSpecification","valueRequired":true,"valueName":"search_term_string"}}],"inLanguage":"es-ES"},{"@type":"Organization","@id":"https:\/\/eurotrail.info\/#organization","name":"Eurotrail | The way we camp!","url":"https:\/\/eurotrail.info\/","logo":{"@type":"ImageObject","inLanguage":"es-ES","@id":"https:\/\/eurotrail.info\/#\/schema\/logo\/image\/","url":"https:\/\/eurotrail.info\/wp\/wp-content\/uploads\/2023\/07\/ET-logo-quote_NL-scaled.jpg","contentUrl":"https:\/\/eurotrail.info\/wp\/wp-content\/uploads\/2023\/07\/ET-logo-quote_NL-scaled.jpg","width":2560,"height":675,"caption":"Eurotrail | The way we camp!"},"image":{"@id":"https:\/\/eurotrail.info\/#\/schema\/logo\/image\/"}}]}},"_links":{"self":[{"href":"https:\/\/eurotrail.info\/es\/wp-json\/wp\/v2\/product\/20741","targetHints":{"allow":["GET"]}}],"collection":[{"href":"https:\/\/eurotrail.info\/es\/wp-json\/wp\/v2\/product"}],"about":[{"href":"https:\/\/eurotrail.info\/es\/wp-json\/wp\/v2\/types\/product"}],"replies":[{"embeddable":true,"href":"https:\/\/eurotrail.info\/es\/wp-json\/wp\/v2\/comments?post=20741"}],"wp:featuredmedia":[{"embeddable":true,"href":"https:\/\/eurotrail.info\/es\/wp-json\/wp\/v2\/media\/19510"}],"wp:attachment":[{"href":"https:\/\/eurotrail.info\/es\/wp-json\/wp\/v2\/media?parent=20741"}],"wp:term":[{"taxonomy":"product_brand","embeddable":true,"href":"https:\/\/eurotrail.info\/es\/wp-json\/wp\/v2\/product_brand?post=20741"},{"taxonomy":"product_cat","embeddable":true,"href":"https:\/\/eurotrail.info\/es\/wp-json\/wp\/v2\/product_cat?post=20741"},{"taxonomy":"product_tag","embeddable":true,"href":"https:\/\/eurotrail.info\/es\/wp-json\/wp\/v2\/product_tag?post=20741"}],"curies":[{"name":"wp","href":"https:\/\/api.w.org\/{rel}","templated":true}]}}