{"id":20742,"date":"2020-01-23T16:07:31","date_gmt":"2020-01-23T15:07:31","guid":{"rendered":"https:\/\/eurotrail.info\/?post_type=product&#038;p=20742"},"modified":"2026-01-14T10:53:05","modified_gmt":"2026-01-14T09:53:05","slug":"ventilador-de-techo-230v","status":"publish","type":"product","link":"https:\/\/eurotrail.info\/es\/producten\/domestico\/ventilacion\/ventilador-de-techo-230v\/","title":{"rendered":"Ventilador de techo 230V"},"content":{"rendered":"<p>Ventilador de techo plegable: silencioso y potente<\/p>\n<p>Este ventilador de techo plegable es la soluci\u00f3n ideal para refrescar su tienda de campa\u00f1a, toldo, caravana, autocaravana o en casa. Gracias a su funcionamiento silencioso y a su gran caudal de aire, crea un clima interior agradable, incluso en d\u00edas calurosos y noches templadas.<\/p>\n<p>El ventilador cuenta con 5 aspas extra\u00edbles, lo que permite plegarlo de forma muy compacta despu\u00e9s de su uso y ocupa un espacio m\u00ednimo durante el transporte o el almacenamiento. Esto lo convierte en el ventilador compacto perfecto para campistas que desean empacar de forma eficiente. Su f\u00e1cil montaje y su pr\u00e1ctico gancho para colgarlo garantizan que est\u00e9 listo para usar en minutos.<\/p>\n<p>Con su cable de alimentaci\u00f3n de 3 metros, el ventilador se puede colocar con flexibilidad en pr\u00e1cticamente cualquier lugar. Adem\u00e1s de refrescar, la circulaci\u00f3n del aire tambi\u00e9n mantiene alejados a los mosquitos y las moscas, ya que a los insectos no les gustan las corrientes de aire. As\u00ed, podr\u00e1 disfrutar de aire fresco sin insectos indeseados.<\/p>\n<p>Este ventilador de techo silencioso combina comodidad, facilidad de uso y tama\u00f1o compacto, lo que lo convierte en una opci\u00f3n pr\u00e1ctica para cualquier campista o para uso en interiores.<\/p>\n<p>Tama\u00f1o: \u00d8 60cm<br \/>\nVoltaje: 230V (enchufe de la UE!)<br \/>\nPotencia del ventilador: 10W<br \/>\nRotaci\u00f3n: 272 r\/min<br \/>\nNivel sonoro: 50\/60 Hz<br \/>\nMaterial: ABS\/PP<br \/>\nPeso: 420 gr.<\/p>\n","protected":false},"excerpt":{"rendered":"<p>Ventilador de techo plegable: silencioso y potente Este ventilador de techo plegable es la soluci\u00f3n ideal para refrescar su tienda de campa\u00f1a, toldo, caravana, autocaravana&hellip;<\/p>\n","protected":false},"featured_media":18763,"comment_status":"open","ping_status":"closed","template":"","meta":{"_acf_changed":false},"product_brand":[],"product_cat":[337,346],"product_tag":[],"class_list":{"0":"post-20742","1":"product","2":"type-product","3":"status-publish","4":"has-post-thumbnail","6":"product_cat-domestico","7":"product_cat-ventilacion","9":"first","10":"instock","11":"shipping-taxable","12":"product-type-simple"},"acf":[],"yoast_head":"<!-- This site is optimized with the Yoast SEO plugin v27.4 - https:\/\/yoast.com\/product\/yoast-seo-wordpress\/ -->\n<title>Ventilador de techo 230V - Eurotrail | The way we camp!<\/title>\n<meta name=\"description\" content=\"Ventilador de techo plegable. El ventilador es silencioso con un alto flujo de aire. Las 5 palas son desmontables y por lo tanto el conjunto tiene un volumen de paquete peque\u00f1o.\" \/>\n<meta name=\"robots\" content=\"index, follow, max-snippet:-1, max-image-preview:large, max-video-preview:-1\" \/>\n<link rel=\"canonical\" href=\"https:\/\/eurotrail.info\/es\/producten\/domestico\/ventilacion\/ventilador-de-techo-230v\/\" \/>\n<meta property=\"og:locale\" content=\"es_ES\" \/>\n<meta property=\"og:type\" content=\"article\" \/>\n<meta property=\"og:title\" content=\"Ventilador de techo 230V - Eurotrail | The way we camp!\" \/>\n<meta property=\"og:description\" content=\"Ventilador de techo plegable. El ventilador es silencioso con un alto flujo de aire. Las 5 palas son desmontables y por lo tanto el conjunto tiene un volumen de paquete peque\u00f1o.\" \/>\n<meta property=\"og:url\" content=\"https:\/\/eurotrail.info\/es\/producten\/domestico\/ventilacion\/ventilador-de-techo-230v\/\" \/>\n<meta property=\"og:site_name\" content=\"Eurotrail | The way we camp!\" \/>\n<meta property=\"article:modified_time\" content=\"2026-01-14T09:53:05+00:00\" \/>\n<meta property=\"og:image\" content=\"https:\/\/eurotrail.info\/wp\/wp-content\/uploads\/2020\/01\/ETLT1411_0400_1-1280x897.jpg\" \/>\n\t<meta property=\"og:image:width\" content=\"1280\" \/>\n\t<meta property=\"og:image:height\" content=\"897\" \/>\n\t<meta property=\"og:image:type\" content=\"image\/jpeg\" \/>\n<meta name=\"twitter:card\" content=\"summary_large_image\" \/>\n<meta name=\"twitter:label1\" content=\"Tiempo de lectura\" \/>\n\t<meta name=\"twitter:data1\" content=\"2 minutes\" \/>\n<script type=\"application\/ld+json\" class=\"yoast-schema-graph\">{\"@context\":\"https:\\\/\\\/schema.org\",\"@graph\":[{\"@type\":\"WebPage\",\"@id\":\"https:\\\/\\\/eurotrail.info\\\/es\\\/producten\\\/domestico\\\/ventilacion\\\/ventilador-de-techo-230v\\\/\",\"url\":\"https:\\\/\\\/eurotrail.info\\\/es\\\/producten\\\/domestico\\\/ventilacion\\\/ventilador-de-techo-230v\\\/\",\"name\":\"Ventilador de techo 230V - Eurotrail | The way we camp!\",\"isPartOf\":{\"@id\":\"https:\\\/\\\/eurotrail.info\\\/#website\"},\"primaryImageOfPage\":{\"@id\":\"https:\\\/\\\/eurotrail.info\\\/es\\\/producten\\\/domestico\\\/ventilacion\\\/ventilador-de-techo-230v\\\/#primaryimage\"},\"image\":{\"@id\":\"https:\\\/\\\/eurotrail.info\\\/es\\\/producten\\\/domestico\\\/ventilacion\\\/ventilador-de-techo-230v\\\/#primaryimage\"},\"thumbnailUrl\":\"https:\\\/\\\/eurotrail.info\\\/wp\\\/wp-content\\\/uploads\\\/2020\\\/01\\\/ETLT1411_0400_1.jpg\",\"datePublished\":\"2020-01-23T15:07:31+00:00\",\"dateModified\":\"2026-01-14T09:53:05+00:00\",\"description\":\"Ventilador de techo plegable. El ventilador es silencioso con un alto flujo de aire. Las 5 palas son desmontables y por lo tanto el conjunto tiene un volumen de paquete peque\u00f1o.\",\"breadcrumb\":{\"@id\":\"https:\\\/\\\/eurotrail.info\\\/es\\\/producten\\\/domestico\\\/ventilacion\\\/ventilador-de-techo-230v\\\/#breadcrumb\"},\"inLanguage\":\"es-ES\",\"potentialAction\":[{\"@type\":\"ReadAction\",\"target\":[\"https:\\\/\\\/eurotrail.info\\\/es\\\/producten\\\/domestico\\\/ventilacion\\\/ventilador-de-techo-230v\\\/\"]}]},{\"@type\":\"ImageObject\",\"inLanguage\":\"es-ES\",\"@id\":\"https:\\\/\\\/eurotrail.info\\\/es\\\/producten\\\/domestico\\\/ventilacion\\\/ventilador-de-techo-230v\\\/#primaryimage\",\"url\":\"https:\\\/\\\/eurotrail.info\\\/wp\\\/wp-content\\\/uploads\\\/2020\\\/01\\\/ETLT1411_0400_1.jpg\",\"contentUrl\":\"https:\\\/\\\/eurotrail.info\\\/wp\\\/wp-content\\\/uploads\\\/2020\\\/01\\\/ETLT1411_0400_1.jpg\",\"width\":3263,\"height\":2286,\"caption\":\"Opvouwbare plafond ventilator\"},{\"@type\":\"BreadcrumbList\",\"@id\":\"https:\\\/\\\/eurotrail.info\\\/es\\\/producten\\\/domestico\\\/ventilacion\\\/ventilador-de-techo-230v\\\/#breadcrumb\",\"itemListElement\":[{\"@type\":\"ListItem\",\"position\":1,\"name\":\"Home\",\"item\":\"https:\\\/\\\/eurotrail.info\\\/es\\\/\"},{\"@type\":\"ListItem\",\"position\":2,\"name\":\"Productos\",\"item\":\"https:\\\/\\\/eurotrail.info\\\/es\\\/productos\\\/\"},{\"@type\":\"ListItem\",\"position\":3,\"name\":\"Ventilador de techo 230V\"}]},{\"@type\":\"WebSite\",\"@id\":\"https:\\\/\\\/eurotrail.info\\\/#website\",\"url\":\"https:\\\/\\\/eurotrail.info\\\/\",\"name\":\"Eurotrail | The way we camp!\",\"description\":\"\",\"publisher\":{\"@id\":\"https:\\\/\\\/eurotrail.info\\\/#organization\"},\"potentialAction\":[{\"@type\":\"SearchAction\",\"target\":{\"@type\":\"EntryPoint\",\"urlTemplate\":\"https:\\\/\\\/eurotrail.info\\\/?s={search_term_string}\"},\"query-input\":{\"@type\":\"PropertyValueSpecification\",\"valueRequired\":true,\"valueName\":\"search_term_string\"}}],\"inLanguage\":\"es-ES\"},{\"@type\":\"Organization\",\"@id\":\"https:\\\/\\\/eurotrail.info\\\/#organization\",\"name\":\"Eurotrail | The way we camp!\",\"url\":\"https:\\\/\\\/eurotrail.info\\\/\",\"logo\":{\"@type\":\"ImageObject\",\"inLanguage\":\"es-ES\",\"@id\":\"https:\\\/\\\/eurotrail.info\\\/#\\\/schema\\\/logo\\\/image\\\/\",\"url\":\"https:\\\/\\\/eurotrail.info\\\/wp\\\/wp-content\\\/uploads\\\/2023\\\/07\\\/ET-logo-quote_NL-scaled.jpg\",\"contentUrl\":\"https:\\\/\\\/eurotrail.info\\\/wp\\\/wp-content\\\/uploads\\\/2023\\\/07\\\/ET-logo-quote_NL-scaled.jpg\",\"width\":2560,\"height\":675,\"caption\":\"Eurotrail | The way we camp!\"},\"image\":{\"@id\":\"https:\\\/\\\/eurotrail.info\\\/#\\\/schema\\\/logo\\\/image\\\/\"}}]}<\/script>\n<!-- \/ Yoast SEO plugin. -->","yoast_head_json":{"title":"Ventilador de techo 230V - Eurotrail | The way we camp!","description":"Ventilador de techo plegable. El ventilador es silencioso con un alto flujo de aire. Las 5 palas son desmontables y por lo tanto el conjunto tiene un volumen de paquete peque\u00f1o.","robots":{"index":"index","follow":"follow","max-snippet":"max-snippet:-1","max-image-preview":"max-image-preview:large","max-video-preview":"max-video-preview:-1"},"canonical":"https:\/\/eurotrail.info\/es\/producten\/domestico\/ventilacion\/ventilador-de-techo-230v\/","og_locale":"es_ES","og_type":"article","og_title":"Ventilador de techo 230V - Eurotrail | The way we camp!","og_description":"Ventilador de techo plegable. El ventilador es silencioso con un alto flujo de aire. Las 5 palas son desmontables y por lo tanto el conjunto tiene un volumen de paquete peque\u00f1o.","og_url":"https:\/\/eurotrail.info\/es\/producten\/domestico\/ventilacion\/ventilador-de-techo-230v\/","og_site_name":"Eurotrail | The way we camp!","article_modified_time":"2026-01-14T09:53:05+00:00","og_image":[{"width":1280,"height":897,"url":"https:\/\/eurotrail.info\/wp\/wp-content\/uploads\/2020\/01\/ETLT1411_0400_1-1280x897.jpg","type":"image\/jpeg"}],"twitter_card":"summary_large_image","twitter_misc":{"Tiempo de lectura":"2 minutes"},"schema":{"@context":"https:\/\/schema.org","@graph":[{"@type":"WebPage","@id":"https:\/\/eurotrail.info\/es\/producten\/domestico\/ventilacion\/ventilador-de-techo-230v\/","url":"https:\/\/eurotrail.info\/es\/producten\/domestico\/ventilacion\/ventilador-de-techo-230v\/","name":"Ventilador de techo 230V - Eurotrail | The way we camp!","isPartOf":{"@id":"https:\/\/eurotrail.info\/#website"},"primaryImageOfPage":{"@id":"https:\/\/eurotrail.info\/es\/producten\/domestico\/ventilacion\/ventilador-de-techo-230v\/#primaryimage"},"image":{"@id":"https:\/\/eurotrail.info\/es\/producten\/domestico\/ventilacion\/ventilador-de-techo-230v\/#primaryimage"},"thumbnailUrl":"https:\/\/eurotrail.info\/wp\/wp-content\/uploads\/2020\/01\/ETLT1411_0400_1.jpg","datePublished":"2020-01-23T15:07:31+00:00","dateModified":"2026-01-14T09:53:05+00:00","description":"Ventilador de techo plegable. El ventilador es silencioso con un alto flujo de aire. Las 5 palas son desmontables y por lo tanto el conjunto tiene un volumen de paquete peque\u00f1o.","breadcrumb":{"@id":"https:\/\/eurotrail.info\/es\/producten\/domestico\/ventilacion\/ventilador-de-techo-230v\/#breadcrumb"},"inLanguage":"es-ES","potentialAction":[{"@type":"ReadAction","target":["https:\/\/eurotrail.info\/es\/producten\/domestico\/ventilacion\/ventilador-de-techo-230v\/"]}]},{"@type":"ImageObject","inLanguage":"es-ES","@id":"https:\/\/eurotrail.info\/es\/producten\/domestico\/ventilacion\/ventilador-de-techo-230v\/#primaryimage","url":"https:\/\/eurotrail.info\/wp\/wp-content\/uploads\/2020\/01\/ETLT1411_0400_1.jpg","contentUrl":"https:\/\/eurotrail.info\/wp\/wp-content\/uploads\/2020\/01\/ETLT1411_0400_1.jpg","width":3263,"height":2286,"caption":"Opvouwbare plafond ventilator"},{"@type":"BreadcrumbList","@id":"https:\/\/eurotrail.info\/es\/producten\/domestico\/ventilacion\/ventilador-de-techo-230v\/#breadcrumb","itemListElement":[{"@type":"ListItem","position":1,"name":"Home","item":"https:\/\/eurotrail.info\/es\/"},{"@type":"ListItem","position":2,"name":"Productos","item":"https:\/\/eurotrail.info\/es\/productos\/"},{"@type":"ListItem","position":3,"name":"Ventilador de techo 230V"}]},{"@type":"WebSite","@id":"https:\/\/eurotrail.info\/#website","url":"https:\/\/eurotrail.info\/","name":"Eurotrail | The way we camp!","description":"","publisher":{"@id":"https:\/\/eurotrail.info\/#organization"},"potentialAction":[{"@type":"SearchAction","target":{"@type":"EntryPoint","urlTemplate":"https:\/\/eurotrail.info\/?s={search_term_string}"},"query-input":{"@type":"PropertyValueSpecification","valueRequired":true,"valueName":"search_term_string"}}],"inLanguage":"es-ES"},{"@type":"Organization","@id":"https:\/\/eurotrail.info\/#organization","name":"Eurotrail | The way we camp!","url":"https:\/\/eurotrail.info\/","logo":{"@type":"ImageObject","inLanguage":"es-ES","@id":"https:\/\/eurotrail.info\/#\/schema\/logo\/image\/","url":"https:\/\/eurotrail.info\/wp\/wp-content\/uploads\/2023\/07\/ET-logo-quote_NL-scaled.jpg","contentUrl":"https:\/\/eurotrail.info\/wp\/wp-content\/uploads\/2023\/07\/ET-logo-quote_NL-scaled.jpg","width":2560,"height":675,"caption":"Eurotrail | The way we camp!"},"image":{"@id":"https:\/\/eurotrail.info\/#\/schema\/logo\/image\/"}}]}},"_links":{"self":[{"href":"https:\/\/eurotrail.info\/es\/wp-json\/wp\/v2\/product\/20742","targetHints":{"allow":["GET"]}}],"collection":[{"href":"https:\/\/eurotrail.info\/es\/wp-json\/wp\/v2\/product"}],"about":[{"href":"https:\/\/eurotrail.info\/es\/wp-json\/wp\/v2\/types\/product"}],"replies":[{"embeddable":true,"href":"https:\/\/eurotrail.info\/es\/wp-json\/wp\/v2\/comments?post=20742"}],"wp:featuredmedia":[{"embeddable":true,"href":"https:\/\/eurotrail.info\/es\/wp-json\/wp\/v2\/media\/18763"}],"wp:attachment":[{"href":"https:\/\/eurotrail.info\/es\/wp-json\/wp\/v2\/media?parent=20742"}],"wp:term":[{"taxonomy":"product_brand","embeddable":true,"href":"https:\/\/eurotrail.info\/es\/wp-json\/wp\/v2\/product_brand?post=20742"},{"taxonomy":"product_cat","embeddable":true,"href":"https:\/\/eurotrail.info\/es\/wp-json\/wp\/v2\/product_cat?post=20742"},{"taxonomy":"product_tag","embeddable":true,"href":"https:\/\/eurotrail.info\/es\/wp-json\/wp\/v2\/product_tag?post=20742"}],"curies":[{"name":"wp","href":"https:\/\/api.w.org\/{rel}","templated":true}]}}