{"id":20766,"date":"2020-12-01T13:14:49","date_gmt":"2022-11-22T13:09:23","guid":{"rendered":"https:\/\/eurotrail.info\/?post_type=product&#038;p=20766"},"modified":"2023-05-05T08:32:07","modified_gmt":"2023-05-05T07:32:07","slug":"colchon-relax-si-2-pers","status":"publish","type":"product","link":"https:\/\/eurotrail.info\/es\/producten\/colchonetas-para-dormir\/iso-camp-colchonetas-termicas\/colchon-relax-si-2-pers\/","title":{"rendered":"Colch\u00f3n Relax SI 2 pers."},"content":{"rendered":"<p>Colch\u00f3n para dormir para 2 personas con material el\u00e1stico suave (30D) en la parte superior que se siente c\u00f3modo. El colch\u00f3n es autoinflable y gracias a las grandes v\u00e1lvulas se llena en segundos y est\u00e1 listo para usar. El colch\u00f3n tiene un grosor de 10 cm y le ofrece una maravillosa comodidad para dormir, \u00a1como en casa!<br \/>\nSi prefiere un colch\u00f3n duro, puede inflarlo f\u00e1cilmente con la ayuda de una bomba Relax Si Pump ETIC0210 (\u00a1no incluida!).<\/p>\n<p>Material: 100 % poli\u00e9ster el\u00e1stico 3D\/parte inferior de poli\u00e9ster 150D\/Oxford<br \/>\nTama\u00f1o: 201x132x10cm<br \/>\nEmbalado: \u00d830x65cm<br \/>\nPeso: 6,5 kg.<br \/>\nAislamiento (Valor R): 10.7<\/p>\n","protected":false},"excerpt":{"rendered":"<p>Colch\u00f3n para dormir para 2 personas con material el\u00e1stico suave (30D) en la parte superior que se siente c\u00f3modo. El colch\u00f3n es autoinflable y gracias&hellip;<\/p>\n","protected":false},"featured_media":23139,"comment_status":"open","ping_status":"closed","template":"","meta":{"_acf_changed":false},"product_brand":[],"product_cat":[361,362],"product_tag":[],"class_list":{"0":"post-20766","1":"product","2":"type-product","3":"status-publish","4":"has-post-thumbnail","6":"product_cat-colchonetas-para-dormir","7":"product_cat-iso-camp-colchonetas-termicas","9":"first","10":"instock","11":"shipping-taxable","12":"product-type-simple"},"acf":[],"yoast_head":"<!-- This site is optimized with the Yoast SEO plugin v27.3 - https:\/\/yoast.com\/product\/yoast-seo-wordpress\/ -->\n<title>Colch\u00f3n Relax SI 2 pers. - Eurotrail | The way we camp!<\/title>\n<meta name=\"robots\" content=\"index, follow, max-snippet:-1, max-image-preview:large, max-video-preview:-1\" \/>\n<link rel=\"canonical\" href=\"https:\/\/eurotrail.info\/es\/producten\/colchonetas-para-dormir\/iso-camp-colchonetas-termicas\/colchon-relax-si-2-pers\/\" \/>\n<meta property=\"og:locale\" content=\"es_ES\" \/>\n<meta property=\"og:type\" content=\"article\" \/>\n<meta property=\"og:title\" content=\"Colch\u00f3n Relax SI 2 pers. - Eurotrail | The way we camp!\" \/>\n<meta property=\"og:description\" content=\"Colch\u00f3n para dormir para 2 personas con material el\u00e1stico suave (30D) en la parte superior que se siente c\u00f3modo. El colch\u00f3n es autoinflable y gracias&hellip;\" \/>\n<meta property=\"og:url\" content=\"https:\/\/eurotrail.info\/es\/producten\/colchonetas-para-dormir\/iso-camp-colchonetas-termicas\/colchon-relax-si-2-pers\/\" \/>\n<meta property=\"og:site_name\" content=\"Eurotrail | The way we camp!\" \/>\n<meta property=\"article:modified_time\" content=\"2023-05-05T07:32:07+00:00\" \/>\n<meta property=\"og:image\" content=\"https:\/\/eurotrail.info\/wp\/wp-content\/uploads\/2020\/02\/ETIC0202_2701_1.jpg\" \/>\n\t<meta property=\"og:image:width\" content=\"567\" \/>\n\t<meta property=\"og:image:height\" content=\"517\" \/>\n\t<meta property=\"og:image:type\" content=\"image\/jpeg\" \/>\n<meta name=\"twitter:card\" content=\"summary_large_image\" \/>\n<meta name=\"twitter:label1\" content=\"Tiempo de lectura\" \/>\n\t<meta name=\"twitter:data1\" content=\"1 minute\" \/>\n<script type=\"application\/ld+json\" class=\"yoast-schema-graph\">{\"@context\":\"https:\\\/\\\/schema.org\",\"@graph\":[{\"@type\":\"WebPage\",\"@id\":\"https:\\\/\\\/eurotrail.info\\\/es\\\/producten\\\/colchonetas-para-dormir\\\/iso-camp-colchonetas-termicas\\\/colchon-relax-si-2-pers\\\/\",\"url\":\"https:\\\/\\\/eurotrail.info\\\/es\\\/producten\\\/colchonetas-para-dormir\\\/iso-camp-colchonetas-termicas\\\/colchon-relax-si-2-pers\\\/\",\"name\":\"Colch\u00f3n Relax SI 2 pers. - Eurotrail | The way we camp!\",\"isPartOf\":{\"@id\":\"https:\\\/\\\/eurotrail.info\\\/#website\"},\"primaryImageOfPage\":{\"@id\":\"https:\\\/\\\/eurotrail.info\\\/es\\\/producten\\\/colchonetas-para-dormir\\\/iso-camp-colchonetas-termicas\\\/colchon-relax-si-2-pers\\\/#primaryimage\"},\"image\":{\"@id\":\"https:\\\/\\\/eurotrail.info\\\/es\\\/producten\\\/colchonetas-para-dormir\\\/iso-camp-colchonetas-termicas\\\/colchon-relax-si-2-pers\\\/#primaryimage\"},\"thumbnailUrl\":\"https:\\\/\\\/eurotrail.info\\\/wp\\\/wp-content\\\/uploads\\\/2020\\\/02\\\/ETIC0202_2701_1.jpg\",\"datePublished\":\"2022-11-22T13:09:23+00:00\",\"dateModified\":\"2023-05-05T07:32:07+00:00\",\"breadcrumb\":{\"@id\":\"https:\\\/\\\/eurotrail.info\\\/es\\\/producten\\\/colchonetas-para-dormir\\\/iso-camp-colchonetas-termicas\\\/colchon-relax-si-2-pers\\\/#breadcrumb\"},\"inLanguage\":\"es-ES\",\"potentialAction\":[{\"@type\":\"ReadAction\",\"target\":[\"https:\\\/\\\/eurotrail.info\\\/es\\\/producten\\\/colchonetas-para-dormir\\\/iso-camp-colchonetas-termicas\\\/colchon-relax-si-2-pers\\\/\"]}]},{\"@type\":\"ImageObject\",\"inLanguage\":\"es-ES\",\"@id\":\"https:\\\/\\\/eurotrail.info\\\/es\\\/producten\\\/colchonetas-para-dormir\\\/iso-camp-colchonetas-termicas\\\/colchon-relax-si-2-pers\\\/#primaryimage\",\"url\":\"https:\\\/\\\/eurotrail.info\\\/wp\\\/wp-content\\\/uploads\\\/2020\\\/02\\\/ETIC0202_2701_1.jpg\",\"contentUrl\":\"https:\\\/\\\/eurotrail.info\\\/wp\\\/wp-content\\\/uploads\\\/2020\\\/02\\\/ETIC0202_2701_1.jpg\",\"width\":567,\"height\":517,\"caption\":\"De Relax mat is zelf-opblazend en door de 2 ventielen is de mat in een paar seconden gevuld en klaar voor gebruik.\"},{\"@type\":\"BreadcrumbList\",\"@id\":\"https:\\\/\\\/eurotrail.info\\\/es\\\/producten\\\/colchonetas-para-dormir\\\/iso-camp-colchonetas-termicas\\\/colchon-relax-si-2-pers\\\/#breadcrumb\",\"itemListElement\":[{\"@type\":\"ListItem\",\"position\":1,\"name\":\"Home\",\"item\":\"https:\\\/\\\/eurotrail.info\\\/es\\\/\"},{\"@type\":\"ListItem\",\"position\":2,\"name\":\"Productos\",\"item\":\"https:\\\/\\\/eurotrail.info\\\/es\\\/productos\\\/\"},{\"@type\":\"ListItem\",\"position\":3,\"name\":\"Colch\u00f3n Relax SI 2 pers.\"}]},{\"@type\":\"WebSite\",\"@id\":\"https:\\\/\\\/eurotrail.info\\\/#website\",\"url\":\"https:\\\/\\\/eurotrail.info\\\/\",\"name\":\"Eurotrail | The way we camp!\",\"description\":\"\",\"publisher\":{\"@id\":\"https:\\\/\\\/eurotrail.info\\\/#organization\"},\"potentialAction\":[{\"@type\":\"SearchAction\",\"target\":{\"@type\":\"EntryPoint\",\"urlTemplate\":\"https:\\\/\\\/eurotrail.info\\\/?s={search_term_string}\"},\"query-input\":{\"@type\":\"PropertyValueSpecification\",\"valueRequired\":true,\"valueName\":\"search_term_string\"}}],\"inLanguage\":\"es-ES\"},{\"@type\":\"Organization\",\"@id\":\"https:\\\/\\\/eurotrail.info\\\/#organization\",\"name\":\"Eurotrail | The way we camp!\",\"url\":\"https:\\\/\\\/eurotrail.info\\\/\",\"logo\":{\"@type\":\"ImageObject\",\"inLanguage\":\"es-ES\",\"@id\":\"https:\\\/\\\/eurotrail.info\\\/#\\\/schema\\\/logo\\\/image\\\/\",\"url\":\"https:\\\/\\\/eurotrail.info\\\/wp\\\/wp-content\\\/uploads\\\/2023\\\/07\\\/ET-logo-quote_NL-scaled.jpg\",\"contentUrl\":\"https:\\\/\\\/eurotrail.info\\\/wp\\\/wp-content\\\/uploads\\\/2023\\\/07\\\/ET-logo-quote_NL-scaled.jpg\",\"width\":2560,\"height\":675,\"caption\":\"Eurotrail | The way we camp!\"},\"image\":{\"@id\":\"https:\\\/\\\/eurotrail.info\\\/#\\\/schema\\\/logo\\\/image\\\/\"}}]}<\/script>\n<!-- \/ Yoast SEO plugin. -->","yoast_head_json":{"title":"Colch\u00f3n Relax SI 2 pers. - Eurotrail | The way we camp!","robots":{"index":"index","follow":"follow","max-snippet":"max-snippet:-1","max-image-preview":"max-image-preview:large","max-video-preview":"max-video-preview:-1"},"canonical":"https:\/\/eurotrail.info\/es\/producten\/colchonetas-para-dormir\/iso-camp-colchonetas-termicas\/colchon-relax-si-2-pers\/","og_locale":"es_ES","og_type":"article","og_title":"Colch\u00f3n Relax SI 2 pers. - Eurotrail | The way we camp!","og_description":"Colch\u00f3n para dormir para 2 personas con material el\u00e1stico suave (30D) en la parte superior que se siente c\u00f3modo. El colch\u00f3n es autoinflable y gracias&hellip;","og_url":"https:\/\/eurotrail.info\/es\/producten\/colchonetas-para-dormir\/iso-camp-colchonetas-termicas\/colchon-relax-si-2-pers\/","og_site_name":"Eurotrail | The way we camp!","article_modified_time":"2023-05-05T07:32:07+00:00","og_image":[{"width":567,"height":517,"url":"https:\/\/eurotrail.info\/wp\/wp-content\/uploads\/2020\/02\/ETIC0202_2701_1.jpg","type":"image\/jpeg"}],"twitter_card":"summary_large_image","twitter_misc":{"Tiempo de lectura":"1 minute"},"schema":{"@context":"https:\/\/schema.org","@graph":[{"@type":"WebPage","@id":"https:\/\/eurotrail.info\/es\/producten\/colchonetas-para-dormir\/iso-camp-colchonetas-termicas\/colchon-relax-si-2-pers\/","url":"https:\/\/eurotrail.info\/es\/producten\/colchonetas-para-dormir\/iso-camp-colchonetas-termicas\/colchon-relax-si-2-pers\/","name":"Colch\u00f3n Relax SI 2 pers. - Eurotrail | The way we camp!","isPartOf":{"@id":"https:\/\/eurotrail.info\/#website"},"primaryImageOfPage":{"@id":"https:\/\/eurotrail.info\/es\/producten\/colchonetas-para-dormir\/iso-camp-colchonetas-termicas\/colchon-relax-si-2-pers\/#primaryimage"},"image":{"@id":"https:\/\/eurotrail.info\/es\/producten\/colchonetas-para-dormir\/iso-camp-colchonetas-termicas\/colchon-relax-si-2-pers\/#primaryimage"},"thumbnailUrl":"https:\/\/eurotrail.info\/wp\/wp-content\/uploads\/2020\/02\/ETIC0202_2701_1.jpg","datePublished":"2022-11-22T13:09:23+00:00","dateModified":"2023-05-05T07:32:07+00:00","breadcrumb":{"@id":"https:\/\/eurotrail.info\/es\/producten\/colchonetas-para-dormir\/iso-camp-colchonetas-termicas\/colchon-relax-si-2-pers\/#breadcrumb"},"inLanguage":"es-ES","potentialAction":[{"@type":"ReadAction","target":["https:\/\/eurotrail.info\/es\/producten\/colchonetas-para-dormir\/iso-camp-colchonetas-termicas\/colchon-relax-si-2-pers\/"]}]},{"@type":"ImageObject","inLanguage":"es-ES","@id":"https:\/\/eurotrail.info\/es\/producten\/colchonetas-para-dormir\/iso-camp-colchonetas-termicas\/colchon-relax-si-2-pers\/#primaryimage","url":"https:\/\/eurotrail.info\/wp\/wp-content\/uploads\/2020\/02\/ETIC0202_2701_1.jpg","contentUrl":"https:\/\/eurotrail.info\/wp\/wp-content\/uploads\/2020\/02\/ETIC0202_2701_1.jpg","width":567,"height":517,"caption":"De Relax mat is zelf-opblazend en door de 2 ventielen is de mat in een paar seconden gevuld en klaar voor gebruik."},{"@type":"BreadcrumbList","@id":"https:\/\/eurotrail.info\/es\/producten\/colchonetas-para-dormir\/iso-camp-colchonetas-termicas\/colchon-relax-si-2-pers\/#breadcrumb","itemListElement":[{"@type":"ListItem","position":1,"name":"Home","item":"https:\/\/eurotrail.info\/es\/"},{"@type":"ListItem","position":2,"name":"Productos","item":"https:\/\/eurotrail.info\/es\/productos\/"},{"@type":"ListItem","position":3,"name":"Colch\u00f3n Relax SI 2 pers."}]},{"@type":"WebSite","@id":"https:\/\/eurotrail.info\/#website","url":"https:\/\/eurotrail.info\/","name":"Eurotrail | The way we camp!","description":"","publisher":{"@id":"https:\/\/eurotrail.info\/#organization"},"potentialAction":[{"@type":"SearchAction","target":{"@type":"EntryPoint","urlTemplate":"https:\/\/eurotrail.info\/?s={search_term_string}"},"query-input":{"@type":"PropertyValueSpecification","valueRequired":true,"valueName":"search_term_string"}}],"inLanguage":"es-ES"},{"@type":"Organization","@id":"https:\/\/eurotrail.info\/#organization","name":"Eurotrail | The way we camp!","url":"https:\/\/eurotrail.info\/","logo":{"@type":"ImageObject","inLanguage":"es-ES","@id":"https:\/\/eurotrail.info\/#\/schema\/logo\/image\/","url":"https:\/\/eurotrail.info\/wp\/wp-content\/uploads\/2023\/07\/ET-logo-quote_NL-scaled.jpg","contentUrl":"https:\/\/eurotrail.info\/wp\/wp-content\/uploads\/2023\/07\/ET-logo-quote_NL-scaled.jpg","width":2560,"height":675,"caption":"Eurotrail | The way we camp!"},"image":{"@id":"https:\/\/eurotrail.info\/#\/schema\/logo\/image\/"}}]}},"_links":{"self":[{"href":"https:\/\/eurotrail.info\/es\/wp-json\/wp\/v2\/product\/20766","targetHints":{"allow":["GET"]}}],"collection":[{"href":"https:\/\/eurotrail.info\/es\/wp-json\/wp\/v2\/product"}],"about":[{"href":"https:\/\/eurotrail.info\/es\/wp-json\/wp\/v2\/types\/product"}],"replies":[{"embeddable":true,"href":"https:\/\/eurotrail.info\/es\/wp-json\/wp\/v2\/comments?post=20766"}],"wp:featuredmedia":[{"embeddable":true,"href":"https:\/\/eurotrail.info\/es\/wp-json\/wp\/v2\/media\/23139"}],"wp:attachment":[{"href":"https:\/\/eurotrail.info\/es\/wp-json\/wp\/v2\/media?parent=20766"}],"wp:term":[{"taxonomy":"product_brand","embeddable":true,"href":"https:\/\/eurotrail.info\/es\/wp-json\/wp\/v2\/product_brand?post=20766"},{"taxonomy":"product_cat","embeddable":true,"href":"https:\/\/eurotrail.info\/es\/wp-json\/wp\/v2\/product_cat?post=20766"},{"taxonomy":"product_tag","embeddable":true,"href":"https:\/\/eurotrail.info\/es\/wp-json\/wp\/v2\/product_tag?post=20766"}],"curies":[{"name":"wp","href":"https:\/\/api.w.org\/{rel}","templated":true}]}}