{"id":20769,"date":"2016-03-30T10:40:58","date_gmt":"2022-11-22T13:13:51","guid":{"rendered":"https:\/\/eurotrail.info\/?post_type=product&#038;p=20769"},"modified":"2022-11-22T14:13:51","modified_gmt":"2022-11-22T13:13:51","slug":"compresor-air-tube-pump-12v","status":"publish","type":"product","link":"https:\/\/eurotrail.info\/es\/producten\/colchonetas-para-dormir\/bombas-de-aire\/compresor-air-tube-pump-12v\/","title":{"rendered":"Compresor Air-Tube pump 12V"},"content":{"rendered":"<p>Pr\u00e1ctica bomba de aire equipada con un potente compresor para proporcionar la potencia suficiente para bombear canales de aire AirTube o cualquier otro elemento inflable. F\u00e1cil de usar y s\u00faper conveniente.<\/p>\n<p>El conector de 12 V se ajusta al encendedor de cigarrillos del autom\u00f3vil, el cable largo asegura que pueda acercarse a la tienda. La bomba tiene varias boquillas que se adaptan a casi todos los art\u00edculos inflables. La v\u00e1lvula de alivio de presi\u00f3n asegura que cuando se alcanza la presi\u00f3n m\u00e1xima (8 PSI = 0,6 bar), el aire puede escapar y no inflar m\u00e1s el tubo. Tambi\u00e9n para desinflar el tubo puedes usar esta bomba.<\/p>\n<p>incluido 4 adaptadores, cable de 12V, malet\u00edn de transporte.<\/p>\n<p>Posici\u00f3n 1<br \/>\nPresi\u00f3n: 0,5 psi<br \/>\nSonido: &lt; 85dB<br \/>\nPotencia: 12V \/ 110W<br \/>\nFlujo de aire: 170 ltr.\/min.<\/p>\n<p>Posici\u00f3n 2<br \/>\nPresi\u00f3n: 15 psi<br \/>\nSonido: &lt; 85dB<br \/>\nPotencia: 12V \/ 180W<br \/>\nFlujo de aire: 40 ltr.\/min.<\/p>\n","protected":false},"excerpt":{"rendered":"<p>Pr\u00e1ctica bomba de aire equipada con un potente compresor para proporcionar la potencia suficiente para bombear canales de aire AirTube o cualquier otro elemento inflable.&hellip;<\/p>\n","protected":false},"featured_media":16720,"comment_status":"open","ping_status":"closed","template":"","meta":{"_acf_changed":false},"product_brand":[],"product_cat":[332,364,371,324],"product_tag":[],"class_list":{"0":"post-20769","1":"product","2":"type-product","3":"status-publish","4":"has-post-thumbnail","6":"product_cat-accesorios-para-caravanas","7":"product_cat-bombas-de-aire","8":"product_cat-carpas-inflables-airtube","9":"product_cat-zapatillas","11":"first","12":"instock","13":"shipping-taxable","14":"product-type-external"},"acf":[],"yoast_head":"<!-- This site is optimized with the Yoast SEO plugin v27.4 - https:\/\/yoast.com\/product\/yoast-seo-wordpress\/ -->\n<title>Compresor Air-Tube pump 12V - Eurotrail | The way we camp!<\/title>\n<meta name=\"description\" content=\"Pr\u00e1ctica bomba de aire equipada con un potente compresor para proporcionar la potencia suficiente para bombear canales de aire AirTube o cualquier otro elemento inflable.\" \/>\n<meta name=\"robots\" content=\"index, follow, max-snippet:-1, max-image-preview:large, max-video-preview:-1\" \/>\n<link rel=\"canonical\" href=\"https:\/\/eurotrail.info\/es\/producten\/colchonetas-para-dormir\/bombas-de-aire\/compresor-air-tube-pump-12v\/\" \/>\n<meta property=\"og:locale\" content=\"es_ES\" \/>\n<meta property=\"og:type\" content=\"article\" \/>\n<meta property=\"og:title\" content=\"Compresor Air-Tube pump 12V - Eurotrail | The way we camp!\" \/>\n<meta property=\"og:description\" content=\"Pr\u00e1ctica bomba de aire equipada con un potente compresor para proporcionar la potencia suficiente para bombear canales de aire AirTube o cualquier otro elemento inflable.\" \/>\n<meta property=\"og:url\" content=\"https:\/\/eurotrail.info\/es\/producten\/colchonetas-para-dormir\/bombas-de-aire\/compresor-air-tube-pump-12v\/\" \/>\n<meta property=\"og:site_name\" content=\"Eurotrail | The way we camp!\" \/>\n<meta property=\"og:image\" content=\"https:\/\/eurotrail.info\/wp\/wp-content\/uploads\/2016\/03\/ETIC2022-pressure-pump.jpg\" \/>\n\t<meta property=\"og:image:width\" content=\"2194\" \/>\n\t<meta property=\"og:image:height\" content=\"1548\" \/>\n\t<meta property=\"og:image:type\" content=\"image\/jpeg\" \/>\n<meta name=\"twitter:card\" content=\"summary_large_image\" \/>\n<meta name=\"twitter:label1\" content=\"Tiempo de lectura\" \/>\n\t<meta name=\"twitter:data1\" content=\"1 minute\" \/>\n<script type=\"application\/ld+json\" class=\"yoast-schema-graph\">{\"@context\":\"https:\\\/\\\/schema.org\",\"@graph\":[{\"@type\":\"WebPage\",\"@id\":\"https:\\\/\\\/eurotrail.info\\\/es\\\/producten\\\/colchonetas-para-dormir\\\/bombas-de-aire\\\/compresor-air-tube-pump-12v\\\/\",\"url\":\"https:\\\/\\\/eurotrail.info\\\/es\\\/producten\\\/colchonetas-para-dormir\\\/bombas-de-aire\\\/compresor-air-tube-pump-12v\\\/\",\"name\":\"Compresor Air-Tube pump 12V - Eurotrail | The way we camp!\",\"isPartOf\":{\"@id\":\"https:\\\/\\\/eurotrail.info\\\/#website\"},\"primaryImageOfPage\":{\"@id\":\"https:\\\/\\\/eurotrail.info\\\/es\\\/producten\\\/colchonetas-para-dormir\\\/bombas-de-aire\\\/compresor-air-tube-pump-12v\\\/#primaryimage\"},\"image\":{\"@id\":\"https:\\\/\\\/eurotrail.info\\\/es\\\/producten\\\/colchonetas-para-dormir\\\/bombas-de-aire\\\/compresor-air-tube-pump-12v\\\/#primaryimage\"},\"thumbnailUrl\":\"https:\\\/\\\/eurotrail.info\\\/wp\\\/wp-content\\\/uploads\\\/2016\\\/03\\\/ETIC2022-pressure-pump.jpg\",\"datePublished\":\"2022-11-22T13:13:51+00:00\",\"description\":\"Pr\u00e1ctica bomba de aire equipada con un potente compresor para proporcionar la potencia suficiente para bombear canales de aire AirTube o cualquier otro elemento inflable.\",\"breadcrumb\":{\"@id\":\"https:\\\/\\\/eurotrail.info\\\/es\\\/producten\\\/colchonetas-para-dormir\\\/bombas-de-aire\\\/compresor-air-tube-pump-12v\\\/#breadcrumb\"},\"inLanguage\":\"es-ES\",\"potentialAction\":[{\"@type\":\"ReadAction\",\"target\":[\"https:\\\/\\\/eurotrail.info\\\/es\\\/producten\\\/colchonetas-para-dormir\\\/bombas-de-aire\\\/compresor-air-tube-pump-12v\\\/\"]}]},{\"@type\":\"ImageObject\",\"inLanguage\":\"es-ES\",\"@id\":\"https:\\\/\\\/eurotrail.info\\\/es\\\/producten\\\/colchonetas-para-dormir\\\/bombas-de-aire\\\/compresor-air-tube-pump-12v\\\/#primaryimage\",\"url\":\"https:\\\/\\\/eurotrail.info\\\/wp\\\/wp-content\\\/uploads\\\/2016\\\/03\\\/ETIC2022-pressure-pump.jpg\",\"contentUrl\":\"https:\\\/\\\/eurotrail.info\\\/wp\\\/wp-content\\\/uploads\\\/2016\\\/03\\\/ETIC2022-pressure-pump.jpg\",\"width\":2194,\"height\":1548,\"caption\":\"speciale 12V electrische pomp voor het opblazen van uw AirTube tenten of andere opblaasartikelen\"},{\"@type\":\"BreadcrumbList\",\"@id\":\"https:\\\/\\\/eurotrail.info\\\/es\\\/producten\\\/colchonetas-para-dormir\\\/bombas-de-aire\\\/compresor-air-tube-pump-12v\\\/#breadcrumb\",\"itemListElement\":[{\"@type\":\"ListItem\",\"position\":1,\"name\":\"Home\",\"item\":\"https:\\\/\\\/eurotrail.info\\\/es\\\/\"},{\"@type\":\"ListItem\",\"position\":2,\"name\":\"Productos\",\"item\":\"https:\\\/\\\/eurotrail.info\\\/es\\\/productos\\\/\"},{\"@type\":\"ListItem\",\"position\":3,\"name\":\"Compresor Air-Tube pump 12V\"}]},{\"@type\":\"WebSite\",\"@id\":\"https:\\\/\\\/eurotrail.info\\\/#website\",\"url\":\"https:\\\/\\\/eurotrail.info\\\/\",\"name\":\"Eurotrail | The way we camp!\",\"description\":\"\",\"publisher\":{\"@id\":\"https:\\\/\\\/eurotrail.info\\\/#organization\"},\"potentialAction\":[{\"@type\":\"SearchAction\",\"target\":{\"@type\":\"EntryPoint\",\"urlTemplate\":\"https:\\\/\\\/eurotrail.info\\\/?s={search_term_string}\"},\"query-input\":{\"@type\":\"PropertyValueSpecification\",\"valueRequired\":true,\"valueName\":\"search_term_string\"}}],\"inLanguage\":\"es-ES\"},{\"@type\":\"Organization\",\"@id\":\"https:\\\/\\\/eurotrail.info\\\/#organization\",\"name\":\"Eurotrail | The way we camp!\",\"url\":\"https:\\\/\\\/eurotrail.info\\\/\",\"logo\":{\"@type\":\"ImageObject\",\"inLanguage\":\"es-ES\",\"@id\":\"https:\\\/\\\/eurotrail.info\\\/#\\\/schema\\\/logo\\\/image\\\/\",\"url\":\"https:\\\/\\\/eurotrail.info\\\/wp\\\/wp-content\\\/uploads\\\/2023\\\/07\\\/ET-logo-quote_NL-scaled.jpg\",\"contentUrl\":\"https:\\\/\\\/eurotrail.info\\\/wp\\\/wp-content\\\/uploads\\\/2023\\\/07\\\/ET-logo-quote_NL-scaled.jpg\",\"width\":2560,\"height\":675,\"caption\":\"Eurotrail | The way we camp!\"},\"image\":{\"@id\":\"https:\\\/\\\/eurotrail.info\\\/#\\\/schema\\\/logo\\\/image\\\/\"}}]}<\/script>\n<!-- \/ Yoast SEO plugin. -->","yoast_head_json":{"title":"Compresor Air-Tube pump 12V - Eurotrail | The way we camp!","description":"Pr\u00e1ctica bomba de aire equipada con un potente compresor para proporcionar la potencia suficiente para bombear canales de aire AirTube o cualquier otro elemento inflable.","robots":{"index":"index","follow":"follow","max-snippet":"max-snippet:-1","max-image-preview":"max-image-preview:large","max-video-preview":"max-video-preview:-1"},"canonical":"https:\/\/eurotrail.info\/es\/producten\/colchonetas-para-dormir\/bombas-de-aire\/compresor-air-tube-pump-12v\/","og_locale":"es_ES","og_type":"article","og_title":"Compresor Air-Tube pump 12V - Eurotrail | The way we camp!","og_description":"Pr\u00e1ctica bomba de aire equipada con un potente compresor para proporcionar la potencia suficiente para bombear canales de aire AirTube o cualquier otro elemento inflable.","og_url":"https:\/\/eurotrail.info\/es\/producten\/colchonetas-para-dormir\/bombas-de-aire\/compresor-air-tube-pump-12v\/","og_site_name":"Eurotrail | The way we camp!","og_image":[{"width":2194,"height":1548,"url":"https:\/\/eurotrail.info\/wp\/wp-content\/uploads\/2016\/03\/ETIC2022-pressure-pump.jpg","type":"image\/jpeg"}],"twitter_card":"summary_large_image","twitter_misc":{"Tiempo de lectura":"1 minute"},"schema":{"@context":"https:\/\/schema.org","@graph":[{"@type":"WebPage","@id":"https:\/\/eurotrail.info\/es\/producten\/colchonetas-para-dormir\/bombas-de-aire\/compresor-air-tube-pump-12v\/","url":"https:\/\/eurotrail.info\/es\/producten\/colchonetas-para-dormir\/bombas-de-aire\/compresor-air-tube-pump-12v\/","name":"Compresor Air-Tube pump 12V - Eurotrail | The way we camp!","isPartOf":{"@id":"https:\/\/eurotrail.info\/#website"},"primaryImageOfPage":{"@id":"https:\/\/eurotrail.info\/es\/producten\/colchonetas-para-dormir\/bombas-de-aire\/compresor-air-tube-pump-12v\/#primaryimage"},"image":{"@id":"https:\/\/eurotrail.info\/es\/producten\/colchonetas-para-dormir\/bombas-de-aire\/compresor-air-tube-pump-12v\/#primaryimage"},"thumbnailUrl":"https:\/\/eurotrail.info\/wp\/wp-content\/uploads\/2016\/03\/ETIC2022-pressure-pump.jpg","datePublished":"2022-11-22T13:13:51+00:00","description":"Pr\u00e1ctica bomba de aire equipada con un potente compresor para proporcionar la potencia suficiente para bombear canales de aire AirTube o cualquier otro elemento inflable.","breadcrumb":{"@id":"https:\/\/eurotrail.info\/es\/producten\/colchonetas-para-dormir\/bombas-de-aire\/compresor-air-tube-pump-12v\/#breadcrumb"},"inLanguage":"es-ES","potentialAction":[{"@type":"ReadAction","target":["https:\/\/eurotrail.info\/es\/producten\/colchonetas-para-dormir\/bombas-de-aire\/compresor-air-tube-pump-12v\/"]}]},{"@type":"ImageObject","inLanguage":"es-ES","@id":"https:\/\/eurotrail.info\/es\/producten\/colchonetas-para-dormir\/bombas-de-aire\/compresor-air-tube-pump-12v\/#primaryimage","url":"https:\/\/eurotrail.info\/wp\/wp-content\/uploads\/2016\/03\/ETIC2022-pressure-pump.jpg","contentUrl":"https:\/\/eurotrail.info\/wp\/wp-content\/uploads\/2016\/03\/ETIC2022-pressure-pump.jpg","width":2194,"height":1548,"caption":"speciale 12V electrische pomp voor het opblazen van uw AirTube tenten of andere opblaasartikelen"},{"@type":"BreadcrumbList","@id":"https:\/\/eurotrail.info\/es\/producten\/colchonetas-para-dormir\/bombas-de-aire\/compresor-air-tube-pump-12v\/#breadcrumb","itemListElement":[{"@type":"ListItem","position":1,"name":"Home","item":"https:\/\/eurotrail.info\/es\/"},{"@type":"ListItem","position":2,"name":"Productos","item":"https:\/\/eurotrail.info\/es\/productos\/"},{"@type":"ListItem","position":3,"name":"Compresor Air-Tube pump 12V"}]},{"@type":"WebSite","@id":"https:\/\/eurotrail.info\/#website","url":"https:\/\/eurotrail.info\/","name":"Eurotrail | The way we camp!","description":"","publisher":{"@id":"https:\/\/eurotrail.info\/#organization"},"potentialAction":[{"@type":"SearchAction","target":{"@type":"EntryPoint","urlTemplate":"https:\/\/eurotrail.info\/?s={search_term_string}"},"query-input":{"@type":"PropertyValueSpecification","valueRequired":true,"valueName":"search_term_string"}}],"inLanguage":"es-ES"},{"@type":"Organization","@id":"https:\/\/eurotrail.info\/#organization","name":"Eurotrail | The way we camp!","url":"https:\/\/eurotrail.info\/","logo":{"@type":"ImageObject","inLanguage":"es-ES","@id":"https:\/\/eurotrail.info\/#\/schema\/logo\/image\/","url":"https:\/\/eurotrail.info\/wp\/wp-content\/uploads\/2023\/07\/ET-logo-quote_NL-scaled.jpg","contentUrl":"https:\/\/eurotrail.info\/wp\/wp-content\/uploads\/2023\/07\/ET-logo-quote_NL-scaled.jpg","width":2560,"height":675,"caption":"Eurotrail | The way we camp!"},"image":{"@id":"https:\/\/eurotrail.info\/#\/schema\/logo\/image\/"}}]}},"_links":{"self":[{"href":"https:\/\/eurotrail.info\/es\/wp-json\/wp\/v2\/product\/20769","targetHints":{"allow":["GET"]}}],"collection":[{"href":"https:\/\/eurotrail.info\/es\/wp-json\/wp\/v2\/product"}],"about":[{"href":"https:\/\/eurotrail.info\/es\/wp-json\/wp\/v2\/types\/product"}],"replies":[{"embeddable":true,"href":"https:\/\/eurotrail.info\/es\/wp-json\/wp\/v2\/comments?post=20769"}],"wp:featuredmedia":[{"embeddable":true,"href":"https:\/\/eurotrail.info\/es\/wp-json\/wp\/v2\/media\/16720"}],"wp:attachment":[{"href":"https:\/\/eurotrail.info\/es\/wp-json\/wp\/v2\/media?parent=20769"}],"wp:term":[{"taxonomy":"product_brand","embeddable":true,"href":"https:\/\/eurotrail.info\/es\/wp-json\/wp\/v2\/product_brand?post=20769"},{"taxonomy":"product_cat","embeddable":true,"href":"https:\/\/eurotrail.info\/es\/wp-json\/wp\/v2\/product_cat?post=20769"},{"taxonomy":"product_tag","embeddable":true,"href":"https:\/\/eurotrail.info\/es\/wp-json\/wp\/v2\/product_tag?post=20769"}],"curies":[{"name":"wp","href":"https:\/\/api.w.org\/{rel}","templated":true}]}}