{"id":20770,"date":"2018-01-10T15:35:35","date_gmt":"2022-11-22T13:18:47","guid":{"rendered":"https:\/\/eurotrail.info\/?post_type=product&#038;p=20770"},"modified":"2022-11-22T14:18:47","modified_gmt":"2022-11-22T13:18:47","slug":"bomba-recargable","status":"publish","type":"product","link":"https:\/\/eurotrail.info\/es\/producten\/colchonetas-para-dormir\/bombas-de-aire\/bomba-recargable\/","title":{"rendered":"Bomba recargable"},"content":{"rendered":"<p>Una potente bater\u00eda recargable para inflar o desinflar f\u00e1cil y r\u00e1pidamente camas de aire, colchones de aire, botes inflables ligeros y juguetes de aire. La bomba de forma ergon\u00f3mica se puede recargar con 12 V en el coche o con un adaptador de 230 V. Incluye 3 adaptadores de v\u00e1lvula.<\/p>\n<p>Presi\u00f3n: 39m\/bar 0.63psi<br \/>\nSonido: &lt;85DB<br \/>\nCaudal de aire: 36 l\/min<br \/>\nVoltaje = 12V \/ 230V (200mA)<\/p>\n","protected":false},"excerpt":{"rendered":"<p>Una potente bater\u00eda recargable para inflar o desinflar f\u00e1cil y r\u00e1pidamente camas de aire, colchones de aire, botes inflables ligeros y juguetes de aire. La&hellip;<\/p>\n","protected":false},"featured_media":18538,"comment_status":"open","ping_status":"closed","template":"","meta":{"_acf_changed":false},"product_brand":[],"product_cat":[364],"product_tag":[],"class_list":{"0":"post-20770","1":"product","2":"type-product","3":"status-publish","4":"has-post-thumbnail","6":"product_cat-bombas-de-aire","8":"first","9":"instock","10":"shipping-taxable","11":"product-type-simple"},"acf":[],"yoast_head":"<!-- This site is optimized with the Yoast SEO plugin v27.3 - https:\/\/yoast.com\/product\/yoast-seo-wordpress\/ -->\n<title>Bomba recargable - Eurotrail | The way we camp!<\/title>\n<meta name=\"description\" content=\"Una potente bater\u00eda recargable para inflar o desinflar f\u00e1cil y r\u00e1pidamente camas de aire, colchones de aire, botes inflables ligeros y juguetes de aire.\" \/>\n<meta name=\"robots\" content=\"index, follow, max-snippet:-1, max-image-preview:large, max-video-preview:-1\" \/>\n<link rel=\"canonical\" href=\"https:\/\/eurotrail.info\/es\/producten\/colchonetas-para-dormir\/bombas-de-aire\/bomba-recargable\/\" \/>\n<meta property=\"og:locale\" content=\"es_ES\" \/>\n<meta property=\"og:type\" content=\"article\" \/>\n<meta property=\"og:title\" content=\"Bomba recargable - Eurotrail | The way we camp!\" \/>\n<meta property=\"og:description\" content=\"Una potente bater\u00eda recargable para inflar o desinflar f\u00e1cil y r\u00e1pidamente camas de aire, colchones de aire, botes inflables ligeros y juguetes de aire.\" \/>\n<meta property=\"og:url\" content=\"https:\/\/eurotrail.info\/es\/producten\/colchonetas-para-dormir\/bombas-de-aire\/bomba-recargable\/\" \/>\n<meta property=\"og:site_name\" content=\"Eurotrail | The way we camp!\" \/>\n<meta property=\"og:image\" content=\"https:\/\/eurotrail.info\/wp\/wp-content\/uploads\/2019\/01\/ETIC2023-Pump-electr-black-compl18.jpg\" \/>\n\t<meta property=\"og:image:width\" content=\"2303\" \/>\n\t<meta property=\"og:image:height\" content=\"2008\" \/>\n\t<meta property=\"og:image:type\" content=\"image\/jpeg\" \/>\n<meta name=\"twitter:card\" content=\"summary_large_image\" \/>\n<meta name=\"twitter:label1\" content=\"Tiempo de lectura\" \/>\n\t<meta name=\"twitter:data1\" content=\"1 minute\" \/>\n<script type=\"application\/ld+json\" class=\"yoast-schema-graph\">{\"@context\":\"https:\\\/\\\/schema.org\",\"@graph\":[{\"@type\":\"WebPage\",\"@id\":\"https:\\\/\\\/eurotrail.info\\\/es\\\/producten\\\/colchonetas-para-dormir\\\/bombas-de-aire\\\/bomba-recargable\\\/\",\"url\":\"https:\\\/\\\/eurotrail.info\\\/es\\\/producten\\\/colchonetas-para-dormir\\\/bombas-de-aire\\\/bomba-recargable\\\/\",\"name\":\"Bomba recargable - Eurotrail | The way we camp!\",\"isPartOf\":{\"@id\":\"https:\\\/\\\/eurotrail.info\\\/#website\"},\"primaryImageOfPage\":{\"@id\":\"https:\\\/\\\/eurotrail.info\\\/es\\\/producten\\\/colchonetas-para-dormir\\\/bombas-de-aire\\\/bomba-recargable\\\/#primaryimage\"},\"image\":{\"@id\":\"https:\\\/\\\/eurotrail.info\\\/es\\\/producten\\\/colchonetas-para-dormir\\\/bombas-de-aire\\\/bomba-recargable\\\/#primaryimage\"},\"thumbnailUrl\":\"https:\\\/\\\/eurotrail.info\\\/wp\\\/wp-content\\\/uploads\\\/2019\\\/01\\\/ETIC2023-Pump-electr-black-compl18.jpg\",\"datePublished\":\"2022-11-22T13:18:47+00:00\",\"description\":\"Una potente bater\u00eda recargable para inflar o desinflar f\u00e1cil y r\u00e1pidamente camas de aire, colchones de aire, botes inflables ligeros y juguetes de aire.\",\"breadcrumb\":{\"@id\":\"https:\\\/\\\/eurotrail.info\\\/es\\\/producten\\\/colchonetas-para-dormir\\\/bombas-de-aire\\\/bomba-recargable\\\/#breadcrumb\"},\"inLanguage\":\"es-ES\",\"potentialAction\":[{\"@type\":\"ReadAction\",\"target\":[\"https:\\\/\\\/eurotrail.info\\\/es\\\/producten\\\/colchonetas-para-dormir\\\/bombas-de-aire\\\/bomba-recargable\\\/\"]}]},{\"@type\":\"ImageObject\",\"inLanguage\":\"es-ES\",\"@id\":\"https:\\\/\\\/eurotrail.info\\\/es\\\/producten\\\/colchonetas-para-dormir\\\/bombas-de-aire\\\/bomba-recargable\\\/#primaryimage\",\"url\":\"https:\\\/\\\/eurotrail.info\\\/wp\\\/wp-content\\\/uploads\\\/2019\\\/01\\\/ETIC2023-Pump-electr-black-compl18.jpg\",\"contentUrl\":\"https:\\\/\\\/eurotrail.info\\\/wp\\\/wp-content\\\/uploads\\\/2019\\\/01\\\/ETIC2023-Pump-electr-black-compl18.jpg\",\"width\":2303,\"height\":2008,\"caption\":\"Een krachtige oplaadbare pomp (360 ltr\\\/min.\"},{\"@type\":\"BreadcrumbList\",\"@id\":\"https:\\\/\\\/eurotrail.info\\\/es\\\/producten\\\/colchonetas-para-dormir\\\/bombas-de-aire\\\/bomba-recargable\\\/#breadcrumb\",\"itemListElement\":[{\"@type\":\"ListItem\",\"position\":1,\"name\":\"Home\",\"item\":\"https:\\\/\\\/eurotrail.info\\\/es\\\/\"},{\"@type\":\"ListItem\",\"position\":2,\"name\":\"Productos\",\"item\":\"https:\\\/\\\/eurotrail.info\\\/es\\\/productos\\\/\"},{\"@type\":\"ListItem\",\"position\":3,\"name\":\"Bomba recargable\"}]},{\"@type\":\"WebSite\",\"@id\":\"https:\\\/\\\/eurotrail.info\\\/#website\",\"url\":\"https:\\\/\\\/eurotrail.info\\\/\",\"name\":\"Eurotrail | The way we camp!\",\"description\":\"\",\"publisher\":{\"@id\":\"https:\\\/\\\/eurotrail.info\\\/#organization\"},\"potentialAction\":[{\"@type\":\"SearchAction\",\"target\":{\"@type\":\"EntryPoint\",\"urlTemplate\":\"https:\\\/\\\/eurotrail.info\\\/?s={search_term_string}\"},\"query-input\":{\"@type\":\"PropertyValueSpecification\",\"valueRequired\":true,\"valueName\":\"search_term_string\"}}],\"inLanguage\":\"es-ES\"},{\"@type\":\"Organization\",\"@id\":\"https:\\\/\\\/eurotrail.info\\\/#organization\",\"name\":\"Eurotrail | The way we camp!\",\"url\":\"https:\\\/\\\/eurotrail.info\\\/\",\"logo\":{\"@type\":\"ImageObject\",\"inLanguage\":\"es-ES\",\"@id\":\"https:\\\/\\\/eurotrail.info\\\/#\\\/schema\\\/logo\\\/image\\\/\",\"url\":\"https:\\\/\\\/eurotrail.info\\\/wp\\\/wp-content\\\/uploads\\\/2023\\\/07\\\/ET-logo-quote_NL-scaled.jpg\",\"contentUrl\":\"https:\\\/\\\/eurotrail.info\\\/wp\\\/wp-content\\\/uploads\\\/2023\\\/07\\\/ET-logo-quote_NL-scaled.jpg\",\"width\":2560,\"height\":675,\"caption\":\"Eurotrail | The way we camp!\"},\"image\":{\"@id\":\"https:\\\/\\\/eurotrail.info\\\/#\\\/schema\\\/logo\\\/image\\\/\"}}]}<\/script>\n<!-- \/ Yoast SEO plugin. -->","yoast_head_json":{"title":"Bomba recargable - Eurotrail | The way we camp!","description":"Una potente bater\u00eda recargable para inflar o desinflar f\u00e1cil y r\u00e1pidamente camas de aire, colchones de aire, botes inflables ligeros y juguetes de aire.","robots":{"index":"index","follow":"follow","max-snippet":"max-snippet:-1","max-image-preview":"max-image-preview:large","max-video-preview":"max-video-preview:-1"},"canonical":"https:\/\/eurotrail.info\/es\/producten\/colchonetas-para-dormir\/bombas-de-aire\/bomba-recargable\/","og_locale":"es_ES","og_type":"article","og_title":"Bomba recargable - Eurotrail | The way we camp!","og_description":"Una potente bater\u00eda recargable para inflar o desinflar f\u00e1cil y r\u00e1pidamente camas de aire, colchones de aire, botes inflables ligeros y juguetes de aire.","og_url":"https:\/\/eurotrail.info\/es\/producten\/colchonetas-para-dormir\/bombas-de-aire\/bomba-recargable\/","og_site_name":"Eurotrail | The way we camp!","og_image":[{"width":2303,"height":2008,"url":"https:\/\/eurotrail.info\/wp\/wp-content\/uploads\/2019\/01\/ETIC2023-Pump-electr-black-compl18.jpg","type":"image\/jpeg"}],"twitter_card":"summary_large_image","twitter_misc":{"Tiempo de lectura":"1 minute"},"schema":{"@context":"https:\/\/schema.org","@graph":[{"@type":"WebPage","@id":"https:\/\/eurotrail.info\/es\/producten\/colchonetas-para-dormir\/bombas-de-aire\/bomba-recargable\/","url":"https:\/\/eurotrail.info\/es\/producten\/colchonetas-para-dormir\/bombas-de-aire\/bomba-recargable\/","name":"Bomba recargable - Eurotrail | The way we camp!","isPartOf":{"@id":"https:\/\/eurotrail.info\/#website"},"primaryImageOfPage":{"@id":"https:\/\/eurotrail.info\/es\/producten\/colchonetas-para-dormir\/bombas-de-aire\/bomba-recargable\/#primaryimage"},"image":{"@id":"https:\/\/eurotrail.info\/es\/producten\/colchonetas-para-dormir\/bombas-de-aire\/bomba-recargable\/#primaryimage"},"thumbnailUrl":"https:\/\/eurotrail.info\/wp\/wp-content\/uploads\/2019\/01\/ETIC2023-Pump-electr-black-compl18.jpg","datePublished":"2022-11-22T13:18:47+00:00","description":"Una potente bater\u00eda recargable para inflar o desinflar f\u00e1cil y r\u00e1pidamente camas de aire, colchones de aire, botes inflables ligeros y juguetes de aire.","breadcrumb":{"@id":"https:\/\/eurotrail.info\/es\/producten\/colchonetas-para-dormir\/bombas-de-aire\/bomba-recargable\/#breadcrumb"},"inLanguage":"es-ES","potentialAction":[{"@type":"ReadAction","target":["https:\/\/eurotrail.info\/es\/producten\/colchonetas-para-dormir\/bombas-de-aire\/bomba-recargable\/"]}]},{"@type":"ImageObject","inLanguage":"es-ES","@id":"https:\/\/eurotrail.info\/es\/producten\/colchonetas-para-dormir\/bombas-de-aire\/bomba-recargable\/#primaryimage","url":"https:\/\/eurotrail.info\/wp\/wp-content\/uploads\/2019\/01\/ETIC2023-Pump-electr-black-compl18.jpg","contentUrl":"https:\/\/eurotrail.info\/wp\/wp-content\/uploads\/2019\/01\/ETIC2023-Pump-electr-black-compl18.jpg","width":2303,"height":2008,"caption":"Een krachtige oplaadbare pomp (360 ltr\/min."},{"@type":"BreadcrumbList","@id":"https:\/\/eurotrail.info\/es\/producten\/colchonetas-para-dormir\/bombas-de-aire\/bomba-recargable\/#breadcrumb","itemListElement":[{"@type":"ListItem","position":1,"name":"Home","item":"https:\/\/eurotrail.info\/es\/"},{"@type":"ListItem","position":2,"name":"Productos","item":"https:\/\/eurotrail.info\/es\/productos\/"},{"@type":"ListItem","position":3,"name":"Bomba recargable"}]},{"@type":"WebSite","@id":"https:\/\/eurotrail.info\/#website","url":"https:\/\/eurotrail.info\/","name":"Eurotrail | The way we camp!","description":"","publisher":{"@id":"https:\/\/eurotrail.info\/#organization"},"potentialAction":[{"@type":"SearchAction","target":{"@type":"EntryPoint","urlTemplate":"https:\/\/eurotrail.info\/?s={search_term_string}"},"query-input":{"@type":"PropertyValueSpecification","valueRequired":true,"valueName":"search_term_string"}}],"inLanguage":"es-ES"},{"@type":"Organization","@id":"https:\/\/eurotrail.info\/#organization","name":"Eurotrail | The way we camp!","url":"https:\/\/eurotrail.info\/","logo":{"@type":"ImageObject","inLanguage":"es-ES","@id":"https:\/\/eurotrail.info\/#\/schema\/logo\/image\/","url":"https:\/\/eurotrail.info\/wp\/wp-content\/uploads\/2023\/07\/ET-logo-quote_NL-scaled.jpg","contentUrl":"https:\/\/eurotrail.info\/wp\/wp-content\/uploads\/2023\/07\/ET-logo-quote_NL-scaled.jpg","width":2560,"height":675,"caption":"Eurotrail | The way we camp!"},"image":{"@id":"https:\/\/eurotrail.info\/#\/schema\/logo\/image\/"}}]}},"_links":{"self":[{"href":"https:\/\/eurotrail.info\/es\/wp-json\/wp\/v2\/product\/20770","targetHints":{"allow":["GET"]}}],"collection":[{"href":"https:\/\/eurotrail.info\/es\/wp-json\/wp\/v2\/product"}],"about":[{"href":"https:\/\/eurotrail.info\/es\/wp-json\/wp\/v2\/types\/product"}],"replies":[{"embeddable":true,"href":"https:\/\/eurotrail.info\/es\/wp-json\/wp\/v2\/comments?post=20770"}],"wp:featuredmedia":[{"embeddable":true,"href":"https:\/\/eurotrail.info\/es\/wp-json\/wp\/v2\/media\/18538"}],"wp:attachment":[{"href":"https:\/\/eurotrail.info\/es\/wp-json\/wp\/v2\/media?parent=20770"}],"wp:term":[{"taxonomy":"product_brand","embeddable":true,"href":"https:\/\/eurotrail.info\/es\/wp-json\/wp\/v2\/product_brand?post=20770"},{"taxonomy":"product_cat","embeddable":true,"href":"https:\/\/eurotrail.info\/es\/wp-json\/wp\/v2\/product_cat?post=20770"},{"taxonomy":"product_tag","embeddable":true,"href":"https:\/\/eurotrail.info\/es\/wp-json\/wp\/v2\/product_tag?post=20770"}],"curies":[{"name":"wp","href":"https:\/\/api.w.org\/{rel}","templated":true}]}}