{"id":20772,"date":"2016-09-28T13:36:35","date_gmt":"2022-11-22T13:24:57","guid":{"rendered":"https:\/\/eurotrail.info\/?post_type=product&#038;p=20772"},"modified":"2022-11-22T14:24:57","modified_gmt":"2022-11-22T13:24:57","slug":"sarten-plegable-con-tapa","status":"publish","type":"product","link":"https:\/\/eurotrail.info\/es\/producten\/domestico\/articulos-de-cocina-plegables-de-silicona\/sarten-plegable-con-tapa\/","title":{"rendered":"Sart\u00e9n plegable con tapa"},"content":{"rendered":"<p>Sart\u00e9n plegable con tapa, provista de fondo de acero inoxidable y asas de silicona maciza.<\/p>\n<p>Las sartenes est\u00e1n hechas de silicona y acero inoxidable. Los mangos est\u00e1n recubiertos de silicona, por lo que son seguros para las manos.<br \/>\nLa tapa tiene un asa de silicona y tiene un borde de cubierta de silicona con salidas de vapor especiales.<\/p>\n<p>Ideal para entre otras cosas en la caravana o tienda de campa\u00f1a derrumbada porque apenas se lleva a cabo en el conjunto.<br \/>\n\u00a1Un juego de cocina perfecto de 3 tama\u00f1os!<\/p>\n<p>Disponible en tama\u00f1os:<br \/>\nPeque\u00f1o: aprox. 1 litro, \u00d816x9cm, doblado \u00d816x4cm, pesa alrededor de 618 gramos.<br \/>\nMedio: aprox. 1,5 ltr \u00d820x9cm, plegado \u00d820x4cm, pesa unos 795 gramos.<br \/>\nGrande: aprox. 3,5 ltr \u00d824&#215;12,5cm, plegado: \u00d824&#215;4,5cm, peso aproximado 1,1 kg.<\/p>\n<p>&#8211; Libre de BPA (alimentos, sin sabor)<br \/>\n&#8211; Se puede poner directamente en la estufa<br \/>\n&#8211; Tama\u00f1o de paquete peque\u00f1o<br \/>\n&#8211; Exportar y plegar f\u00e1cilmente<br \/>\n&#8211; Aptas para el lavavajillas<\/p>\n<p>Material: 100% silicona, acero inoxidable y tapa de cristal.<br \/>\nColores disponibles: verde, azul y gris<\/p>\n","protected":false},"excerpt":{"rendered":"<p>Sart\u00e9n plegable con tapa, provista de fondo de acero inoxidable y asas de silicona maciza. Las sartenes est\u00e1n hechas de silicona y acero inoxidable. Los&hellip;<\/p>\n","protected":false},"featured_media":18455,"comment_status":"open","ping_status":"closed","template":"","meta":{"_acf_changed":false},"product_brand":[],"product_cat":[344],"product_tag":[],"class_list":{"0":"post-20772","1":"product","2":"type-product","3":"status-publish","4":"has-post-thumbnail","6":"product_cat-articulos-de-cocina-plegables-de-silicona","8":"first","9":"instock","10":"shipping-taxable","11":"product-type-simple"},"acf":[],"yoast_head":"<!-- This site is optimized with the Yoast SEO plugin v27.3 - https:\/\/yoast.com\/product\/yoast-seo-wordpress\/ -->\n<title>Sart\u00e9n plegable con tapa - Eurotrail | The way we camp!<\/title>\n<meta name=\"robots\" content=\"index, follow, max-snippet:-1, max-image-preview:large, max-video-preview:-1\" \/>\n<link rel=\"canonical\" href=\"https:\/\/eurotrail.info\/es\/producten\/domestico\/articulos-de-cocina-plegables-de-silicona\/sarten-plegable-con-tapa\/\" \/>\n<meta property=\"og:locale\" content=\"es_ES\" \/>\n<meta property=\"og:type\" content=\"article\" \/>\n<meta property=\"og:title\" content=\"Sart\u00e9n plegable con tapa - Eurotrail | The way we camp!\" \/>\n<meta property=\"og:description\" content=\"Sart\u00e9n plegable con tapa, provista de fondo de acero inoxidable y asas de silicona maciza. Las sartenes est\u00e1n hechas de silicona y acero inoxidable. Los&hellip;\" \/>\n<meta property=\"og:url\" content=\"https:\/\/eurotrail.info\/es\/producten\/domestico\/articulos-de-cocina-plegables-de-silicona\/sarten-plegable-con-tapa\/\" \/>\n<meta property=\"og:site_name\" content=\"Eurotrail | The way we camp!\" \/>\n<meta property=\"og:image\" content=\"https:\/\/eurotrail.info\/wp\/wp-content\/uploads\/2016\/09\/ETKW5055-Pan-with-lid-S-Grey-Open-18.jpg\" \/>\n\t<meta property=\"og:image:width\" content=\"1772\" \/>\n\t<meta property=\"og:image:height\" content=\"1046\" \/>\n\t<meta property=\"og:image:type\" content=\"image\/jpeg\" \/>\n<meta name=\"twitter:card\" content=\"summary_large_image\" \/>\n<meta name=\"twitter:label1\" content=\"Tiempo de lectura\" \/>\n\t<meta name=\"twitter:data1\" content=\"1 minute\" \/>\n<script type=\"application\/ld+json\" class=\"yoast-schema-graph\">{\"@context\":\"https:\\\/\\\/schema.org\",\"@graph\":[{\"@type\":\"WebPage\",\"@id\":\"https:\\\/\\\/eurotrail.info\\\/es\\\/producten\\\/domestico\\\/articulos-de-cocina-plegables-de-silicona\\\/sarten-plegable-con-tapa\\\/\",\"url\":\"https:\\\/\\\/eurotrail.info\\\/es\\\/producten\\\/domestico\\\/articulos-de-cocina-plegables-de-silicona\\\/sarten-plegable-con-tapa\\\/\",\"name\":\"Sart\u00e9n plegable con tapa - Eurotrail | The way we camp!\",\"isPartOf\":{\"@id\":\"https:\\\/\\\/eurotrail.info\\\/#website\"},\"primaryImageOfPage\":{\"@id\":\"https:\\\/\\\/eurotrail.info\\\/es\\\/producten\\\/domestico\\\/articulos-de-cocina-plegables-de-silicona\\\/sarten-plegable-con-tapa\\\/#primaryimage\"},\"image\":{\"@id\":\"https:\\\/\\\/eurotrail.info\\\/es\\\/producten\\\/domestico\\\/articulos-de-cocina-plegables-de-silicona\\\/sarten-plegable-con-tapa\\\/#primaryimage\"},\"thumbnailUrl\":\"https:\\\/\\\/eurotrail.info\\\/wp\\\/wp-content\\\/uploads\\\/2016\\\/09\\\/ETKW5055-Pan-with-lid-S-Grey-Open-18.jpg\",\"datePublished\":\"2022-11-22T13:24:57+00:00\",\"breadcrumb\":{\"@id\":\"https:\\\/\\\/eurotrail.info\\\/es\\\/producten\\\/domestico\\\/articulos-de-cocina-plegables-de-silicona\\\/sarten-plegable-con-tapa\\\/#breadcrumb\"},\"inLanguage\":\"es-ES\",\"potentialAction\":[{\"@type\":\"ReadAction\",\"target\":[\"https:\\\/\\\/eurotrail.info\\\/es\\\/producten\\\/domestico\\\/articulos-de-cocina-plegables-de-silicona\\\/sarten-plegable-con-tapa\\\/\"]}]},{\"@type\":\"ImageObject\",\"inLanguage\":\"es-ES\",\"@id\":\"https:\\\/\\\/eurotrail.info\\\/es\\\/producten\\\/domestico\\\/articulos-de-cocina-plegables-de-silicona\\\/sarten-plegable-con-tapa\\\/#primaryimage\",\"url\":\"https:\\\/\\\/eurotrail.info\\\/wp\\\/wp-content\\\/uploads\\\/2016\\\/09\\\/ETKW5055-Pan-with-lid-S-Grey-Open-18.jpg\",\"contentUrl\":\"https:\\\/\\\/eurotrail.info\\\/wp\\\/wp-content\\\/uploads\\\/2016\\\/09\\\/ETKW5055-Pan-with-lid-S-Grey-Open-18.jpg\",\"width\":1772,\"height\":1046,\"caption\":\"Opvouwbare pannen met deksel, (1- 1.5-3.5ltr.), vervaardigd van siliconen en roestvrij staal.\"},{\"@type\":\"BreadcrumbList\",\"@id\":\"https:\\\/\\\/eurotrail.info\\\/es\\\/producten\\\/domestico\\\/articulos-de-cocina-plegables-de-silicona\\\/sarten-plegable-con-tapa\\\/#breadcrumb\",\"itemListElement\":[{\"@type\":\"ListItem\",\"position\":1,\"name\":\"Home\",\"item\":\"https:\\\/\\\/eurotrail.info\\\/es\\\/\"},{\"@type\":\"ListItem\",\"position\":2,\"name\":\"Productos\",\"item\":\"https:\\\/\\\/eurotrail.info\\\/es\\\/productos\\\/\"},{\"@type\":\"ListItem\",\"position\":3,\"name\":\"Sart\u00e9n plegable con tapa\"}]},{\"@type\":\"WebSite\",\"@id\":\"https:\\\/\\\/eurotrail.info\\\/#website\",\"url\":\"https:\\\/\\\/eurotrail.info\\\/\",\"name\":\"Eurotrail | The way we camp!\",\"description\":\"\",\"publisher\":{\"@id\":\"https:\\\/\\\/eurotrail.info\\\/#organization\"},\"potentialAction\":[{\"@type\":\"SearchAction\",\"target\":{\"@type\":\"EntryPoint\",\"urlTemplate\":\"https:\\\/\\\/eurotrail.info\\\/?s={search_term_string}\"},\"query-input\":{\"@type\":\"PropertyValueSpecification\",\"valueRequired\":true,\"valueName\":\"search_term_string\"}}],\"inLanguage\":\"es-ES\"},{\"@type\":\"Organization\",\"@id\":\"https:\\\/\\\/eurotrail.info\\\/#organization\",\"name\":\"Eurotrail | The way we camp!\",\"url\":\"https:\\\/\\\/eurotrail.info\\\/\",\"logo\":{\"@type\":\"ImageObject\",\"inLanguage\":\"es-ES\",\"@id\":\"https:\\\/\\\/eurotrail.info\\\/#\\\/schema\\\/logo\\\/image\\\/\",\"url\":\"https:\\\/\\\/eurotrail.info\\\/wp\\\/wp-content\\\/uploads\\\/2023\\\/07\\\/ET-logo-quote_NL-scaled.jpg\",\"contentUrl\":\"https:\\\/\\\/eurotrail.info\\\/wp\\\/wp-content\\\/uploads\\\/2023\\\/07\\\/ET-logo-quote_NL-scaled.jpg\",\"width\":2560,\"height\":675,\"caption\":\"Eurotrail | The way we camp!\"},\"image\":{\"@id\":\"https:\\\/\\\/eurotrail.info\\\/#\\\/schema\\\/logo\\\/image\\\/\"}}]}<\/script>\n<!-- \/ Yoast SEO plugin. -->","yoast_head_json":{"title":"Sart\u00e9n plegable con tapa - Eurotrail | The way we camp!","robots":{"index":"index","follow":"follow","max-snippet":"max-snippet:-1","max-image-preview":"max-image-preview:large","max-video-preview":"max-video-preview:-1"},"canonical":"https:\/\/eurotrail.info\/es\/producten\/domestico\/articulos-de-cocina-plegables-de-silicona\/sarten-plegable-con-tapa\/","og_locale":"es_ES","og_type":"article","og_title":"Sart\u00e9n plegable con tapa - Eurotrail | The way we camp!","og_description":"Sart\u00e9n plegable con tapa, provista de fondo de acero inoxidable y asas de silicona maciza. Las sartenes est\u00e1n hechas de silicona y acero inoxidable. Los&hellip;","og_url":"https:\/\/eurotrail.info\/es\/producten\/domestico\/articulos-de-cocina-plegables-de-silicona\/sarten-plegable-con-tapa\/","og_site_name":"Eurotrail | The way we camp!","og_image":[{"width":1772,"height":1046,"url":"https:\/\/eurotrail.info\/wp\/wp-content\/uploads\/2016\/09\/ETKW5055-Pan-with-lid-S-Grey-Open-18.jpg","type":"image\/jpeg"}],"twitter_card":"summary_large_image","twitter_misc":{"Tiempo de lectura":"1 minute"},"schema":{"@context":"https:\/\/schema.org","@graph":[{"@type":"WebPage","@id":"https:\/\/eurotrail.info\/es\/producten\/domestico\/articulos-de-cocina-plegables-de-silicona\/sarten-plegable-con-tapa\/","url":"https:\/\/eurotrail.info\/es\/producten\/domestico\/articulos-de-cocina-plegables-de-silicona\/sarten-plegable-con-tapa\/","name":"Sart\u00e9n plegable con tapa - Eurotrail | The way we camp!","isPartOf":{"@id":"https:\/\/eurotrail.info\/#website"},"primaryImageOfPage":{"@id":"https:\/\/eurotrail.info\/es\/producten\/domestico\/articulos-de-cocina-plegables-de-silicona\/sarten-plegable-con-tapa\/#primaryimage"},"image":{"@id":"https:\/\/eurotrail.info\/es\/producten\/domestico\/articulos-de-cocina-plegables-de-silicona\/sarten-plegable-con-tapa\/#primaryimage"},"thumbnailUrl":"https:\/\/eurotrail.info\/wp\/wp-content\/uploads\/2016\/09\/ETKW5055-Pan-with-lid-S-Grey-Open-18.jpg","datePublished":"2022-11-22T13:24:57+00:00","breadcrumb":{"@id":"https:\/\/eurotrail.info\/es\/producten\/domestico\/articulos-de-cocina-plegables-de-silicona\/sarten-plegable-con-tapa\/#breadcrumb"},"inLanguage":"es-ES","potentialAction":[{"@type":"ReadAction","target":["https:\/\/eurotrail.info\/es\/producten\/domestico\/articulos-de-cocina-plegables-de-silicona\/sarten-plegable-con-tapa\/"]}]},{"@type":"ImageObject","inLanguage":"es-ES","@id":"https:\/\/eurotrail.info\/es\/producten\/domestico\/articulos-de-cocina-plegables-de-silicona\/sarten-plegable-con-tapa\/#primaryimage","url":"https:\/\/eurotrail.info\/wp\/wp-content\/uploads\/2016\/09\/ETKW5055-Pan-with-lid-S-Grey-Open-18.jpg","contentUrl":"https:\/\/eurotrail.info\/wp\/wp-content\/uploads\/2016\/09\/ETKW5055-Pan-with-lid-S-Grey-Open-18.jpg","width":1772,"height":1046,"caption":"Opvouwbare pannen met deksel, (1- 1.5-3.5ltr.), vervaardigd van siliconen en roestvrij staal."},{"@type":"BreadcrumbList","@id":"https:\/\/eurotrail.info\/es\/producten\/domestico\/articulos-de-cocina-plegables-de-silicona\/sarten-plegable-con-tapa\/#breadcrumb","itemListElement":[{"@type":"ListItem","position":1,"name":"Home","item":"https:\/\/eurotrail.info\/es\/"},{"@type":"ListItem","position":2,"name":"Productos","item":"https:\/\/eurotrail.info\/es\/productos\/"},{"@type":"ListItem","position":3,"name":"Sart\u00e9n plegable con tapa"}]},{"@type":"WebSite","@id":"https:\/\/eurotrail.info\/#website","url":"https:\/\/eurotrail.info\/","name":"Eurotrail | The way we camp!","description":"","publisher":{"@id":"https:\/\/eurotrail.info\/#organization"},"potentialAction":[{"@type":"SearchAction","target":{"@type":"EntryPoint","urlTemplate":"https:\/\/eurotrail.info\/?s={search_term_string}"},"query-input":{"@type":"PropertyValueSpecification","valueRequired":true,"valueName":"search_term_string"}}],"inLanguage":"es-ES"},{"@type":"Organization","@id":"https:\/\/eurotrail.info\/#organization","name":"Eurotrail | The way we camp!","url":"https:\/\/eurotrail.info\/","logo":{"@type":"ImageObject","inLanguage":"es-ES","@id":"https:\/\/eurotrail.info\/#\/schema\/logo\/image\/","url":"https:\/\/eurotrail.info\/wp\/wp-content\/uploads\/2023\/07\/ET-logo-quote_NL-scaled.jpg","contentUrl":"https:\/\/eurotrail.info\/wp\/wp-content\/uploads\/2023\/07\/ET-logo-quote_NL-scaled.jpg","width":2560,"height":675,"caption":"Eurotrail | The way we camp!"},"image":{"@id":"https:\/\/eurotrail.info\/#\/schema\/logo\/image\/"}}]}},"_links":{"self":[{"href":"https:\/\/eurotrail.info\/es\/wp-json\/wp\/v2\/product\/20772","targetHints":{"allow":["GET"]}}],"collection":[{"href":"https:\/\/eurotrail.info\/es\/wp-json\/wp\/v2\/product"}],"about":[{"href":"https:\/\/eurotrail.info\/es\/wp-json\/wp\/v2\/types\/product"}],"replies":[{"embeddable":true,"href":"https:\/\/eurotrail.info\/es\/wp-json\/wp\/v2\/comments?post=20772"}],"wp:featuredmedia":[{"embeddable":true,"href":"https:\/\/eurotrail.info\/es\/wp-json\/wp\/v2\/media\/18455"}],"wp:attachment":[{"href":"https:\/\/eurotrail.info\/es\/wp-json\/wp\/v2\/media?parent=20772"}],"wp:term":[{"taxonomy":"product_brand","embeddable":true,"href":"https:\/\/eurotrail.info\/es\/wp-json\/wp\/v2\/product_brand?post=20772"},{"taxonomy":"product_cat","embeddable":true,"href":"https:\/\/eurotrail.info\/es\/wp-json\/wp\/v2\/product_cat?post=20772"},{"taxonomy":"product_tag","embeddable":true,"href":"https:\/\/eurotrail.info\/es\/wp-json\/wp\/v2\/product_tag?post=20772"}],"curies":[{"name":"wp","href":"https:\/\/api.w.org\/{rel}","templated":true}]}}