{"id":20778,"date":"2017-01-06T15:24:31","date_gmt":"2022-11-22T13:36:12","guid":{"rendered":"https:\/\/eurotrail.info\/?post_type=product&#038;p=20778"},"modified":"2022-11-22T14:36:13","modified_gmt":"2022-11-22T13:36:13","slug":"lavabo-colador-plegable","status":"publish","type":"product","link":"https:\/\/eurotrail.info\/es\/producten\/domestico\/articulos-de-cocina-plegables-de-silicona\/lavabo-colador-plegable\/","title":{"rendered":"Lavabo colador plegable"},"content":{"rendered":"<p>Ideal para usar en el fregadero. Los mangos extra\u00edbles se adaptan a casi todos los fregaderos.<br \/>\nF\u00e1cil de plegar a un peque\u00f1o volumen de embalaje.<br \/>\nMaterial: silicona \/ TPP<br \/>\nTama\u00f1o extensible de 39 a 60cm,<br \/>\nTama\u00f1o colador: 39x26x12cm<br \/>\nCuando est\u00e1 plegado: 39x26x4.5cm<br \/>\nPeso: 524 gramos<\/p>\n","protected":false},"excerpt":{"rendered":"<p>Ideal para usar en el fregadero. Los mangos extra\u00edbles se adaptan a casi todos los fregaderos. F\u00e1cil de plegar a un peque\u00f1o volumen de embalaje.&hellip;<\/p>\n","protected":false},"featured_media":17260,"comment_status":"open","ping_status":"closed","template":"","meta":{"_acf_changed":false},"product_brand":[],"product_cat":[344],"product_tag":[],"class_list":{"0":"post-20778","1":"product","2":"type-product","3":"status-publish","4":"has-post-thumbnail","6":"product_cat-articulos-de-cocina-plegables-de-silicona","8":"first","9":"instock","10":"shipping-taxable","11":"product-type-simple"},"acf":[],"yoast_head":"<!-- This site is optimized with the Yoast SEO plugin v27.3 - https:\/\/yoast.com\/product\/yoast-seo-wordpress\/ -->\n<title>Lavabo colador plegable - Eurotrail | The way we camp!<\/title>\n<meta name=\"robots\" content=\"index, follow, max-snippet:-1, max-image-preview:large, max-video-preview:-1\" \/>\n<link rel=\"canonical\" href=\"https:\/\/eurotrail.info\/producten\/huishoudelijk\/opvouwbare-boxen-keukenartikelen-siliconen\/wasbak-vergiet\/\" \/>\n<meta property=\"og:locale\" content=\"es_ES\" \/>\n<meta property=\"og:type\" content=\"article\" \/>\n<meta property=\"og:title\" content=\"Lavabo colador plegable - Eurotrail | The way we camp!\" \/>\n<meta property=\"og:description\" content=\"Ideal para usar en el fregadero. Los mangos extra\u00edbles se adaptan a casi todos los fregaderos. F\u00e1cil de plegar a un peque\u00f1o volumen de embalaje.&hellip;\" \/>\n<meta property=\"og:url\" content=\"https:\/\/eurotrail.info\/producten\/huishoudelijk\/opvouwbare-boxen-keukenartikelen-siliconen\/wasbak-vergiet\/\" \/>\n<meta property=\"og:site_name\" content=\"Eurotrail | The way we camp!\" \/>\n<meta property=\"article:modified_time\" content=\"2022-11-22T13:36:13+00:00\" \/>\n<meta property=\"og:image\" content=\"https:\/\/eurotrail.info\/wp\/wp-content\/uploads\/2017\/01\/Eurotrail-opvouwbare-wasbak-vergiet-4.jpg\" \/>\n\t<meta property=\"og:image:width\" content=\"1772\" \/>\n\t<meta property=\"og:image:height\" content=\"772\" \/>\n\t<meta property=\"og:image:type\" content=\"image\/jpeg\" \/>\n<meta name=\"twitter:card\" content=\"summary_large_image\" \/>\n<script type=\"application\/ld+json\" class=\"yoast-schema-graph\">{\"@context\":\"https:\\\/\\\/schema.org\",\"@graph\":[{\"@type\":\"WebPage\",\"@id\":\"https:\\\/\\\/eurotrail.info\\\/producten\\\/huishoudelijk\\\/opvouwbare-boxen-keukenartikelen-siliconen\\\/wasbak-vergiet\\\/\",\"url\":\"https:\\\/\\\/eurotrail.info\\\/producten\\\/huishoudelijk\\\/opvouwbare-boxen-keukenartikelen-siliconen\\\/wasbak-vergiet\\\/\",\"name\":\"Lavabo colador plegable - Eurotrail | The way we camp!\",\"isPartOf\":{\"@id\":\"https:\\\/\\\/eurotrail.info\\\/#website\"},\"primaryImageOfPage\":{\"@id\":\"https:\\\/\\\/eurotrail.info\\\/producten\\\/huishoudelijk\\\/opvouwbare-boxen-keukenartikelen-siliconen\\\/wasbak-vergiet\\\/#primaryimage\"},\"image\":{\"@id\":\"https:\\\/\\\/eurotrail.info\\\/producten\\\/huishoudelijk\\\/opvouwbare-boxen-keukenartikelen-siliconen\\\/wasbak-vergiet\\\/#primaryimage\"},\"thumbnailUrl\":\"https:\\\/\\\/eurotrail.info\\\/wp\\\/wp-content\\\/uploads\\\/2017\\\/01\\\/Eurotrail-opvouwbare-wasbak-vergiet-4.jpg\",\"datePublished\":\"2022-11-22T13:36:12+00:00\",\"dateModified\":\"2022-11-22T13:36:13+00:00\",\"breadcrumb\":{\"@id\":\"https:\\\/\\\/eurotrail.info\\\/producten\\\/huishoudelijk\\\/opvouwbare-boxen-keukenartikelen-siliconen\\\/wasbak-vergiet\\\/#breadcrumb\"},\"inLanguage\":\"es-ES\",\"potentialAction\":[{\"@type\":\"ReadAction\",\"target\":[\"https:\\\/\\\/eurotrail.info\\\/producten\\\/huishoudelijk\\\/opvouwbare-boxen-keukenartikelen-siliconen\\\/wasbak-vergiet\\\/\"]}]},{\"@type\":\"ImageObject\",\"inLanguage\":\"es-ES\",\"@id\":\"https:\\\/\\\/eurotrail.info\\\/producten\\\/huishoudelijk\\\/opvouwbare-boxen-keukenartikelen-siliconen\\\/wasbak-vergiet\\\/#primaryimage\",\"url\":\"https:\\\/\\\/eurotrail.info\\\/wp\\\/wp-content\\\/uploads\\\/2017\\\/01\\\/Eurotrail-opvouwbare-wasbak-vergiet-4.jpg\",\"contentUrl\":\"https:\\\/\\\/eurotrail.info\\\/wp\\\/wp-content\\\/uploads\\\/2017\\\/01\\\/Eurotrail-opvouwbare-wasbak-vergiet-4.jpg\",\"width\":1772,\"height\":772,\"caption\":\"Eurotrail Wasbak-vergiet. Ideaal voor gebruik boven de wasbak.\"},{\"@type\":\"BreadcrumbList\",\"@id\":\"https:\\\/\\\/eurotrail.info\\\/producten\\\/huishoudelijk\\\/opvouwbare-boxen-keukenartikelen-siliconen\\\/wasbak-vergiet\\\/#breadcrumb\",\"itemListElement\":[{\"@type\":\"ListItem\",\"position\":1,\"name\":\"Home\",\"item\":\"https:\\\/\\\/eurotrail.info\\\/es\\\/\"},{\"@type\":\"ListItem\",\"position\":2,\"name\":\"Productos\",\"item\":\"https:\\\/\\\/eurotrail.info\\\/es\\\/productos\\\/\"},{\"@type\":\"ListItem\",\"position\":3,\"name\":\"Lavabo colador plegable\"}]},{\"@type\":\"WebSite\",\"@id\":\"https:\\\/\\\/eurotrail.info\\\/#website\",\"url\":\"https:\\\/\\\/eurotrail.info\\\/\",\"name\":\"Eurotrail | The way we camp!\",\"description\":\"\",\"publisher\":{\"@id\":\"https:\\\/\\\/eurotrail.info\\\/#organization\"},\"potentialAction\":[{\"@type\":\"SearchAction\",\"target\":{\"@type\":\"EntryPoint\",\"urlTemplate\":\"https:\\\/\\\/eurotrail.info\\\/?s={search_term_string}\"},\"query-input\":{\"@type\":\"PropertyValueSpecification\",\"valueRequired\":true,\"valueName\":\"search_term_string\"}}],\"inLanguage\":\"es-ES\"},{\"@type\":\"Organization\",\"@id\":\"https:\\\/\\\/eurotrail.info\\\/#organization\",\"name\":\"Eurotrail | The way we camp!\",\"url\":\"https:\\\/\\\/eurotrail.info\\\/\",\"logo\":{\"@type\":\"ImageObject\",\"inLanguage\":\"es-ES\",\"@id\":\"https:\\\/\\\/eurotrail.info\\\/#\\\/schema\\\/logo\\\/image\\\/\",\"url\":\"https:\\\/\\\/eurotrail.info\\\/wp\\\/wp-content\\\/uploads\\\/2023\\\/07\\\/ET-logo-quote_NL-scaled.jpg\",\"contentUrl\":\"https:\\\/\\\/eurotrail.info\\\/wp\\\/wp-content\\\/uploads\\\/2023\\\/07\\\/ET-logo-quote_NL-scaled.jpg\",\"width\":2560,\"height\":675,\"caption\":\"Eurotrail | The way we camp!\"},\"image\":{\"@id\":\"https:\\\/\\\/eurotrail.info\\\/#\\\/schema\\\/logo\\\/image\\\/\"}}]}<\/script>\n<!-- \/ Yoast SEO plugin. -->","yoast_head_json":{"title":"Lavabo colador plegable - Eurotrail | The way we camp!","robots":{"index":"index","follow":"follow","max-snippet":"max-snippet:-1","max-image-preview":"max-image-preview:large","max-video-preview":"max-video-preview:-1"},"canonical":"https:\/\/eurotrail.info\/producten\/huishoudelijk\/opvouwbare-boxen-keukenartikelen-siliconen\/wasbak-vergiet\/","og_locale":"es_ES","og_type":"article","og_title":"Lavabo colador plegable - Eurotrail | The way we camp!","og_description":"Ideal para usar en el fregadero. Los mangos extra\u00edbles se adaptan a casi todos los fregaderos. F\u00e1cil de plegar a un peque\u00f1o volumen de embalaje.&hellip;","og_url":"https:\/\/eurotrail.info\/producten\/huishoudelijk\/opvouwbare-boxen-keukenartikelen-siliconen\/wasbak-vergiet\/","og_site_name":"Eurotrail | The way we camp!","article_modified_time":"2022-11-22T13:36:13+00:00","og_image":[{"width":1772,"height":772,"url":"https:\/\/eurotrail.info\/wp\/wp-content\/uploads\/2017\/01\/Eurotrail-opvouwbare-wasbak-vergiet-4.jpg","type":"image\/jpeg"}],"twitter_card":"summary_large_image","schema":{"@context":"https:\/\/schema.org","@graph":[{"@type":"WebPage","@id":"https:\/\/eurotrail.info\/producten\/huishoudelijk\/opvouwbare-boxen-keukenartikelen-siliconen\/wasbak-vergiet\/","url":"https:\/\/eurotrail.info\/producten\/huishoudelijk\/opvouwbare-boxen-keukenartikelen-siliconen\/wasbak-vergiet\/","name":"Lavabo colador plegable - Eurotrail | The way we camp!","isPartOf":{"@id":"https:\/\/eurotrail.info\/#website"},"primaryImageOfPage":{"@id":"https:\/\/eurotrail.info\/producten\/huishoudelijk\/opvouwbare-boxen-keukenartikelen-siliconen\/wasbak-vergiet\/#primaryimage"},"image":{"@id":"https:\/\/eurotrail.info\/producten\/huishoudelijk\/opvouwbare-boxen-keukenartikelen-siliconen\/wasbak-vergiet\/#primaryimage"},"thumbnailUrl":"https:\/\/eurotrail.info\/wp\/wp-content\/uploads\/2017\/01\/Eurotrail-opvouwbare-wasbak-vergiet-4.jpg","datePublished":"2022-11-22T13:36:12+00:00","dateModified":"2022-11-22T13:36:13+00:00","breadcrumb":{"@id":"https:\/\/eurotrail.info\/producten\/huishoudelijk\/opvouwbare-boxen-keukenartikelen-siliconen\/wasbak-vergiet\/#breadcrumb"},"inLanguage":"es-ES","potentialAction":[{"@type":"ReadAction","target":["https:\/\/eurotrail.info\/producten\/huishoudelijk\/opvouwbare-boxen-keukenartikelen-siliconen\/wasbak-vergiet\/"]}]},{"@type":"ImageObject","inLanguage":"es-ES","@id":"https:\/\/eurotrail.info\/producten\/huishoudelijk\/opvouwbare-boxen-keukenartikelen-siliconen\/wasbak-vergiet\/#primaryimage","url":"https:\/\/eurotrail.info\/wp\/wp-content\/uploads\/2017\/01\/Eurotrail-opvouwbare-wasbak-vergiet-4.jpg","contentUrl":"https:\/\/eurotrail.info\/wp\/wp-content\/uploads\/2017\/01\/Eurotrail-opvouwbare-wasbak-vergiet-4.jpg","width":1772,"height":772,"caption":"Eurotrail Wasbak-vergiet. Ideaal voor gebruik boven de wasbak."},{"@type":"BreadcrumbList","@id":"https:\/\/eurotrail.info\/producten\/huishoudelijk\/opvouwbare-boxen-keukenartikelen-siliconen\/wasbak-vergiet\/#breadcrumb","itemListElement":[{"@type":"ListItem","position":1,"name":"Home","item":"https:\/\/eurotrail.info\/es\/"},{"@type":"ListItem","position":2,"name":"Productos","item":"https:\/\/eurotrail.info\/es\/productos\/"},{"@type":"ListItem","position":3,"name":"Lavabo colador plegable"}]},{"@type":"WebSite","@id":"https:\/\/eurotrail.info\/#website","url":"https:\/\/eurotrail.info\/","name":"Eurotrail | The way we camp!","description":"","publisher":{"@id":"https:\/\/eurotrail.info\/#organization"},"potentialAction":[{"@type":"SearchAction","target":{"@type":"EntryPoint","urlTemplate":"https:\/\/eurotrail.info\/?s={search_term_string}"},"query-input":{"@type":"PropertyValueSpecification","valueRequired":true,"valueName":"search_term_string"}}],"inLanguage":"es-ES"},{"@type":"Organization","@id":"https:\/\/eurotrail.info\/#organization","name":"Eurotrail | The way we camp!","url":"https:\/\/eurotrail.info\/","logo":{"@type":"ImageObject","inLanguage":"es-ES","@id":"https:\/\/eurotrail.info\/#\/schema\/logo\/image\/","url":"https:\/\/eurotrail.info\/wp\/wp-content\/uploads\/2023\/07\/ET-logo-quote_NL-scaled.jpg","contentUrl":"https:\/\/eurotrail.info\/wp\/wp-content\/uploads\/2023\/07\/ET-logo-quote_NL-scaled.jpg","width":2560,"height":675,"caption":"Eurotrail | The way we camp!"},"image":{"@id":"https:\/\/eurotrail.info\/#\/schema\/logo\/image\/"}}]}},"_links":{"self":[{"href":"https:\/\/eurotrail.info\/es\/wp-json\/wp\/v2\/product\/20778","targetHints":{"allow":["GET"]}}],"collection":[{"href":"https:\/\/eurotrail.info\/es\/wp-json\/wp\/v2\/product"}],"about":[{"href":"https:\/\/eurotrail.info\/es\/wp-json\/wp\/v2\/types\/product"}],"replies":[{"embeddable":true,"href":"https:\/\/eurotrail.info\/es\/wp-json\/wp\/v2\/comments?post=20778"}],"wp:featuredmedia":[{"embeddable":true,"href":"https:\/\/eurotrail.info\/es\/wp-json\/wp\/v2\/media\/17260"}],"wp:attachment":[{"href":"https:\/\/eurotrail.info\/es\/wp-json\/wp\/v2\/media?parent=20778"}],"wp:term":[{"taxonomy":"product_brand","embeddable":true,"href":"https:\/\/eurotrail.info\/es\/wp-json\/wp\/v2\/product_brand?post=20778"},{"taxonomy":"product_cat","embeddable":true,"href":"https:\/\/eurotrail.info\/es\/wp-json\/wp\/v2\/product_cat?post=20778"},{"taxonomy":"product_tag","embeddable":true,"href":"https:\/\/eurotrail.info\/es\/wp-json\/wp\/v2\/product_tag?post=20778"}],"curies":[{"name":"wp","href":"https:\/\/api.w.org\/{rel}","templated":true}]}}