{"id":20784,"date":"2020-01-23T13:00:32","date_gmt":"2022-11-22T13:44:19","guid":{"rendered":"https:\/\/eurotrail.info\/?post_type=product&#038;p=20784"},"modified":"2022-11-22T14:45:12","modified_gmt":"2022-11-22T13:45:12","slug":"vajilla-napoli-2prs-cubiertos","status":"publish","type":"product","link":"https:\/\/eurotrail.info\/es\/producten\/domestico\/vajilla\/vajilla-napoli-2prs-cubiertos\/","title":{"rendered":"Vajilla Napoli 2prs.+ cubiertos"},"content":{"rendered":"<p>Pr\u00e1ctico juego de vajilla de melamina de 8 piezas completo con juego de cubiertos apto para 2 personas. Ideal para usar en la caravana o tienda de campa\u00f1a. El juego consta de 2 platos llanos, 2 platos de desayuno, tazones de muesli o sopa y tazas para caf\u00e9 o t\u00e9 y 2 juegos completos de cubiertos. No apto para microondas.<\/p>\n<p>2 x plato grande, \u00d8 25,8x2cm, 230 gr.<br \/>\n2 x plato peque\u00f1o, \u00d8 22,8&#215;1,7cm, 140 gr.<br \/>\n2 cuencos, \u00d8 14,8x7cm, 120 gr.<br \/>\n2 tazas, \u00d8 8,9&#215;10,6 cm, 120 gr.<br \/>\n2 juegos de cubiertos.<\/p>\n","protected":false},"excerpt":{"rendered":"<p>Pr\u00e1ctico juego de vajilla de melamina de 8 piezas completo con juego de cubiertos apto para 2 personas. Ideal para usar en la caravana o&hellip;<\/p>\n","protected":false},"featured_media":18754,"comment_status":"open","ping_status":"closed","template":"","meta":{"_acf_changed":false},"product_brand":[],"product_cat":[345],"product_tag":[],"class_list":{"0":"post-20784","1":"product","2":"type-product","3":"status-publish","4":"has-post-thumbnail","6":"product_cat-vajilla","8":"first","9":"instock","10":"shipping-taxable","11":"product-type-simple"},"acf":[],"yoast_head":"<!-- This site is optimized with the Yoast SEO plugin v27.3 - https:\/\/yoast.com\/product\/yoast-seo-wordpress\/ -->\n<title>Vajilla Napoli 2prs.+ cubiertos - Eurotrail | The way we camp!<\/title>\n<meta name=\"description\" content=\"Pr\u00e1ctico juego de vajilla de melamina de 8 piezas completo con juego de cubiertos apto para 2 personas. Ideal para usar en la caravana o tienda de campa\u00f1a\" \/>\n<meta name=\"robots\" content=\"index, follow, max-snippet:-1, max-image-preview:large, max-video-preview:-1\" \/>\n<link rel=\"canonical\" href=\"https:\/\/eurotrail.info\/es\/producten\/domestico\/vajilla\/vajilla-napoli-2prs-cubiertos\/\" \/>\n<meta property=\"og:locale\" content=\"es_ES\" \/>\n<meta property=\"og:type\" content=\"article\" \/>\n<meta property=\"og:title\" content=\"Vajilla Napoli 2prs.+ cubiertos - Eurotrail | The way we camp!\" \/>\n<meta property=\"og:description\" content=\"Pr\u00e1ctico juego de vajilla de melamina de 8 piezas completo con juego de cubiertos apto para 2 personas. Ideal para usar en la caravana o tienda de campa\u00f1a\" \/>\n<meta property=\"og:url\" content=\"https:\/\/eurotrail.info\/es\/producten\/domestico\/vajilla\/vajilla-napoli-2prs-cubiertos\/\" \/>\n<meta property=\"og:site_name\" content=\"Eurotrail | The way we camp!\" \/>\n<meta property=\"article:modified_time\" content=\"2022-11-22T13:45:12+00:00\" \/>\n<meta property=\"og:image\" content=\"https:\/\/eurotrail.info\/wp\/wp-content\/uploads\/2020\/01\/ETKW2019_0104_1.jpg\" \/>\n\t<meta property=\"og:image:width\" content=\"1772\" \/>\n\t<meta property=\"og:image:height\" content=\"1239\" \/>\n\t<meta property=\"og:image:type\" content=\"image\/jpeg\" \/>\n<meta name=\"twitter:card\" content=\"summary_large_image\" \/>\n<meta name=\"twitter:label1\" content=\"Tiempo de lectura\" \/>\n\t<meta name=\"twitter:data1\" content=\"1 minute\" \/>\n<script type=\"application\/ld+json\" class=\"yoast-schema-graph\">{\"@context\":\"https:\\\/\\\/schema.org\",\"@graph\":[{\"@type\":\"WebPage\",\"@id\":\"https:\\\/\\\/eurotrail.info\\\/es\\\/producten\\\/domestico\\\/vajilla\\\/vajilla-napoli-2prs-cubiertos\\\/\",\"url\":\"https:\\\/\\\/eurotrail.info\\\/es\\\/producten\\\/domestico\\\/vajilla\\\/vajilla-napoli-2prs-cubiertos\\\/\",\"name\":\"Vajilla Napoli 2prs.+ cubiertos - Eurotrail | The way we camp!\",\"isPartOf\":{\"@id\":\"https:\\\/\\\/eurotrail.info\\\/#website\"},\"primaryImageOfPage\":{\"@id\":\"https:\\\/\\\/eurotrail.info\\\/es\\\/producten\\\/domestico\\\/vajilla\\\/vajilla-napoli-2prs-cubiertos\\\/#primaryimage\"},\"image\":{\"@id\":\"https:\\\/\\\/eurotrail.info\\\/es\\\/producten\\\/domestico\\\/vajilla\\\/vajilla-napoli-2prs-cubiertos\\\/#primaryimage\"},\"thumbnailUrl\":\"https:\\\/\\\/eurotrail.info\\\/wp\\\/wp-content\\\/uploads\\\/2020\\\/01\\\/ETKW2019_0104_1.jpg\",\"datePublished\":\"2022-11-22T13:44:19+00:00\",\"dateModified\":\"2022-11-22T13:45:12+00:00\",\"description\":\"Pr\u00e1ctico juego de vajilla de melamina de 8 piezas completo con juego de cubiertos apto para 2 personas. Ideal para usar en la caravana o tienda de campa\u00f1a\",\"breadcrumb\":{\"@id\":\"https:\\\/\\\/eurotrail.info\\\/es\\\/producten\\\/domestico\\\/vajilla\\\/vajilla-napoli-2prs-cubiertos\\\/#breadcrumb\"},\"inLanguage\":\"es-ES\",\"potentialAction\":[{\"@type\":\"ReadAction\",\"target\":[\"https:\\\/\\\/eurotrail.info\\\/es\\\/producten\\\/domestico\\\/vajilla\\\/vajilla-napoli-2prs-cubiertos\\\/\"]}]},{\"@type\":\"ImageObject\",\"inLanguage\":\"es-ES\",\"@id\":\"https:\\\/\\\/eurotrail.info\\\/es\\\/producten\\\/domestico\\\/vajilla\\\/vajilla-napoli-2prs-cubiertos\\\/#primaryimage\",\"url\":\"https:\\\/\\\/eurotrail.info\\\/wp\\\/wp-content\\\/uploads\\\/2020\\\/01\\\/ETKW2019_0104_1.jpg\",\"contentUrl\":\"https:\\\/\\\/eurotrail.info\\\/wp\\\/wp-content\\\/uploads\\\/2020\\\/01\\\/ETKW2019_0104_1.jpg\",\"width\":1772,\"height\":1239,\"caption\":\"Praktische en complete 8 delig melamine tafel servies inclusief bestekset voor 2 personen\"},{\"@type\":\"BreadcrumbList\",\"@id\":\"https:\\\/\\\/eurotrail.info\\\/es\\\/producten\\\/domestico\\\/vajilla\\\/vajilla-napoli-2prs-cubiertos\\\/#breadcrumb\",\"itemListElement\":[{\"@type\":\"ListItem\",\"position\":1,\"name\":\"Home\",\"item\":\"https:\\\/\\\/eurotrail.info\\\/es\\\/\"},{\"@type\":\"ListItem\",\"position\":2,\"name\":\"Productos\",\"item\":\"https:\\\/\\\/eurotrail.info\\\/es\\\/productos\\\/\"},{\"@type\":\"ListItem\",\"position\":3,\"name\":\"Vajilla Napoli 2prs.+ cubiertos\"}]},{\"@type\":\"WebSite\",\"@id\":\"https:\\\/\\\/eurotrail.info\\\/#website\",\"url\":\"https:\\\/\\\/eurotrail.info\\\/\",\"name\":\"Eurotrail | The way we camp!\",\"description\":\"\",\"publisher\":{\"@id\":\"https:\\\/\\\/eurotrail.info\\\/#organization\"},\"potentialAction\":[{\"@type\":\"SearchAction\",\"target\":{\"@type\":\"EntryPoint\",\"urlTemplate\":\"https:\\\/\\\/eurotrail.info\\\/?s={search_term_string}\"},\"query-input\":{\"@type\":\"PropertyValueSpecification\",\"valueRequired\":true,\"valueName\":\"search_term_string\"}}],\"inLanguage\":\"es-ES\"},{\"@type\":\"Organization\",\"@id\":\"https:\\\/\\\/eurotrail.info\\\/#organization\",\"name\":\"Eurotrail | The way we camp!\",\"url\":\"https:\\\/\\\/eurotrail.info\\\/\",\"logo\":{\"@type\":\"ImageObject\",\"inLanguage\":\"es-ES\",\"@id\":\"https:\\\/\\\/eurotrail.info\\\/#\\\/schema\\\/logo\\\/image\\\/\",\"url\":\"https:\\\/\\\/eurotrail.info\\\/wp\\\/wp-content\\\/uploads\\\/2023\\\/07\\\/ET-logo-quote_NL-scaled.jpg\",\"contentUrl\":\"https:\\\/\\\/eurotrail.info\\\/wp\\\/wp-content\\\/uploads\\\/2023\\\/07\\\/ET-logo-quote_NL-scaled.jpg\",\"width\":2560,\"height\":675,\"caption\":\"Eurotrail | The way we camp!\"},\"image\":{\"@id\":\"https:\\\/\\\/eurotrail.info\\\/#\\\/schema\\\/logo\\\/image\\\/\"}}]}<\/script>\n<!-- \/ Yoast SEO plugin. -->","yoast_head_json":{"title":"Vajilla Napoli 2prs.+ cubiertos - Eurotrail | The way we camp!","description":"Pr\u00e1ctico juego de vajilla de melamina de 8 piezas completo con juego de cubiertos apto para 2 personas. Ideal para usar en la caravana o tienda de campa\u00f1a","robots":{"index":"index","follow":"follow","max-snippet":"max-snippet:-1","max-image-preview":"max-image-preview:large","max-video-preview":"max-video-preview:-1"},"canonical":"https:\/\/eurotrail.info\/es\/producten\/domestico\/vajilla\/vajilla-napoli-2prs-cubiertos\/","og_locale":"es_ES","og_type":"article","og_title":"Vajilla Napoli 2prs.+ cubiertos - Eurotrail | The way we camp!","og_description":"Pr\u00e1ctico juego de vajilla de melamina de 8 piezas completo con juego de cubiertos apto para 2 personas. Ideal para usar en la caravana o tienda de campa\u00f1a","og_url":"https:\/\/eurotrail.info\/es\/producten\/domestico\/vajilla\/vajilla-napoli-2prs-cubiertos\/","og_site_name":"Eurotrail | The way we camp!","article_modified_time":"2022-11-22T13:45:12+00:00","og_image":[{"width":1772,"height":1239,"url":"https:\/\/eurotrail.info\/wp\/wp-content\/uploads\/2020\/01\/ETKW2019_0104_1.jpg","type":"image\/jpeg"}],"twitter_card":"summary_large_image","twitter_misc":{"Tiempo de lectura":"1 minute"},"schema":{"@context":"https:\/\/schema.org","@graph":[{"@type":"WebPage","@id":"https:\/\/eurotrail.info\/es\/producten\/domestico\/vajilla\/vajilla-napoli-2prs-cubiertos\/","url":"https:\/\/eurotrail.info\/es\/producten\/domestico\/vajilla\/vajilla-napoli-2prs-cubiertos\/","name":"Vajilla Napoli 2prs.+ cubiertos - Eurotrail | The way we camp!","isPartOf":{"@id":"https:\/\/eurotrail.info\/#website"},"primaryImageOfPage":{"@id":"https:\/\/eurotrail.info\/es\/producten\/domestico\/vajilla\/vajilla-napoli-2prs-cubiertos\/#primaryimage"},"image":{"@id":"https:\/\/eurotrail.info\/es\/producten\/domestico\/vajilla\/vajilla-napoli-2prs-cubiertos\/#primaryimage"},"thumbnailUrl":"https:\/\/eurotrail.info\/wp\/wp-content\/uploads\/2020\/01\/ETKW2019_0104_1.jpg","datePublished":"2022-11-22T13:44:19+00:00","dateModified":"2022-11-22T13:45:12+00:00","description":"Pr\u00e1ctico juego de vajilla de melamina de 8 piezas completo con juego de cubiertos apto para 2 personas. Ideal para usar en la caravana o tienda de campa\u00f1a","breadcrumb":{"@id":"https:\/\/eurotrail.info\/es\/producten\/domestico\/vajilla\/vajilla-napoli-2prs-cubiertos\/#breadcrumb"},"inLanguage":"es-ES","potentialAction":[{"@type":"ReadAction","target":["https:\/\/eurotrail.info\/es\/producten\/domestico\/vajilla\/vajilla-napoli-2prs-cubiertos\/"]}]},{"@type":"ImageObject","inLanguage":"es-ES","@id":"https:\/\/eurotrail.info\/es\/producten\/domestico\/vajilla\/vajilla-napoli-2prs-cubiertos\/#primaryimage","url":"https:\/\/eurotrail.info\/wp\/wp-content\/uploads\/2020\/01\/ETKW2019_0104_1.jpg","contentUrl":"https:\/\/eurotrail.info\/wp\/wp-content\/uploads\/2020\/01\/ETKW2019_0104_1.jpg","width":1772,"height":1239,"caption":"Praktische en complete 8 delig melamine tafel servies inclusief bestekset voor 2 personen"},{"@type":"BreadcrumbList","@id":"https:\/\/eurotrail.info\/es\/producten\/domestico\/vajilla\/vajilla-napoli-2prs-cubiertos\/#breadcrumb","itemListElement":[{"@type":"ListItem","position":1,"name":"Home","item":"https:\/\/eurotrail.info\/es\/"},{"@type":"ListItem","position":2,"name":"Productos","item":"https:\/\/eurotrail.info\/es\/productos\/"},{"@type":"ListItem","position":3,"name":"Vajilla Napoli 2prs.+ cubiertos"}]},{"@type":"WebSite","@id":"https:\/\/eurotrail.info\/#website","url":"https:\/\/eurotrail.info\/","name":"Eurotrail | The way we camp!","description":"","publisher":{"@id":"https:\/\/eurotrail.info\/#organization"},"potentialAction":[{"@type":"SearchAction","target":{"@type":"EntryPoint","urlTemplate":"https:\/\/eurotrail.info\/?s={search_term_string}"},"query-input":{"@type":"PropertyValueSpecification","valueRequired":true,"valueName":"search_term_string"}}],"inLanguage":"es-ES"},{"@type":"Organization","@id":"https:\/\/eurotrail.info\/#organization","name":"Eurotrail | The way we camp!","url":"https:\/\/eurotrail.info\/","logo":{"@type":"ImageObject","inLanguage":"es-ES","@id":"https:\/\/eurotrail.info\/#\/schema\/logo\/image\/","url":"https:\/\/eurotrail.info\/wp\/wp-content\/uploads\/2023\/07\/ET-logo-quote_NL-scaled.jpg","contentUrl":"https:\/\/eurotrail.info\/wp\/wp-content\/uploads\/2023\/07\/ET-logo-quote_NL-scaled.jpg","width":2560,"height":675,"caption":"Eurotrail | The way we camp!"},"image":{"@id":"https:\/\/eurotrail.info\/#\/schema\/logo\/image\/"}}]}},"_links":{"self":[{"href":"https:\/\/eurotrail.info\/es\/wp-json\/wp\/v2\/product\/20784","targetHints":{"allow":["GET"]}}],"collection":[{"href":"https:\/\/eurotrail.info\/es\/wp-json\/wp\/v2\/product"}],"about":[{"href":"https:\/\/eurotrail.info\/es\/wp-json\/wp\/v2\/types\/product"}],"replies":[{"embeddable":true,"href":"https:\/\/eurotrail.info\/es\/wp-json\/wp\/v2\/comments?post=20784"}],"wp:featuredmedia":[{"embeddable":true,"href":"https:\/\/eurotrail.info\/es\/wp-json\/wp\/v2\/media\/18754"}],"wp:attachment":[{"href":"https:\/\/eurotrail.info\/es\/wp-json\/wp\/v2\/media?parent=20784"}],"wp:term":[{"taxonomy":"product_brand","embeddable":true,"href":"https:\/\/eurotrail.info\/es\/wp-json\/wp\/v2\/product_brand?post=20784"},{"taxonomy":"product_cat","embeddable":true,"href":"https:\/\/eurotrail.info\/es\/wp-json\/wp\/v2\/product_cat?post=20784"},{"taxonomy":"product_tag","embeddable":true,"href":"https:\/\/eurotrail.info\/es\/wp-json\/wp\/v2\/product_tag?post=20784"}],"curies":[{"name":"wp","href":"https:\/\/api.w.org\/{rel}","templated":true}]}}