{"id":20796,"date":"2016-01-21T12:44:51","date_gmt":"2022-11-22T16:14:38","guid":{"rendered":"https:\/\/eurotrail.info\/?post_type=product&#038;p=20796"},"modified":"2022-11-22T17:14:39","modified_gmt":"2022-11-22T16:14:39","slug":"pavillon-outdoor-mesa-ratan-look","status":"publish","type":"product","link":"https:\/\/eurotrail.info\/es\/producten\/muebles-para-acampar\/mesas-de-camping\/pavillon-outdoor-mesa-ratan-look\/","title":{"rendered":"Pavillon Outdoor mesa ratan look"},"content":{"rendered":"<p>Mesa apta para uso extensivo al aire libre. El dise\u00f1o de rat\u00e1n le da a la mesa un aspecto lujoso.<\/p>\n<p>Esta mesa est\u00e1 especialmente dise\u00f1ada para uso al aire libre a largo plazo. El material es 100% impermeable y resistente a los rayos UV. El marco de acero s\u00f3lido y estable est\u00e1 recubierto de polvo y es resistente a la intemperie. La mesa es plegable y ocupa poco espacio.<br \/>\nOpcionalmente hay disponibles sillas a juego.<\/p>\n<p>El aspecto de rat\u00e1n le da al conjunto una apariencia atractiva y lujosa; ideal para el jard\u00edn o en el camping!<\/p>\n<p>Tama\u00f1o: 180x75x72cm<br \/>\nPlegado: 75x90x8.8cm<br \/>\nMaterial: Poli\u00e9ster moldeado por soplado HDPE<br \/>\nMarco: acero con recubrimiento en polvo<br \/>\nm\u00e1x. carga 50 kg.<br \/>\nPeso: 13,2 kg.<\/p>\n","protected":false},"excerpt":{"rendered":"<p>Mesa apta para uso extensivo al aire libre. El dise\u00f1o de rat\u00e1n le da a la mesa un aspecto lujoso. Esta mesa est\u00e1 especialmente dise\u00f1ada&hellip;<\/p>\n","protected":false},"featured_media":15939,"comment_status":"open","ping_status":"closed","template":"","meta":{"_acf_changed":false},"product_brand":[],"product_cat":[352,357],"product_tag":[],"class_list":{"0":"post-20796","1":"product","2":"type-product","3":"status-publish","4":"has-post-thumbnail","6":"product_cat-mesas-de-camping","7":"product_cat-mesas-de-fiesta","9":"first","10":"instock","11":"shipping-taxable","12":"product-type-simple"},"acf":[],"yoast_head":"<!-- This site is optimized with the Yoast SEO plugin v27.4 - https:\/\/yoast.com\/product\/yoast-seo-wordpress\/ -->\n<title>Pavillon Outdoor mesa ratan look - Eurotrail | The way we camp!<\/title>\n<meta name=\"description\" content=\"Mesa apta para uso extensivo al aire libre. El dise\u00f1o de rat\u00e1n le da a la mesa un aspecto lujoso.Esta mesa est\u00e1 especialmente dise\u00f1ada para uso al aire libre a largo plazo.\" \/>\n<meta name=\"robots\" content=\"index, follow, max-snippet:-1, max-image-preview:large, max-video-preview:-1\" \/>\n<link rel=\"canonical\" href=\"https:\/\/eurotrail.info\/producten\/kampeermeubelen-campingmeubelen\/campingtafels\/pavilion-campingtafel-rotan-look\/\" \/>\n<meta property=\"og:locale\" content=\"es_ES\" \/>\n<meta property=\"og:type\" content=\"article\" \/>\n<meta property=\"og:title\" content=\"Pavillon Outdoor mesa ratan look - Eurotrail | The way we camp!\" \/>\n<meta property=\"og:description\" content=\"Mesa apta para uso extensivo al aire libre. El dise\u00f1o de rat\u00e1n le da a la mesa un aspecto lujoso.Esta mesa est\u00e1 especialmente dise\u00f1ada para uso al aire libre a largo plazo.\" \/>\n<meta property=\"og:url\" content=\"https:\/\/eurotrail.info\/producten\/kampeermeubelen-campingmeubelen\/campingtafels\/pavilion-campingtafel-rotan-look\/\" \/>\n<meta property=\"og:site_name\" content=\"Eurotrail | The way we camp!\" \/>\n<meta property=\"article:modified_time\" content=\"2022-11-22T16:14:39+00:00\" \/>\n<meta property=\"og:image\" content=\"https:\/\/eurotrail.info\/wp\/wp-content\/uploads\/2016\/01\/Camping-tafel-pavillon-1.jpg\" \/>\n\t<meta property=\"og:image:width\" content=\"3361\" \/>\n\t<meta property=\"og:image:height\" content=\"2302\" \/>\n\t<meta property=\"og:image:type\" content=\"image\/jpeg\" \/>\n<meta name=\"twitter:card\" content=\"summary_large_image\" \/>\n<meta name=\"twitter:label1\" content=\"Tiempo de lectura\" \/>\n\t<meta name=\"twitter:data1\" content=\"1 minute\" \/>\n<script type=\"application\/ld+json\" class=\"yoast-schema-graph\">{\"@context\":\"https:\\\/\\\/schema.org\",\"@graph\":[{\"@type\":\"WebPage\",\"@id\":\"https:\\\/\\\/eurotrail.info\\\/producten\\\/kampeermeubelen-campingmeubelen\\\/campingtafels\\\/pavilion-campingtafel-rotan-look\\\/\",\"url\":\"https:\\\/\\\/eurotrail.info\\\/producten\\\/kampeermeubelen-campingmeubelen\\\/campingtafels\\\/pavilion-campingtafel-rotan-look\\\/\",\"name\":\"Pavillon Outdoor mesa ratan look - Eurotrail | The way we camp!\",\"isPartOf\":{\"@id\":\"https:\\\/\\\/eurotrail.info\\\/#website\"},\"primaryImageOfPage\":{\"@id\":\"https:\\\/\\\/eurotrail.info\\\/producten\\\/kampeermeubelen-campingmeubelen\\\/campingtafels\\\/pavilion-campingtafel-rotan-look\\\/#primaryimage\"},\"image\":{\"@id\":\"https:\\\/\\\/eurotrail.info\\\/producten\\\/kampeermeubelen-campingmeubelen\\\/campingtafels\\\/pavilion-campingtafel-rotan-look\\\/#primaryimage\"},\"thumbnailUrl\":\"https:\\\/\\\/eurotrail.info\\\/wp\\\/wp-content\\\/uploads\\\/2016\\\/01\\\/Camping-tafel-pavillon-1.jpg\",\"datePublished\":\"2022-11-22T16:14:38+00:00\",\"dateModified\":\"2022-11-22T16:14:39+00:00\",\"description\":\"Mesa apta para uso extensivo al aire libre. El dise\u00f1o de rat\u00e1n le da a la mesa un aspecto lujoso.Esta mesa est\u00e1 especialmente dise\u00f1ada para uso al aire libre a largo plazo.\",\"breadcrumb\":{\"@id\":\"https:\\\/\\\/eurotrail.info\\\/producten\\\/kampeermeubelen-campingmeubelen\\\/campingtafels\\\/pavilion-campingtafel-rotan-look\\\/#breadcrumb\"},\"inLanguage\":\"es-ES\",\"potentialAction\":[{\"@type\":\"ReadAction\",\"target\":[\"https:\\\/\\\/eurotrail.info\\\/producten\\\/kampeermeubelen-campingmeubelen\\\/campingtafels\\\/pavilion-campingtafel-rotan-look\\\/\"]}]},{\"@type\":\"ImageObject\",\"inLanguage\":\"es-ES\",\"@id\":\"https:\\\/\\\/eurotrail.info\\\/producten\\\/kampeermeubelen-campingmeubelen\\\/campingtafels\\\/pavilion-campingtafel-rotan-look\\\/#primaryimage\",\"url\":\"https:\\\/\\\/eurotrail.info\\\/wp\\\/wp-content\\\/uploads\\\/2016\\\/01\\\/Camping-tafel-pavillon-1.jpg\",\"contentUrl\":\"https:\\\/\\\/eurotrail.info\\\/wp\\\/wp-content\\\/uploads\\\/2016\\\/01\\\/Camping-tafel-pavillon-1.jpg\",\"width\":3361,\"height\":2302,\"caption\":\"Tafel geschikt voor buitengebruik. Luxe uitstraling door rotan look.\"},{\"@type\":\"BreadcrumbList\",\"@id\":\"https:\\\/\\\/eurotrail.info\\\/producten\\\/kampeermeubelen-campingmeubelen\\\/campingtafels\\\/pavilion-campingtafel-rotan-look\\\/#breadcrumb\",\"itemListElement\":[{\"@type\":\"ListItem\",\"position\":1,\"name\":\"Home\",\"item\":\"https:\\\/\\\/eurotrail.info\\\/es\\\/\"},{\"@type\":\"ListItem\",\"position\":2,\"name\":\"Productos\",\"item\":\"https:\\\/\\\/eurotrail.info\\\/es\\\/productos\\\/\"},{\"@type\":\"ListItem\",\"position\":3,\"name\":\"Pavillon Outdoor mesa ratan look\"}]},{\"@type\":\"WebSite\",\"@id\":\"https:\\\/\\\/eurotrail.info\\\/#website\",\"url\":\"https:\\\/\\\/eurotrail.info\\\/\",\"name\":\"Eurotrail | The way we camp!\",\"description\":\"\",\"publisher\":{\"@id\":\"https:\\\/\\\/eurotrail.info\\\/#organization\"},\"potentialAction\":[{\"@type\":\"SearchAction\",\"target\":{\"@type\":\"EntryPoint\",\"urlTemplate\":\"https:\\\/\\\/eurotrail.info\\\/?s={search_term_string}\"},\"query-input\":{\"@type\":\"PropertyValueSpecification\",\"valueRequired\":true,\"valueName\":\"search_term_string\"}}],\"inLanguage\":\"es-ES\"},{\"@type\":\"Organization\",\"@id\":\"https:\\\/\\\/eurotrail.info\\\/#organization\",\"name\":\"Eurotrail | The way we camp!\",\"url\":\"https:\\\/\\\/eurotrail.info\\\/\",\"logo\":{\"@type\":\"ImageObject\",\"inLanguage\":\"es-ES\",\"@id\":\"https:\\\/\\\/eurotrail.info\\\/#\\\/schema\\\/logo\\\/image\\\/\",\"url\":\"https:\\\/\\\/eurotrail.info\\\/wp\\\/wp-content\\\/uploads\\\/2023\\\/07\\\/ET-logo-quote_NL-scaled.jpg\",\"contentUrl\":\"https:\\\/\\\/eurotrail.info\\\/wp\\\/wp-content\\\/uploads\\\/2023\\\/07\\\/ET-logo-quote_NL-scaled.jpg\",\"width\":2560,\"height\":675,\"caption\":\"Eurotrail | The way we camp!\"},\"image\":{\"@id\":\"https:\\\/\\\/eurotrail.info\\\/#\\\/schema\\\/logo\\\/image\\\/\"}}]}<\/script>\n<!-- \/ Yoast SEO plugin. -->","yoast_head_json":{"title":"Pavillon Outdoor mesa ratan look - Eurotrail | The way we camp!","description":"Mesa apta para uso extensivo al aire libre. El dise\u00f1o de rat\u00e1n le da a la mesa un aspecto lujoso.Esta mesa est\u00e1 especialmente dise\u00f1ada para uso al aire libre a largo plazo.","robots":{"index":"index","follow":"follow","max-snippet":"max-snippet:-1","max-image-preview":"max-image-preview:large","max-video-preview":"max-video-preview:-1"},"canonical":"https:\/\/eurotrail.info\/producten\/kampeermeubelen-campingmeubelen\/campingtafels\/pavilion-campingtafel-rotan-look\/","og_locale":"es_ES","og_type":"article","og_title":"Pavillon Outdoor mesa ratan look - Eurotrail | The way we camp!","og_description":"Mesa apta para uso extensivo al aire libre. El dise\u00f1o de rat\u00e1n le da a la mesa un aspecto lujoso.Esta mesa est\u00e1 especialmente dise\u00f1ada para uso al aire libre a largo plazo.","og_url":"https:\/\/eurotrail.info\/producten\/kampeermeubelen-campingmeubelen\/campingtafels\/pavilion-campingtafel-rotan-look\/","og_site_name":"Eurotrail | The way we camp!","article_modified_time":"2022-11-22T16:14:39+00:00","og_image":[{"width":3361,"height":2302,"url":"https:\/\/eurotrail.info\/wp\/wp-content\/uploads\/2016\/01\/Camping-tafel-pavillon-1.jpg","type":"image\/jpeg"}],"twitter_card":"summary_large_image","twitter_misc":{"Tiempo de lectura":"1 minute"},"schema":{"@context":"https:\/\/schema.org","@graph":[{"@type":"WebPage","@id":"https:\/\/eurotrail.info\/producten\/kampeermeubelen-campingmeubelen\/campingtafels\/pavilion-campingtafel-rotan-look\/","url":"https:\/\/eurotrail.info\/producten\/kampeermeubelen-campingmeubelen\/campingtafels\/pavilion-campingtafel-rotan-look\/","name":"Pavillon Outdoor mesa ratan look - Eurotrail | The way we camp!","isPartOf":{"@id":"https:\/\/eurotrail.info\/#website"},"primaryImageOfPage":{"@id":"https:\/\/eurotrail.info\/producten\/kampeermeubelen-campingmeubelen\/campingtafels\/pavilion-campingtafel-rotan-look\/#primaryimage"},"image":{"@id":"https:\/\/eurotrail.info\/producten\/kampeermeubelen-campingmeubelen\/campingtafels\/pavilion-campingtafel-rotan-look\/#primaryimage"},"thumbnailUrl":"https:\/\/eurotrail.info\/wp\/wp-content\/uploads\/2016\/01\/Camping-tafel-pavillon-1.jpg","datePublished":"2022-11-22T16:14:38+00:00","dateModified":"2022-11-22T16:14:39+00:00","description":"Mesa apta para uso extensivo al aire libre. El dise\u00f1o de rat\u00e1n le da a la mesa un aspecto lujoso.Esta mesa est\u00e1 especialmente dise\u00f1ada para uso al aire libre a largo plazo.","breadcrumb":{"@id":"https:\/\/eurotrail.info\/producten\/kampeermeubelen-campingmeubelen\/campingtafels\/pavilion-campingtafel-rotan-look\/#breadcrumb"},"inLanguage":"es-ES","potentialAction":[{"@type":"ReadAction","target":["https:\/\/eurotrail.info\/producten\/kampeermeubelen-campingmeubelen\/campingtafels\/pavilion-campingtafel-rotan-look\/"]}]},{"@type":"ImageObject","inLanguage":"es-ES","@id":"https:\/\/eurotrail.info\/producten\/kampeermeubelen-campingmeubelen\/campingtafels\/pavilion-campingtafel-rotan-look\/#primaryimage","url":"https:\/\/eurotrail.info\/wp\/wp-content\/uploads\/2016\/01\/Camping-tafel-pavillon-1.jpg","contentUrl":"https:\/\/eurotrail.info\/wp\/wp-content\/uploads\/2016\/01\/Camping-tafel-pavillon-1.jpg","width":3361,"height":2302,"caption":"Tafel geschikt voor buitengebruik. Luxe uitstraling door rotan look."},{"@type":"BreadcrumbList","@id":"https:\/\/eurotrail.info\/producten\/kampeermeubelen-campingmeubelen\/campingtafels\/pavilion-campingtafel-rotan-look\/#breadcrumb","itemListElement":[{"@type":"ListItem","position":1,"name":"Home","item":"https:\/\/eurotrail.info\/es\/"},{"@type":"ListItem","position":2,"name":"Productos","item":"https:\/\/eurotrail.info\/es\/productos\/"},{"@type":"ListItem","position":3,"name":"Pavillon Outdoor mesa ratan look"}]},{"@type":"WebSite","@id":"https:\/\/eurotrail.info\/#website","url":"https:\/\/eurotrail.info\/","name":"Eurotrail | The way we camp!","description":"","publisher":{"@id":"https:\/\/eurotrail.info\/#organization"},"potentialAction":[{"@type":"SearchAction","target":{"@type":"EntryPoint","urlTemplate":"https:\/\/eurotrail.info\/?s={search_term_string}"},"query-input":{"@type":"PropertyValueSpecification","valueRequired":true,"valueName":"search_term_string"}}],"inLanguage":"es-ES"},{"@type":"Organization","@id":"https:\/\/eurotrail.info\/#organization","name":"Eurotrail | The way we camp!","url":"https:\/\/eurotrail.info\/","logo":{"@type":"ImageObject","inLanguage":"es-ES","@id":"https:\/\/eurotrail.info\/#\/schema\/logo\/image\/","url":"https:\/\/eurotrail.info\/wp\/wp-content\/uploads\/2023\/07\/ET-logo-quote_NL-scaled.jpg","contentUrl":"https:\/\/eurotrail.info\/wp\/wp-content\/uploads\/2023\/07\/ET-logo-quote_NL-scaled.jpg","width":2560,"height":675,"caption":"Eurotrail | The way we camp!"},"image":{"@id":"https:\/\/eurotrail.info\/#\/schema\/logo\/image\/"}}]}},"_links":{"self":[{"href":"https:\/\/eurotrail.info\/es\/wp-json\/wp\/v2\/product\/20796","targetHints":{"allow":["GET"]}}],"collection":[{"href":"https:\/\/eurotrail.info\/es\/wp-json\/wp\/v2\/product"}],"about":[{"href":"https:\/\/eurotrail.info\/es\/wp-json\/wp\/v2\/types\/product"}],"replies":[{"embeddable":true,"href":"https:\/\/eurotrail.info\/es\/wp-json\/wp\/v2\/comments?post=20796"}],"wp:featuredmedia":[{"embeddable":true,"href":"https:\/\/eurotrail.info\/es\/wp-json\/wp\/v2\/media\/15939"}],"wp:attachment":[{"href":"https:\/\/eurotrail.info\/es\/wp-json\/wp\/v2\/media?parent=20796"}],"wp:term":[{"taxonomy":"product_brand","embeddable":true,"href":"https:\/\/eurotrail.info\/es\/wp-json\/wp\/v2\/product_brand?post=20796"},{"taxonomy":"product_cat","embeddable":true,"href":"https:\/\/eurotrail.info\/es\/wp-json\/wp\/v2\/product_cat?post=20796"},{"taxonomy":"product_tag","embeddable":true,"href":"https:\/\/eurotrail.info\/es\/wp-json\/wp\/v2\/product_tag?post=20796"}],"curies":[{"name":"wp","href":"https:\/\/api.w.org\/{rel}","templated":true}]}}