{"id":20831,"date":"2020-01-23T10:50:47","date_gmt":"2020-01-23T09:50:47","guid":{"rendered":"https:\/\/eurotrail.info\/?post_type=product&#038;p=20831"},"modified":"2026-02-10T14:51:14","modified_gmt":"2026-02-10T13:51:14","slug":"royal-camilla-acolchada","status":"publish","type":"product","link":"https:\/\/eurotrail.info\/es\/producten\/muebles-para-acampar\/tumbonas\/royal-camilla-acolchada\/","title":{"rendered":"Royal camilla acolchada"},"content":{"rendered":"<p><strong>M\u00e1xima relajaci\u00f3n con estilo<\/strong><\/p>\n<p>Esta lujosa tumbona est\u00e1 dise\u00f1ada para quienes desean relajarse c\u00f3modamente en el jard\u00edn, en el camping o junto a la piscina. El respaldo ajustable garantiza la posici\u00f3n perfecta, desde leer erguido hasta completamente reclinado, disfrutando del sol.<\/p>\n<p>La robusta estructura de acero ofrece una excelente estabilidad y durabilidad. Para mayor practicidad, el respaldo cuenta con una pata de apoyo ajustable que garantiza un soporte \u00f3ptimo en cualquier posici\u00f3n.<\/p>\n<p>La superficie de la tumbona est\u00e1 hecha de poli\u00e9ster resistente y acolchado, y es incre\u00edblemente suave. El coj\u00edn integrado para el reposacabezas aumenta a\u00fan m\u00e1s la comodidad, permiti\u00e9ndole relajarse por completo.<\/p>\n<p>Despu\u00e9s de usarla, la tumbona se pliega f\u00e1cilmente en un formato compacto y manejable, ideal para guardarla o transportarla.<\/p>\n<p>Tama\u00f1o: 200x75x35cm<br \/>\nPlegado: 80x68x18cm<br \/>\nTejido: 100 % poli\u00e9ster acolchado<br \/>\nMarco: acero con recubrimiento en polvo<br \/>\nCarga m\u00e1xima: 120 kg.<br \/>\nPeso: 7,4 kg.:<\/p>\n","protected":false},"excerpt":{"rendered":"<p>M\u00e1xima relajaci\u00f3n con estilo Esta lujosa tumbona est\u00e1 dise\u00f1ada para quienes desean relajarse c\u00f3modamente en el jard\u00edn, en el camping o junto a la piscina.&hellip;<\/p>\n","protected":false},"featured_media":19022,"comment_status":"open","ping_status":"closed","template":"","meta":{"_acf_changed":false},"product_brand":[],"product_cat":[348,356],"product_tag":[],"class_list":{"0":"post-20831","1":"product","2":"type-product","3":"status-publish","4":"has-post-thumbnail","6":"product_cat-muebles-para-acampar","7":"product_cat-tumbonas","9":"first","10":"instock","11":"shipping-taxable","12":"product-type-simple"},"acf":[],"yoast_head":"<!-- This site is optimized with the Yoast SEO plugin v27.4 - https:\/\/yoast.com\/product\/yoast-seo-wordpress\/ -->\n<title>Royal camilla acolchada - Eurotrail | The way we camp!<\/title>\n<meta name=\"description\" content=\"C\u00f3moda camilla de 3 patas con respaldo regulable. El marco de acero resistente ofrece estabilidad y comodidad. F\u00e1cil de plegar en un paquete peque\u00f1o.\" \/>\n<meta name=\"robots\" content=\"index, follow, max-snippet:-1, max-image-preview:large, max-video-preview:-1\" \/>\n<link rel=\"canonical\" href=\"https:\/\/eurotrail.info\/es\/producten\/muebles-para-acampar\/tumbonas\/royal-camilla-acolchada\/\" \/>\n<meta property=\"og:locale\" content=\"es_ES\" \/>\n<meta property=\"og:type\" content=\"article\" \/>\n<meta property=\"og:title\" content=\"Royal camilla acolchada - Eurotrail | The way we camp!\" \/>\n<meta property=\"og:description\" content=\"C\u00f3moda camilla de 3 patas con respaldo regulable. El marco de acero resistente ofrece estabilidad y comodidad. F\u00e1cil de plegar en un paquete peque\u00f1o.\" \/>\n<meta property=\"og:url\" content=\"https:\/\/eurotrail.info\/es\/producten\/muebles-para-acampar\/tumbonas\/royal-camilla-acolchada\/\" \/>\n<meta property=\"og:site_name\" content=\"Eurotrail | The way we camp!\" \/>\n<meta property=\"article:modified_time\" content=\"2026-02-10T13:51:14+00:00\" \/>\n<meta property=\"og:image\" content=\"https:\/\/eurotrail.info\/wp\/wp-content\/uploads\/2020\/01\/ETCF0085_0201_1-2-scaled.jpg\" \/>\n\t<meta property=\"og:image:width\" content=\"2560\" \/>\n\t<meta property=\"og:image:height\" content=\"1291\" \/>\n\t<meta property=\"og:image:type\" content=\"image\/jpeg\" \/>\n<meta name=\"twitter:card\" content=\"summary_large_image\" \/>\n<meta name=\"twitter:label1\" content=\"Tiempo de lectura\" \/>\n\t<meta name=\"twitter:data1\" content=\"1 minute\" \/>\n<script type=\"application\/ld+json\" class=\"yoast-schema-graph\">{\"@context\":\"https:\\\/\\\/schema.org\",\"@graph\":[{\"@type\":\"WebPage\",\"@id\":\"https:\\\/\\\/eurotrail.info\\\/es\\\/producten\\\/muebles-para-acampar\\\/tumbonas\\\/royal-camilla-acolchada\\\/\",\"url\":\"https:\\\/\\\/eurotrail.info\\\/es\\\/producten\\\/muebles-para-acampar\\\/tumbonas\\\/royal-camilla-acolchada\\\/\",\"name\":\"Royal camilla acolchada - Eurotrail | The way we camp!\",\"isPartOf\":{\"@id\":\"https:\\\/\\\/eurotrail.info\\\/#website\"},\"primaryImageOfPage\":{\"@id\":\"https:\\\/\\\/eurotrail.info\\\/es\\\/producten\\\/muebles-para-acampar\\\/tumbonas\\\/royal-camilla-acolchada\\\/#primaryimage\"},\"image\":{\"@id\":\"https:\\\/\\\/eurotrail.info\\\/es\\\/producten\\\/muebles-para-acampar\\\/tumbonas\\\/royal-camilla-acolchada\\\/#primaryimage\"},\"thumbnailUrl\":\"https:\\\/\\\/eurotrail.info\\\/wp\\\/wp-content\\\/uploads\\\/2020\\\/01\\\/ETCF0085_0201_1-2-scaled.jpg\",\"datePublished\":\"2020-01-23T09:50:47+00:00\",\"dateModified\":\"2026-02-10T13:51:14+00:00\",\"description\":\"C\u00f3moda camilla de 3 patas con respaldo regulable. El marco de acero resistente ofrece estabilidad y comodidad. F\u00e1cil de plegar en un paquete peque\u00f1o.\",\"breadcrumb\":{\"@id\":\"https:\\\/\\\/eurotrail.info\\\/es\\\/producten\\\/muebles-para-acampar\\\/tumbonas\\\/royal-camilla-acolchada\\\/#breadcrumb\"},\"inLanguage\":\"es-ES\",\"potentialAction\":[{\"@type\":\"ReadAction\",\"target\":[\"https:\\\/\\\/eurotrail.info\\\/es\\\/producten\\\/muebles-para-acampar\\\/tumbonas\\\/royal-camilla-acolchada\\\/\"]}]},{\"@type\":\"ImageObject\",\"inLanguage\":\"es-ES\",\"@id\":\"https:\\\/\\\/eurotrail.info\\\/es\\\/producten\\\/muebles-para-acampar\\\/tumbonas\\\/royal-camilla-acolchada\\\/#primaryimage\",\"url\":\"https:\\\/\\\/eurotrail.info\\\/wp\\\/wp-content\\\/uploads\\\/2020\\\/01\\\/ETCF0085_0201_1-2-scaled.jpg\",\"contentUrl\":\"https:\\\/\\\/eurotrail.info\\\/wp\\\/wp-content\\\/uploads\\\/2020\\\/01\\\/ETCF0085_0201_1-2-scaled.jpg\",\"width\":2560,\"height\":1291,\"caption\":\"Luxe gepolsterd ligbed met verstelbaar ruggedeelte\"},{\"@type\":\"BreadcrumbList\",\"@id\":\"https:\\\/\\\/eurotrail.info\\\/es\\\/producten\\\/muebles-para-acampar\\\/tumbonas\\\/royal-camilla-acolchada\\\/#breadcrumb\",\"itemListElement\":[{\"@type\":\"ListItem\",\"position\":1,\"name\":\"Home\",\"item\":\"https:\\\/\\\/eurotrail.info\\\/es\\\/\"},{\"@type\":\"ListItem\",\"position\":2,\"name\":\"Productos\",\"item\":\"https:\\\/\\\/eurotrail.info\\\/es\\\/productos\\\/\"},{\"@type\":\"ListItem\",\"position\":3,\"name\":\"Royal camilla acolchada\"}]},{\"@type\":\"WebSite\",\"@id\":\"https:\\\/\\\/eurotrail.info\\\/#website\",\"url\":\"https:\\\/\\\/eurotrail.info\\\/\",\"name\":\"Eurotrail | The way we camp!\",\"description\":\"\",\"publisher\":{\"@id\":\"https:\\\/\\\/eurotrail.info\\\/#organization\"},\"potentialAction\":[{\"@type\":\"SearchAction\",\"target\":{\"@type\":\"EntryPoint\",\"urlTemplate\":\"https:\\\/\\\/eurotrail.info\\\/?s={search_term_string}\"},\"query-input\":{\"@type\":\"PropertyValueSpecification\",\"valueRequired\":true,\"valueName\":\"search_term_string\"}}],\"inLanguage\":\"es-ES\"},{\"@type\":\"Organization\",\"@id\":\"https:\\\/\\\/eurotrail.info\\\/#organization\",\"name\":\"Eurotrail | The way we camp!\",\"url\":\"https:\\\/\\\/eurotrail.info\\\/\",\"logo\":{\"@type\":\"ImageObject\",\"inLanguage\":\"es-ES\",\"@id\":\"https:\\\/\\\/eurotrail.info\\\/#\\\/schema\\\/logo\\\/image\\\/\",\"url\":\"https:\\\/\\\/eurotrail.info\\\/wp\\\/wp-content\\\/uploads\\\/2023\\\/07\\\/ET-logo-quote_NL-scaled.jpg\",\"contentUrl\":\"https:\\\/\\\/eurotrail.info\\\/wp\\\/wp-content\\\/uploads\\\/2023\\\/07\\\/ET-logo-quote_NL-scaled.jpg\",\"width\":2560,\"height\":675,\"caption\":\"Eurotrail | The way we camp!\"},\"image\":{\"@id\":\"https:\\\/\\\/eurotrail.info\\\/#\\\/schema\\\/logo\\\/image\\\/\"}}]}<\/script>\n<!-- \/ Yoast SEO plugin. -->","yoast_head_json":{"title":"Royal camilla acolchada - Eurotrail | The way we camp!","description":"C\u00f3moda camilla de 3 patas con respaldo regulable. El marco de acero resistente ofrece estabilidad y comodidad. F\u00e1cil de plegar en un paquete peque\u00f1o.","robots":{"index":"index","follow":"follow","max-snippet":"max-snippet:-1","max-image-preview":"max-image-preview:large","max-video-preview":"max-video-preview:-1"},"canonical":"https:\/\/eurotrail.info\/es\/producten\/muebles-para-acampar\/tumbonas\/royal-camilla-acolchada\/","og_locale":"es_ES","og_type":"article","og_title":"Royal camilla acolchada - Eurotrail | The way we camp!","og_description":"C\u00f3moda camilla de 3 patas con respaldo regulable. El marco de acero resistente ofrece estabilidad y comodidad. F\u00e1cil de plegar en un paquete peque\u00f1o.","og_url":"https:\/\/eurotrail.info\/es\/producten\/muebles-para-acampar\/tumbonas\/royal-camilla-acolchada\/","og_site_name":"Eurotrail | The way we camp!","article_modified_time":"2026-02-10T13:51:14+00:00","og_image":[{"width":2560,"height":1291,"url":"https:\/\/eurotrail.info\/wp\/wp-content\/uploads\/2020\/01\/ETCF0085_0201_1-2-scaled.jpg","type":"image\/jpeg"}],"twitter_card":"summary_large_image","twitter_misc":{"Tiempo de lectura":"1 minute"},"schema":{"@context":"https:\/\/schema.org","@graph":[{"@type":"WebPage","@id":"https:\/\/eurotrail.info\/es\/producten\/muebles-para-acampar\/tumbonas\/royal-camilla-acolchada\/","url":"https:\/\/eurotrail.info\/es\/producten\/muebles-para-acampar\/tumbonas\/royal-camilla-acolchada\/","name":"Royal camilla acolchada - Eurotrail | The way we camp!","isPartOf":{"@id":"https:\/\/eurotrail.info\/#website"},"primaryImageOfPage":{"@id":"https:\/\/eurotrail.info\/es\/producten\/muebles-para-acampar\/tumbonas\/royal-camilla-acolchada\/#primaryimage"},"image":{"@id":"https:\/\/eurotrail.info\/es\/producten\/muebles-para-acampar\/tumbonas\/royal-camilla-acolchada\/#primaryimage"},"thumbnailUrl":"https:\/\/eurotrail.info\/wp\/wp-content\/uploads\/2020\/01\/ETCF0085_0201_1-2-scaled.jpg","datePublished":"2020-01-23T09:50:47+00:00","dateModified":"2026-02-10T13:51:14+00:00","description":"C\u00f3moda camilla de 3 patas con respaldo regulable. El marco de acero resistente ofrece estabilidad y comodidad. F\u00e1cil de plegar en un paquete peque\u00f1o.","breadcrumb":{"@id":"https:\/\/eurotrail.info\/es\/producten\/muebles-para-acampar\/tumbonas\/royal-camilla-acolchada\/#breadcrumb"},"inLanguage":"es-ES","potentialAction":[{"@type":"ReadAction","target":["https:\/\/eurotrail.info\/es\/producten\/muebles-para-acampar\/tumbonas\/royal-camilla-acolchada\/"]}]},{"@type":"ImageObject","inLanguage":"es-ES","@id":"https:\/\/eurotrail.info\/es\/producten\/muebles-para-acampar\/tumbonas\/royal-camilla-acolchada\/#primaryimage","url":"https:\/\/eurotrail.info\/wp\/wp-content\/uploads\/2020\/01\/ETCF0085_0201_1-2-scaled.jpg","contentUrl":"https:\/\/eurotrail.info\/wp\/wp-content\/uploads\/2020\/01\/ETCF0085_0201_1-2-scaled.jpg","width":2560,"height":1291,"caption":"Luxe gepolsterd ligbed met verstelbaar ruggedeelte"},{"@type":"BreadcrumbList","@id":"https:\/\/eurotrail.info\/es\/producten\/muebles-para-acampar\/tumbonas\/royal-camilla-acolchada\/#breadcrumb","itemListElement":[{"@type":"ListItem","position":1,"name":"Home","item":"https:\/\/eurotrail.info\/es\/"},{"@type":"ListItem","position":2,"name":"Productos","item":"https:\/\/eurotrail.info\/es\/productos\/"},{"@type":"ListItem","position":3,"name":"Royal camilla acolchada"}]},{"@type":"WebSite","@id":"https:\/\/eurotrail.info\/#website","url":"https:\/\/eurotrail.info\/","name":"Eurotrail | The way we camp!","description":"","publisher":{"@id":"https:\/\/eurotrail.info\/#organization"},"potentialAction":[{"@type":"SearchAction","target":{"@type":"EntryPoint","urlTemplate":"https:\/\/eurotrail.info\/?s={search_term_string}"},"query-input":{"@type":"PropertyValueSpecification","valueRequired":true,"valueName":"search_term_string"}}],"inLanguage":"es-ES"},{"@type":"Organization","@id":"https:\/\/eurotrail.info\/#organization","name":"Eurotrail | The way we camp!","url":"https:\/\/eurotrail.info\/","logo":{"@type":"ImageObject","inLanguage":"es-ES","@id":"https:\/\/eurotrail.info\/#\/schema\/logo\/image\/","url":"https:\/\/eurotrail.info\/wp\/wp-content\/uploads\/2023\/07\/ET-logo-quote_NL-scaled.jpg","contentUrl":"https:\/\/eurotrail.info\/wp\/wp-content\/uploads\/2023\/07\/ET-logo-quote_NL-scaled.jpg","width":2560,"height":675,"caption":"Eurotrail | The way we camp!"},"image":{"@id":"https:\/\/eurotrail.info\/#\/schema\/logo\/image\/"}}]}},"_links":{"self":[{"href":"https:\/\/eurotrail.info\/es\/wp-json\/wp\/v2\/product\/20831","targetHints":{"allow":["GET"]}}],"collection":[{"href":"https:\/\/eurotrail.info\/es\/wp-json\/wp\/v2\/product"}],"about":[{"href":"https:\/\/eurotrail.info\/es\/wp-json\/wp\/v2\/types\/product"}],"replies":[{"embeddable":true,"href":"https:\/\/eurotrail.info\/es\/wp-json\/wp\/v2\/comments?post=20831"}],"wp:featuredmedia":[{"embeddable":true,"href":"https:\/\/eurotrail.info\/es\/wp-json\/wp\/v2\/media\/19022"}],"wp:attachment":[{"href":"https:\/\/eurotrail.info\/es\/wp-json\/wp\/v2\/media?parent=20831"}],"wp:term":[{"taxonomy":"product_brand","embeddable":true,"href":"https:\/\/eurotrail.info\/es\/wp-json\/wp\/v2\/product_brand?post=20831"},{"taxonomy":"product_cat","embeddable":true,"href":"https:\/\/eurotrail.info\/es\/wp-json\/wp\/v2\/product_cat?post=20831"},{"taxonomy":"product_tag","embeddable":true,"href":"https:\/\/eurotrail.info\/es\/wp-json\/wp\/v2\/product_tag?post=20831"}],"curies":[{"name":"wp","href":"https:\/\/api.w.org\/{rel}","templated":true}]}}