{"id":20832,"date":"2016-01-20T13:22:59","date_gmt":"2016-01-20T12:22:59","guid":{"rendered":"https:\/\/eurotrail.info\/?post_type=product&#038;p=20832"},"modified":"2026-02-25T16:25:11","modified_gmt":"2026-02-25T15:25:11","slug":"pebble-beach","status":"publish","type":"product","link":"https:\/\/eurotrail.info\/es\/producten\/muebles-para-acampar\/tumbonas\/pebble-beach\/","title":{"rendered":"Pebble Beach"},"content":{"rendered":"<p>Disfruta de la m\u00e1xima relajaci\u00f3n, est\u00e9s donde est\u00e9s \ud83c\udf1e<\/p>\n<p>Con la tumbona Pebble Beach, cada d\u00eda de playa o cada escapada de camping se convierte en un momento de confort y disfrute. Tanto si quieres tomar el sol junto al mar, leer un libro delante de la tienda de campa\u00f1a o echarte una siesta, esta tumbona siempre te resultar\u00e1 c\u00f3moda.<\/p>\n<p>Gracias a su dise\u00f1o inteligente y compacto, se pliega f\u00e1cilmente y se puede transportar sin esfuerzo. La capota ajustable proporciona exactamente la sombra que necesitas. As\u00ed puedes decidir t\u00fa mismo: sol en las piernas, sombra en la cara, el equilibrio perfecto.<\/p>\n<p>La superficie de descanso est\u00e1 fabricada en textilene de alta calidad. Este material resistente se seca r\u00e1pidamente y tiene una estructura abierta, por lo que la arena y el agua se deslizan f\u00e1cilmente a trav\u00e9s de \u00e9l. Ideal para la playa y el camping.<\/p>\n<p>\u2728 C\u00f3moda y resistente.<br \/>\n\u2728 Compacta y f\u00e1cil de plegar.<br \/>\n\u2728 Techo solar ajustable para mayor sombra.<br \/>\n\u2728 Textilene de secado r\u00e1pido.<br \/>\n\u2728 Disponible en varios colores frescos y veraniegos.<\/p>\n<p>Despliega la tumbona, recu\u00e9state y disfruta. As\u00ed son las vacaciones como deben ser.<\/p>\n<p>Dimensiones: 188 x 57 x 30 cm.<br \/>\nPlegada: 79 x 59 x 16 cm.<br \/>\nMaterial: textil\u00e9n (70 % PVC, 30 % PES).<br \/>\nEstructura: aluminio.<br \/>\nPeso: 6 kg.<br \/>\nPeso m\u00e1ximo soportado: 120 kg.<\/p>\n","protected":false},"excerpt":{"rendered":"<p>Disfruta de la m\u00e1xima relajaci\u00f3n, est\u00e9s donde est\u00e9s \ud83c\udf1e Con la tumbona Pebble Beach, cada d\u00eda de playa o cada escapada de camping se convierte&hellip;<\/p>\n","protected":false},"featured_media":15879,"comment_status":"open","ping_status":"closed","template":"","meta":{"_acf_changed":false},"product_brand":[],"product_cat":[356],"product_tag":[],"class_list":{"0":"post-20832","1":"product","2":"type-product","3":"status-publish","4":"has-post-thumbnail","6":"product_cat-tumbonas","8":"first","9":"instock","10":"shipping-taxable","11":"product-type-simple"},"acf":[],"yoast_head":"<!-- This site is optimized with the Yoast SEO plugin v27.4 - https:\/\/yoast.com\/product\/yoast-seo-wordpress\/ -->\n<title>Pebble Beach - Eurotrail | The way we camp!<\/title>\n<meta name=\"description\" content=\"C\u00f3moda tumbona de 3 patas con pr\u00e1ctico techo corredizo.El respaldo ajustable le ofrece una comodidad \u00f3ptima. La cama es f\u00e1cilmente plegable y transportable.\" \/>\n<meta name=\"robots\" content=\"index, follow, max-snippet:-1, max-image-preview:large, max-video-preview:-1\" \/>\n<link rel=\"canonical\" href=\"https:\/\/eurotrail.info\/es\/producten\/muebles-para-acampar\/tumbonas\/pebble-beach\/\" \/>\n<meta property=\"og:locale\" content=\"es_ES\" \/>\n<meta property=\"og:type\" content=\"article\" \/>\n<meta property=\"og:title\" content=\"Pebble Beach - Eurotrail | The way we camp!\" \/>\n<meta property=\"og:description\" content=\"C\u00f3moda tumbona de 3 patas con pr\u00e1ctico techo corredizo.El respaldo ajustable le ofrece una comodidad \u00f3ptima. La cama es f\u00e1cilmente plegable y transportable.\" \/>\n<meta property=\"og:url\" content=\"https:\/\/eurotrail.info\/es\/producten\/muebles-para-acampar\/tumbonas\/pebble-beach\/\" \/>\n<meta property=\"og:site_name\" content=\"Eurotrail | The way we camp!\" \/>\n<meta property=\"article:modified_time\" content=\"2026-02-25T15:25:11+00:00\" \/>\n<meta property=\"og:image\" content=\"https:\/\/eurotrail.info\/wp\/wp-content\/uploads\/2016\/01\/ETCF5011-Pebble-Beach-Blue.jpg\" \/>\n\t<meta property=\"og:image:width\" content=\"1417\" \/>\n\t<meta property=\"og:image:height\" content=\"1217\" \/>\n\t<meta property=\"og:image:type\" content=\"image\/jpeg\" \/>\n<meta name=\"twitter:card\" content=\"summary_large_image\" \/>\n<meta name=\"twitter:label1\" content=\"Tiempo de lectura\" \/>\n\t<meta name=\"twitter:data1\" content=\"2 minutes\" \/>\n<script type=\"application\/ld+json\" class=\"yoast-schema-graph\">{\"@context\":\"https:\\\/\\\/schema.org\",\"@graph\":[{\"@type\":\"WebPage\",\"@id\":\"https:\\\/\\\/eurotrail.info\\\/es\\\/producten\\\/muebles-para-acampar\\\/tumbonas\\\/pebble-beach\\\/\",\"url\":\"https:\\\/\\\/eurotrail.info\\\/es\\\/producten\\\/muebles-para-acampar\\\/tumbonas\\\/pebble-beach\\\/\",\"name\":\"Pebble Beach - Eurotrail | The way we camp!\",\"isPartOf\":{\"@id\":\"https:\\\/\\\/eurotrail.info\\\/#website\"},\"primaryImageOfPage\":{\"@id\":\"https:\\\/\\\/eurotrail.info\\\/es\\\/producten\\\/muebles-para-acampar\\\/tumbonas\\\/pebble-beach\\\/#primaryimage\"},\"image\":{\"@id\":\"https:\\\/\\\/eurotrail.info\\\/es\\\/producten\\\/muebles-para-acampar\\\/tumbonas\\\/pebble-beach\\\/#primaryimage\"},\"thumbnailUrl\":\"https:\\\/\\\/eurotrail.info\\\/wp\\\/wp-content\\\/uploads\\\/2016\\\/01\\\/ETCF5011-Pebble-Beach-Blue.jpg\",\"datePublished\":\"2016-01-20T12:22:59+00:00\",\"dateModified\":\"2026-02-25T15:25:11+00:00\",\"description\":\"C\u00f3moda tumbona de 3 patas con pr\u00e1ctico techo corredizo.El respaldo ajustable le ofrece una comodidad \u00f3ptima. La cama es f\u00e1cilmente plegable y transportable.\",\"breadcrumb\":{\"@id\":\"https:\\\/\\\/eurotrail.info\\\/es\\\/producten\\\/muebles-para-acampar\\\/tumbonas\\\/pebble-beach\\\/#breadcrumb\"},\"inLanguage\":\"es-ES\",\"potentialAction\":[{\"@type\":\"ReadAction\",\"target\":[\"https:\\\/\\\/eurotrail.info\\\/es\\\/producten\\\/muebles-para-acampar\\\/tumbonas\\\/pebble-beach\\\/\"]}]},{\"@type\":\"ImageObject\",\"inLanguage\":\"es-ES\",\"@id\":\"https:\\\/\\\/eurotrail.info\\\/es\\\/producten\\\/muebles-para-acampar\\\/tumbonas\\\/pebble-beach\\\/#primaryimage\",\"url\":\"https:\\\/\\\/eurotrail.info\\\/wp\\\/wp-content\\\/uploads\\\/2016\\\/01\\\/ETCF5011-Pebble-Beach-Blue.jpg\",\"contentUrl\":\"https:\\\/\\\/eurotrail.info\\\/wp\\\/wp-content\\\/uploads\\\/2016\\\/01\\\/ETCF5011-Pebble-Beach-Blue.jpg\",\"width\":1417,\"height\":1217},{\"@type\":\"BreadcrumbList\",\"@id\":\"https:\\\/\\\/eurotrail.info\\\/es\\\/producten\\\/muebles-para-acampar\\\/tumbonas\\\/pebble-beach\\\/#breadcrumb\",\"itemListElement\":[{\"@type\":\"ListItem\",\"position\":1,\"name\":\"Home\",\"item\":\"https:\\\/\\\/eurotrail.info\\\/es\\\/\"},{\"@type\":\"ListItem\",\"position\":2,\"name\":\"Productos\",\"item\":\"https:\\\/\\\/eurotrail.info\\\/es\\\/productos\\\/\"},{\"@type\":\"ListItem\",\"position\":3,\"name\":\"Pebble Beach\"}]},{\"@type\":\"WebSite\",\"@id\":\"https:\\\/\\\/eurotrail.info\\\/#website\",\"url\":\"https:\\\/\\\/eurotrail.info\\\/\",\"name\":\"Eurotrail | The way we camp!\",\"description\":\"\",\"publisher\":{\"@id\":\"https:\\\/\\\/eurotrail.info\\\/#organization\"},\"potentialAction\":[{\"@type\":\"SearchAction\",\"target\":{\"@type\":\"EntryPoint\",\"urlTemplate\":\"https:\\\/\\\/eurotrail.info\\\/?s={search_term_string}\"},\"query-input\":{\"@type\":\"PropertyValueSpecification\",\"valueRequired\":true,\"valueName\":\"search_term_string\"}}],\"inLanguage\":\"es-ES\"},{\"@type\":\"Organization\",\"@id\":\"https:\\\/\\\/eurotrail.info\\\/#organization\",\"name\":\"Eurotrail | The way we camp!\",\"url\":\"https:\\\/\\\/eurotrail.info\\\/\",\"logo\":{\"@type\":\"ImageObject\",\"inLanguage\":\"es-ES\",\"@id\":\"https:\\\/\\\/eurotrail.info\\\/#\\\/schema\\\/logo\\\/image\\\/\",\"url\":\"https:\\\/\\\/eurotrail.info\\\/wp\\\/wp-content\\\/uploads\\\/2023\\\/07\\\/ET-logo-quote_NL-scaled.jpg\",\"contentUrl\":\"https:\\\/\\\/eurotrail.info\\\/wp\\\/wp-content\\\/uploads\\\/2023\\\/07\\\/ET-logo-quote_NL-scaled.jpg\",\"width\":2560,\"height\":675,\"caption\":\"Eurotrail | The way we camp!\"},\"image\":{\"@id\":\"https:\\\/\\\/eurotrail.info\\\/#\\\/schema\\\/logo\\\/image\\\/\"}}]}<\/script>\n<!-- \/ Yoast SEO plugin. -->","yoast_head_json":{"title":"Pebble Beach - Eurotrail | The way we camp!","description":"C\u00f3moda tumbona de 3 patas con pr\u00e1ctico techo corredizo.El respaldo ajustable le ofrece una comodidad \u00f3ptima. La cama es f\u00e1cilmente plegable y transportable.","robots":{"index":"index","follow":"follow","max-snippet":"max-snippet:-1","max-image-preview":"max-image-preview:large","max-video-preview":"max-video-preview:-1"},"canonical":"https:\/\/eurotrail.info\/es\/producten\/muebles-para-acampar\/tumbonas\/pebble-beach\/","og_locale":"es_ES","og_type":"article","og_title":"Pebble Beach - Eurotrail | The way we camp!","og_description":"C\u00f3moda tumbona de 3 patas con pr\u00e1ctico techo corredizo.El respaldo ajustable le ofrece una comodidad \u00f3ptima. La cama es f\u00e1cilmente plegable y transportable.","og_url":"https:\/\/eurotrail.info\/es\/producten\/muebles-para-acampar\/tumbonas\/pebble-beach\/","og_site_name":"Eurotrail | The way we camp!","article_modified_time":"2026-02-25T15:25:11+00:00","og_image":[{"width":1417,"height":1217,"url":"https:\/\/eurotrail.info\/wp\/wp-content\/uploads\/2016\/01\/ETCF5011-Pebble-Beach-Blue.jpg","type":"image\/jpeg"}],"twitter_card":"summary_large_image","twitter_misc":{"Tiempo de lectura":"2 minutes"},"schema":{"@context":"https:\/\/schema.org","@graph":[{"@type":"WebPage","@id":"https:\/\/eurotrail.info\/es\/producten\/muebles-para-acampar\/tumbonas\/pebble-beach\/","url":"https:\/\/eurotrail.info\/es\/producten\/muebles-para-acampar\/tumbonas\/pebble-beach\/","name":"Pebble Beach - Eurotrail | The way we camp!","isPartOf":{"@id":"https:\/\/eurotrail.info\/#website"},"primaryImageOfPage":{"@id":"https:\/\/eurotrail.info\/es\/producten\/muebles-para-acampar\/tumbonas\/pebble-beach\/#primaryimage"},"image":{"@id":"https:\/\/eurotrail.info\/es\/producten\/muebles-para-acampar\/tumbonas\/pebble-beach\/#primaryimage"},"thumbnailUrl":"https:\/\/eurotrail.info\/wp\/wp-content\/uploads\/2016\/01\/ETCF5011-Pebble-Beach-Blue.jpg","datePublished":"2016-01-20T12:22:59+00:00","dateModified":"2026-02-25T15:25:11+00:00","description":"C\u00f3moda tumbona de 3 patas con pr\u00e1ctico techo corredizo.El respaldo ajustable le ofrece una comodidad \u00f3ptima. La cama es f\u00e1cilmente plegable y transportable.","breadcrumb":{"@id":"https:\/\/eurotrail.info\/es\/producten\/muebles-para-acampar\/tumbonas\/pebble-beach\/#breadcrumb"},"inLanguage":"es-ES","potentialAction":[{"@type":"ReadAction","target":["https:\/\/eurotrail.info\/es\/producten\/muebles-para-acampar\/tumbonas\/pebble-beach\/"]}]},{"@type":"ImageObject","inLanguage":"es-ES","@id":"https:\/\/eurotrail.info\/es\/producten\/muebles-para-acampar\/tumbonas\/pebble-beach\/#primaryimage","url":"https:\/\/eurotrail.info\/wp\/wp-content\/uploads\/2016\/01\/ETCF5011-Pebble-Beach-Blue.jpg","contentUrl":"https:\/\/eurotrail.info\/wp\/wp-content\/uploads\/2016\/01\/ETCF5011-Pebble-Beach-Blue.jpg","width":1417,"height":1217},{"@type":"BreadcrumbList","@id":"https:\/\/eurotrail.info\/es\/producten\/muebles-para-acampar\/tumbonas\/pebble-beach\/#breadcrumb","itemListElement":[{"@type":"ListItem","position":1,"name":"Home","item":"https:\/\/eurotrail.info\/es\/"},{"@type":"ListItem","position":2,"name":"Productos","item":"https:\/\/eurotrail.info\/es\/productos\/"},{"@type":"ListItem","position":3,"name":"Pebble Beach"}]},{"@type":"WebSite","@id":"https:\/\/eurotrail.info\/#website","url":"https:\/\/eurotrail.info\/","name":"Eurotrail | The way we camp!","description":"","publisher":{"@id":"https:\/\/eurotrail.info\/#organization"},"potentialAction":[{"@type":"SearchAction","target":{"@type":"EntryPoint","urlTemplate":"https:\/\/eurotrail.info\/?s={search_term_string}"},"query-input":{"@type":"PropertyValueSpecification","valueRequired":true,"valueName":"search_term_string"}}],"inLanguage":"es-ES"},{"@type":"Organization","@id":"https:\/\/eurotrail.info\/#organization","name":"Eurotrail | The way we camp!","url":"https:\/\/eurotrail.info\/","logo":{"@type":"ImageObject","inLanguage":"es-ES","@id":"https:\/\/eurotrail.info\/#\/schema\/logo\/image\/","url":"https:\/\/eurotrail.info\/wp\/wp-content\/uploads\/2023\/07\/ET-logo-quote_NL-scaled.jpg","contentUrl":"https:\/\/eurotrail.info\/wp\/wp-content\/uploads\/2023\/07\/ET-logo-quote_NL-scaled.jpg","width":2560,"height":675,"caption":"Eurotrail | The way we camp!"},"image":{"@id":"https:\/\/eurotrail.info\/#\/schema\/logo\/image\/"}}]}},"_links":{"self":[{"href":"https:\/\/eurotrail.info\/es\/wp-json\/wp\/v2\/product\/20832","targetHints":{"allow":["GET"]}}],"collection":[{"href":"https:\/\/eurotrail.info\/es\/wp-json\/wp\/v2\/product"}],"about":[{"href":"https:\/\/eurotrail.info\/es\/wp-json\/wp\/v2\/types\/product"}],"replies":[{"embeddable":true,"href":"https:\/\/eurotrail.info\/es\/wp-json\/wp\/v2\/comments?post=20832"}],"wp:featuredmedia":[{"embeddable":true,"href":"https:\/\/eurotrail.info\/es\/wp-json\/wp\/v2\/media\/15879"}],"wp:attachment":[{"href":"https:\/\/eurotrail.info\/es\/wp-json\/wp\/v2\/media?parent=20832"}],"wp:term":[{"taxonomy":"product_brand","embeddable":true,"href":"https:\/\/eurotrail.info\/es\/wp-json\/wp\/v2\/product_brand?post=20832"},{"taxonomy":"product_cat","embeddable":true,"href":"https:\/\/eurotrail.info\/es\/wp-json\/wp\/v2\/product_cat?post=20832"},{"taxonomy":"product_tag","embeddable":true,"href":"https:\/\/eurotrail.info\/es\/wp-json\/wp\/v2\/product_tag?post=20832"}],"curies":[{"name":"wp","href":"https:\/\/api.w.org\/{rel}","templated":true}]}}