{"id":20837,"date":"2016-01-20T17:15:06","date_gmt":"2016-01-20T16:15:06","guid":{"rendered":"https:\/\/eurotrail.info\/?post_type=product&#038;p=20837"},"modified":"2026-03-19T12:37:08","modified_gmt":"2026-03-19T11:37:08","slug":"silla-infantil-petit-jr","status":"publish","type":"product","link":"https:\/\/eurotrail.info\/es\/producten\/muebles-para-acampar\/sillas-altas\/silla-infantil-petit-jr\/","title":{"rendered":"Silla infantil Petit JR"},"content":{"rendered":"<p><strong>Trona Petit JR: peque\u00f1a, grande y pr\u00e1ctica<\/strong><\/p>\n<p>\u00bfComer juntos en la mesa, hacer manualidades o jugar? Con la trona Petit JR, tu hijo siempre estar\u00e1 c\u00f3modo contigo. Muchas tronas son demasiado profundas o altas para sentarse c\u00f3modamente a la mesa, y ah\u00ed es donde la Petit JR marca la diferencia.<\/p>\n<p>Con 64 cm de altura, esta silla cabe perfectamente debajo de la mayor\u00eda de las mesas, para que tu hijo pueda sentarse c\u00f3modamente sin tener que buscar cojines ni elevadores adicionales. Ideal para casa, de camping o en casa de la abuela.<\/p>\n<p>Su robusta estructura de aluminio garantiza un asiento seguro, adem\u00e1s de ser ligera y f\u00e1cil de plegar. Esto permite llevarla contigo o guardarla de forma compacta cuando no la uses.<\/p>\n<p><strong>\u00bfPor qu\u00e9 la Petit JR? <\/strong><\/p>\n<p>\u2714 Altura perfecta para la mesa<br \/>\n\u2714 Estructura de aluminio ligera y resistente<br \/>\n\u2714 Plegable para facilitar su transporte<br \/>\n\u2714 Adecuada para comer, dibujar o jugar<\/p>\n<p>Una trona pr\u00e1ctica con un tama\u00f1o ideal: para que sentarse a la mesa juntos sea realmente una experiencia juntos. \ud83d\ude0a<\/p>\n<p>Disponible en varios colores.<\/p>\n<p>Tama\u00f1o: 43x43x50 \/ 90cm<br \/>\nPlegado: 89x10x10cm<br \/>\nTela: 100% poli\u00e9ster<br \/>\nMarco: Aluminio<br \/>\nCarga m\u00e1xima: 60 kg.<br \/>\nPeso: 2,7 kg.<\/p>\n","protected":false},"excerpt":{"rendered":"<p>Trona Petit JR: peque\u00f1a, grande y pr\u00e1ctica \u00bfComer juntos en la mesa, hacer manualidades o jugar? Con la trona Petit JR, tu hijo siempre estar\u00e1&hellip;<\/p>\n","protected":false},"featured_media":18554,"comment_status":"open","ping_status":"closed","template":"","meta":{"_acf_changed":false},"product_brand":[],"product_cat":[354],"product_tag":[],"class_list":{"0":"post-20837","1":"product","2":"type-product","3":"status-publish","4":"has-post-thumbnail","6":"product_cat-sillas-altas","8":"first","9":"instock","10":"shipping-taxable","11":"product-type-simple"},"acf":[],"yoast_head":"<!-- This site is optimized with the Yoast SEO plugin v27.4 - https:\/\/yoast.com\/product\/yoast-seo-wordpress\/ -->\n<title>Silla infantil Petit JR - Eurotrail | The way we camp!<\/title>\n<meta name=\"description\" content=\"Trona Petit JR, 64 cm de altura. Cabe debajo de casi cualquier mesa, con estructura ligera de aluminio y plegable. Ideal para comer y jugar.\" \/>\n<meta name=\"robots\" content=\"index, follow, max-snippet:-1, max-image-preview:large, max-video-preview:-1\" \/>\n<link rel=\"canonical\" href=\"https:\/\/eurotrail.info\/es\/producten\/muebles-para-acampar\/sillas-altas\/silla-infantil-petit-jr\/\" \/>\n<meta property=\"og:locale\" content=\"es_ES\" \/>\n<meta property=\"og:type\" content=\"article\" \/>\n<meta property=\"og:title\" content=\"Silla infantil Petit JR - Eurotrail | The way we camp!\" \/>\n<meta property=\"og:description\" content=\"Trona Petit JR, 64 cm de altura. Cabe debajo de casi cualquier mesa, con estructura ligera de aluminio y plegable. Ideal para comer y jugar.\" \/>\n<meta property=\"og:url\" content=\"https:\/\/eurotrail.info\/es\/producten\/muebles-para-acampar\/sillas-altas\/silla-infantil-petit-jr\/\" \/>\n<meta property=\"og:site_name\" content=\"Eurotrail | The way we camp!\" \/>\n<meta property=\"article:modified_time\" content=\"2026-03-19T11:37:08+00:00\" \/>\n<meta property=\"og:image\" content=\"https:\/\/eurotrail.info\/wp\/wp-content\/uploads\/2016\/01\/ETCF0891-Petit-jr-Azure-16.jpg\" \/>\n\t<meta property=\"og:image:width\" content=\"1095\" \/>\n\t<meta property=\"og:image:height\" content=\"1772\" \/>\n\t<meta property=\"og:image:type\" content=\"image\/jpeg\" \/>\n<meta name=\"twitter:card\" content=\"summary_large_image\" \/>\n<meta name=\"twitter:label1\" content=\"Tiempo de lectura\" \/>\n\t<meta name=\"twitter:data1\" content=\"2 minutes\" \/>\n<script type=\"application\/ld+json\" class=\"yoast-schema-graph\">{\"@context\":\"https:\\\/\\\/schema.org\",\"@graph\":[{\"@type\":\"WebPage\",\"@id\":\"https:\\\/\\\/eurotrail.info\\\/es\\\/producten\\\/muebles-para-acampar\\\/sillas-altas\\\/silla-infantil-petit-jr\\\/\",\"url\":\"https:\\\/\\\/eurotrail.info\\\/es\\\/producten\\\/muebles-para-acampar\\\/sillas-altas\\\/silla-infantil-petit-jr\\\/\",\"name\":\"Silla infantil Petit JR - Eurotrail | The way we camp!\",\"isPartOf\":{\"@id\":\"https:\\\/\\\/eurotrail.info\\\/#website\"},\"primaryImageOfPage\":{\"@id\":\"https:\\\/\\\/eurotrail.info\\\/es\\\/producten\\\/muebles-para-acampar\\\/sillas-altas\\\/silla-infantil-petit-jr\\\/#primaryimage\"},\"image\":{\"@id\":\"https:\\\/\\\/eurotrail.info\\\/es\\\/producten\\\/muebles-para-acampar\\\/sillas-altas\\\/silla-infantil-petit-jr\\\/#primaryimage\"},\"thumbnailUrl\":\"https:\\\/\\\/eurotrail.info\\\/wp\\\/wp-content\\\/uploads\\\/2016\\\/01\\\/ETCF0891-Petit-jr-Azure-16.jpg\",\"datePublished\":\"2016-01-20T16:15:06+00:00\",\"dateModified\":\"2026-03-19T11:37:08+00:00\",\"description\":\"Trona Petit JR, 64 cm de altura. Cabe debajo de casi cualquier mesa, con estructura ligera de aluminio y plegable. Ideal para comer y jugar.\",\"breadcrumb\":{\"@id\":\"https:\\\/\\\/eurotrail.info\\\/es\\\/producten\\\/muebles-para-acampar\\\/sillas-altas\\\/silla-infantil-petit-jr\\\/#breadcrumb\"},\"inLanguage\":\"es-ES\",\"potentialAction\":[{\"@type\":\"ReadAction\",\"target\":[\"https:\\\/\\\/eurotrail.info\\\/es\\\/producten\\\/muebles-para-acampar\\\/sillas-altas\\\/silla-infantil-petit-jr\\\/\"]}]},{\"@type\":\"ImageObject\",\"inLanguage\":\"es-ES\",\"@id\":\"https:\\\/\\\/eurotrail.info\\\/es\\\/producten\\\/muebles-para-acampar\\\/sillas-altas\\\/silla-infantil-petit-jr\\\/#primaryimage\",\"url\":\"https:\\\/\\\/eurotrail.info\\\/wp\\\/wp-content\\\/uploads\\\/2016\\\/01\\\/ETCF0891-Petit-jr-Azure-16.jpg\",\"contentUrl\":\"https:\\\/\\\/eurotrail.info\\\/wp\\\/wp-content\\\/uploads\\\/2016\\\/01\\\/ETCF0891-Petit-jr-Azure-16.jpg\",\"width\":1095,\"height\":1772,\"caption\":\"Aluminium inklapbare kinderstoel, Stoel kan onder de tafel geschoven worden zodat het kind aan tafel kan eten en spelen!\"},{\"@type\":\"BreadcrumbList\",\"@id\":\"https:\\\/\\\/eurotrail.info\\\/es\\\/producten\\\/muebles-para-acampar\\\/sillas-altas\\\/silla-infantil-petit-jr\\\/#breadcrumb\",\"itemListElement\":[{\"@type\":\"ListItem\",\"position\":1,\"name\":\"Home\",\"item\":\"https:\\\/\\\/eurotrail.info\\\/es\\\/\"},{\"@type\":\"ListItem\",\"position\":2,\"name\":\"Productos\",\"item\":\"https:\\\/\\\/eurotrail.info\\\/es\\\/productos\\\/\"},{\"@type\":\"ListItem\",\"position\":3,\"name\":\"Silla infantil Petit JR\"}]},{\"@type\":\"WebSite\",\"@id\":\"https:\\\/\\\/eurotrail.info\\\/#website\",\"url\":\"https:\\\/\\\/eurotrail.info\\\/\",\"name\":\"Eurotrail | The way we camp!\",\"description\":\"\",\"publisher\":{\"@id\":\"https:\\\/\\\/eurotrail.info\\\/#organization\"},\"potentialAction\":[{\"@type\":\"SearchAction\",\"target\":{\"@type\":\"EntryPoint\",\"urlTemplate\":\"https:\\\/\\\/eurotrail.info\\\/?s={search_term_string}\"},\"query-input\":{\"@type\":\"PropertyValueSpecification\",\"valueRequired\":true,\"valueName\":\"search_term_string\"}}],\"inLanguage\":\"es-ES\"},{\"@type\":\"Organization\",\"@id\":\"https:\\\/\\\/eurotrail.info\\\/#organization\",\"name\":\"Eurotrail | The way we camp!\",\"url\":\"https:\\\/\\\/eurotrail.info\\\/\",\"logo\":{\"@type\":\"ImageObject\",\"inLanguage\":\"es-ES\",\"@id\":\"https:\\\/\\\/eurotrail.info\\\/#\\\/schema\\\/logo\\\/image\\\/\",\"url\":\"https:\\\/\\\/eurotrail.info\\\/wp\\\/wp-content\\\/uploads\\\/2023\\\/07\\\/ET-logo-quote_NL-scaled.jpg\",\"contentUrl\":\"https:\\\/\\\/eurotrail.info\\\/wp\\\/wp-content\\\/uploads\\\/2023\\\/07\\\/ET-logo-quote_NL-scaled.jpg\",\"width\":2560,\"height\":675,\"caption\":\"Eurotrail | The way we camp!\"},\"image\":{\"@id\":\"https:\\\/\\\/eurotrail.info\\\/#\\\/schema\\\/logo\\\/image\\\/\"}}]}<\/script>\n<!-- \/ Yoast SEO plugin. -->","yoast_head_json":{"title":"Silla infantil Petit JR - Eurotrail | The way we camp!","description":"Trona Petit JR, 64 cm de altura. Cabe debajo de casi cualquier mesa, con estructura ligera de aluminio y plegable. Ideal para comer y jugar.","robots":{"index":"index","follow":"follow","max-snippet":"max-snippet:-1","max-image-preview":"max-image-preview:large","max-video-preview":"max-video-preview:-1"},"canonical":"https:\/\/eurotrail.info\/es\/producten\/muebles-para-acampar\/sillas-altas\/silla-infantil-petit-jr\/","og_locale":"es_ES","og_type":"article","og_title":"Silla infantil Petit JR - Eurotrail | The way we camp!","og_description":"Trona Petit JR, 64 cm de altura. Cabe debajo de casi cualquier mesa, con estructura ligera de aluminio y plegable. Ideal para comer y jugar.","og_url":"https:\/\/eurotrail.info\/es\/producten\/muebles-para-acampar\/sillas-altas\/silla-infantil-petit-jr\/","og_site_name":"Eurotrail | The way we camp!","article_modified_time":"2026-03-19T11:37:08+00:00","og_image":[{"width":1095,"height":1772,"url":"https:\/\/eurotrail.info\/wp\/wp-content\/uploads\/2016\/01\/ETCF0891-Petit-jr-Azure-16.jpg","type":"image\/jpeg"}],"twitter_card":"summary_large_image","twitter_misc":{"Tiempo de lectura":"2 minutes"},"schema":{"@context":"https:\/\/schema.org","@graph":[{"@type":"WebPage","@id":"https:\/\/eurotrail.info\/es\/producten\/muebles-para-acampar\/sillas-altas\/silla-infantil-petit-jr\/","url":"https:\/\/eurotrail.info\/es\/producten\/muebles-para-acampar\/sillas-altas\/silla-infantil-petit-jr\/","name":"Silla infantil Petit JR - Eurotrail | The way we camp!","isPartOf":{"@id":"https:\/\/eurotrail.info\/#website"},"primaryImageOfPage":{"@id":"https:\/\/eurotrail.info\/es\/producten\/muebles-para-acampar\/sillas-altas\/silla-infantil-petit-jr\/#primaryimage"},"image":{"@id":"https:\/\/eurotrail.info\/es\/producten\/muebles-para-acampar\/sillas-altas\/silla-infantil-petit-jr\/#primaryimage"},"thumbnailUrl":"https:\/\/eurotrail.info\/wp\/wp-content\/uploads\/2016\/01\/ETCF0891-Petit-jr-Azure-16.jpg","datePublished":"2016-01-20T16:15:06+00:00","dateModified":"2026-03-19T11:37:08+00:00","description":"Trona Petit JR, 64 cm de altura. Cabe debajo de casi cualquier mesa, con estructura ligera de aluminio y plegable. Ideal para comer y jugar.","breadcrumb":{"@id":"https:\/\/eurotrail.info\/es\/producten\/muebles-para-acampar\/sillas-altas\/silla-infantil-petit-jr\/#breadcrumb"},"inLanguage":"es-ES","potentialAction":[{"@type":"ReadAction","target":["https:\/\/eurotrail.info\/es\/producten\/muebles-para-acampar\/sillas-altas\/silla-infantil-petit-jr\/"]}]},{"@type":"ImageObject","inLanguage":"es-ES","@id":"https:\/\/eurotrail.info\/es\/producten\/muebles-para-acampar\/sillas-altas\/silla-infantil-petit-jr\/#primaryimage","url":"https:\/\/eurotrail.info\/wp\/wp-content\/uploads\/2016\/01\/ETCF0891-Petit-jr-Azure-16.jpg","contentUrl":"https:\/\/eurotrail.info\/wp\/wp-content\/uploads\/2016\/01\/ETCF0891-Petit-jr-Azure-16.jpg","width":1095,"height":1772,"caption":"Aluminium inklapbare kinderstoel, Stoel kan onder de tafel geschoven worden zodat het kind aan tafel kan eten en spelen!"},{"@type":"BreadcrumbList","@id":"https:\/\/eurotrail.info\/es\/producten\/muebles-para-acampar\/sillas-altas\/silla-infantil-petit-jr\/#breadcrumb","itemListElement":[{"@type":"ListItem","position":1,"name":"Home","item":"https:\/\/eurotrail.info\/es\/"},{"@type":"ListItem","position":2,"name":"Productos","item":"https:\/\/eurotrail.info\/es\/productos\/"},{"@type":"ListItem","position":3,"name":"Silla infantil Petit JR"}]},{"@type":"WebSite","@id":"https:\/\/eurotrail.info\/#website","url":"https:\/\/eurotrail.info\/","name":"Eurotrail | The way we camp!","description":"","publisher":{"@id":"https:\/\/eurotrail.info\/#organization"},"potentialAction":[{"@type":"SearchAction","target":{"@type":"EntryPoint","urlTemplate":"https:\/\/eurotrail.info\/?s={search_term_string}"},"query-input":{"@type":"PropertyValueSpecification","valueRequired":true,"valueName":"search_term_string"}}],"inLanguage":"es-ES"},{"@type":"Organization","@id":"https:\/\/eurotrail.info\/#organization","name":"Eurotrail | The way we camp!","url":"https:\/\/eurotrail.info\/","logo":{"@type":"ImageObject","inLanguage":"es-ES","@id":"https:\/\/eurotrail.info\/#\/schema\/logo\/image\/","url":"https:\/\/eurotrail.info\/wp\/wp-content\/uploads\/2023\/07\/ET-logo-quote_NL-scaled.jpg","contentUrl":"https:\/\/eurotrail.info\/wp\/wp-content\/uploads\/2023\/07\/ET-logo-quote_NL-scaled.jpg","width":2560,"height":675,"caption":"Eurotrail | The way we camp!"},"image":{"@id":"https:\/\/eurotrail.info\/#\/schema\/logo\/image\/"}}]}},"_links":{"self":[{"href":"https:\/\/eurotrail.info\/es\/wp-json\/wp\/v2\/product\/20837","targetHints":{"allow":["GET"]}}],"collection":[{"href":"https:\/\/eurotrail.info\/es\/wp-json\/wp\/v2\/product"}],"about":[{"href":"https:\/\/eurotrail.info\/es\/wp-json\/wp\/v2\/types\/product"}],"replies":[{"embeddable":true,"href":"https:\/\/eurotrail.info\/es\/wp-json\/wp\/v2\/comments?post=20837"}],"wp:featuredmedia":[{"embeddable":true,"href":"https:\/\/eurotrail.info\/es\/wp-json\/wp\/v2\/media\/18554"}],"wp:attachment":[{"href":"https:\/\/eurotrail.info\/es\/wp-json\/wp\/v2\/media?parent=20837"}],"wp:term":[{"taxonomy":"product_brand","embeddable":true,"href":"https:\/\/eurotrail.info\/es\/wp-json\/wp\/v2\/product_brand?post=20837"},{"taxonomy":"product_cat","embeddable":true,"href":"https:\/\/eurotrail.info\/es\/wp-json\/wp\/v2\/product_cat?post=20837"},{"taxonomy":"product_tag","embeddable":true,"href":"https:\/\/eurotrail.info\/es\/wp-json\/wp\/v2\/product_tag?post=20837"}],"curies":[{"name":"wp","href":"https:\/\/api.w.org\/{rel}","templated":true}]}}