{"id":20838,"date":"2017-01-05T13:05:19","date_gmt":"2022-11-23T12:50:30","guid":{"rendered":"https:\/\/eurotrail.info\/?post_type=product&#038;p=20838"},"modified":"2025-02-03T16:10:33","modified_gmt":"2025-02-03T15:10:33","slug":"sillas-nicky-ninos","status":"publish","type":"product","link":"https:\/\/eurotrail.info\/es\/producten\/muebles-para-acampar\/sillas-altas\/sillas-nicky-ninos\/","title":{"rendered":"Nicky sillas ni\u00f1os"},"content":{"rendered":"<p>Esta alegre trona plegable es perfecta para los peque\u00f1os aventureros. Disponible en divertidos colores y con un robusto armaz\u00f3n plegable de acero con bloqueo de plegado, ofrece una estabilidad y comodidad \u00f3ptimas. El respaldo alto y los reposabrazos proporcionan un apoyo adicional, mientras que el peso ligero hace que la silla sea f\u00e1cil de transportar. Gracias a la funci\u00f3n de seguridad de plegado, la silla no se pliega sin m\u00e1s, lo que proporciona una seguridad adicional. Ideal para casa, para acampar o para pasar el d\u00eda fuera.<\/p>\n<p>Tela: 100% poli\u00e9ster<br \/>\nMarco: Acero<br \/>\nTama\u00f1o:<br \/>\nAsiento: 30x26cm<br \/>\nAltura del asiento: 21 cm<br \/>\nAltura total: 46cm<\/p>\n<p>Tama\u00f1o del paquete: 42x38x7cm<br \/>\nPeso: 995 gr.<br \/>\nCarga m\u00e1xima: aprox. 25 kg<\/p>\n","protected":false},"excerpt":{"rendered":"<p>Esta alegre trona plegable es perfecta para los peque\u00f1os aventureros. Disponible en divertidos colores y con un robusto armaz\u00f3n plegable de acero con bloqueo de&hellip;<\/p>\n","protected":false},"featured_media":17022,"comment_status":"open","ping_status":"closed","template":"","meta":{"_acf_changed":false},"product_brand":[],"product_cat":[354],"product_tag":[],"class_list":{"0":"post-20838","1":"product","2":"type-product","3":"status-publish","4":"has-post-thumbnail","6":"product_cat-sillas-altas","8":"first","9":"instock","10":"shipping-taxable","11":"product-type-simple"},"acf":[],"yoast_head":"<!-- This site is optimized with the Yoast SEO plugin v27.4 - https:\/\/yoast.com\/product\/yoast-seo-wordpress\/ -->\n<title>Nicky sillas ni\u00f1os - Eurotrail | The way we camp!<\/title>\n<meta name=\"description\" content=\"Silla plegable para ni\u00f1os con estructura de acero s\u00f3lida y estable. Disponible en colores grils y boys.El marco est\u00e1 provisto de una cerradura de seguridad.\" \/>\n<meta name=\"robots\" content=\"index, follow, max-snippet:-1, max-image-preview:large, max-video-preview:-1\" \/>\n<link rel=\"canonical\" href=\"https:\/\/eurotrail.info\/producten\/kampeermeubelen-campingmeubelen\/kinderstoelen\/nicky-kids\/\" \/>\n<meta property=\"og:locale\" content=\"es_ES\" \/>\n<meta property=\"og:type\" content=\"article\" \/>\n<meta property=\"og:title\" content=\"Nicky sillas ni\u00f1os - Eurotrail | The way we camp!\" \/>\n<meta property=\"og:description\" content=\"Silla plegable para ni\u00f1os con estructura de acero s\u00f3lida y estable. Disponible en colores grils y boys.El marco est\u00e1 provisto de una cerradura de seguridad.\" \/>\n<meta property=\"og:url\" content=\"https:\/\/eurotrail.info\/producten\/kampeermeubelen-campingmeubelen\/kinderstoelen\/nicky-kids\/\" \/>\n<meta property=\"og:site_name\" content=\"Eurotrail | The way we camp!\" \/>\n<meta property=\"article:modified_time\" content=\"2025-02-03T15:10:33+00:00\" \/>\n<meta property=\"og:image\" content=\"https:\/\/eurotrail.info\/wp\/wp-content\/uploads\/2017\/01\/Eurotrail-Nicky-Kids-7.jpg\" \/>\n\t<meta property=\"og:image:width\" content=\"988\" \/>\n\t<meta property=\"og:image:height\" content=\"1417\" \/>\n\t<meta property=\"og:image:type\" content=\"image\/jpeg\" \/>\n<meta name=\"twitter:card\" content=\"summary_large_image\" \/>\n<meta name=\"twitter:label1\" content=\"Tiempo de lectura\" \/>\n\t<meta name=\"twitter:data1\" content=\"1 minute\" \/>\n<script type=\"application\/ld+json\" class=\"yoast-schema-graph\">{\"@context\":\"https:\\\/\\\/schema.org\",\"@graph\":[{\"@type\":\"WebPage\",\"@id\":\"https:\\\/\\\/eurotrail.info\\\/producten\\\/kampeermeubelen-campingmeubelen\\\/kinderstoelen\\\/nicky-kids\\\/\",\"url\":\"https:\\\/\\\/eurotrail.info\\\/producten\\\/kampeermeubelen-campingmeubelen\\\/kinderstoelen\\\/nicky-kids\\\/\",\"name\":\"Nicky sillas ni\u00f1os - Eurotrail | The way we camp!\",\"isPartOf\":{\"@id\":\"https:\\\/\\\/eurotrail.info\\\/#website\"},\"primaryImageOfPage\":{\"@id\":\"https:\\\/\\\/eurotrail.info\\\/producten\\\/kampeermeubelen-campingmeubelen\\\/kinderstoelen\\\/nicky-kids\\\/#primaryimage\"},\"image\":{\"@id\":\"https:\\\/\\\/eurotrail.info\\\/producten\\\/kampeermeubelen-campingmeubelen\\\/kinderstoelen\\\/nicky-kids\\\/#primaryimage\"},\"thumbnailUrl\":\"https:\\\/\\\/eurotrail.info\\\/wp\\\/wp-content\\\/uploads\\\/2017\\\/01\\\/Eurotrail-Nicky-Kids-7.jpg\",\"datePublished\":\"2022-11-23T12:50:30+00:00\",\"dateModified\":\"2025-02-03T15:10:33+00:00\",\"description\":\"Silla plegable para ni\u00f1os con estructura de acero s\u00f3lida y estable. Disponible en colores grils y boys.El marco est\u00e1 provisto de una cerradura de seguridad.\",\"breadcrumb\":{\"@id\":\"https:\\\/\\\/eurotrail.info\\\/producten\\\/kampeermeubelen-campingmeubelen\\\/kinderstoelen\\\/nicky-kids\\\/#breadcrumb\"},\"inLanguage\":\"es-ES\",\"potentialAction\":[{\"@type\":\"ReadAction\",\"target\":[\"https:\\\/\\\/eurotrail.info\\\/producten\\\/kampeermeubelen-campingmeubelen\\\/kinderstoelen\\\/nicky-kids\\\/\"]}]},{\"@type\":\"ImageObject\",\"inLanguage\":\"es-ES\",\"@id\":\"https:\\\/\\\/eurotrail.info\\\/producten\\\/kampeermeubelen-campingmeubelen\\\/kinderstoelen\\\/nicky-kids\\\/#primaryimage\",\"url\":\"https:\\\/\\\/eurotrail.info\\\/wp\\\/wp-content\\\/uploads\\\/2017\\\/01\\\/Eurotrail-Nicky-Kids-7.jpg\",\"contentUrl\":\"https:\\\/\\\/eurotrail.info\\\/wp\\\/wp-content\\\/uploads\\\/2017\\\/01\\\/Eurotrail-Nicky-Kids-7.jpg\",\"width\":988,\"height\":1417,\"caption\":\"Eurotrail Nicky Kids: kinderklapstoel met stevig en stabiel stalen frame.\"},{\"@type\":\"BreadcrumbList\",\"@id\":\"https:\\\/\\\/eurotrail.info\\\/producten\\\/kampeermeubelen-campingmeubelen\\\/kinderstoelen\\\/nicky-kids\\\/#breadcrumb\",\"itemListElement\":[{\"@type\":\"ListItem\",\"position\":1,\"name\":\"Home\",\"item\":\"https:\\\/\\\/eurotrail.info\\\/es\\\/\"},{\"@type\":\"ListItem\",\"position\":2,\"name\":\"Productos\",\"item\":\"https:\\\/\\\/eurotrail.info\\\/es\\\/productos\\\/\"},{\"@type\":\"ListItem\",\"position\":3,\"name\":\"Nicky sillas ni\u00f1os\"}]},{\"@type\":\"WebSite\",\"@id\":\"https:\\\/\\\/eurotrail.info\\\/#website\",\"url\":\"https:\\\/\\\/eurotrail.info\\\/\",\"name\":\"Eurotrail | The way we camp!\",\"description\":\"\",\"publisher\":{\"@id\":\"https:\\\/\\\/eurotrail.info\\\/#organization\"},\"potentialAction\":[{\"@type\":\"SearchAction\",\"target\":{\"@type\":\"EntryPoint\",\"urlTemplate\":\"https:\\\/\\\/eurotrail.info\\\/?s={search_term_string}\"},\"query-input\":{\"@type\":\"PropertyValueSpecification\",\"valueRequired\":true,\"valueName\":\"search_term_string\"}}],\"inLanguage\":\"es-ES\"},{\"@type\":\"Organization\",\"@id\":\"https:\\\/\\\/eurotrail.info\\\/#organization\",\"name\":\"Eurotrail | The way we camp!\",\"url\":\"https:\\\/\\\/eurotrail.info\\\/\",\"logo\":{\"@type\":\"ImageObject\",\"inLanguage\":\"es-ES\",\"@id\":\"https:\\\/\\\/eurotrail.info\\\/#\\\/schema\\\/logo\\\/image\\\/\",\"url\":\"https:\\\/\\\/eurotrail.info\\\/wp\\\/wp-content\\\/uploads\\\/2023\\\/07\\\/ET-logo-quote_NL-scaled.jpg\",\"contentUrl\":\"https:\\\/\\\/eurotrail.info\\\/wp\\\/wp-content\\\/uploads\\\/2023\\\/07\\\/ET-logo-quote_NL-scaled.jpg\",\"width\":2560,\"height\":675,\"caption\":\"Eurotrail | The way we camp!\"},\"image\":{\"@id\":\"https:\\\/\\\/eurotrail.info\\\/#\\\/schema\\\/logo\\\/image\\\/\"}}]}<\/script>\n<!-- \/ Yoast SEO plugin. -->","yoast_head_json":{"title":"Nicky sillas ni\u00f1os - Eurotrail | The way we camp!","description":"Silla plegable para ni\u00f1os con estructura de acero s\u00f3lida y estable. Disponible en colores grils y boys.El marco est\u00e1 provisto de una cerradura de seguridad.","robots":{"index":"index","follow":"follow","max-snippet":"max-snippet:-1","max-image-preview":"max-image-preview:large","max-video-preview":"max-video-preview:-1"},"canonical":"https:\/\/eurotrail.info\/producten\/kampeermeubelen-campingmeubelen\/kinderstoelen\/nicky-kids\/","og_locale":"es_ES","og_type":"article","og_title":"Nicky sillas ni\u00f1os - Eurotrail | The way we camp!","og_description":"Silla plegable para ni\u00f1os con estructura de acero s\u00f3lida y estable. Disponible en colores grils y boys.El marco est\u00e1 provisto de una cerradura de seguridad.","og_url":"https:\/\/eurotrail.info\/producten\/kampeermeubelen-campingmeubelen\/kinderstoelen\/nicky-kids\/","og_site_name":"Eurotrail | The way we camp!","article_modified_time":"2025-02-03T15:10:33+00:00","og_image":[{"width":988,"height":1417,"url":"https:\/\/eurotrail.info\/wp\/wp-content\/uploads\/2017\/01\/Eurotrail-Nicky-Kids-7.jpg","type":"image\/jpeg"}],"twitter_card":"summary_large_image","twitter_misc":{"Tiempo de lectura":"1 minute"},"schema":{"@context":"https:\/\/schema.org","@graph":[{"@type":"WebPage","@id":"https:\/\/eurotrail.info\/producten\/kampeermeubelen-campingmeubelen\/kinderstoelen\/nicky-kids\/","url":"https:\/\/eurotrail.info\/producten\/kampeermeubelen-campingmeubelen\/kinderstoelen\/nicky-kids\/","name":"Nicky sillas ni\u00f1os - Eurotrail | The way we camp!","isPartOf":{"@id":"https:\/\/eurotrail.info\/#website"},"primaryImageOfPage":{"@id":"https:\/\/eurotrail.info\/producten\/kampeermeubelen-campingmeubelen\/kinderstoelen\/nicky-kids\/#primaryimage"},"image":{"@id":"https:\/\/eurotrail.info\/producten\/kampeermeubelen-campingmeubelen\/kinderstoelen\/nicky-kids\/#primaryimage"},"thumbnailUrl":"https:\/\/eurotrail.info\/wp\/wp-content\/uploads\/2017\/01\/Eurotrail-Nicky-Kids-7.jpg","datePublished":"2022-11-23T12:50:30+00:00","dateModified":"2025-02-03T15:10:33+00:00","description":"Silla plegable para ni\u00f1os con estructura de acero s\u00f3lida y estable. Disponible en colores grils y boys.El marco est\u00e1 provisto de una cerradura de seguridad.","breadcrumb":{"@id":"https:\/\/eurotrail.info\/producten\/kampeermeubelen-campingmeubelen\/kinderstoelen\/nicky-kids\/#breadcrumb"},"inLanguage":"es-ES","potentialAction":[{"@type":"ReadAction","target":["https:\/\/eurotrail.info\/producten\/kampeermeubelen-campingmeubelen\/kinderstoelen\/nicky-kids\/"]}]},{"@type":"ImageObject","inLanguage":"es-ES","@id":"https:\/\/eurotrail.info\/producten\/kampeermeubelen-campingmeubelen\/kinderstoelen\/nicky-kids\/#primaryimage","url":"https:\/\/eurotrail.info\/wp\/wp-content\/uploads\/2017\/01\/Eurotrail-Nicky-Kids-7.jpg","contentUrl":"https:\/\/eurotrail.info\/wp\/wp-content\/uploads\/2017\/01\/Eurotrail-Nicky-Kids-7.jpg","width":988,"height":1417,"caption":"Eurotrail Nicky Kids: kinderklapstoel met stevig en stabiel stalen frame."},{"@type":"BreadcrumbList","@id":"https:\/\/eurotrail.info\/producten\/kampeermeubelen-campingmeubelen\/kinderstoelen\/nicky-kids\/#breadcrumb","itemListElement":[{"@type":"ListItem","position":1,"name":"Home","item":"https:\/\/eurotrail.info\/es\/"},{"@type":"ListItem","position":2,"name":"Productos","item":"https:\/\/eurotrail.info\/es\/productos\/"},{"@type":"ListItem","position":3,"name":"Nicky sillas ni\u00f1os"}]},{"@type":"WebSite","@id":"https:\/\/eurotrail.info\/#website","url":"https:\/\/eurotrail.info\/","name":"Eurotrail | The way we camp!","description":"","publisher":{"@id":"https:\/\/eurotrail.info\/#organization"},"potentialAction":[{"@type":"SearchAction","target":{"@type":"EntryPoint","urlTemplate":"https:\/\/eurotrail.info\/?s={search_term_string}"},"query-input":{"@type":"PropertyValueSpecification","valueRequired":true,"valueName":"search_term_string"}}],"inLanguage":"es-ES"},{"@type":"Organization","@id":"https:\/\/eurotrail.info\/#organization","name":"Eurotrail | The way we camp!","url":"https:\/\/eurotrail.info\/","logo":{"@type":"ImageObject","inLanguage":"es-ES","@id":"https:\/\/eurotrail.info\/#\/schema\/logo\/image\/","url":"https:\/\/eurotrail.info\/wp\/wp-content\/uploads\/2023\/07\/ET-logo-quote_NL-scaled.jpg","contentUrl":"https:\/\/eurotrail.info\/wp\/wp-content\/uploads\/2023\/07\/ET-logo-quote_NL-scaled.jpg","width":2560,"height":675,"caption":"Eurotrail | The way we camp!"},"image":{"@id":"https:\/\/eurotrail.info\/#\/schema\/logo\/image\/"}}]}},"_links":{"self":[{"href":"https:\/\/eurotrail.info\/es\/wp-json\/wp\/v2\/product\/20838","targetHints":{"allow":["GET"]}}],"collection":[{"href":"https:\/\/eurotrail.info\/es\/wp-json\/wp\/v2\/product"}],"about":[{"href":"https:\/\/eurotrail.info\/es\/wp-json\/wp\/v2\/types\/product"}],"replies":[{"embeddable":true,"href":"https:\/\/eurotrail.info\/es\/wp-json\/wp\/v2\/comments?post=20838"}],"wp:featuredmedia":[{"embeddable":true,"href":"https:\/\/eurotrail.info\/es\/wp-json\/wp\/v2\/media\/17022"}],"wp:attachment":[{"href":"https:\/\/eurotrail.info\/es\/wp-json\/wp\/v2\/media?parent=20838"}],"wp:term":[{"taxonomy":"product_brand","embeddable":true,"href":"https:\/\/eurotrail.info\/es\/wp-json\/wp\/v2\/product_brand?post=20838"},{"taxonomy":"product_cat","embeddable":true,"href":"https:\/\/eurotrail.info\/es\/wp-json\/wp\/v2\/product_cat?post=20838"},{"taxonomy":"product_tag","embeddable":true,"href":"https:\/\/eurotrail.info\/es\/wp-json\/wp\/v2\/product_tag?post=20838"}],"curies":[{"name":"wp","href":"https:\/\/api.w.org\/{rel}","templated":true}]}}