{"id":20859,"date":"2018-01-11T15:36:40","date_gmt":"2022-11-25T08:08:49","guid":{"rendered":"https:\/\/eurotrail.info\/?post_type=product&#038;p=20859"},"modified":"2023-05-16T12:38:14","modified_gmt":"2023-05-16T11:38:14","slug":"siena-toldo-caravana","status":"publish","type":"product","link":"https:\/\/eurotrail.info\/es\/producten\/caravana-autocaravana-autobus\/tiendas-caravana-camper\/siena-toldo-caravana\/","title":{"rendered":"Siena toldo caravana"},"content":{"rendered":"<p>La Siena es una tienda de caravana ligera que tambi\u00e9n se puede utilizar como toldo. La carpa tiene un poste y, por lo tanto, es muy f\u00e1cil y r\u00e1pida de instalar. Los paneles laterales y la pared frontal son totalmente desmontables, creando un toldo perfecto. Las ventanas transparentes con tapa ofrecen una buena vista. El toldo fijo en la parte delantera te protege de la lluvia en la entrada de la tienda y proporciona sombra adicional. El Siena es ideal para usar los fines de semana o escapadas cortas. incluido piquetas, vientos y bolsa de transporte.<\/p>\n<p>Altura hasta 240 &#8211; 255 cm.<\/p>\n<p><a href=\"https:\/\/www.youtube.com\/watch?v=q0TdtlKrS_M\">Manual Siena Awning<\/a><\/p>\n<p>Mosca: poli\u00e9ster 185T, columna de agua de 3000 mm<br \/>\nCosturas: costuras selladas impermeables<br \/>\nColor: gris \/ carb\u00f3n<br \/>\nPostes: fibra de vidrio a poste de 12,7 mm con postes rectos de acero de 19 mm.<br \/>\nTama\u00f1o base: 350x250cm.<br \/>\nEmbalado: 70x\u00d825cm<br \/>\nAltura: 240 \/ 210cm<br \/>\nPeso: 9,95 kg.<\/p>\n<p>&nbsp;<\/p>\n","protected":false},"excerpt":{"rendered":"<p>La Siena es una tienda de caravana ligera que tambi\u00e9n se puede utilizar como toldo. La carpa tiene un poste y, por lo tanto, es&hellip;<\/p>\n","protected":false},"featured_media":18265,"comment_status":"open","ping_status":"closed","template":"","meta":{"_acf_changed":false},"product_brand":[],"product_cat":[331],"product_tag":[],"class_list":{"0":"post-20859","1":"product","2":"type-product","3":"status-publish","4":"has-post-thumbnail","6":"product_cat-tiendas-caravana-camper","8":"first","9":"instock","10":"shipping-taxable","11":"product-type-simple"},"acf":[],"yoast_head":"<!-- This site is optimized with the Yoast SEO plugin v27.4 - https:\/\/yoast.com\/product\/yoast-seo-wordpress\/ -->\n<title>Siena toldo caravana - Eurotrail | The way we camp!<\/title>\n<meta name=\"description\" content=\"Tienda de caravana ligera que tambi\u00e9n se puede utilizar como toldo. La carpa tiene un poste y, por lo tanto, es muy f\u00e1cil y r\u00e1pida de instalar.\" \/>\n<meta name=\"robots\" content=\"index, follow, max-snippet:-1, max-image-preview:large, max-video-preview:-1\" \/>\n<link rel=\"canonical\" href=\"https:\/\/eurotrail.info\/es\/producten\/caravana-autocaravana-autobus\/tiendas-caravana-camper\/siena-toldo-caravana\/\" \/>\n<meta property=\"og:locale\" content=\"es_ES\" \/>\n<meta property=\"og:type\" content=\"article\" \/>\n<meta property=\"og:title\" content=\"Siena toldo caravana - Eurotrail | The way we camp!\" \/>\n<meta property=\"og:description\" content=\"Tienda de caravana ligera que tambi\u00e9n se puede utilizar como toldo. La carpa tiene un poste y, por lo tanto, es muy f\u00e1cil y r\u00e1pida de instalar.\" \/>\n<meta property=\"og:url\" content=\"https:\/\/eurotrail.info\/es\/producten\/caravana-autocaravana-autobus\/tiendas-caravana-camper\/siena-toldo-caravana\/\" \/>\n<meta property=\"og:site_name\" content=\"Eurotrail | The way we camp!\" \/>\n<meta property=\"article:modified_time\" content=\"2023-05-16T11:38:14+00:00\" \/>\n<meta property=\"og:image\" content=\"https:\/\/eurotrail.info\/wp\/wp-content\/uploads\/2018\/01\/ETCT0158-Sienna-set-17-1280x782.jpg\" \/>\n\t<meta property=\"og:image:width\" content=\"1280\" \/>\n\t<meta property=\"og:image:height\" content=\"782\" \/>\n\t<meta property=\"og:image:type\" content=\"image\/jpeg\" \/>\n<meta name=\"twitter:card\" content=\"summary_large_image\" \/>\n<meta name=\"twitter:label1\" content=\"Tiempo de lectura\" \/>\n\t<meta name=\"twitter:data1\" content=\"1 minute\" \/>\n<script type=\"application\/ld+json\" class=\"yoast-schema-graph\">{\"@context\":\"https:\\\/\\\/schema.org\",\"@graph\":[{\"@type\":\"WebPage\",\"@id\":\"https:\\\/\\\/eurotrail.info\\\/es\\\/producten\\\/caravana-autocaravana-autobus\\\/tiendas-caravana-camper\\\/siena-toldo-caravana\\\/\",\"url\":\"https:\\\/\\\/eurotrail.info\\\/es\\\/producten\\\/caravana-autocaravana-autobus\\\/tiendas-caravana-camper\\\/siena-toldo-caravana\\\/\",\"name\":\"Siena toldo caravana - Eurotrail | The way we camp!\",\"isPartOf\":{\"@id\":\"https:\\\/\\\/eurotrail.info\\\/#website\"},\"primaryImageOfPage\":{\"@id\":\"https:\\\/\\\/eurotrail.info\\\/es\\\/producten\\\/caravana-autocaravana-autobus\\\/tiendas-caravana-camper\\\/siena-toldo-caravana\\\/#primaryimage\"},\"image\":{\"@id\":\"https:\\\/\\\/eurotrail.info\\\/es\\\/producten\\\/caravana-autocaravana-autobus\\\/tiendas-caravana-camper\\\/siena-toldo-caravana\\\/#primaryimage\"},\"thumbnailUrl\":\"https:\\\/\\\/eurotrail.info\\\/wp\\\/wp-content\\\/uploads\\\/2018\\\/01\\\/ETCT0158-Sienna-set-17.jpg\",\"datePublished\":\"2022-11-25T08:08:49+00:00\",\"dateModified\":\"2023-05-16T11:38:14+00:00\",\"description\":\"Tienda de caravana ligera que tambi\u00e9n se puede utilizar como toldo. La carpa tiene un poste y, por lo tanto, es muy f\u00e1cil y r\u00e1pida de instalar.\",\"breadcrumb\":{\"@id\":\"https:\\\/\\\/eurotrail.info\\\/es\\\/producten\\\/caravana-autocaravana-autobus\\\/tiendas-caravana-camper\\\/siena-toldo-caravana\\\/#breadcrumb\"},\"inLanguage\":\"es-ES\",\"potentialAction\":[{\"@type\":\"ReadAction\",\"target\":[\"https:\\\/\\\/eurotrail.info\\\/es\\\/producten\\\/caravana-autocaravana-autobus\\\/tiendas-caravana-camper\\\/siena-toldo-caravana\\\/\"]}]},{\"@type\":\"ImageObject\",\"inLanguage\":\"es-ES\",\"@id\":\"https:\\\/\\\/eurotrail.info\\\/es\\\/producten\\\/caravana-autocaravana-autobus\\\/tiendas-caravana-camper\\\/siena-toldo-caravana\\\/#primaryimage\",\"url\":\"https:\\\/\\\/eurotrail.info\\\/wp\\\/wp-content\\\/uploads\\\/2018\\\/01\\\/ETCT0158-Sienna-set-17.jpg\",\"contentUrl\":\"https:\\\/\\\/eurotrail.info\\\/wp\\\/wp-content\\\/uploads\\\/2018\\\/01\\\/ETCT0158-Sienna-set-17.jpg\",\"width\":1772,\"height\":1082,\"caption\":\"lichtgewicht caravantent die tevens als luifel gebruikt kan worden.\"},{\"@type\":\"BreadcrumbList\",\"@id\":\"https:\\\/\\\/eurotrail.info\\\/es\\\/producten\\\/caravana-autocaravana-autobus\\\/tiendas-caravana-camper\\\/siena-toldo-caravana\\\/#breadcrumb\",\"itemListElement\":[{\"@type\":\"ListItem\",\"position\":1,\"name\":\"Home\",\"item\":\"https:\\\/\\\/eurotrail.info\\\/es\\\/\"},{\"@type\":\"ListItem\",\"position\":2,\"name\":\"Productos\",\"item\":\"https:\\\/\\\/eurotrail.info\\\/es\\\/productos\\\/\"},{\"@type\":\"ListItem\",\"position\":3,\"name\":\"Siena toldo caravana\"}]},{\"@type\":\"WebSite\",\"@id\":\"https:\\\/\\\/eurotrail.info\\\/#website\",\"url\":\"https:\\\/\\\/eurotrail.info\\\/\",\"name\":\"Eurotrail | The way we camp!\",\"description\":\"\",\"publisher\":{\"@id\":\"https:\\\/\\\/eurotrail.info\\\/#organization\"},\"potentialAction\":[{\"@type\":\"SearchAction\",\"target\":{\"@type\":\"EntryPoint\",\"urlTemplate\":\"https:\\\/\\\/eurotrail.info\\\/?s={search_term_string}\"},\"query-input\":{\"@type\":\"PropertyValueSpecification\",\"valueRequired\":true,\"valueName\":\"search_term_string\"}}],\"inLanguage\":\"es-ES\"},{\"@type\":\"Organization\",\"@id\":\"https:\\\/\\\/eurotrail.info\\\/#organization\",\"name\":\"Eurotrail | The way we camp!\",\"url\":\"https:\\\/\\\/eurotrail.info\\\/\",\"logo\":{\"@type\":\"ImageObject\",\"inLanguage\":\"es-ES\",\"@id\":\"https:\\\/\\\/eurotrail.info\\\/#\\\/schema\\\/logo\\\/image\\\/\",\"url\":\"https:\\\/\\\/eurotrail.info\\\/wp\\\/wp-content\\\/uploads\\\/2023\\\/07\\\/ET-logo-quote_NL-scaled.jpg\",\"contentUrl\":\"https:\\\/\\\/eurotrail.info\\\/wp\\\/wp-content\\\/uploads\\\/2023\\\/07\\\/ET-logo-quote_NL-scaled.jpg\",\"width\":2560,\"height\":675,\"caption\":\"Eurotrail | The way we camp!\"},\"image\":{\"@id\":\"https:\\\/\\\/eurotrail.info\\\/#\\\/schema\\\/logo\\\/image\\\/\"}}]}<\/script>\n<!-- \/ Yoast SEO plugin. -->","yoast_head_json":{"title":"Siena toldo caravana - Eurotrail | The way we camp!","description":"Tienda de caravana ligera que tambi\u00e9n se puede utilizar como toldo. La carpa tiene un poste y, por lo tanto, es muy f\u00e1cil y r\u00e1pida de instalar.","robots":{"index":"index","follow":"follow","max-snippet":"max-snippet:-1","max-image-preview":"max-image-preview:large","max-video-preview":"max-video-preview:-1"},"canonical":"https:\/\/eurotrail.info\/es\/producten\/caravana-autocaravana-autobus\/tiendas-caravana-camper\/siena-toldo-caravana\/","og_locale":"es_ES","og_type":"article","og_title":"Siena toldo caravana - Eurotrail | The way we camp!","og_description":"Tienda de caravana ligera que tambi\u00e9n se puede utilizar como toldo. La carpa tiene un poste y, por lo tanto, es muy f\u00e1cil y r\u00e1pida de instalar.","og_url":"https:\/\/eurotrail.info\/es\/producten\/caravana-autocaravana-autobus\/tiendas-caravana-camper\/siena-toldo-caravana\/","og_site_name":"Eurotrail | The way we camp!","article_modified_time":"2023-05-16T11:38:14+00:00","og_image":[{"width":1280,"height":782,"url":"https:\/\/eurotrail.info\/wp\/wp-content\/uploads\/2018\/01\/ETCT0158-Sienna-set-17-1280x782.jpg","type":"image\/jpeg"}],"twitter_card":"summary_large_image","twitter_misc":{"Tiempo de lectura":"1 minute"},"schema":{"@context":"https:\/\/schema.org","@graph":[{"@type":"WebPage","@id":"https:\/\/eurotrail.info\/es\/producten\/caravana-autocaravana-autobus\/tiendas-caravana-camper\/siena-toldo-caravana\/","url":"https:\/\/eurotrail.info\/es\/producten\/caravana-autocaravana-autobus\/tiendas-caravana-camper\/siena-toldo-caravana\/","name":"Siena toldo caravana - Eurotrail | The way we camp!","isPartOf":{"@id":"https:\/\/eurotrail.info\/#website"},"primaryImageOfPage":{"@id":"https:\/\/eurotrail.info\/es\/producten\/caravana-autocaravana-autobus\/tiendas-caravana-camper\/siena-toldo-caravana\/#primaryimage"},"image":{"@id":"https:\/\/eurotrail.info\/es\/producten\/caravana-autocaravana-autobus\/tiendas-caravana-camper\/siena-toldo-caravana\/#primaryimage"},"thumbnailUrl":"https:\/\/eurotrail.info\/wp\/wp-content\/uploads\/2018\/01\/ETCT0158-Sienna-set-17.jpg","datePublished":"2022-11-25T08:08:49+00:00","dateModified":"2023-05-16T11:38:14+00:00","description":"Tienda de caravana ligera que tambi\u00e9n se puede utilizar como toldo. La carpa tiene un poste y, por lo tanto, es muy f\u00e1cil y r\u00e1pida de instalar.","breadcrumb":{"@id":"https:\/\/eurotrail.info\/es\/producten\/caravana-autocaravana-autobus\/tiendas-caravana-camper\/siena-toldo-caravana\/#breadcrumb"},"inLanguage":"es-ES","potentialAction":[{"@type":"ReadAction","target":["https:\/\/eurotrail.info\/es\/producten\/caravana-autocaravana-autobus\/tiendas-caravana-camper\/siena-toldo-caravana\/"]}]},{"@type":"ImageObject","inLanguage":"es-ES","@id":"https:\/\/eurotrail.info\/es\/producten\/caravana-autocaravana-autobus\/tiendas-caravana-camper\/siena-toldo-caravana\/#primaryimage","url":"https:\/\/eurotrail.info\/wp\/wp-content\/uploads\/2018\/01\/ETCT0158-Sienna-set-17.jpg","contentUrl":"https:\/\/eurotrail.info\/wp\/wp-content\/uploads\/2018\/01\/ETCT0158-Sienna-set-17.jpg","width":1772,"height":1082,"caption":"lichtgewicht caravantent die tevens als luifel gebruikt kan worden."},{"@type":"BreadcrumbList","@id":"https:\/\/eurotrail.info\/es\/producten\/caravana-autocaravana-autobus\/tiendas-caravana-camper\/siena-toldo-caravana\/#breadcrumb","itemListElement":[{"@type":"ListItem","position":1,"name":"Home","item":"https:\/\/eurotrail.info\/es\/"},{"@type":"ListItem","position":2,"name":"Productos","item":"https:\/\/eurotrail.info\/es\/productos\/"},{"@type":"ListItem","position":3,"name":"Siena toldo caravana"}]},{"@type":"WebSite","@id":"https:\/\/eurotrail.info\/#website","url":"https:\/\/eurotrail.info\/","name":"Eurotrail | The way we camp!","description":"","publisher":{"@id":"https:\/\/eurotrail.info\/#organization"},"potentialAction":[{"@type":"SearchAction","target":{"@type":"EntryPoint","urlTemplate":"https:\/\/eurotrail.info\/?s={search_term_string}"},"query-input":{"@type":"PropertyValueSpecification","valueRequired":true,"valueName":"search_term_string"}}],"inLanguage":"es-ES"},{"@type":"Organization","@id":"https:\/\/eurotrail.info\/#organization","name":"Eurotrail | The way we camp!","url":"https:\/\/eurotrail.info\/","logo":{"@type":"ImageObject","inLanguage":"es-ES","@id":"https:\/\/eurotrail.info\/#\/schema\/logo\/image\/","url":"https:\/\/eurotrail.info\/wp\/wp-content\/uploads\/2023\/07\/ET-logo-quote_NL-scaled.jpg","contentUrl":"https:\/\/eurotrail.info\/wp\/wp-content\/uploads\/2023\/07\/ET-logo-quote_NL-scaled.jpg","width":2560,"height":675,"caption":"Eurotrail | The way we camp!"},"image":{"@id":"https:\/\/eurotrail.info\/#\/schema\/logo\/image\/"}}]}},"_links":{"self":[{"href":"https:\/\/eurotrail.info\/es\/wp-json\/wp\/v2\/product\/20859","targetHints":{"allow":["GET"]}}],"collection":[{"href":"https:\/\/eurotrail.info\/es\/wp-json\/wp\/v2\/product"}],"about":[{"href":"https:\/\/eurotrail.info\/es\/wp-json\/wp\/v2\/types\/product"}],"replies":[{"embeddable":true,"href":"https:\/\/eurotrail.info\/es\/wp-json\/wp\/v2\/comments?post=20859"}],"wp:featuredmedia":[{"embeddable":true,"href":"https:\/\/eurotrail.info\/es\/wp-json\/wp\/v2\/media\/18265"}],"wp:attachment":[{"href":"https:\/\/eurotrail.info\/es\/wp-json\/wp\/v2\/media?parent=20859"}],"wp:term":[{"taxonomy":"product_brand","embeddable":true,"href":"https:\/\/eurotrail.info\/es\/wp-json\/wp\/v2\/product_brand?post=20859"},{"taxonomy":"product_cat","embeddable":true,"href":"https:\/\/eurotrail.info\/es\/wp-json\/wp\/v2\/product_cat?post=20859"},{"taxonomy":"product_tag","embeddable":true,"href":"https:\/\/eurotrail.info\/es\/wp-json\/wp\/v2\/product_tag?post=20859"}],"curies":[{"name":"wp","href":"https:\/\/api.w.org\/{rel}","templated":true}]}}