{"id":20900,"date":"2018-01-22T16:47:27","date_gmt":"2018-01-22T15:47:27","guid":{"rendered":"https:\/\/eurotrail.info\/?post_type=product&#038;p=20900"},"modified":"2026-02-04T15:03:17","modified_gmt":"2026-02-04T14:03:17","slug":"bolsa-para-platos","status":"publish","type":"product","link":"https:\/\/eurotrail.info\/es\/producten\/accesorios\/bolsas-de-almacenamiento\/bolsa-para-platos\/","title":{"rendered":"Bolsa para platos"},"content":{"rendered":"<p>Bolsa para antena parab\u00f3lica para camping y viajes<\/p>\n<p>Esta resistente bolsa para antena parab\u00f3lica est\u00e1 especialmente dise\u00f1ada para transportar y guardar de forma segura el equipo en el camping o durante los viajes. Gracias al compartimento separado para el receptor o el soporte, todo su equipo permanecer\u00e1 bien organizado y protegido.<\/p>\n<p>La bolsa est\u00e1 fabricada en poli\u00e9ster resistente y ofrece una protecci\u00f3n \u00f3ptima contra la suciedad, el polvo y los golpes leves. Ideal para campistas que desean llevar su instalaci\u00f3n satelital de forma ordenada y segura.<\/p>\n<p>Caracter\u00edsticas:<br \/>\n* Apta para antenas parab\u00f3licas de hasta 70 cm<br \/>\n* Compartimento separado para el receptor o el tr\u00edpode<br \/>\n* Material resistente y duradero<br \/>\n* Protege contra la suciedad y los da\u00f1os<br \/>\n* Pr\u00e1ctica para el transporte y el almacenamiento<\/p>\n<p>Especificaciones:<br \/>\n* Dimensiones: 70 \u00d7 70 \u00d7 20 cm<br \/>\n* Material: 100 % poli\u00e9ster<br \/>\n* Color: negro<\/p>\n","protected":false},"excerpt":{"rendered":"<p>Bolsa para antena parab\u00f3lica para camping y viajes Esta resistente bolsa para antena parab\u00f3lica est\u00e1 especialmente dise\u00f1ada para transportar y guardar de forma segura el&hellip;<\/p>\n","protected":false},"featured_media":18313,"comment_status":"open","ping_status":"closed","template":"","meta":{"_acf_changed":false},"product_brand":[],"product_cat":[322],"product_tag":[],"class_list":{"0":"post-20900","1":"product","2":"type-product","3":"status-publish","4":"has-post-thumbnail","6":"product_cat-bolsas-de-almacenamiento","8":"first","9":"instock","10":"shipping-taxable","11":"product-type-simple"},"acf":[],"yoast_head":"<!-- This site is optimized with the Yoast SEO plugin v27.4 - https:\/\/yoast.com\/product\/yoast-seo-wordpress\/ -->\n<title>Bolsa para platos - Eurotrail | The way we camp!<\/title>\n<meta name=\"description\" content=\"Esta resistente bolsa para antena parab\u00f3lica est\u00e1 especialmente dise\u00f1ada para transportar y guardar de forma segura el equipo en el camping o durante los viajes\" \/>\n<meta name=\"robots\" content=\"index, follow, max-snippet:-1, max-image-preview:large, max-video-preview:-1\" \/>\n<link rel=\"canonical\" href=\"https:\/\/eurotrail.info\/es\/producten\/accesorios\/bolsas-de-almacenamiento\/bolsa-para-platos\/\" \/>\n<meta property=\"og:locale\" content=\"es_ES\" \/>\n<meta property=\"og:type\" content=\"article\" \/>\n<meta property=\"og:title\" content=\"Bolsa para platos - Eurotrail | The way we camp!\" \/>\n<meta property=\"og:description\" content=\"Esta resistente bolsa para antena parab\u00f3lica est\u00e1 especialmente dise\u00f1ada para transportar y guardar de forma segura el equipo en el camping o durante los viajes\" \/>\n<meta property=\"og:url\" content=\"https:\/\/eurotrail.info\/es\/producten\/accesorios\/bolsas-de-almacenamiento\/bolsa-para-platos\/\" \/>\n<meta property=\"og:site_name\" content=\"Eurotrail | The way we camp!\" \/>\n<meta property=\"article:modified_time\" content=\"2026-02-04T14:03:17+00:00\" \/>\n<meta property=\"og:image\" content=\"https:\/\/eurotrail.info\/wp\/wp-content\/uploads\/2018\/01\/ETAC0221-Satellite-disc-bag.jpg\" \/>\n\t<meta property=\"og:image:width\" content=\"636\" \/>\n\t<meta property=\"og:image:height\" content=\"711\" \/>\n\t<meta property=\"og:image:type\" content=\"image\/jpeg\" \/>\n<meta name=\"twitter:card\" content=\"summary_large_image\" \/>\n<meta name=\"twitter:label1\" content=\"Tiempo de lectura\" \/>\n\t<meta name=\"twitter:data1\" content=\"1 minute\" \/>\n<script type=\"application\/ld+json\" class=\"yoast-schema-graph\">{\"@context\":\"https:\\\/\\\/schema.org\",\"@graph\":[{\"@type\":\"WebPage\",\"@id\":\"https:\\\/\\\/eurotrail.info\\\/es\\\/producten\\\/accesorios\\\/bolsas-de-almacenamiento\\\/bolsa-para-platos\\\/\",\"url\":\"https:\\\/\\\/eurotrail.info\\\/es\\\/producten\\\/accesorios\\\/bolsas-de-almacenamiento\\\/bolsa-para-platos\\\/\",\"name\":\"Bolsa para platos - Eurotrail | The way we camp!\",\"isPartOf\":{\"@id\":\"https:\\\/\\\/eurotrail.info\\\/#website\"},\"primaryImageOfPage\":{\"@id\":\"https:\\\/\\\/eurotrail.info\\\/es\\\/producten\\\/accesorios\\\/bolsas-de-almacenamiento\\\/bolsa-para-platos\\\/#primaryimage\"},\"image\":{\"@id\":\"https:\\\/\\\/eurotrail.info\\\/es\\\/producten\\\/accesorios\\\/bolsas-de-almacenamiento\\\/bolsa-para-platos\\\/#primaryimage\"},\"thumbnailUrl\":\"https:\\\/\\\/eurotrail.info\\\/wp\\\/wp-content\\\/uploads\\\/2018\\\/01\\\/ETAC0221-Satellite-disc-bag.jpg\",\"datePublished\":\"2018-01-22T15:47:27+00:00\",\"dateModified\":\"2026-02-04T14:03:17+00:00\",\"description\":\"Esta resistente bolsa para antena parab\u00f3lica est\u00e1 especialmente dise\u00f1ada para transportar y guardar de forma segura el equipo en el camping o durante los viajes\",\"breadcrumb\":{\"@id\":\"https:\\\/\\\/eurotrail.info\\\/es\\\/producten\\\/accesorios\\\/bolsas-de-almacenamiento\\\/bolsa-para-platos\\\/#breadcrumb\"},\"inLanguage\":\"es-ES\",\"potentialAction\":[{\"@type\":\"ReadAction\",\"target\":[\"https:\\\/\\\/eurotrail.info\\\/es\\\/producten\\\/accesorios\\\/bolsas-de-almacenamiento\\\/bolsa-para-platos\\\/\"]}]},{\"@type\":\"ImageObject\",\"inLanguage\":\"es-ES\",\"@id\":\"https:\\\/\\\/eurotrail.info\\\/es\\\/producten\\\/accesorios\\\/bolsas-de-almacenamiento\\\/bolsa-para-platos\\\/#primaryimage\",\"url\":\"https:\\\/\\\/eurotrail.info\\\/wp\\\/wp-content\\\/uploads\\\/2018\\\/01\\\/ETAC0221-Satellite-disc-bag.jpg\",\"contentUrl\":\"https:\\\/\\\/eurotrail.info\\\/wp\\\/wp-content\\\/uploads\\\/2018\\\/01\\\/ETAC0221-Satellite-disc-bag.jpg\",\"width\":636,\"height\":711},{\"@type\":\"BreadcrumbList\",\"@id\":\"https:\\\/\\\/eurotrail.info\\\/es\\\/producten\\\/accesorios\\\/bolsas-de-almacenamiento\\\/bolsa-para-platos\\\/#breadcrumb\",\"itemListElement\":[{\"@type\":\"ListItem\",\"position\":1,\"name\":\"Home\",\"item\":\"https:\\\/\\\/eurotrail.info\\\/es\\\/\"},{\"@type\":\"ListItem\",\"position\":2,\"name\":\"Productos\",\"item\":\"https:\\\/\\\/eurotrail.info\\\/es\\\/productos\\\/\"},{\"@type\":\"ListItem\",\"position\":3,\"name\":\"Bolsa para platos\"}]},{\"@type\":\"WebSite\",\"@id\":\"https:\\\/\\\/eurotrail.info\\\/#website\",\"url\":\"https:\\\/\\\/eurotrail.info\\\/\",\"name\":\"Eurotrail | The way we camp!\",\"description\":\"\",\"publisher\":{\"@id\":\"https:\\\/\\\/eurotrail.info\\\/#organization\"},\"potentialAction\":[{\"@type\":\"SearchAction\",\"target\":{\"@type\":\"EntryPoint\",\"urlTemplate\":\"https:\\\/\\\/eurotrail.info\\\/?s={search_term_string}\"},\"query-input\":{\"@type\":\"PropertyValueSpecification\",\"valueRequired\":true,\"valueName\":\"search_term_string\"}}],\"inLanguage\":\"es-ES\"},{\"@type\":\"Organization\",\"@id\":\"https:\\\/\\\/eurotrail.info\\\/#organization\",\"name\":\"Eurotrail | The way we camp!\",\"url\":\"https:\\\/\\\/eurotrail.info\\\/\",\"logo\":{\"@type\":\"ImageObject\",\"inLanguage\":\"es-ES\",\"@id\":\"https:\\\/\\\/eurotrail.info\\\/#\\\/schema\\\/logo\\\/image\\\/\",\"url\":\"https:\\\/\\\/eurotrail.info\\\/wp\\\/wp-content\\\/uploads\\\/2023\\\/07\\\/ET-logo-quote_NL-scaled.jpg\",\"contentUrl\":\"https:\\\/\\\/eurotrail.info\\\/wp\\\/wp-content\\\/uploads\\\/2023\\\/07\\\/ET-logo-quote_NL-scaled.jpg\",\"width\":2560,\"height\":675,\"caption\":\"Eurotrail | The way we camp!\"},\"image\":{\"@id\":\"https:\\\/\\\/eurotrail.info\\\/#\\\/schema\\\/logo\\\/image\\\/\"}}]}<\/script>\n<!-- \/ Yoast SEO plugin. -->","yoast_head_json":{"title":"Bolsa para platos - Eurotrail | The way we camp!","description":"Esta resistente bolsa para antena parab\u00f3lica est\u00e1 especialmente dise\u00f1ada para transportar y guardar de forma segura el equipo en el camping o durante los viajes","robots":{"index":"index","follow":"follow","max-snippet":"max-snippet:-1","max-image-preview":"max-image-preview:large","max-video-preview":"max-video-preview:-1"},"canonical":"https:\/\/eurotrail.info\/es\/producten\/accesorios\/bolsas-de-almacenamiento\/bolsa-para-platos\/","og_locale":"es_ES","og_type":"article","og_title":"Bolsa para platos - Eurotrail | The way we camp!","og_description":"Esta resistente bolsa para antena parab\u00f3lica est\u00e1 especialmente dise\u00f1ada para transportar y guardar de forma segura el equipo en el camping o durante los viajes","og_url":"https:\/\/eurotrail.info\/es\/producten\/accesorios\/bolsas-de-almacenamiento\/bolsa-para-platos\/","og_site_name":"Eurotrail | The way we camp!","article_modified_time":"2026-02-04T14:03:17+00:00","og_image":[{"width":636,"height":711,"url":"https:\/\/eurotrail.info\/wp\/wp-content\/uploads\/2018\/01\/ETAC0221-Satellite-disc-bag.jpg","type":"image\/jpeg"}],"twitter_card":"summary_large_image","twitter_misc":{"Tiempo de lectura":"1 minute"},"schema":{"@context":"https:\/\/schema.org","@graph":[{"@type":"WebPage","@id":"https:\/\/eurotrail.info\/es\/producten\/accesorios\/bolsas-de-almacenamiento\/bolsa-para-platos\/","url":"https:\/\/eurotrail.info\/es\/producten\/accesorios\/bolsas-de-almacenamiento\/bolsa-para-platos\/","name":"Bolsa para platos - Eurotrail | The way we camp!","isPartOf":{"@id":"https:\/\/eurotrail.info\/#website"},"primaryImageOfPage":{"@id":"https:\/\/eurotrail.info\/es\/producten\/accesorios\/bolsas-de-almacenamiento\/bolsa-para-platos\/#primaryimage"},"image":{"@id":"https:\/\/eurotrail.info\/es\/producten\/accesorios\/bolsas-de-almacenamiento\/bolsa-para-platos\/#primaryimage"},"thumbnailUrl":"https:\/\/eurotrail.info\/wp\/wp-content\/uploads\/2018\/01\/ETAC0221-Satellite-disc-bag.jpg","datePublished":"2018-01-22T15:47:27+00:00","dateModified":"2026-02-04T14:03:17+00:00","description":"Esta resistente bolsa para antena parab\u00f3lica est\u00e1 especialmente dise\u00f1ada para transportar y guardar de forma segura el equipo en el camping o durante los viajes","breadcrumb":{"@id":"https:\/\/eurotrail.info\/es\/producten\/accesorios\/bolsas-de-almacenamiento\/bolsa-para-platos\/#breadcrumb"},"inLanguage":"es-ES","potentialAction":[{"@type":"ReadAction","target":["https:\/\/eurotrail.info\/es\/producten\/accesorios\/bolsas-de-almacenamiento\/bolsa-para-platos\/"]}]},{"@type":"ImageObject","inLanguage":"es-ES","@id":"https:\/\/eurotrail.info\/es\/producten\/accesorios\/bolsas-de-almacenamiento\/bolsa-para-platos\/#primaryimage","url":"https:\/\/eurotrail.info\/wp\/wp-content\/uploads\/2018\/01\/ETAC0221-Satellite-disc-bag.jpg","contentUrl":"https:\/\/eurotrail.info\/wp\/wp-content\/uploads\/2018\/01\/ETAC0221-Satellite-disc-bag.jpg","width":636,"height":711},{"@type":"BreadcrumbList","@id":"https:\/\/eurotrail.info\/es\/producten\/accesorios\/bolsas-de-almacenamiento\/bolsa-para-platos\/#breadcrumb","itemListElement":[{"@type":"ListItem","position":1,"name":"Home","item":"https:\/\/eurotrail.info\/es\/"},{"@type":"ListItem","position":2,"name":"Productos","item":"https:\/\/eurotrail.info\/es\/productos\/"},{"@type":"ListItem","position":3,"name":"Bolsa para platos"}]},{"@type":"WebSite","@id":"https:\/\/eurotrail.info\/#website","url":"https:\/\/eurotrail.info\/","name":"Eurotrail | The way we camp!","description":"","publisher":{"@id":"https:\/\/eurotrail.info\/#organization"},"potentialAction":[{"@type":"SearchAction","target":{"@type":"EntryPoint","urlTemplate":"https:\/\/eurotrail.info\/?s={search_term_string}"},"query-input":{"@type":"PropertyValueSpecification","valueRequired":true,"valueName":"search_term_string"}}],"inLanguage":"es-ES"},{"@type":"Organization","@id":"https:\/\/eurotrail.info\/#organization","name":"Eurotrail | The way we camp!","url":"https:\/\/eurotrail.info\/","logo":{"@type":"ImageObject","inLanguage":"es-ES","@id":"https:\/\/eurotrail.info\/#\/schema\/logo\/image\/","url":"https:\/\/eurotrail.info\/wp\/wp-content\/uploads\/2023\/07\/ET-logo-quote_NL-scaled.jpg","contentUrl":"https:\/\/eurotrail.info\/wp\/wp-content\/uploads\/2023\/07\/ET-logo-quote_NL-scaled.jpg","width":2560,"height":675,"caption":"Eurotrail | The way we camp!"},"image":{"@id":"https:\/\/eurotrail.info\/#\/schema\/logo\/image\/"}}]}},"_links":{"self":[{"href":"https:\/\/eurotrail.info\/es\/wp-json\/wp\/v2\/product\/20900","targetHints":{"allow":["GET"]}}],"collection":[{"href":"https:\/\/eurotrail.info\/es\/wp-json\/wp\/v2\/product"}],"about":[{"href":"https:\/\/eurotrail.info\/es\/wp-json\/wp\/v2\/types\/product"}],"replies":[{"embeddable":true,"href":"https:\/\/eurotrail.info\/es\/wp-json\/wp\/v2\/comments?post=20900"}],"wp:featuredmedia":[{"embeddable":true,"href":"https:\/\/eurotrail.info\/es\/wp-json\/wp\/v2\/media\/18313"}],"wp:attachment":[{"href":"https:\/\/eurotrail.info\/es\/wp-json\/wp\/v2\/media?parent=20900"}],"wp:term":[{"taxonomy":"product_brand","embeddable":true,"href":"https:\/\/eurotrail.info\/es\/wp-json\/wp\/v2\/product_brand?post=20900"},{"taxonomy":"product_cat","embeddable":true,"href":"https:\/\/eurotrail.info\/es\/wp-json\/wp\/v2\/product_cat?post=20900"},{"taxonomy":"product_tag","embeddable":true,"href":"https:\/\/eurotrail.info\/es\/wp-json\/wp\/v2\/product_tag?post=20900"}],"curies":[{"name":"wp","href":"https:\/\/api.w.org\/{rel}","templated":true}]}}