{"id":20902,"date":"2016-03-30T14:53:28","date_gmt":"2023-01-04T10:11:17","guid":{"rendered":"https:\/\/eurotrail.info\/?post_type=product&#038;p=20902"},"modified":"2023-01-04T11:11:17","modified_gmt":"2023-01-04T10:11:17","slug":"bolsa-de-tienda-grande","status":"publish","type":"product","link":"https:\/\/eurotrail.info\/es\/producten\/accesorios\/bolsas-de-almacenamiento\/bolsa-de-tienda-grande\/","title":{"rendered":"Bolsa de tienda grande"},"content":{"rendered":"<p>Bolsa de transporte resistente para tienda de campa\u00f1a.<br \/>\nBolsa de almacenamiento muy grande hecha de un resistente material de poli\u00e9ster 600D resistente al desgaste con un revestimiento de PVC.<br \/>\n\u00a1La bolsa tiene 2 asas de transporte acolchadas, con una cremallera resistente y, por lo tanto, es extremadamente adecuada para su tienda de campa\u00f1a (pesada) (delantera), pero tambi\u00e9n para otros art\u00edculos como equipo de buceo u otro equipo de campamento!<\/p>\n<p>Tama\u00f1o: 120x45x40cm<br \/>\nMaterial: 100% Poli\u00e9ster<br \/>\nColor disponible: negro<\/p>\n","protected":false},"excerpt":{"rendered":"<p>Bolsa de transporte resistente para tienda de campa\u00f1a. Bolsa de almacenamiento muy grande hecha de un resistente material de poli\u00e9ster 600D resistente al desgaste con&hellip;<\/p>\n","protected":false},"featured_media":16762,"comment_status":"open","ping_status":"closed","template":"","meta":{"_acf_changed":false},"product_brand":[],"product_cat":[322],"product_tag":[],"class_list":{"0":"post-20902","1":"product","2":"type-product","3":"status-publish","4":"has-post-thumbnail","6":"product_cat-bolsas-de-almacenamiento","8":"first","9":"instock","10":"shipping-taxable","11":"product-type-simple"},"acf":[],"yoast_head":"<!-- This site is optimized with the Yoast SEO plugin v27.3 - https:\/\/yoast.com\/product\/yoast-seo-wordpress\/ -->\n<title>Bolsa de tienda grande - Eurotrail | The way we camp!<\/title>\n<meta name=\"description\" content=\"Bolsa de almacenamiento muy grande hecha de un resistente material de poli\u00e9ster 600D resistente al desgaste con un revestimiento de PVC.\" \/>\n<meta name=\"robots\" content=\"index, follow, max-snippet:-1, max-image-preview:large, max-video-preview:-1\" \/>\n<link rel=\"canonical\" href=\"https:\/\/eurotrail.info\/es\/producten\/accesorios\/bolsas-de-almacenamiento\/bolsa-de-tienda-grande\/\" \/>\n<meta property=\"og:locale\" content=\"es_ES\" \/>\n<meta property=\"og:type\" content=\"article\" \/>\n<meta property=\"og:title\" content=\"Bolsa de tienda grande - Eurotrail | The way we camp!\" \/>\n<meta property=\"og:description\" content=\"Bolsa de almacenamiento muy grande hecha de un resistente material de poli\u00e9ster 600D resistente al desgaste con un revestimiento de PVC.\" \/>\n<meta property=\"og:url\" content=\"https:\/\/eurotrail.info\/es\/producten\/accesorios\/bolsas-de-almacenamiento\/bolsa-de-tienda-grande\/\" \/>\n<meta property=\"og:site_name\" content=\"Eurotrail | The way we camp!\" \/>\n<meta property=\"og:image\" content=\"https:\/\/eurotrail.info\/wp\/wp-content\/uploads\/2016\/03\/ETAC0186-Tentbag-open-1.jpg\" \/>\n\t<meta property=\"og:image:width\" content=\"1181\" \/>\n\t<meta property=\"og:image:height\" content=\"670\" \/>\n\t<meta property=\"og:image:type\" content=\"image\/jpeg\" \/>\n<meta name=\"twitter:card\" content=\"summary_large_image\" \/>\n<meta name=\"twitter:label1\" content=\"Tiempo de lectura\" \/>\n\t<meta name=\"twitter:data1\" content=\"1 minute\" \/>\n<script type=\"application\/ld+json\" class=\"yoast-schema-graph\">{\"@context\":\"https:\\\/\\\/schema.org\",\"@graph\":[{\"@type\":\"WebPage\",\"@id\":\"https:\\\/\\\/eurotrail.info\\\/es\\\/producten\\\/accesorios\\\/bolsas-de-almacenamiento\\\/bolsa-de-tienda-grande\\\/\",\"url\":\"https:\\\/\\\/eurotrail.info\\\/es\\\/producten\\\/accesorios\\\/bolsas-de-almacenamiento\\\/bolsa-de-tienda-grande\\\/\",\"name\":\"Bolsa de tienda grande - Eurotrail | The way we camp!\",\"isPartOf\":{\"@id\":\"https:\\\/\\\/eurotrail.info\\\/#website\"},\"primaryImageOfPage\":{\"@id\":\"https:\\\/\\\/eurotrail.info\\\/es\\\/producten\\\/accesorios\\\/bolsas-de-almacenamiento\\\/bolsa-de-tienda-grande\\\/#primaryimage\"},\"image\":{\"@id\":\"https:\\\/\\\/eurotrail.info\\\/es\\\/producten\\\/accesorios\\\/bolsas-de-almacenamiento\\\/bolsa-de-tienda-grande\\\/#primaryimage\"},\"thumbnailUrl\":\"https:\\\/\\\/eurotrail.info\\\/wp\\\/wp-content\\\/uploads\\\/2016\\\/03\\\/ETAC0186-Tentbag-open-1.jpg\",\"datePublished\":\"2023-01-04T10:11:17+00:00\",\"description\":\"Bolsa de almacenamiento muy grande hecha de un resistente material de poli\u00e9ster 600D resistente al desgaste con un revestimiento de PVC.\",\"breadcrumb\":{\"@id\":\"https:\\\/\\\/eurotrail.info\\\/es\\\/producten\\\/accesorios\\\/bolsas-de-almacenamiento\\\/bolsa-de-tienda-grande\\\/#breadcrumb\"},\"inLanguage\":\"es-ES\",\"potentialAction\":[{\"@type\":\"ReadAction\",\"target\":[\"https:\\\/\\\/eurotrail.info\\\/es\\\/producten\\\/accesorios\\\/bolsas-de-almacenamiento\\\/bolsa-de-tienda-grande\\\/\"]}]},{\"@type\":\"ImageObject\",\"inLanguage\":\"es-ES\",\"@id\":\"https:\\\/\\\/eurotrail.info\\\/es\\\/producten\\\/accesorios\\\/bolsas-de-almacenamiento\\\/bolsa-de-tienda-grande\\\/#primaryimage\",\"url\":\"https:\\\/\\\/eurotrail.info\\\/wp\\\/wp-content\\\/uploads\\\/2016\\\/03\\\/ETAC0186-Tentbag-open-1.jpg\",\"contentUrl\":\"https:\\\/\\\/eurotrail.info\\\/wp\\\/wp-content\\\/uploads\\\/2016\\\/03\\\/ETAC0186-Tentbag-open-1.jpg\",\"width\":1181,\"height\":670},{\"@type\":\"BreadcrumbList\",\"@id\":\"https:\\\/\\\/eurotrail.info\\\/es\\\/producten\\\/accesorios\\\/bolsas-de-almacenamiento\\\/bolsa-de-tienda-grande\\\/#breadcrumb\",\"itemListElement\":[{\"@type\":\"ListItem\",\"position\":1,\"name\":\"Home\",\"item\":\"https:\\\/\\\/eurotrail.info\\\/es\\\/\"},{\"@type\":\"ListItem\",\"position\":2,\"name\":\"Productos\",\"item\":\"https:\\\/\\\/eurotrail.info\\\/es\\\/productos\\\/\"},{\"@type\":\"ListItem\",\"position\":3,\"name\":\"Bolsa de tienda grande\"}]},{\"@type\":\"WebSite\",\"@id\":\"https:\\\/\\\/eurotrail.info\\\/#website\",\"url\":\"https:\\\/\\\/eurotrail.info\\\/\",\"name\":\"Eurotrail | The way we camp!\",\"description\":\"\",\"publisher\":{\"@id\":\"https:\\\/\\\/eurotrail.info\\\/#organization\"},\"potentialAction\":[{\"@type\":\"SearchAction\",\"target\":{\"@type\":\"EntryPoint\",\"urlTemplate\":\"https:\\\/\\\/eurotrail.info\\\/?s={search_term_string}\"},\"query-input\":{\"@type\":\"PropertyValueSpecification\",\"valueRequired\":true,\"valueName\":\"search_term_string\"}}],\"inLanguage\":\"es-ES\"},{\"@type\":\"Organization\",\"@id\":\"https:\\\/\\\/eurotrail.info\\\/#organization\",\"name\":\"Eurotrail | The way we camp!\",\"url\":\"https:\\\/\\\/eurotrail.info\\\/\",\"logo\":{\"@type\":\"ImageObject\",\"inLanguage\":\"es-ES\",\"@id\":\"https:\\\/\\\/eurotrail.info\\\/#\\\/schema\\\/logo\\\/image\\\/\",\"url\":\"https:\\\/\\\/eurotrail.info\\\/wp\\\/wp-content\\\/uploads\\\/2023\\\/07\\\/ET-logo-quote_NL-scaled.jpg\",\"contentUrl\":\"https:\\\/\\\/eurotrail.info\\\/wp\\\/wp-content\\\/uploads\\\/2023\\\/07\\\/ET-logo-quote_NL-scaled.jpg\",\"width\":2560,\"height\":675,\"caption\":\"Eurotrail | The way we camp!\"},\"image\":{\"@id\":\"https:\\\/\\\/eurotrail.info\\\/#\\\/schema\\\/logo\\\/image\\\/\"}}]}<\/script>\n<!-- \/ Yoast SEO plugin. -->","yoast_head_json":{"title":"Bolsa de tienda grande - Eurotrail | The way we camp!","description":"Bolsa de almacenamiento muy grande hecha de un resistente material de poli\u00e9ster 600D resistente al desgaste con un revestimiento de PVC.","robots":{"index":"index","follow":"follow","max-snippet":"max-snippet:-1","max-image-preview":"max-image-preview:large","max-video-preview":"max-video-preview:-1"},"canonical":"https:\/\/eurotrail.info\/es\/producten\/accesorios\/bolsas-de-almacenamiento\/bolsa-de-tienda-grande\/","og_locale":"es_ES","og_type":"article","og_title":"Bolsa de tienda grande - Eurotrail | The way we camp!","og_description":"Bolsa de almacenamiento muy grande hecha de un resistente material de poli\u00e9ster 600D resistente al desgaste con un revestimiento de PVC.","og_url":"https:\/\/eurotrail.info\/es\/producten\/accesorios\/bolsas-de-almacenamiento\/bolsa-de-tienda-grande\/","og_site_name":"Eurotrail | The way we camp!","og_image":[{"width":1181,"height":670,"url":"https:\/\/eurotrail.info\/wp\/wp-content\/uploads\/2016\/03\/ETAC0186-Tentbag-open-1.jpg","type":"image\/jpeg"}],"twitter_card":"summary_large_image","twitter_misc":{"Tiempo de lectura":"1 minute"},"schema":{"@context":"https:\/\/schema.org","@graph":[{"@type":"WebPage","@id":"https:\/\/eurotrail.info\/es\/producten\/accesorios\/bolsas-de-almacenamiento\/bolsa-de-tienda-grande\/","url":"https:\/\/eurotrail.info\/es\/producten\/accesorios\/bolsas-de-almacenamiento\/bolsa-de-tienda-grande\/","name":"Bolsa de tienda grande - Eurotrail | The way we camp!","isPartOf":{"@id":"https:\/\/eurotrail.info\/#website"},"primaryImageOfPage":{"@id":"https:\/\/eurotrail.info\/es\/producten\/accesorios\/bolsas-de-almacenamiento\/bolsa-de-tienda-grande\/#primaryimage"},"image":{"@id":"https:\/\/eurotrail.info\/es\/producten\/accesorios\/bolsas-de-almacenamiento\/bolsa-de-tienda-grande\/#primaryimage"},"thumbnailUrl":"https:\/\/eurotrail.info\/wp\/wp-content\/uploads\/2016\/03\/ETAC0186-Tentbag-open-1.jpg","datePublished":"2023-01-04T10:11:17+00:00","description":"Bolsa de almacenamiento muy grande hecha de un resistente material de poli\u00e9ster 600D resistente al desgaste con un revestimiento de PVC.","breadcrumb":{"@id":"https:\/\/eurotrail.info\/es\/producten\/accesorios\/bolsas-de-almacenamiento\/bolsa-de-tienda-grande\/#breadcrumb"},"inLanguage":"es-ES","potentialAction":[{"@type":"ReadAction","target":["https:\/\/eurotrail.info\/es\/producten\/accesorios\/bolsas-de-almacenamiento\/bolsa-de-tienda-grande\/"]}]},{"@type":"ImageObject","inLanguage":"es-ES","@id":"https:\/\/eurotrail.info\/es\/producten\/accesorios\/bolsas-de-almacenamiento\/bolsa-de-tienda-grande\/#primaryimage","url":"https:\/\/eurotrail.info\/wp\/wp-content\/uploads\/2016\/03\/ETAC0186-Tentbag-open-1.jpg","contentUrl":"https:\/\/eurotrail.info\/wp\/wp-content\/uploads\/2016\/03\/ETAC0186-Tentbag-open-1.jpg","width":1181,"height":670},{"@type":"BreadcrumbList","@id":"https:\/\/eurotrail.info\/es\/producten\/accesorios\/bolsas-de-almacenamiento\/bolsa-de-tienda-grande\/#breadcrumb","itemListElement":[{"@type":"ListItem","position":1,"name":"Home","item":"https:\/\/eurotrail.info\/es\/"},{"@type":"ListItem","position":2,"name":"Productos","item":"https:\/\/eurotrail.info\/es\/productos\/"},{"@type":"ListItem","position":3,"name":"Bolsa de tienda grande"}]},{"@type":"WebSite","@id":"https:\/\/eurotrail.info\/#website","url":"https:\/\/eurotrail.info\/","name":"Eurotrail | The way we camp!","description":"","publisher":{"@id":"https:\/\/eurotrail.info\/#organization"},"potentialAction":[{"@type":"SearchAction","target":{"@type":"EntryPoint","urlTemplate":"https:\/\/eurotrail.info\/?s={search_term_string}"},"query-input":{"@type":"PropertyValueSpecification","valueRequired":true,"valueName":"search_term_string"}}],"inLanguage":"es-ES"},{"@type":"Organization","@id":"https:\/\/eurotrail.info\/#organization","name":"Eurotrail | The way we camp!","url":"https:\/\/eurotrail.info\/","logo":{"@type":"ImageObject","inLanguage":"es-ES","@id":"https:\/\/eurotrail.info\/#\/schema\/logo\/image\/","url":"https:\/\/eurotrail.info\/wp\/wp-content\/uploads\/2023\/07\/ET-logo-quote_NL-scaled.jpg","contentUrl":"https:\/\/eurotrail.info\/wp\/wp-content\/uploads\/2023\/07\/ET-logo-quote_NL-scaled.jpg","width":2560,"height":675,"caption":"Eurotrail | The way we camp!"},"image":{"@id":"https:\/\/eurotrail.info\/#\/schema\/logo\/image\/"}}]}},"_links":{"self":[{"href":"https:\/\/eurotrail.info\/es\/wp-json\/wp\/v2\/product\/20902","targetHints":{"allow":["GET"]}}],"collection":[{"href":"https:\/\/eurotrail.info\/es\/wp-json\/wp\/v2\/product"}],"about":[{"href":"https:\/\/eurotrail.info\/es\/wp-json\/wp\/v2\/types\/product"}],"replies":[{"embeddable":true,"href":"https:\/\/eurotrail.info\/es\/wp-json\/wp\/v2\/comments?post=20902"}],"wp:featuredmedia":[{"embeddable":true,"href":"https:\/\/eurotrail.info\/es\/wp-json\/wp\/v2\/media\/16762"}],"wp:attachment":[{"href":"https:\/\/eurotrail.info\/es\/wp-json\/wp\/v2\/media?parent=20902"}],"wp:term":[{"taxonomy":"product_brand","embeddable":true,"href":"https:\/\/eurotrail.info\/es\/wp-json\/wp\/v2\/product_brand?post=20902"},{"taxonomy":"product_cat","embeddable":true,"href":"https:\/\/eurotrail.info\/es\/wp-json\/wp\/v2\/product_cat?post=20902"},{"taxonomy":"product_tag","embeddable":true,"href":"https:\/\/eurotrail.info\/es\/wp-json\/wp\/v2\/product_tag?post=20902"}],"curies":[{"name":"wp","href":"https:\/\/api.w.org\/{rel}","templated":true}]}}