{"id":20905,"date":"2019-02-11T10:02:20","date_gmt":"2019-02-11T09:02:20","guid":{"rendered":"https:\/\/eurotrail.info\/?post_type=product&#038;p=20905"},"modified":"2023-01-04T11:16:42","modified_gmt":"2023-01-04T10:16:42","slug":"caja-fria-estandar","status":"publish","type":"product","link":"https:\/\/eurotrail.info\/es\/producten\/muebles-para-acampar\/gabinetes-de-cocina\/caja-fria-estandar\/","title":{"rendered":"Caja fr\u00eda est\u00e1ndar"},"content":{"rendered":"<p>Pr\u00e1ctico soporte para su nevera port\u00e1til. Regulable en 2 alturas. Esto eleva la nevera port\u00e1til del suelo y es m\u00e1s f\u00e1cil de usar, ahora puedes alcanzar todo m\u00e1s f\u00e1cilmente sin tener que agacharte mucho.<\/p>\n<p>Tama\u00f1o: 50&#215;44\/32cm<br \/>\nMaterial: Aluminio<br \/>\nPeso: 1,7 kg.<\/p>\n","protected":false},"excerpt":{"rendered":"<p>Pr\u00e1ctico soporte para su nevera port\u00e1til. Regulable en 2 alturas. Esto eleva la nevera port\u00e1til del suelo y es m\u00e1s f\u00e1cil de usar, ahora puedes&hellip;<\/p>\n","protected":false},"featured_media":18623,"comment_status":"open","ping_status":"closed","template":"","meta":{"_acf_changed":false},"product_brand":[],"product_cat":[319,353,320,355],"product_tag":[],"class_list":{"0":"post-20905","1":"product","2":"type-product","3":"status-publish","4":"has-post-thumbnail","6":"product_cat-accesorios","7":"product_cat-gabinetes-de-cocina","8":"product_cat-secadores-rotativos","9":"product_cat-taburetes","11":"first","12":"instock","13":"shipping-taxable","14":"product-type-simple"},"acf":[],"yoast_head":"<!-- This site is optimized with the Yoast SEO plugin v27.4 - https:\/\/yoast.com\/product\/yoast-seo-wordpress\/ -->\n<title>Caja fr\u00eda est\u00e1ndar - Eurotrail | The way we camp!<\/title>\n<meta name=\"description\" content=\"Pr\u00e1ctico soporte para su nevera port\u00e1til. Regulable en 2 alturas. Esto eleva la nevera port\u00e1til del suelo y es m\u00e1s f\u00e1cil de usar, ahora puedes alcanzar todo m\u00e1s f\u00e1cilmente sin tener que agacharte mucho.\" \/>\n<meta name=\"robots\" content=\"index, follow, max-snippet:-1, max-image-preview:large, max-video-preview:-1\" \/>\n<link rel=\"canonical\" href=\"https:\/\/eurotrail.info\/es\/producten\/muebles-para-acampar\/gabinetes-de-cocina\/caja-fria-estandar\/\" \/>\n<meta property=\"og:locale\" content=\"es_ES\" \/>\n<meta property=\"og:type\" content=\"article\" \/>\n<meta property=\"og:title\" content=\"Caja fr\u00eda est\u00e1ndar - Eurotrail | The way we camp!\" \/>\n<meta property=\"og:description\" content=\"Pr\u00e1ctico soporte para su nevera port\u00e1til. Regulable en 2 alturas. Esto eleva la nevera port\u00e1til del suelo y es m\u00e1s f\u00e1cil de usar, ahora puedes alcanzar todo m\u00e1s f\u00e1cilmente sin tener que agacharte mucho.\" \/>\n<meta property=\"og:url\" content=\"https:\/\/eurotrail.info\/es\/producten\/muebles-para-acampar\/gabinetes-de-cocina\/caja-fria-estandar\/\" \/>\n<meta property=\"og:site_name\" content=\"Eurotrail | The way we camp!\" \/>\n<meta property=\"article:modified_time\" content=\"2023-01-04T10:16:42+00:00\" \/>\n<meta property=\"og:image\" content=\"https:\/\/eurotrail.info\/wp\/wp-content\/uploads\/2019\/02\/ETCF0491-Coolerbox-stand-use.jpg\" \/>\n\t<meta property=\"og:image:width\" content=\"1993\" \/>\n\t<meta property=\"og:image:height\" content=\"2393\" \/>\n\t<meta property=\"og:image:type\" content=\"image\/jpeg\" \/>\n<meta name=\"twitter:card\" content=\"summary_large_image\" \/>\n<meta name=\"twitter:label1\" content=\"Tiempo de lectura\" \/>\n\t<meta name=\"twitter:data1\" content=\"1 minute\" \/>\n<script type=\"application\/ld+json\" class=\"yoast-schema-graph\">{\"@context\":\"https:\\\/\\\/schema.org\",\"@graph\":[{\"@type\":\"WebPage\",\"@id\":\"https:\\\/\\\/eurotrail.info\\\/es\\\/producten\\\/muebles-para-acampar\\\/gabinetes-de-cocina\\\/caja-fria-estandar\\\/\",\"url\":\"https:\\\/\\\/eurotrail.info\\\/es\\\/producten\\\/muebles-para-acampar\\\/gabinetes-de-cocina\\\/caja-fria-estandar\\\/\",\"name\":\"Caja fr\u00eda est\u00e1ndar - Eurotrail | The way we camp!\",\"isPartOf\":{\"@id\":\"https:\\\/\\\/eurotrail.info\\\/#website\"},\"primaryImageOfPage\":{\"@id\":\"https:\\\/\\\/eurotrail.info\\\/es\\\/producten\\\/muebles-para-acampar\\\/gabinetes-de-cocina\\\/caja-fria-estandar\\\/#primaryimage\"},\"image\":{\"@id\":\"https:\\\/\\\/eurotrail.info\\\/es\\\/producten\\\/muebles-para-acampar\\\/gabinetes-de-cocina\\\/caja-fria-estandar\\\/#primaryimage\"},\"thumbnailUrl\":\"https:\\\/\\\/eurotrail.info\\\/wp\\\/wp-content\\\/uploads\\\/2019\\\/02\\\/ETCF0491-Coolerbox-stand-use.jpg\",\"datePublished\":\"2019-02-11T09:02:20+00:00\",\"dateModified\":\"2023-01-04T10:16:42+00:00\",\"description\":\"Pr\u00e1ctico soporte para su nevera port\u00e1til. Regulable en 2 alturas. Esto eleva la nevera port\u00e1til del suelo y es m\u00e1s f\u00e1cil de usar, ahora puedes alcanzar todo m\u00e1s f\u00e1cilmente sin tener que agacharte mucho.\",\"breadcrumb\":{\"@id\":\"https:\\\/\\\/eurotrail.info\\\/es\\\/producten\\\/muebles-para-acampar\\\/gabinetes-de-cocina\\\/caja-fria-estandar\\\/#breadcrumb\"},\"inLanguage\":\"es-ES\",\"potentialAction\":[{\"@type\":\"ReadAction\",\"target\":[\"https:\\\/\\\/eurotrail.info\\\/es\\\/producten\\\/muebles-para-acampar\\\/gabinetes-de-cocina\\\/caja-fria-estandar\\\/\"]}]},{\"@type\":\"ImageObject\",\"inLanguage\":\"es-ES\",\"@id\":\"https:\\\/\\\/eurotrail.info\\\/es\\\/producten\\\/muebles-para-acampar\\\/gabinetes-de-cocina\\\/caja-fria-estandar\\\/#primaryimage\",\"url\":\"https:\\\/\\\/eurotrail.info\\\/wp\\\/wp-content\\\/uploads\\\/2019\\\/02\\\/ETCF0491-Coolerbox-stand-use.jpg\",\"contentUrl\":\"https:\\\/\\\/eurotrail.info\\\/wp\\\/wp-content\\\/uploads\\\/2019\\\/02\\\/ETCF0491-Coolerbox-stand-use.jpg\",\"width\":1993,\"height\":2393,\"caption\":\"Praktisch coolbox standaard\"},{\"@type\":\"BreadcrumbList\",\"@id\":\"https:\\\/\\\/eurotrail.info\\\/es\\\/producten\\\/muebles-para-acampar\\\/gabinetes-de-cocina\\\/caja-fria-estandar\\\/#breadcrumb\",\"itemListElement\":[{\"@type\":\"ListItem\",\"position\":1,\"name\":\"Home\",\"item\":\"https:\\\/\\\/eurotrail.info\\\/es\\\/\"},{\"@type\":\"ListItem\",\"position\":2,\"name\":\"Productos\",\"item\":\"https:\\\/\\\/eurotrail.info\\\/es\\\/productos\\\/\"},{\"@type\":\"ListItem\",\"position\":3,\"name\":\"Caja fr\u00eda est\u00e1ndar\"}]},{\"@type\":\"WebSite\",\"@id\":\"https:\\\/\\\/eurotrail.info\\\/#website\",\"url\":\"https:\\\/\\\/eurotrail.info\\\/\",\"name\":\"Eurotrail | The way we camp!\",\"description\":\"\",\"publisher\":{\"@id\":\"https:\\\/\\\/eurotrail.info\\\/#organization\"},\"potentialAction\":[{\"@type\":\"SearchAction\",\"target\":{\"@type\":\"EntryPoint\",\"urlTemplate\":\"https:\\\/\\\/eurotrail.info\\\/?s={search_term_string}\"},\"query-input\":{\"@type\":\"PropertyValueSpecification\",\"valueRequired\":true,\"valueName\":\"search_term_string\"}}],\"inLanguage\":\"es-ES\"},{\"@type\":\"Organization\",\"@id\":\"https:\\\/\\\/eurotrail.info\\\/#organization\",\"name\":\"Eurotrail | The way we camp!\",\"url\":\"https:\\\/\\\/eurotrail.info\\\/\",\"logo\":{\"@type\":\"ImageObject\",\"inLanguage\":\"es-ES\",\"@id\":\"https:\\\/\\\/eurotrail.info\\\/#\\\/schema\\\/logo\\\/image\\\/\",\"url\":\"https:\\\/\\\/eurotrail.info\\\/wp\\\/wp-content\\\/uploads\\\/2023\\\/07\\\/ET-logo-quote_NL-scaled.jpg\",\"contentUrl\":\"https:\\\/\\\/eurotrail.info\\\/wp\\\/wp-content\\\/uploads\\\/2023\\\/07\\\/ET-logo-quote_NL-scaled.jpg\",\"width\":2560,\"height\":675,\"caption\":\"Eurotrail | The way we camp!\"},\"image\":{\"@id\":\"https:\\\/\\\/eurotrail.info\\\/#\\\/schema\\\/logo\\\/image\\\/\"}}]}<\/script>\n<!-- \/ Yoast SEO plugin. -->","yoast_head_json":{"title":"Caja fr\u00eda est\u00e1ndar - Eurotrail | The way we camp!","description":"Pr\u00e1ctico soporte para su nevera port\u00e1til. Regulable en 2 alturas. Esto eleva la nevera port\u00e1til del suelo y es m\u00e1s f\u00e1cil de usar, ahora puedes alcanzar todo m\u00e1s f\u00e1cilmente sin tener que agacharte mucho.","robots":{"index":"index","follow":"follow","max-snippet":"max-snippet:-1","max-image-preview":"max-image-preview:large","max-video-preview":"max-video-preview:-1"},"canonical":"https:\/\/eurotrail.info\/es\/producten\/muebles-para-acampar\/gabinetes-de-cocina\/caja-fria-estandar\/","og_locale":"es_ES","og_type":"article","og_title":"Caja fr\u00eda est\u00e1ndar - Eurotrail | The way we camp!","og_description":"Pr\u00e1ctico soporte para su nevera port\u00e1til. Regulable en 2 alturas. Esto eleva la nevera port\u00e1til del suelo y es m\u00e1s f\u00e1cil de usar, ahora puedes alcanzar todo m\u00e1s f\u00e1cilmente sin tener que agacharte mucho.","og_url":"https:\/\/eurotrail.info\/es\/producten\/muebles-para-acampar\/gabinetes-de-cocina\/caja-fria-estandar\/","og_site_name":"Eurotrail | The way we camp!","article_modified_time":"2023-01-04T10:16:42+00:00","og_image":[{"width":1993,"height":2393,"url":"https:\/\/eurotrail.info\/wp\/wp-content\/uploads\/2019\/02\/ETCF0491-Coolerbox-stand-use.jpg","type":"image\/jpeg"}],"twitter_card":"summary_large_image","twitter_misc":{"Tiempo de lectura":"1 minute"},"schema":{"@context":"https:\/\/schema.org","@graph":[{"@type":"WebPage","@id":"https:\/\/eurotrail.info\/es\/producten\/muebles-para-acampar\/gabinetes-de-cocina\/caja-fria-estandar\/","url":"https:\/\/eurotrail.info\/es\/producten\/muebles-para-acampar\/gabinetes-de-cocina\/caja-fria-estandar\/","name":"Caja fr\u00eda est\u00e1ndar - Eurotrail | The way we camp!","isPartOf":{"@id":"https:\/\/eurotrail.info\/#website"},"primaryImageOfPage":{"@id":"https:\/\/eurotrail.info\/es\/producten\/muebles-para-acampar\/gabinetes-de-cocina\/caja-fria-estandar\/#primaryimage"},"image":{"@id":"https:\/\/eurotrail.info\/es\/producten\/muebles-para-acampar\/gabinetes-de-cocina\/caja-fria-estandar\/#primaryimage"},"thumbnailUrl":"https:\/\/eurotrail.info\/wp\/wp-content\/uploads\/2019\/02\/ETCF0491-Coolerbox-stand-use.jpg","datePublished":"2019-02-11T09:02:20+00:00","dateModified":"2023-01-04T10:16:42+00:00","description":"Pr\u00e1ctico soporte para su nevera port\u00e1til. Regulable en 2 alturas. Esto eleva la nevera port\u00e1til del suelo y es m\u00e1s f\u00e1cil de usar, ahora puedes alcanzar todo m\u00e1s f\u00e1cilmente sin tener que agacharte mucho.","breadcrumb":{"@id":"https:\/\/eurotrail.info\/es\/producten\/muebles-para-acampar\/gabinetes-de-cocina\/caja-fria-estandar\/#breadcrumb"},"inLanguage":"es-ES","potentialAction":[{"@type":"ReadAction","target":["https:\/\/eurotrail.info\/es\/producten\/muebles-para-acampar\/gabinetes-de-cocina\/caja-fria-estandar\/"]}]},{"@type":"ImageObject","inLanguage":"es-ES","@id":"https:\/\/eurotrail.info\/es\/producten\/muebles-para-acampar\/gabinetes-de-cocina\/caja-fria-estandar\/#primaryimage","url":"https:\/\/eurotrail.info\/wp\/wp-content\/uploads\/2019\/02\/ETCF0491-Coolerbox-stand-use.jpg","contentUrl":"https:\/\/eurotrail.info\/wp\/wp-content\/uploads\/2019\/02\/ETCF0491-Coolerbox-stand-use.jpg","width":1993,"height":2393,"caption":"Praktisch coolbox standaard"},{"@type":"BreadcrumbList","@id":"https:\/\/eurotrail.info\/es\/producten\/muebles-para-acampar\/gabinetes-de-cocina\/caja-fria-estandar\/#breadcrumb","itemListElement":[{"@type":"ListItem","position":1,"name":"Home","item":"https:\/\/eurotrail.info\/es\/"},{"@type":"ListItem","position":2,"name":"Productos","item":"https:\/\/eurotrail.info\/es\/productos\/"},{"@type":"ListItem","position":3,"name":"Caja fr\u00eda est\u00e1ndar"}]},{"@type":"WebSite","@id":"https:\/\/eurotrail.info\/#website","url":"https:\/\/eurotrail.info\/","name":"Eurotrail | The way we camp!","description":"","publisher":{"@id":"https:\/\/eurotrail.info\/#organization"},"potentialAction":[{"@type":"SearchAction","target":{"@type":"EntryPoint","urlTemplate":"https:\/\/eurotrail.info\/?s={search_term_string}"},"query-input":{"@type":"PropertyValueSpecification","valueRequired":true,"valueName":"search_term_string"}}],"inLanguage":"es-ES"},{"@type":"Organization","@id":"https:\/\/eurotrail.info\/#organization","name":"Eurotrail | The way we camp!","url":"https:\/\/eurotrail.info\/","logo":{"@type":"ImageObject","inLanguage":"es-ES","@id":"https:\/\/eurotrail.info\/#\/schema\/logo\/image\/","url":"https:\/\/eurotrail.info\/wp\/wp-content\/uploads\/2023\/07\/ET-logo-quote_NL-scaled.jpg","contentUrl":"https:\/\/eurotrail.info\/wp\/wp-content\/uploads\/2023\/07\/ET-logo-quote_NL-scaled.jpg","width":2560,"height":675,"caption":"Eurotrail | The way we camp!"},"image":{"@id":"https:\/\/eurotrail.info\/#\/schema\/logo\/image\/"}}]}},"_links":{"self":[{"href":"https:\/\/eurotrail.info\/es\/wp-json\/wp\/v2\/product\/20905","targetHints":{"allow":["GET"]}}],"collection":[{"href":"https:\/\/eurotrail.info\/es\/wp-json\/wp\/v2\/product"}],"about":[{"href":"https:\/\/eurotrail.info\/es\/wp-json\/wp\/v2\/types\/product"}],"replies":[{"embeddable":true,"href":"https:\/\/eurotrail.info\/es\/wp-json\/wp\/v2\/comments?post=20905"}],"wp:featuredmedia":[{"embeddable":true,"href":"https:\/\/eurotrail.info\/es\/wp-json\/wp\/v2\/media\/18623"}],"wp:attachment":[{"href":"https:\/\/eurotrail.info\/es\/wp-json\/wp\/v2\/media?parent=20905"}],"wp:term":[{"taxonomy":"product_brand","embeddable":true,"href":"https:\/\/eurotrail.info\/es\/wp-json\/wp\/v2\/product_brand?post=20905"},{"taxonomy":"product_cat","embeddable":true,"href":"https:\/\/eurotrail.info\/es\/wp-json\/wp\/v2\/product_cat?post=20905"},{"taxonomy":"product_tag","embeddable":true,"href":"https:\/\/eurotrail.info\/es\/wp-json\/wp\/v2\/product_tag?post=20905"}],"curies":[{"name":"wp","href":"https:\/\/api.w.org\/{rel}","templated":true}]}}