{"id":20908,"date":"2017-01-04T10:08:26","date_gmt":"2023-01-04T10:25:25","guid":{"rendered":"https:\/\/eurotrail.info\/?post_type=product&#038;p=20908"},"modified":"2023-01-04T11:25:25","modified_gmt":"2023-01-04T10:25:25","slug":"relax-mate","status":"publish","type":"product","link":"https:\/\/eurotrail.info\/es\/producten\/alfombra-de-la-tienda\/relax-mate\/","title":{"rendered":"Relax mate"},"content":{"rendered":"<p>La esterilla Relax es resistente a los rayos UV, no desti\u00f1e y es f\u00e1cil de limpiar. El tapete se puede usar en ambos lados, para que tenga un dise\u00f1o claro y oscuro. Los extremos est\u00e1n rematados con cinta de poli\u00e9ster y las esquinas tienen lazos para sujetar clavijas (exclusivo).<\/p>\n<p>La colchoneta Relax te ofrece un extra de comodidad y protecci\u00f3n, es ideal para usar como manta de picnic en interiores o exteriores, en el jard\u00edn, de camping o incluso en la playa.<\/p>\n<p>La colchoneta Ded Relax est\u00e1 disponible en 2 tama\u00f1os 200x180cm y 200x270cm y est\u00e1 disponible en los colores verde manzana\/gris, gris plata\/gris. Incluye bolsa de almacenamiento.<\/p>\n<p>Material: 100 % polipropileno con cinta de poli\u00e9ster<\/p>\n<p>F\u00e1cil de limpiar<br \/>\nResistente al moho<br \/>\nestable a los rayos UV<br \/>\nSe puede utilizar en ambos lados.<br \/>\nmaterial transpirable<br \/>\nIncluye bolsa de almacenamiento<\/p>\n","protected":false},"excerpt":{"rendered":"<p>La esterilla Relax es resistente a los rayos UV, no desti\u00f1e y es f\u00e1cil de limpiar. El tapete se puede usar en ambos lados, para&hellip;<\/p>\n","protected":false},"featured_media":22783,"comment_status":"open","ping_status":"closed","template":"","meta":{"_acf_changed":false},"product_brand":[],"product_cat":[376],"product_tag":[],"class_list":{"0":"post-20908","1":"product","2":"type-product","3":"status-publish","4":"has-post-thumbnail","6":"product_cat-alfombra-de-la-tienda","8":"first","9":"instock","10":"shipping-taxable","11":"product-type-simple"},"acf":[],"yoast_head":"<!-- This site is optimized with the Yoast SEO plugin v27.4 - https:\/\/yoast.com\/product\/yoast-seo-wordpress\/ -->\n<title>Relax mate - Eurotrail | The way we camp!<\/title>\n<meta name=\"description\" content=\"La esterilla Relax es resistente a los rayos UV, no desti\u00f1e y es f\u00e1cil de limpiar. El tapete se puede usar en ambos lados, para que tenga un dise\u00f1o claro y oscuro.\" \/>\n<meta name=\"robots\" content=\"index, follow, max-snippet:-1, max-image-preview:large, max-video-preview:-1\" \/>\n<link rel=\"canonical\" href=\"https:\/\/eurotrail.info\/es\/producten\/alfombra-de-la-tienda\/relax-mate\/\" \/>\n<meta property=\"og:locale\" content=\"es_ES\" \/>\n<meta property=\"og:type\" content=\"article\" \/>\n<meta property=\"og:title\" content=\"Relax mate - Eurotrail | The way we camp!\" \/>\n<meta property=\"og:description\" content=\"La esterilla Relax es resistente a los rayos UV, no desti\u00f1e y es f\u00e1cil de limpiar. El tapete se puede usar en ambos lados, para que tenga un dise\u00f1o claro y oscuro.\" \/>\n<meta property=\"og:url\" content=\"https:\/\/eurotrail.info\/es\/producten\/alfombra-de-la-tienda\/relax-mate\/\" \/>\n<meta property=\"og:site_name\" content=\"Eurotrail | The way we camp!\" \/>\n<meta property=\"og:image\" content=\"https:\/\/eurotrail.info\/wp\/wp-content\/uploads\/2017\/01\/ETGS5001-6-1001-Relax-mat-Inca-3-klein.jpg\" \/>\n\t<meta property=\"og:image:width\" content=\"2230\" \/>\n\t<meta property=\"og:image:height\" content=\"1369\" \/>\n\t<meta property=\"og:image:type\" content=\"image\/jpeg\" \/>\n<meta name=\"twitter:card\" content=\"summary_large_image\" \/>\n<meta name=\"twitter:label1\" content=\"Tiempo de lectura\" \/>\n\t<meta name=\"twitter:data1\" content=\"1 minute\" \/>\n<script type=\"application\/ld+json\" class=\"yoast-schema-graph\">{\"@context\":\"https:\\\/\\\/schema.org\",\"@graph\":[{\"@type\":\"WebPage\",\"@id\":\"https:\\\/\\\/eurotrail.info\\\/es\\\/producten\\\/alfombra-de-la-tienda\\\/relax-mate\\\/\",\"url\":\"https:\\\/\\\/eurotrail.info\\\/es\\\/producten\\\/alfombra-de-la-tienda\\\/relax-mate\\\/\",\"name\":\"Relax mate - Eurotrail | The way we camp!\",\"isPartOf\":{\"@id\":\"https:\\\/\\\/eurotrail.info\\\/#website\"},\"primaryImageOfPage\":{\"@id\":\"https:\\\/\\\/eurotrail.info\\\/es\\\/producten\\\/alfombra-de-la-tienda\\\/relax-mate\\\/#primaryimage\"},\"image\":{\"@id\":\"https:\\\/\\\/eurotrail.info\\\/es\\\/producten\\\/alfombra-de-la-tienda\\\/relax-mate\\\/#primaryimage\"},\"thumbnailUrl\":\"https:\\\/\\\/eurotrail.info\\\/wp\\\/wp-content\\\/uploads\\\/2017\\\/01\\\/ETGS5001-6-1001-Relax-mat-Inca-3-klein.jpg\",\"datePublished\":\"2023-01-04T10:25:25+00:00\",\"description\":\"La esterilla Relax es resistente a los rayos UV, no desti\u00f1e y es f\u00e1cil de limpiar. El tapete se puede usar en ambos lados, para que tenga un dise\u00f1o claro y oscuro.\",\"breadcrumb\":{\"@id\":\"https:\\\/\\\/eurotrail.info\\\/es\\\/producten\\\/alfombra-de-la-tienda\\\/relax-mate\\\/#breadcrumb\"},\"inLanguage\":\"es-ES\",\"potentialAction\":[{\"@type\":\"ReadAction\",\"target\":[\"https:\\\/\\\/eurotrail.info\\\/es\\\/producten\\\/alfombra-de-la-tienda\\\/relax-mate\\\/\"]}]},{\"@type\":\"ImageObject\",\"inLanguage\":\"es-ES\",\"@id\":\"https:\\\/\\\/eurotrail.info\\\/es\\\/producten\\\/alfombra-de-la-tienda\\\/relax-mate\\\/#primaryimage\",\"url\":\"https:\\\/\\\/eurotrail.info\\\/wp\\\/wp-content\\\/uploads\\\/2017\\\/01\\\/ETGS5001-6-1001-Relax-mat-Inca-3-klein.jpg\",\"contentUrl\":\"https:\\\/\\\/eurotrail.info\\\/wp\\\/wp-content\\\/uploads\\\/2017\\\/01\\\/ETGS5001-6-1001-Relax-mat-Inca-3-klein.jpg\",\"width\":2230,\"height\":1369,\"caption\":\"Eurotrail Relax Mat\"},{\"@type\":\"BreadcrumbList\",\"@id\":\"https:\\\/\\\/eurotrail.info\\\/es\\\/producten\\\/alfombra-de-la-tienda\\\/relax-mate\\\/#breadcrumb\",\"itemListElement\":[{\"@type\":\"ListItem\",\"position\":1,\"name\":\"Home\",\"item\":\"https:\\\/\\\/eurotrail.info\\\/es\\\/\"},{\"@type\":\"ListItem\",\"position\":2,\"name\":\"Productos\",\"item\":\"https:\\\/\\\/eurotrail.info\\\/es\\\/productos\\\/\"},{\"@type\":\"ListItem\",\"position\":3,\"name\":\"Relax mate\"}]},{\"@type\":\"WebSite\",\"@id\":\"https:\\\/\\\/eurotrail.info\\\/#website\",\"url\":\"https:\\\/\\\/eurotrail.info\\\/\",\"name\":\"Eurotrail | The way we camp!\",\"description\":\"\",\"publisher\":{\"@id\":\"https:\\\/\\\/eurotrail.info\\\/#organization\"},\"potentialAction\":[{\"@type\":\"SearchAction\",\"target\":{\"@type\":\"EntryPoint\",\"urlTemplate\":\"https:\\\/\\\/eurotrail.info\\\/?s={search_term_string}\"},\"query-input\":{\"@type\":\"PropertyValueSpecification\",\"valueRequired\":true,\"valueName\":\"search_term_string\"}}],\"inLanguage\":\"es-ES\"},{\"@type\":\"Organization\",\"@id\":\"https:\\\/\\\/eurotrail.info\\\/#organization\",\"name\":\"Eurotrail | The way we camp!\",\"url\":\"https:\\\/\\\/eurotrail.info\\\/\",\"logo\":{\"@type\":\"ImageObject\",\"inLanguage\":\"es-ES\",\"@id\":\"https:\\\/\\\/eurotrail.info\\\/#\\\/schema\\\/logo\\\/image\\\/\",\"url\":\"https:\\\/\\\/eurotrail.info\\\/wp\\\/wp-content\\\/uploads\\\/2023\\\/07\\\/ET-logo-quote_NL-scaled.jpg\",\"contentUrl\":\"https:\\\/\\\/eurotrail.info\\\/wp\\\/wp-content\\\/uploads\\\/2023\\\/07\\\/ET-logo-quote_NL-scaled.jpg\",\"width\":2560,\"height\":675,\"caption\":\"Eurotrail | The way we camp!\"},\"image\":{\"@id\":\"https:\\\/\\\/eurotrail.info\\\/#\\\/schema\\\/logo\\\/image\\\/\"}}]}<\/script>\n<!-- \/ Yoast SEO plugin. -->","yoast_head_json":{"title":"Relax mate - Eurotrail | The way we camp!","description":"La esterilla Relax es resistente a los rayos UV, no desti\u00f1e y es f\u00e1cil de limpiar. El tapete se puede usar en ambos lados, para que tenga un dise\u00f1o claro y oscuro.","robots":{"index":"index","follow":"follow","max-snippet":"max-snippet:-1","max-image-preview":"max-image-preview:large","max-video-preview":"max-video-preview:-1"},"canonical":"https:\/\/eurotrail.info\/es\/producten\/alfombra-de-la-tienda\/relax-mate\/","og_locale":"es_ES","og_type":"article","og_title":"Relax mate - Eurotrail | The way we camp!","og_description":"La esterilla Relax es resistente a los rayos UV, no desti\u00f1e y es f\u00e1cil de limpiar. El tapete se puede usar en ambos lados, para que tenga un dise\u00f1o claro y oscuro.","og_url":"https:\/\/eurotrail.info\/es\/producten\/alfombra-de-la-tienda\/relax-mate\/","og_site_name":"Eurotrail | The way we camp!","og_image":[{"width":2230,"height":1369,"url":"https:\/\/eurotrail.info\/wp\/wp-content\/uploads\/2017\/01\/ETGS5001-6-1001-Relax-mat-Inca-3-klein.jpg","type":"image\/jpeg"}],"twitter_card":"summary_large_image","twitter_misc":{"Tiempo de lectura":"1 minute"},"schema":{"@context":"https:\/\/schema.org","@graph":[{"@type":"WebPage","@id":"https:\/\/eurotrail.info\/es\/producten\/alfombra-de-la-tienda\/relax-mate\/","url":"https:\/\/eurotrail.info\/es\/producten\/alfombra-de-la-tienda\/relax-mate\/","name":"Relax mate - Eurotrail | The way we camp!","isPartOf":{"@id":"https:\/\/eurotrail.info\/#website"},"primaryImageOfPage":{"@id":"https:\/\/eurotrail.info\/es\/producten\/alfombra-de-la-tienda\/relax-mate\/#primaryimage"},"image":{"@id":"https:\/\/eurotrail.info\/es\/producten\/alfombra-de-la-tienda\/relax-mate\/#primaryimage"},"thumbnailUrl":"https:\/\/eurotrail.info\/wp\/wp-content\/uploads\/2017\/01\/ETGS5001-6-1001-Relax-mat-Inca-3-klein.jpg","datePublished":"2023-01-04T10:25:25+00:00","description":"La esterilla Relax es resistente a los rayos UV, no desti\u00f1e y es f\u00e1cil de limpiar. El tapete se puede usar en ambos lados, para que tenga un dise\u00f1o claro y oscuro.","breadcrumb":{"@id":"https:\/\/eurotrail.info\/es\/producten\/alfombra-de-la-tienda\/relax-mate\/#breadcrumb"},"inLanguage":"es-ES","potentialAction":[{"@type":"ReadAction","target":["https:\/\/eurotrail.info\/es\/producten\/alfombra-de-la-tienda\/relax-mate\/"]}]},{"@type":"ImageObject","inLanguage":"es-ES","@id":"https:\/\/eurotrail.info\/es\/producten\/alfombra-de-la-tienda\/relax-mate\/#primaryimage","url":"https:\/\/eurotrail.info\/wp\/wp-content\/uploads\/2017\/01\/ETGS5001-6-1001-Relax-mat-Inca-3-klein.jpg","contentUrl":"https:\/\/eurotrail.info\/wp\/wp-content\/uploads\/2017\/01\/ETGS5001-6-1001-Relax-mat-Inca-3-klein.jpg","width":2230,"height":1369,"caption":"Eurotrail Relax Mat"},{"@type":"BreadcrumbList","@id":"https:\/\/eurotrail.info\/es\/producten\/alfombra-de-la-tienda\/relax-mate\/#breadcrumb","itemListElement":[{"@type":"ListItem","position":1,"name":"Home","item":"https:\/\/eurotrail.info\/es\/"},{"@type":"ListItem","position":2,"name":"Productos","item":"https:\/\/eurotrail.info\/es\/productos\/"},{"@type":"ListItem","position":3,"name":"Relax mate"}]},{"@type":"WebSite","@id":"https:\/\/eurotrail.info\/#website","url":"https:\/\/eurotrail.info\/","name":"Eurotrail | The way we camp!","description":"","publisher":{"@id":"https:\/\/eurotrail.info\/#organization"},"potentialAction":[{"@type":"SearchAction","target":{"@type":"EntryPoint","urlTemplate":"https:\/\/eurotrail.info\/?s={search_term_string}"},"query-input":{"@type":"PropertyValueSpecification","valueRequired":true,"valueName":"search_term_string"}}],"inLanguage":"es-ES"},{"@type":"Organization","@id":"https:\/\/eurotrail.info\/#organization","name":"Eurotrail | The way we camp!","url":"https:\/\/eurotrail.info\/","logo":{"@type":"ImageObject","inLanguage":"es-ES","@id":"https:\/\/eurotrail.info\/#\/schema\/logo\/image\/","url":"https:\/\/eurotrail.info\/wp\/wp-content\/uploads\/2023\/07\/ET-logo-quote_NL-scaled.jpg","contentUrl":"https:\/\/eurotrail.info\/wp\/wp-content\/uploads\/2023\/07\/ET-logo-quote_NL-scaled.jpg","width":2560,"height":675,"caption":"Eurotrail | The way we camp!"},"image":{"@id":"https:\/\/eurotrail.info\/#\/schema\/logo\/image\/"}}]}},"_links":{"self":[{"href":"https:\/\/eurotrail.info\/es\/wp-json\/wp\/v2\/product\/20908","targetHints":{"allow":["GET"]}}],"collection":[{"href":"https:\/\/eurotrail.info\/es\/wp-json\/wp\/v2\/product"}],"about":[{"href":"https:\/\/eurotrail.info\/es\/wp-json\/wp\/v2\/types\/product"}],"replies":[{"embeddable":true,"href":"https:\/\/eurotrail.info\/es\/wp-json\/wp\/v2\/comments?post=20908"}],"wp:featuredmedia":[{"embeddable":true,"href":"https:\/\/eurotrail.info\/es\/wp-json\/wp\/v2\/media\/22783"}],"wp:attachment":[{"href":"https:\/\/eurotrail.info\/es\/wp-json\/wp\/v2\/media?parent=20908"}],"wp:term":[{"taxonomy":"product_brand","embeddable":true,"href":"https:\/\/eurotrail.info\/es\/wp-json\/wp\/v2\/product_brand?post=20908"},{"taxonomy":"product_cat","embeddable":true,"href":"https:\/\/eurotrail.info\/es\/wp-json\/wp\/v2\/product_cat?post=20908"},{"taxonomy":"product_tag","embeddable":true,"href":"https:\/\/eurotrail.info\/es\/wp-json\/wp\/v2\/product_tag?post=20908"}],"curies":[{"name":"wp","href":"https:\/\/api.w.org\/{rel}","templated":true}]}}