{"id":20909,"date":"2017-01-04T10:37:35","date_gmt":"2017-01-04T09:37:35","guid":{"rendered":"https:\/\/eurotrail.info\/?post_type=product&#038;p=20909"},"modified":"2023-01-04T11:27:43","modified_gmt":"2023-01-04T10:27:43","slug":"tapete-para-patio-toldo","status":"publish","type":"product","link":"https:\/\/eurotrail.info\/es\/producten\/alfombra-de-la-tienda\/tapete-para-patio-toldo\/","title":{"rendered":"Tapete para patio\/toldo"},"content":{"rendered":"<p>El Eurotrail Patiomat es el complemento perfecto para todos los toldos y toldos. La alfombrilla para terraza est\u00e1 hecha de polipropileno 100 % transpirable y, por lo tanto, mantiene intacto el c\u00e9sped que se encuentra debajo. El Patiomat es resistente a los rayos UV y no desti\u00f1e. F\u00e1cil de limpiar y se puede utilizar por ambos lados. Los laterales est\u00e1n rematados con un trabajo de banda y las esquinas est\u00e1n provistas de grandes bucles para fijar las clavijas (exclusivo).<\/p>\n<p>El Patiomat ofrece un extra de comodidad y protecci\u00f3n para su uso en el camping en el toldo o toldo, pero tambi\u00e9n es ideal para la playa y los alrededores o en la casa. Color: negro\/antracita, incluye bolsa de almacenamiento.<\/p>\n<p>Dimensiones disponibles.<br \/>\n300x250cm<br \/>\n350x250cm<br \/>\n400x250cm<\/p>\n<p>Material: 100 % polipropileno con cinta de poli\u00e9ster<\/p>\n<p>F\u00e1cil de limpiar<br \/>\nResistente al moho<br \/>\nestable a los rayos UV<br \/>\nSe puede utilizar en ambos lados.<br \/>\nmaterial transpirable<br \/>\nIncluye bolsa de almacenamiento<\/p>\n","protected":false},"excerpt":{"rendered":"<p>El Eurotrail Patiomat es el complemento perfecto para todos los toldos y toldos. La alfombrilla para terraza est\u00e1 hecha de polipropileno 100 % transpirable y,&hellip;<\/p>\n","protected":false},"featured_media":28796,"comment_status":"open","ping_status":"closed","template":"","meta":{"_acf_changed":false},"product_brand":[],"product_cat":[376],"product_tag":[],"class_list":{"0":"post-20909","1":"product","2":"type-product","3":"status-publish","4":"has-post-thumbnail","6":"product_cat-alfombra-de-la-tienda","8":"first","9":"instock","10":"shipping-taxable","11":"product-type-simple"},"acf":[],"yoast_head":"<!-- This site is optimized with the Yoast SEO plugin v27.4 - https:\/\/yoast.com\/product\/yoast-seo-wordpress\/ -->\n<title>Tapete para patio\/toldo - Eurotrail | The way we camp!<\/title>\n<meta name=\"description\" content=\"El Eurotrail Patiomat es el complemento perfecto para todos los toldos y toldos. La alfombrilla para terraza est\u00e1 hecha de polipropileno 100 % transpirable y, por lo tanto, mantiene intacto el c\u00e9sped que se encuentra debajo.\" \/>\n<meta name=\"robots\" content=\"index, follow, max-snippet:-1, max-image-preview:large, max-video-preview:-1\" \/>\n<link rel=\"canonical\" href=\"https:\/\/eurotrail.info\/es\/producten\/alfombra-de-la-tienda\/tapete-para-patio-toldo\/\" \/>\n<meta property=\"og:locale\" content=\"es_ES\" \/>\n<meta property=\"og:type\" content=\"article\" \/>\n<meta property=\"og:title\" content=\"Tapete para patio\/toldo - Eurotrail | The way we camp!\" \/>\n<meta property=\"og:description\" content=\"El Eurotrail Patiomat es el complemento perfecto para todos los toldos y toldos. La alfombrilla para terraza est\u00e1 hecha de polipropileno 100 % transpirable y, por lo tanto, mantiene intacto el c\u00e9sped que se encuentra debajo.\" \/>\n<meta property=\"og:url\" content=\"https:\/\/eurotrail.info\/es\/producten\/alfombra-de-la-tienda\/tapete-para-patio-toldo\/\" \/>\n<meta property=\"og:site_name\" content=\"Eurotrail | The way we camp!\" \/>\n<meta property=\"article:modified_time\" content=\"2023-01-04T10:27:43+00:00\" \/>\n<meta property=\"og:image\" content=\"https:\/\/eurotrail.info\/wp\/wp-content\/uploads\/2017\/01\/ETGS5001-Relax-matt-Inca-1001-25-scaled.jpg\" \/>\n\t<meta property=\"og:image:width\" content=\"2560\" \/>\n\t<meta property=\"og:image:height\" content=\"1572\" \/>\n\t<meta property=\"og:image:type\" content=\"image\/jpeg\" \/>\n<meta name=\"twitter:card\" content=\"summary_large_image\" \/>\n<meta name=\"twitter:label1\" content=\"Tiempo de lectura\" \/>\n\t<meta name=\"twitter:data1\" content=\"1 minute\" \/>\n<script type=\"application\/ld+json\" class=\"yoast-schema-graph\">{\"@context\":\"https:\\\/\\\/schema.org\",\"@graph\":[{\"@type\":\"WebPage\",\"@id\":\"https:\\\/\\\/eurotrail.info\\\/es\\\/producten\\\/alfombra-de-la-tienda\\\/tapete-para-patio-toldo\\\/\",\"url\":\"https:\\\/\\\/eurotrail.info\\\/es\\\/producten\\\/alfombra-de-la-tienda\\\/tapete-para-patio-toldo\\\/\",\"name\":\"Tapete para patio\\\/toldo - Eurotrail | The way we camp!\",\"isPartOf\":{\"@id\":\"https:\\\/\\\/eurotrail.info\\\/#website\"},\"primaryImageOfPage\":{\"@id\":\"https:\\\/\\\/eurotrail.info\\\/es\\\/producten\\\/alfombra-de-la-tienda\\\/tapete-para-patio-toldo\\\/#primaryimage\"},\"image\":{\"@id\":\"https:\\\/\\\/eurotrail.info\\\/es\\\/producten\\\/alfombra-de-la-tienda\\\/tapete-para-patio-toldo\\\/#primaryimage\"},\"thumbnailUrl\":\"https:\\\/\\\/eurotrail.info\\\/wp\\\/wp-content\\\/uploads\\\/2017\\\/01\\\/ETGS5001-Relax-matt-Inca-1001-25-scaled.jpg\",\"datePublished\":\"2017-01-04T09:37:35+00:00\",\"dateModified\":\"2023-01-04T10:27:43+00:00\",\"description\":\"El Eurotrail Patiomat es el complemento perfecto para todos los toldos y toldos. La alfombrilla para terraza est\u00e1 hecha de polipropileno 100 % transpirable y, por lo tanto, mantiene intacto el c\u00e9sped que se encuentra debajo.\",\"breadcrumb\":{\"@id\":\"https:\\\/\\\/eurotrail.info\\\/es\\\/producten\\\/alfombra-de-la-tienda\\\/tapete-para-patio-toldo\\\/#breadcrumb\"},\"inLanguage\":\"es-ES\",\"potentialAction\":[{\"@type\":\"ReadAction\",\"target\":[\"https:\\\/\\\/eurotrail.info\\\/es\\\/producten\\\/alfombra-de-la-tienda\\\/tapete-para-patio-toldo\\\/\"]}]},{\"@type\":\"ImageObject\",\"inLanguage\":\"es-ES\",\"@id\":\"https:\\\/\\\/eurotrail.info\\\/es\\\/producten\\\/alfombra-de-la-tienda\\\/tapete-para-patio-toldo\\\/#primaryimage\",\"url\":\"https:\\\/\\\/eurotrail.info\\\/wp\\\/wp-content\\\/uploads\\\/2017\\\/01\\\/ETGS5001-Relax-matt-Inca-1001-25-scaled.jpg\",\"contentUrl\":\"https:\\\/\\\/eurotrail.info\\\/wp\\\/wp-content\\\/uploads\\\/2017\\\/01\\\/ETGS5001-Relax-matt-Inca-1001-25-scaled.jpg\",\"width\":2560,\"height\":1572},{\"@type\":\"BreadcrumbList\",\"@id\":\"https:\\\/\\\/eurotrail.info\\\/es\\\/producten\\\/alfombra-de-la-tienda\\\/tapete-para-patio-toldo\\\/#breadcrumb\",\"itemListElement\":[{\"@type\":\"ListItem\",\"position\":1,\"name\":\"Home\",\"item\":\"https:\\\/\\\/eurotrail.info\\\/es\\\/\"},{\"@type\":\"ListItem\",\"position\":2,\"name\":\"Productos\",\"item\":\"https:\\\/\\\/eurotrail.info\\\/es\\\/productos\\\/\"},{\"@type\":\"ListItem\",\"position\":3,\"name\":\"Tapete para patio\\\/toldo\"}]},{\"@type\":\"WebSite\",\"@id\":\"https:\\\/\\\/eurotrail.info\\\/#website\",\"url\":\"https:\\\/\\\/eurotrail.info\\\/\",\"name\":\"Eurotrail | The way we camp!\",\"description\":\"\",\"publisher\":{\"@id\":\"https:\\\/\\\/eurotrail.info\\\/#organization\"},\"potentialAction\":[{\"@type\":\"SearchAction\",\"target\":{\"@type\":\"EntryPoint\",\"urlTemplate\":\"https:\\\/\\\/eurotrail.info\\\/?s={search_term_string}\"},\"query-input\":{\"@type\":\"PropertyValueSpecification\",\"valueRequired\":true,\"valueName\":\"search_term_string\"}}],\"inLanguage\":\"es-ES\"},{\"@type\":\"Organization\",\"@id\":\"https:\\\/\\\/eurotrail.info\\\/#organization\",\"name\":\"Eurotrail | The way we camp!\",\"url\":\"https:\\\/\\\/eurotrail.info\\\/\",\"logo\":{\"@type\":\"ImageObject\",\"inLanguage\":\"es-ES\",\"@id\":\"https:\\\/\\\/eurotrail.info\\\/#\\\/schema\\\/logo\\\/image\\\/\",\"url\":\"https:\\\/\\\/eurotrail.info\\\/wp\\\/wp-content\\\/uploads\\\/2023\\\/07\\\/ET-logo-quote_NL-scaled.jpg\",\"contentUrl\":\"https:\\\/\\\/eurotrail.info\\\/wp\\\/wp-content\\\/uploads\\\/2023\\\/07\\\/ET-logo-quote_NL-scaled.jpg\",\"width\":2560,\"height\":675,\"caption\":\"Eurotrail | The way we camp!\"},\"image\":{\"@id\":\"https:\\\/\\\/eurotrail.info\\\/#\\\/schema\\\/logo\\\/image\\\/\"}}]}<\/script>\n<!-- \/ Yoast SEO plugin. -->","yoast_head_json":{"title":"Tapete para patio\/toldo - Eurotrail | The way we camp!","description":"El Eurotrail Patiomat es el complemento perfecto para todos los toldos y toldos. La alfombrilla para terraza est\u00e1 hecha de polipropileno 100 % transpirable y, por lo tanto, mantiene intacto el c\u00e9sped que se encuentra debajo.","robots":{"index":"index","follow":"follow","max-snippet":"max-snippet:-1","max-image-preview":"max-image-preview:large","max-video-preview":"max-video-preview:-1"},"canonical":"https:\/\/eurotrail.info\/es\/producten\/alfombra-de-la-tienda\/tapete-para-patio-toldo\/","og_locale":"es_ES","og_type":"article","og_title":"Tapete para patio\/toldo - Eurotrail | The way we camp!","og_description":"El Eurotrail Patiomat es el complemento perfecto para todos los toldos y toldos. La alfombrilla para terraza est\u00e1 hecha de polipropileno 100 % transpirable y, por lo tanto, mantiene intacto el c\u00e9sped que se encuentra debajo.","og_url":"https:\/\/eurotrail.info\/es\/producten\/alfombra-de-la-tienda\/tapete-para-patio-toldo\/","og_site_name":"Eurotrail | The way we camp!","article_modified_time":"2023-01-04T10:27:43+00:00","og_image":[{"width":2560,"height":1572,"url":"https:\/\/eurotrail.info\/wp\/wp-content\/uploads\/2017\/01\/ETGS5001-Relax-matt-Inca-1001-25-scaled.jpg","type":"image\/jpeg"}],"twitter_card":"summary_large_image","twitter_misc":{"Tiempo de lectura":"1 minute"},"schema":{"@context":"https:\/\/schema.org","@graph":[{"@type":"WebPage","@id":"https:\/\/eurotrail.info\/es\/producten\/alfombra-de-la-tienda\/tapete-para-patio-toldo\/","url":"https:\/\/eurotrail.info\/es\/producten\/alfombra-de-la-tienda\/tapete-para-patio-toldo\/","name":"Tapete para patio\/toldo - Eurotrail | The way we camp!","isPartOf":{"@id":"https:\/\/eurotrail.info\/#website"},"primaryImageOfPage":{"@id":"https:\/\/eurotrail.info\/es\/producten\/alfombra-de-la-tienda\/tapete-para-patio-toldo\/#primaryimage"},"image":{"@id":"https:\/\/eurotrail.info\/es\/producten\/alfombra-de-la-tienda\/tapete-para-patio-toldo\/#primaryimage"},"thumbnailUrl":"https:\/\/eurotrail.info\/wp\/wp-content\/uploads\/2017\/01\/ETGS5001-Relax-matt-Inca-1001-25-scaled.jpg","datePublished":"2017-01-04T09:37:35+00:00","dateModified":"2023-01-04T10:27:43+00:00","description":"El Eurotrail Patiomat es el complemento perfecto para todos los toldos y toldos. La alfombrilla para terraza est\u00e1 hecha de polipropileno 100 % transpirable y, por lo tanto, mantiene intacto el c\u00e9sped que se encuentra debajo.","breadcrumb":{"@id":"https:\/\/eurotrail.info\/es\/producten\/alfombra-de-la-tienda\/tapete-para-patio-toldo\/#breadcrumb"},"inLanguage":"es-ES","potentialAction":[{"@type":"ReadAction","target":["https:\/\/eurotrail.info\/es\/producten\/alfombra-de-la-tienda\/tapete-para-patio-toldo\/"]}]},{"@type":"ImageObject","inLanguage":"es-ES","@id":"https:\/\/eurotrail.info\/es\/producten\/alfombra-de-la-tienda\/tapete-para-patio-toldo\/#primaryimage","url":"https:\/\/eurotrail.info\/wp\/wp-content\/uploads\/2017\/01\/ETGS5001-Relax-matt-Inca-1001-25-scaled.jpg","contentUrl":"https:\/\/eurotrail.info\/wp\/wp-content\/uploads\/2017\/01\/ETGS5001-Relax-matt-Inca-1001-25-scaled.jpg","width":2560,"height":1572},{"@type":"BreadcrumbList","@id":"https:\/\/eurotrail.info\/es\/producten\/alfombra-de-la-tienda\/tapete-para-patio-toldo\/#breadcrumb","itemListElement":[{"@type":"ListItem","position":1,"name":"Home","item":"https:\/\/eurotrail.info\/es\/"},{"@type":"ListItem","position":2,"name":"Productos","item":"https:\/\/eurotrail.info\/es\/productos\/"},{"@type":"ListItem","position":3,"name":"Tapete para patio\/toldo"}]},{"@type":"WebSite","@id":"https:\/\/eurotrail.info\/#website","url":"https:\/\/eurotrail.info\/","name":"Eurotrail | The way we camp!","description":"","publisher":{"@id":"https:\/\/eurotrail.info\/#organization"},"potentialAction":[{"@type":"SearchAction","target":{"@type":"EntryPoint","urlTemplate":"https:\/\/eurotrail.info\/?s={search_term_string}"},"query-input":{"@type":"PropertyValueSpecification","valueRequired":true,"valueName":"search_term_string"}}],"inLanguage":"es-ES"},{"@type":"Organization","@id":"https:\/\/eurotrail.info\/#organization","name":"Eurotrail | The way we camp!","url":"https:\/\/eurotrail.info\/","logo":{"@type":"ImageObject","inLanguage":"es-ES","@id":"https:\/\/eurotrail.info\/#\/schema\/logo\/image\/","url":"https:\/\/eurotrail.info\/wp\/wp-content\/uploads\/2023\/07\/ET-logo-quote_NL-scaled.jpg","contentUrl":"https:\/\/eurotrail.info\/wp\/wp-content\/uploads\/2023\/07\/ET-logo-quote_NL-scaled.jpg","width":2560,"height":675,"caption":"Eurotrail | The way we camp!"},"image":{"@id":"https:\/\/eurotrail.info\/#\/schema\/logo\/image\/"}}]}},"_links":{"self":[{"href":"https:\/\/eurotrail.info\/es\/wp-json\/wp\/v2\/product\/20909","targetHints":{"allow":["GET"]}}],"collection":[{"href":"https:\/\/eurotrail.info\/es\/wp-json\/wp\/v2\/product"}],"about":[{"href":"https:\/\/eurotrail.info\/es\/wp-json\/wp\/v2\/types\/product"}],"replies":[{"embeddable":true,"href":"https:\/\/eurotrail.info\/es\/wp-json\/wp\/v2\/comments?post=20909"}],"wp:featuredmedia":[{"embeddable":true,"href":"https:\/\/eurotrail.info\/es\/wp-json\/wp\/v2\/media\/28796"}],"wp:attachment":[{"href":"https:\/\/eurotrail.info\/es\/wp-json\/wp\/v2\/media?parent=20909"}],"wp:term":[{"taxonomy":"product_brand","embeddable":true,"href":"https:\/\/eurotrail.info\/es\/wp-json\/wp\/v2\/product_brand?post=20909"},{"taxonomy":"product_cat","embeddable":true,"href":"https:\/\/eurotrail.info\/es\/wp-json\/wp\/v2\/product_cat?post=20909"},{"taxonomy":"product_tag","embeddable":true,"href":"https:\/\/eurotrail.info\/es\/wp-json\/wp\/v2\/product_tag?post=20909"}],"curies":[{"name":"wp","href":"https:\/\/api.w.org\/{rel}","templated":true}]}}