{"id":20954,"date":"2016-03-04T13:52:27","date_gmt":"2023-01-04T13:20:19","guid":{"rendered":"https:\/\/eurotrail.info\/?post_type=product&#038;p=20954"},"modified":"2023-01-04T14:20:19","modified_gmt":"2023-01-04T13:20:19","slug":"chili-400","status":"publish","type":"product","link":"https:\/\/eurotrail.info\/es\/producten\/bolsas-de-dormir\/bolsas-de-dormir-es\/chili-400\/","title":{"rendered":"Chili 400"},"content":{"rendered":"<p>Este c\u00f3modo saco de dormir es un modelo de manta y est\u00e1 hecho de poli\u00e9ster especialmente procesado (con acabado de melocot\u00f3n) que se siente muy suave y agradable en la piel, es transpirable y repelente al agua. Equipado con un relleno de fibra hueca SLII (Supreme Loft II). Este relleno garantiza que te mantengas agradablemente abrigado por la noche. El mejor confort o temperatura ambiente de este saco de dormir es de alrededor de + 4\/-1\u00b0C.<\/p>\n<p>El saco de dormir Chili se puede cerrar con cremallera y, por lo tanto, es f\u00e1cil de combinar en un saco de dormir doble. El saco de dormir ideal para llevar contigo durante tus vacaciones de camping o cuando te quedas en alg\u00fan lugar. Despu\u00e9s de su uso, el saco de dormir es adecuado para lavarlo en la lavadora. Te aconsejamos no centrifugarlo y dejarlo secar fuera de la lavadora. F\u00e1cil y pr\u00e1ctico de guardar en la manga de compresi\u00f3n suministrada.<\/p>\n<p>Detalles: construcci\u00f3n de 2 capas, tira de tiro detr\u00e1s de la cremallera, bolsillo para documentos, manga de compresi\u00f3n<\/p>\n<p>Tama\u00f1o: 210x80cm<br \/>\nRevestimiento exterior: PES Poli\u00e9ster tacto suave 230 T<br \/>\nForro interior: poli\u00e9ster PES soft touch 210 T<br \/>\nRelleno: 400 gr\/m\u00b2 SLII Hollowfibre, construcci\u00f3n de 2 capas<br \/>\nTemperatura de confort: + 5\/0\u00b0C.<br \/>\nPeso: 2500 gr.<\/p>\n<p>Rango de temperatura: 12\/-1\/-8\u00baC<\/p>\n","protected":false},"excerpt":{"rendered":"<p>Este c\u00f3modo saco de dormir es un modelo de manta y est\u00e1 hecho de poli\u00e9ster especialmente procesado (con acabado de melocot\u00f3n) que se siente muy&hellip;<\/p>\n","protected":false},"featured_media":16501,"comment_status":"open","ping_status":"closed","template":"","meta":{"_acf_changed":false},"product_brand":[],"product_cat":[368],"product_tag":[],"class_list":{"0":"post-20954","1":"product","2":"type-product","3":"status-publish","4":"has-post-thumbnail","6":"product_cat-bolsas-de-dormir-es","8":"first","9":"instock","10":"shipping-taxable","11":"product-type-simple"},"acf":[],"yoast_head":"<!-- This site is optimized with the Yoast SEO plugin v27.4 - https:\/\/yoast.com\/product\/yoast-seo-wordpress\/ -->\n<title>Chili 400 - Eurotrail | The way we camp!<\/title>\n<meta name=\"description\" content=\"Este c\u00f3modo saco de dormir es un modelo de manta y est\u00e1 hecho de poli\u00e9ster especialmente procesado (con acabado de melocot\u00f3n) que se siente muy suave y agradable en la piel.\" \/>\n<meta name=\"robots\" content=\"index, follow, max-snippet:-1, max-image-preview:large, max-video-preview:-1\" \/>\n<link rel=\"canonical\" href=\"https:\/\/eurotrail.info\/producten\/slaapzakken-matten\/slaapzakken\/chili-400\/\" \/>\n<meta property=\"og:locale\" content=\"es_ES\" \/>\n<meta property=\"og:type\" content=\"article\" \/>\n<meta property=\"og:title\" content=\"Chili 400 - Eurotrail | The way we camp!\" \/>\n<meta property=\"og:description\" content=\"Este c\u00f3modo saco de dormir es un modelo de manta y est\u00e1 hecho de poli\u00e9ster especialmente procesado (con acabado de melocot\u00f3n) que se siente muy suave y agradable en la piel.\" \/>\n<meta property=\"og:url\" content=\"https:\/\/eurotrail.info\/producten\/slaapzakken-matten\/slaapzakken\/chili-400\/\" \/>\n<meta property=\"og:site_name\" content=\"Eurotrail | The way we camp!\" \/>\n<meta property=\"og:image\" content=\"https:\/\/eurotrail.info\/wp\/wp-content\/uploads\/2016\/03\/Eurotrail-slaapzak-Chili-400-1.jpg\" \/>\n\t<meta property=\"og:image:width\" content=\"1772\" \/>\n\t<meta property=\"og:image:height\" content=\"984\" \/>\n\t<meta property=\"og:image:type\" content=\"image\/jpeg\" \/>\n<meta name=\"twitter:card\" content=\"summary_large_image\" \/>\n<meta name=\"twitter:label1\" content=\"Tiempo de lectura\" \/>\n\t<meta name=\"twitter:data1\" content=\"2 minutes\" \/>\n<script type=\"application\/ld+json\" class=\"yoast-schema-graph\">{\"@context\":\"https:\\\/\\\/schema.org\",\"@graph\":[{\"@type\":\"WebPage\",\"@id\":\"https:\\\/\\\/eurotrail.info\\\/producten\\\/slaapzakken-matten\\\/slaapzakken\\\/chili-400\\\/\",\"url\":\"https:\\\/\\\/eurotrail.info\\\/producten\\\/slaapzakken-matten\\\/slaapzakken\\\/chili-400\\\/\",\"name\":\"Chili 400 - Eurotrail | The way we camp!\",\"isPartOf\":{\"@id\":\"https:\\\/\\\/eurotrail.info\\\/#website\"},\"primaryImageOfPage\":{\"@id\":\"https:\\\/\\\/eurotrail.info\\\/producten\\\/slaapzakken-matten\\\/slaapzakken\\\/chili-400\\\/#primaryimage\"},\"image\":{\"@id\":\"https:\\\/\\\/eurotrail.info\\\/producten\\\/slaapzakken-matten\\\/slaapzakken\\\/chili-400\\\/#primaryimage\"},\"thumbnailUrl\":\"https:\\\/\\\/eurotrail.info\\\/wp\\\/wp-content\\\/uploads\\\/2016\\\/03\\\/Eurotrail-slaapzak-Chili-400-1.jpg\",\"datePublished\":\"2023-01-04T13:20:19+00:00\",\"description\":\"Este c\u00f3modo saco de dormir es un modelo de manta y est\u00e1 hecho de poli\u00e9ster especialmente procesado (con acabado de melocot\u00f3n) que se siente muy suave y agradable en la piel.\",\"breadcrumb\":{\"@id\":\"https:\\\/\\\/eurotrail.info\\\/producten\\\/slaapzakken-matten\\\/slaapzakken\\\/chili-400\\\/#breadcrumb\"},\"inLanguage\":\"es-ES\",\"potentialAction\":[{\"@type\":\"ReadAction\",\"target\":[\"https:\\\/\\\/eurotrail.info\\\/producten\\\/slaapzakken-matten\\\/slaapzakken\\\/chili-400\\\/\"]}]},{\"@type\":\"ImageObject\",\"inLanguage\":\"es-ES\",\"@id\":\"https:\\\/\\\/eurotrail.info\\\/producten\\\/slaapzakken-matten\\\/slaapzakken\\\/chili-400\\\/#primaryimage\",\"url\":\"https:\\\/\\\/eurotrail.info\\\/wp\\\/wp-content\\\/uploads\\\/2016\\\/03\\\/Eurotrail-slaapzak-Chili-400-1.jpg\",\"contentUrl\":\"https:\\\/\\\/eurotrail.info\\\/wp\\\/wp-content\\\/uploads\\\/2016\\\/03\\\/Eurotrail-slaapzak-Chili-400-1.jpg\",\"width\":1772,\"height\":984,\"caption\":\"comfortabele slaapzak geschikt voor koude nachten.\"},{\"@type\":\"BreadcrumbList\",\"@id\":\"https:\\\/\\\/eurotrail.info\\\/producten\\\/slaapzakken-matten\\\/slaapzakken\\\/chili-400\\\/#breadcrumb\",\"itemListElement\":[{\"@type\":\"ListItem\",\"position\":1,\"name\":\"Home\",\"item\":\"https:\\\/\\\/eurotrail.info\\\/es\\\/\"},{\"@type\":\"ListItem\",\"position\":2,\"name\":\"Productos\",\"item\":\"https:\\\/\\\/eurotrail.info\\\/es\\\/productos\\\/\"},{\"@type\":\"ListItem\",\"position\":3,\"name\":\"Chili 400\"}]},{\"@type\":\"WebSite\",\"@id\":\"https:\\\/\\\/eurotrail.info\\\/#website\",\"url\":\"https:\\\/\\\/eurotrail.info\\\/\",\"name\":\"Eurotrail | The way we camp!\",\"description\":\"\",\"publisher\":{\"@id\":\"https:\\\/\\\/eurotrail.info\\\/#organization\"},\"potentialAction\":[{\"@type\":\"SearchAction\",\"target\":{\"@type\":\"EntryPoint\",\"urlTemplate\":\"https:\\\/\\\/eurotrail.info\\\/?s={search_term_string}\"},\"query-input\":{\"@type\":\"PropertyValueSpecification\",\"valueRequired\":true,\"valueName\":\"search_term_string\"}}],\"inLanguage\":\"es-ES\"},{\"@type\":\"Organization\",\"@id\":\"https:\\\/\\\/eurotrail.info\\\/#organization\",\"name\":\"Eurotrail | The way we camp!\",\"url\":\"https:\\\/\\\/eurotrail.info\\\/\",\"logo\":{\"@type\":\"ImageObject\",\"inLanguage\":\"es-ES\",\"@id\":\"https:\\\/\\\/eurotrail.info\\\/#\\\/schema\\\/logo\\\/image\\\/\",\"url\":\"https:\\\/\\\/eurotrail.info\\\/wp\\\/wp-content\\\/uploads\\\/2023\\\/07\\\/ET-logo-quote_NL-scaled.jpg\",\"contentUrl\":\"https:\\\/\\\/eurotrail.info\\\/wp\\\/wp-content\\\/uploads\\\/2023\\\/07\\\/ET-logo-quote_NL-scaled.jpg\",\"width\":2560,\"height\":675,\"caption\":\"Eurotrail | The way we camp!\"},\"image\":{\"@id\":\"https:\\\/\\\/eurotrail.info\\\/#\\\/schema\\\/logo\\\/image\\\/\"}}]}<\/script>\n<!-- \/ Yoast SEO plugin. -->","yoast_head_json":{"title":"Chili 400 - Eurotrail | The way we camp!","description":"Este c\u00f3modo saco de dormir es un modelo de manta y est\u00e1 hecho de poli\u00e9ster especialmente procesado (con acabado de melocot\u00f3n) que se siente muy suave y agradable en la piel.","robots":{"index":"index","follow":"follow","max-snippet":"max-snippet:-1","max-image-preview":"max-image-preview:large","max-video-preview":"max-video-preview:-1"},"canonical":"https:\/\/eurotrail.info\/producten\/slaapzakken-matten\/slaapzakken\/chili-400\/","og_locale":"es_ES","og_type":"article","og_title":"Chili 400 - Eurotrail | The way we camp!","og_description":"Este c\u00f3modo saco de dormir es un modelo de manta y est\u00e1 hecho de poli\u00e9ster especialmente procesado (con acabado de melocot\u00f3n) que se siente muy suave y agradable en la piel.","og_url":"https:\/\/eurotrail.info\/producten\/slaapzakken-matten\/slaapzakken\/chili-400\/","og_site_name":"Eurotrail | The way we camp!","og_image":[{"width":1772,"height":984,"url":"https:\/\/eurotrail.info\/wp\/wp-content\/uploads\/2016\/03\/Eurotrail-slaapzak-Chili-400-1.jpg","type":"image\/jpeg"}],"twitter_card":"summary_large_image","twitter_misc":{"Tiempo de lectura":"2 minutes"},"schema":{"@context":"https:\/\/schema.org","@graph":[{"@type":"WebPage","@id":"https:\/\/eurotrail.info\/producten\/slaapzakken-matten\/slaapzakken\/chili-400\/","url":"https:\/\/eurotrail.info\/producten\/slaapzakken-matten\/slaapzakken\/chili-400\/","name":"Chili 400 - Eurotrail | The way we camp!","isPartOf":{"@id":"https:\/\/eurotrail.info\/#website"},"primaryImageOfPage":{"@id":"https:\/\/eurotrail.info\/producten\/slaapzakken-matten\/slaapzakken\/chili-400\/#primaryimage"},"image":{"@id":"https:\/\/eurotrail.info\/producten\/slaapzakken-matten\/slaapzakken\/chili-400\/#primaryimage"},"thumbnailUrl":"https:\/\/eurotrail.info\/wp\/wp-content\/uploads\/2016\/03\/Eurotrail-slaapzak-Chili-400-1.jpg","datePublished":"2023-01-04T13:20:19+00:00","description":"Este c\u00f3modo saco de dormir es un modelo de manta y est\u00e1 hecho de poli\u00e9ster especialmente procesado (con acabado de melocot\u00f3n) que se siente muy suave y agradable en la piel.","breadcrumb":{"@id":"https:\/\/eurotrail.info\/producten\/slaapzakken-matten\/slaapzakken\/chili-400\/#breadcrumb"},"inLanguage":"es-ES","potentialAction":[{"@type":"ReadAction","target":["https:\/\/eurotrail.info\/producten\/slaapzakken-matten\/slaapzakken\/chili-400\/"]}]},{"@type":"ImageObject","inLanguage":"es-ES","@id":"https:\/\/eurotrail.info\/producten\/slaapzakken-matten\/slaapzakken\/chili-400\/#primaryimage","url":"https:\/\/eurotrail.info\/wp\/wp-content\/uploads\/2016\/03\/Eurotrail-slaapzak-Chili-400-1.jpg","contentUrl":"https:\/\/eurotrail.info\/wp\/wp-content\/uploads\/2016\/03\/Eurotrail-slaapzak-Chili-400-1.jpg","width":1772,"height":984,"caption":"comfortabele slaapzak geschikt voor koude nachten."},{"@type":"BreadcrumbList","@id":"https:\/\/eurotrail.info\/producten\/slaapzakken-matten\/slaapzakken\/chili-400\/#breadcrumb","itemListElement":[{"@type":"ListItem","position":1,"name":"Home","item":"https:\/\/eurotrail.info\/es\/"},{"@type":"ListItem","position":2,"name":"Productos","item":"https:\/\/eurotrail.info\/es\/productos\/"},{"@type":"ListItem","position":3,"name":"Chili 400"}]},{"@type":"WebSite","@id":"https:\/\/eurotrail.info\/#website","url":"https:\/\/eurotrail.info\/","name":"Eurotrail | The way we camp!","description":"","publisher":{"@id":"https:\/\/eurotrail.info\/#organization"},"potentialAction":[{"@type":"SearchAction","target":{"@type":"EntryPoint","urlTemplate":"https:\/\/eurotrail.info\/?s={search_term_string}"},"query-input":{"@type":"PropertyValueSpecification","valueRequired":true,"valueName":"search_term_string"}}],"inLanguage":"es-ES"},{"@type":"Organization","@id":"https:\/\/eurotrail.info\/#organization","name":"Eurotrail | The way we camp!","url":"https:\/\/eurotrail.info\/","logo":{"@type":"ImageObject","inLanguage":"es-ES","@id":"https:\/\/eurotrail.info\/#\/schema\/logo\/image\/","url":"https:\/\/eurotrail.info\/wp\/wp-content\/uploads\/2023\/07\/ET-logo-quote_NL-scaled.jpg","contentUrl":"https:\/\/eurotrail.info\/wp\/wp-content\/uploads\/2023\/07\/ET-logo-quote_NL-scaled.jpg","width":2560,"height":675,"caption":"Eurotrail | The way we camp!"},"image":{"@id":"https:\/\/eurotrail.info\/#\/schema\/logo\/image\/"}}]}},"_links":{"self":[{"href":"https:\/\/eurotrail.info\/es\/wp-json\/wp\/v2\/product\/20954","targetHints":{"allow":["GET"]}}],"collection":[{"href":"https:\/\/eurotrail.info\/es\/wp-json\/wp\/v2\/product"}],"about":[{"href":"https:\/\/eurotrail.info\/es\/wp-json\/wp\/v2\/types\/product"}],"replies":[{"embeddable":true,"href":"https:\/\/eurotrail.info\/es\/wp-json\/wp\/v2\/comments?post=20954"}],"wp:featuredmedia":[{"embeddable":true,"href":"https:\/\/eurotrail.info\/es\/wp-json\/wp\/v2\/media\/16501"}],"wp:attachment":[{"href":"https:\/\/eurotrail.info\/es\/wp-json\/wp\/v2\/media?parent=20954"}],"wp:term":[{"taxonomy":"product_brand","embeddable":true,"href":"https:\/\/eurotrail.info\/es\/wp-json\/wp\/v2\/product_brand?post=20954"},{"taxonomy":"product_cat","embeddable":true,"href":"https:\/\/eurotrail.info\/es\/wp-json\/wp\/v2\/product_cat?post=20954"},{"taxonomy":"product_tag","embeddable":true,"href":"https:\/\/eurotrail.info\/es\/wp-json\/wp\/v2\/product_tag?post=20954"}],"curies":[{"name":"wp","href":"https:\/\/api.w.org\/{rel}","templated":true}]}}