{"id":20955,"date":"2016-03-04T13:57:13","date_gmt":"2023-01-04T13:21:48","guid":{"rendered":"https:\/\/eurotrail.info\/?post_type=product&#038;p=20955"},"modified":"2023-01-04T14:21:48","modified_gmt":"2023-01-04T13:21:48","slug":"antarctic-600","status":"publish","type":"product","link":"https:\/\/eurotrail.info\/es\/producten\/bolsas-de-dormir\/bolsas-de-dormir-es\/antarctic-600\/","title":{"rendered":"Antarctic 600"},"content":{"rendered":"<p>Saco de dormir tipo manta adecuado para principios de primavera y oto\u00f1o, donde las heladas nocturnas son una posibilidad real.<\/p>\n<p>El saco de dormir est\u00e1 hecho de un poli\u00e9ster especialmente procesado (con acabado de melocot\u00f3n) que se siente muy suave y agradable en la piel, es transpirable y repelente al agua. Equipado con relleno de fibra hueca SLII (Supreme Loft II) de 600gr\/m\u00b2. Este grueso relleno garantiza que permanezcas agradablemente abrigado por la noche, incluso a temperaturas bajo cero. El mejor confort o temperatura ambiente de este saco de dormir es de alrededor de -3\/-6\u00b0 C.<\/p>\n<p>El Ant\u00e1rtico se puede cerrar con cremallera y, por lo tanto, es f\u00e1cil de combinar en un saco de dormir doble. El saco de dormir ideal para llevar contigo durante tus vacaciones de camping o cuando te quedas en alg\u00fan lugar. Despu\u00e9s de su uso, el saco de dormir es adecuado para lavarlo en la lavadora. Te aconsejamos no centrifugarlo y dejarlo secar fuera de la lavadora. F\u00e1cil y pr\u00e1ctico de guardar en la manga de compresi\u00f3n suministrada.<\/p>\n<p>Detalles: construcci\u00f3n de 2 capas, tira de tiro detr\u00e1s de la cremallera, bolsillo para documentos, manga de compresi\u00f3n<\/p>\n<p>Tama\u00f1o: 210x80cm<br \/>\nRevestimiento exterior: PES Poli\u00e9ster tacto suave 230 T<br \/>\nForro interior: poli\u00e9ster PES soft touch 210 T<br \/>\nRelleno: 600 gr\/m\u00b2. Fibra hueca SLII.<br \/>\nPeso: aproximadamente 2800 gr.<\/p>\n<p>Rango de temperatura: 6\/-6\/-15\u00b0C.<\/p>\n","protected":false},"excerpt":{"rendered":"<p>Saco de dormir tipo manta adecuado para principios de primavera y oto\u00f1o, donde las heladas nocturnas son una posibilidad real. El saco de dormir est\u00e1&hellip;<\/p>\n","protected":false},"featured_media":16499,"comment_status":"open","ping_status":"closed","template":"","meta":{"_acf_changed":false},"product_brand":[],"product_cat":[368],"product_tag":[],"class_list":{"0":"post-20955","1":"product","2":"type-product","3":"status-publish","4":"has-post-thumbnail","6":"product_cat-bolsas-de-dormir-es","8":"first","9":"instock","10":"shipping-taxable","11":"product-type-simple"},"acf":[],"yoast_head":"<!-- This site is optimized with the Yoast SEO plugin v27.3 - https:\/\/yoast.com\/product\/yoast-seo-wordpress\/ -->\n<title>Antarctic 600 - Eurotrail | The way we camp!<\/title>\n<meta name=\"description\" content=\"Saco de dormir tipo manta adecuado para principios de primavera y oto\u00f1o, donde las heladas nocturnas son una posibilidad real.\" \/>\n<meta name=\"robots\" content=\"index, follow, max-snippet:-1, max-image-preview:large, max-video-preview:-1\" \/>\n<link rel=\"canonical\" href=\"https:\/\/eurotrail.info\/producten\/slaapzakken-matten\/slaapzakken\/antarctic-600\/\" \/>\n<meta property=\"og:locale\" content=\"es_ES\" \/>\n<meta property=\"og:type\" content=\"article\" \/>\n<meta property=\"og:title\" content=\"Antarctic 600 - Eurotrail | The way we camp!\" \/>\n<meta property=\"og:description\" content=\"Saco de dormir tipo manta adecuado para principios de primavera y oto\u00f1o, donde las heladas nocturnas son una posibilidad real.\" \/>\n<meta property=\"og:url\" content=\"https:\/\/eurotrail.info\/producten\/slaapzakken-matten\/slaapzakken\/antarctic-600\/\" \/>\n<meta property=\"og:site_name\" content=\"Eurotrail | The way we camp!\" \/>\n<meta property=\"og:image\" content=\"https:\/\/eurotrail.info\/wp\/wp-content\/uploads\/2016\/03\/Eurotrail-slaapzak-Antarctic-600.jpg\" \/>\n\t<meta property=\"og:image:width\" content=\"1772\" \/>\n\t<meta property=\"og:image:height\" content=\"984\" \/>\n\t<meta property=\"og:image:type\" content=\"image\/jpeg\" \/>\n<meta name=\"twitter:card\" content=\"summary_large_image\" \/>\n<meta name=\"twitter:label1\" content=\"Tiempo de lectura\" \/>\n\t<meta name=\"twitter:data1\" content=\"2 minutes\" \/>\n<script type=\"application\/ld+json\" class=\"yoast-schema-graph\">{\"@context\":\"https:\\\/\\\/schema.org\",\"@graph\":[{\"@type\":\"WebPage\",\"@id\":\"https:\\\/\\\/eurotrail.info\\\/producten\\\/slaapzakken-matten\\\/slaapzakken\\\/antarctic-600\\\/\",\"url\":\"https:\\\/\\\/eurotrail.info\\\/producten\\\/slaapzakken-matten\\\/slaapzakken\\\/antarctic-600\\\/\",\"name\":\"Antarctic 600 - Eurotrail | The way we camp!\",\"isPartOf\":{\"@id\":\"https:\\\/\\\/eurotrail.info\\\/#website\"},\"primaryImageOfPage\":{\"@id\":\"https:\\\/\\\/eurotrail.info\\\/producten\\\/slaapzakken-matten\\\/slaapzakken\\\/antarctic-600\\\/#primaryimage\"},\"image\":{\"@id\":\"https:\\\/\\\/eurotrail.info\\\/producten\\\/slaapzakken-matten\\\/slaapzakken\\\/antarctic-600\\\/#primaryimage\"},\"thumbnailUrl\":\"https:\\\/\\\/eurotrail.info\\\/wp\\\/wp-content\\\/uploads\\\/2016\\\/03\\\/Eurotrail-slaapzak-Antarctic-600.jpg\",\"datePublished\":\"2023-01-04T13:21:48+00:00\",\"description\":\"Saco de dormir tipo manta adecuado para principios de primavera y oto\u00f1o, donde las heladas nocturnas son una posibilidad real.\",\"breadcrumb\":{\"@id\":\"https:\\\/\\\/eurotrail.info\\\/producten\\\/slaapzakken-matten\\\/slaapzakken\\\/antarctic-600\\\/#breadcrumb\"},\"inLanguage\":\"es-ES\",\"potentialAction\":[{\"@type\":\"ReadAction\",\"target\":[\"https:\\\/\\\/eurotrail.info\\\/producten\\\/slaapzakken-matten\\\/slaapzakken\\\/antarctic-600\\\/\"]}]},{\"@type\":\"ImageObject\",\"inLanguage\":\"es-ES\",\"@id\":\"https:\\\/\\\/eurotrail.info\\\/producten\\\/slaapzakken-matten\\\/slaapzakken\\\/antarctic-600\\\/#primaryimage\",\"url\":\"https:\\\/\\\/eurotrail.info\\\/wp\\\/wp-content\\\/uploads\\\/2016\\\/03\\\/Eurotrail-slaapzak-Antarctic-600.jpg\",\"contentUrl\":\"https:\\\/\\\/eurotrail.info\\\/wp\\\/wp-content\\\/uploads\\\/2016\\\/03\\\/Eurotrail-slaapzak-Antarctic-600.jpg\",\"width\":1772,\"height\":984,\"caption\":\"heerlijk warme slaapzak geschikt voor voor en na seizoen.\"},{\"@type\":\"BreadcrumbList\",\"@id\":\"https:\\\/\\\/eurotrail.info\\\/producten\\\/slaapzakken-matten\\\/slaapzakken\\\/antarctic-600\\\/#breadcrumb\",\"itemListElement\":[{\"@type\":\"ListItem\",\"position\":1,\"name\":\"Home\",\"item\":\"https:\\\/\\\/eurotrail.info\\\/es\\\/\"},{\"@type\":\"ListItem\",\"position\":2,\"name\":\"Productos\",\"item\":\"https:\\\/\\\/eurotrail.info\\\/es\\\/productos\\\/\"},{\"@type\":\"ListItem\",\"position\":3,\"name\":\"Antarctic 600\"}]},{\"@type\":\"WebSite\",\"@id\":\"https:\\\/\\\/eurotrail.info\\\/#website\",\"url\":\"https:\\\/\\\/eurotrail.info\\\/\",\"name\":\"Eurotrail | The way we camp!\",\"description\":\"\",\"publisher\":{\"@id\":\"https:\\\/\\\/eurotrail.info\\\/#organization\"},\"potentialAction\":[{\"@type\":\"SearchAction\",\"target\":{\"@type\":\"EntryPoint\",\"urlTemplate\":\"https:\\\/\\\/eurotrail.info\\\/?s={search_term_string}\"},\"query-input\":{\"@type\":\"PropertyValueSpecification\",\"valueRequired\":true,\"valueName\":\"search_term_string\"}}],\"inLanguage\":\"es-ES\"},{\"@type\":\"Organization\",\"@id\":\"https:\\\/\\\/eurotrail.info\\\/#organization\",\"name\":\"Eurotrail | The way we camp!\",\"url\":\"https:\\\/\\\/eurotrail.info\\\/\",\"logo\":{\"@type\":\"ImageObject\",\"inLanguage\":\"es-ES\",\"@id\":\"https:\\\/\\\/eurotrail.info\\\/#\\\/schema\\\/logo\\\/image\\\/\",\"url\":\"https:\\\/\\\/eurotrail.info\\\/wp\\\/wp-content\\\/uploads\\\/2023\\\/07\\\/ET-logo-quote_NL-scaled.jpg\",\"contentUrl\":\"https:\\\/\\\/eurotrail.info\\\/wp\\\/wp-content\\\/uploads\\\/2023\\\/07\\\/ET-logo-quote_NL-scaled.jpg\",\"width\":2560,\"height\":675,\"caption\":\"Eurotrail | The way we camp!\"},\"image\":{\"@id\":\"https:\\\/\\\/eurotrail.info\\\/#\\\/schema\\\/logo\\\/image\\\/\"}}]}<\/script>\n<!-- \/ Yoast SEO plugin. -->","yoast_head_json":{"title":"Antarctic 600 - Eurotrail | The way we camp!","description":"Saco de dormir tipo manta adecuado para principios de primavera y oto\u00f1o, donde las heladas nocturnas son una posibilidad real.","robots":{"index":"index","follow":"follow","max-snippet":"max-snippet:-1","max-image-preview":"max-image-preview:large","max-video-preview":"max-video-preview:-1"},"canonical":"https:\/\/eurotrail.info\/producten\/slaapzakken-matten\/slaapzakken\/antarctic-600\/","og_locale":"es_ES","og_type":"article","og_title":"Antarctic 600 - Eurotrail | The way we camp!","og_description":"Saco de dormir tipo manta adecuado para principios de primavera y oto\u00f1o, donde las heladas nocturnas son una posibilidad real.","og_url":"https:\/\/eurotrail.info\/producten\/slaapzakken-matten\/slaapzakken\/antarctic-600\/","og_site_name":"Eurotrail | The way we camp!","og_image":[{"width":1772,"height":984,"url":"https:\/\/eurotrail.info\/wp\/wp-content\/uploads\/2016\/03\/Eurotrail-slaapzak-Antarctic-600.jpg","type":"image\/jpeg"}],"twitter_card":"summary_large_image","twitter_misc":{"Tiempo de lectura":"2 minutes"},"schema":{"@context":"https:\/\/schema.org","@graph":[{"@type":"WebPage","@id":"https:\/\/eurotrail.info\/producten\/slaapzakken-matten\/slaapzakken\/antarctic-600\/","url":"https:\/\/eurotrail.info\/producten\/slaapzakken-matten\/slaapzakken\/antarctic-600\/","name":"Antarctic 600 - Eurotrail | The way we camp!","isPartOf":{"@id":"https:\/\/eurotrail.info\/#website"},"primaryImageOfPage":{"@id":"https:\/\/eurotrail.info\/producten\/slaapzakken-matten\/slaapzakken\/antarctic-600\/#primaryimage"},"image":{"@id":"https:\/\/eurotrail.info\/producten\/slaapzakken-matten\/slaapzakken\/antarctic-600\/#primaryimage"},"thumbnailUrl":"https:\/\/eurotrail.info\/wp\/wp-content\/uploads\/2016\/03\/Eurotrail-slaapzak-Antarctic-600.jpg","datePublished":"2023-01-04T13:21:48+00:00","description":"Saco de dormir tipo manta adecuado para principios de primavera y oto\u00f1o, donde las heladas nocturnas son una posibilidad real.","breadcrumb":{"@id":"https:\/\/eurotrail.info\/producten\/slaapzakken-matten\/slaapzakken\/antarctic-600\/#breadcrumb"},"inLanguage":"es-ES","potentialAction":[{"@type":"ReadAction","target":["https:\/\/eurotrail.info\/producten\/slaapzakken-matten\/slaapzakken\/antarctic-600\/"]}]},{"@type":"ImageObject","inLanguage":"es-ES","@id":"https:\/\/eurotrail.info\/producten\/slaapzakken-matten\/slaapzakken\/antarctic-600\/#primaryimage","url":"https:\/\/eurotrail.info\/wp\/wp-content\/uploads\/2016\/03\/Eurotrail-slaapzak-Antarctic-600.jpg","contentUrl":"https:\/\/eurotrail.info\/wp\/wp-content\/uploads\/2016\/03\/Eurotrail-slaapzak-Antarctic-600.jpg","width":1772,"height":984,"caption":"heerlijk warme slaapzak geschikt voor voor en na seizoen."},{"@type":"BreadcrumbList","@id":"https:\/\/eurotrail.info\/producten\/slaapzakken-matten\/slaapzakken\/antarctic-600\/#breadcrumb","itemListElement":[{"@type":"ListItem","position":1,"name":"Home","item":"https:\/\/eurotrail.info\/es\/"},{"@type":"ListItem","position":2,"name":"Productos","item":"https:\/\/eurotrail.info\/es\/productos\/"},{"@type":"ListItem","position":3,"name":"Antarctic 600"}]},{"@type":"WebSite","@id":"https:\/\/eurotrail.info\/#website","url":"https:\/\/eurotrail.info\/","name":"Eurotrail | The way we camp!","description":"","publisher":{"@id":"https:\/\/eurotrail.info\/#organization"},"potentialAction":[{"@type":"SearchAction","target":{"@type":"EntryPoint","urlTemplate":"https:\/\/eurotrail.info\/?s={search_term_string}"},"query-input":{"@type":"PropertyValueSpecification","valueRequired":true,"valueName":"search_term_string"}}],"inLanguage":"es-ES"},{"@type":"Organization","@id":"https:\/\/eurotrail.info\/#organization","name":"Eurotrail | The way we camp!","url":"https:\/\/eurotrail.info\/","logo":{"@type":"ImageObject","inLanguage":"es-ES","@id":"https:\/\/eurotrail.info\/#\/schema\/logo\/image\/","url":"https:\/\/eurotrail.info\/wp\/wp-content\/uploads\/2023\/07\/ET-logo-quote_NL-scaled.jpg","contentUrl":"https:\/\/eurotrail.info\/wp\/wp-content\/uploads\/2023\/07\/ET-logo-quote_NL-scaled.jpg","width":2560,"height":675,"caption":"Eurotrail | The way we camp!"},"image":{"@id":"https:\/\/eurotrail.info\/#\/schema\/logo\/image\/"}}]}},"_links":{"self":[{"href":"https:\/\/eurotrail.info\/es\/wp-json\/wp\/v2\/product\/20955","targetHints":{"allow":["GET"]}}],"collection":[{"href":"https:\/\/eurotrail.info\/es\/wp-json\/wp\/v2\/product"}],"about":[{"href":"https:\/\/eurotrail.info\/es\/wp-json\/wp\/v2\/types\/product"}],"replies":[{"embeddable":true,"href":"https:\/\/eurotrail.info\/es\/wp-json\/wp\/v2\/comments?post=20955"}],"wp:featuredmedia":[{"embeddable":true,"href":"https:\/\/eurotrail.info\/es\/wp-json\/wp\/v2\/media\/16499"}],"wp:attachment":[{"href":"https:\/\/eurotrail.info\/es\/wp-json\/wp\/v2\/media?parent=20955"}],"wp:term":[{"taxonomy":"product_brand","embeddable":true,"href":"https:\/\/eurotrail.info\/es\/wp-json\/wp\/v2\/product_brand?post=20955"},{"taxonomy":"product_cat","embeddable":true,"href":"https:\/\/eurotrail.info\/es\/wp-json\/wp\/v2\/product_cat?post=20955"},{"taxonomy":"product_tag","embeddable":true,"href":"https:\/\/eurotrail.info\/es\/wp-json\/wp\/v2\/product_tag?post=20955"}],"curies":[{"name":"wp","href":"https:\/\/api.w.org\/{rel}","templated":true}]}}