{"id":20958,"date":"2016-03-04T14:17:13","date_gmt":"2023-01-04T13:29:02","guid":{"rendered":"https:\/\/eurotrail.info\/?post_type=product&#038;p=20958"},"modified":"2023-01-04T14:29:02","modified_gmt":"2023-01-04T13:29:02","slug":"blackdown-con-forro-polar","status":"publish","type":"product","link":"https:\/\/eurotrail.info\/es\/producten\/bolsas-de-dormir\/bolsas-de-dormir-es\/blackdown-con-forro-polar\/","title":{"rendered":"Blackdown con forro polar"},"content":{"rendered":"<p>Saco de dormir muy espacioso y c\u00f3modo con un suave forro de franela.<br \/>\nEste saco de dormir es muy adecuado para la caravana o el coche. Las amplias dimensiones aseguran que puede girar f\u00e1cilmente por la noche mientras duerme y no se ver\u00e1 obstaculizado. El \u00e1rea de la capucha ofrece mucha protecci\u00f3n para la cabeza y una superficie suave.<\/p>\n<p>Tama\u00f1o: 240x90cm<br \/>\nFunda exterior: 65% poli\u00e9ster\/ 35% algod\u00f3n<br \/>\nForro interior: 100% algod\u00f3n suave<br \/>\nRelleno: 2 x 150 gr\/m\u00b2. SLII Fibra hueca, construcci\u00f3n de 2 capas.<br \/>\nPeso: aproximadamente 3400 gr.<\/p>\n<p>Temperatura: 15\/-8\/-10\u2070C<\/p>\n","protected":false},"excerpt":{"rendered":"<p>Saco de dormir muy espacioso y c\u00f3modo con un suave forro de franela. Este saco de dormir es muy adecuado para la caravana o el&hellip;<\/p>\n","protected":false},"featured_media":17740,"comment_status":"open","ping_status":"closed","template":"","meta":{"_acf_changed":false},"product_brand":[],"product_cat":[368],"product_tag":[],"class_list":{"0":"post-20958","1":"product","2":"type-product","3":"status-publish","4":"has-post-thumbnail","6":"product_cat-bolsas-de-dormir-es","8":"first","9":"instock","10":"shipping-taxable","11":"product-type-simple"},"acf":[],"yoast_head":"<!-- This site is optimized with the Yoast SEO plugin v27.4 - https:\/\/yoast.com\/product\/yoast-seo-wordpress\/ -->\n<title>Blackdown con forro polar - Eurotrail | The way we camp!<\/title>\n<meta name=\"description\" content=\"Saco de dormir muy espacioso y c\u00f3modo con un suave forro de franela.Este saco de dormir es muy adecuado para la caravana o el coche.\" \/>\n<meta name=\"robots\" content=\"index, follow, max-snippet:-1, max-image-preview:large, max-video-preview:-1\" \/>\n<link rel=\"canonical\" href=\"https:\/\/eurotrail.info\/producten\/slaapzakken-matten\/slaapzakken\/blackdown\/\" \/>\n<meta property=\"og:locale\" content=\"es_ES\" \/>\n<meta property=\"og:type\" content=\"article\" \/>\n<meta property=\"og:title\" content=\"Blackdown con forro polar - Eurotrail | The way we camp!\" \/>\n<meta property=\"og:description\" content=\"Saco de dormir muy espacioso y c\u00f3modo con un suave forro de franela.Este saco de dormir es muy adecuado para la caravana o el coche.\" \/>\n<meta property=\"og:url\" content=\"https:\/\/eurotrail.info\/producten\/slaapzakken-matten\/slaapzakken\/blackdown\/\" \/>\n<meta property=\"og:site_name\" content=\"Eurotrail | The way we camp!\" \/>\n<meta property=\"og:image\" content=\"https:\/\/eurotrail.info\/wp\/wp-content\/uploads\/2016\/03\/blackdown.jpg\" \/>\n\t<meta property=\"og:image:width\" content=\"2411\" \/>\n\t<meta property=\"og:image:height\" content=\"1293\" \/>\n\t<meta property=\"og:image:type\" content=\"image\/jpeg\" \/>\n<meta name=\"twitter:card\" content=\"summary_large_image\" \/>\n<meta name=\"twitter:label1\" content=\"Tiempo de lectura\" \/>\n\t<meta name=\"twitter:data1\" content=\"1 minute\" \/>\n<script type=\"application\/ld+json\" class=\"yoast-schema-graph\">{\"@context\":\"https:\\\/\\\/schema.org\",\"@graph\":[{\"@type\":\"WebPage\",\"@id\":\"https:\\\/\\\/eurotrail.info\\\/producten\\\/slaapzakken-matten\\\/slaapzakken\\\/blackdown\\\/\",\"url\":\"https:\\\/\\\/eurotrail.info\\\/producten\\\/slaapzakken-matten\\\/slaapzakken\\\/blackdown\\\/\",\"name\":\"Blackdown con forro polar - Eurotrail | The way we camp!\",\"isPartOf\":{\"@id\":\"https:\\\/\\\/eurotrail.info\\\/#website\"},\"primaryImageOfPage\":{\"@id\":\"https:\\\/\\\/eurotrail.info\\\/producten\\\/slaapzakken-matten\\\/slaapzakken\\\/blackdown\\\/#primaryimage\"},\"image\":{\"@id\":\"https:\\\/\\\/eurotrail.info\\\/producten\\\/slaapzakken-matten\\\/slaapzakken\\\/blackdown\\\/#primaryimage\"},\"thumbnailUrl\":\"https:\\\/\\\/eurotrail.info\\\/wp\\\/wp-content\\\/uploads\\\/2016\\\/03\\\/blackdown.jpg\",\"datePublished\":\"2023-01-04T13:29:02+00:00\",\"description\":\"Saco de dormir muy espacioso y c\u00f3modo con un suave forro de franela.Este saco de dormir es muy adecuado para la caravana o el coche.\",\"breadcrumb\":{\"@id\":\"https:\\\/\\\/eurotrail.info\\\/producten\\\/slaapzakken-matten\\\/slaapzakken\\\/blackdown\\\/#breadcrumb\"},\"inLanguage\":\"es-ES\",\"potentialAction\":[{\"@type\":\"ReadAction\",\"target\":[\"https:\\\/\\\/eurotrail.info\\\/producten\\\/slaapzakken-matten\\\/slaapzakken\\\/blackdown\\\/\"]}]},{\"@type\":\"ImageObject\",\"inLanguage\":\"es-ES\",\"@id\":\"https:\\\/\\\/eurotrail.info\\\/producten\\\/slaapzakken-matten\\\/slaapzakken\\\/blackdown\\\/#primaryimage\",\"url\":\"https:\\\/\\\/eurotrail.info\\\/wp\\\/wp-content\\\/uploads\\\/2016\\\/03\\\/blackdown.jpg\",\"contentUrl\":\"https:\\\/\\\/eurotrail.info\\\/wp\\\/wp-content\\\/uploads\\\/2016\\\/03\\\/blackdown.jpg\",\"width\":2411,\"height\":1293,\"caption\":\"Ruime slaapzak met capuchon een voorzien van een zachte katoenen voering.\"},{\"@type\":\"BreadcrumbList\",\"@id\":\"https:\\\/\\\/eurotrail.info\\\/producten\\\/slaapzakken-matten\\\/slaapzakken\\\/blackdown\\\/#breadcrumb\",\"itemListElement\":[{\"@type\":\"ListItem\",\"position\":1,\"name\":\"Home\",\"item\":\"https:\\\/\\\/eurotrail.info\\\/es\\\/\"},{\"@type\":\"ListItem\",\"position\":2,\"name\":\"Productos\",\"item\":\"https:\\\/\\\/eurotrail.info\\\/es\\\/productos\\\/\"},{\"@type\":\"ListItem\",\"position\":3,\"name\":\"Blackdown con forro polar\"}]},{\"@type\":\"WebSite\",\"@id\":\"https:\\\/\\\/eurotrail.info\\\/#website\",\"url\":\"https:\\\/\\\/eurotrail.info\\\/\",\"name\":\"Eurotrail | The way we camp!\",\"description\":\"\",\"publisher\":{\"@id\":\"https:\\\/\\\/eurotrail.info\\\/#organization\"},\"potentialAction\":[{\"@type\":\"SearchAction\",\"target\":{\"@type\":\"EntryPoint\",\"urlTemplate\":\"https:\\\/\\\/eurotrail.info\\\/?s={search_term_string}\"},\"query-input\":{\"@type\":\"PropertyValueSpecification\",\"valueRequired\":true,\"valueName\":\"search_term_string\"}}],\"inLanguage\":\"es-ES\"},{\"@type\":\"Organization\",\"@id\":\"https:\\\/\\\/eurotrail.info\\\/#organization\",\"name\":\"Eurotrail | The way we camp!\",\"url\":\"https:\\\/\\\/eurotrail.info\\\/\",\"logo\":{\"@type\":\"ImageObject\",\"inLanguage\":\"es-ES\",\"@id\":\"https:\\\/\\\/eurotrail.info\\\/#\\\/schema\\\/logo\\\/image\\\/\",\"url\":\"https:\\\/\\\/eurotrail.info\\\/wp\\\/wp-content\\\/uploads\\\/2023\\\/07\\\/ET-logo-quote_NL-scaled.jpg\",\"contentUrl\":\"https:\\\/\\\/eurotrail.info\\\/wp\\\/wp-content\\\/uploads\\\/2023\\\/07\\\/ET-logo-quote_NL-scaled.jpg\",\"width\":2560,\"height\":675,\"caption\":\"Eurotrail | The way we camp!\"},\"image\":{\"@id\":\"https:\\\/\\\/eurotrail.info\\\/#\\\/schema\\\/logo\\\/image\\\/\"}}]}<\/script>\n<!-- \/ Yoast SEO plugin. -->","yoast_head_json":{"title":"Blackdown con forro polar - Eurotrail | The way we camp!","description":"Saco de dormir muy espacioso y c\u00f3modo con un suave forro de franela.Este saco de dormir es muy adecuado para la caravana o el coche.","robots":{"index":"index","follow":"follow","max-snippet":"max-snippet:-1","max-image-preview":"max-image-preview:large","max-video-preview":"max-video-preview:-1"},"canonical":"https:\/\/eurotrail.info\/producten\/slaapzakken-matten\/slaapzakken\/blackdown\/","og_locale":"es_ES","og_type":"article","og_title":"Blackdown con forro polar - Eurotrail | The way we camp!","og_description":"Saco de dormir muy espacioso y c\u00f3modo con un suave forro de franela.Este saco de dormir es muy adecuado para la caravana o el coche.","og_url":"https:\/\/eurotrail.info\/producten\/slaapzakken-matten\/slaapzakken\/blackdown\/","og_site_name":"Eurotrail | The way we camp!","og_image":[{"width":2411,"height":1293,"url":"https:\/\/eurotrail.info\/wp\/wp-content\/uploads\/2016\/03\/blackdown.jpg","type":"image\/jpeg"}],"twitter_card":"summary_large_image","twitter_misc":{"Tiempo de lectura":"1 minute"},"schema":{"@context":"https:\/\/schema.org","@graph":[{"@type":"WebPage","@id":"https:\/\/eurotrail.info\/producten\/slaapzakken-matten\/slaapzakken\/blackdown\/","url":"https:\/\/eurotrail.info\/producten\/slaapzakken-matten\/slaapzakken\/blackdown\/","name":"Blackdown con forro polar - Eurotrail | The way we camp!","isPartOf":{"@id":"https:\/\/eurotrail.info\/#website"},"primaryImageOfPage":{"@id":"https:\/\/eurotrail.info\/producten\/slaapzakken-matten\/slaapzakken\/blackdown\/#primaryimage"},"image":{"@id":"https:\/\/eurotrail.info\/producten\/slaapzakken-matten\/slaapzakken\/blackdown\/#primaryimage"},"thumbnailUrl":"https:\/\/eurotrail.info\/wp\/wp-content\/uploads\/2016\/03\/blackdown.jpg","datePublished":"2023-01-04T13:29:02+00:00","description":"Saco de dormir muy espacioso y c\u00f3modo con un suave forro de franela.Este saco de dormir es muy adecuado para la caravana o el coche.","breadcrumb":{"@id":"https:\/\/eurotrail.info\/producten\/slaapzakken-matten\/slaapzakken\/blackdown\/#breadcrumb"},"inLanguage":"es-ES","potentialAction":[{"@type":"ReadAction","target":["https:\/\/eurotrail.info\/producten\/slaapzakken-matten\/slaapzakken\/blackdown\/"]}]},{"@type":"ImageObject","inLanguage":"es-ES","@id":"https:\/\/eurotrail.info\/producten\/slaapzakken-matten\/slaapzakken\/blackdown\/#primaryimage","url":"https:\/\/eurotrail.info\/wp\/wp-content\/uploads\/2016\/03\/blackdown.jpg","contentUrl":"https:\/\/eurotrail.info\/wp\/wp-content\/uploads\/2016\/03\/blackdown.jpg","width":2411,"height":1293,"caption":"Ruime slaapzak met capuchon een voorzien van een zachte katoenen voering."},{"@type":"BreadcrumbList","@id":"https:\/\/eurotrail.info\/producten\/slaapzakken-matten\/slaapzakken\/blackdown\/#breadcrumb","itemListElement":[{"@type":"ListItem","position":1,"name":"Home","item":"https:\/\/eurotrail.info\/es\/"},{"@type":"ListItem","position":2,"name":"Productos","item":"https:\/\/eurotrail.info\/es\/productos\/"},{"@type":"ListItem","position":3,"name":"Blackdown con forro polar"}]},{"@type":"WebSite","@id":"https:\/\/eurotrail.info\/#website","url":"https:\/\/eurotrail.info\/","name":"Eurotrail | The way we camp!","description":"","publisher":{"@id":"https:\/\/eurotrail.info\/#organization"},"potentialAction":[{"@type":"SearchAction","target":{"@type":"EntryPoint","urlTemplate":"https:\/\/eurotrail.info\/?s={search_term_string}"},"query-input":{"@type":"PropertyValueSpecification","valueRequired":true,"valueName":"search_term_string"}}],"inLanguage":"es-ES"},{"@type":"Organization","@id":"https:\/\/eurotrail.info\/#organization","name":"Eurotrail | The way we camp!","url":"https:\/\/eurotrail.info\/","logo":{"@type":"ImageObject","inLanguage":"es-ES","@id":"https:\/\/eurotrail.info\/#\/schema\/logo\/image\/","url":"https:\/\/eurotrail.info\/wp\/wp-content\/uploads\/2023\/07\/ET-logo-quote_NL-scaled.jpg","contentUrl":"https:\/\/eurotrail.info\/wp\/wp-content\/uploads\/2023\/07\/ET-logo-quote_NL-scaled.jpg","width":2560,"height":675,"caption":"Eurotrail | The way we camp!"},"image":{"@id":"https:\/\/eurotrail.info\/#\/schema\/logo\/image\/"}}]}},"_links":{"self":[{"href":"https:\/\/eurotrail.info\/es\/wp-json\/wp\/v2\/product\/20958","targetHints":{"allow":["GET"]}}],"collection":[{"href":"https:\/\/eurotrail.info\/es\/wp-json\/wp\/v2\/product"}],"about":[{"href":"https:\/\/eurotrail.info\/es\/wp-json\/wp\/v2\/types\/product"}],"replies":[{"embeddable":true,"href":"https:\/\/eurotrail.info\/es\/wp-json\/wp\/v2\/comments?post=20958"}],"wp:featuredmedia":[{"embeddable":true,"href":"https:\/\/eurotrail.info\/es\/wp-json\/wp\/v2\/media\/17740"}],"wp:attachment":[{"href":"https:\/\/eurotrail.info\/es\/wp-json\/wp\/v2\/media?parent=20958"}],"wp:term":[{"taxonomy":"product_brand","embeddable":true,"href":"https:\/\/eurotrail.info\/es\/wp-json\/wp\/v2\/product_brand?post=20958"},{"taxonomy":"product_cat","embeddable":true,"href":"https:\/\/eurotrail.info\/es\/wp-json\/wp\/v2\/product_cat?post=20958"},{"taxonomy":"product_tag","embeddable":true,"href":"https:\/\/eurotrail.info\/es\/wp-json\/wp\/v2\/product_tag?post=20958"}],"curies":[{"name":"wp","href":"https:\/\/api.w.org\/{rel}","templated":true}]}}