{"id":20959,"date":"2017-02-13T14:00:56","date_gmt":"2023-01-04T13:31:32","guid":{"rendered":"https:\/\/eurotrail.info\/?post_type=product&#038;p=20959"},"modified":"2023-01-04T14:31:32","modified_gmt":"2023-01-04T13:31:32","slug":"katmandu-momia","status":"publish","type":"product","link":"https:\/\/eurotrail.info\/es\/producten\/bolsas-de-dormir\/bolsas-de-dormir-es\/katmandu-momia\/","title":{"rendered":"Katmandu momia"},"content":{"rendered":"<p>El Kathmandu tiene un forro maravillosamente suave y un exterior de poli\u00e9ster repelente al agua.<br \/>\nEl interior est\u00e1 hecho de poli\u00e9ster\/algod\u00f3n maravillosamente suave y le proporcionar\u00e1 suficiente comodidad durante la noche. El Kathmandu tiene una tira cortavientos detr\u00e1s de la cremallera y un cuello cortavientos en los hombros que puedes ponerte en las noches fr\u00edas para mantener el calor.<\/p>\n<p>Tejido exterior: 100% poli\u00e9ster<br \/>\nForro: poli\u00e9ster\/algod\u00f3n<br \/>\nRelleno: Poli\u00e9ster SLII de 350 gr\/m2<br \/>\nTama\u00f1o: 230x80x55cm<br \/>\nEmbalado: 40x\u00d825cm (comprimido 25x\u00d825cm)<\/p>\n<p>Rango de temperatura: 16\/0\/-6\u2070C<\/p>\n","protected":false},"excerpt":{"rendered":"<p>El Kathmandu tiene un forro maravillosamente suave y un exterior de poli\u00e9ster repelente al agua. El interior est\u00e1 hecho de poli\u00e9ster\/algod\u00f3n maravillosamente suave y le&hellip;<\/p>\n","protected":false},"featured_media":17781,"comment_status":"open","ping_status":"closed","template":"","meta":{"_acf_changed":false},"product_brand":[],"product_cat":[368],"product_tag":[],"class_list":{"0":"post-20959","1":"product","2":"type-product","3":"status-publish","4":"has-post-thumbnail","6":"product_cat-bolsas-de-dormir-es","8":"first","9":"instock","10":"shipping-taxable","11":"product-type-simple"},"acf":[],"yoast_head":"<!-- This site is optimized with the Yoast SEO plugin v27.4 - https:\/\/yoast.com\/product\/yoast-seo-wordpress\/ -->\n<title>Katmandu momia - Eurotrail | The way we camp!<\/title>\n<meta name=\"description\" content=\"un forro maravillosamente suave y un exterior de poli\u00e9ster repelente al agua.El interior est\u00e1 hecho de poli\u00e9ster\/algod\u00f3n maravillosamente suave y le proporcionar\u00e1 suficiente comodidad durante la noche.\" \/>\n<meta name=\"robots\" content=\"index, follow, max-snippet:-1, max-image-preview:large, max-video-preview:-1\" \/>\n<link rel=\"canonical\" href=\"https:\/\/eurotrail.info\/producten\/slaapzakken-matten\/slaapzakken\/kathmandu\/\" \/>\n<meta property=\"og:locale\" content=\"es_ES\" \/>\n<meta property=\"og:type\" content=\"article\" \/>\n<meta property=\"og:title\" content=\"Katmandu momia - Eurotrail | The way we camp!\" \/>\n<meta property=\"og:description\" content=\"un forro maravillosamente suave y un exterior de poli\u00e9ster repelente al agua.El interior est\u00e1 hecho de poli\u00e9ster\/algod\u00f3n maravillosamente suave y le proporcionar\u00e1 suficiente comodidad durante la noche.\" \/>\n<meta property=\"og:url\" content=\"https:\/\/eurotrail.info\/producten\/slaapzakken-matten\/slaapzakken\/kathmandu\/\" \/>\n<meta property=\"og:site_name\" content=\"Eurotrail | The way we camp!\" \/>\n<meta property=\"og:image\" content=\"https:\/\/eurotrail.info\/wp\/wp-content\/uploads\/2017\/02\/ETSB0161-Kathmandu.jpg\" \/>\n\t<meta property=\"og:image:width\" content=\"850\" \/>\n\t<meta property=\"og:image:height\" content=\"309\" \/>\n\t<meta property=\"og:image:type\" content=\"image\/jpeg\" \/>\n<meta name=\"twitter:card\" content=\"summary_large_image\" \/>\n<meta name=\"twitter:label1\" content=\"Tiempo de lectura\" \/>\n\t<meta name=\"twitter:data1\" content=\"1 minute\" \/>\n<script type=\"application\/ld+json\" class=\"yoast-schema-graph\">{\"@context\":\"https:\\\/\\\/schema.org\",\"@graph\":[{\"@type\":\"WebPage\",\"@id\":\"https:\\\/\\\/eurotrail.info\\\/producten\\\/slaapzakken-matten\\\/slaapzakken\\\/kathmandu\\\/\",\"url\":\"https:\\\/\\\/eurotrail.info\\\/producten\\\/slaapzakken-matten\\\/slaapzakken\\\/kathmandu\\\/\",\"name\":\"Katmandu momia - Eurotrail | The way we camp!\",\"isPartOf\":{\"@id\":\"https:\\\/\\\/eurotrail.info\\\/#website\"},\"primaryImageOfPage\":{\"@id\":\"https:\\\/\\\/eurotrail.info\\\/producten\\\/slaapzakken-matten\\\/slaapzakken\\\/kathmandu\\\/#primaryimage\"},\"image\":{\"@id\":\"https:\\\/\\\/eurotrail.info\\\/producten\\\/slaapzakken-matten\\\/slaapzakken\\\/kathmandu\\\/#primaryimage\"},\"thumbnailUrl\":\"https:\\\/\\\/eurotrail.info\\\/wp\\\/wp-content\\\/uploads\\\/2017\\\/02\\\/ETSB0161-Kathmandu.jpg\",\"datePublished\":\"2023-01-04T13:31:32+00:00\",\"description\":\"un forro maravillosamente suave y un exterior de poli\u00e9ster repelente al agua.El interior est\u00e1 hecho de poli\u00e9ster\\\/algod\u00f3n maravillosamente suave y le proporcionar\u00e1 suficiente comodidad durante la noche.\",\"breadcrumb\":{\"@id\":\"https:\\\/\\\/eurotrail.info\\\/producten\\\/slaapzakken-matten\\\/slaapzakken\\\/kathmandu\\\/#breadcrumb\"},\"inLanguage\":\"es-ES\",\"potentialAction\":[{\"@type\":\"ReadAction\",\"target\":[\"https:\\\/\\\/eurotrail.info\\\/producten\\\/slaapzakken-matten\\\/slaapzakken\\\/kathmandu\\\/\"]}]},{\"@type\":\"ImageObject\",\"inLanguage\":\"es-ES\",\"@id\":\"https:\\\/\\\/eurotrail.info\\\/producten\\\/slaapzakken-matten\\\/slaapzakken\\\/kathmandu\\\/#primaryimage\",\"url\":\"https:\\\/\\\/eurotrail.info\\\/wp\\\/wp-content\\\/uploads\\\/2017\\\/02\\\/ETSB0161-Kathmandu.jpg\",\"contentUrl\":\"https:\\\/\\\/eurotrail.info\\\/wp\\\/wp-content\\\/uploads\\\/2017\\\/02\\\/ETSB0161-Kathmandu.jpg\",\"width\":850,\"height\":309,\"caption\":\"Comfortabele mummy slaapzak met poly\\\/katoenen voeren en SLII vulling.\"},{\"@type\":\"BreadcrumbList\",\"@id\":\"https:\\\/\\\/eurotrail.info\\\/producten\\\/slaapzakken-matten\\\/slaapzakken\\\/kathmandu\\\/#breadcrumb\",\"itemListElement\":[{\"@type\":\"ListItem\",\"position\":1,\"name\":\"Home\",\"item\":\"https:\\\/\\\/eurotrail.info\\\/es\\\/\"},{\"@type\":\"ListItem\",\"position\":2,\"name\":\"Productos\",\"item\":\"https:\\\/\\\/eurotrail.info\\\/es\\\/productos\\\/\"},{\"@type\":\"ListItem\",\"position\":3,\"name\":\"Katmandu momia\"}]},{\"@type\":\"WebSite\",\"@id\":\"https:\\\/\\\/eurotrail.info\\\/#website\",\"url\":\"https:\\\/\\\/eurotrail.info\\\/\",\"name\":\"Eurotrail | The way we camp!\",\"description\":\"\",\"publisher\":{\"@id\":\"https:\\\/\\\/eurotrail.info\\\/#organization\"},\"potentialAction\":[{\"@type\":\"SearchAction\",\"target\":{\"@type\":\"EntryPoint\",\"urlTemplate\":\"https:\\\/\\\/eurotrail.info\\\/?s={search_term_string}\"},\"query-input\":{\"@type\":\"PropertyValueSpecification\",\"valueRequired\":true,\"valueName\":\"search_term_string\"}}],\"inLanguage\":\"es-ES\"},{\"@type\":\"Organization\",\"@id\":\"https:\\\/\\\/eurotrail.info\\\/#organization\",\"name\":\"Eurotrail | The way we camp!\",\"url\":\"https:\\\/\\\/eurotrail.info\\\/\",\"logo\":{\"@type\":\"ImageObject\",\"inLanguage\":\"es-ES\",\"@id\":\"https:\\\/\\\/eurotrail.info\\\/#\\\/schema\\\/logo\\\/image\\\/\",\"url\":\"https:\\\/\\\/eurotrail.info\\\/wp\\\/wp-content\\\/uploads\\\/2023\\\/07\\\/ET-logo-quote_NL-scaled.jpg\",\"contentUrl\":\"https:\\\/\\\/eurotrail.info\\\/wp\\\/wp-content\\\/uploads\\\/2023\\\/07\\\/ET-logo-quote_NL-scaled.jpg\",\"width\":2560,\"height\":675,\"caption\":\"Eurotrail | The way we camp!\"},\"image\":{\"@id\":\"https:\\\/\\\/eurotrail.info\\\/#\\\/schema\\\/logo\\\/image\\\/\"}}]}<\/script>\n<!-- \/ Yoast SEO plugin. -->","yoast_head_json":{"title":"Katmandu momia - Eurotrail | The way we camp!","description":"un forro maravillosamente suave y un exterior de poli\u00e9ster repelente al agua.El interior est\u00e1 hecho de poli\u00e9ster\/algod\u00f3n maravillosamente suave y le proporcionar\u00e1 suficiente comodidad durante la noche.","robots":{"index":"index","follow":"follow","max-snippet":"max-snippet:-1","max-image-preview":"max-image-preview:large","max-video-preview":"max-video-preview:-1"},"canonical":"https:\/\/eurotrail.info\/producten\/slaapzakken-matten\/slaapzakken\/kathmandu\/","og_locale":"es_ES","og_type":"article","og_title":"Katmandu momia - Eurotrail | The way we camp!","og_description":"un forro maravillosamente suave y un exterior de poli\u00e9ster repelente al agua.El interior est\u00e1 hecho de poli\u00e9ster\/algod\u00f3n maravillosamente suave y le proporcionar\u00e1 suficiente comodidad durante la noche.","og_url":"https:\/\/eurotrail.info\/producten\/slaapzakken-matten\/slaapzakken\/kathmandu\/","og_site_name":"Eurotrail | The way we camp!","og_image":[{"width":850,"height":309,"url":"https:\/\/eurotrail.info\/wp\/wp-content\/uploads\/2017\/02\/ETSB0161-Kathmandu.jpg","type":"image\/jpeg"}],"twitter_card":"summary_large_image","twitter_misc":{"Tiempo de lectura":"1 minute"},"schema":{"@context":"https:\/\/schema.org","@graph":[{"@type":"WebPage","@id":"https:\/\/eurotrail.info\/producten\/slaapzakken-matten\/slaapzakken\/kathmandu\/","url":"https:\/\/eurotrail.info\/producten\/slaapzakken-matten\/slaapzakken\/kathmandu\/","name":"Katmandu momia - Eurotrail | The way we camp!","isPartOf":{"@id":"https:\/\/eurotrail.info\/#website"},"primaryImageOfPage":{"@id":"https:\/\/eurotrail.info\/producten\/slaapzakken-matten\/slaapzakken\/kathmandu\/#primaryimage"},"image":{"@id":"https:\/\/eurotrail.info\/producten\/slaapzakken-matten\/slaapzakken\/kathmandu\/#primaryimage"},"thumbnailUrl":"https:\/\/eurotrail.info\/wp\/wp-content\/uploads\/2017\/02\/ETSB0161-Kathmandu.jpg","datePublished":"2023-01-04T13:31:32+00:00","description":"un forro maravillosamente suave y un exterior de poli\u00e9ster repelente al agua.El interior est\u00e1 hecho de poli\u00e9ster\/algod\u00f3n maravillosamente suave y le proporcionar\u00e1 suficiente comodidad durante la noche.","breadcrumb":{"@id":"https:\/\/eurotrail.info\/producten\/slaapzakken-matten\/slaapzakken\/kathmandu\/#breadcrumb"},"inLanguage":"es-ES","potentialAction":[{"@type":"ReadAction","target":["https:\/\/eurotrail.info\/producten\/slaapzakken-matten\/slaapzakken\/kathmandu\/"]}]},{"@type":"ImageObject","inLanguage":"es-ES","@id":"https:\/\/eurotrail.info\/producten\/slaapzakken-matten\/slaapzakken\/kathmandu\/#primaryimage","url":"https:\/\/eurotrail.info\/wp\/wp-content\/uploads\/2017\/02\/ETSB0161-Kathmandu.jpg","contentUrl":"https:\/\/eurotrail.info\/wp\/wp-content\/uploads\/2017\/02\/ETSB0161-Kathmandu.jpg","width":850,"height":309,"caption":"Comfortabele mummy slaapzak met poly\/katoenen voeren en SLII vulling."},{"@type":"BreadcrumbList","@id":"https:\/\/eurotrail.info\/producten\/slaapzakken-matten\/slaapzakken\/kathmandu\/#breadcrumb","itemListElement":[{"@type":"ListItem","position":1,"name":"Home","item":"https:\/\/eurotrail.info\/es\/"},{"@type":"ListItem","position":2,"name":"Productos","item":"https:\/\/eurotrail.info\/es\/productos\/"},{"@type":"ListItem","position":3,"name":"Katmandu momia"}]},{"@type":"WebSite","@id":"https:\/\/eurotrail.info\/#website","url":"https:\/\/eurotrail.info\/","name":"Eurotrail | The way we camp!","description":"","publisher":{"@id":"https:\/\/eurotrail.info\/#organization"},"potentialAction":[{"@type":"SearchAction","target":{"@type":"EntryPoint","urlTemplate":"https:\/\/eurotrail.info\/?s={search_term_string}"},"query-input":{"@type":"PropertyValueSpecification","valueRequired":true,"valueName":"search_term_string"}}],"inLanguage":"es-ES"},{"@type":"Organization","@id":"https:\/\/eurotrail.info\/#organization","name":"Eurotrail | The way we camp!","url":"https:\/\/eurotrail.info\/","logo":{"@type":"ImageObject","inLanguage":"es-ES","@id":"https:\/\/eurotrail.info\/#\/schema\/logo\/image\/","url":"https:\/\/eurotrail.info\/wp\/wp-content\/uploads\/2023\/07\/ET-logo-quote_NL-scaled.jpg","contentUrl":"https:\/\/eurotrail.info\/wp\/wp-content\/uploads\/2023\/07\/ET-logo-quote_NL-scaled.jpg","width":2560,"height":675,"caption":"Eurotrail | The way we camp!"},"image":{"@id":"https:\/\/eurotrail.info\/#\/schema\/logo\/image\/"}}]}},"_links":{"self":[{"href":"https:\/\/eurotrail.info\/es\/wp-json\/wp\/v2\/product\/20959","targetHints":{"allow":["GET"]}}],"collection":[{"href":"https:\/\/eurotrail.info\/es\/wp-json\/wp\/v2\/product"}],"about":[{"href":"https:\/\/eurotrail.info\/es\/wp-json\/wp\/v2\/types\/product"}],"replies":[{"embeddable":true,"href":"https:\/\/eurotrail.info\/es\/wp-json\/wp\/v2\/comments?post=20959"}],"wp:featuredmedia":[{"embeddable":true,"href":"https:\/\/eurotrail.info\/es\/wp-json\/wp\/v2\/media\/17781"}],"wp:attachment":[{"href":"https:\/\/eurotrail.info\/es\/wp-json\/wp\/v2\/media?parent=20959"}],"wp:term":[{"taxonomy":"product_brand","embeddable":true,"href":"https:\/\/eurotrail.info\/es\/wp-json\/wp\/v2\/product_brand?post=20959"},{"taxonomy":"product_cat","embeddable":true,"href":"https:\/\/eurotrail.info\/es\/wp-json\/wp\/v2\/product_cat?post=20959"},{"taxonomy":"product_tag","embeddable":true,"href":"https:\/\/eurotrail.info\/es\/wp-json\/wp\/v2\/product_tag?post=20959"}],"curies":[{"name":"wp","href":"https:\/\/api.w.org\/{rel}","templated":true}]}}