{"id":21078,"date":"2023-01-18T10:27:15","date_gmt":"2023-01-18T09:27:15","guid":{"rendered":"https:\/\/eurotrail.info\/producten\/iowa-btc-air-inflable\/"},"modified":"2023-07-27T16:14:55","modified_gmt":"2023-07-27T15:14:55","slug":"iowa-btc-air-inflable","status":"publish","type":"product","link":"https:\/\/eurotrail.info\/es\/producten\/carpas\/carpas-transpirables-btc\/iowa-btc-air-inflable\/","title":{"rendered":"IOWA BTC Air inflable"},"content":{"rendered":"<p><span lang=\"FR\">La Iowa BTC Air es una tienda de campa\u00f1a para 3 personas con una amplia sala de estar. La mosca est\u00e1 hecha de poli\u00e9ster\/algod\u00f3n transpirable para un clima perfecto en la tienda. El Iowa viene con el sistema de inflado AirTube para una forma r\u00e1pida y sencilla de instalar la carpa. La tienda interior ofrece suficiente espacio para 3 personas y est\u00e1 equipada con bolsillos de almacenamiento. La sala de estar est\u00e1 a la altura de las personas y ofrece suficiente espacio para una mesa y sillas. Grandes ventanales con tapa y al lado de la entrada principal tambi\u00e9n hay una puerta lateral que tiene una puerta extra de malla para ventilaci\u00f3n. El suelo fijo mantiene fuera el agua y las alima\u00f1as. El toldo ofrece un lugar ideal para sentarse fuera del sol o la lluvia.<\/span><\/p>\n<p><a href=\"https:\/\/youtu.be\/kF6QduBW0Vk\">YouTube manual Iowa Air<\/a><\/p>\n<p><strong>Iowa <\/strong><strong>Aluminio\u00a0<\/strong><br \/>\n\u00a1Este modelo tambi\u00e9n est\u00e1 disponible con postes de arco de aluminio de \u00d8 13 mm! (ETTE1111 Iowa BTC Alu, peso 16,5 kg.)<\/p>\n<p>Tejido exterior: Poli\u00e9ster\/algod\u00f3n 65\/35 % material transpirable<br \/>\nTienda interior: 100% Poli\u00e9ster<br \/>\nParte inferior: 100 % poli\u00e9ster Oxford de 5000 mm como m\u00ednimo<br \/>\nTubos de aire: \u00d8 10cm<br \/>\nPoste del dosel: \u00d8 7,9 mm aluminio<br \/>\nTama\u00f1o: 490x240x190cm<br \/>\nAltura: 190cm<br \/>\nPeso: 21,8 kg.<br \/>\nEmbalado: 80x50x35cm<\/p>\n","protected":false},"excerpt":{"rendered":"<p>La Iowa BTC Air es una tienda de campa\u00f1a para 3 personas con una amplia sala de estar. La mosca est\u00e1 hecha de poli\u00e9ster\/algod\u00f3n transpirable&hellip;<\/p>\n","protected":false},"featured_media":21069,"comment_status":"open","ping_status":"closed","template":"","meta":{"_acf_changed":false},"product_brand":[],"product_cat":[370,371,374],"product_tag":[],"class_list":{"0":"post-21078","1":"product","2":"type-product","3":"status-publish","4":"has-post-thumbnail","6":"product_cat-carpas","7":"product_cat-carpas-inflables-airtube","8":"product_cat-carpas-transpirables-btc","10":"first","11":"instock","12":"shipping-taxable","13":"product-type-simple"},"acf":[],"yoast_head":"<!-- This site is optimized with the Yoast SEO plugin v27.4 - https:\/\/yoast.com\/product\/yoast-seo-wordpress\/ -->\n<title>IOWA BTC Air inflable - Eurotrail | The way we camp!<\/title>\n<meta name=\"robots\" content=\"index, follow, max-snippet:-1, max-image-preview:large, max-video-preview:-1\" \/>\n<link rel=\"canonical\" href=\"https:\/\/eurotrail.info\/es\/producten\/carpas\/carpas-transpirables-btc\/iowa-btc-air-inflable\/\" \/>\n<meta property=\"og:locale\" content=\"es_ES\" \/>\n<meta property=\"og:type\" content=\"article\" \/>\n<meta property=\"og:title\" content=\"IOWA BTC Air inflable - Eurotrail | The way we camp!\" \/>\n<meta property=\"og:description\" content=\"La Iowa BTC Air es una tienda de campa\u00f1a para 3 personas con una amplia sala de estar. La mosca est\u00e1 hecha de poli\u00e9ster\/algod\u00f3n transpirable&hellip;\" \/>\n<meta property=\"og:url\" content=\"https:\/\/eurotrail.info\/es\/producten\/carpas\/carpas-transpirables-btc\/iowa-btc-air-inflable\/\" \/>\n<meta property=\"og:site_name\" content=\"Eurotrail | The way we camp!\" \/>\n<meta property=\"article:modified_time\" content=\"2023-07-27T15:14:55+00:00\" \/>\n<meta property=\"og:image\" content=\"https:\/\/eurotrail.info\/wp\/wp-content\/uploads\/2023\/01\/ETTE1121-Iowa-Air_sfeer-scaled.jpg\" \/>\n\t<meta property=\"og:image:width\" content=\"2560\" \/>\n\t<meta property=\"og:image:height\" content=\"1707\" \/>\n\t<meta property=\"og:image:type\" content=\"image\/jpeg\" \/>\n<meta name=\"twitter:card\" content=\"summary_large_image\" \/>\n<meta name=\"twitter:label1\" content=\"Tiempo de lectura\" \/>\n\t<meta name=\"twitter:data1\" content=\"2 minutes\" \/>\n<script type=\"application\/ld+json\" class=\"yoast-schema-graph\">{\"@context\":\"https:\\\/\\\/schema.org\",\"@graph\":[{\"@type\":\"WebPage\",\"@id\":\"https:\\\/\\\/eurotrail.info\\\/es\\\/producten\\\/carpas\\\/carpas-transpirables-btc\\\/iowa-btc-air-inflable\\\/\",\"url\":\"https:\\\/\\\/eurotrail.info\\\/es\\\/producten\\\/carpas\\\/carpas-transpirables-btc\\\/iowa-btc-air-inflable\\\/\",\"name\":\"IOWA BTC Air inflable - Eurotrail | The way we camp!\",\"isPartOf\":{\"@id\":\"https:\\\/\\\/eurotrail.info\\\/#website\"},\"primaryImageOfPage\":{\"@id\":\"https:\\\/\\\/eurotrail.info\\\/es\\\/producten\\\/carpas\\\/carpas-transpirables-btc\\\/iowa-btc-air-inflable\\\/#primaryimage\"},\"image\":{\"@id\":\"https:\\\/\\\/eurotrail.info\\\/es\\\/producten\\\/carpas\\\/carpas-transpirables-btc\\\/iowa-btc-air-inflable\\\/#primaryimage\"},\"thumbnailUrl\":\"https:\\\/\\\/eurotrail.info\\\/wp\\\/wp-content\\\/uploads\\\/2023\\\/01\\\/ETTE1121-Iowa-Air_sfeer-scaled.jpg\",\"datePublished\":\"2023-01-18T09:27:15+00:00\",\"dateModified\":\"2023-07-27T15:14:55+00:00\",\"breadcrumb\":{\"@id\":\"https:\\\/\\\/eurotrail.info\\\/es\\\/producten\\\/carpas\\\/carpas-transpirables-btc\\\/iowa-btc-air-inflable\\\/#breadcrumb\"},\"inLanguage\":\"es-ES\",\"potentialAction\":[{\"@type\":\"ReadAction\",\"target\":[\"https:\\\/\\\/eurotrail.info\\\/es\\\/producten\\\/carpas\\\/carpas-transpirables-btc\\\/iowa-btc-air-inflable\\\/\"]}]},{\"@type\":\"ImageObject\",\"inLanguage\":\"es-ES\",\"@id\":\"https:\\\/\\\/eurotrail.info\\\/es\\\/producten\\\/carpas\\\/carpas-transpirables-btc\\\/iowa-btc-air-inflable\\\/#primaryimage\",\"url\":\"https:\\\/\\\/eurotrail.info\\\/wp\\\/wp-content\\\/uploads\\\/2023\\\/01\\\/ETTE1121-Iowa-Air_sfeer-scaled.jpg\",\"contentUrl\":\"https:\\\/\\\/eurotrail.info\\\/wp\\\/wp-content\\\/uploads\\\/2023\\\/01\\\/ETTE1121-Iowa-Air_sfeer-scaled.jpg\",\"width\":2560,\"height\":1707,\"caption\":\"Eurotrail Iowa Air familietent\"},{\"@type\":\"BreadcrumbList\",\"@id\":\"https:\\\/\\\/eurotrail.info\\\/es\\\/producten\\\/carpas\\\/carpas-transpirables-btc\\\/iowa-btc-air-inflable\\\/#breadcrumb\",\"itemListElement\":[{\"@type\":\"ListItem\",\"position\":1,\"name\":\"Home\",\"item\":\"https:\\\/\\\/eurotrail.info\\\/es\\\/\"},{\"@type\":\"ListItem\",\"position\":2,\"name\":\"Productos\",\"item\":\"https:\\\/\\\/eurotrail.info\\\/es\\\/productos\\\/\"},{\"@type\":\"ListItem\",\"position\":3,\"name\":\"IOWA BTC Air inflable\"}]},{\"@type\":\"WebSite\",\"@id\":\"https:\\\/\\\/eurotrail.info\\\/#website\",\"url\":\"https:\\\/\\\/eurotrail.info\\\/\",\"name\":\"Eurotrail | The way we camp!\",\"description\":\"\",\"publisher\":{\"@id\":\"https:\\\/\\\/eurotrail.info\\\/#organization\"},\"potentialAction\":[{\"@type\":\"SearchAction\",\"target\":{\"@type\":\"EntryPoint\",\"urlTemplate\":\"https:\\\/\\\/eurotrail.info\\\/?s={search_term_string}\"},\"query-input\":{\"@type\":\"PropertyValueSpecification\",\"valueRequired\":true,\"valueName\":\"search_term_string\"}}],\"inLanguage\":\"es-ES\"},{\"@type\":\"Organization\",\"@id\":\"https:\\\/\\\/eurotrail.info\\\/#organization\",\"name\":\"Eurotrail | The way we camp!\",\"url\":\"https:\\\/\\\/eurotrail.info\\\/\",\"logo\":{\"@type\":\"ImageObject\",\"inLanguage\":\"es-ES\",\"@id\":\"https:\\\/\\\/eurotrail.info\\\/#\\\/schema\\\/logo\\\/image\\\/\",\"url\":\"https:\\\/\\\/eurotrail.info\\\/wp\\\/wp-content\\\/uploads\\\/2023\\\/07\\\/ET-logo-quote_NL-scaled.jpg\",\"contentUrl\":\"https:\\\/\\\/eurotrail.info\\\/wp\\\/wp-content\\\/uploads\\\/2023\\\/07\\\/ET-logo-quote_NL-scaled.jpg\",\"width\":2560,\"height\":675,\"caption\":\"Eurotrail | The way we camp!\"},\"image\":{\"@id\":\"https:\\\/\\\/eurotrail.info\\\/#\\\/schema\\\/logo\\\/image\\\/\"}}]}<\/script>\n<!-- \/ Yoast SEO plugin. -->","yoast_head_json":{"title":"IOWA BTC Air inflable - Eurotrail | The way we camp!","robots":{"index":"index","follow":"follow","max-snippet":"max-snippet:-1","max-image-preview":"max-image-preview:large","max-video-preview":"max-video-preview:-1"},"canonical":"https:\/\/eurotrail.info\/es\/producten\/carpas\/carpas-transpirables-btc\/iowa-btc-air-inflable\/","og_locale":"es_ES","og_type":"article","og_title":"IOWA BTC Air inflable - Eurotrail | The way we camp!","og_description":"La Iowa BTC Air es una tienda de campa\u00f1a para 3 personas con una amplia sala de estar. La mosca est\u00e1 hecha de poli\u00e9ster\/algod\u00f3n transpirable&hellip;","og_url":"https:\/\/eurotrail.info\/es\/producten\/carpas\/carpas-transpirables-btc\/iowa-btc-air-inflable\/","og_site_name":"Eurotrail | The way we camp!","article_modified_time":"2023-07-27T15:14:55+00:00","og_image":[{"width":2560,"height":1707,"url":"https:\/\/eurotrail.info\/wp\/wp-content\/uploads\/2023\/01\/ETTE1121-Iowa-Air_sfeer-scaled.jpg","type":"image\/jpeg"}],"twitter_card":"summary_large_image","twitter_misc":{"Tiempo de lectura":"2 minutes"},"schema":{"@context":"https:\/\/schema.org","@graph":[{"@type":"WebPage","@id":"https:\/\/eurotrail.info\/es\/producten\/carpas\/carpas-transpirables-btc\/iowa-btc-air-inflable\/","url":"https:\/\/eurotrail.info\/es\/producten\/carpas\/carpas-transpirables-btc\/iowa-btc-air-inflable\/","name":"IOWA BTC Air inflable - Eurotrail | The way we camp!","isPartOf":{"@id":"https:\/\/eurotrail.info\/#website"},"primaryImageOfPage":{"@id":"https:\/\/eurotrail.info\/es\/producten\/carpas\/carpas-transpirables-btc\/iowa-btc-air-inflable\/#primaryimage"},"image":{"@id":"https:\/\/eurotrail.info\/es\/producten\/carpas\/carpas-transpirables-btc\/iowa-btc-air-inflable\/#primaryimage"},"thumbnailUrl":"https:\/\/eurotrail.info\/wp\/wp-content\/uploads\/2023\/01\/ETTE1121-Iowa-Air_sfeer-scaled.jpg","datePublished":"2023-01-18T09:27:15+00:00","dateModified":"2023-07-27T15:14:55+00:00","breadcrumb":{"@id":"https:\/\/eurotrail.info\/es\/producten\/carpas\/carpas-transpirables-btc\/iowa-btc-air-inflable\/#breadcrumb"},"inLanguage":"es-ES","potentialAction":[{"@type":"ReadAction","target":["https:\/\/eurotrail.info\/es\/producten\/carpas\/carpas-transpirables-btc\/iowa-btc-air-inflable\/"]}]},{"@type":"ImageObject","inLanguage":"es-ES","@id":"https:\/\/eurotrail.info\/es\/producten\/carpas\/carpas-transpirables-btc\/iowa-btc-air-inflable\/#primaryimage","url":"https:\/\/eurotrail.info\/wp\/wp-content\/uploads\/2023\/01\/ETTE1121-Iowa-Air_sfeer-scaled.jpg","contentUrl":"https:\/\/eurotrail.info\/wp\/wp-content\/uploads\/2023\/01\/ETTE1121-Iowa-Air_sfeer-scaled.jpg","width":2560,"height":1707,"caption":"Eurotrail Iowa Air familietent"},{"@type":"BreadcrumbList","@id":"https:\/\/eurotrail.info\/es\/producten\/carpas\/carpas-transpirables-btc\/iowa-btc-air-inflable\/#breadcrumb","itemListElement":[{"@type":"ListItem","position":1,"name":"Home","item":"https:\/\/eurotrail.info\/es\/"},{"@type":"ListItem","position":2,"name":"Productos","item":"https:\/\/eurotrail.info\/es\/productos\/"},{"@type":"ListItem","position":3,"name":"IOWA BTC Air inflable"}]},{"@type":"WebSite","@id":"https:\/\/eurotrail.info\/#website","url":"https:\/\/eurotrail.info\/","name":"Eurotrail | The way we camp!","description":"","publisher":{"@id":"https:\/\/eurotrail.info\/#organization"},"potentialAction":[{"@type":"SearchAction","target":{"@type":"EntryPoint","urlTemplate":"https:\/\/eurotrail.info\/?s={search_term_string}"},"query-input":{"@type":"PropertyValueSpecification","valueRequired":true,"valueName":"search_term_string"}}],"inLanguage":"es-ES"},{"@type":"Organization","@id":"https:\/\/eurotrail.info\/#organization","name":"Eurotrail | The way we camp!","url":"https:\/\/eurotrail.info\/","logo":{"@type":"ImageObject","inLanguage":"es-ES","@id":"https:\/\/eurotrail.info\/#\/schema\/logo\/image\/","url":"https:\/\/eurotrail.info\/wp\/wp-content\/uploads\/2023\/07\/ET-logo-quote_NL-scaled.jpg","contentUrl":"https:\/\/eurotrail.info\/wp\/wp-content\/uploads\/2023\/07\/ET-logo-quote_NL-scaled.jpg","width":2560,"height":675,"caption":"Eurotrail | The way we camp!"},"image":{"@id":"https:\/\/eurotrail.info\/#\/schema\/logo\/image\/"}}]}},"_links":{"self":[{"href":"https:\/\/eurotrail.info\/es\/wp-json\/wp\/v2\/product\/21078","targetHints":{"allow":["GET"]}}],"collection":[{"href":"https:\/\/eurotrail.info\/es\/wp-json\/wp\/v2\/product"}],"about":[{"href":"https:\/\/eurotrail.info\/es\/wp-json\/wp\/v2\/types\/product"}],"replies":[{"embeddable":true,"href":"https:\/\/eurotrail.info\/es\/wp-json\/wp\/v2\/comments?post=21078"}],"wp:featuredmedia":[{"embeddable":true,"href":"https:\/\/eurotrail.info\/es\/wp-json\/wp\/v2\/media\/21069"}],"wp:attachment":[{"href":"https:\/\/eurotrail.info\/es\/wp-json\/wp\/v2\/media?parent=21078"}],"wp:term":[{"taxonomy":"product_brand","embeddable":true,"href":"https:\/\/eurotrail.info\/es\/wp-json\/wp\/v2\/product_brand?post=21078"},{"taxonomy":"product_cat","embeddable":true,"href":"https:\/\/eurotrail.info\/es\/wp-json\/wp\/v2\/product_cat?post=21078"},{"taxonomy":"product_tag","embeddable":true,"href":"https:\/\/eurotrail.info\/es\/wp-json\/wp\/v2\/product_tag?post=21078"}],"curies":[{"name":"wp","href":"https:\/\/api.w.org\/{rel}","templated":true}]}}