{"id":21102,"date":"2023-01-23T12:11:14","date_gmt":"2023-01-23T11:25:58","guid":{"rendered":"https:\/\/eurotrail.info\/?post_type=product&#038;p=21102"},"modified":"2025-06-06T14:06:22","modified_gmt":"2025-06-06T13:06:22","slug":"iowa-btc-aluminio","status":"publish","type":"product","link":"https:\/\/eurotrail.info\/es\/producten\/carpas\/carpas-transpirables-btc\/iowa-btc-aluminio\/","title":{"rendered":"Iowa BTC Aluminio"},"content":{"rendered":"<p>La Iowa BTC Alu es una tienda para 3 personas con un amplio espacio habitable. El tejido exterior es de poli\u00e9ster\/algod\u00f3n transpirable para un confort de vida \u00f3ptimo. La Iowa cuenta con robustos y ligeros postes de aluminio para un montaje r\u00e1pido y sencillo. La tienda interior ofrece espacio suficiente para 3 personas y cuenta con pr\u00e1cticos bolsillos de almacenamiento. La zona de estar est\u00e1 a la altura del suelo y ofrece espacio suficiente para una mesa y sillas. Grandes ventanas con cerradura alrededor y, junto a la entrada principal, una puerta lateral con mosquitera para una buena ventilaci\u00f3n. La lona fija mantiene alejados el agua y las alima\u00f1as. El toldo es un lugar ideal para sentarse al abrigo del sol o la lluvia.<\/p>\n<p><a href=\"https:\/\/youtu.be\/XaQILfKClqM\">YouTube manual Iowa BTC Alu<\/a><\/p>\n<p>Tejido exterior: poli\u00e9ster\/algod\u00f3n 65\/35% transpirable<br \/>\nTienda interior: 100% poli\u00e9ster<br \/>\nFondo: 100% poli\u00e9ster Oxford m\u00edn. 5000 mm<br \/>\nVarillas: 1 poste frontal de aluminio precurvado de \u00d8 23 mm, 2 postes de aluminio de \u00d8 11,3 mm y un poste de cubierta de aluminio de \u00d8 7,9 mm<br \/>\nTama\u00f1o: 490x240x190cm<br \/>\nAltura: 190 cm<br \/>\nPeso: 16,5 kg.<br \/>\nEmbalaje: 80x40x30 cm<\/p>\n<p>Tambi\u00e9n disponible en versi\u00f3n hinchable con AirTubes.<\/p>\n","protected":false},"excerpt":{"rendered":"<p>La Iowa BTC Alu es una tienda para 3 personas con un amplio espacio habitable. El tejido exterior es de poli\u00e9ster\/algod\u00f3n transpirable para un confort&hellip;<\/p>\n","protected":false},"featured_media":21069,"comment_status":"open","ping_status":"closed","template":"","meta":{"_acf_changed":false},"product_brand":[],"product_cat":[370,374],"product_tag":[],"class_list":{"0":"post-21102","1":"product","2":"type-product","3":"status-publish","4":"has-post-thumbnail","6":"product_cat-carpas","7":"product_cat-carpas-transpirables-btc","9":"first","10":"instock","11":"shipping-taxable","12":"product-type-simple"},"acf":[],"yoast_head":"<!-- This site is optimized with the Yoast SEO plugin v27.4 - https:\/\/yoast.com\/product\/yoast-seo-wordpress\/ -->\n<title>Iowa BTC Aluminio - Eurotrail | The way we camp!<\/title>\n<meta name=\"description\" content=\"Tienda para 3 personas con un amplio espacio habitable. El tejido exterior es de poli\u00e9ster\/algod\u00f3n transpirable para un confort de vida \u00f3ptimo.\" \/>\n<meta name=\"robots\" content=\"index, follow, max-snippet:-1, max-image-preview:large, max-video-preview:-1\" \/>\n<link rel=\"canonical\" href=\"https:\/\/eurotrail.info\/es\/producten\/carpas\/carpas-transpirables-btc\/iowa-btc-aluminio\/\" \/>\n<meta property=\"og:locale\" content=\"es_ES\" \/>\n<meta property=\"og:type\" content=\"article\" \/>\n<meta property=\"og:title\" content=\"Iowa BTC Aluminio - Eurotrail | The way we camp!\" \/>\n<meta property=\"og:description\" content=\"Tienda para 3 personas con un amplio espacio habitable. El tejido exterior es de poli\u00e9ster\/algod\u00f3n transpirable para un confort de vida \u00f3ptimo.\" \/>\n<meta property=\"og:url\" content=\"https:\/\/eurotrail.info\/es\/producten\/carpas\/carpas-transpirables-btc\/iowa-btc-aluminio\/\" \/>\n<meta property=\"og:site_name\" content=\"Eurotrail | The way we camp!\" \/>\n<meta property=\"article:modified_time\" content=\"2025-06-06T13:06:22+00:00\" \/>\n<meta property=\"og:image\" content=\"https:\/\/eurotrail.info\/wp\/wp-content\/uploads\/2023\/01\/ETTE1121-Iowa-Air_sfeer-scaled.jpg\" \/>\n\t<meta property=\"og:image:width\" content=\"2560\" \/>\n\t<meta property=\"og:image:height\" content=\"1707\" \/>\n\t<meta property=\"og:image:type\" content=\"image\/jpeg\" \/>\n<meta name=\"twitter:card\" content=\"summary_large_image\" \/>\n<meta name=\"twitter:label1\" content=\"Tiempo de lectura\" \/>\n\t<meta name=\"twitter:data1\" content=\"2 minutes\" \/>\n<script type=\"application\/ld+json\" class=\"yoast-schema-graph\">{\"@context\":\"https:\\\/\\\/schema.org\",\"@graph\":[{\"@type\":\"WebPage\",\"@id\":\"https:\\\/\\\/eurotrail.info\\\/es\\\/producten\\\/carpas\\\/carpas-transpirables-btc\\\/iowa-btc-aluminio\\\/\",\"url\":\"https:\\\/\\\/eurotrail.info\\\/es\\\/producten\\\/carpas\\\/carpas-transpirables-btc\\\/iowa-btc-aluminio\\\/\",\"name\":\"Iowa BTC Aluminio - Eurotrail | The way we camp!\",\"isPartOf\":{\"@id\":\"https:\\\/\\\/eurotrail.info\\\/#website\"},\"primaryImageOfPage\":{\"@id\":\"https:\\\/\\\/eurotrail.info\\\/es\\\/producten\\\/carpas\\\/carpas-transpirables-btc\\\/iowa-btc-aluminio\\\/#primaryimage\"},\"image\":{\"@id\":\"https:\\\/\\\/eurotrail.info\\\/es\\\/producten\\\/carpas\\\/carpas-transpirables-btc\\\/iowa-btc-aluminio\\\/#primaryimage\"},\"thumbnailUrl\":\"https:\\\/\\\/eurotrail.info\\\/wp\\\/wp-content\\\/uploads\\\/2023\\\/01\\\/ETTE1121-Iowa-Air_sfeer-scaled.jpg\",\"datePublished\":\"2023-01-23T11:25:58+00:00\",\"dateModified\":\"2025-06-06T13:06:22+00:00\",\"description\":\"Tienda para 3 personas con un amplio espacio habitable. El tejido exterior es de poli\u00e9ster\\\/algod\u00f3n transpirable para un confort de vida \u00f3ptimo.\",\"breadcrumb\":{\"@id\":\"https:\\\/\\\/eurotrail.info\\\/es\\\/producten\\\/carpas\\\/carpas-transpirables-btc\\\/iowa-btc-aluminio\\\/#breadcrumb\"},\"inLanguage\":\"es-ES\",\"potentialAction\":[{\"@type\":\"ReadAction\",\"target\":[\"https:\\\/\\\/eurotrail.info\\\/es\\\/producten\\\/carpas\\\/carpas-transpirables-btc\\\/iowa-btc-aluminio\\\/\"]}]},{\"@type\":\"ImageObject\",\"inLanguage\":\"es-ES\",\"@id\":\"https:\\\/\\\/eurotrail.info\\\/es\\\/producten\\\/carpas\\\/carpas-transpirables-btc\\\/iowa-btc-aluminio\\\/#primaryimage\",\"url\":\"https:\\\/\\\/eurotrail.info\\\/wp\\\/wp-content\\\/uploads\\\/2023\\\/01\\\/ETTE1121-Iowa-Air_sfeer-scaled.jpg\",\"contentUrl\":\"https:\\\/\\\/eurotrail.info\\\/wp\\\/wp-content\\\/uploads\\\/2023\\\/01\\\/ETTE1121-Iowa-Air_sfeer-scaled.jpg\",\"width\":2560,\"height\":1707,\"caption\":\"Eurotrail Iowa Air familietent\"},{\"@type\":\"BreadcrumbList\",\"@id\":\"https:\\\/\\\/eurotrail.info\\\/es\\\/producten\\\/carpas\\\/carpas-transpirables-btc\\\/iowa-btc-aluminio\\\/#breadcrumb\",\"itemListElement\":[{\"@type\":\"ListItem\",\"position\":1,\"name\":\"Home\",\"item\":\"https:\\\/\\\/eurotrail.info\\\/es\\\/\"},{\"@type\":\"ListItem\",\"position\":2,\"name\":\"Productos\",\"item\":\"https:\\\/\\\/eurotrail.info\\\/es\\\/productos\\\/\"},{\"@type\":\"ListItem\",\"position\":3,\"name\":\"Iowa BTC Aluminio\"}]},{\"@type\":\"WebSite\",\"@id\":\"https:\\\/\\\/eurotrail.info\\\/#website\",\"url\":\"https:\\\/\\\/eurotrail.info\\\/\",\"name\":\"Eurotrail | The way we camp!\",\"description\":\"\",\"publisher\":{\"@id\":\"https:\\\/\\\/eurotrail.info\\\/#organization\"},\"potentialAction\":[{\"@type\":\"SearchAction\",\"target\":{\"@type\":\"EntryPoint\",\"urlTemplate\":\"https:\\\/\\\/eurotrail.info\\\/?s={search_term_string}\"},\"query-input\":{\"@type\":\"PropertyValueSpecification\",\"valueRequired\":true,\"valueName\":\"search_term_string\"}}],\"inLanguage\":\"es-ES\"},{\"@type\":\"Organization\",\"@id\":\"https:\\\/\\\/eurotrail.info\\\/#organization\",\"name\":\"Eurotrail | The way we camp!\",\"url\":\"https:\\\/\\\/eurotrail.info\\\/\",\"logo\":{\"@type\":\"ImageObject\",\"inLanguage\":\"es-ES\",\"@id\":\"https:\\\/\\\/eurotrail.info\\\/#\\\/schema\\\/logo\\\/image\\\/\",\"url\":\"https:\\\/\\\/eurotrail.info\\\/wp\\\/wp-content\\\/uploads\\\/2023\\\/07\\\/ET-logo-quote_NL-scaled.jpg\",\"contentUrl\":\"https:\\\/\\\/eurotrail.info\\\/wp\\\/wp-content\\\/uploads\\\/2023\\\/07\\\/ET-logo-quote_NL-scaled.jpg\",\"width\":2560,\"height\":675,\"caption\":\"Eurotrail | The way we camp!\"},\"image\":{\"@id\":\"https:\\\/\\\/eurotrail.info\\\/#\\\/schema\\\/logo\\\/image\\\/\"}}]}<\/script>\n<!-- \/ Yoast SEO plugin. -->","yoast_head_json":{"title":"Iowa BTC Aluminio - Eurotrail | The way we camp!","description":"Tienda para 3 personas con un amplio espacio habitable. El tejido exterior es de poli\u00e9ster\/algod\u00f3n transpirable para un confort de vida \u00f3ptimo.","robots":{"index":"index","follow":"follow","max-snippet":"max-snippet:-1","max-image-preview":"max-image-preview:large","max-video-preview":"max-video-preview:-1"},"canonical":"https:\/\/eurotrail.info\/es\/producten\/carpas\/carpas-transpirables-btc\/iowa-btc-aluminio\/","og_locale":"es_ES","og_type":"article","og_title":"Iowa BTC Aluminio - Eurotrail | The way we camp!","og_description":"Tienda para 3 personas con un amplio espacio habitable. El tejido exterior es de poli\u00e9ster\/algod\u00f3n transpirable para un confort de vida \u00f3ptimo.","og_url":"https:\/\/eurotrail.info\/es\/producten\/carpas\/carpas-transpirables-btc\/iowa-btc-aluminio\/","og_site_name":"Eurotrail | The way we camp!","article_modified_time":"2025-06-06T13:06:22+00:00","og_image":[{"width":2560,"height":1707,"url":"https:\/\/eurotrail.info\/wp\/wp-content\/uploads\/2023\/01\/ETTE1121-Iowa-Air_sfeer-scaled.jpg","type":"image\/jpeg"}],"twitter_card":"summary_large_image","twitter_misc":{"Tiempo de lectura":"2 minutes"},"schema":{"@context":"https:\/\/schema.org","@graph":[{"@type":"WebPage","@id":"https:\/\/eurotrail.info\/es\/producten\/carpas\/carpas-transpirables-btc\/iowa-btc-aluminio\/","url":"https:\/\/eurotrail.info\/es\/producten\/carpas\/carpas-transpirables-btc\/iowa-btc-aluminio\/","name":"Iowa BTC Aluminio - Eurotrail | The way we camp!","isPartOf":{"@id":"https:\/\/eurotrail.info\/#website"},"primaryImageOfPage":{"@id":"https:\/\/eurotrail.info\/es\/producten\/carpas\/carpas-transpirables-btc\/iowa-btc-aluminio\/#primaryimage"},"image":{"@id":"https:\/\/eurotrail.info\/es\/producten\/carpas\/carpas-transpirables-btc\/iowa-btc-aluminio\/#primaryimage"},"thumbnailUrl":"https:\/\/eurotrail.info\/wp\/wp-content\/uploads\/2023\/01\/ETTE1121-Iowa-Air_sfeer-scaled.jpg","datePublished":"2023-01-23T11:25:58+00:00","dateModified":"2025-06-06T13:06:22+00:00","description":"Tienda para 3 personas con un amplio espacio habitable. El tejido exterior es de poli\u00e9ster\/algod\u00f3n transpirable para un confort de vida \u00f3ptimo.","breadcrumb":{"@id":"https:\/\/eurotrail.info\/es\/producten\/carpas\/carpas-transpirables-btc\/iowa-btc-aluminio\/#breadcrumb"},"inLanguage":"es-ES","potentialAction":[{"@type":"ReadAction","target":["https:\/\/eurotrail.info\/es\/producten\/carpas\/carpas-transpirables-btc\/iowa-btc-aluminio\/"]}]},{"@type":"ImageObject","inLanguage":"es-ES","@id":"https:\/\/eurotrail.info\/es\/producten\/carpas\/carpas-transpirables-btc\/iowa-btc-aluminio\/#primaryimage","url":"https:\/\/eurotrail.info\/wp\/wp-content\/uploads\/2023\/01\/ETTE1121-Iowa-Air_sfeer-scaled.jpg","contentUrl":"https:\/\/eurotrail.info\/wp\/wp-content\/uploads\/2023\/01\/ETTE1121-Iowa-Air_sfeer-scaled.jpg","width":2560,"height":1707,"caption":"Eurotrail Iowa Air familietent"},{"@type":"BreadcrumbList","@id":"https:\/\/eurotrail.info\/es\/producten\/carpas\/carpas-transpirables-btc\/iowa-btc-aluminio\/#breadcrumb","itemListElement":[{"@type":"ListItem","position":1,"name":"Home","item":"https:\/\/eurotrail.info\/es\/"},{"@type":"ListItem","position":2,"name":"Productos","item":"https:\/\/eurotrail.info\/es\/productos\/"},{"@type":"ListItem","position":3,"name":"Iowa BTC Aluminio"}]},{"@type":"WebSite","@id":"https:\/\/eurotrail.info\/#website","url":"https:\/\/eurotrail.info\/","name":"Eurotrail | The way we camp!","description":"","publisher":{"@id":"https:\/\/eurotrail.info\/#organization"},"potentialAction":[{"@type":"SearchAction","target":{"@type":"EntryPoint","urlTemplate":"https:\/\/eurotrail.info\/?s={search_term_string}"},"query-input":{"@type":"PropertyValueSpecification","valueRequired":true,"valueName":"search_term_string"}}],"inLanguage":"es-ES"},{"@type":"Organization","@id":"https:\/\/eurotrail.info\/#organization","name":"Eurotrail | The way we camp!","url":"https:\/\/eurotrail.info\/","logo":{"@type":"ImageObject","inLanguage":"es-ES","@id":"https:\/\/eurotrail.info\/#\/schema\/logo\/image\/","url":"https:\/\/eurotrail.info\/wp\/wp-content\/uploads\/2023\/07\/ET-logo-quote_NL-scaled.jpg","contentUrl":"https:\/\/eurotrail.info\/wp\/wp-content\/uploads\/2023\/07\/ET-logo-quote_NL-scaled.jpg","width":2560,"height":675,"caption":"Eurotrail | The way we camp!"},"image":{"@id":"https:\/\/eurotrail.info\/#\/schema\/logo\/image\/"}}]}},"_links":{"self":[{"href":"https:\/\/eurotrail.info\/es\/wp-json\/wp\/v2\/product\/21102","targetHints":{"allow":["GET"]}}],"collection":[{"href":"https:\/\/eurotrail.info\/es\/wp-json\/wp\/v2\/product"}],"about":[{"href":"https:\/\/eurotrail.info\/es\/wp-json\/wp\/v2\/types\/product"}],"replies":[{"embeddable":true,"href":"https:\/\/eurotrail.info\/es\/wp-json\/wp\/v2\/comments?post=21102"}],"wp:featuredmedia":[{"embeddable":true,"href":"https:\/\/eurotrail.info\/es\/wp-json\/wp\/v2\/media\/21069"}],"wp:attachment":[{"href":"https:\/\/eurotrail.info\/es\/wp-json\/wp\/v2\/media?parent=21102"}],"wp:term":[{"taxonomy":"product_brand","embeddable":true,"href":"https:\/\/eurotrail.info\/es\/wp-json\/wp\/v2\/product_brand?post=21102"},{"taxonomy":"product_cat","embeddable":true,"href":"https:\/\/eurotrail.info\/es\/wp-json\/wp\/v2\/product_cat?post=21102"},{"taxonomy":"product_tag","embeddable":true,"href":"https:\/\/eurotrail.info\/es\/wp-json\/wp\/v2\/product_tag?post=21102"}],"curies":[{"name":"wp","href":"https:\/\/api.w.org\/{rel}","templated":true}]}}