{"id":21104,"date":"2023-01-23T12:34:26","date_gmt":"2023-01-23T11:36:49","guid":{"rendered":"https:\/\/eurotrail.info\/?post_type=product&#038;p=21104"},"modified":"2023-07-27T09:21:50","modified_gmt":"2023-07-27T08:21:50","slug":"kentucky-btc-aluminio","status":"publish","type":"product","link":"https:\/\/eurotrail.info\/es\/producten\/carpas\/carpas-transpirables-btc\/kentucky-btc-aluminio\/","title":{"rendered":"Kentucky BTC Aluminio"},"content":{"rendered":"<p>Tienda familiar fabricada con material transpirable de poli\u00e9ster\/algod\u00f3n y adecuada para 4 \u00f3 5 personas. La Kentucky Alu tiene postes de arco de aluminio ligeros y estables para un montaje f\u00e1cil y r\u00e1pido. El espacioso sal\u00f3n tiene grandes ventanales que se pueden cerrar por todas partes y ofrece una bonita vista panor\u00e1mica. La puerta lateral est\u00e1 equipada con una capota antilluvia y una puerta de malla adicional para una ventilaci\u00f3n \u00f3ptima. La tienda tiene un toldo profundo fijo donde puedes sentarte al abrigo del sol. Dispone de un suelo totalmente cosido para evitar la entrada de agua y suciedad. La gran tienda interior tiene un tabique para dividirla en 2 espaciosos compartimentos para dormir.<\/p>\n<p><a href=\"https:\/\/youtu.be\/_xoDX0HcUc0\">YouTube manual Kentucky BTC Alu<\/a><\/p>\n<p>Tejido exterior: poli\u00e9ster\/algod\u00f3n 65\/35% transpirable<br \/>\nTienda interior: 100% poli\u00e9ster<br \/>\nFondo: 100% poli\u00e9ster Oxford m\u00edn. 5000 mm<br \/>\nVarillas: varillas de aluminio \u00d8 13 mm, varilla del toldo: aluminio \u00d8 8,5 mm<br \/>\nDimensiones: 520x305cm<br \/>\nAltura: 205 cm<br \/>\nPeso: 24,5 kg<br \/>\nEmbalaje: 90x45x35cm<\/p>\n<p>Tambi\u00e9n disponible en versi\u00f3n hinchable con AirTubes.<\/p>\n","protected":false},"excerpt":{"rendered":"<p>Tienda familiar fabricada con material transpirable de poli\u00e9ster\/algod\u00f3n y adecuada para 4 \u00f3 5 personas. La Kentucky Alu tiene postes de arco de aluminio ligeros&hellip;<\/p>\n","protected":false},"featured_media":21039,"comment_status":"open","ping_status":"closed","template":"","meta":{"_acf_changed":false},"product_brand":[],"product_cat":[370,374],"product_tag":[],"class_list":{"0":"post-21104","1":"product","2":"type-product","3":"status-publish","4":"has-post-thumbnail","6":"product_cat-carpas","7":"product_cat-carpas-transpirables-btc","9":"first","10":"instock","11":"shipping-taxable","12":"product-type-simple"},"acf":[],"yoast_head":"<!-- This site is optimized with the Yoast SEO plugin v27.4 - https:\/\/yoast.com\/product\/yoast-seo-wordpress\/ -->\n<title>Kentucky BTC Aluminio - Eurotrail | The way we camp!<\/title>\n<meta name=\"description\" content=\"4-5 pers. ienda familiar fabricada con material transpirable de poli\u00e9ster\/algod\u00f3n. tiene postes de arco de aluminio ligeros y estables para un montaje f\u00e1cil y r\u00e1pido.\" \/>\n<meta name=\"robots\" content=\"index, follow, max-snippet:-1, max-image-preview:large, max-video-preview:-1\" \/>\n<link rel=\"canonical\" href=\"https:\/\/eurotrail.info\/es\/producten\/carpas\/carpas-transpirables-btc\/kentucky-btc-aluminio\/\" \/>\n<meta property=\"og:locale\" content=\"es_ES\" \/>\n<meta property=\"og:type\" content=\"article\" \/>\n<meta property=\"og:title\" content=\"Kentucky BTC Aluminio - Eurotrail | The way we camp!\" \/>\n<meta property=\"og:description\" content=\"4-5 pers. ienda familiar fabricada con material transpirable de poli\u00e9ster\/algod\u00f3n. tiene postes de arco de aluminio ligeros y estables para un montaje f\u00e1cil y r\u00e1pido.\" \/>\n<meta property=\"og:url\" content=\"https:\/\/eurotrail.info\/es\/producten\/carpas\/carpas-transpirables-btc\/kentucky-btc-aluminio\/\" \/>\n<meta property=\"og:site_name\" content=\"Eurotrail | The way we camp!\" \/>\n<meta property=\"article:modified_time\" content=\"2023-07-27T08:21:50+00:00\" \/>\n<meta property=\"og:image\" content=\"https:\/\/eurotrail.info\/wp\/wp-content\/uploads\/2023\/01\/ETTE1126_Kentucky-Air_sfeer-scaled.jpg\" \/>\n\t<meta property=\"og:image:width\" content=\"2560\" \/>\n\t<meta property=\"og:image:height\" content=\"1707\" \/>\n\t<meta property=\"og:image:type\" content=\"image\/jpeg\" \/>\n<meta name=\"twitter:card\" content=\"summary_large_image\" \/>\n<meta name=\"twitter:label1\" content=\"Tiempo de lectura\" \/>\n\t<meta name=\"twitter:data1\" content=\"1 minute\" \/>\n<script type=\"application\/ld+json\" class=\"yoast-schema-graph\">{\"@context\":\"https:\\\/\\\/schema.org\",\"@graph\":[{\"@type\":\"WebPage\",\"@id\":\"https:\\\/\\\/eurotrail.info\\\/es\\\/producten\\\/carpas\\\/carpas-transpirables-btc\\\/kentucky-btc-aluminio\\\/\",\"url\":\"https:\\\/\\\/eurotrail.info\\\/es\\\/producten\\\/carpas\\\/carpas-transpirables-btc\\\/kentucky-btc-aluminio\\\/\",\"name\":\"Kentucky BTC Aluminio - Eurotrail | The way we camp!\",\"isPartOf\":{\"@id\":\"https:\\\/\\\/eurotrail.info\\\/#website\"},\"primaryImageOfPage\":{\"@id\":\"https:\\\/\\\/eurotrail.info\\\/es\\\/producten\\\/carpas\\\/carpas-transpirables-btc\\\/kentucky-btc-aluminio\\\/#primaryimage\"},\"image\":{\"@id\":\"https:\\\/\\\/eurotrail.info\\\/es\\\/producten\\\/carpas\\\/carpas-transpirables-btc\\\/kentucky-btc-aluminio\\\/#primaryimage\"},\"thumbnailUrl\":\"https:\\\/\\\/eurotrail.info\\\/wp\\\/wp-content\\\/uploads\\\/2023\\\/01\\\/ETTE1126_Kentucky-Air_sfeer-scaled.jpg\",\"datePublished\":\"2023-01-23T11:36:49+00:00\",\"dateModified\":\"2023-07-27T08:21:50+00:00\",\"description\":\"4-5 pers. ienda familiar fabricada con material transpirable de poli\u00e9ster\\\/algod\u00f3n. tiene postes de arco de aluminio ligeros y estables para un montaje f\u00e1cil y r\u00e1pido.\",\"breadcrumb\":{\"@id\":\"https:\\\/\\\/eurotrail.info\\\/es\\\/producten\\\/carpas\\\/carpas-transpirables-btc\\\/kentucky-btc-aluminio\\\/#breadcrumb\"},\"inLanguage\":\"es-ES\",\"potentialAction\":[{\"@type\":\"ReadAction\",\"target\":[\"https:\\\/\\\/eurotrail.info\\\/es\\\/producten\\\/carpas\\\/carpas-transpirables-btc\\\/kentucky-btc-aluminio\\\/\"]}]},{\"@type\":\"ImageObject\",\"inLanguage\":\"es-ES\",\"@id\":\"https:\\\/\\\/eurotrail.info\\\/es\\\/producten\\\/carpas\\\/carpas-transpirables-btc\\\/kentucky-btc-aluminio\\\/#primaryimage\",\"url\":\"https:\\\/\\\/eurotrail.info\\\/wp\\\/wp-content\\\/uploads\\\/2023\\\/01\\\/ETTE1126_Kentucky-Air_sfeer-scaled.jpg\",\"contentUrl\":\"https:\\\/\\\/eurotrail.info\\\/wp\\\/wp-content\\\/uploads\\\/2023\\\/01\\\/ETTE1126_Kentucky-Air_sfeer-scaled.jpg\",\"width\":2560,\"height\":1707,\"caption\":\"Eurotrail Kentucky Air familietent\"},{\"@type\":\"BreadcrumbList\",\"@id\":\"https:\\\/\\\/eurotrail.info\\\/es\\\/producten\\\/carpas\\\/carpas-transpirables-btc\\\/kentucky-btc-aluminio\\\/#breadcrumb\",\"itemListElement\":[{\"@type\":\"ListItem\",\"position\":1,\"name\":\"Home\",\"item\":\"https:\\\/\\\/eurotrail.info\\\/es\\\/\"},{\"@type\":\"ListItem\",\"position\":2,\"name\":\"Productos\",\"item\":\"https:\\\/\\\/eurotrail.info\\\/es\\\/productos\\\/\"},{\"@type\":\"ListItem\",\"position\":3,\"name\":\"Kentucky BTC Aluminio\"}]},{\"@type\":\"WebSite\",\"@id\":\"https:\\\/\\\/eurotrail.info\\\/#website\",\"url\":\"https:\\\/\\\/eurotrail.info\\\/\",\"name\":\"Eurotrail | The way we camp!\",\"description\":\"\",\"publisher\":{\"@id\":\"https:\\\/\\\/eurotrail.info\\\/#organization\"},\"potentialAction\":[{\"@type\":\"SearchAction\",\"target\":{\"@type\":\"EntryPoint\",\"urlTemplate\":\"https:\\\/\\\/eurotrail.info\\\/?s={search_term_string}\"},\"query-input\":{\"@type\":\"PropertyValueSpecification\",\"valueRequired\":true,\"valueName\":\"search_term_string\"}}],\"inLanguage\":\"es-ES\"},{\"@type\":\"Organization\",\"@id\":\"https:\\\/\\\/eurotrail.info\\\/#organization\",\"name\":\"Eurotrail | The way we camp!\",\"url\":\"https:\\\/\\\/eurotrail.info\\\/\",\"logo\":{\"@type\":\"ImageObject\",\"inLanguage\":\"es-ES\",\"@id\":\"https:\\\/\\\/eurotrail.info\\\/#\\\/schema\\\/logo\\\/image\\\/\",\"url\":\"https:\\\/\\\/eurotrail.info\\\/wp\\\/wp-content\\\/uploads\\\/2023\\\/07\\\/ET-logo-quote_NL-scaled.jpg\",\"contentUrl\":\"https:\\\/\\\/eurotrail.info\\\/wp\\\/wp-content\\\/uploads\\\/2023\\\/07\\\/ET-logo-quote_NL-scaled.jpg\",\"width\":2560,\"height\":675,\"caption\":\"Eurotrail | The way we camp!\"},\"image\":{\"@id\":\"https:\\\/\\\/eurotrail.info\\\/#\\\/schema\\\/logo\\\/image\\\/\"}}]}<\/script>\n<!-- \/ Yoast SEO plugin. -->","yoast_head_json":{"title":"Kentucky BTC Aluminio - Eurotrail | The way we camp!","description":"4-5 pers. ienda familiar fabricada con material transpirable de poli\u00e9ster\/algod\u00f3n. tiene postes de arco de aluminio ligeros y estables para un montaje f\u00e1cil y r\u00e1pido.","robots":{"index":"index","follow":"follow","max-snippet":"max-snippet:-1","max-image-preview":"max-image-preview:large","max-video-preview":"max-video-preview:-1"},"canonical":"https:\/\/eurotrail.info\/es\/producten\/carpas\/carpas-transpirables-btc\/kentucky-btc-aluminio\/","og_locale":"es_ES","og_type":"article","og_title":"Kentucky BTC Aluminio - Eurotrail | The way we camp!","og_description":"4-5 pers. ienda familiar fabricada con material transpirable de poli\u00e9ster\/algod\u00f3n. tiene postes de arco de aluminio ligeros y estables para un montaje f\u00e1cil y r\u00e1pido.","og_url":"https:\/\/eurotrail.info\/es\/producten\/carpas\/carpas-transpirables-btc\/kentucky-btc-aluminio\/","og_site_name":"Eurotrail | The way we camp!","article_modified_time":"2023-07-27T08:21:50+00:00","og_image":[{"width":2560,"height":1707,"url":"https:\/\/eurotrail.info\/wp\/wp-content\/uploads\/2023\/01\/ETTE1126_Kentucky-Air_sfeer-scaled.jpg","type":"image\/jpeg"}],"twitter_card":"summary_large_image","twitter_misc":{"Tiempo de lectura":"1 minute"},"schema":{"@context":"https:\/\/schema.org","@graph":[{"@type":"WebPage","@id":"https:\/\/eurotrail.info\/es\/producten\/carpas\/carpas-transpirables-btc\/kentucky-btc-aluminio\/","url":"https:\/\/eurotrail.info\/es\/producten\/carpas\/carpas-transpirables-btc\/kentucky-btc-aluminio\/","name":"Kentucky BTC Aluminio - Eurotrail | The way we camp!","isPartOf":{"@id":"https:\/\/eurotrail.info\/#website"},"primaryImageOfPage":{"@id":"https:\/\/eurotrail.info\/es\/producten\/carpas\/carpas-transpirables-btc\/kentucky-btc-aluminio\/#primaryimage"},"image":{"@id":"https:\/\/eurotrail.info\/es\/producten\/carpas\/carpas-transpirables-btc\/kentucky-btc-aluminio\/#primaryimage"},"thumbnailUrl":"https:\/\/eurotrail.info\/wp\/wp-content\/uploads\/2023\/01\/ETTE1126_Kentucky-Air_sfeer-scaled.jpg","datePublished":"2023-01-23T11:36:49+00:00","dateModified":"2023-07-27T08:21:50+00:00","description":"4-5 pers. ienda familiar fabricada con material transpirable de poli\u00e9ster\/algod\u00f3n. tiene postes de arco de aluminio ligeros y estables para un montaje f\u00e1cil y r\u00e1pido.","breadcrumb":{"@id":"https:\/\/eurotrail.info\/es\/producten\/carpas\/carpas-transpirables-btc\/kentucky-btc-aluminio\/#breadcrumb"},"inLanguage":"es-ES","potentialAction":[{"@type":"ReadAction","target":["https:\/\/eurotrail.info\/es\/producten\/carpas\/carpas-transpirables-btc\/kentucky-btc-aluminio\/"]}]},{"@type":"ImageObject","inLanguage":"es-ES","@id":"https:\/\/eurotrail.info\/es\/producten\/carpas\/carpas-transpirables-btc\/kentucky-btc-aluminio\/#primaryimage","url":"https:\/\/eurotrail.info\/wp\/wp-content\/uploads\/2023\/01\/ETTE1126_Kentucky-Air_sfeer-scaled.jpg","contentUrl":"https:\/\/eurotrail.info\/wp\/wp-content\/uploads\/2023\/01\/ETTE1126_Kentucky-Air_sfeer-scaled.jpg","width":2560,"height":1707,"caption":"Eurotrail Kentucky Air familietent"},{"@type":"BreadcrumbList","@id":"https:\/\/eurotrail.info\/es\/producten\/carpas\/carpas-transpirables-btc\/kentucky-btc-aluminio\/#breadcrumb","itemListElement":[{"@type":"ListItem","position":1,"name":"Home","item":"https:\/\/eurotrail.info\/es\/"},{"@type":"ListItem","position":2,"name":"Productos","item":"https:\/\/eurotrail.info\/es\/productos\/"},{"@type":"ListItem","position":3,"name":"Kentucky BTC Aluminio"}]},{"@type":"WebSite","@id":"https:\/\/eurotrail.info\/#website","url":"https:\/\/eurotrail.info\/","name":"Eurotrail | The way we camp!","description":"","publisher":{"@id":"https:\/\/eurotrail.info\/#organization"},"potentialAction":[{"@type":"SearchAction","target":{"@type":"EntryPoint","urlTemplate":"https:\/\/eurotrail.info\/?s={search_term_string}"},"query-input":{"@type":"PropertyValueSpecification","valueRequired":true,"valueName":"search_term_string"}}],"inLanguage":"es-ES"},{"@type":"Organization","@id":"https:\/\/eurotrail.info\/#organization","name":"Eurotrail | The way we camp!","url":"https:\/\/eurotrail.info\/","logo":{"@type":"ImageObject","inLanguage":"es-ES","@id":"https:\/\/eurotrail.info\/#\/schema\/logo\/image\/","url":"https:\/\/eurotrail.info\/wp\/wp-content\/uploads\/2023\/07\/ET-logo-quote_NL-scaled.jpg","contentUrl":"https:\/\/eurotrail.info\/wp\/wp-content\/uploads\/2023\/07\/ET-logo-quote_NL-scaled.jpg","width":2560,"height":675,"caption":"Eurotrail | The way we camp!"},"image":{"@id":"https:\/\/eurotrail.info\/#\/schema\/logo\/image\/"}}]}},"_links":{"self":[{"href":"https:\/\/eurotrail.info\/es\/wp-json\/wp\/v2\/product\/21104","targetHints":{"allow":["GET"]}}],"collection":[{"href":"https:\/\/eurotrail.info\/es\/wp-json\/wp\/v2\/product"}],"about":[{"href":"https:\/\/eurotrail.info\/es\/wp-json\/wp\/v2\/types\/product"}],"replies":[{"embeddable":true,"href":"https:\/\/eurotrail.info\/es\/wp-json\/wp\/v2\/comments?post=21104"}],"wp:featuredmedia":[{"embeddable":true,"href":"https:\/\/eurotrail.info\/es\/wp-json\/wp\/v2\/media\/21039"}],"wp:attachment":[{"href":"https:\/\/eurotrail.info\/es\/wp-json\/wp\/v2\/media?parent=21104"}],"wp:term":[{"taxonomy":"product_brand","embeddable":true,"href":"https:\/\/eurotrail.info\/es\/wp-json\/wp\/v2\/product_brand?post=21104"},{"taxonomy":"product_cat","embeddable":true,"href":"https:\/\/eurotrail.info\/es\/wp-json\/wp\/v2\/product_cat?post=21104"},{"taxonomy":"product_tag","embeddable":true,"href":"https:\/\/eurotrail.info\/es\/wp-json\/wp\/v2\/product_tag?post=21104"}],"curies":[{"name":"wp","href":"https:\/\/api.w.org\/{rel}","templated":true}]}}