{"id":21132,"date":"2023-01-23T12:56:19","date_gmt":"2023-01-23T12:04:40","guid":{"rendered":"https:\/\/eurotrail.info\/?post_type=product&#038;p=21132"},"modified":"2023-07-25T13:58:29","modified_gmt":"2023-07-25T12:58:29","slug":"georgia-btc-air-inflable","status":"publish","type":"product","link":"https:\/\/eurotrail.info\/es\/producten\/carpas\/carpas-transpirables-btc\/georgia-btc-air-inflable\/","title":{"rendered":"Georgia BTC Air inflable"},"content":{"rendered":"<p>Tienda familiar espaciosa fabricada con material transpirable de poli\u00e9ster\/algod\u00f3n y adecuada para 4 \u00f3 5 personas. La gran sala de estar ofrece mucho espacio para la mesa, las sillas y el equipo de acampada. Las grandes ventanas que se pueden cerrar ofrecen una bonita vista panor\u00e1mica. La Georgia Air est\u00e1 equipada con el sistema Airtubes para un montaje f\u00e1cil y r\u00e1pido. Puerta lateral con toldo antilluvia y puerta de rejilla. El profundo toldo fijo tiene grandes ventanas transparentes a ambos lados y ofrece una relajante zona resguardada del sol o la lluvia con amplio espacio para mesa y sillas.<br \/>\nTienda interior con pared divisoria, se puede utilizar como una gran caba\u00f1a para dormir de 280&#215;220 cm o en 2 caba\u00f1as para dormir m\u00e1s peque\u00f1as de 140&#215;220 cm. Equipado con varios pr\u00e1cticos compartimentos de almacenamiento. La tienda cuenta con un suelo totalmente cosido que impide la entrada de agua y suciedad.<\/p>\n<p><a href=\"https:\/\/youtu.be\/plTarU4oczE\">YouTube manuel Georgia Air<\/a><\/p>\n<p>Tejido exterior: poli\u00e9ster\/algod\u00f3n 65\/35% transpirable<br \/>\nTienda interior: 100% poli\u00e9ster<br \/>\nFondo: 100% poli\u00e9ster Oxford m\u00edn. 5000 mm<br \/>\nTubos de aire: \u00d8 10 cm<br \/>\nM\u00e1stil del toldo: m\u00e1stil de aluminio de \u00d8 8,5 mm<br \/>\nDimensiones: 620x300x210cm<br \/>\nAltura: 200 cm<br \/>\nPeso: 29,5 kg.<br \/>\nEmbalaje: 90x50x40cm<\/p>\n<p>Tambi\u00e9n disponible con postes de aluminio.<\/p>\n","protected":false},"excerpt":{"rendered":"<p>Tienda familiar espaciosa fabricada con material transpirable de poli\u00e9ster\/algod\u00f3n y adecuada para 4 \u00f3 5 personas. La gran sala de estar ofrece mucho espacio para&hellip;<\/p>\n","protected":false},"featured_media":21113,"comment_status":"open","ping_status":"closed","template":"","meta":{"_acf_changed":false},"product_brand":[],"product_cat":[370,371,374],"product_tag":[],"class_list":{"0":"post-21132","1":"product","2":"type-product","3":"status-publish","4":"has-post-thumbnail","6":"product_cat-carpas","7":"product_cat-carpas-inflables-airtube","8":"product_cat-carpas-transpirables-btc","10":"first","11":"instock","12":"shipping-taxable","13":"product-type-simple"},"acf":[],"yoast_head":"<!-- This site is optimized with the Yoast SEO plugin v27.3 - https:\/\/yoast.com\/product\/yoast-seo-wordpress\/ -->\n<title>Georgia BTC Air inflable - Eurotrail | The way we camp!<\/title>\n<meta name=\"description\" content=\"4-5 pers. tienda familiar espaciosa fabricada con material transpirable de poli\u00e9ster\/algod\u00f3n. Equipada con el sistema Airtubes para un montaje f\u00e1cil.\" \/>\n<meta name=\"robots\" content=\"index, follow, max-snippet:-1, max-image-preview:large, max-video-preview:-1\" \/>\n<link rel=\"canonical\" href=\"https:\/\/eurotrail.info\/es\/producten\/carpas\/carpas-transpirables-btc\/georgia-btc-air-inflable\/\" \/>\n<meta property=\"og:locale\" content=\"es_ES\" \/>\n<meta property=\"og:type\" content=\"article\" \/>\n<meta property=\"og:title\" content=\"Georgia BTC Air inflable - Eurotrail | The way we camp!\" \/>\n<meta property=\"og:description\" content=\"4-5 pers. tienda familiar espaciosa fabricada con material transpirable de poli\u00e9ster\/algod\u00f3n. Equipada con el sistema Airtubes para un montaje f\u00e1cil.\" \/>\n<meta property=\"og:url\" content=\"https:\/\/eurotrail.info\/es\/producten\/carpas\/carpas-transpirables-btc\/georgia-btc-air-inflable\/\" \/>\n<meta property=\"og:site_name\" content=\"Eurotrail | The way we camp!\" \/>\n<meta property=\"article:modified_time\" content=\"2023-07-25T12:58:29+00:00\" \/>\n<meta property=\"og:image\" content=\"https:\/\/eurotrail.info\/wp\/wp-content\/uploads\/2023\/01\/ETTE1131_Mount-Baker-Air_sfeer-1-scaled.jpg\" \/>\n\t<meta property=\"og:image:width\" content=\"2560\" \/>\n\t<meta property=\"og:image:height\" content=\"1707\" \/>\n\t<meta property=\"og:image:type\" content=\"image\/jpeg\" \/>\n<meta name=\"twitter:card\" content=\"summary_large_image\" \/>\n<meta name=\"twitter:label1\" content=\"Tiempo de lectura\" \/>\n\t<meta name=\"twitter:data1\" content=\"1 minute\" \/>\n<script type=\"application\/ld+json\" class=\"yoast-schema-graph\">{\"@context\":\"https:\\\/\\\/schema.org\",\"@graph\":[{\"@type\":\"WebPage\",\"@id\":\"https:\\\/\\\/eurotrail.info\\\/es\\\/producten\\\/carpas\\\/carpas-transpirables-btc\\\/georgia-btc-air-inflable\\\/\",\"url\":\"https:\\\/\\\/eurotrail.info\\\/es\\\/producten\\\/carpas\\\/carpas-transpirables-btc\\\/georgia-btc-air-inflable\\\/\",\"name\":\"Georgia BTC Air inflable - Eurotrail | The way we camp!\",\"isPartOf\":{\"@id\":\"https:\\\/\\\/eurotrail.info\\\/#website\"},\"primaryImageOfPage\":{\"@id\":\"https:\\\/\\\/eurotrail.info\\\/es\\\/producten\\\/carpas\\\/carpas-transpirables-btc\\\/georgia-btc-air-inflable\\\/#primaryimage\"},\"image\":{\"@id\":\"https:\\\/\\\/eurotrail.info\\\/es\\\/producten\\\/carpas\\\/carpas-transpirables-btc\\\/georgia-btc-air-inflable\\\/#primaryimage\"},\"thumbnailUrl\":\"https:\\\/\\\/eurotrail.info\\\/wp\\\/wp-content\\\/uploads\\\/2023\\\/01\\\/ETTE1131_Mount-Baker-Air_sfeer-1-scaled.jpg\",\"datePublished\":\"2023-01-23T12:04:40+00:00\",\"dateModified\":\"2023-07-25T12:58:29+00:00\",\"description\":\"4-5 pers. tienda familiar espaciosa fabricada con material transpirable de poli\u00e9ster\\\/algod\u00f3n. Equipada con el sistema Airtubes para un montaje f\u00e1cil.\",\"breadcrumb\":{\"@id\":\"https:\\\/\\\/eurotrail.info\\\/es\\\/producten\\\/carpas\\\/carpas-transpirables-btc\\\/georgia-btc-air-inflable\\\/#breadcrumb\"},\"inLanguage\":\"es-ES\",\"potentialAction\":[{\"@type\":\"ReadAction\",\"target\":[\"https:\\\/\\\/eurotrail.info\\\/es\\\/producten\\\/carpas\\\/carpas-transpirables-btc\\\/georgia-btc-air-inflable\\\/\"]}]},{\"@type\":\"ImageObject\",\"inLanguage\":\"es-ES\",\"@id\":\"https:\\\/\\\/eurotrail.info\\\/es\\\/producten\\\/carpas\\\/carpas-transpirables-btc\\\/georgia-btc-air-inflable\\\/#primaryimage\",\"url\":\"https:\\\/\\\/eurotrail.info\\\/wp\\\/wp-content\\\/uploads\\\/2023\\\/01\\\/ETTE1131_Mount-Baker-Air_sfeer-1-scaled.jpg\",\"contentUrl\":\"https:\\\/\\\/eurotrail.info\\\/wp\\\/wp-content\\\/uploads\\\/2023\\\/01\\\/ETTE1131_Mount-Baker-Air_sfeer-1-scaled.jpg\",\"width\":2560,\"height\":1707,\"caption\":\"Eurotrail Georgia BTC Air opblaasbaar\"},{\"@type\":\"BreadcrumbList\",\"@id\":\"https:\\\/\\\/eurotrail.info\\\/es\\\/producten\\\/carpas\\\/carpas-transpirables-btc\\\/georgia-btc-air-inflable\\\/#breadcrumb\",\"itemListElement\":[{\"@type\":\"ListItem\",\"position\":1,\"name\":\"Home\",\"item\":\"https:\\\/\\\/eurotrail.info\\\/es\\\/\"},{\"@type\":\"ListItem\",\"position\":2,\"name\":\"Productos\",\"item\":\"https:\\\/\\\/eurotrail.info\\\/es\\\/productos\\\/\"},{\"@type\":\"ListItem\",\"position\":3,\"name\":\"Georgia BTC Air inflable\"}]},{\"@type\":\"WebSite\",\"@id\":\"https:\\\/\\\/eurotrail.info\\\/#website\",\"url\":\"https:\\\/\\\/eurotrail.info\\\/\",\"name\":\"Eurotrail | The way we camp!\",\"description\":\"\",\"publisher\":{\"@id\":\"https:\\\/\\\/eurotrail.info\\\/#organization\"},\"potentialAction\":[{\"@type\":\"SearchAction\",\"target\":{\"@type\":\"EntryPoint\",\"urlTemplate\":\"https:\\\/\\\/eurotrail.info\\\/?s={search_term_string}\"},\"query-input\":{\"@type\":\"PropertyValueSpecification\",\"valueRequired\":true,\"valueName\":\"search_term_string\"}}],\"inLanguage\":\"es-ES\"},{\"@type\":\"Organization\",\"@id\":\"https:\\\/\\\/eurotrail.info\\\/#organization\",\"name\":\"Eurotrail | The way we camp!\",\"url\":\"https:\\\/\\\/eurotrail.info\\\/\",\"logo\":{\"@type\":\"ImageObject\",\"inLanguage\":\"es-ES\",\"@id\":\"https:\\\/\\\/eurotrail.info\\\/#\\\/schema\\\/logo\\\/image\\\/\",\"url\":\"https:\\\/\\\/eurotrail.info\\\/wp\\\/wp-content\\\/uploads\\\/2023\\\/07\\\/ET-logo-quote_NL-scaled.jpg\",\"contentUrl\":\"https:\\\/\\\/eurotrail.info\\\/wp\\\/wp-content\\\/uploads\\\/2023\\\/07\\\/ET-logo-quote_NL-scaled.jpg\",\"width\":2560,\"height\":675,\"caption\":\"Eurotrail | The way we camp!\"},\"image\":{\"@id\":\"https:\\\/\\\/eurotrail.info\\\/#\\\/schema\\\/logo\\\/image\\\/\"}}]}<\/script>\n<!-- \/ Yoast SEO plugin. -->","yoast_head_json":{"title":"Georgia BTC Air inflable - Eurotrail | The way we camp!","description":"4-5 pers. tienda familiar espaciosa fabricada con material transpirable de poli\u00e9ster\/algod\u00f3n. Equipada con el sistema Airtubes para un montaje f\u00e1cil.","robots":{"index":"index","follow":"follow","max-snippet":"max-snippet:-1","max-image-preview":"max-image-preview:large","max-video-preview":"max-video-preview:-1"},"canonical":"https:\/\/eurotrail.info\/es\/producten\/carpas\/carpas-transpirables-btc\/georgia-btc-air-inflable\/","og_locale":"es_ES","og_type":"article","og_title":"Georgia BTC Air inflable - Eurotrail | The way we camp!","og_description":"4-5 pers. tienda familiar espaciosa fabricada con material transpirable de poli\u00e9ster\/algod\u00f3n. Equipada con el sistema Airtubes para un montaje f\u00e1cil.","og_url":"https:\/\/eurotrail.info\/es\/producten\/carpas\/carpas-transpirables-btc\/georgia-btc-air-inflable\/","og_site_name":"Eurotrail | The way we camp!","article_modified_time":"2023-07-25T12:58:29+00:00","og_image":[{"width":2560,"height":1707,"url":"https:\/\/eurotrail.info\/wp\/wp-content\/uploads\/2023\/01\/ETTE1131_Mount-Baker-Air_sfeer-1-scaled.jpg","type":"image\/jpeg"}],"twitter_card":"summary_large_image","twitter_misc":{"Tiempo de lectura":"1 minute"},"schema":{"@context":"https:\/\/schema.org","@graph":[{"@type":"WebPage","@id":"https:\/\/eurotrail.info\/es\/producten\/carpas\/carpas-transpirables-btc\/georgia-btc-air-inflable\/","url":"https:\/\/eurotrail.info\/es\/producten\/carpas\/carpas-transpirables-btc\/georgia-btc-air-inflable\/","name":"Georgia BTC Air inflable - Eurotrail | The way we camp!","isPartOf":{"@id":"https:\/\/eurotrail.info\/#website"},"primaryImageOfPage":{"@id":"https:\/\/eurotrail.info\/es\/producten\/carpas\/carpas-transpirables-btc\/georgia-btc-air-inflable\/#primaryimage"},"image":{"@id":"https:\/\/eurotrail.info\/es\/producten\/carpas\/carpas-transpirables-btc\/georgia-btc-air-inflable\/#primaryimage"},"thumbnailUrl":"https:\/\/eurotrail.info\/wp\/wp-content\/uploads\/2023\/01\/ETTE1131_Mount-Baker-Air_sfeer-1-scaled.jpg","datePublished":"2023-01-23T12:04:40+00:00","dateModified":"2023-07-25T12:58:29+00:00","description":"4-5 pers. tienda familiar espaciosa fabricada con material transpirable de poli\u00e9ster\/algod\u00f3n. Equipada con el sistema Airtubes para un montaje f\u00e1cil.","breadcrumb":{"@id":"https:\/\/eurotrail.info\/es\/producten\/carpas\/carpas-transpirables-btc\/georgia-btc-air-inflable\/#breadcrumb"},"inLanguage":"es-ES","potentialAction":[{"@type":"ReadAction","target":["https:\/\/eurotrail.info\/es\/producten\/carpas\/carpas-transpirables-btc\/georgia-btc-air-inflable\/"]}]},{"@type":"ImageObject","inLanguage":"es-ES","@id":"https:\/\/eurotrail.info\/es\/producten\/carpas\/carpas-transpirables-btc\/georgia-btc-air-inflable\/#primaryimage","url":"https:\/\/eurotrail.info\/wp\/wp-content\/uploads\/2023\/01\/ETTE1131_Mount-Baker-Air_sfeer-1-scaled.jpg","contentUrl":"https:\/\/eurotrail.info\/wp\/wp-content\/uploads\/2023\/01\/ETTE1131_Mount-Baker-Air_sfeer-1-scaled.jpg","width":2560,"height":1707,"caption":"Eurotrail Georgia BTC Air opblaasbaar"},{"@type":"BreadcrumbList","@id":"https:\/\/eurotrail.info\/es\/producten\/carpas\/carpas-transpirables-btc\/georgia-btc-air-inflable\/#breadcrumb","itemListElement":[{"@type":"ListItem","position":1,"name":"Home","item":"https:\/\/eurotrail.info\/es\/"},{"@type":"ListItem","position":2,"name":"Productos","item":"https:\/\/eurotrail.info\/es\/productos\/"},{"@type":"ListItem","position":3,"name":"Georgia BTC Air inflable"}]},{"@type":"WebSite","@id":"https:\/\/eurotrail.info\/#website","url":"https:\/\/eurotrail.info\/","name":"Eurotrail | The way we camp!","description":"","publisher":{"@id":"https:\/\/eurotrail.info\/#organization"},"potentialAction":[{"@type":"SearchAction","target":{"@type":"EntryPoint","urlTemplate":"https:\/\/eurotrail.info\/?s={search_term_string}"},"query-input":{"@type":"PropertyValueSpecification","valueRequired":true,"valueName":"search_term_string"}}],"inLanguage":"es-ES"},{"@type":"Organization","@id":"https:\/\/eurotrail.info\/#organization","name":"Eurotrail | The way we camp!","url":"https:\/\/eurotrail.info\/","logo":{"@type":"ImageObject","inLanguage":"es-ES","@id":"https:\/\/eurotrail.info\/#\/schema\/logo\/image\/","url":"https:\/\/eurotrail.info\/wp\/wp-content\/uploads\/2023\/07\/ET-logo-quote_NL-scaled.jpg","contentUrl":"https:\/\/eurotrail.info\/wp\/wp-content\/uploads\/2023\/07\/ET-logo-quote_NL-scaled.jpg","width":2560,"height":675,"caption":"Eurotrail | The way we camp!"},"image":{"@id":"https:\/\/eurotrail.info\/#\/schema\/logo\/image\/"}}]}},"_links":{"self":[{"href":"https:\/\/eurotrail.info\/es\/wp-json\/wp\/v2\/product\/21132","targetHints":{"allow":["GET"]}}],"collection":[{"href":"https:\/\/eurotrail.info\/es\/wp-json\/wp\/v2\/product"}],"about":[{"href":"https:\/\/eurotrail.info\/es\/wp-json\/wp\/v2\/types\/product"}],"replies":[{"embeddable":true,"href":"https:\/\/eurotrail.info\/es\/wp-json\/wp\/v2\/comments?post=21132"}],"wp:featuredmedia":[{"embeddable":true,"href":"https:\/\/eurotrail.info\/es\/wp-json\/wp\/v2\/media\/21113"}],"wp:attachment":[{"href":"https:\/\/eurotrail.info\/es\/wp-json\/wp\/v2\/media?parent=21132"}],"wp:term":[{"taxonomy":"product_brand","embeddable":true,"href":"https:\/\/eurotrail.info\/es\/wp-json\/wp\/v2\/product_brand?post=21132"},{"taxonomy":"product_cat","embeddable":true,"href":"https:\/\/eurotrail.info\/es\/wp-json\/wp\/v2\/product_cat?post=21132"},{"taxonomy":"product_tag","embeddable":true,"href":"https:\/\/eurotrail.info\/es\/wp-json\/wp\/v2\/product_tag?post=21132"}],"curies":[{"name":"wp","href":"https:\/\/api.w.org\/{rel}","templated":true}]}}