{"id":21188,"date":"2021-11-22T13:37:20","date_gmt":"2023-01-27T09:09:23","guid":{"rendered":"https:\/\/eurotrail.info\/?post_type=product&#038;p=21188"},"modified":"2023-01-27T10:09:24","modified_gmt":"2023-01-27T09:09:24","slug":"tumbona-sevilla-malla-3d","status":"publish","type":"product","link":"https:\/\/eurotrail.info\/es\/producten\/muebles-para-acampar\/tumbonas\/tumbona-sevilla-malla-3d\/","title":{"rendered":"Tumbona Sevilla Malla 3D"},"content":{"rendered":"<p>Tumbona fabricada con un robusto armaz\u00f3n de aluminio y dotada de la malla acolchada 3-D Mesh. El chasis mide 2 metros de largo y tiene una altura de asiento extra alta de 45 cm, lo que facilita mucho el ponerse de pie. El panel trasero se puede ajustar en 6 posiciones para que pueda colocarlo completamente plano o en posici\u00f3n vertical para que pueda leer un libro sentado en posici\u00f3n vertical. La malla Airmesh 3D es permeable al agua y transpirable, lo que le proporciona una magn\u00edfica comodidad al tumbarse en los d\u00edas calurosos. Equipado con una almohada extra\u00edble con banda el\u00e1stica, que se puede ajustar a cualquier altura. La cama puede plegarse en un paquete pr\u00e1ctico y compacto.<\/p>\n<p>Material: 100% poli\u00e9ster airmesh 3D<br \/>\nEstructura: aluminio<br \/>\nTama\u00f1o: 227x64x45cm<br \/>\nPlegado: 100x64x15cm<br \/>\nPeso: 7 kg<br \/>\nCarga m\u00e1xima: 140 kg<\/p>\n<p>&nbsp;<\/p>\n","protected":false},"excerpt":{"rendered":"<p>Tumbona fabricada con un robusto armaz\u00f3n de aluminio y dotada de la malla acolchada 3-D Mesh. El chasis mide 2 metros de largo y tiene&hellip;<\/p>\n","protected":false},"featured_media":19474,"comment_status":"open","ping_status":"closed","template":"","meta":{"_acf_changed":false},"product_brand":[],"product_cat":[348,356],"product_tag":[],"class_list":{"0":"post-21188","1":"product","2":"type-product","3":"status-publish","4":"has-post-thumbnail","6":"product_cat-muebles-para-acampar","7":"product_cat-tumbonas","9":"first","10":"instock","11":"shipping-taxable","12":"product-type-simple"},"acf":[],"yoast_head":"<!-- This site is optimized with the Yoast SEO plugin v27.3 - https:\/\/yoast.com\/product\/yoast-seo-wordpress\/ -->\n<title>Tumbona Sevilla Malla 3D - Eurotrail | The way we camp!<\/title>\n<meta name=\"description\" content=\"Tumbona fabricada con un robusto armaz\u00f3n de aluminio y dotada de la malla acolchada 3-D Mesh. El chasis mide 2 metros de largo y tiene una altura de asiento extra alta de 45 cm, lo que facilita mucho el ponerse de pie.\" \/>\n<meta name=\"robots\" content=\"index, follow, max-snippet:-1, max-image-preview:large, max-video-preview:-1\" \/>\n<link rel=\"canonical\" href=\"https:\/\/eurotrail.info\/producten\/kampeermeubelen-campingmeubelen\/ligbedden-veldbedden-logeerbed-camping\/sevilla-3d-mesh-ligbed\/\" \/>\n<meta property=\"og:locale\" content=\"es_ES\" \/>\n<meta property=\"og:type\" content=\"article\" \/>\n<meta property=\"og:title\" content=\"Tumbona Sevilla Malla 3D - Eurotrail | The way we camp!\" \/>\n<meta property=\"og:description\" content=\"Tumbona fabricada con un robusto armaz\u00f3n de aluminio y dotada de la malla acolchada 3-D Mesh. El chasis mide 2 metros de largo y tiene una altura de asiento extra alta de 45 cm, lo que facilita mucho el ponerse de pie.\" \/>\n<meta property=\"og:url\" content=\"https:\/\/eurotrail.info\/producten\/kampeermeubelen-campingmeubelen\/ligbedden-veldbedden-logeerbed-camping\/sevilla-3d-mesh-ligbed\/\" \/>\n<meta property=\"og:site_name\" content=\"Eurotrail | The way we camp!\" \/>\n<meta property=\"article:modified_time\" content=\"2023-01-27T09:09:24+00:00\" \/>\n<meta property=\"og:image\" content=\"https:\/\/eurotrail.info\/wp\/wp-content\/uploads\/2021\/11\/ETCF0467-Sevilla-21.jpg\" \/>\n\t<meta property=\"og:image:width\" content=\"1772\" \/>\n\t<meta property=\"og:image:height\" content=\"1447\" \/>\n\t<meta property=\"og:image:type\" content=\"image\/jpeg\" \/>\n<meta name=\"twitter:card\" content=\"summary_large_image\" \/>\n<meta name=\"twitter:label1\" content=\"Tiempo de lectura\" \/>\n\t<meta name=\"twitter:data1\" content=\"1 minute\" \/>\n<script type=\"application\/ld+json\" class=\"yoast-schema-graph\">{\"@context\":\"https:\\\/\\\/schema.org\",\"@graph\":[{\"@type\":\"WebPage\",\"@id\":\"https:\\\/\\\/eurotrail.info\\\/producten\\\/kampeermeubelen-campingmeubelen\\\/ligbedden-veldbedden-logeerbed-camping\\\/sevilla-3d-mesh-ligbed\\\/\",\"url\":\"https:\\\/\\\/eurotrail.info\\\/producten\\\/kampeermeubelen-campingmeubelen\\\/ligbedden-veldbedden-logeerbed-camping\\\/sevilla-3d-mesh-ligbed\\\/\",\"name\":\"Tumbona Sevilla Malla 3D - Eurotrail | The way we camp!\",\"isPartOf\":{\"@id\":\"https:\\\/\\\/eurotrail.info\\\/#website\"},\"primaryImageOfPage\":{\"@id\":\"https:\\\/\\\/eurotrail.info\\\/producten\\\/kampeermeubelen-campingmeubelen\\\/ligbedden-veldbedden-logeerbed-camping\\\/sevilla-3d-mesh-ligbed\\\/#primaryimage\"},\"image\":{\"@id\":\"https:\\\/\\\/eurotrail.info\\\/producten\\\/kampeermeubelen-campingmeubelen\\\/ligbedden-veldbedden-logeerbed-camping\\\/sevilla-3d-mesh-ligbed\\\/#primaryimage\"},\"thumbnailUrl\":\"https:\\\/\\\/eurotrail.info\\\/wp\\\/wp-content\\\/uploads\\\/2021\\\/11\\\/ETCF0467-Sevilla-21.jpg\",\"datePublished\":\"2023-01-27T09:09:23+00:00\",\"dateModified\":\"2023-01-27T09:09:24+00:00\",\"description\":\"Tumbona fabricada con un robusto armaz\u00f3n de aluminio y dotada de la malla acolchada 3-D Mesh. El chasis mide 2 metros de largo y tiene una altura de asiento extra alta de 45 cm, lo que facilita mucho el ponerse de pie.\",\"breadcrumb\":{\"@id\":\"https:\\\/\\\/eurotrail.info\\\/producten\\\/kampeermeubelen-campingmeubelen\\\/ligbedden-veldbedden-logeerbed-camping\\\/sevilla-3d-mesh-ligbed\\\/#breadcrumb\"},\"inLanguage\":\"es-ES\",\"potentialAction\":[{\"@type\":\"ReadAction\",\"target\":[\"https:\\\/\\\/eurotrail.info\\\/producten\\\/kampeermeubelen-campingmeubelen\\\/ligbedden-veldbedden-logeerbed-camping\\\/sevilla-3d-mesh-ligbed\\\/\"]}]},{\"@type\":\"ImageObject\",\"inLanguage\":\"es-ES\",\"@id\":\"https:\\\/\\\/eurotrail.info\\\/producten\\\/kampeermeubelen-campingmeubelen\\\/ligbedden-veldbedden-logeerbed-camping\\\/sevilla-3d-mesh-ligbed\\\/#primaryimage\",\"url\":\"https:\\\/\\\/eurotrail.info\\\/wp\\\/wp-content\\\/uploads\\\/2021\\\/11\\\/ETCF0467-Sevilla-21.jpg\",\"contentUrl\":\"https:\\\/\\\/eurotrail.info\\\/wp\\\/wp-content\\\/uploads\\\/2021\\\/11\\\/ETCF0467-Sevilla-21.jpg\",\"width\":1772,\"height\":1447,\"caption\":\"Ligbed vervaardigd van een stevig aluminium frame en is voorzien van het gepolsterde 3-D Mesh.\"},{\"@type\":\"BreadcrumbList\",\"@id\":\"https:\\\/\\\/eurotrail.info\\\/producten\\\/kampeermeubelen-campingmeubelen\\\/ligbedden-veldbedden-logeerbed-camping\\\/sevilla-3d-mesh-ligbed\\\/#breadcrumb\",\"itemListElement\":[{\"@type\":\"ListItem\",\"position\":1,\"name\":\"Home\",\"item\":\"https:\\\/\\\/eurotrail.info\\\/es\\\/\"},{\"@type\":\"ListItem\",\"position\":2,\"name\":\"Productos\",\"item\":\"https:\\\/\\\/eurotrail.info\\\/es\\\/productos\\\/\"},{\"@type\":\"ListItem\",\"position\":3,\"name\":\"Tumbona Sevilla Malla 3D\"}]},{\"@type\":\"WebSite\",\"@id\":\"https:\\\/\\\/eurotrail.info\\\/#website\",\"url\":\"https:\\\/\\\/eurotrail.info\\\/\",\"name\":\"Eurotrail | The way we camp!\",\"description\":\"\",\"publisher\":{\"@id\":\"https:\\\/\\\/eurotrail.info\\\/#organization\"},\"potentialAction\":[{\"@type\":\"SearchAction\",\"target\":{\"@type\":\"EntryPoint\",\"urlTemplate\":\"https:\\\/\\\/eurotrail.info\\\/?s={search_term_string}\"},\"query-input\":{\"@type\":\"PropertyValueSpecification\",\"valueRequired\":true,\"valueName\":\"search_term_string\"}}],\"inLanguage\":\"es-ES\"},{\"@type\":\"Organization\",\"@id\":\"https:\\\/\\\/eurotrail.info\\\/#organization\",\"name\":\"Eurotrail | The way we camp!\",\"url\":\"https:\\\/\\\/eurotrail.info\\\/\",\"logo\":{\"@type\":\"ImageObject\",\"inLanguage\":\"es-ES\",\"@id\":\"https:\\\/\\\/eurotrail.info\\\/#\\\/schema\\\/logo\\\/image\\\/\",\"url\":\"https:\\\/\\\/eurotrail.info\\\/wp\\\/wp-content\\\/uploads\\\/2023\\\/07\\\/ET-logo-quote_NL-scaled.jpg\",\"contentUrl\":\"https:\\\/\\\/eurotrail.info\\\/wp\\\/wp-content\\\/uploads\\\/2023\\\/07\\\/ET-logo-quote_NL-scaled.jpg\",\"width\":2560,\"height\":675,\"caption\":\"Eurotrail | The way we camp!\"},\"image\":{\"@id\":\"https:\\\/\\\/eurotrail.info\\\/#\\\/schema\\\/logo\\\/image\\\/\"}}]}<\/script>\n<!-- \/ Yoast SEO plugin. -->","yoast_head_json":{"title":"Tumbona Sevilla Malla 3D - Eurotrail | The way we camp!","description":"Tumbona fabricada con un robusto armaz\u00f3n de aluminio y dotada de la malla acolchada 3-D Mesh. El chasis mide 2 metros de largo y tiene una altura de asiento extra alta de 45 cm, lo que facilita mucho el ponerse de pie.","robots":{"index":"index","follow":"follow","max-snippet":"max-snippet:-1","max-image-preview":"max-image-preview:large","max-video-preview":"max-video-preview:-1"},"canonical":"https:\/\/eurotrail.info\/producten\/kampeermeubelen-campingmeubelen\/ligbedden-veldbedden-logeerbed-camping\/sevilla-3d-mesh-ligbed\/","og_locale":"es_ES","og_type":"article","og_title":"Tumbona Sevilla Malla 3D - Eurotrail | The way we camp!","og_description":"Tumbona fabricada con un robusto armaz\u00f3n de aluminio y dotada de la malla acolchada 3-D Mesh. El chasis mide 2 metros de largo y tiene una altura de asiento extra alta de 45 cm, lo que facilita mucho el ponerse de pie.","og_url":"https:\/\/eurotrail.info\/producten\/kampeermeubelen-campingmeubelen\/ligbedden-veldbedden-logeerbed-camping\/sevilla-3d-mesh-ligbed\/","og_site_name":"Eurotrail | The way we camp!","article_modified_time":"2023-01-27T09:09:24+00:00","og_image":[{"width":1772,"height":1447,"url":"https:\/\/eurotrail.info\/wp\/wp-content\/uploads\/2021\/11\/ETCF0467-Sevilla-21.jpg","type":"image\/jpeg"}],"twitter_card":"summary_large_image","twitter_misc":{"Tiempo de lectura":"1 minute"},"schema":{"@context":"https:\/\/schema.org","@graph":[{"@type":"WebPage","@id":"https:\/\/eurotrail.info\/producten\/kampeermeubelen-campingmeubelen\/ligbedden-veldbedden-logeerbed-camping\/sevilla-3d-mesh-ligbed\/","url":"https:\/\/eurotrail.info\/producten\/kampeermeubelen-campingmeubelen\/ligbedden-veldbedden-logeerbed-camping\/sevilla-3d-mesh-ligbed\/","name":"Tumbona Sevilla Malla 3D - Eurotrail | The way we camp!","isPartOf":{"@id":"https:\/\/eurotrail.info\/#website"},"primaryImageOfPage":{"@id":"https:\/\/eurotrail.info\/producten\/kampeermeubelen-campingmeubelen\/ligbedden-veldbedden-logeerbed-camping\/sevilla-3d-mesh-ligbed\/#primaryimage"},"image":{"@id":"https:\/\/eurotrail.info\/producten\/kampeermeubelen-campingmeubelen\/ligbedden-veldbedden-logeerbed-camping\/sevilla-3d-mesh-ligbed\/#primaryimage"},"thumbnailUrl":"https:\/\/eurotrail.info\/wp\/wp-content\/uploads\/2021\/11\/ETCF0467-Sevilla-21.jpg","datePublished":"2023-01-27T09:09:23+00:00","dateModified":"2023-01-27T09:09:24+00:00","description":"Tumbona fabricada con un robusto armaz\u00f3n de aluminio y dotada de la malla acolchada 3-D Mesh. El chasis mide 2 metros de largo y tiene una altura de asiento extra alta de 45 cm, lo que facilita mucho el ponerse de pie.","breadcrumb":{"@id":"https:\/\/eurotrail.info\/producten\/kampeermeubelen-campingmeubelen\/ligbedden-veldbedden-logeerbed-camping\/sevilla-3d-mesh-ligbed\/#breadcrumb"},"inLanguage":"es-ES","potentialAction":[{"@type":"ReadAction","target":["https:\/\/eurotrail.info\/producten\/kampeermeubelen-campingmeubelen\/ligbedden-veldbedden-logeerbed-camping\/sevilla-3d-mesh-ligbed\/"]}]},{"@type":"ImageObject","inLanguage":"es-ES","@id":"https:\/\/eurotrail.info\/producten\/kampeermeubelen-campingmeubelen\/ligbedden-veldbedden-logeerbed-camping\/sevilla-3d-mesh-ligbed\/#primaryimage","url":"https:\/\/eurotrail.info\/wp\/wp-content\/uploads\/2021\/11\/ETCF0467-Sevilla-21.jpg","contentUrl":"https:\/\/eurotrail.info\/wp\/wp-content\/uploads\/2021\/11\/ETCF0467-Sevilla-21.jpg","width":1772,"height":1447,"caption":"Ligbed vervaardigd van een stevig aluminium frame en is voorzien van het gepolsterde 3-D Mesh."},{"@type":"BreadcrumbList","@id":"https:\/\/eurotrail.info\/producten\/kampeermeubelen-campingmeubelen\/ligbedden-veldbedden-logeerbed-camping\/sevilla-3d-mesh-ligbed\/#breadcrumb","itemListElement":[{"@type":"ListItem","position":1,"name":"Home","item":"https:\/\/eurotrail.info\/es\/"},{"@type":"ListItem","position":2,"name":"Productos","item":"https:\/\/eurotrail.info\/es\/productos\/"},{"@type":"ListItem","position":3,"name":"Tumbona Sevilla Malla 3D"}]},{"@type":"WebSite","@id":"https:\/\/eurotrail.info\/#website","url":"https:\/\/eurotrail.info\/","name":"Eurotrail | The way we camp!","description":"","publisher":{"@id":"https:\/\/eurotrail.info\/#organization"},"potentialAction":[{"@type":"SearchAction","target":{"@type":"EntryPoint","urlTemplate":"https:\/\/eurotrail.info\/?s={search_term_string}"},"query-input":{"@type":"PropertyValueSpecification","valueRequired":true,"valueName":"search_term_string"}}],"inLanguage":"es-ES"},{"@type":"Organization","@id":"https:\/\/eurotrail.info\/#organization","name":"Eurotrail | The way we camp!","url":"https:\/\/eurotrail.info\/","logo":{"@type":"ImageObject","inLanguage":"es-ES","@id":"https:\/\/eurotrail.info\/#\/schema\/logo\/image\/","url":"https:\/\/eurotrail.info\/wp\/wp-content\/uploads\/2023\/07\/ET-logo-quote_NL-scaled.jpg","contentUrl":"https:\/\/eurotrail.info\/wp\/wp-content\/uploads\/2023\/07\/ET-logo-quote_NL-scaled.jpg","width":2560,"height":675,"caption":"Eurotrail | The way we camp!"},"image":{"@id":"https:\/\/eurotrail.info\/#\/schema\/logo\/image\/"}}]}},"_links":{"self":[{"href":"https:\/\/eurotrail.info\/es\/wp-json\/wp\/v2\/product\/21188","targetHints":{"allow":["GET"]}}],"collection":[{"href":"https:\/\/eurotrail.info\/es\/wp-json\/wp\/v2\/product"}],"about":[{"href":"https:\/\/eurotrail.info\/es\/wp-json\/wp\/v2\/types\/product"}],"replies":[{"embeddable":true,"href":"https:\/\/eurotrail.info\/es\/wp-json\/wp\/v2\/comments?post=21188"}],"wp:featuredmedia":[{"embeddable":true,"href":"https:\/\/eurotrail.info\/es\/wp-json\/wp\/v2\/media\/19474"}],"wp:attachment":[{"href":"https:\/\/eurotrail.info\/es\/wp-json\/wp\/v2\/media?parent=21188"}],"wp:term":[{"taxonomy":"product_brand","embeddable":true,"href":"https:\/\/eurotrail.info\/es\/wp-json\/wp\/v2\/product_brand?post=21188"},{"taxonomy":"product_cat","embeddable":true,"href":"https:\/\/eurotrail.info\/es\/wp-json\/wp\/v2\/product_cat?post=21188"},{"taxonomy":"product_tag","embeddable":true,"href":"https:\/\/eurotrail.info\/es\/wp-json\/wp\/v2\/product_tag?post=21188"}],"curies":[{"name":"wp","href":"https:\/\/api.w.org\/{rel}","templated":true}]}}