{"id":21190,"date":"2020-11-25T13:35:23","date_gmt":"2023-02-13T15:39:17","guid":{"rendered":"https:\/\/eurotrail.info\/?post_type=product&#038;p=21190"},"modified":"2023-02-13T16:52:35","modified_gmt":"2023-02-13T15:52:35","slug":"hervidor-1-5-ltr-230v","status":"publish","type":"product","link":"https:\/\/eurotrail.info\/es\/producten\/domestico\/aparatos-electricos\/hervidor-1-5-ltr-230v\/","title":{"rendered":"Hervidor 1.5 ltr. &#8211; 230V"},"content":{"rendered":"<p>El hervidor Eurotrail es de tama\u00f1o compacto y f\u00e1cil de usar. Con una capacidad de 1,5 litros, el hervidor tiene una capacidad muy grande, mientras que gracias a la potencia de 900W no tienes que esperar mucho para que hierva el agua y es apta para su uso en el camping.<\/p>\n<p>Uso<br \/>\nEl hervidor es desmontable de la estaci\u00f3n base y, por lo tanto, es pr\u00e1ctico de usar. El indicador de nivel de agua clara y el indicador de contenido m\u00e1ximo indican cu\u00e1nta agua puede poner en el hervidor. La operaci\u00f3n es f\u00e1cil por medio del interruptor de encendido \/ apagado y gracias a la luz LED puede ver inmediatamente si el hervidor est\u00e1 encendido. Cuando el agua hierve, el hervidor se apaga autom\u00e1ticamente.<\/p>\n<p>Seguro de usar<br \/>\nLa tetera Eurotrail viene en una carcasa con asa integrada y est\u00e1 hecha de material sin BPA. La protecci\u00f3n de hervido en seco asegura que el hervidor se apague cuando no haya m\u00e1s agua en \u00e9l. Gracias al sistema de almacenamiento de cables, puede almacenar f\u00e1cilmente el cable innecesario.<\/p>\n<p>Detalles:<br \/>\n\u2022 pr\u00e1ctico hervidor con carcasa de pl\u00e1stico y una capacidad de 1,5 litros<br \/>\n\u2022 potencia 220-240V, 800-900W<br \/>\n\u2022 equipado con interruptor de encendido \/ apagado y apagado autom\u00e1tico<br \/>\n\u2022 protecci\u00f3n para hervir en seco<br \/>\n\u2022 360 \u00b0 giratorio en la placa base<br \/>\n\u2022 Tama\u00f1o: 21x16x21cm<br \/>\n\u2022 Peso: 723 gr.<\/p>\n","protected":false},"excerpt":{"rendered":"<p>El hervidor Eurotrail es de tama\u00f1o compacto y f\u00e1cil de usar. Con una capacidad de 1,5 litros, el hervidor tiene una capacidad muy grande, mientras que gracias a la potencia de 900W no tienes que esperar mucho para que hierva el agua y es apta para su uso en el camping.<\/p>\n","protected":false},"featured_media":19219,"comment_status":"open","ping_status":"closed","template":"","meta":{"_acf_changed":false},"product_brand":[],"product_cat":[339,337],"product_tag":[],"class_list":{"0":"post-21190","1":"product","2":"type-product","3":"status-publish","4":"has-post-thumbnail","6":"product_cat-aparatos-electricos","7":"product_cat-domestico","9":"first","10":"instock","11":"shipping-taxable","12":"product-type-simple"},"acf":[],"yoast_head":"<!-- This site is optimized with the Yoast SEO plugin v27.4 - https:\/\/yoast.com\/product\/yoast-seo-wordpress\/ -->\n<title>Hervidor 1.5 ltr. - 230V - Eurotrail | The way we camp!<\/title>\n<meta name=\"description\" content=\"El hervidor Eurotrail es de tama\u00f1o compacto y f\u00e1cil de usar. Con una capacidad de 1,5 litros, el hervidor tiene una capacidad muy grande, mientras que gracias a la potencia de 900W no tienes que esperar mucho para que hierva el agua y es apta para su uso en el camping.\" \/>\n<meta name=\"robots\" content=\"index, follow, max-snippet:-1, max-image-preview:large, max-video-preview:-1\" \/>\n<link rel=\"canonical\" href=\"https:\/\/eurotrail.info\/es\/producten\/domestico\/aparatos-electricos\/hervidor-1-5-ltr-230v\/\" \/>\n<meta property=\"og:locale\" content=\"es_ES\" \/>\n<meta property=\"og:type\" content=\"article\" \/>\n<meta property=\"og:title\" content=\"Hervidor 1.5 ltr. - 230V - Eurotrail | The way we camp!\" \/>\n<meta property=\"og:description\" content=\"El hervidor Eurotrail es de tama\u00f1o compacto y f\u00e1cil de usar. Con una capacidad de 1,5 litros, el hervidor tiene una capacidad muy grande, mientras que gracias a la potencia de 900W no tienes que esperar mucho para que hierva el agua y es apta para su uso en el camping.\" \/>\n<meta property=\"og:url\" content=\"https:\/\/eurotrail.info\/es\/producten\/domestico\/aparatos-electricos\/hervidor-1-5-ltr-230v\/\" \/>\n<meta property=\"og:site_name\" content=\"Eurotrail | The way we camp!\" \/>\n<meta property=\"article:modified_time\" content=\"2023-02-13T15:52:35+00:00\" \/>\n<meta property=\"og:image\" content=\"https:\/\/eurotrail.info\/wp\/wp-content\/uploads\/2020\/11\/ETKW6016-Kettle-21.jpg\" \/>\n\t<meta property=\"og:image:width\" content=\"1628\" \/>\n\t<meta property=\"og:image:height\" content=\"1772\" \/>\n\t<meta property=\"og:image:type\" content=\"image\/jpeg\" \/>\n<meta name=\"twitter:card\" content=\"summary_large_image\" \/>\n<meta name=\"twitter:label1\" content=\"Tiempo de lectura\" \/>\n\t<meta name=\"twitter:data1\" content=\"2 minutes\" \/>\n<script type=\"application\/ld+json\" class=\"yoast-schema-graph\">{\"@context\":\"https:\\\/\\\/schema.org\",\"@graph\":[{\"@type\":\"WebPage\",\"@id\":\"https:\\\/\\\/eurotrail.info\\\/es\\\/producten\\\/domestico\\\/aparatos-electricos\\\/hervidor-1-5-ltr-230v\\\/\",\"url\":\"https:\\\/\\\/eurotrail.info\\\/es\\\/producten\\\/domestico\\\/aparatos-electricos\\\/hervidor-1-5-ltr-230v\\\/\",\"name\":\"Hervidor 1.5 ltr. - 230V - Eurotrail | The way we camp!\",\"isPartOf\":{\"@id\":\"https:\\\/\\\/eurotrail.info\\\/#website\"},\"primaryImageOfPage\":{\"@id\":\"https:\\\/\\\/eurotrail.info\\\/es\\\/producten\\\/domestico\\\/aparatos-electricos\\\/hervidor-1-5-ltr-230v\\\/#primaryimage\"},\"image\":{\"@id\":\"https:\\\/\\\/eurotrail.info\\\/es\\\/producten\\\/domestico\\\/aparatos-electricos\\\/hervidor-1-5-ltr-230v\\\/#primaryimage\"},\"thumbnailUrl\":\"https:\\\/\\\/eurotrail.info\\\/wp\\\/wp-content\\\/uploads\\\/2020\\\/11\\\/ETKW6016-Kettle-21.jpg\",\"datePublished\":\"2023-02-13T15:39:17+00:00\",\"dateModified\":\"2023-02-13T15:52:35+00:00\",\"description\":\"El hervidor Eurotrail es de tama\u00f1o compacto y f\u00e1cil de usar. Con una capacidad de 1,5 litros, el hervidor tiene una capacidad muy grande, mientras que gracias a la potencia de 900W no tienes que esperar mucho para que hierva el agua y es apta para su uso en el camping.\",\"breadcrumb\":{\"@id\":\"https:\\\/\\\/eurotrail.info\\\/es\\\/producten\\\/domestico\\\/aparatos-electricos\\\/hervidor-1-5-ltr-230v\\\/#breadcrumb\"},\"inLanguage\":\"es-ES\",\"potentialAction\":[{\"@type\":\"ReadAction\",\"target\":[\"https:\\\/\\\/eurotrail.info\\\/es\\\/producten\\\/domestico\\\/aparatos-electricos\\\/hervidor-1-5-ltr-230v\\\/\"]}]},{\"@type\":\"ImageObject\",\"inLanguage\":\"es-ES\",\"@id\":\"https:\\\/\\\/eurotrail.info\\\/es\\\/producten\\\/domestico\\\/aparatos-electricos\\\/hervidor-1-5-ltr-230v\\\/#primaryimage\",\"url\":\"https:\\\/\\\/eurotrail.info\\\/wp\\\/wp-content\\\/uploads\\\/2020\\\/11\\\/ETKW6016-Kettle-21.jpg\",\"contentUrl\":\"https:\\\/\\\/eurotrail.info\\\/wp\\\/wp-content\\\/uploads\\\/2020\\\/11\\\/ETKW6016-Kettle-21.jpg\",\"width\":1628,\"height\":1772},{\"@type\":\"BreadcrumbList\",\"@id\":\"https:\\\/\\\/eurotrail.info\\\/es\\\/producten\\\/domestico\\\/aparatos-electricos\\\/hervidor-1-5-ltr-230v\\\/#breadcrumb\",\"itemListElement\":[{\"@type\":\"ListItem\",\"position\":1,\"name\":\"Home\",\"item\":\"https:\\\/\\\/eurotrail.info\\\/es\\\/\"},{\"@type\":\"ListItem\",\"position\":2,\"name\":\"Productos\",\"item\":\"https:\\\/\\\/eurotrail.info\\\/es\\\/productos\\\/\"},{\"@type\":\"ListItem\",\"position\":3,\"name\":\"Hervidor 1.5 ltr. &#8211; 230V\"}]},{\"@type\":\"WebSite\",\"@id\":\"https:\\\/\\\/eurotrail.info\\\/#website\",\"url\":\"https:\\\/\\\/eurotrail.info\\\/\",\"name\":\"Eurotrail | The way we camp!\",\"description\":\"\",\"publisher\":{\"@id\":\"https:\\\/\\\/eurotrail.info\\\/#organization\"},\"potentialAction\":[{\"@type\":\"SearchAction\",\"target\":{\"@type\":\"EntryPoint\",\"urlTemplate\":\"https:\\\/\\\/eurotrail.info\\\/?s={search_term_string}\"},\"query-input\":{\"@type\":\"PropertyValueSpecification\",\"valueRequired\":true,\"valueName\":\"search_term_string\"}}],\"inLanguage\":\"es-ES\"},{\"@type\":\"Organization\",\"@id\":\"https:\\\/\\\/eurotrail.info\\\/#organization\",\"name\":\"Eurotrail | The way we camp!\",\"url\":\"https:\\\/\\\/eurotrail.info\\\/\",\"logo\":{\"@type\":\"ImageObject\",\"inLanguage\":\"es-ES\",\"@id\":\"https:\\\/\\\/eurotrail.info\\\/#\\\/schema\\\/logo\\\/image\\\/\",\"url\":\"https:\\\/\\\/eurotrail.info\\\/wp\\\/wp-content\\\/uploads\\\/2023\\\/07\\\/ET-logo-quote_NL-scaled.jpg\",\"contentUrl\":\"https:\\\/\\\/eurotrail.info\\\/wp\\\/wp-content\\\/uploads\\\/2023\\\/07\\\/ET-logo-quote_NL-scaled.jpg\",\"width\":2560,\"height\":675,\"caption\":\"Eurotrail | The way we camp!\"},\"image\":{\"@id\":\"https:\\\/\\\/eurotrail.info\\\/#\\\/schema\\\/logo\\\/image\\\/\"}}]}<\/script>\n<!-- \/ Yoast SEO plugin. -->","yoast_head_json":{"title":"Hervidor 1.5 ltr. - 230V - Eurotrail | The way we camp!","description":"El hervidor Eurotrail es de tama\u00f1o compacto y f\u00e1cil de usar. Con una capacidad de 1,5 litros, el hervidor tiene una capacidad muy grande, mientras que gracias a la potencia de 900W no tienes que esperar mucho para que hierva el agua y es apta para su uso en el camping.","robots":{"index":"index","follow":"follow","max-snippet":"max-snippet:-1","max-image-preview":"max-image-preview:large","max-video-preview":"max-video-preview:-1"},"canonical":"https:\/\/eurotrail.info\/es\/producten\/domestico\/aparatos-electricos\/hervidor-1-5-ltr-230v\/","og_locale":"es_ES","og_type":"article","og_title":"Hervidor 1.5 ltr. - 230V - Eurotrail | The way we camp!","og_description":"El hervidor Eurotrail es de tama\u00f1o compacto y f\u00e1cil de usar. Con una capacidad de 1,5 litros, el hervidor tiene una capacidad muy grande, mientras que gracias a la potencia de 900W no tienes que esperar mucho para que hierva el agua y es apta para su uso en el camping.","og_url":"https:\/\/eurotrail.info\/es\/producten\/domestico\/aparatos-electricos\/hervidor-1-5-ltr-230v\/","og_site_name":"Eurotrail | The way we camp!","article_modified_time":"2023-02-13T15:52:35+00:00","og_image":[{"width":1628,"height":1772,"url":"https:\/\/eurotrail.info\/wp\/wp-content\/uploads\/2020\/11\/ETKW6016-Kettle-21.jpg","type":"image\/jpeg"}],"twitter_card":"summary_large_image","twitter_misc":{"Tiempo de lectura":"2 minutes"},"schema":{"@context":"https:\/\/schema.org","@graph":[{"@type":"WebPage","@id":"https:\/\/eurotrail.info\/es\/producten\/domestico\/aparatos-electricos\/hervidor-1-5-ltr-230v\/","url":"https:\/\/eurotrail.info\/es\/producten\/domestico\/aparatos-electricos\/hervidor-1-5-ltr-230v\/","name":"Hervidor 1.5 ltr. - 230V - Eurotrail | The way we camp!","isPartOf":{"@id":"https:\/\/eurotrail.info\/#website"},"primaryImageOfPage":{"@id":"https:\/\/eurotrail.info\/es\/producten\/domestico\/aparatos-electricos\/hervidor-1-5-ltr-230v\/#primaryimage"},"image":{"@id":"https:\/\/eurotrail.info\/es\/producten\/domestico\/aparatos-electricos\/hervidor-1-5-ltr-230v\/#primaryimage"},"thumbnailUrl":"https:\/\/eurotrail.info\/wp\/wp-content\/uploads\/2020\/11\/ETKW6016-Kettle-21.jpg","datePublished":"2023-02-13T15:39:17+00:00","dateModified":"2023-02-13T15:52:35+00:00","description":"El hervidor Eurotrail es de tama\u00f1o compacto y f\u00e1cil de usar. Con una capacidad de 1,5 litros, el hervidor tiene una capacidad muy grande, mientras que gracias a la potencia de 900W no tienes que esperar mucho para que hierva el agua y es apta para su uso en el camping.","breadcrumb":{"@id":"https:\/\/eurotrail.info\/es\/producten\/domestico\/aparatos-electricos\/hervidor-1-5-ltr-230v\/#breadcrumb"},"inLanguage":"es-ES","potentialAction":[{"@type":"ReadAction","target":["https:\/\/eurotrail.info\/es\/producten\/domestico\/aparatos-electricos\/hervidor-1-5-ltr-230v\/"]}]},{"@type":"ImageObject","inLanguage":"es-ES","@id":"https:\/\/eurotrail.info\/es\/producten\/domestico\/aparatos-electricos\/hervidor-1-5-ltr-230v\/#primaryimage","url":"https:\/\/eurotrail.info\/wp\/wp-content\/uploads\/2020\/11\/ETKW6016-Kettle-21.jpg","contentUrl":"https:\/\/eurotrail.info\/wp\/wp-content\/uploads\/2020\/11\/ETKW6016-Kettle-21.jpg","width":1628,"height":1772},{"@type":"BreadcrumbList","@id":"https:\/\/eurotrail.info\/es\/producten\/domestico\/aparatos-electricos\/hervidor-1-5-ltr-230v\/#breadcrumb","itemListElement":[{"@type":"ListItem","position":1,"name":"Home","item":"https:\/\/eurotrail.info\/es\/"},{"@type":"ListItem","position":2,"name":"Productos","item":"https:\/\/eurotrail.info\/es\/productos\/"},{"@type":"ListItem","position":3,"name":"Hervidor 1.5 ltr. &#8211; 230V"}]},{"@type":"WebSite","@id":"https:\/\/eurotrail.info\/#website","url":"https:\/\/eurotrail.info\/","name":"Eurotrail | The way we camp!","description":"","publisher":{"@id":"https:\/\/eurotrail.info\/#organization"},"potentialAction":[{"@type":"SearchAction","target":{"@type":"EntryPoint","urlTemplate":"https:\/\/eurotrail.info\/?s={search_term_string}"},"query-input":{"@type":"PropertyValueSpecification","valueRequired":true,"valueName":"search_term_string"}}],"inLanguage":"es-ES"},{"@type":"Organization","@id":"https:\/\/eurotrail.info\/#organization","name":"Eurotrail | The way we camp!","url":"https:\/\/eurotrail.info\/","logo":{"@type":"ImageObject","inLanguage":"es-ES","@id":"https:\/\/eurotrail.info\/#\/schema\/logo\/image\/","url":"https:\/\/eurotrail.info\/wp\/wp-content\/uploads\/2023\/07\/ET-logo-quote_NL-scaled.jpg","contentUrl":"https:\/\/eurotrail.info\/wp\/wp-content\/uploads\/2023\/07\/ET-logo-quote_NL-scaled.jpg","width":2560,"height":675,"caption":"Eurotrail | The way we camp!"},"image":{"@id":"https:\/\/eurotrail.info\/#\/schema\/logo\/image\/"}}]}},"_links":{"self":[{"href":"https:\/\/eurotrail.info\/es\/wp-json\/wp\/v2\/product\/21190","targetHints":{"allow":["GET"]}}],"collection":[{"href":"https:\/\/eurotrail.info\/es\/wp-json\/wp\/v2\/product"}],"about":[{"href":"https:\/\/eurotrail.info\/es\/wp-json\/wp\/v2\/types\/product"}],"replies":[{"embeddable":true,"href":"https:\/\/eurotrail.info\/es\/wp-json\/wp\/v2\/comments?post=21190"}],"wp:featuredmedia":[{"embeddable":true,"href":"https:\/\/eurotrail.info\/es\/wp-json\/wp\/v2\/media\/19219"}],"wp:attachment":[{"href":"https:\/\/eurotrail.info\/es\/wp-json\/wp\/v2\/media?parent=21190"}],"wp:term":[{"taxonomy":"product_brand","embeddable":true,"href":"https:\/\/eurotrail.info\/es\/wp-json\/wp\/v2\/product_brand?post=21190"},{"taxonomy":"product_cat","embeddable":true,"href":"https:\/\/eurotrail.info\/es\/wp-json\/wp\/v2\/product_cat?post=21190"},{"taxonomy":"product_tag","embeddable":true,"href":"https:\/\/eurotrail.info\/es\/wp-json\/wp\/v2\/product_tag?post=21190"}],"curies":[{"name":"wp","href":"https:\/\/api.w.org\/{rel}","templated":true}]}}