{"id":21215,"date":"2023-02-13T16:43:53","date_gmt":"2023-02-13T15:49:44","guid":{"rendered":"https:\/\/eurotrail.info\/?post_type=product&#038;p=21215"},"modified":"2023-04-06T15:17:41","modified_gmt":"2023-04-06T14:17:41","slug":"hervidor-1-0-ltr-230v","status":"publish","type":"product","link":"https:\/\/eurotrail.info\/es\/producten\/domestico\/aparatos-electricos\/hervidor-1-0-ltr-230v\/","title":{"rendered":"Hervidor 1.0 ltr. &#8211; 230V"},"content":{"rendered":"<p>El hervidor Eurotrail tiene un tama\u00f1o compacto y es f\u00e1cil de usar. Con una capacidad de 1 litro, el hervidor tiene una gran capacidad mientras que, gracias a su potencia de 900 W, no tendr\u00e1s que esperar mucho para que hierva el agua y es apto para su uso en campings.<\/p>\n<p>Utilice<br \/>\nEl hervidor es desmontable de la estaci\u00f3n base, lo que facilita su uso. El indicador de nivel de agua y el indicador de capacidad m\u00e1xima muestran claramente cu\u00e1nta agua puede poner en el hervidor. El manejo es sencillo mediante el interruptor de encendido\/apagado y, gracias a la luz LED, podr\u00e1 ver inmediatamente si el hervidor est\u00e1 encendido. Cuando el agua hierve, el hervidor se apaga autom\u00e1ticamente.<\/p>\n<p>Uso seguro<br \/>\nEl hervidor Eurotrail tiene una carcasa con asa integrada y est\u00e1 fabricado con material sin BPA. La protecci\u00f3n contra el hervido en seco garantiza que el hervidor se apague cuando ya no quede agua en su interior. Gracias al sistema de almacenamiento del cable, puede guardar f\u00e1cilmente el cable innecesario.<\/p>\n<p>Detalles:<br \/>\n&#8211; pr\u00e1ctico hervidor con carcasa de pl\u00e1stico y 1 litro de capacidad<br \/>\n&#8211; potencia 220-240V, 800-900W, 4 Amp.<br \/>\n&#8211; equipado con interruptor de encendido\/apagado y apagado autom\u00e1tico<br \/>\n&#8211; protecci\u00f3n contra el secado en ebullici\u00f3n<br \/>\n&#8211; Orientable 360\u2070 sobre la placa base.<br \/>\n&#8211; Dimensiones: 21x16x21cm<br \/>\n&#8211; Peso: 627 gr.<\/p>\n","protected":false},"excerpt":{"rendered":"<p>El hervidor Eurotrail tiene un tama\u00f1o compacto y es f\u00e1cil de usar. Con una capacidad de 1 litro, el hervidor tiene una gran capacidad mientras&hellip;<\/p>\n","protected":false},"featured_media":21196,"comment_status":"open","ping_status":"closed","template":"","meta":{"_acf_changed":false},"product_brand":[],"product_cat":[339,337],"product_tag":[],"class_list":{"0":"post-21215","1":"product","2":"type-product","3":"status-publish","4":"has-post-thumbnail","6":"product_cat-aparatos-electricos","7":"product_cat-domestico","9":"first","10":"instock","11":"shipping-taxable","12":"product-type-simple"},"acf":[],"yoast_head":"<!-- This site is optimized with the Yoast SEO plugin v27.3 - https:\/\/yoast.com\/product\/yoast-seo-wordpress\/ -->\n<title>Hervidor 1.0 ltr. - 230V - Eurotrail | The way we camp!<\/title>\n<meta name=\"description\" content=\"El hervidor Eurotrail tiene un tama\u00f1o compacto y es f\u00e1cil de usar. Con una capacidad de 1 litro, el hervidor tiene una gran capacidad mientras que, gracias a su potencia de 900 W, no tendr\u00e1s que esperar mucho para que hierva el agua y es apto para su uso en campings.\" \/>\n<meta name=\"robots\" content=\"index, follow, max-snippet:-1, max-image-preview:large, max-video-preview:-1\" \/>\n<link rel=\"canonical\" href=\"https:\/\/eurotrail.info\/es\/producten\/domestico\/aparatos-electricos\/hervidor-1-0-ltr-230v\/\" \/>\n<meta property=\"og:locale\" content=\"es_ES\" \/>\n<meta property=\"og:type\" content=\"article\" \/>\n<meta property=\"og:title\" content=\"Hervidor 1.0 ltr. - 230V - Eurotrail | The way we camp!\" \/>\n<meta property=\"og:description\" content=\"El hervidor Eurotrail tiene un tama\u00f1o compacto y es f\u00e1cil de usar. Con una capacidad de 1 litro, el hervidor tiene una gran capacidad mientras que, gracias a su potencia de 900 W, no tendr\u00e1s que esperar mucho para que hierva el agua y es apto para su uso en campings.\" \/>\n<meta property=\"og:url\" content=\"https:\/\/eurotrail.info\/es\/producten\/domestico\/aparatos-electricos\/hervidor-1-0-ltr-230v\/\" \/>\n<meta property=\"og:site_name\" content=\"Eurotrail | The way we camp!\" \/>\n<meta property=\"article:modified_time\" content=\"2023-04-06T14:17:41+00:00\" \/>\n<meta property=\"og:image\" content=\"https:\/\/eurotrail.info\/wp\/wp-content\/uploads\/2023\/02\/ETKW6014-waterkoker-B-1-scaled.jpg\" \/>\n\t<meta property=\"og:image:width\" content=\"2560\" \/>\n\t<meta property=\"og:image:height\" content=\"2173\" \/>\n\t<meta property=\"og:image:type\" content=\"image\/jpeg\" \/>\n<meta name=\"twitter:card\" content=\"summary_large_image\" \/>\n<meta name=\"twitter:label1\" content=\"Tiempo de lectura\" \/>\n\t<meta name=\"twitter:data1\" content=\"2 minutes\" \/>\n<script type=\"application\/ld+json\" class=\"yoast-schema-graph\">{\"@context\":\"https:\\\/\\\/schema.org\",\"@graph\":[{\"@type\":\"WebPage\",\"@id\":\"https:\\\/\\\/eurotrail.info\\\/es\\\/producten\\\/domestico\\\/aparatos-electricos\\\/hervidor-1-0-ltr-230v\\\/\",\"url\":\"https:\\\/\\\/eurotrail.info\\\/es\\\/producten\\\/domestico\\\/aparatos-electricos\\\/hervidor-1-0-ltr-230v\\\/\",\"name\":\"Hervidor 1.0 ltr. - 230V - Eurotrail | The way we camp!\",\"isPartOf\":{\"@id\":\"https:\\\/\\\/eurotrail.info\\\/#website\"},\"primaryImageOfPage\":{\"@id\":\"https:\\\/\\\/eurotrail.info\\\/es\\\/producten\\\/domestico\\\/aparatos-electricos\\\/hervidor-1-0-ltr-230v\\\/#primaryimage\"},\"image\":{\"@id\":\"https:\\\/\\\/eurotrail.info\\\/es\\\/producten\\\/domestico\\\/aparatos-electricos\\\/hervidor-1-0-ltr-230v\\\/#primaryimage\"},\"thumbnailUrl\":\"https:\\\/\\\/eurotrail.info\\\/wp\\\/wp-content\\\/uploads\\\/2023\\\/02\\\/ETKW6014-waterkoker-B-1-scaled.jpg\",\"datePublished\":\"2023-02-13T15:49:44+00:00\",\"dateModified\":\"2023-04-06T14:17:41+00:00\",\"description\":\"El hervidor Eurotrail tiene un tama\u00f1o compacto y es f\u00e1cil de usar. Con una capacidad de 1 litro, el hervidor tiene una gran capacidad mientras que, gracias a su potencia de 900 W, no tendr\u00e1s que esperar mucho para que hierva el agua y es apto para su uso en campings.\",\"breadcrumb\":{\"@id\":\"https:\\\/\\\/eurotrail.info\\\/es\\\/producten\\\/domestico\\\/aparatos-electricos\\\/hervidor-1-0-ltr-230v\\\/#breadcrumb\"},\"inLanguage\":\"es-ES\",\"potentialAction\":[{\"@type\":\"ReadAction\",\"target\":[\"https:\\\/\\\/eurotrail.info\\\/es\\\/producten\\\/domestico\\\/aparatos-electricos\\\/hervidor-1-0-ltr-230v\\\/\"]}]},{\"@type\":\"ImageObject\",\"inLanguage\":\"es-ES\",\"@id\":\"https:\\\/\\\/eurotrail.info\\\/es\\\/producten\\\/domestico\\\/aparatos-electricos\\\/hervidor-1-0-ltr-230v\\\/#primaryimage\",\"url\":\"https:\\\/\\\/eurotrail.info\\\/wp\\\/wp-content\\\/uploads\\\/2023\\\/02\\\/ETKW6014-waterkoker-B-1-scaled.jpg\",\"contentUrl\":\"https:\\\/\\\/eurotrail.info\\\/wp\\\/wp-content\\\/uploads\\\/2023\\\/02\\\/ETKW6014-waterkoker-B-1-scaled.jpg\",\"width\":2560,\"height\":2173,\"caption\":\"Eurotrail waterkoker 1.0 ltr.\"},{\"@type\":\"BreadcrumbList\",\"@id\":\"https:\\\/\\\/eurotrail.info\\\/es\\\/producten\\\/domestico\\\/aparatos-electricos\\\/hervidor-1-0-ltr-230v\\\/#breadcrumb\",\"itemListElement\":[{\"@type\":\"ListItem\",\"position\":1,\"name\":\"Home\",\"item\":\"https:\\\/\\\/eurotrail.info\\\/es\\\/\"},{\"@type\":\"ListItem\",\"position\":2,\"name\":\"Productos\",\"item\":\"https:\\\/\\\/eurotrail.info\\\/es\\\/productos\\\/\"},{\"@type\":\"ListItem\",\"position\":3,\"name\":\"Hervidor 1.0 ltr. &#8211; 230V\"}]},{\"@type\":\"WebSite\",\"@id\":\"https:\\\/\\\/eurotrail.info\\\/#website\",\"url\":\"https:\\\/\\\/eurotrail.info\\\/\",\"name\":\"Eurotrail | The way we camp!\",\"description\":\"\",\"publisher\":{\"@id\":\"https:\\\/\\\/eurotrail.info\\\/#organization\"},\"potentialAction\":[{\"@type\":\"SearchAction\",\"target\":{\"@type\":\"EntryPoint\",\"urlTemplate\":\"https:\\\/\\\/eurotrail.info\\\/?s={search_term_string}\"},\"query-input\":{\"@type\":\"PropertyValueSpecification\",\"valueRequired\":true,\"valueName\":\"search_term_string\"}}],\"inLanguage\":\"es-ES\"},{\"@type\":\"Organization\",\"@id\":\"https:\\\/\\\/eurotrail.info\\\/#organization\",\"name\":\"Eurotrail | The way we camp!\",\"url\":\"https:\\\/\\\/eurotrail.info\\\/\",\"logo\":{\"@type\":\"ImageObject\",\"inLanguage\":\"es-ES\",\"@id\":\"https:\\\/\\\/eurotrail.info\\\/#\\\/schema\\\/logo\\\/image\\\/\",\"url\":\"https:\\\/\\\/eurotrail.info\\\/wp\\\/wp-content\\\/uploads\\\/2023\\\/07\\\/ET-logo-quote_NL-scaled.jpg\",\"contentUrl\":\"https:\\\/\\\/eurotrail.info\\\/wp\\\/wp-content\\\/uploads\\\/2023\\\/07\\\/ET-logo-quote_NL-scaled.jpg\",\"width\":2560,\"height\":675,\"caption\":\"Eurotrail | The way we camp!\"},\"image\":{\"@id\":\"https:\\\/\\\/eurotrail.info\\\/#\\\/schema\\\/logo\\\/image\\\/\"}}]}<\/script>\n<!-- \/ Yoast SEO plugin. -->","yoast_head_json":{"title":"Hervidor 1.0 ltr. - 230V - Eurotrail | The way we camp!","description":"El hervidor Eurotrail tiene un tama\u00f1o compacto y es f\u00e1cil de usar. Con una capacidad de 1 litro, el hervidor tiene una gran capacidad mientras que, gracias a su potencia de 900 W, no tendr\u00e1s que esperar mucho para que hierva el agua y es apto para su uso en campings.","robots":{"index":"index","follow":"follow","max-snippet":"max-snippet:-1","max-image-preview":"max-image-preview:large","max-video-preview":"max-video-preview:-1"},"canonical":"https:\/\/eurotrail.info\/es\/producten\/domestico\/aparatos-electricos\/hervidor-1-0-ltr-230v\/","og_locale":"es_ES","og_type":"article","og_title":"Hervidor 1.0 ltr. - 230V - Eurotrail | The way we camp!","og_description":"El hervidor Eurotrail tiene un tama\u00f1o compacto y es f\u00e1cil de usar. Con una capacidad de 1 litro, el hervidor tiene una gran capacidad mientras que, gracias a su potencia de 900 W, no tendr\u00e1s que esperar mucho para que hierva el agua y es apto para su uso en campings.","og_url":"https:\/\/eurotrail.info\/es\/producten\/domestico\/aparatos-electricos\/hervidor-1-0-ltr-230v\/","og_site_name":"Eurotrail | The way we camp!","article_modified_time":"2023-04-06T14:17:41+00:00","og_image":[{"width":2560,"height":2173,"url":"https:\/\/eurotrail.info\/wp\/wp-content\/uploads\/2023\/02\/ETKW6014-waterkoker-B-1-scaled.jpg","type":"image\/jpeg"}],"twitter_card":"summary_large_image","twitter_misc":{"Tiempo de lectura":"2 minutes"},"schema":{"@context":"https:\/\/schema.org","@graph":[{"@type":"WebPage","@id":"https:\/\/eurotrail.info\/es\/producten\/domestico\/aparatos-electricos\/hervidor-1-0-ltr-230v\/","url":"https:\/\/eurotrail.info\/es\/producten\/domestico\/aparatos-electricos\/hervidor-1-0-ltr-230v\/","name":"Hervidor 1.0 ltr. - 230V - Eurotrail | The way we camp!","isPartOf":{"@id":"https:\/\/eurotrail.info\/#website"},"primaryImageOfPage":{"@id":"https:\/\/eurotrail.info\/es\/producten\/domestico\/aparatos-electricos\/hervidor-1-0-ltr-230v\/#primaryimage"},"image":{"@id":"https:\/\/eurotrail.info\/es\/producten\/domestico\/aparatos-electricos\/hervidor-1-0-ltr-230v\/#primaryimage"},"thumbnailUrl":"https:\/\/eurotrail.info\/wp\/wp-content\/uploads\/2023\/02\/ETKW6014-waterkoker-B-1-scaled.jpg","datePublished":"2023-02-13T15:49:44+00:00","dateModified":"2023-04-06T14:17:41+00:00","description":"El hervidor Eurotrail tiene un tama\u00f1o compacto y es f\u00e1cil de usar. Con una capacidad de 1 litro, el hervidor tiene una gran capacidad mientras que, gracias a su potencia de 900 W, no tendr\u00e1s que esperar mucho para que hierva el agua y es apto para su uso en campings.","breadcrumb":{"@id":"https:\/\/eurotrail.info\/es\/producten\/domestico\/aparatos-electricos\/hervidor-1-0-ltr-230v\/#breadcrumb"},"inLanguage":"es-ES","potentialAction":[{"@type":"ReadAction","target":["https:\/\/eurotrail.info\/es\/producten\/domestico\/aparatos-electricos\/hervidor-1-0-ltr-230v\/"]}]},{"@type":"ImageObject","inLanguage":"es-ES","@id":"https:\/\/eurotrail.info\/es\/producten\/domestico\/aparatos-electricos\/hervidor-1-0-ltr-230v\/#primaryimage","url":"https:\/\/eurotrail.info\/wp\/wp-content\/uploads\/2023\/02\/ETKW6014-waterkoker-B-1-scaled.jpg","contentUrl":"https:\/\/eurotrail.info\/wp\/wp-content\/uploads\/2023\/02\/ETKW6014-waterkoker-B-1-scaled.jpg","width":2560,"height":2173,"caption":"Eurotrail waterkoker 1.0 ltr."},{"@type":"BreadcrumbList","@id":"https:\/\/eurotrail.info\/es\/producten\/domestico\/aparatos-electricos\/hervidor-1-0-ltr-230v\/#breadcrumb","itemListElement":[{"@type":"ListItem","position":1,"name":"Home","item":"https:\/\/eurotrail.info\/es\/"},{"@type":"ListItem","position":2,"name":"Productos","item":"https:\/\/eurotrail.info\/es\/productos\/"},{"@type":"ListItem","position":3,"name":"Hervidor 1.0 ltr. &#8211; 230V"}]},{"@type":"WebSite","@id":"https:\/\/eurotrail.info\/#website","url":"https:\/\/eurotrail.info\/","name":"Eurotrail | The way we camp!","description":"","publisher":{"@id":"https:\/\/eurotrail.info\/#organization"},"potentialAction":[{"@type":"SearchAction","target":{"@type":"EntryPoint","urlTemplate":"https:\/\/eurotrail.info\/?s={search_term_string}"},"query-input":{"@type":"PropertyValueSpecification","valueRequired":true,"valueName":"search_term_string"}}],"inLanguage":"es-ES"},{"@type":"Organization","@id":"https:\/\/eurotrail.info\/#organization","name":"Eurotrail | The way we camp!","url":"https:\/\/eurotrail.info\/","logo":{"@type":"ImageObject","inLanguage":"es-ES","@id":"https:\/\/eurotrail.info\/#\/schema\/logo\/image\/","url":"https:\/\/eurotrail.info\/wp\/wp-content\/uploads\/2023\/07\/ET-logo-quote_NL-scaled.jpg","contentUrl":"https:\/\/eurotrail.info\/wp\/wp-content\/uploads\/2023\/07\/ET-logo-quote_NL-scaled.jpg","width":2560,"height":675,"caption":"Eurotrail | The way we camp!"},"image":{"@id":"https:\/\/eurotrail.info\/#\/schema\/logo\/image\/"}}]}},"_links":{"self":[{"href":"https:\/\/eurotrail.info\/es\/wp-json\/wp\/v2\/product\/21215","targetHints":{"allow":["GET"]}}],"collection":[{"href":"https:\/\/eurotrail.info\/es\/wp-json\/wp\/v2\/product"}],"about":[{"href":"https:\/\/eurotrail.info\/es\/wp-json\/wp\/v2\/types\/product"}],"replies":[{"embeddable":true,"href":"https:\/\/eurotrail.info\/es\/wp-json\/wp\/v2\/comments?post=21215"}],"wp:featuredmedia":[{"embeddable":true,"href":"https:\/\/eurotrail.info\/es\/wp-json\/wp\/v2\/media\/21196"}],"wp:attachment":[{"href":"https:\/\/eurotrail.info\/es\/wp-json\/wp\/v2\/media?parent=21215"}],"wp:term":[{"taxonomy":"product_brand","embeddable":true,"href":"https:\/\/eurotrail.info\/es\/wp-json\/wp\/v2\/product_brand?post=21215"},{"taxonomy":"product_cat","embeddable":true,"href":"https:\/\/eurotrail.info\/es\/wp-json\/wp\/v2\/product_cat?post=21215"},{"taxonomy":"product_tag","embeddable":true,"href":"https:\/\/eurotrail.info\/es\/wp-json\/wp\/v2\/product_tag?post=21215"}],"curies":[{"name":"wp","href":"https:\/\/api.w.org\/{rel}","templated":true}]}}