{"id":21533,"date":"2022-07-21T12:28:18","date_gmt":"2023-05-01T10:51:49","guid":{"rendered":"https:\/\/eurotrail.info\/?post_type=product&#038;p=21533"},"modified":"2023-05-01T11:51:49","modified_gmt":"2023-05-01T10:51:49","slug":"santiago-btc","status":"publish","type":"product","link":"https:\/\/eurotrail.info\/es\/producten\/carpas\/carpas-transpirables-btc\/santiago-btc\/","title":{"rendered":"Santiago BTC"},"content":{"rendered":"<div class=\"QcsUad BDJ8fb BLojaf wneUed\">\n<div class=\"XL3Kf\">\n<div class=\"a8FIud X0rvP L6rCcb\">\n<div data-show-delay-ms=\"250\" data-append-to-body=\"false\" data-propagate-tooltip-mouseover-events=\"true\" data-anchor-corner=\"bottom-end\" data-enable-skip-handler=\"false\" data-popup-corner=\"top-end\">\n<div class=\" B2mKhd  eQGGme xGUN1\">\n<p>La Santiago es la tienda lateral fabricada en poli\u00e9ster\/algod\u00f3n transpirable, ideal para una familia con ni\u00f1os. Debido a su construcci\u00f3n Vis-a-Vis, los ni\u00f1os pueden experimentar lo que es irse de vacaciones &#8220;solo&#8221;. Por supuesto, esta tienda tambi\u00e9n es perfecta para viajar. Los postes &#8220;flotantes&#8221; adicionales proporcionan una tienda interior m\u00e1s espaciosa.<\/p>\n<p>Dimensiones: 332 x 230 x 130 cm<br \/>\nTama\u00f1o del paquete: 60 x \u00d8 27 cm<br \/>\nTejido exterior: el tejido exterior transpirable es 65 % algod\u00f3n\/35 % poli\u00e9ster<br \/>\nTienda interior: Poli\u00e9ster transpirable, resistente al fuego.<br \/>\nSuelo: material PE<br \/>\nPostes: Fibra de vidrio \u00d8 8,5 mm<br \/>\nPeso: 11 kg<\/p>\n<\/div>\n<\/div>\n<\/div>\n<\/div>\n<\/div>\n","protected":false},"excerpt":{"rendered":"<p>La Santiago es la tienda lateral fabricada en poli\u00e9ster\/algod\u00f3n transpirable, ideal para una familia con ni\u00f1os. Debido a su construcci\u00f3n Vis-a-Vis, los ni\u00f1os pueden experimentar&hellip;<\/p>\n","protected":false},"featured_media":19860,"comment_status":"open","ping_status":"closed","template":"","meta":{"_acf_changed":false},"product_brand":[],"product_cat":[370,374],"product_tag":[],"class_list":{"0":"post-21533","1":"product","2":"type-product","3":"status-publish","4":"has-post-thumbnail","6":"product_cat-carpas","7":"product_cat-carpas-transpirables-btc","9":"first","10":"instock","11":"shipping-taxable","12":"product-type-simple"},"acf":[],"yoast_head":"<!-- This site is optimized with the Yoast SEO plugin v27.4 - https:\/\/yoast.com\/product\/yoast-seo-wordpress\/ -->\n<title>Santiago BTC - Eurotrail | The way we camp!<\/title>\n<meta name=\"robots\" content=\"index, follow, max-snippet:-1, max-image-preview:large, max-video-preview:-1\" \/>\n<link rel=\"canonical\" href=\"https:\/\/eurotrail.info\/es\/producten\/carpas\/carpas-transpirables-btc\/santiago-btc\/\" \/>\n<meta property=\"og:locale\" content=\"es_ES\" \/>\n<meta property=\"og:type\" content=\"article\" \/>\n<meta property=\"og:title\" content=\"Santiago BTC - Eurotrail | The way we camp!\" \/>\n<meta property=\"og:description\" content=\"La Santiago es la tienda lateral fabricada en poli\u00e9ster\/algod\u00f3n transpirable, ideal para una familia con ni\u00f1os. Debido a su construcci\u00f3n Vis-a-Vis, los ni\u00f1os pueden experimentar&hellip;\" \/>\n<meta property=\"og:url\" content=\"https:\/\/eurotrail.info\/es\/producten\/carpas\/carpas-transpirables-btc\/santiago-btc\/\" \/>\n<meta property=\"og:site_name\" content=\"Eurotrail | The way we camp!\" \/>\n<meta property=\"og:image\" content=\"https:\/\/eurotrail.info\/wp\/wp-content\/uploads\/2022\/07\/ETTE0609-Santiago-BTC-Vrijst.-22.jpg\" \/>\n\t<meta property=\"og:image:width\" content=\"1274\" \/>\n\t<meta property=\"og:image:height\" content=\"603\" \/>\n\t<meta property=\"og:image:type\" content=\"image\/jpeg\" \/>\n<meta name=\"twitter:card\" content=\"summary_large_image\" \/>\n<meta name=\"twitter:label1\" content=\"Tiempo de lectura\" \/>\n\t<meta name=\"twitter:data1\" content=\"1 minute\" \/>\n<script type=\"application\/ld+json\" class=\"yoast-schema-graph\">{\"@context\":\"https:\\\/\\\/schema.org\",\"@graph\":[{\"@type\":\"WebPage\",\"@id\":\"https:\\\/\\\/eurotrail.info\\\/es\\\/producten\\\/carpas\\\/carpas-transpirables-btc\\\/santiago-btc\\\/\",\"url\":\"https:\\\/\\\/eurotrail.info\\\/es\\\/producten\\\/carpas\\\/carpas-transpirables-btc\\\/santiago-btc\\\/\",\"name\":\"Santiago BTC - Eurotrail | The way we camp!\",\"isPartOf\":{\"@id\":\"https:\\\/\\\/eurotrail.info\\\/#website\"},\"primaryImageOfPage\":{\"@id\":\"https:\\\/\\\/eurotrail.info\\\/es\\\/producten\\\/carpas\\\/carpas-transpirables-btc\\\/santiago-btc\\\/#primaryimage\"},\"image\":{\"@id\":\"https:\\\/\\\/eurotrail.info\\\/es\\\/producten\\\/carpas\\\/carpas-transpirables-btc\\\/santiago-btc\\\/#primaryimage\"},\"thumbnailUrl\":\"https:\\\/\\\/eurotrail.info\\\/wp\\\/wp-content\\\/uploads\\\/2022\\\/07\\\/ETTE0609-Santiago-BTC-Vrijst.-22.jpg\",\"datePublished\":\"2023-05-01T10:51:49+00:00\",\"breadcrumb\":{\"@id\":\"https:\\\/\\\/eurotrail.info\\\/es\\\/producten\\\/carpas\\\/carpas-transpirables-btc\\\/santiago-btc\\\/#breadcrumb\"},\"inLanguage\":\"es-ES\",\"potentialAction\":[{\"@type\":\"ReadAction\",\"target\":[\"https:\\\/\\\/eurotrail.info\\\/es\\\/producten\\\/carpas\\\/carpas-transpirables-btc\\\/santiago-btc\\\/\"]}]},{\"@type\":\"ImageObject\",\"inLanguage\":\"es-ES\",\"@id\":\"https:\\\/\\\/eurotrail.info\\\/es\\\/producten\\\/carpas\\\/carpas-transpirables-btc\\\/santiago-btc\\\/#primaryimage\",\"url\":\"https:\\\/\\\/eurotrail.info\\\/wp\\\/wp-content\\\/uploads\\\/2022\\\/07\\\/ETTE0609-Santiago-BTC-Vrijst.-22.jpg\",\"contentUrl\":\"https:\\\/\\\/eurotrail.info\\\/wp\\\/wp-content\\\/uploads\\\/2022\\\/07\\\/ETTE0609-Santiago-BTC-Vrijst.-22.jpg\",\"width\":1274,\"height\":603},{\"@type\":\"BreadcrumbList\",\"@id\":\"https:\\\/\\\/eurotrail.info\\\/es\\\/producten\\\/carpas\\\/carpas-transpirables-btc\\\/santiago-btc\\\/#breadcrumb\",\"itemListElement\":[{\"@type\":\"ListItem\",\"position\":1,\"name\":\"Home\",\"item\":\"https:\\\/\\\/eurotrail.info\\\/es\\\/\"},{\"@type\":\"ListItem\",\"position\":2,\"name\":\"Productos\",\"item\":\"https:\\\/\\\/eurotrail.info\\\/es\\\/productos\\\/\"},{\"@type\":\"ListItem\",\"position\":3,\"name\":\"Santiago BTC\"}]},{\"@type\":\"WebSite\",\"@id\":\"https:\\\/\\\/eurotrail.info\\\/#website\",\"url\":\"https:\\\/\\\/eurotrail.info\\\/\",\"name\":\"Eurotrail | The way we camp!\",\"description\":\"\",\"publisher\":{\"@id\":\"https:\\\/\\\/eurotrail.info\\\/#organization\"},\"potentialAction\":[{\"@type\":\"SearchAction\",\"target\":{\"@type\":\"EntryPoint\",\"urlTemplate\":\"https:\\\/\\\/eurotrail.info\\\/?s={search_term_string}\"},\"query-input\":{\"@type\":\"PropertyValueSpecification\",\"valueRequired\":true,\"valueName\":\"search_term_string\"}}],\"inLanguage\":\"es-ES\"},{\"@type\":\"Organization\",\"@id\":\"https:\\\/\\\/eurotrail.info\\\/#organization\",\"name\":\"Eurotrail | The way we camp!\",\"url\":\"https:\\\/\\\/eurotrail.info\\\/\",\"logo\":{\"@type\":\"ImageObject\",\"inLanguage\":\"es-ES\",\"@id\":\"https:\\\/\\\/eurotrail.info\\\/#\\\/schema\\\/logo\\\/image\\\/\",\"url\":\"https:\\\/\\\/eurotrail.info\\\/wp\\\/wp-content\\\/uploads\\\/2023\\\/07\\\/ET-logo-quote_NL-scaled.jpg\",\"contentUrl\":\"https:\\\/\\\/eurotrail.info\\\/wp\\\/wp-content\\\/uploads\\\/2023\\\/07\\\/ET-logo-quote_NL-scaled.jpg\",\"width\":2560,\"height\":675,\"caption\":\"Eurotrail | The way we camp!\"},\"image\":{\"@id\":\"https:\\\/\\\/eurotrail.info\\\/#\\\/schema\\\/logo\\\/image\\\/\"}}]}<\/script>\n<!-- \/ Yoast SEO plugin. -->","yoast_head_json":{"title":"Santiago BTC - Eurotrail | The way we camp!","robots":{"index":"index","follow":"follow","max-snippet":"max-snippet:-1","max-image-preview":"max-image-preview:large","max-video-preview":"max-video-preview:-1"},"canonical":"https:\/\/eurotrail.info\/es\/producten\/carpas\/carpas-transpirables-btc\/santiago-btc\/","og_locale":"es_ES","og_type":"article","og_title":"Santiago BTC - Eurotrail | The way we camp!","og_description":"La Santiago es la tienda lateral fabricada en poli\u00e9ster\/algod\u00f3n transpirable, ideal para una familia con ni\u00f1os. Debido a su construcci\u00f3n Vis-a-Vis, los ni\u00f1os pueden experimentar&hellip;","og_url":"https:\/\/eurotrail.info\/es\/producten\/carpas\/carpas-transpirables-btc\/santiago-btc\/","og_site_name":"Eurotrail | The way we camp!","og_image":[{"width":1274,"height":603,"url":"https:\/\/eurotrail.info\/wp\/wp-content\/uploads\/2022\/07\/ETTE0609-Santiago-BTC-Vrijst.-22.jpg","type":"image\/jpeg"}],"twitter_card":"summary_large_image","twitter_misc":{"Tiempo de lectura":"1 minute"},"schema":{"@context":"https:\/\/schema.org","@graph":[{"@type":"WebPage","@id":"https:\/\/eurotrail.info\/es\/producten\/carpas\/carpas-transpirables-btc\/santiago-btc\/","url":"https:\/\/eurotrail.info\/es\/producten\/carpas\/carpas-transpirables-btc\/santiago-btc\/","name":"Santiago BTC - Eurotrail | The way we camp!","isPartOf":{"@id":"https:\/\/eurotrail.info\/#website"},"primaryImageOfPage":{"@id":"https:\/\/eurotrail.info\/es\/producten\/carpas\/carpas-transpirables-btc\/santiago-btc\/#primaryimage"},"image":{"@id":"https:\/\/eurotrail.info\/es\/producten\/carpas\/carpas-transpirables-btc\/santiago-btc\/#primaryimage"},"thumbnailUrl":"https:\/\/eurotrail.info\/wp\/wp-content\/uploads\/2022\/07\/ETTE0609-Santiago-BTC-Vrijst.-22.jpg","datePublished":"2023-05-01T10:51:49+00:00","breadcrumb":{"@id":"https:\/\/eurotrail.info\/es\/producten\/carpas\/carpas-transpirables-btc\/santiago-btc\/#breadcrumb"},"inLanguage":"es-ES","potentialAction":[{"@type":"ReadAction","target":["https:\/\/eurotrail.info\/es\/producten\/carpas\/carpas-transpirables-btc\/santiago-btc\/"]}]},{"@type":"ImageObject","inLanguage":"es-ES","@id":"https:\/\/eurotrail.info\/es\/producten\/carpas\/carpas-transpirables-btc\/santiago-btc\/#primaryimage","url":"https:\/\/eurotrail.info\/wp\/wp-content\/uploads\/2022\/07\/ETTE0609-Santiago-BTC-Vrijst.-22.jpg","contentUrl":"https:\/\/eurotrail.info\/wp\/wp-content\/uploads\/2022\/07\/ETTE0609-Santiago-BTC-Vrijst.-22.jpg","width":1274,"height":603},{"@type":"BreadcrumbList","@id":"https:\/\/eurotrail.info\/es\/producten\/carpas\/carpas-transpirables-btc\/santiago-btc\/#breadcrumb","itemListElement":[{"@type":"ListItem","position":1,"name":"Home","item":"https:\/\/eurotrail.info\/es\/"},{"@type":"ListItem","position":2,"name":"Productos","item":"https:\/\/eurotrail.info\/es\/productos\/"},{"@type":"ListItem","position":3,"name":"Santiago BTC"}]},{"@type":"WebSite","@id":"https:\/\/eurotrail.info\/#website","url":"https:\/\/eurotrail.info\/","name":"Eurotrail | The way we camp!","description":"","publisher":{"@id":"https:\/\/eurotrail.info\/#organization"},"potentialAction":[{"@type":"SearchAction","target":{"@type":"EntryPoint","urlTemplate":"https:\/\/eurotrail.info\/?s={search_term_string}"},"query-input":{"@type":"PropertyValueSpecification","valueRequired":true,"valueName":"search_term_string"}}],"inLanguage":"es-ES"},{"@type":"Organization","@id":"https:\/\/eurotrail.info\/#organization","name":"Eurotrail | The way we camp!","url":"https:\/\/eurotrail.info\/","logo":{"@type":"ImageObject","inLanguage":"es-ES","@id":"https:\/\/eurotrail.info\/#\/schema\/logo\/image\/","url":"https:\/\/eurotrail.info\/wp\/wp-content\/uploads\/2023\/07\/ET-logo-quote_NL-scaled.jpg","contentUrl":"https:\/\/eurotrail.info\/wp\/wp-content\/uploads\/2023\/07\/ET-logo-quote_NL-scaled.jpg","width":2560,"height":675,"caption":"Eurotrail | The way we camp!"},"image":{"@id":"https:\/\/eurotrail.info\/#\/schema\/logo\/image\/"}}]}},"_links":{"self":[{"href":"https:\/\/eurotrail.info\/es\/wp-json\/wp\/v2\/product\/21533","targetHints":{"allow":["GET"]}}],"collection":[{"href":"https:\/\/eurotrail.info\/es\/wp-json\/wp\/v2\/product"}],"about":[{"href":"https:\/\/eurotrail.info\/es\/wp-json\/wp\/v2\/types\/product"}],"replies":[{"embeddable":true,"href":"https:\/\/eurotrail.info\/es\/wp-json\/wp\/v2\/comments?post=21533"}],"wp:featuredmedia":[{"embeddable":true,"href":"https:\/\/eurotrail.info\/es\/wp-json\/wp\/v2\/media\/19860"}],"wp:attachment":[{"href":"https:\/\/eurotrail.info\/es\/wp-json\/wp\/v2\/media?parent=21533"}],"wp:term":[{"taxonomy":"product_brand","embeddable":true,"href":"https:\/\/eurotrail.info\/es\/wp-json\/wp\/v2\/product_brand?post=21533"},{"taxonomy":"product_cat","embeddable":true,"href":"https:\/\/eurotrail.info\/es\/wp-json\/wp\/v2\/product_cat?post=21533"},{"taxonomy":"product_tag","embeddable":true,"href":"https:\/\/eurotrail.info\/es\/wp-json\/wp\/v2\/product_tag?post=21533"}],"curies":[{"name":"wp","href":"https:\/\/api.w.org\/{rel}","templated":true}]}}