{"id":21914,"date":"2023-12-06T09:05:29","date_gmt":"2023-12-06T08:20:48","guid":{"rendered":"https:\/\/eurotrail.info\/?post_type=product&#038;p=21914"},"modified":"2023-12-06T09:20:48","modified_gmt":"2023-12-06T08:20:48","slug":"perez-silla-de-playa-reciclada","status":"publish","type":"product","link":"https:\/\/eurotrail.info\/es\/producten\/muebles-para-acampar\/sillas-de-playa\/perez-silla-de-playa-reciclada\/","title":{"rendered":"Perez Silla de playa reciclada"},"content":{"rendered":"<p>Esta silla de playa est\u00e1 hecha de material de poli\u00e9ster reciclado y todas las piezas de pl\u00e1stico tambi\u00e9n est\u00e1n hechas de material reciclado. C\u00f3moda silla de playa con posici\u00f3n reclinable. El panel trasero ajustable (5x) se puede mover completamente hacia atr\u00e1s, creando una especie de tumbona. El asiento tiene un tama\u00f1o c\u00f3modo de 48&#215;43 cm y est\u00e1 cerca del suelo (23 cm). Equipado con un gran compartimento de almacenamiento con cremallera en la parte trasera, una pr\u00e1ctica bolsa lateral, almohada y correas para los hombros para facilitar el transporte.<\/p>\n<p>Material: Material 100% poli\u00e9ster reciclado 600D, piezas de pl\u00e1stico fabricadas con material reciclado.<br \/>\nEstructura: aluminio \u00d8 24 mm<br \/>\nDimensiones: 62x55x75cm<br \/>\nPlegado: 70x62x13cm<br \/>\nPeso: 3,4 kg.<br \/>\nM\u00e1x. carga 100 kg.<\/p>\n","protected":false},"excerpt":{"rendered":"<p>Esta silla de playa est\u00e1 hecha de material de poli\u00e9ster reciclado y todas las piezas de pl\u00e1stico tambi\u00e9n est\u00e1n hechas de material reciclado. C\u00f3moda silla&hellip;<\/p>\n","protected":false},"featured_media":21869,"comment_status":"open","ping_status":"closed","template":"","meta":{"_acf_changed":false},"product_brand":[],"product_cat":[348,358],"product_tag":[],"class_list":{"0":"post-21914","1":"product","2":"type-product","3":"status-publish","4":"has-post-thumbnail","6":"product_cat-muebles-para-acampar","7":"product_cat-sillas-de-playa","9":"first","10":"instock","11":"shipping-taxable","12":"product-type-simple"},"acf":[],"yoast_head":"<!-- This site is optimized with the Yoast SEO plugin v27.4 - https:\/\/yoast.com\/product\/yoast-seo-wordpress\/ -->\n<title>Perez Silla de playa reciclada - Eurotrail | The way we camp!<\/title>\n<meta name=\"description\" content=\"Esta silla de playa est\u00e1 hecha de material de poli\u00e9ster reciclado y todas las piezas de pl\u00e1stico tambi\u00e9n est\u00e1n hechas de material reciclado.\" \/>\n<meta name=\"robots\" content=\"index, follow, max-snippet:-1, max-image-preview:large, max-video-preview:-1\" \/>\n<link rel=\"canonical\" href=\"https:\/\/eurotrail.info\/es\/producten\/muebles-para-acampar\/sillas-de-playa\/perez-silla-de-playa-reciclada\/\" \/>\n<meta property=\"og:locale\" content=\"es_ES\" \/>\n<meta property=\"og:type\" content=\"article\" \/>\n<meta property=\"og:title\" content=\"Perez Silla de playa reciclada - Eurotrail | The way we camp!\" \/>\n<meta property=\"og:description\" content=\"Esta silla de playa est\u00e1 hecha de material de poli\u00e9ster reciclado y todas las piezas de pl\u00e1stico tambi\u00e9n est\u00e1n hechas de material reciclado.\" \/>\n<meta property=\"og:url\" content=\"https:\/\/eurotrail.info\/es\/producten\/muebles-para-acampar\/sillas-de-playa\/perez-silla-de-playa-reciclada\/\" \/>\n<meta property=\"og:site_name\" content=\"Eurotrail | The way we camp!\" \/>\n<meta property=\"og:image\" content=\"https:\/\/eurotrail.info\/wp\/wp-content\/uploads\/2023\/12\/beach-chair-1b-scaled.jpg\" \/>\n\t<meta property=\"og:image:width\" content=\"2347\" \/>\n\t<meta property=\"og:image:height\" content=\"2560\" \/>\n\t<meta property=\"og:image:type\" content=\"image\/jpeg\" \/>\n<meta name=\"twitter:card\" content=\"summary_large_image\" \/>\n<meta name=\"twitter:label1\" content=\"Tiempo de lectura\" \/>\n\t<meta name=\"twitter:data1\" content=\"1 minute\" \/>\n<script type=\"application\/ld+json\" class=\"yoast-schema-graph\">{\"@context\":\"https:\\\/\\\/schema.org\",\"@graph\":[{\"@type\":\"WebPage\",\"@id\":\"https:\\\/\\\/eurotrail.info\\\/es\\\/producten\\\/muebles-para-acampar\\\/sillas-de-playa\\\/perez-silla-de-playa-reciclada\\\/\",\"url\":\"https:\\\/\\\/eurotrail.info\\\/es\\\/producten\\\/muebles-para-acampar\\\/sillas-de-playa\\\/perez-silla-de-playa-reciclada\\\/\",\"name\":\"Perez Silla de playa reciclada - Eurotrail | The way we camp!\",\"isPartOf\":{\"@id\":\"https:\\\/\\\/eurotrail.info\\\/#website\"},\"primaryImageOfPage\":{\"@id\":\"https:\\\/\\\/eurotrail.info\\\/es\\\/producten\\\/muebles-para-acampar\\\/sillas-de-playa\\\/perez-silla-de-playa-reciclada\\\/#primaryimage\"},\"image\":{\"@id\":\"https:\\\/\\\/eurotrail.info\\\/es\\\/producten\\\/muebles-para-acampar\\\/sillas-de-playa\\\/perez-silla-de-playa-reciclada\\\/#primaryimage\"},\"thumbnailUrl\":\"https:\\\/\\\/eurotrail.info\\\/wp\\\/wp-content\\\/uploads\\\/2023\\\/12\\\/beach-chair-1b-scaled.jpg\",\"datePublished\":\"2023-12-06T08:20:48+00:00\",\"description\":\"Esta silla de playa est\u00e1 hecha de material de poli\u00e9ster reciclado y todas las piezas de pl\u00e1stico tambi\u00e9n est\u00e1n hechas de material reciclado.\",\"breadcrumb\":{\"@id\":\"https:\\\/\\\/eurotrail.info\\\/es\\\/producten\\\/muebles-para-acampar\\\/sillas-de-playa\\\/perez-silla-de-playa-reciclada\\\/#breadcrumb\"},\"inLanguage\":\"es-ES\",\"potentialAction\":[{\"@type\":\"ReadAction\",\"target\":[\"https:\\\/\\\/eurotrail.info\\\/es\\\/producten\\\/muebles-para-acampar\\\/sillas-de-playa\\\/perez-silla-de-playa-reciclada\\\/\"]}]},{\"@type\":\"ImageObject\",\"inLanguage\":\"es-ES\",\"@id\":\"https:\\\/\\\/eurotrail.info\\\/es\\\/producten\\\/muebles-para-acampar\\\/sillas-de-playa\\\/perez-silla-de-playa-reciclada\\\/#primaryimage\",\"url\":\"https:\\\/\\\/eurotrail.info\\\/wp\\\/wp-content\\\/uploads\\\/2023\\\/12\\\/beach-chair-1b-scaled.jpg\",\"contentUrl\":\"https:\\\/\\\/eurotrail.info\\\/wp\\\/wp-content\\\/uploads\\\/2023\\\/12\\\/beach-chair-1b-scaled.jpg\",\"width\":2347,\"height\":2560,\"caption\":\"Deze strandstoel is vervaardigd van een gerecycled polyester materiaal en alle plastics onderdelen zijn tevens van gerecycled materiaal.\"},{\"@type\":\"BreadcrumbList\",\"@id\":\"https:\\\/\\\/eurotrail.info\\\/es\\\/producten\\\/muebles-para-acampar\\\/sillas-de-playa\\\/perez-silla-de-playa-reciclada\\\/#breadcrumb\",\"itemListElement\":[{\"@type\":\"ListItem\",\"position\":1,\"name\":\"Home\",\"item\":\"https:\\\/\\\/eurotrail.info\\\/es\\\/\"},{\"@type\":\"ListItem\",\"position\":2,\"name\":\"Productos\",\"item\":\"https:\\\/\\\/eurotrail.info\\\/es\\\/productos\\\/\"},{\"@type\":\"ListItem\",\"position\":3,\"name\":\"Perez Silla de playa reciclada\"}]},{\"@type\":\"WebSite\",\"@id\":\"https:\\\/\\\/eurotrail.info\\\/#website\",\"url\":\"https:\\\/\\\/eurotrail.info\\\/\",\"name\":\"Eurotrail | The way we camp!\",\"description\":\"\",\"publisher\":{\"@id\":\"https:\\\/\\\/eurotrail.info\\\/#organization\"},\"potentialAction\":[{\"@type\":\"SearchAction\",\"target\":{\"@type\":\"EntryPoint\",\"urlTemplate\":\"https:\\\/\\\/eurotrail.info\\\/?s={search_term_string}\"},\"query-input\":{\"@type\":\"PropertyValueSpecification\",\"valueRequired\":true,\"valueName\":\"search_term_string\"}}],\"inLanguage\":\"es-ES\"},{\"@type\":\"Organization\",\"@id\":\"https:\\\/\\\/eurotrail.info\\\/#organization\",\"name\":\"Eurotrail | The way we camp!\",\"url\":\"https:\\\/\\\/eurotrail.info\\\/\",\"logo\":{\"@type\":\"ImageObject\",\"inLanguage\":\"es-ES\",\"@id\":\"https:\\\/\\\/eurotrail.info\\\/#\\\/schema\\\/logo\\\/image\\\/\",\"url\":\"https:\\\/\\\/eurotrail.info\\\/wp\\\/wp-content\\\/uploads\\\/2023\\\/07\\\/ET-logo-quote_NL-scaled.jpg\",\"contentUrl\":\"https:\\\/\\\/eurotrail.info\\\/wp\\\/wp-content\\\/uploads\\\/2023\\\/07\\\/ET-logo-quote_NL-scaled.jpg\",\"width\":2560,\"height\":675,\"caption\":\"Eurotrail | The way we camp!\"},\"image\":{\"@id\":\"https:\\\/\\\/eurotrail.info\\\/#\\\/schema\\\/logo\\\/image\\\/\"}}]}<\/script>\n<!-- \/ Yoast SEO plugin. -->","yoast_head_json":{"title":"Perez Silla de playa reciclada - Eurotrail | The way we camp!","description":"Esta silla de playa est\u00e1 hecha de material de poli\u00e9ster reciclado y todas las piezas de pl\u00e1stico tambi\u00e9n est\u00e1n hechas de material reciclado.","robots":{"index":"index","follow":"follow","max-snippet":"max-snippet:-1","max-image-preview":"max-image-preview:large","max-video-preview":"max-video-preview:-1"},"canonical":"https:\/\/eurotrail.info\/es\/producten\/muebles-para-acampar\/sillas-de-playa\/perez-silla-de-playa-reciclada\/","og_locale":"es_ES","og_type":"article","og_title":"Perez Silla de playa reciclada - Eurotrail | The way we camp!","og_description":"Esta silla de playa est\u00e1 hecha de material de poli\u00e9ster reciclado y todas las piezas de pl\u00e1stico tambi\u00e9n est\u00e1n hechas de material reciclado.","og_url":"https:\/\/eurotrail.info\/es\/producten\/muebles-para-acampar\/sillas-de-playa\/perez-silla-de-playa-reciclada\/","og_site_name":"Eurotrail | The way we camp!","og_image":[{"width":2347,"height":2560,"url":"https:\/\/eurotrail.info\/wp\/wp-content\/uploads\/2023\/12\/beach-chair-1b-scaled.jpg","type":"image\/jpeg"}],"twitter_card":"summary_large_image","twitter_misc":{"Tiempo de lectura":"1 minute"},"schema":{"@context":"https:\/\/schema.org","@graph":[{"@type":"WebPage","@id":"https:\/\/eurotrail.info\/es\/producten\/muebles-para-acampar\/sillas-de-playa\/perez-silla-de-playa-reciclada\/","url":"https:\/\/eurotrail.info\/es\/producten\/muebles-para-acampar\/sillas-de-playa\/perez-silla-de-playa-reciclada\/","name":"Perez Silla de playa reciclada - Eurotrail | The way we camp!","isPartOf":{"@id":"https:\/\/eurotrail.info\/#website"},"primaryImageOfPage":{"@id":"https:\/\/eurotrail.info\/es\/producten\/muebles-para-acampar\/sillas-de-playa\/perez-silla-de-playa-reciclada\/#primaryimage"},"image":{"@id":"https:\/\/eurotrail.info\/es\/producten\/muebles-para-acampar\/sillas-de-playa\/perez-silla-de-playa-reciclada\/#primaryimage"},"thumbnailUrl":"https:\/\/eurotrail.info\/wp\/wp-content\/uploads\/2023\/12\/beach-chair-1b-scaled.jpg","datePublished":"2023-12-06T08:20:48+00:00","description":"Esta silla de playa est\u00e1 hecha de material de poli\u00e9ster reciclado y todas las piezas de pl\u00e1stico tambi\u00e9n est\u00e1n hechas de material reciclado.","breadcrumb":{"@id":"https:\/\/eurotrail.info\/es\/producten\/muebles-para-acampar\/sillas-de-playa\/perez-silla-de-playa-reciclada\/#breadcrumb"},"inLanguage":"es-ES","potentialAction":[{"@type":"ReadAction","target":["https:\/\/eurotrail.info\/es\/producten\/muebles-para-acampar\/sillas-de-playa\/perez-silla-de-playa-reciclada\/"]}]},{"@type":"ImageObject","inLanguage":"es-ES","@id":"https:\/\/eurotrail.info\/es\/producten\/muebles-para-acampar\/sillas-de-playa\/perez-silla-de-playa-reciclada\/#primaryimage","url":"https:\/\/eurotrail.info\/wp\/wp-content\/uploads\/2023\/12\/beach-chair-1b-scaled.jpg","contentUrl":"https:\/\/eurotrail.info\/wp\/wp-content\/uploads\/2023\/12\/beach-chair-1b-scaled.jpg","width":2347,"height":2560,"caption":"Deze strandstoel is vervaardigd van een gerecycled polyester materiaal en alle plastics onderdelen zijn tevens van gerecycled materiaal."},{"@type":"BreadcrumbList","@id":"https:\/\/eurotrail.info\/es\/producten\/muebles-para-acampar\/sillas-de-playa\/perez-silla-de-playa-reciclada\/#breadcrumb","itemListElement":[{"@type":"ListItem","position":1,"name":"Home","item":"https:\/\/eurotrail.info\/es\/"},{"@type":"ListItem","position":2,"name":"Productos","item":"https:\/\/eurotrail.info\/es\/productos\/"},{"@type":"ListItem","position":3,"name":"Perez Silla de playa reciclada"}]},{"@type":"WebSite","@id":"https:\/\/eurotrail.info\/#website","url":"https:\/\/eurotrail.info\/","name":"Eurotrail | The way we camp!","description":"","publisher":{"@id":"https:\/\/eurotrail.info\/#organization"},"potentialAction":[{"@type":"SearchAction","target":{"@type":"EntryPoint","urlTemplate":"https:\/\/eurotrail.info\/?s={search_term_string}"},"query-input":{"@type":"PropertyValueSpecification","valueRequired":true,"valueName":"search_term_string"}}],"inLanguage":"es-ES"},{"@type":"Organization","@id":"https:\/\/eurotrail.info\/#organization","name":"Eurotrail | The way we camp!","url":"https:\/\/eurotrail.info\/","logo":{"@type":"ImageObject","inLanguage":"es-ES","@id":"https:\/\/eurotrail.info\/#\/schema\/logo\/image\/","url":"https:\/\/eurotrail.info\/wp\/wp-content\/uploads\/2023\/07\/ET-logo-quote_NL-scaled.jpg","contentUrl":"https:\/\/eurotrail.info\/wp\/wp-content\/uploads\/2023\/07\/ET-logo-quote_NL-scaled.jpg","width":2560,"height":675,"caption":"Eurotrail | The way we camp!"},"image":{"@id":"https:\/\/eurotrail.info\/#\/schema\/logo\/image\/"}}]}},"_links":{"self":[{"href":"https:\/\/eurotrail.info\/es\/wp-json\/wp\/v2\/product\/21914","targetHints":{"allow":["GET"]}}],"collection":[{"href":"https:\/\/eurotrail.info\/es\/wp-json\/wp\/v2\/product"}],"about":[{"href":"https:\/\/eurotrail.info\/es\/wp-json\/wp\/v2\/types\/product"}],"replies":[{"embeddable":true,"href":"https:\/\/eurotrail.info\/es\/wp-json\/wp\/v2\/comments?post=21914"}],"wp:featuredmedia":[{"embeddable":true,"href":"https:\/\/eurotrail.info\/es\/wp-json\/wp\/v2\/media\/21869"}],"wp:attachment":[{"href":"https:\/\/eurotrail.info\/es\/wp-json\/wp\/v2\/media?parent=21914"}],"wp:term":[{"taxonomy":"product_brand","embeddable":true,"href":"https:\/\/eurotrail.info\/es\/wp-json\/wp\/v2\/product_brand?post=21914"},{"taxonomy":"product_cat","embeddable":true,"href":"https:\/\/eurotrail.info\/es\/wp-json\/wp\/v2\/product_cat?post=21914"},{"taxonomy":"product_tag","embeddable":true,"href":"https:\/\/eurotrail.info\/es\/wp-json\/wp\/v2\/product_tag?post=21914"}],"curies":[{"name":"wp","href":"https:\/\/api.w.org\/{rel}","templated":true}]}}