{"id":22025,"date":"2023-12-06T15:19:07","date_gmt":"2023-12-06T14:19:07","guid":{"rendered":"https:\/\/eurotrail.info\/?post_type=product&#038;p=22025"},"modified":"2026-02-25T16:53:26","modified_gmt":"2026-02-25T15:53:26","slug":"papelera-con-sensor-de-movimiento","status":"publish","type":"product","link":"https:\/\/eurotrail.info\/es\/producten\/domestico\/articulos-de-cocina-plegables-de-silicona\/papelera-con-sensor-de-movimiento\/","title":{"rendered":"Cubo de basura plegable con sensor"},"content":{"rendered":"<p>Cubo de basura plegable con sensor para autocaravanas, caravanas y camping<\/p>\n<p>Mantenga su camping, caravana o furgoneta camper limpia e higi\u00e9nica sin esfuerzo con este ingenioso cubo de basura plegable. Gracias al sensor de movimiento integrado, la tapa se abre autom\u00e1ticamente al acercar las manos. Ideal para cuando tiene las manos ocupadas o para desechar los residuos de forma higi\u00e9nica sin tocar nada.<\/p>\n<p>El cubo de basura es compacto, ligero y totalmente plegable, ocupando un espacio m\u00ednimo durante los viajes o el almacenamiento. Desplegado, ofrece suficiente capacidad para el uso diario, mientras que plegado, cabe perfectamente en espacios peque\u00f1os como una autocaravana, caravana o tienda de campa\u00f1a.<\/p>\n<p>Su dise\u00f1o inteligente mantiene los residuos perfectamente sellados, lo que ayuda a prevenir olores e insectos. Una soluci\u00f3n pr\u00e1ctica y moderna para quienes valoran la comodidad y la higiene al acampar o viajar.<\/p>\n<p>* Apertura y cierre autom\u00e1ticos con sensor de movimiento<br \/>\n* Higi\u00e9nico: no requiere contacto<br \/>\n* Plegable y compacto<br \/>\n* Ligero y f\u00e1cil de transportar<br \/>\n* Ideal para caravanas, autocaravanas, barcos o tiendas de campa\u00f1a<\/p>\n<p>Un peque\u00f1o cubo de basura muy pr\u00e1ctico para una experiencia de camping fresca y sin preocupaciones.<\/p>\n<p><a style=\"background-color: #ffffff; font-size: 1rem;\" href=\"https:\/\/youtu.be\/vGqn57aQnGw\">\u00a1Escanea el c\u00f3digo GR para ver el v\u00eddeo de Youtube o haz clic aqu\u00ed!<\/a><\/p>\n<p>Material: ABS, PP, TPR<br \/>\nDimensiones: 25 x 25 x 30,5 cm<br \/>\nPlegado: 25 x 25 x 11,5 cm<br \/>\nCapacidad: 8,5 litros<br \/>\nPeso: 1050 g<br \/>\nAlimentaci\u00f3n: 2 pilas AA (no incluidas)<\/p>\n","protected":false},"excerpt":{"rendered":"<p>Cubo de basura plegable con sensor para autocaravanas, caravanas y camping Mantenga su camping, caravana o furgoneta camper limpia e higi\u00e9nica sin esfuerzo con este&hellip;<\/p>\n","protected":false},"featured_media":22001,"comment_status":"open","ping_status":"closed","template":"","meta":{"_acf_changed":false},"product_brand":[],"product_cat":[344,337],"product_tag":[],"class_list":{"0":"post-22025","1":"product","2":"type-product","3":"status-publish","4":"has-post-thumbnail","6":"product_cat-articulos-de-cocina-plegables-de-silicona","7":"product_cat-domestico","9":"first","10":"instock","11":"shipping-taxable","12":"product-type-simple"},"acf":[],"yoast_head":"<!-- This site is optimized with the Yoast SEO plugin v27.3 - https:\/\/yoast.com\/product\/yoast-seo-wordpress\/ -->\n<title>Cubo de basura plegable con sensor - Eurotrail | The way we camp!<\/title>\n<meta name=\"description\" content=\"Pr\u00e1ctico cubo de basura plegable con sensor de movimiento por infrarrojos. Esto garantiza que el cubo se abra autom\u00e1ticamente tan pronto como coloque la mano a una distancia de 20 cm y se vuelva a cerrar despu\u00e9s de 5 segundos.\" \/>\n<meta name=\"robots\" content=\"index, follow, max-snippet:-1, max-image-preview:large, max-video-preview:-1\" \/>\n<link rel=\"canonical\" href=\"https:\/\/eurotrail.info\/es\/producten\/domestico\/articulos-de-cocina-plegables-de-silicona\/papelera-con-sensor-de-movimiento\/\" \/>\n<meta property=\"og:locale\" content=\"es_ES\" \/>\n<meta property=\"og:type\" content=\"article\" \/>\n<meta property=\"og:title\" content=\"Cubo de basura plegable con sensor - Eurotrail | The way we camp!\" \/>\n<meta property=\"og:description\" content=\"Pr\u00e1ctico cubo de basura plegable con sensor de movimiento por infrarrojos. Esto garantiza que el cubo se abra autom\u00e1ticamente tan pronto como coloque la mano a una distancia de 20 cm y se vuelva a cerrar despu\u00e9s de 5 segundos.\" \/>\n<meta property=\"og:url\" content=\"https:\/\/eurotrail.info\/es\/producten\/domestico\/articulos-de-cocina-plegables-de-silicona\/papelera-con-sensor-de-movimiento\/\" \/>\n<meta property=\"og:site_name\" content=\"Eurotrail | The way we camp!\" \/>\n<meta property=\"article:modified_time\" content=\"2026-02-25T15:53:26+00:00\" \/>\n<meta property=\"og:image\" content=\"https:\/\/eurotrail.info\/wp\/wp-content\/uploads\/2023\/12\/afvalbak-sensor-8-1-klein.jpg\" \/>\n\t<meta property=\"og:image:width\" content=\"1446\" \/>\n\t<meta property=\"og:image:height\" content=\"1591\" \/>\n\t<meta property=\"og:image:type\" content=\"image\/jpeg\" \/>\n<meta name=\"twitter:card\" content=\"summary_large_image\" \/>\n<meta name=\"twitter:label1\" content=\"Tiempo de lectura\" \/>\n\t<meta name=\"twitter:data1\" content=\"2 minutes\" \/>\n<script type=\"application\/ld+json\" class=\"yoast-schema-graph\">{\"@context\":\"https:\\\/\\\/schema.org\",\"@graph\":[{\"@type\":\"WebPage\",\"@id\":\"https:\\\/\\\/eurotrail.info\\\/es\\\/producten\\\/domestico\\\/articulos-de-cocina-plegables-de-silicona\\\/papelera-con-sensor-de-movimiento\\\/\",\"url\":\"https:\\\/\\\/eurotrail.info\\\/es\\\/producten\\\/domestico\\\/articulos-de-cocina-plegables-de-silicona\\\/papelera-con-sensor-de-movimiento\\\/\",\"name\":\"Cubo de basura plegable con sensor - Eurotrail | The way we camp!\",\"isPartOf\":{\"@id\":\"https:\\\/\\\/eurotrail.info\\\/#website\"},\"primaryImageOfPage\":{\"@id\":\"https:\\\/\\\/eurotrail.info\\\/es\\\/producten\\\/domestico\\\/articulos-de-cocina-plegables-de-silicona\\\/papelera-con-sensor-de-movimiento\\\/#primaryimage\"},\"image\":{\"@id\":\"https:\\\/\\\/eurotrail.info\\\/es\\\/producten\\\/domestico\\\/articulos-de-cocina-plegables-de-silicona\\\/papelera-con-sensor-de-movimiento\\\/#primaryimage\"},\"thumbnailUrl\":\"https:\\\/\\\/eurotrail.info\\\/wp\\\/wp-content\\\/uploads\\\/2023\\\/12\\\/afvalbak-sensor-8-1-klein.jpg\",\"datePublished\":\"2023-12-06T14:19:07+00:00\",\"dateModified\":\"2026-02-25T15:53:26+00:00\",\"description\":\"Pr\u00e1ctico cubo de basura plegable con sensor de movimiento por infrarrojos. Esto garantiza que el cubo se abra autom\u00e1ticamente tan pronto como coloque la mano a una distancia de 20 cm y se vuelva a cerrar despu\u00e9s de 5 segundos.\",\"breadcrumb\":{\"@id\":\"https:\\\/\\\/eurotrail.info\\\/es\\\/producten\\\/domestico\\\/articulos-de-cocina-plegables-de-silicona\\\/papelera-con-sensor-de-movimiento\\\/#breadcrumb\"},\"inLanguage\":\"es-ES\",\"potentialAction\":[{\"@type\":\"ReadAction\",\"target\":[\"https:\\\/\\\/eurotrail.info\\\/es\\\/producten\\\/domestico\\\/articulos-de-cocina-plegables-de-silicona\\\/papelera-con-sensor-de-movimiento\\\/\"]}]},{\"@type\":\"ImageObject\",\"inLanguage\":\"es-ES\",\"@id\":\"https:\\\/\\\/eurotrail.info\\\/es\\\/producten\\\/domestico\\\/articulos-de-cocina-plegables-de-silicona\\\/papelera-con-sensor-de-movimiento\\\/#primaryimage\",\"url\":\"https:\\\/\\\/eurotrail.info\\\/wp\\\/wp-content\\\/uploads\\\/2023\\\/12\\\/afvalbak-sensor-8-1-klein.jpg\",\"contentUrl\":\"https:\\\/\\\/eurotrail.info\\\/wp\\\/wp-content\\\/uploads\\\/2023\\\/12\\\/afvalbak-sensor-8-1-klein.jpg\",\"width\":1446,\"height\":1591,\"caption\":\"Praktische opvouwbare afvalemmer met een infrarood bewegingssensor\"},{\"@type\":\"BreadcrumbList\",\"@id\":\"https:\\\/\\\/eurotrail.info\\\/es\\\/producten\\\/domestico\\\/articulos-de-cocina-plegables-de-silicona\\\/papelera-con-sensor-de-movimiento\\\/#breadcrumb\",\"itemListElement\":[{\"@type\":\"ListItem\",\"position\":1,\"name\":\"Home\",\"item\":\"https:\\\/\\\/eurotrail.info\\\/es\\\/\"},{\"@type\":\"ListItem\",\"position\":2,\"name\":\"Productos\",\"item\":\"https:\\\/\\\/eurotrail.info\\\/es\\\/productos\\\/\"},{\"@type\":\"ListItem\",\"position\":3,\"name\":\"Cubo de basura plegable con sensor\"}]},{\"@type\":\"WebSite\",\"@id\":\"https:\\\/\\\/eurotrail.info\\\/#website\",\"url\":\"https:\\\/\\\/eurotrail.info\\\/\",\"name\":\"Eurotrail | The way we camp!\",\"description\":\"\",\"publisher\":{\"@id\":\"https:\\\/\\\/eurotrail.info\\\/#organization\"},\"potentialAction\":[{\"@type\":\"SearchAction\",\"target\":{\"@type\":\"EntryPoint\",\"urlTemplate\":\"https:\\\/\\\/eurotrail.info\\\/?s={search_term_string}\"},\"query-input\":{\"@type\":\"PropertyValueSpecification\",\"valueRequired\":true,\"valueName\":\"search_term_string\"}}],\"inLanguage\":\"es-ES\"},{\"@type\":\"Organization\",\"@id\":\"https:\\\/\\\/eurotrail.info\\\/#organization\",\"name\":\"Eurotrail | The way we camp!\",\"url\":\"https:\\\/\\\/eurotrail.info\\\/\",\"logo\":{\"@type\":\"ImageObject\",\"inLanguage\":\"es-ES\",\"@id\":\"https:\\\/\\\/eurotrail.info\\\/#\\\/schema\\\/logo\\\/image\\\/\",\"url\":\"https:\\\/\\\/eurotrail.info\\\/wp\\\/wp-content\\\/uploads\\\/2023\\\/07\\\/ET-logo-quote_NL-scaled.jpg\",\"contentUrl\":\"https:\\\/\\\/eurotrail.info\\\/wp\\\/wp-content\\\/uploads\\\/2023\\\/07\\\/ET-logo-quote_NL-scaled.jpg\",\"width\":2560,\"height\":675,\"caption\":\"Eurotrail | The way we camp!\"},\"image\":{\"@id\":\"https:\\\/\\\/eurotrail.info\\\/#\\\/schema\\\/logo\\\/image\\\/\"}}]}<\/script>\n<!-- \/ Yoast SEO plugin. -->","yoast_head_json":{"title":"Cubo de basura plegable con sensor - Eurotrail | The way we camp!","description":"Pr\u00e1ctico cubo de basura plegable con sensor de movimiento por infrarrojos. Esto garantiza que el cubo se abra autom\u00e1ticamente tan pronto como coloque la mano a una distancia de 20 cm y se vuelva a cerrar despu\u00e9s de 5 segundos.","robots":{"index":"index","follow":"follow","max-snippet":"max-snippet:-1","max-image-preview":"max-image-preview:large","max-video-preview":"max-video-preview:-1"},"canonical":"https:\/\/eurotrail.info\/es\/producten\/domestico\/articulos-de-cocina-plegables-de-silicona\/papelera-con-sensor-de-movimiento\/","og_locale":"es_ES","og_type":"article","og_title":"Cubo de basura plegable con sensor - Eurotrail | The way we camp!","og_description":"Pr\u00e1ctico cubo de basura plegable con sensor de movimiento por infrarrojos. Esto garantiza que el cubo se abra autom\u00e1ticamente tan pronto como coloque la mano a una distancia de 20 cm y se vuelva a cerrar despu\u00e9s de 5 segundos.","og_url":"https:\/\/eurotrail.info\/es\/producten\/domestico\/articulos-de-cocina-plegables-de-silicona\/papelera-con-sensor-de-movimiento\/","og_site_name":"Eurotrail | The way we camp!","article_modified_time":"2026-02-25T15:53:26+00:00","og_image":[{"width":1446,"height":1591,"url":"https:\/\/eurotrail.info\/wp\/wp-content\/uploads\/2023\/12\/afvalbak-sensor-8-1-klein.jpg","type":"image\/jpeg"}],"twitter_card":"summary_large_image","twitter_misc":{"Tiempo de lectura":"2 minutes"},"schema":{"@context":"https:\/\/schema.org","@graph":[{"@type":"WebPage","@id":"https:\/\/eurotrail.info\/es\/producten\/domestico\/articulos-de-cocina-plegables-de-silicona\/papelera-con-sensor-de-movimiento\/","url":"https:\/\/eurotrail.info\/es\/producten\/domestico\/articulos-de-cocina-plegables-de-silicona\/papelera-con-sensor-de-movimiento\/","name":"Cubo de basura plegable con sensor - Eurotrail | The way we camp!","isPartOf":{"@id":"https:\/\/eurotrail.info\/#website"},"primaryImageOfPage":{"@id":"https:\/\/eurotrail.info\/es\/producten\/domestico\/articulos-de-cocina-plegables-de-silicona\/papelera-con-sensor-de-movimiento\/#primaryimage"},"image":{"@id":"https:\/\/eurotrail.info\/es\/producten\/domestico\/articulos-de-cocina-plegables-de-silicona\/papelera-con-sensor-de-movimiento\/#primaryimage"},"thumbnailUrl":"https:\/\/eurotrail.info\/wp\/wp-content\/uploads\/2023\/12\/afvalbak-sensor-8-1-klein.jpg","datePublished":"2023-12-06T14:19:07+00:00","dateModified":"2026-02-25T15:53:26+00:00","description":"Pr\u00e1ctico cubo de basura plegable con sensor de movimiento por infrarrojos. Esto garantiza que el cubo se abra autom\u00e1ticamente tan pronto como coloque la mano a una distancia de 20 cm y se vuelva a cerrar despu\u00e9s de 5 segundos.","breadcrumb":{"@id":"https:\/\/eurotrail.info\/es\/producten\/domestico\/articulos-de-cocina-plegables-de-silicona\/papelera-con-sensor-de-movimiento\/#breadcrumb"},"inLanguage":"es-ES","potentialAction":[{"@type":"ReadAction","target":["https:\/\/eurotrail.info\/es\/producten\/domestico\/articulos-de-cocina-plegables-de-silicona\/papelera-con-sensor-de-movimiento\/"]}]},{"@type":"ImageObject","inLanguage":"es-ES","@id":"https:\/\/eurotrail.info\/es\/producten\/domestico\/articulos-de-cocina-plegables-de-silicona\/papelera-con-sensor-de-movimiento\/#primaryimage","url":"https:\/\/eurotrail.info\/wp\/wp-content\/uploads\/2023\/12\/afvalbak-sensor-8-1-klein.jpg","contentUrl":"https:\/\/eurotrail.info\/wp\/wp-content\/uploads\/2023\/12\/afvalbak-sensor-8-1-klein.jpg","width":1446,"height":1591,"caption":"Praktische opvouwbare afvalemmer met een infrarood bewegingssensor"},{"@type":"BreadcrumbList","@id":"https:\/\/eurotrail.info\/es\/producten\/domestico\/articulos-de-cocina-plegables-de-silicona\/papelera-con-sensor-de-movimiento\/#breadcrumb","itemListElement":[{"@type":"ListItem","position":1,"name":"Home","item":"https:\/\/eurotrail.info\/es\/"},{"@type":"ListItem","position":2,"name":"Productos","item":"https:\/\/eurotrail.info\/es\/productos\/"},{"@type":"ListItem","position":3,"name":"Cubo de basura plegable con sensor"}]},{"@type":"WebSite","@id":"https:\/\/eurotrail.info\/#website","url":"https:\/\/eurotrail.info\/","name":"Eurotrail | The way we camp!","description":"","publisher":{"@id":"https:\/\/eurotrail.info\/#organization"},"potentialAction":[{"@type":"SearchAction","target":{"@type":"EntryPoint","urlTemplate":"https:\/\/eurotrail.info\/?s={search_term_string}"},"query-input":{"@type":"PropertyValueSpecification","valueRequired":true,"valueName":"search_term_string"}}],"inLanguage":"es-ES"},{"@type":"Organization","@id":"https:\/\/eurotrail.info\/#organization","name":"Eurotrail | The way we camp!","url":"https:\/\/eurotrail.info\/","logo":{"@type":"ImageObject","inLanguage":"es-ES","@id":"https:\/\/eurotrail.info\/#\/schema\/logo\/image\/","url":"https:\/\/eurotrail.info\/wp\/wp-content\/uploads\/2023\/07\/ET-logo-quote_NL-scaled.jpg","contentUrl":"https:\/\/eurotrail.info\/wp\/wp-content\/uploads\/2023\/07\/ET-logo-quote_NL-scaled.jpg","width":2560,"height":675,"caption":"Eurotrail | The way we camp!"},"image":{"@id":"https:\/\/eurotrail.info\/#\/schema\/logo\/image\/"}}]}},"_links":{"self":[{"href":"https:\/\/eurotrail.info\/es\/wp-json\/wp\/v2\/product\/22025","targetHints":{"allow":["GET"]}}],"collection":[{"href":"https:\/\/eurotrail.info\/es\/wp-json\/wp\/v2\/product"}],"about":[{"href":"https:\/\/eurotrail.info\/es\/wp-json\/wp\/v2\/types\/product"}],"replies":[{"embeddable":true,"href":"https:\/\/eurotrail.info\/es\/wp-json\/wp\/v2\/comments?post=22025"}],"wp:featuredmedia":[{"embeddable":true,"href":"https:\/\/eurotrail.info\/es\/wp-json\/wp\/v2\/media\/22001"}],"wp:attachment":[{"href":"https:\/\/eurotrail.info\/es\/wp-json\/wp\/v2\/media?parent=22025"}],"wp:term":[{"taxonomy":"product_brand","embeddable":true,"href":"https:\/\/eurotrail.info\/es\/wp-json\/wp\/v2\/product_brand?post=22025"},{"taxonomy":"product_cat","embeddable":true,"href":"https:\/\/eurotrail.info\/es\/wp-json\/wp\/v2\/product_cat?post=22025"},{"taxonomy":"product_tag","embeddable":true,"href":"https:\/\/eurotrail.info\/es\/wp-json\/wp\/v2\/product_tag?post=22025"}],"curies":[{"name":"wp","href":"https:\/\/api.w.org\/{rel}","templated":true}]}}