{"id":22068,"date":"2023-12-06T15:31:25","date_gmt":"2023-12-06T14:34:41","guid":{"rendered":"https:\/\/eurotrail.info\/?post_type=product&#038;p=22068"},"modified":"2026-03-19T12:41:59","modified_gmt":"2026-03-19T11:41:59","slug":"retro-lampara-recargable","status":"publish","type":"product","link":"https:\/\/eurotrail.info\/es\/producten\/alivio\/retro-lampara-recargable\/","title":{"rendered":"Retro l\u00e1mpara recargable"},"content":{"rendered":"<p>Modelo cl\u00e1sico de l\u00e1mpara de sobremesa disponible en color oliva o marfil. Con el bot\u00f3n giratorio se puede ajustar la intensidad de la luz, desde luz c\u00e1lida hasta luz blanca brillante, que puede atenuarse. Recargable con el cable de carga tipo C incluido. La l\u00e1mpara tambi\u00e9n se puede utilizar como banco de energ\u00eda.<\/p>\n<p>Material: ABS+PC+Metal<br \/>\nBater\u00eda: 2400mAh 18650<br \/>\nFuente de luz: LED + COB<br \/>\nL\u00famenes: 20-260LM, atenuador<br \/>\nDimensiones: \u00d8 12 x 25 cm<br \/>\nPeso: 550g<br \/>\nFuente de alimentaci\u00f3n: Recargable Tipo C<br \/>\nTiempo de uso: 4-6 horas<br \/>\nTiempo de carga: 4 horas<\/p>\n","protected":false},"excerpt":{"rendered":"<p>Modelo cl\u00e1sico de l\u00e1mpara de sobremesa disponible en color oliva o marfil. Con el bot\u00f3n giratorio se puede ajustar la intensidad de la luz, desde&hellip;<\/p>\n","protected":false},"featured_media":22043,"comment_status":"open","ping_status":"closed","template":"","meta":{"_acf_changed":false},"product_brand":[],"product_cat":[379],"product_tag":[],"class_list":{"0":"post-22068","1":"product","2":"type-product","3":"status-publish","4":"has-post-thumbnail","6":"product_cat-alivio","8":"first","9":"instock","10":"shipping-taxable","11":"product-type-simple"},"acf":[],"yoast_head":"<!-- This site is optimized with the Yoast SEO plugin v27.3 - https:\/\/yoast.com\/product\/yoast-seo-wordpress\/ -->\n<title>Retro l\u00e1mpara recargable - Eurotrail | The way we camp!<\/title>\n<meta name=\"description\" content=\"Modelo cl\u00e1sico de l\u00e1mpara de sobremesa disponible en color oliva o marfil. Con el bot\u00f3n giratorio se puede ajustar la intensidad de la luz\" \/>\n<meta name=\"robots\" content=\"index, follow, max-snippet:-1, max-image-preview:large, max-video-preview:-1\" \/>\n<link rel=\"canonical\" href=\"https:\/\/eurotrail.info\/es\/producten\/alivio\/retro-lampara-recargable\/\" \/>\n<meta property=\"og:locale\" content=\"es_ES\" \/>\n<meta property=\"og:type\" content=\"article\" \/>\n<meta property=\"og:title\" content=\"Retro l\u00e1mpara recargable - Eurotrail | The way we camp!\" \/>\n<meta property=\"og:description\" content=\"Modelo cl\u00e1sico de l\u00e1mpara de sobremesa disponible en color oliva o marfil. Con el bot\u00f3n giratorio se puede ajustar la intensidad de la luz\" \/>\n<meta property=\"og:url\" content=\"https:\/\/eurotrail.info\/es\/producten\/alivio\/retro-lampara-recargable\/\" \/>\n<meta property=\"og:site_name\" content=\"Eurotrail | The way we camp!\" \/>\n<meta property=\"article:modified_time\" content=\"2026-03-19T11:41:59+00:00\" \/>\n<meta property=\"og:image\" content=\"https:\/\/eurotrail.info\/wp\/wp-content\/uploads\/2023\/12\/Camp-Retro-2.jpg\" \/>\n\t<meta property=\"og:image:width\" content=\"202\" \/>\n\t<meta property=\"og:image:height\" content=\"365\" \/>\n\t<meta property=\"og:image:type\" content=\"image\/jpeg\" \/>\n<meta name=\"twitter:card\" content=\"summary_large_image\" \/>\n<meta name=\"twitter:label1\" content=\"Tiempo de lectura\" \/>\n\t<meta name=\"twitter:data1\" content=\"1 minute\" \/>\n<script type=\"application\/ld+json\" class=\"yoast-schema-graph\">{\"@context\":\"https:\\\/\\\/schema.org\",\"@graph\":[{\"@type\":\"WebPage\",\"@id\":\"https:\\\/\\\/eurotrail.info\\\/es\\\/producten\\\/alivio\\\/retro-lampara-recargable\\\/\",\"url\":\"https:\\\/\\\/eurotrail.info\\\/es\\\/producten\\\/alivio\\\/retro-lampara-recargable\\\/\",\"name\":\"Retro l\u00e1mpara recargable - Eurotrail | The way we camp!\",\"isPartOf\":{\"@id\":\"https:\\\/\\\/eurotrail.info\\\/#website\"},\"primaryImageOfPage\":{\"@id\":\"https:\\\/\\\/eurotrail.info\\\/es\\\/producten\\\/alivio\\\/retro-lampara-recargable\\\/#primaryimage\"},\"image\":{\"@id\":\"https:\\\/\\\/eurotrail.info\\\/es\\\/producten\\\/alivio\\\/retro-lampara-recargable\\\/#primaryimage\"},\"thumbnailUrl\":\"https:\\\/\\\/eurotrail.info\\\/wp\\\/wp-content\\\/uploads\\\/2023\\\/12\\\/Camp-Retro-2.jpg\",\"datePublished\":\"2023-12-06T14:34:41+00:00\",\"dateModified\":\"2026-03-19T11:41:59+00:00\",\"description\":\"Modelo cl\u00e1sico de l\u00e1mpara de sobremesa disponible en color oliva o marfil. Con el bot\u00f3n giratorio se puede ajustar la intensidad de la luz\",\"breadcrumb\":{\"@id\":\"https:\\\/\\\/eurotrail.info\\\/es\\\/producten\\\/alivio\\\/retro-lampara-recargable\\\/#breadcrumb\"},\"inLanguage\":\"es-ES\",\"potentialAction\":[{\"@type\":\"ReadAction\",\"target\":[\"https:\\\/\\\/eurotrail.info\\\/es\\\/producten\\\/alivio\\\/retro-lampara-recargable\\\/\"]}]},{\"@type\":\"ImageObject\",\"inLanguage\":\"es-ES\",\"@id\":\"https:\\\/\\\/eurotrail.info\\\/es\\\/producten\\\/alivio\\\/retro-lampara-recargable\\\/#primaryimage\",\"url\":\"https:\\\/\\\/eurotrail.info\\\/wp\\\/wp-content\\\/uploads\\\/2023\\\/12\\\/Camp-Retro-2.jpg\",\"contentUrl\":\"https:\\\/\\\/eurotrail.info\\\/wp\\\/wp-content\\\/uploads\\\/2023\\\/12\\\/Camp-Retro-2.jpg\",\"width\":202,\"height\":365,\"caption\":\"Klassiek model tafellamp leverbaar in olijf of een ivoor kleur.\"},{\"@type\":\"BreadcrumbList\",\"@id\":\"https:\\\/\\\/eurotrail.info\\\/es\\\/producten\\\/alivio\\\/retro-lampara-recargable\\\/#breadcrumb\",\"itemListElement\":[{\"@type\":\"ListItem\",\"position\":1,\"name\":\"Home\",\"item\":\"https:\\\/\\\/eurotrail.info\\\/es\\\/\"},{\"@type\":\"ListItem\",\"position\":2,\"name\":\"Productos\",\"item\":\"https:\\\/\\\/eurotrail.info\\\/es\\\/productos\\\/\"},{\"@type\":\"ListItem\",\"position\":3,\"name\":\"Retro l\u00e1mpara recargable\"}]},{\"@type\":\"WebSite\",\"@id\":\"https:\\\/\\\/eurotrail.info\\\/#website\",\"url\":\"https:\\\/\\\/eurotrail.info\\\/\",\"name\":\"Eurotrail | The way we camp!\",\"description\":\"\",\"publisher\":{\"@id\":\"https:\\\/\\\/eurotrail.info\\\/#organization\"},\"potentialAction\":[{\"@type\":\"SearchAction\",\"target\":{\"@type\":\"EntryPoint\",\"urlTemplate\":\"https:\\\/\\\/eurotrail.info\\\/?s={search_term_string}\"},\"query-input\":{\"@type\":\"PropertyValueSpecification\",\"valueRequired\":true,\"valueName\":\"search_term_string\"}}],\"inLanguage\":\"es-ES\"},{\"@type\":\"Organization\",\"@id\":\"https:\\\/\\\/eurotrail.info\\\/#organization\",\"name\":\"Eurotrail | The way we camp!\",\"url\":\"https:\\\/\\\/eurotrail.info\\\/\",\"logo\":{\"@type\":\"ImageObject\",\"inLanguage\":\"es-ES\",\"@id\":\"https:\\\/\\\/eurotrail.info\\\/#\\\/schema\\\/logo\\\/image\\\/\",\"url\":\"https:\\\/\\\/eurotrail.info\\\/wp\\\/wp-content\\\/uploads\\\/2023\\\/07\\\/ET-logo-quote_NL-scaled.jpg\",\"contentUrl\":\"https:\\\/\\\/eurotrail.info\\\/wp\\\/wp-content\\\/uploads\\\/2023\\\/07\\\/ET-logo-quote_NL-scaled.jpg\",\"width\":2560,\"height\":675,\"caption\":\"Eurotrail | The way we camp!\"},\"image\":{\"@id\":\"https:\\\/\\\/eurotrail.info\\\/#\\\/schema\\\/logo\\\/image\\\/\"}}]}<\/script>\n<!-- \/ Yoast SEO plugin. -->","yoast_head_json":{"title":"Retro l\u00e1mpara recargable - Eurotrail | The way we camp!","description":"Modelo cl\u00e1sico de l\u00e1mpara de sobremesa disponible en color oliva o marfil. Con el bot\u00f3n giratorio se puede ajustar la intensidad de la luz","robots":{"index":"index","follow":"follow","max-snippet":"max-snippet:-1","max-image-preview":"max-image-preview:large","max-video-preview":"max-video-preview:-1"},"canonical":"https:\/\/eurotrail.info\/es\/producten\/alivio\/retro-lampara-recargable\/","og_locale":"es_ES","og_type":"article","og_title":"Retro l\u00e1mpara recargable - Eurotrail | The way we camp!","og_description":"Modelo cl\u00e1sico de l\u00e1mpara de sobremesa disponible en color oliva o marfil. Con el bot\u00f3n giratorio se puede ajustar la intensidad de la luz","og_url":"https:\/\/eurotrail.info\/es\/producten\/alivio\/retro-lampara-recargable\/","og_site_name":"Eurotrail | The way we camp!","article_modified_time":"2026-03-19T11:41:59+00:00","og_image":[{"width":202,"height":365,"url":"https:\/\/eurotrail.info\/wp\/wp-content\/uploads\/2023\/12\/Camp-Retro-2.jpg","type":"image\/jpeg"}],"twitter_card":"summary_large_image","twitter_misc":{"Tiempo de lectura":"1 minute"},"schema":{"@context":"https:\/\/schema.org","@graph":[{"@type":"WebPage","@id":"https:\/\/eurotrail.info\/es\/producten\/alivio\/retro-lampara-recargable\/","url":"https:\/\/eurotrail.info\/es\/producten\/alivio\/retro-lampara-recargable\/","name":"Retro l\u00e1mpara recargable - Eurotrail | The way we camp!","isPartOf":{"@id":"https:\/\/eurotrail.info\/#website"},"primaryImageOfPage":{"@id":"https:\/\/eurotrail.info\/es\/producten\/alivio\/retro-lampara-recargable\/#primaryimage"},"image":{"@id":"https:\/\/eurotrail.info\/es\/producten\/alivio\/retro-lampara-recargable\/#primaryimage"},"thumbnailUrl":"https:\/\/eurotrail.info\/wp\/wp-content\/uploads\/2023\/12\/Camp-Retro-2.jpg","datePublished":"2023-12-06T14:34:41+00:00","dateModified":"2026-03-19T11:41:59+00:00","description":"Modelo cl\u00e1sico de l\u00e1mpara de sobremesa disponible en color oliva o marfil. Con el bot\u00f3n giratorio se puede ajustar la intensidad de la luz","breadcrumb":{"@id":"https:\/\/eurotrail.info\/es\/producten\/alivio\/retro-lampara-recargable\/#breadcrumb"},"inLanguage":"es-ES","potentialAction":[{"@type":"ReadAction","target":["https:\/\/eurotrail.info\/es\/producten\/alivio\/retro-lampara-recargable\/"]}]},{"@type":"ImageObject","inLanguage":"es-ES","@id":"https:\/\/eurotrail.info\/es\/producten\/alivio\/retro-lampara-recargable\/#primaryimage","url":"https:\/\/eurotrail.info\/wp\/wp-content\/uploads\/2023\/12\/Camp-Retro-2.jpg","contentUrl":"https:\/\/eurotrail.info\/wp\/wp-content\/uploads\/2023\/12\/Camp-Retro-2.jpg","width":202,"height":365,"caption":"Klassiek model tafellamp leverbaar in olijf of een ivoor kleur."},{"@type":"BreadcrumbList","@id":"https:\/\/eurotrail.info\/es\/producten\/alivio\/retro-lampara-recargable\/#breadcrumb","itemListElement":[{"@type":"ListItem","position":1,"name":"Home","item":"https:\/\/eurotrail.info\/es\/"},{"@type":"ListItem","position":2,"name":"Productos","item":"https:\/\/eurotrail.info\/es\/productos\/"},{"@type":"ListItem","position":3,"name":"Retro l\u00e1mpara recargable"}]},{"@type":"WebSite","@id":"https:\/\/eurotrail.info\/#website","url":"https:\/\/eurotrail.info\/","name":"Eurotrail | The way we camp!","description":"","publisher":{"@id":"https:\/\/eurotrail.info\/#organization"},"potentialAction":[{"@type":"SearchAction","target":{"@type":"EntryPoint","urlTemplate":"https:\/\/eurotrail.info\/?s={search_term_string}"},"query-input":{"@type":"PropertyValueSpecification","valueRequired":true,"valueName":"search_term_string"}}],"inLanguage":"es-ES"},{"@type":"Organization","@id":"https:\/\/eurotrail.info\/#organization","name":"Eurotrail | The way we camp!","url":"https:\/\/eurotrail.info\/","logo":{"@type":"ImageObject","inLanguage":"es-ES","@id":"https:\/\/eurotrail.info\/#\/schema\/logo\/image\/","url":"https:\/\/eurotrail.info\/wp\/wp-content\/uploads\/2023\/07\/ET-logo-quote_NL-scaled.jpg","contentUrl":"https:\/\/eurotrail.info\/wp\/wp-content\/uploads\/2023\/07\/ET-logo-quote_NL-scaled.jpg","width":2560,"height":675,"caption":"Eurotrail | The way we camp!"},"image":{"@id":"https:\/\/eurotrail.info\/#\/schema\/logo\/image\/"}}]}},"_links":{"self":[{"href":"https:\/\/eurotrail.info\/es\/wp-json\/wp\/v2\/product\/22068","targetHints":{"allow":["GET"]}}],"collection":[{"href":"https:\/\/eurotrail.info\/es\/wp-json\/wp\/v2\/product"}],"about":[{"href":"https:\/\/eurotrail.info\/es\/wp-json\/wp\/v2\/types\/product"}],"replies":[{"embeddable":true,"href":"https:\/\/eurotrail.info\/es\/wp-json\/wp\/v2\/comments?post=22068"}],"wp:featuredmedia":[{"embeddable":true,"href":"https:\/\/eurotrail.info\/es\/wp-json\/wp\/v2\/media\/22043"}],"wp:attachment":[{"href":"https:\/\/eurotrail.info\/es\/wp-json\/wp\/v2\/media?parent=22068"}],"wp:term":[{"taxonomy":"product_brand","embeddable":true,"href":"https:\/\/eurotrail.info\/es\/wp-json\/wp\/v2\/product_brand?post=22068"},{"taxonomy":"product_cat","embeddable":true,"href":"https:\/\/eurotrail.info\/es\/wp-json\/wp\/v2\/product_cat?post=22068"},{"taxonomy":"product_tag","embeddable":true,"href":"https:\/\/eurotrail.info\/es\/wp-json\/wp\/v2\/product_tag?post=22068"}],"curies":[{"name":"wp","href":"https:\/\/api.w.org\/{rel}","templated":true}]}}