{"id":22276,"date":"2023-12-06T16:48:40","date_gmt":"2023-12-06T15:54:53","guid":{"rendered":"https:\/\/eurotrail.info\/?post_type=product&#038;p=22276"},"modified":"2023-12-06T16:54:53","modified_gmt":"2023-12-06T15:54:53","slug":"roadster-air-inflable-para-autobus","status":"publish","type":"product","link":"https:\/\/eurotrail.info\/es\/producten\/caravana-autocaravana-autobus\/carpas-de-autobus\/roadster-air-inflable-para-autobus\/","title":{"rendered":"Roadster Air inflable para autob\u00fas"},"content":{"rendered":"<p>Tienda de campa\u00f1a inflable ideal para autob\u00fas (altura de conexi\u00f3n 180-210 cm). El Roadster es una tienda de campa\u00f1a compacta e independiente que se instala paralela al autob\u00fas. La tienda es hinchable, lo que facilita mucho su montaje. La tienda tiene una gran ventana lateral con cubierta y una puerta de entrada con mosquitera a ambos lados para ventilaci\u00f3n. Suelo totalmente adherido para mantener la suciedad y el agua fuera. Los peque\u00f1os toldos a ambos lados proporcionan sombra adicional y protegen de la lluvia al entrar en la tienda. La tienda se puede fijar f\u00e1cilmente al autob\u00fas mediante un tubo de 7 mm, correas de velcro o un poste del techo. Esta parte se cierra con cremallera para que puedas separar f\u00e1cilmente la tienda del autob\u00fas. La tienda viene con una manguera para tormentas para que sea robusta y estable incluso en condiciones clim\u00e1ticas adversas.<\/p>\n<p>Material: Poli\u00e9ster Oxford 150D 3000 mm<br \/>\nDimensiones: 230x280x205cm<br \/>\nTuber\u00eda: \u00d8 7,0 mm, longitud 235 cm<br \/>\nTubo de aire:<br \/>\nTubos principales: \u00d8 10 cm TPU<br \/>\nPostes: poste de fibra de vidrio de \u00d8 9,5 mm<br \/>\nEmbalado: 70x35x30 cm<br \/>\nPeso: 11,4 kg.<\/p>\n","protected":false},"excerpt":{"rendered":"<p>Tienda de campa\u00f1a inflable ideal para autob\u00fas (altura de conexi\u00f3n 180-210 cm). El Roadster es una tienda de campa\u00f1a compacta e independiente que se instala&hellip;<\/p>\n","protected":false},"featured_media":22271,"comment_status":"open","ping_status":"closed","template":"","meta":{"_acf_changed":false},"product_brand":[],"product_cat":[329,330],"product_tag":[],"class_list":{"0":"post-22276","1":"product","2":"type-product","3":"status-publish","4":"has-post-thumbnail","6":"product_cat-caravana-autocaravana-autobus","7":"product_cat-carpas-de-autobus","9":"first","10":"instock","11":"shipping-taxable","12":"product-type-simple"},"acf":[],"yoast_head":"<!-- This site is optimized with the Yoast SEO plugin v27.3 - https:\/\/yoast.com\/product\/yoast-seo-wordpress\/ -->\n<title>Roadster Air inflable para autob\u00fas - Eurotrail | The way we camp!<\/title>\n<meta name=\"description\" content=\"Tienda de campa\u00f1a inflable ideal para autob\u00fas (altura de conexi\u00f3n 180-210 cm). El Roadster es una tienda de campa\u00f1a compacta e independiente que se instala paralela al autob\u00fas.\" \/>\n<meta name=\"robots\" content=\"index, follow, max-snippet:-1, max-image-preview:large, max-video-preview:-1\" \/>\n<link rel=\"canonical\" href=\"https:\/\/eurotrail.info\/es\/producten\/caravana-autocaravana-autobus\/carpas-de-autobus\/roadster-air-inflable-para-autobus\/\" \/>\n<meta property=\"og:locale\" content=\"es_ES\" \/>\n<meta property=\"og:type\" content=\"article\" \/>\n<meta property=\"og:title\" content=\"Roadster Air inflable para autob\u00fas - Eurotrail | The way we camp!\" \/>\n<meta property=\"og:description\" content=\"Tienda de campa\u00f1a inflable ideal para autob\u00fas (altura de conexi\u00f3n 180-210 cm). El Roadster es una tienda de campa\u00f1a compacta e independiente que se instala paralela al autob\u00fas.\" \/>\n<meta property=\"og:url\" content=\"https:\/\/eurotrail.info\/es\/producten\/caravana-autocaravana-autobus\/carpas-de-autobus\/roadster-air-inflable-para-autobus\/\" \/>\n<meta property=\"og:site_name\" content=\"Eurotrail | The way we camp!\" \/>\n<meta property=\"og:image\" content=\"https:\/\/eurotrail.info\/wp\/wp-content\/uploads\/2023\/12\/ETCT0188-Roadster-Air-Set01-24-1280x917.jpg\" \/>\n\t<meta property=\"og:image:width\" content=\"1280\" \/>\n\t<meta property=\"og:image:height\" content=\"917\" \/>\n\t<meta property=\"og:image:type\" content=\"image\/jpeg\" \/>\n<meta name=\"twitter:card\" content=\"summary_large_image\" \/>\n<meta name=\"twitter:label1\" content=\"Tiempo de lectura\" \/>\n\t<meta name=\"twitter:data1\" content=\"1 minute\" \/>\n<script type=\"application\/ld+json\" class=\"yoast-schema-graph\">{\"@context\":\"https:\\\/\\\/schema.org\",\"@graph\":[{\"@type\":\"WebPage\",\"@id\":\"https:\\\/\\\/eurotrail.info\\\/es\\\/producten\\\/caravana-autocaravana-autobus\\\/carpas-de-autobus\\\/roadster-air-inflable-para-autobus\\\/\",\"url\":\"https:\\\/\\\/eurotrail.info\\\/es\\\/producten\\\/caravana-autocaravana-autobus\\\/carpas-de-autobus\\\/roadster-air-inflable-para-autobus\\\/\",\"name\":\"Roadster Air inflable para autob\u00fas - Eurotrail | The way we camp!\",\"isPartOf\":{\"@id\":\"https:\\\/\\\/eurotrail.info\\\/#website\"},\"primaryImageOfPage\":{\"@id\":\"https:\\\/\\\/eurotrail.info\\\/es\\\/producten\\\/caravana-autocaravana-autobus\\\/carpas-de-autobus\\\/roadster-air-inflable-para-autobus\\\/#primaryimage\"},\"image\":{\"@id\":\"https:\\\/\\\/eurotrail.info\\\/es\\\/producten\\\/caravana-autocaravana-autobus\\\/carpas-de-autobus\\\/roadster-air-inflable-para-autobus\\\/#primaryimage\"},\"thumbnailUrl\":\"https:\\\/\\\/eurotrail.info\\\/wp\\\/wp-content\\\/uploads\\\/2023\\\/12\\\/ETCT0188-Roadster-Air-Set01-24-scaled.jpg\",\"datePublished\":\"2023-12-06T15:54:53+00:00\",\"description\":\"Tienda de campa\u00f1a inflable ideal para autob\u00fas (altura de conexi\u00f3n 180-210 cm). El Roadster es una tienda de campa\u00f1a compacta e independiente que se instala paralela al autob\u00fas.\",\"breadcrumb\":{\"@id\":\"https:\\\/\\\/eurotrail.info\\\/es\\\/producten\\\/caravana-autocaravana-autobus\\\/carpas-de-autobus\\\/roadster-air-inflable-para-autobus\\\/#breadcrumb\"},\"inLanguage\":\"es-ES\",\"potentialAction\":[{\"@type\":\"ReadAction\",\"target\":[\"https:\\\/\\\/eurotrail.info\\\/es\\\/producten\\\/caravana-autocaravana-autobus\\\/carpas-de-autobus\\\/roadster-air-inflable-para-autobus\\\/\"]}]},{\"@type\":\"ImageObject\",\"inLanguage\":\"es-ES\",\"@id\":\"https:\\\/\\\/eurotrail.info\\\/es\\\/producten\\\/caravana-autocaravana-autobus\\\/carpas-de-autobus\\\/roadster-air-inflable-para-autobus\\\/#primaryimage\",\"url\":\"https:\\\/\\\/eurotrail.info\\\/wp\\\/wp-content\\\/uploads\\\/2023\\\/12\\\/ETCT0188-Roadster-Air-Set01-24-scaled.jpg\",\"contentUrl\":\"https:\\\/\\\/eurotrail.info\\\/wp\\\/wp-content\\\/uploads\\\/2023\\\/12\\\/ETCT0188-Roadster-Air-Set01-24-scaled.jpg\",\"width\":2560,\"height\":1833,\"caption\":\"). De Roadster is een compacte vrijstaande tent die parallel aan de bus wordt opgesteld\"},{\"@type\":\"BreadcrumbList\",\"@id\":\"https:\\\/\\\/eurotrail.info\\\/es\\\/producten\\\/caravana-autocaravana-autobus\\\/carpas-de-autobus\\\/roadster-air-inflable-para-autobus\\\/#breadcrumb\",\"itemListElement\":[{\"@type\":\"ListItem\",\"position\":1,\"name\":\"Home\",\"item\":\"https:\\\/\\\/eurotrail.info\\\/es\\\/\"},{\"@type\":\"ListItem\",\"position\":2,\"name\":\"Productos\",\"item\":\"https:\\\/\\\/eurotrail.info\\\/es\\\/productos\\\/\"},{\"@type\":\"ListItem\",\"position\":3,\"name\":\"Roadster Air inflable para autob\u00fas\"}]},{\"@type\":\"WebSite\",\"@id\":\"https:\\\/\\\/eurotrail.info\\\/#website\",\"url\":\"https:\\\/\\\/eurotrail.info\\\/\",\"name\":\"Eurotrail | The way we camp!\",\"description\":\"\",\"publisher\":{\"@id\":\"https:\\\/\\\/eurotrail.info\\\/#organization\"},\"potentialAction\":[{\"@type\":\"SearchAction\",\"target\":{\"@type\":\"EntryPoint\",\"urlTemplate\":\"https:\\\/\\\/eurotrail.info\\\/?s={search_term_string}\"},\"query-input\":{\"@type\":\"PropertyValueSpecification\",\"valueRequired\":true,\"valueName\":\"search_term_string\"}}],\"inLanguage\":\"es-ES\"},{\"@type\":\"Organization\",\"@id\":\"https:\\\/\\\/eurotrail.info\\\/#organization\",\"name\":\"Eurotrail | The way we camp!\",\"url\":\"https:\\\/\\\/eurotrail.info\\\/\",\"logo\":{\"@type\":\"ImageObject\",\"inLanguage\":\"es-ES\",\"@id\":\"https:\\\/\\\/eurotrail.info\\\/#\\\/schema\\\/logo\\\/image\\\/\",\"url\":\"https:\\\/\\\/eurotrail.info\\\/wp\\\/wp-content\\\/uploads\\\/2023\\\/07\\\/ET-logo-quote_NL-scaled.jpg\",\"contentUrl\":\"https:\\\/\\\/eurotrail.info\\\/wp\\\/wp-content\\\/uploads\\\/2023\\\/07\\\/ET-logo-quote_NL-scaled.jpg\",\"width\":2560,\"height\":675,\"caption\":\"Eurotrail | The way we camp!\"},\"image\":{\"@id\":\"https:\\\/\\\/eurotrail.info\\\/#\\\/schema\\\/logo\\\/image\\\/\"}}]}<\/script>\n<!-- \/ Yoast SEO plugin. -->","yoast_head_json":{"title":"Roadster Air inflable para autob\u00fas - Eurotrail | The way we camp!","description":"Tienda de campa\u00f1a inflable ideal para autob\u00fas (altura de conexi\u00f3n 180-210 cm). El Roadster es una tienda de campa\u00f1a compacta e independiente que se instala paralela al autob\u00fas.","robots":{"index":"index","follow":"follow","max-snippet":"max-snippet:-1","max-image-preview":"max-image-preview:large","max-video-preview":"max-video-preview:-1"},"canonical":"https:\/\/eurotrail.info\/es\/producten\/caravana-autocaravana-autobus\/carpas-de-autobus\/roadster-air-inflable-para-autobus\/","og_locale":"es_ES","og_type":"article","og_title":"Roadster Air inflable para autob\u00fas - Eurotrail | The way we camp!","og_description":"Tienda de campa\u00f1a inflable ideal para autob\u00fas (altura de conexi\u00f3n 180-210 cm). El Roadster es una tienda de campa\u00f1a compacta e independiente que se instala paralela al autob\u00fas.","og_url":"https:\/\/eurotrail.info\/es\/producten\/caravana-autocaravana-autobus\/carpas-de-autobus\/roadster-air-inflable-para-autobus\/","og_site_name":"Eurotrail | The way we camp!","og_image":[{"width":1280,"height":917,"url":"https:\/\/eurotrail.info\/wp\/wp-content\/uploads\/2023\/12\/ETCT0188-Roadster-Air-Set01-24-1280x917.jpg","type":"image\/jpeg"}],"twitter_card":"summary_large_image","twitter_misc":{"Tiempo de lectura":"1 minute"},"schema":{"@context":"https:\/\/schema.org","@graph":[{"@type":"WebPage","@id":"https:\/\/eurotrail.info\/es\/producten\/caravana-autocaravana-autobus\/carpas-de-autobus\/roadster-air-inflable-para-autobus\/","url":"https:\/\/eurotrail.info\/es\/producten\/caravana-autocaravana-autobus\/carpas-de-autobus\/roadster-air-inflable-para-autobus\/","name":"Roadster Air inflable para autob\u00fas - Eurotrail | The way we camp!","isPartOf":{"@id":"https:\/\/eurotrail.info\/#website"},"primaryImageOfPage":{"@id":"https:\/\/eurotrail.info\/es\/producten\/caravana-autocaravana-autobus\/carpas-de-autobus\/roadster-air-inflable-para-autobus\/#primaryimage"},"image":{"@id":"https:\/\/eurotrail.info\/es\/producten\/caravana-autocaravana-autobus\/carpas-de-autobus\/roadster-air-inflable-para-autobus\/#primaryimage"},"thumbnailUrl":"https:\/\/eurotrail.info\/wp\/wp-content\/uploads\/2023\/12\/ETCT0188-Roadster-Air-Set01-24-scaled.jpg","datePublished":"2023-12-06T15:54:53+00:00","description":"Tienda de campa\u00f1a inflable ideal para autob\u00fas (altura de conexi\u00f3n 180-210 cm). El Roadster es una tienda de campa\u00f1a compacta e independiente que se instala paralela al autob\u00fas.","breadcrumb":{"@id":"https:\/\/eurotrail.info\/es\/producten\/caravana-autocaravana-autobus\/carpas-de-autobus\/roadster-air-inflable-para-autobus\/#breadcrumb"},"inLanguage":"es-ES","potentialAction":[{"@type":"ReadAction","target":["https:\/\/eurotrail.info\/es\/producten\/caravana-autocaravana-autobus\/carpas-de-autobus\/roadster-air-inflable-para-autobus\/"]}]},{"@type":"ImageObject","inLanguage":"es-ES","@id":"https:\/\/eurotrail.info\/es\/producten\/caravana-autocaravana-autobus\/carpas-de-autobus\/roadster-air-inflable-para-autobus\/#primaryimage","url":"https:\/\/eurotrail.info\/wp\/wp-content\/uploads\/2023\/12\/ETCT0188-Roadster-Air-Set01-24-scaled.jpg","contentUrl":"https:\/\/eurotrail.info\/wp\/wp-content\/uploads\/2023\/12\/ETCT0188-Roadster-Air-Set01-24-scaled.jpg","width":2560,"height":1833,"caption":"). De Roadster is een compacte vrijstaande tent die parallel aan de bus wordt opgesteld"},{"@type":"BreadcrumbList","@id":"https:\/\/eurotrail.info\/es\/producten\/caravana-autocaravana-autobus\/carpas-de-autobus\/roadster-air-inflable-para-autobus\/#breadcrumb","itemListElement":[{"@type":"ListItem","position":1,"name":"Home","item":"https:\/\/eurotrail.info\/es\/"},{"@type":"ListItem","position":2,"name":"Productos","item":"https:\/\/eurotrail.info\/es\/productos\/"},{"@type":"ListItem","position":3,"name":"Roadster Air inflable para autob\u00fas"}]},{"@type":"WebSite","@id":"https:\/\/eurotrail.info\/#website","url":"https:\/\/eurotrail.info\/","name":"Eurotrail | The way we camp!","description":"","publisher":{"@id":"https:\/\/eurotrail.info\/#organization"},"potentialAction":[{"@type":"SearchAction","target":{"@type":"EntryPoint","urlTemplate":"https:\/\/eurotrail.info\/?s={search_term_string}"},"query-input":{"@type":"PropertyValueSpecification","valueRequired":true,"valueName":"search_term_string"}}],"inLanguage":"es-ES"},{"@type":"Organization","@id":"https:\/\/eurotrail.info\/#organization","name":"Eurotrail | The way we camp!","url":"https:\/\/eurotrail.info\/","logo":{"@type":"ImageObject","inLanguage":"es-ES","@id":"https:\/\/eurotrail.info\/#\/schema\/logo\/image\/","url":"https:\/\/eurotrail.info\/wp\/wp-content\/uploads\/2023\/07\/ET-logo-quote_NL-scaled.jpg","contentUrl":"https:\/\/eurotrail.info\/wp\/wp-content\/uploads\/2023\/07\/ET-logo-quote_NL-scaled.jpg","width":2560,"height":675,"caption":"Eurotrail | The way we camp!"},"image":{"@id":"https:\/\/eurotrail.info\/#\/schema\/logo\/image\/"}}]}},"_links":{"self":[{"href":"https:\/\/eurotrail.info\/es\/wp-json\/wp\/v2\/product\/22276","targetHints":{"allow":["GET"]}}],"collection":[{"href":"https:\/\/eurotrail.info\/es\/wp-json\/wp\/v2\/product"}],"about":[{"href":"https:\/\/eurotrail.info\/es\/wp-json\/wp\/v2\/types\/product"}],"replies":[{"embeddable":true,"href":"https:\/\/eurotrail.info\/es\/wp-json\/wp\/v2\/comments?post=22276"}],"wp:featuredmedia":[{"embeddable":true,"href":"https:\/\/eurotrail.info\/es\/wp-json\/wp\/v2\/media\/22271"}],"wp:attachment":[{"href":"https:\/\/eurotrail.info\/es\/wp-json\/wp\/v2\/media?parent=22276"}],"wp:term":[{"taxonomy":"product_brand","embeddable":true,"href":"https:\/\/eurotrail.info\/es\/wp-json\/wp\/v2\/product_brand?post=22276"},{"taxonomy":"product_cat","embeddable":true,"href":"https:\/\/eurotrail.info\/es\/wp-json\/wp\/v2\/product_cat?post=22276"},{"taxonomy":"product_tag","embeddable":true,"href":"https:\/\/eurotrail.info\/es\/wp-json\/wp\/v2\/product_tag?post=22276"}],"curies":[{"name":"wp","href":"https:\/\/api.w.org\/{rel}","templated":true}]}}