{"id":22279,"date":"2018-01-05T09:23:21","date_gmt":"2024-01-12T09:16:43","guid":{"rendered":"https:\/\/eurotrail.info\/?post_type=product&#038;p=22279"},"modified":"2024-01-12T10:29:46","modified_gmt":"2024-01-12T09:29:46","slug":"trailer-de-playa-stripes","status":"publish","type":"product","link":"https:\/\/eurotrail.info\/es\/producten\/muebles-para-acampar\/carros-de-equipaje\/trailer-de-playa-stripes\/","title":{"rendered":"Tr\u00e1iler de playa Stripes"},"content":{"rendered":"<p>Carro de playa plegable con ruedas neum\u00e1ticas.<\/p>\n<p>Transportador ideal para todo tu equipaje, como equipo de playa, nevera con bebidas, \u00a1pero tambi\u00e9n ideal para tu equipo de buceo!<br \/>\nLas ruedas neum\u00e1ticas garantizan que el carro se pueda arrastrar f\u00e1cilmente por la arena. Cuando est\u00e1 plegado, cabe f\u00e1cilmente en el maletero del coche.<\/p>\n<p>Material: 100% poli\u00e9ster<br \/>\nMarco: aluminio<br \/>\nDimensiones: 72x68x112cm<br \/>\nDimensiones interiores: 45x37x54cm<br \/>\nPlegado: 85x68x28cm<br \/>\nPeso: 3,8 kilos.<br \/>\nM\u00e1x. capacidad de carga 80 kg.<\/p>\n","protected":false},"excerpt":{"rendered":"<p>Carro de playa plegable con ruedas neum\u00e1ticas. Transportador ideal para todo tu equipaje, como equipo de playa, nevera con bebidas, \u00a1pero tambi\u00e9n ideal para tu&hellip;<\/p>\n","protected":false},"featured_media":18060,"comment_status":"open","ping_status":"closed","template":"","meta":{"_acf_changed":false},"product_brand":[],"product_cat":[349],"product_tag":[],"class_list":{"0":"post-22279","1":"product","2":"type-product","3":"status-publish","4":"has-post-thumbnail","6":"product_cat-carros-de-equipaje","8":"first","9":"instock","10":"shipping-taxable","11":"product-type-simple"},"acf":[],"yoast_head":"<!-- This site is optimized with the Yoast SEO plugin v27.3 - https:\/\/yoast.com\/product\/yoast-seo-wordpress\/ -->\n<title>Tr\u00e1iler de playa Stripes - Eurotrail | The way we camp!<\/title>\n<meta name=\"description\" content=\"Carro de transporte con original dise\u00f1o de rayas. Ideal para art\u00edculos de playa como bolsas t\u00e9rmicas, sillas, bebidas y mucho m\u00e1s.\" \/>\n<meta name=\"robots\" content=\"index, follow, max-snippet:-1, max-image-preview:large, max-video-preview:-1\" \/>\n<link rel=\"canonical\" href=\"https:\/\/eurotrail.info\/es\/producten\/muebles-para-acampar\/carros-de-equipaje\/trailer-de-playa-stripes\/\" \/>\n<meta property=\"og:locale\" content=\"es_ES\" \/>\n<meta property=\"og:type\" content=\"article\" \/>\n<meta property=\"og:title\" content=\"Tr\u00e1iler de playa Stripes - Eurotrail | The way we camp!\" \/>\n<meta property=\"og:description\" content=\"Carro de transporte con original dise\u00f1o de rayas. Ideal para art\u00edculos de playa como bolsas t\u00e9rmicas, sillas, bebidas y mucho m\u00e1s.\" \/>\n<meta property=\"og:url\" content=\"https:\/\/eurotrail.info\/es\/producten\/muebles-para-acampar\/carros-de-equipaje\/trailer-de-playa-stripes\/\" \/>\n<meta property=\"og:site_name\" content=\"Eurotrail | The way we camp!\" \/>\n<meta property=\"article:modified_time\" content=\"2024-01-12T09:29:46+00:00\" \/>\n<meta property=\"og:image\" content=\"https:\/\/eurotrail.info\/wp\/wp-content\/uploads\/2018\/01\/ETCF0962-Beach-Trailer-MultiColor-In-Use-18.jpg\" \/>\n\t<meta property=\"og:image:width\" content=\"1112\" \/>\n\t<meta property=\"og:image:height\" content=\"1772\" \/>\n\t<meta property=\"og:image:type\" content=\"image\/jpeg\" \/>\n<meta name=\"twitter:card\" content=\"summary_large_image\" \/>\n<meta name=\"twitter:label1\" content=\"Tiempo de lectura\" \/>\n\t<meta name=\"twitter:data1\" content=\"1 minute\" \/>\n<script type=\"application\/ld+json\" class=\"yoast-schema-graph\">{\"@context\":\"https:\\\/\\\/schema.org\",\"@graph\":[{\"@type\":\"WebPage\",\"@id\":\"https:\\\/\\\/eurotrail.info\\\/es\\\/producten\\\/muebles-para-acampar\\\/carros-de-equipaje\\\/trailer-de-playa-stripes\\\/\",\"url\":\"https:\\\/\\\/eurotrail.info\\\/es\\\/producten\\\/muebles-para-acampar\\\/carros-de-equipaje\\\/trailer-de-playa-stripes\\\/\",\"name\":\"Tr\u00e1iler de playa Stripes - Eurotrail | The way we camp!\",\"isPartOf\":{\"@id\":\"https:\\\/\\\/eurotrail.info\\\/#website\"},\"primaryImageOfPage\":{\"@id\":\"https:\\\/\\\/eurotrail.info\\\/es\\\/producten\\\/muebles-para-acampar\\\/carros-de-equipaje\\\/trailer-de-playa-stripes\\\/#primaryimage\"},\"image\":{\"@id\":\"https:\\\/\\\/eurotrail.info\\\/es\\\/producten\\\/muebles-para-acampar\\\/carros-de-equipaje\\\/trailer-de-playa-stripes\\\/#primaryimage\"},\"thumbnailUrl\":\"https:\\\/\\\/eurotrail.info\\\/wp\\\/wp-content\\\/uploads\\\/2018\\\/01\\\/ETCF0962-Beach-Trailer-MultiColor-In-Use-18.jpg\",\"datePublished\":\"2024-01-12T09:16:43+00:00\",\"dateModified\":\"2024-01-12T09:29:46+00:00\",\"description\":\"Carro de transporte con original dise\u00f1o de rayas. Ideal para art\u00edculos de playa como bolsas t\u00e9rmicas, sillas, bebidas y mucho m\u00e1s.\",\"breadcrumb\":{\"@id\":\"https:\\\/\\\/eurotrail.info\\\/es\\\/producten\\\/muebles-para-acampar\\\/carros-de-equipaje\\\/trailer-de-playa-stripes\\\/#breadcrumb\"},\"inLanguage\":\"es-ES\",\"potentialAction\":[{\"@type\":\"ReadAction\",\"target\":[\"https:\\\/\\\/eurotrail.info\\\/es\\\/producten\\\/muebles-para-acampar\\\/carros-de-equipaje\\\/trailer-de-playa-stripes\\\/\"]}]},{\"@type\":\"ImageObject\",\"inLanguage\":\"es-ES\",\"@id\":\"https:\\\/\\\/eurotrail.info\\\/es\\\/producten\\\/muebles-para-acampar\\\/carros-de-equipaje\\\/trailer-de-playa-stripes\\\/#primaryimage\",\"url\":\"https:\\\/\\\/eurotrail.info\\\/wp\\\/wp-content\\\/uploads\\\/2018\\\/01\\\/ETCF0962-Beach-Trailer-MultiColor-In-Use-18.jpg\",\"contentUrl\":\"https:\\\/\\\/eurotrail.info\\\/wp\\\/wp-content\\\/uploads\\\/2018\\\/01\\\/ETCF0962-Beach-Trailer-MultiColor-In-Use-18.jpg\",\"width\":1112,\"height\":1772,\"caption\":\"Ideale transporter voor uw al uw strand bagage\"},{\"@type\":\"BreadcrumbList\",\"@id\":\"https:\\\/\\\/eurotrail.info\\\/es\\\/producten\\\/muebles-para-acampar\\\/carros-de-equipaje\\\/trailer-de-playa-stripes\\\/#breadcrumb\",\"itemListElement\":[{\"@type\":\"ListItem\",\"position\":1,\"name\":\"Home\",\"item\":\"https:\\\/\\\/eurotrail.info\\\/es\\\/\"},{\"@type\":\"ListItem\",\"position\":2,\"name\":\"Productos\",\"item\":\"https:\\\/\\\/eurotrail.info\\\/es\\\/productos\\\/\"},{\"@type\":\"ListItem\",\"position\":3,\"name\":\"Tr\u00e1iler de playa Stripes\"}]},{\"@type\":\"WebSite\",\"@id\":\"https:\\\/\\\/eurotrail.info\\\/#website\",\"url\":\"https:\\\/\\\/eurotrail.info\\\/\",\"name\":\"Eurotrail | The way we camp!\",\"description\":\"\",\"publisher\":{\"@id\":\"https:\\\/\\\/eurotrail.info\\\/#organization\"},\"potentialAction\":[{\"@type\":\"SearchAction\",\"target\":{\"@type\":\"EntryPoint\",\"urlTemplate\":\"https:\\\/\\\/eurotrail.info\\\/?s={search_term_string}\"},\"query-input\":{\"@type\":\"PropertyValueSpecification\",\"valueRequired\":true,\"valueName\":\"search_term_string\"}}],\"inLanguage\":\"es-ES\"},{\"@type\":\"Organization\",\"@id\":\"https:\\\/\\\/eurotrail.info\\\/#organization\",\"name\":\"Eurotrail | The way we camp!\",\"url\":\"https:\\\/\\\/eurotrail.info\\\/\",\"logo\":{\"@type\":\"ImageObject\",\"inLanguage\":\"es-ES\",\"@id\":\"https:\\\/\\\/eurotrail.info\\\/#\\\/schema\\\/logo\\\/image\\\/\",\"url\":\"https:\\\/\\\/eurotrail.info\\\/wp\\\/wp-content\\\/uploads\\\/2023\\\/07\\\/ET-logo-quote_NL-scaled.jpg\",\"contentUrl\":\"https:\\\/\\\/eurotrail.info\\\/wp\\\/wp-content\\\/uploads\\\/2023\\\/07\\\/ET-logo-quote_NL-scaled.jpg\",\"width\":2560,\"height\":675,\"caption\":\"Eurotrail | The way we camp!\"},\"image\":{\"@id\":\"https:\\\/\\\/eurotrail.info\\\/#\\\/schema\\\/logo\\\/image\\\/\"}}]}<\/script>\n<!-- \/ Yoast SEO plugin. -->","yoast_head_json":{"title":"Tr\u00e1iler de playa Stripes - Eurotrail | The way we camp!","description":"Carro de transporte con original dise\u00f1o de rayas. Ideal para art\u00edculos de playa como bolsas t\u00e9rmicas, sillas, bebidas y mucho m\u00e1s.","robots":{"index":"index","follow":"follow","max-snippet":"max-snippet:-1","max-image-preview":"max-image-preview:large","max-video-preview":"max-video-preview:-1"},"canonical":"https:\/\/eurotrail.info\/es\/producten\/muebles-para-acampar\/carros-de-equipaje\/trailer-de-playa-stripes\/","og_locale":"es_ES","og_type":"article","og_title":"Tr\u00e1iler de playa Stripes - Eurotrail | The way we camp!","og_description":"Carro de transporte con original dise\u00f1o de rayas. Ideal para art\u00edculos de playa como bolsas t\u00e9rmicas, sillas, bebidas y mucho m\u00e1s.","og_url":"https:\/\/eurotrail.info\/es\/producten\/muebles-para-acampar\/carros-de-equipaje\/trailer-de-playa-stripes\/","og_site_name":"Eurotrail | The way we camp!","article_modified_time":"2024-01-12T09:29:46+00:00","og_image":[{"width":1112,"height":1772,"url":"https:\/\/eurotrail.info\/wp\/wp-content\/uploads\/2018\/01\/ETCF0962-Beach-Trailer-MultiColor-In-Use-18.jpg","type":"image\/jpeg"}],"twitter_card":"summary_large_image","twitter_misc":{"Tiempo de lectura":"1 minute"},"schema":{"@context":"https:\/\/schema.org","@graph":[{"@type":"WebPage","@id":"https:\/\/eurotrail.info\/es\/producten\/muebles-para-acampar\/carros-de-equipaje\/trailer-de-playa-stripes\/","url":"https:\/\/eurotrail.info\/es\/producten\/muebles-para-acampar\/carros-de-equipaje\/trailer-de-playa-stripes\/","name":"Tr\u00e1iler de playa Stripes - Eurotrail | The way we camp!","isPartOf":{"@id":"https:\/\/eurotrail.info\/#website"},"primaryImageOfPage":{"@id":"https:\/\/eurotrail.info\/es\/producten\/muebles-para-acampar\/carros-de-equipaje\/trailer-de-playa-stripes\/#primaryimage"},"image":{"@id":"https:\/\/eurotrail.info\/es\/producten\/muebles-para-acampar\/carros-de-equipaje\/trailer-de-playa-stripes\/#primaryimage"},"thumbnailUrl":"https:\/\/eurotrail.info\/wp\/wp-content\/uploads\/2018\/01\/ETCF0962-Beach-Trailer-MultiColor-In-Use-18.jpg","datePublished":"2024-01-12T09:16:43+00:00","dateModified":"2024-01-12T09:29:46+00:00","description":"Carro de transporte con original dise\u00f1o de rayas. Ideal para art\u00edculos de playa como bolsas t\u00e9rmicas, sillas, bebidas y mucho m\u00e1s.","breadcrumb":{"@id":"https:\/\/eurotrail.info\/es\/producten\/muebles-para-acampar\/carros-de-equipaje\/trailer-de-playa-stripes\/#breadcrumb"},"inLanguage":"es-ES","potentialAction":[{"@type":"ReadAction","target":["https:\/\/eurotrail.info\/es\/producten\/muebles-para-acampar\/carros-de-equipaje\/trailer-de-playa-stripes\/"]}]},{"@type":"ImageObject","inLanguage":"es-ES","@id":"https:\/\/eurotrail.info\/es\/producten\/muebles-para-acampar\/carros-de-equipaje\/trailer-de-playa-stripes\/#primaryimage","url":"https:\/\/eurotrail.info\/wp\/wp-content\/uploads\/2018\/01\/ETCF0962-Beach-Trailer-MultiColor-In-Use-18.jpg","contentUrl":"https:\/\/eurotrail.info\/wp\/wp-content\/uploads\/2018\/01\/ETCF0962-Beach-Trailer-MultiColor-In-Use-18.jpg","width":1112,"height":1772,"caption":"Ideale transporter voor uw al uw strand bagage"},{"@type":"BreadcrumbList","@id":"https:\/\/eurotrail.info\/es\/producten\/muebles-para-acampar\/carros-de-equipaje\/trailer-de-playa-stripes\/#breadcrumb","itemListElement":[{"@type":"ListItem","position":1,"name":"Home","item":"https:\/\/eurotrail.info\/es\/"},{"@type":"ListItem","position":2,"name":"Productos","item":"https:\/\/eurotrail.info\/es\/productos\/"},{"@type":"ListItem","position":3,"name":"Tr\u00e1iler de playa Stripes"}]},{"@type":"WebSite","@id":"https:\/\/eurotrail.info\/#website","url":"https:\/\/eurotrail.info\/","name":"Eurotrail | The way we camp!","description":"","publisher":{"@id":"https:\/\/eurotrail.info\/#organization"},"potentialAction":[{"@type":"SearchAction","target":{"@type":"EntryPoint","urlTemplate":"https:\/\/eurotrail.info\/?s={search_term_string}"},"query-input":{"@type":"PropertyValueSpecification","valueRequired":true,"valueName":"search_term_string"}}],"inLanguage":"es-ES"},{"@type":"Organization","@id":"https:\/\/eurotrail.info\/#organization","name":"Eurotrail | The way we camp!","url":"https:\/\/eurotrail.info\/","logo":{"@type":"ImageObject","inLanguage":"es-ES","@id":"https:\/\/eurotrail.info\/#\/schema\/logo\/image\/","url":"https:\/\/eurotrail.info\/wp\/wp-content\/uploads\/2023\/07\/ET-logo-quote_NL-scaled.jpg","contentUrl":"https:\/\/eurotrail.info\/wp\/wp-content\/uploads\/2023\/07\/ET-logo-quote_NL-scaled.jpg","width":2560,"height":675,"caption":"Eurotrail | The way we camp!"},"image":{"@id":"https:\/\/eurotrail.info\/#\/schema\/logo\/image\/"}}]}},"_links":{"self":[{"href":"https:\/\/eurotrail.info\/es\/wp-json\/wp\/v2\/product\/22279","targetHints":{"allow":["GET"]}}],"collection":[{"href":"https:\/\/eurotrail.info\/es\/wp-json\/wp\/v2\/product"}],"about":[{"href":"https:\/\/eurotrail.info\/es\/wp-json\/wp\/v2\/types\/product"}],"replies":[{"embeddable":true,"href":"https:\/\/eurotrail.info\/es\/wp-json\/wp\/v2\/comments?post=22279"}],"wp:featuredmedia":[{"embeddable":true,"href":"https:\/\/eurotrail.info\/es\/wp-json\/wp\/v2\/media\/18060"}],"wp:attachment":[{"href":"https:\/\/eurotrail.info\/es\/wp-json\/wp\/v2\/media?parent=22279"}],"wp:term":[{"taxonomy":"product_brand","embeddable":true,"href":"https:\/\/eurotrail.info\/es\/wp-json\/wp\/v2\/product_brand?post=22279"},{"taxonomy":"product_cat","embeddable":true,"href":"https:\/\/eurotrail.info\/es\/wp-json\/wp\/v2\/product_cat?post=22279"},{"taxonomy":"product_tag","embeddable":true,"href":"https:\/\/eurotrail.info\/es\/wp-json\/wp\/v2\/product_tag?post=22279"}],"curies":[{"name":"wp","href":"https:\/\/api.w.org\/{rel}","templated":true}]}}