{"id":22294,"date":"2023-12-06T15:42:32","date_gmt":"2024-01-12T14:59:04","guid":{"rendered":"https:\/\/eurotrail.info\/?post_type=product&#038;p=22294"},"modified":"2024-01-12T15:59:04","modified_gmt":"2024-01-12T14:59:04","slug":"lampara-antimosquitos-recargable","status":"publish","type":"product","link":"https:\/\/eurotrail.info\/es\/producten\/domestico\/lampara-de-mosquitos\/lampara-antimosquitos-recargable\/","title":{"rendered":"L\u00e1mpara antimosquitos recargable."},"content":{"rendered":"<p>L\u00e1mpara antimosquitos compacta pero muy eficaz. Esta l\u00e1mpara es recargable y despu\u00e9s de una carga completa funciona hasta 16 horas. La l\u00e1mpara emite una fuerte luz ultravioleta que atrae a los mosquitos en un \u00e1rea amplia. En el interior hay una rejilla tensora que elimina los mosquitos. Hay una bandeja recolectora extra\u00edble en la parte inferior. Completamente recargable con el cable de carga USB tipo C incluido.<\/p>\n<p>Material: ABS<br \/>\nLuz: tubo LED UV-A<br \/>\nBater\u00eda: 3,7 V 5000 mAh, bater\u00eda de litio 18650<br \/>\nDimensiones: \u00d8 12x25cm<br \/>\nPeso: 550 gramos.<br \/>\nRecarga: DC 5V USB tipo C<br \/>\nTiempo de uso: 14-16 hrs.<br \/>\nTiempo de carga: 5-7 horas.<\/p>\n","protected":false},"excerpt":{"rendered":"<p>L\u00e1mpara antimosquitos compacta pero muy eficaz. Esta l\u00e1mpara es recargable y despu\u00e9s de una carga completa funciona hasta 16 horas. La l\u00e1mpara emite una fuerte&hellip;<\/p>\n","protected":false},"featured_media":22080,"comment_status":"open","ping_status":"closed","template":"","meta":{"_acf_changed":false},"product_brand":[],"product_cat":[337,342],"product_tag":[],"class_list":{"0":"post-22294","1":"product","2":"type-product","3":"status-publish","4":"has-post-thumbnail","6":"product_cat-domestico","7":"product_cat-lampara-de-mosquitos","9":"first","10":"instock","11":"shipping-taxable","12":"product-type-simple"},"acf":[],"yoast_head":"<!-- This site is optimized with the Yoast SEO plugin v27.4 - https:\/\/yoast.com\/product\/yoast-seo-wordpress\/ -->\n<title>L\u00e1mpara antimosquitos recargable. - Eurotrail | The way we camp!<\/title>\n<meta name=\"description\" content=\"L\u00e1mpara antimosquitos compacta pero muy eficaz. Esta l\u00e1mpara es recargable y despu\u00e9s de una carga completa funciona hasta 16 horas.\" \/>\n<meta name=\"robots\" content=\"index, follow, max-snippet:-1, max-image-preview:large, max-video-preview:-1\" \/>\n<link rel=\"canonical\" href=\"https:\/\/eurotrail.info\/producten\/huishoudelijk\/muggenlamp-oplaadbaar-anti-muggen-killerlamp\/muggenlamp-oplaadbaar-2\/\" \/>\n<meta property=\"og:locale\" content=\"es_ES\" \/>\n<meta property=\"og:type\" content=\"article\" \/>\n<meta property=\"og:title\" content=\"L\u00e1mpara antimosquitos recargable. - Eurotrail | The way we camp!\" \/>\n<meta property=\"og:description\" content=\"L\u00e1mpara antimosquitos compacta pero muy eficaz. Esta l\u00e1mpara es recargable y despu\u00e9s de una carga completa funciona hasta 16 horas.\" \/>\n<meta property=\"og:url\" content=\"https:\/\/eurotrail.info\/producten\/huishoudelijk\/muggenlamp-oplaadbaar-anti-muggen-killerlamp\/muggenlamp-oplaadbaar-2\/\" \/>\n<meta property=\"og:site_name\" content=\"Eurotrail | The way we camp!\" \/>\n<meta property=\"og:image\" content=\"https:\/\/eurotrail.info\/wp\/wp-content\/uploads\/2023\/12\/muggenlamp-b-scaled.jpg\" \/>\n\t<meta property=\"og:image:width\" content=\"1322\" \/>\n\t<meta property=\"og:image:height\" content=\"2560\" \/>\n\t<meta property=\"og:image:type\" content=\"image\/jpeg\" \/>\n<meta name=\"twitter:card\" content=\"summary_large_image\" \/>\n<meta name=\"twitter:label1\" content=\"Tiempo de lectura\" \/>\n\t<meta name=\"twitter:data1\" content=\"1 minute\" \/>\n<script type=\"application\/ld+json\" class=\"yoast-schema-graph\">{\"@context\":\"https:\\\/\\\/schema.org\",\"@graph\":[{\"@type\":\"WebPage\",\"@id\":\"https:\\\/\\\/eurotrail.info\\\/producten\\\/huishoudelijk\\\/muggenlamp-oplaadbaar-anti-muggen-killerlamp\\\/muggenlamp-oplaadbaar-2\\\/\",\"url\":\"https:\\\/\\\/eurotrail.info\\\/producten\\\/huishoudelijk\\\/muggenlamp-oplaadbaar-anti-muggen-killerlamp\\\/muggenlamp-oplaadbaar-2\\\/\",\"name\":\"L\u00e1mpara antimosquitos recargable. - Eurotrail | The way we camp!\",\"isPartOf\":{\"@id\":\"https:\\\/\\\/eurotrail.info\\\/#website\"},\"primaryImageOfPage\":{\"@id\":\"https:\\\/\\\/eurotrail.info\\\/producten\\\/huishoudelijk\\\/muggenlamp-oplaadbaar-anti-muggen-killerlamp\\\/muggenlamp-oplaadbaar-2\\\/#primaryimage\"},\"image\":{\"@id\":\"https:\\\/\\\/eurotrail.info\\\/producten\\\/huishoudelijk\\\/muggenlamp-oplaadbaar-anti-muggen-killerlamp\\\/muggenlamp-oplaadbaar-2\\\/#primaryimage\"},\"thumbnailUrl\":\"https:\\\/\\\/eurotrail.info\\\/wp\\\/wp-content\\\/uploads\\\/2023\\\/12\\\/muggenlamp-b-scaled.jpg\",\"datePublished\":\"2024-01-12T14:59:04+00:00\",\"description\":\"L\u00e1mpara antimosquitos compacta pero muy eficaz. Esta l\u00e1mpara es recargable y despu\u00e9s de una carga completa funciona hasta 16 horas.\",\"breadcrumb\":{\"@id\":\"https:\\\/\\\/eurotrail.info\\\/producten\\\/huishoudelijk\\\/muggenlamp-oplaadbaar-anti-muggen-killerlamp\\\/muggenlamp-oplaadbaar-2\\\/#breadcrumb\"},\"inLanguage\":\"es-ES\",\"potentialAction\":[{\"@type\":\"ReadAction\",\"target\":[\"https:\\\/\\\/eurotrail.info\\\/producten\\\/huishoudelijk\\\/muggenlamp-oplaadbaar-anti-muggen-killerlamp\\\/muggenlamp-oplaadbaar-2\\\/\"]}]},{\"@type\":\"ImageObject\",\"inLanguage\":\"es-ES\",\"@id\":\"https:\\\/\\\/eurotrail.info\\\/producten\\\/huishoudelijk\\\/muggenlamp-oplaadbaar-anti-muggen-killerlamp\\\/muggenlamp-oplaadbaar-2\\\/#primaryimage\",\"url\":\"https:\\\/\\\/eurotrail.info\\\/wp\\\/wp-content\\\/uploads\\\/2023\\\/12\\\/muggenlamp-b-scaled.jpg\",\"contentUrl\":\"https:\\\/\\\/eurotrail.info\\\/wp\\\/wp-content\\\/uploads\\\/2023\\\/12\\\/muggenlamp-b-scaled.jpg\",\"width\":1322,\"height\":2560,\"caption\":\"Compact maar zeer effectieve muggenlamp.\"},{\"@type\":\"BreadcrumbList\",\"@id\":\"https:\\\/\\\/eurotrail.info\\\/producten\\\/huishoudelijk\\\/muggenlamp-oplaadbaar-anti-muggen-killerlamp\\\/muggenlamp-oplaadbaar-2\\\/#breadcrumb\",\"itemListElement\":[{\"@type\":\"ListItem\",\"position\":1,\"name\":\"Home\",\"item\":\"https:\\\/\\\/eurotrail.info\\\/es\\\/\"},{\"@type\":\"ListItem\",\"position\":2,\"name\":\"Productos\",\"item\":\"https:\\\/\\\/eurotrail.info\\\/es\\\/productos\\\/\"},{\"@type\":\"ListItem\",\"position\":3,\"name\":\"L\u00e1mpara antimosquitos recargable.\"}]},{\"@type\":\"WebSite\",\"@id\":\"https:\\\/\\\/eurotrail.info\\\/#website\",\"url\":\"https:\\\/\\\/eurotrail.info\\\/\",\"name\":\"Eurotrail | The way we camp!\",\"description\":\"\",\"publisher\":{\"@id\":\"https:\\\/\\\/eurotrail.info\\\/#organization\"},\"potentialAction\":[{\"@type\":\"SearchAction\",\"target\":{\"@type\":\"EntryPoint\",\"urlTemplate\":\"https:\\\/\\\/eurotrail.info\\\/?s={search_term_string}\"},\"query-input\":{\"@type\":\"PropertyValueSpecification\",\"valueRequired\":true,\"valueName\":\"search_term_string\"}}],\"inLanguage\":\"es-ES\"},{\"@type\":\"Organization\",\"@id\":\"https:\\\/\\\/eurotrail.info\\\/#organization\",\"name\":\"Eurotrail | The way we camp!\",\"url\":\"https:\\\/\\\/eurotrail.info\\\/\",\"logo\":{\"@type\":\"ImageObject\",\"inLanguage\":\"es-ES\",\"@id\":\"https:\\\/\\\/eurotrail.info\\\/#\\\/schema\\\/logo\\\/image\\\/\",\"url\":\"https:\\\/\\\/eurotrail.info\\\/wp\\\/wp-content\\\/uploads\\\/2023\\\/07\\\/ET-logo-quote_NL-scaled.jpg\",\"contentUrl\":\"https:\\\/\\\/eurotrail.info\\\/wp\\\/wp-content\\\/uploads\\\/2023\\\/07\\\/ET-logo-quote_NL-scaled.jpg\",\"width\":2560,\"height\":675,\"caption\":\"Eurotrail | The way we camp!\"},\"image\":{\"@id\":\"https:\\\/\\\/eurotrail.info\\\/#\\\/schema\\\/logo\\\/image\\\/\"}}]}<\/script>\n<!-- \/ Yoast SEO plugin. -->","yoast_head_json":{"title":"L\u00e1mpara antimosquitos recargable. - Eurotrail | The way we camp!","description":"L\u00e1mpara antimosquitos compacta pero muy eficaz. Esta l\u00e1mpara es recargable y despu\u00e9s de una carga completa funciona hasta 16 horas.","robots":{"index":"index","follow":"follow","max-snippet":"max-snippet:-1","max-image-preview":"max-image-preview:large","max-video-preview":"max-video-preview:-1"},"canonical":"https:\/\/eurotrail.info\/producten\/huishoudelijk\/muggenlamp-oplaadbaar-anti-muggen-killerlamp\/muggenlamp-oplaadbaar-2\/","og_locale":"es_ES","og_type":"article","og_title":"L\u00e1mpara antimosquitos recargable. - Eurotrail | The way we camp!","og_description":"L\u00e1mpara antimosquitos compacta pero muy eficaz. Esta l\u00e1mpara es recargable y despu\u00e9s de una carga completa funciona hasta 16 horas.","og_url":"https:\/\/eurotrail.info\/producten\/huishoudelijk\/muggenlamp-oplaadbaar-anti-muggen-killerlamp\/muggenlamp-oplaadbaar-2\/","og_site_name":"Eurotrail | The way we camp!","og_image":[{"width":1322,"height":2560,"url":"https:\/\/eurotrail.info\/wp\/wp-content\/uploads\/2023\/12\/muggenlamp-b-scaled.jpg","type":"image\/jpeg"}],"twitter_card":"summary_large_image","twitter_misc":{"Tiempo de lectura":"1 minute"},"schema":{"@context":"https:\/\/schema.org","@graph":[{"@type":"WebPage","@id":"https:\/\/eurotrail.info\/producten\/huishoudelijk\/muggenlamp-oplaadbaar-anti-muggen-killerlamp\/muggenlamp-oplaadbaar-2\/","url":"https:\/\/eurotrail.info\/producten\/huishoudelijk\/muggenlamp-oplaadbaar-anti-muggen-killerlamp\/muggenlamp-oplaadbaar-2\/","name":"L\u00e1mpara antimosquitos recargable. - Eurotrail | The way we camp!","isPartOf":{"@id":"https:\/\/eurotrail.info\/#website"},"primaryImageOfPage":{"@id":"https:\/\/eurotrail.info\/producten\/huishoudelijk\/muggenlamp-oplaadbaar-anti-muggen-killerlamp\/muggenlamp-oplaadbaar-2\/#primaryimage"},"image":{"@id":"https:\/\/eurotrail.info\/producten\/huishoudelijk\/muggenlamp-oplaadbaar-anti-muggen-killerlamp\/muggenlamp-oplaadbaar-2\/#primaryimage"},"thumbnailUrl":"https:\/\/eurotrail.info\/wp\/wp-content\/uploads\/2023\/12\/muggenlamp-b-scaled.jpg","datePublished":"2024-01-12T14:59:04+00:00","description":"L\u00e1mpara antimosquitos compacta pero muy eficaz. Esta l\u00e1mpara es recargable y despu\u00e9s de una carga completa funciona hasta 16 horas.","breadcrumb":{"@id":"https:\/\/eurotrail.info\/producten\/huishoudelijk\/muggenlamp-oplaadbaar-anti-muggen-killerlamp\/muggenlamp-oplaadbaar-2\/#breadcrumb"},"inLanguage":"es-ES","potentialAction":[{"@type":"ReadAction","target":["https:\/\/eurotrail.info\/producten\/huishoudelijk\/muggenlamp-oplaadbaar-anti-muggen-killerlamp\/muggenlamp-oplaadbaar-2\/"]}]},{"@type":"ImageObject","inLanguage":"es-ES","@id":"https:\/\/eurotrail.info\/producten\/huishoudelijk\/muggenlamp-oplaadbaar-anti-muggen-killerlamp\/muggenlamp-oplaadbaar-2\/#primaryimage","url":"https:\/\/eurotrail.info\/wp\/wp-content\/uploads\/2023\/12\/muggenlamp-b-scaled.jpg","contentUrl":"https:\/\/eurotrail.info\/wp\/wp-content\/uploads\/2023\/12\/muggenlamp-b-scaled.jpg","width":1322,"height":2560,"caption":"Compact maar zeer effectieve muggenlamp."},{"@type":"BreadcrumbList","@id":"https:\/\/eurotrail.info\/producten\/huishoudelijk\/muggenlamp-oplaadbaar-anti-muggen-killerlamp\/muggenlamp-oplaadbaar-2\/#breadcrumb","itemListElement":[{"@type":"ListItem","position":1,"name":"Home","item":"https:\/\/eurotrail.info\/es\/"},{"@type":"ListItem","position":2,"name":"Productos","item":"https:\/\/eurotrail.info\/es\/productos\/"},{"@type":"ListItem","position":3,"name":"L\u00e1mpara antimosquitos recargable."}]},{"@type":"WebSite","@id":"https:\/\/eurotrail.info\/#website","url":"https:\/\/eurotrail.info\/","name":"Eurotrail | The way we camp!","description":"","publisher":{"@id":"https:\/\/eurotrail.info\/#organization"},"potentialAction":[{"@type":"SearchAction","target":{"@type":"EntryPoint","urlTemplate":"https:\/\/eurotrail.info\/?s={search_term_string}"},"query-input":{"@type":"PropertyValueSpecification","valueRequired":true,"valueName":"search_term_string"}}],"inLanguage":"es-ES"},{"@type":"Organization","@id":"https:\/\/eurotrail.info\/#organization","name":"Eurotrail | The way we camp!","url":"https:\/\/eurotrail.info\/","logo":{"@type":"ImageObject","inLanguage":"es-ES","@id":"https:\/\/eurotrail.info\/#\/schema\/logo\/image\/","url":"https:\/\/eurotrail.info\/wp\/wp-content\/uploads\/2023\/07\/ET-logo-quote_NL-scaled.jpg","contentUrl":"https:\/\/eurotrail.info\/wp\/wp-content\/uploads\/2023\/07\/ET-logo-quote_NL-scaled.jpg","width":2560,"height":675,"caption":"Eurotrail | The way we camp!"},"image":{"@id":"https:\/\/eurotrail.info\/#\/schema\/logo\/image\/"}}]}},"_links":{"self":[{"href":"https:\/\/eurotrail.info\/es\/wp-json\/wp\/v2\/product\/22294","targetHints":{"allow":["GET"]}}],"collection":[{"href":"https:\/\/eurotrail.info\/es\/wp-json\/wp\/v2\/product"}],"about":[{"href":"https:\/\/eurotrail.info\/es\/wp-json\/wp\/v2\/types\/product"}],"replies":[{"embeddable":true,"href":"https:\/\/eurotrail.info\/es\/wp-json\/wp\/v2\/comments?post=22294"}],"wp:featuredmedia":[{"embeddable":true,"href":"https:\/\/eurotrail.info\/es\/wp-json\/wp\/v2\/media\/22080"}],"wp:attachment":[{"href":"https:\/\/eurotrail.info\/es\/wp-json\/wp\/v2\/media?parent=22294"}],"wp:term":[{"taxonomy":"product_brand","embeddable":true,"href":"https:\/\/eurotrail.info\/es\/wp-json\/wp\/v2\/product_brand?post=22294"},{"taxonomy":"product_cat","embeddable":true,"href":"https:\/\/eurotrail.info\/es\/wp-json\/wp\/v2\/product_cat?post=22294"},{"taxonomy":"product_tag","embeddable":true,"href":"https:\/\/eurotrail.info\/es\/wp-json\/wp\/v2\/product_tag?post=22294"}],"curies":[{"name":"wp","href":"https:\/\/api.w.org\/{rel}","templated":true}]}}