{"id":22304,"date":"2016-03-18T14:39:25","date_gmt":"2016-03-18T13:39:25","guid":{"rendered":"https:\/\/eurotrail.info\/?post_type=product&#038;p=22304"},"modified":"2026-01-09T09:16:11","modified_gmt":"2026-01-09T08:16:11","slug":"copa-de-vino-265ml","status":"publish","type":"product","link":"https:\/\/eurotrail.info\/es\/producten\/domestico\/vidrio-casi-irrompible-policarbonato\/copa-de-vino-265ml\/","title":{"rendered":"Copa de vino 265ml"},"content":{"rendered":"<p>Copa de vino cl\u00e1sica de pl\u00e1stico MS.<\/p>\n<p>Preciosa copa para vino tinto o blanco. Ligera y pr\u00e1cticamente irrompible.<br \/>\nApta para lavavajillas. \u00a1El material MS es reciclable!<\/p>\n<p>Material: Pl\u00e1stico MS<br \/>\nCapacidad: 265 ml<\/p>\n","protected":false},"excerpt":{"rendered":"<p>Copa de vino cl\u00e1sica de pl\u00e1stico MS. Preciosa copa para vino tinto o blanco. Ligera y pr\u00e1cticamente irrompible. Apta para lavavajillas. \u00a1El material MS es&hellip;<\/p>\n","protected":false},"featured_media":16713,"comment_status":"open","ping_status":"closed","template":"","meta":{"_acf_changed":false},"product_brand":[],"product_cat":[340],"product_tag":[],"class_list":{"0":"post-22304","1":"product","2":"type-product","3":"status-publish","4":"has-post-thumbnail","6":"product_cat-vidrio-casi-irrompible-policarbonato","8":"first","9":"instock","10":"shipping-taxable","11":"product-type-simple"},"acf":[],"yoast_head":"<!-- This site is optimized with the Yoast SEO plugin v27.3 - https:\/\/yoast.com\/product\/yoast-seo-wordpress\/ -->\n<title>Copa de vino 265ml - Eurotrail | The way we camp!<\/title>\n<meta name=\"description\" content=\"Copa de vino cl\u00e1sica de pl\u00e1stico MS.Preciosa copa para vino tinto o blanco. Ligera y pr\u00e1cticamente irrompible.\" \/>\n<meta name=\"robots\" content=\"index, follow, max-snippet:-1, max-image-preview:large, max-video-preview:-1\" \/>\n<link rel=\"canonical\" href=\"https:\/\/eurotrail.info\/es\/producten\/domestico\/vidrio-casi-irrompible-policarbonato\/copa-de-vino-265ml\/\" \/>\n<meta property=\"og:locale\" content=\"es_ES\" \/>\n<meta property=\"og:type\" content=\"article\" \/>\n<meta property=\"og:title\" content=\"Copa de vino 265ml - Eurotrail | The way we camp!\" \/>\n<meta property=\"og:description\" content=\"Copa de vino cl\u00e1sica de pl\u00e1stico MS.Preciosa copa para vino tinto o blanco. Ligera y pr\u00e1cticamente irrompible.\" \/>\n<meta property=\"og:url\" content=\"https:\/\/eurotrail.info\/es\/producten\/domestico\/vidrio-casi-irrompible-policarbonato\/copa-de-vino-265ml\/\" \/>\n<meta property=\"og:site_name\" content=\"Eurotrail | The way we camp!\" \/>\n<meta property=\"article:modified_time\" content=\"2026-01-09T08:16:11+00:00\" \/>\n<meta property=\"og:image\" content=\"https:\/\/eurotrail.info\/wp\/wp-content\/uploads\/2016\/03\/Eurotrail-wijnglas-300ml-ETKW0006-packed-2.jpg\" \/>\n\t<meta property=\"og:image:width\" content=\"701\" \/>\n\t<meta property=\"og:image:height\" content=\"1417\" \/>\n\t<meta property=\"og:image:type\" content=\"image\/jpeg\" \/>\n<meta name=\"twitter:card\" content=\"summary_large_image\" \/>\n<meta name=\"twitter:label1\" content=\"Tiempo de lectura\" \/>\n\t<meta name=\"twitter:data1\" content=\"1 minute\" \/>\n<script type=\"application\/ld+json\" class=\"yoast-schema-graph\">{\"@context\":\"https:\\\/\\\/schema.org\",\"@graph\":[{\"@type\":\"WebPage\",\"@id\":\"https:\\\/\\\/eurotrail.info\\\/es\\\/producten\\\/domestico\\\/vidrio-casi-irrompible-policarbonato\\\/copa-de-vino-265ml\\\/\",\"url\":\"https:\\\/\\\/eurotrail.info\\\/es\\\/producten\\\/domestico\\\/vidrio-casi-irrompible-policarbonato\\\/copa-de-vino-265ml\\\/\",\"name\":\"Copa de vino 265ml - Eurotrail | The way we camp!\",\"isPartOf\":{\"@id\":\"https:\\\/\\\/eurotrail.info\\\/#website\"},\"primaryImageOfPage\":{\"@id\":\"https:\\\/\\\/eurotrail.info\\\/es\\\/producten\\\/domestico\\\/vidrio-casi-irrompible-policarbonato\\\/copa-de-vino-265ml\\\/#primaryimage\"},\"image\":{\"@id\":\"https:\\\/\\\/eurotrail.info\\\/es\\\/producten\\\/domestico\\\/vidrio-casi-irrompible-policarbonato\\\/copa-de-vino-265ml\\\/#primaryimage\"},\"thumbnailUrl\":\"https:\\\/\\\/eurotrail.info\\\/wp\\\/wp-content\\\/uploads\\\/2016\\\/03\\\/Eurotrail-wijnglas-300ml-ETKW0006-packed-2.jpg\",\"datePublished\":\"2016-03-18T13:39:25+00:00\",\"dateModified\":\"2026-01-09T08:16:11+00:00\",\"description\":\"Copa de vino cl\u00e1sica de pl\u00e1stico MS.Preciosa copa para vino tinto o blanco. Ligera y pr\u00e1cticamente irrompible.\",\"breadcrumb\":{\"@id\":\"https:\\\/\\\/eurotrail.info\\\/es\\\/producten\\\/domestico\\\/vidrio-casi-irrompible-policarbonato\\\/copa-de-vino-265ml\\\/#breadcrumb\"},\"inLanguage\":\"es-ES\",\"potentialAction\":[{\"@type\":\"ReadAction\",\"target\":[\"https:\\\/\\\/eurotrail.info\\\/es\\\/producten\\\/domestico\\\/vidrio-casi-irrompible-policarbonato\\\/copa-de-vino-265ml\\\/\"]}]},{\"@type\":\"ImageObject\",\"inLanguage\":\"es-ES\",\"@id\":\"https:\\\/\\\/eurotrail.info\\\/es\\\/producten\\\/domestico\\\/vidrio-casi-irrompible-policarbonato\\\/copa-de-vino-265ml\\\/#primaryimage\",\"url\":\"https:\\\/\\\/eurotrail.info\\\/wp\\\/wp-content\\\/uploads\\\/2016\\\/03\\\/Eurotrail-wijnglas-300ml-ETKW0006-packed-2.jpg\",\"contentUrl\":\"https:\\\/\\\/eurotrail.info\\\/wp\\\/wp-content\\\/uploads\\\/2016\\\/03\\\/Eurotrail-wijnglas-300ml-ETKW0006-packed-2.jpg\",\"width\":701,\"height\":1417,\"caption\":\"Standaard wijnglas van 100% polycarbonte. Onbreekbaar!\"},{\"@type\":\"BreadcrumbList\",\"@id\":\"https:\\\/\\\/eurotrail.info\\\/es\\\/producten\\\/domestico\\\/vidrio-casi-irrompible-policarbonato\\\/copa-de-vino-265ml\\\/#breadcrumb\",\"itemListElement\":[{\"@type\":\"ListItem\",\"position\":1,\"name\":\"Home\",\"item\":\"https:\\\/\\\/eurotrail.info\\\/es\\\/\"},{\"@type\":\"ListItem\",\"position\":2,\"name\":\"Productos\",\"item\":\"https:\\\/\\\/eurotrail.info\\\/es\\\/productos\\\/\"},{\"@type\":\"ListItem\",\"position\":3,\"name\":\"Copa de vino 265ml\"}]},{\"@type\":\"WebSite\",\"@id\":\"https:\\\/\\\/eurotrail.info\\\/#website\",\"url\":\"https:\\\/\\\/eurotrail.info\\\/\",\"name\":\"Eurotrail | The way we camp!\",\"description\":\"\",\"publisher\":{\"@id\":\"https:\\\/\\\/eurotrail.info\\\/#organization\"},\"potentialAction\":[{\"@type\":\"SearchAction\",\"target\":{\"@type\":\"EntryPoint\",\"urlTemplate\":\"https:\\\/\\\/eurotrail.info\\\/?s={search_term_string}\"},\"query-input\":{\"@type\":\"PropertyValueSpecification\",\"valueRequired\":true,\"valueName\":\"search_term_string\"}}],\"inLanguage\":\"es-ES\"},{\"@type\":\"Organization\",\"@id\":\"https:\\\/\\\/eurotrail.info\\\/#organization\",\"name\":\"Eurotrail | The way we camp!\",\"url\":\"https:\\\/\\\/eurotrail.info\\\/\",\"logo\":{\"@type\":\"ImageObject\",\"inLanguage\":\"es-ES\",\"@id\":\"https:\\\/\\\/eurotrail.info\\\/#\\\/schema\\\/logo\\\/image\\\/\",\"url\":\"https:\\\/\\\/eurotrail.info\\\/wp\\\/wp-content\\\/uploads\\\/2023\\\/07\\\/ET-logo-quote_NL-scaled.jpg\",\"contentUrl\":\"https:\\\/\\\/eurotrail.info\\\/wp\\\/wp-content\\\/uploads\\\/2023\\\/07\\\/ET-logo-quote_NL-scaled.jpg\",\"width\":2560,\"height\":675,\"caption\":\"Eurotrail | The way we camp!\"},\"image\":{\"@id\":\"https:\\\/\\\/eurotrail.info\\\/#\\\/schema\\\/logo\\\/image\\\/\"}}]}<\/script>\n<!-- \/ Yoast SEO plugin. -->","yoast_head_json":{"title":"Copa de vino 265ml - Eurotrail | The way we camp!","description":"Copa de vino cl\u00e1sica de pl\u00e1stico MS.Preciosa copa para vino tinto o blanco. Ligera y pr\u00e1cticamente irrompible.","robots":{"index":"index","follow":"follow","max-snippet":"max-snippet:-1","max-image-preview":"max-image-preview:large","max-video-preview":"max-video-preview:-1"},"canonical":"https:\/\/eurotrail.info\/es\/producten\/domestico\/vidrio-casi-irrompible-policarbonato\/copa-de-vino-265ml\/","og_locale":"es_ES","og_type":"article","og_title":"Copa de vino 265ml - Eurotrail | The way we camp!","og_description":"Copa de vino cl\u00e1sica de pl\u00e1stico MS.Preciosa copa para vino tinto o blanco. Ligera y pr\u00e1cticamente irrompible.","og_url":"https:\/\/eurotrail.info\/es\/producten\/domestico\/vidrio-casi-irrompible-policarbonato\/copa-de-vino-265ml\/","og_site_name":"Eurotrail | The way we camp!","article_modified_time":"2026-01-09T08:16:11+00:00","og_image":[{"width":701,"height":1417,"url":"https:\/\/eurotrail.info\/wp\/wp-content\/uploads\/2016\/03\/Eurotrail-wijnglas-300ml-ETKW0006-packed-2.jpg","type":"image\/jpeg"}],"twitter_card":"summary_large_image","twitter_misc":{"Tiempo de lectura":"1 minute"},"schema":{"@context":"https:\/\/schema.org","@graph":[{"@type":"WebPage","@id":"https:\/\/eurotrail.info\/es\/producten\/domestico\/vidrio-casi-irrompible-policarbonato\/copa-de-vino-265ml\/","url":"https:\/\/eurotrail.info\/es\/producten\/domestico\/vidrio-casi-irrompible-policarbonato\/copa-de-vino-265ml\/","name":"Copa de vino 265ml - Eurotrail | The way we camp!","isPartOf":{"@id":"https:\/\/eurotrail.info\/#website"},"primaryImageOfPage":{"@id":"https:\/\/eurotrail.info\/es\/producten\/domestico\/vidrio-casi-irrompible-policarbonato\/copa-de-vino-265ml\/#primaryimage"},"image":{"@id":"https:\/\/eurotrail.info\/es\/producten\/domestico\/vidrio-casi-irrompible-policarbonato\/copa-de-vino-265ml\/#primaryimage"},"thumbnailUrl":"https:\/\/eurotrail.info\/wp\/wp-content\/uploads\/2016\/03\/Eurotrail-wijnglas-300ml-ETKW0006-packed-2.jpg","datePublished":"2016-03-18T13:39:25+00:00","dateModified":"2026-01-09T08:16:11+00:00","description":"Copa de vino cl\u00e1sica de pl\u00e1stico MS.Preciosa copa para vino tinto o blanco. Ligera y pr\u00e1cticamente irrompible.","breadcrumb":{"@id":"https:\/\/eurotrail.info\/es\/producten\/domestico\/vidrio-casi-irrompible-policarbonato\/copa-de-vino-265ml\/#breadcrumb"},"inLanguage":"es-ES","potentialAction":[{"@type":"ReadAction","target":["https:\/\/eurotrail.info\/es\/producten\/domestico\/vidrio-casi-irrompible-policarbonato\/copa-de-vino-265ml\/"]}]},{"@type":"ImageObject","inLanguage":"es-ES","@id":"https:\/\/eurotrail.info\/es\/producten\/domestico\/vidrio-casi-irrompible-policarbonato\/copa-de-vino-265ml\/#primaryimage","url":"https:\/\/eurotrail.info\/wp\/wp-content\/uploads\/2016\/03\/Eurotrail-wijnglas-300ml-ETKW0006-packed-2.jpg","contentUrl":"https:\/\/eurotrail.info\/wp\/wp-content\/uploads\/2016\/03\/Eurotrail-wijnglas-300ml-ETKW0006-packed-2.jpg","width":701,"height":1417,"caption":"Standaard wijnglas van 100% polycarbonte. Onbreekbaar!"},{"@type":"BreadcrumbList","@id":"https:\/\/eurotrail.info\/es\/producten\/domestico\/vidrio-casi-irrompible-policarbonato\/copa-de-vino-265ml\/#breadcrumb","itemListElement":[{"@type":"ListItem","position":1,"name":"Home","item":"https:\/\/eurotrail.info\/es\/"},{"@type":"ListItem","position":2,"name":"Productos","item":"https:\/\/eurotrail.info\/es\/productos\/"},{"@type":"ListItem","position":3,"name":"Copa de vino 265ml"}]},{"@type":"WebSite","@id":"https:\/\/eurotrail.info\/#website","url":"https:\/\/eurotrail.info\/","name":"Eurotrail | The way we camp!","description":"","publisher":{"@id":"https:\/\/eurotrail.info\/#organization"},"potentialAction":[{"@type":"SearchAction","target":{"@type":"EntryPoint","urlTemplate":"https:\/\/eurotrail.info\/?s={search_term_string}"},"query-input":{"@type":"PropertyValueSpecification","valueRequired":true,"valueName":"search_term_string"}}],"inLanguage":"es-ES"},{"@type":"Organization","@id":"https:\/\/eurotrail.info\/#organization","name":"Eurotrail | The way we camp!","url":"https:\/\/eurotrail.info\/","logo":{"@type":"ImageObject","inLanguage":"es-ES","@id":"https:\/\/eurotrail.info\/#\/schema\/logo\/image\/","url":"https:\/\/eurotrail.info\/wp\/wp-content\/uploads\/2023\/07\/ET-logo-quote_NL-scaled.jpg","contentUrl":"https:\/\/eurotrail.info\/wp\/wp-content\/uploads\/2023\/07\/ET-logo-quote_NL-scaled.jpg","width":2560,"height":675,"caption":"Eurotrail | The way we camp!"},"image":{"@id":"https:\/\/eurotrail.info\/#\/schema\/logo\/image\/"}}]}},"_links":{"self":[{"href":"https:\/\/eurotrail.info\/es\/wp-json\/wp\/v2\/product\/22304","targetHints":{"allow":["GET"]}}],"collection":[{"href":"https:\/\/eurotrail.info\/es\/wp-json\/wp\/v2\/product"}],"about":[{"href":"https:\/\/eurotrail.info\/es\/wp-json\/wp\/v2\/types\/product"}],"replies":[{"embeddable":true,"href":"https:\/\/eurotrail.info\/es\/wp-json\/wp\/v2\/comments?post=22304"}],"wp:featuredmedia":[{"embeddable":true,"href":"https:\/\/eurotrail.info\/es\/wp-json\/wp\/v2\/media\/16713"}],"wp:attachment":[{"href":"https:\/\/eurotrail.info\/es\/wp-json\/wp\/v2\/media?parent=22304"}],"wp:term":[{"taxonomy":"product_brand","embeddable":true,"href":"https:\/\/eurotrail.info\/es\/wp-json\/wp\/v2\/product_brand?post=22304"},{"taxonomy":"product_cat","embeddable":true,"href":"https:\/\/eurotrail.info\/es\/wp-json\/wp\/v2\/product_cat?post=22304"},{"taxonomy":"product_tag","embeddable":true,"href":"https:\/\/eurotrail.info\/es\/wp-json\/wp\/v2\/product_tag?post=22304"}],"curies":[{"name":"wp","href":"https:\/\/api.w.org\/{rel}","templated":true}]}}