{"id":22305,"date":"2016-03-18T14:36:40","date_gmt":"2016-03-18T13:36:40","guid":{"rendered":"https:\/\/eurotrail.info\/?post_type=product&#038;p=22305"},"modified":"2024-01-15T09:02:48","modified_gmt":"2024-01-15T08:02:48","slug":"copa-de-champagne","status":"publish","type":"product","link":"https:\/\/eurotrail.info\/es\/producten\/domestico\/vidrio-casi-irrompible-policarbonato\/copa-de-champagne\/","title":{"rendered":"Copa de champagne"},"content":{"rendered":"<p>Elegantes copas de champ\u00e1n fabricadas en policarbonato.<br \/>\n\u00a1Peso ligero y pr\u00e1cticamente irrompible! Tambi\u00e9n apto para lavavajillas.<\/p>\n<p>Dimensiones: \u00d87x19cm<br \/>\nMaterial: 100% policarbonato<br \/>\nContenido: 175ml<br \/>\nPeso: 110gr cada uno<br \/>\nEmbalado por 2 piezas<\/p>\n","protected":false},"excerpt":{"rendered":"<p>Elegantes copas de champ\u00e1n fabricadas en policarbonato. \u00a1Peso ligero y pr\u00e1cticamente irrompible! Tambi\u00e9n apto para lavavajillas. Dimensiones: \u00d87x19cm Material: 100% policarbonato Contenido: 175ml Peso: 110gr&hellip;<\/p>\n","protected":false},"featured_media":16711,"comment_status":"open","ping_status":"closed","template":"","meta":{"_acf_changed":false},"product_brand":[],"product_cat":[340],"product_tag":[],"class_list":{"0":"post-22305","1":"product","2":"type-product","3":"status-publish","4":"has-post-thumbnail","6":"product_cat-vidrio-casi-irrompible-policarbonato","8":"first","9":"instock","10":"shipping-taxable","11":"product-type-simple"},"acf":[],"yoast_head":"<!-- This site is optimized with the Yoast SEO plugin v27.3 - https:\/\/yoast.com\/product\/yoast-seo-wordpress\/ -->\n<title>Copa de champagne - Eurotrail | The way we camp!<\/title>\n<meta name=\"description\" content=\"Elegantes copas de champ\u00e1n fabricadas en policarbonato.\u00a1Peso ligero y pr\u00e1cticamente irrompible! Tambi\u00e9n apto para lavavajillas.\" \/>\n<meta name=\"robots\" content=\"index, follow, max-snippet:-1, max-image-preview:large, max-video-preview:-1\" \/>\n<link rel=\"canonical\" href=\"https:\/\/eurotrail.info\/es\/producten\/domestico\/vidrio-casi-irrompible-policarbonato\/copa-de-champagne\/\" \/>\n<meta property=\"og:locale\" content=\"es_ES\" \/>\n<meta property=\"og:type\" content=\"article\" \/>\n<meta property=\"og:title\" content=\"Copa de champagne - Eurotrail | The way we camp!\" \/>\n<meta property=\"og:description\" content=\"Elegantes copas de champ\u00e1n fabricadas en policarbonato.\u00a1Peso ligero y pr\u00e1cticamente irrompible! Tambi\u00e9n apto para lavavajillas.\" \/>\n<meta property=\"og:url\" content=\"https:\/\/eurotrail.info\/es\/producten\/domestico\/vidrio-casi-irrompible-policarbonato\/copa-de-champagne\/\" \/>\n<meta property=\"og:site_name\" content=\"Eurotrail | The way we camp!\" \/>\n<meta property=\"article:modified_time\" content=\"2024-01-15T08:02:48+00:00\" \/>\n<meta property=\"og:image\" content=\"https:\/\/eurotrail.info\/wp\/wp-content\/uploads\/2016\/03\/Eurotrail-Champage-glas-ETKW0011.jpg\" \/>\n\t<meta property=\"og:image:width\" content=\"1169\" \/>\n\t<meta property=\"og:image:height\" content=\"3217\" \/>\n\t<meta property=\"og:image:type\" content=\"image\/jpeg\" \/>\n<meta name=\"twitter:card\" content=\"summary_large_image\" \/>\n<meta name=\"twitter:label1\" content=\"Tiempo de lectura\" \/>\n\t<meta name=\"twitter:data1\" content=\"1 minute\" \/>\n<script type=\"application\/ld+json\" class=\"yoast-schema-graph\">{\"@context\":\"https:\\\/\\\/schema.org\",\"@graph\":[{\"@type\":\"WebPage\",\"@id\":\"https:\\\/\\\/eurotrail.info\\\/es\\\/producten\\\/domestico\\\/vidrio-casi-irrompible-policarbonato\\\/copa-de-champagne\\\/\",\"url\":\"https:\\\/\\\/eurotrail.info\\\/es\\\/producten\\\/domestico\\\/vidrio-casi-irrompible-policarbonato\\\/copa-de-champagne\\\/\",\"name\":\"Copa de champagne - Eurotrail | The way we camp!\",\"isPartOf\":{\"@id\":\"https:\\\/\\\/eurotrail.info\\\/#website\"},\"primaryImageOfPage\":{\"@id\":\"https:\\\/\\\/eurotrail.info\\\/es\\\/producten\\\/domestico\\\/vidrio-casi-irrompible-policarbonato\\\/copa-de-champagne\\\/#primaryimage\"},\"image\":{\"@id\":\"https:\\\/\\\/eurotrail.info\\\/es\\\/producten\\\/domestico\\\/vidrio-casi-irrompible-policarbonato\\\/copa-de-champagne\\\/#primaryimage\"},\"thumbnailUrl\":\"https:\\\/\\\/eurotrail.info\\\/wp\\\/wp-content\\\/uploads\\\/2016\\\/03\\\/Eurotrail-Champage-glas-ETKW0011.jpg\",\"datePublished\":\"2016-03-18T13:36:40+00:00\",\"dateModified\":\"2024-01-15T08:02:48+00:00\",\"description\":\"Elegantes copas de champ\u00e1n fabricadas en policarbonato.\u00a1Peso ligero y pr\u00e1cticamente irrompible! Tambi\u00e9n apto para lavavajillas.\",\"breadcrumb\":{\"@id\":\"https:\\\/\\\/eurotrail.info\\\/es\\\/producten\\\/domestico\\\/vidrio-casi-irrompible-policarbonato\\\/copa-de-champagne\\\/#breadcrumb\"},\"inLanguage\":\"es-ES\",\"potentialAction\":[{\"@type\":\"ReadAction\",\"target\":[\"https:\\\/\\\/eurotrail.info\\\/es\\\/producten\\\/domestico\\\/vidrio-casi-irrompible-policarbonato\\\/copa-de-champagne\\\/\"]}]},{\"@type\":\"ImageObject\",\"inLanguage\":\"es-ES\",\"@id\":\"https:\\\/\\\/eurotrail.info\\\/es\\\/producten\\\/domestico\\\/vidrio-casi-irrompible-policarbonato\\\/copa-de-champagne\\\/#primaryimage\",\"url\":\"https:\\\/\\\/eurotrail.info\\\/wp\\\/wp-content\\\/uploads\\\/2016\\\/03\\\/Eurotrail-Champage-glas-ETKW0011.jpg\",\"contentUrl\":\"https:\\\/\\\/eurotrail.info\\\/wp\\\/wp-content\\\/uploads\\\/2016\\\/03\\\/Eurotrail-Champage-glas-ETKW0011.jpg\",\"width\":1169,\"height\":3217,\"caption\":\"Eurotrail champagne glas\"},{\"@type\":\"BreadcrumbList\",\"@id\":\"https:\\\/\\\/eurotrail.info\\\/es\\\/producten\\\/domestico\\\/vidrio-casi-irrompible-policarbonato\\\/copa-de-champagne\\\/#breadcrumb\",\"itemListElement\":[{\"@type\":\"ListItem\",\"position\":1,\"name\":\"Home\",\"item\":\"https:\\\/\\\/eurotrail.info\\\/es\\\/\"},{\"@type\":\"ListItem\",\"position\":2,\"name\":\"Productos\",\"item\":\"https:\\\/\\\/eurotrail.info\\\/es\\\/productos\\\/\"},{\"@type\":\"ListItem\",\"position\":3,\"name\":\"Copa de champagne\"}]},{\"@type\":\"WebSite\",\"@id\":\"https:\\\/\\\/eurotrail.info\\\/#website\",\"url\":\"https:\\\/\\\/eurotrail.info\\\/\",\"name\":\"Eurotrail | The way we camp!\",\"description\":\"\",\"publisher\":{\"@id\":\"https:\\\/\\\/eurotrail.info\\\/#organization\"},\"potentialAction\":[{\"@type\":\"SearchAction\",\"target\":{\"@type\":\"EntryPoint\",\"urlTemplate\":\"https:\\\/\\\/eurotrail.info\\\/?s={search_term_string}\"},\"query-input\":{\"@type\":\"PropertyValueSpecification\",\"valueRequired\":true,\"valueName\":\"search_term_string\"}}],\"inLanguage\":\"es-ES\"},{\"@type\":\"Organization\",\"@id\":\"https:\\\/\\\/eurotrail.info\\\/#organization\",\"name\":\"Eurotrail | The way we camp!\",\"url\":\"https:\\\/\\\/eurotrail.info\\\/\",\"logo\":{\"@type\":\"ImageObject\",\"inLanguage\":\"es-ES\",\"@id\":\"https:\\\/\\\/eurotrail.info\\\/#\\\/schema\\\/logo\\\/image\\\/\",\"url\":\"https:\\\/\\\/eurotrail.info\\\/wp\\\/wp-content\\\/uploads\\\/2023\\\/07\\\/ET-logo-quote_NL-scaled.jpg\",\"contentUrl\":\"https:\\\/\\\/eurotrail.info\\\/wp\\\/wp-content\\\/uploads\\\/2023\\\/07\\\/ET-logo-quote_NL-scaled.jpg\",\"width\":2560,\"height\":675,\"caption\":\"Eurotrail | The way we camp!\"},\"image\":{\"@id\":\"https:\\\/\\\/eurotrail.info\\\/#\\\/schema\\\/logo\\\/image\\\/\"}}]}<\/script>\n<!-- \/ Yoast SEO plugin. -->","yoast_head_json":{"title":"Copa de champagne - Eurotrail | The way we camp!","description":"Elegantes copas de champ\u00e1n fabricadas en policarbonato.\u00a1Peso ligero y pr\u00e1cticamente irrompible! Tambi\u00e9n apto para lavavajillas.","robots":{"index":"index","follow":"follow","max-snippet":"max-snippet:-1","max-image-preview":"max-image-preview:large","max-video-preview":"max-video-preview:-1"},"canonical":"https:\/\/eurotrail.info\/es\/producten\/domestico\/vidrio-casi-irrompible-policarbonato\/copa-de-champagne\/","og_locale":"es_ES","og_type":"article","og_title":"Copa de champagne - Eurotrail | The way we camp!","og_description":"Elegantes copas de champ\u00e1n fabricadas en policarbonato.\u00a1Peso ligero y pr\u00e1cticamente irrompible! Tambi\u00e9n apto para lavavajillas.","og_url":"https:\/\/eurotrail.info\/es\/producten\/domestico\/vidrio-casi-irrompible-policarbonato\/copa-de-champagne\/","og_site_name":"Eurotrail | The way we camp!","article_modified_time":"2024-01-15T08:02:48+00:00","og_image":[{"width":1169,"height":3217,"url":"https:\/\/eurotrail.info\/wp\/wp-content\/uploads\/2016\/03\/Eurotrail-Champage-glas-ETKW0011.jpg","type":"image\/jpeg"}],"twitter_card":"summary_large_image","twitter_misc":{"Tiempo de lectura":"1 minute"},"schema":{"@context":"https:\/\/schema.org","@graph":[{"@type":"WebPage","@id":"https:\/\/eurotrail.info\/es\/producten\/domestico\/vidrio-casi-irrompible-policarbonato\/copa-de-champagne\/","url":"https:\/\/eurotrail.info\/es\/producten\/domestico\/vidrio-casi-irrompible-policarbonato\/copa-de-champagne\/","name":"Copa de champagne - Eurotrail | The way we camp!","isPartOf":{"@id":"https:\/\/eurotrail.info\/#website"},"primaryImageOfPage":{"@id":"https:\/\/eurotrail.info\/es\/producten\/domestico\/vidrio-casi-irrompible-policarbonato\/copa-de-champagne\/#primaryimage"},"image":{"@id":"https:\/\/eurotrail.info\/es\/producten\/domestico\/vidrio-casi-irrompible-policarbonato\/copa-de-champagne\/#primaryimage"},"thumbnailUrl":"https:\/\/eurotrail.info\/wp\/wp-content\/uploads\/2016\/03\/Eurotrail-Champage-glas-ETKW0011.jpg","datePublished":"2016-03-18T13:36:40+00:00","dateModified":"2024-01-15T08:02:48+00:00","description":"Elegantes copas de champ\u00e1n fabricadas en policarbonato.\u00a1Peso ligero y pr\u00e1cticamente irrompible! Tambi\u00e9n apto para lavavajillas.","breadcrumb":{"@id":"https:\/\/eurotrail.info\/es\/producten\/domestico\/vidrio-casi-irrompible-policarbonato\/copa-de-champagne\/#breadcrumb"},"inLanguage":"es-ES","potentialAction":[{"@type":"ReadAction","target":["https:\/\/eurotrail.info\/es\/producten\/domestico\/vidrio-casi-irrompible-policarbonato\/copa-de-champagne\/"]}]},{"@type":"ImageObject","inLanguage":"es-ES","@id":"https:\/\/eurotrail.info\/es\/producten\/domestico\/vidrio-casi-irrompible-policarbonato\/copa-de-champagne\/#primaryimage","url":"https:\/\/eurotrail.info\/wp\/wp-content\/uploads\/2016\/03\/Eurotrail-Champage-glas-ETKW0011.jpg","contentUrl":"https:\/\/eurotrail.info\/wp\/wp-content\/uploads\/2016\/03\/Eurotrail-Champage-glas-ETKW0011.jpg","width":1169,"height":3217,"caption":"Eurotrail champagne glas"},{"@type":"BreadcrumbList","@id":"https:\/\/eurotrail.info\/es\/producten\/domestico\/vidrio-casi-irrompible-policarbonato\/copa-de-champagne\/#breadcrumb","itemListElement":[{"@type":"ListItem","position":1,"name":"Home","item":"https:\/\/eurotrail.info\/es\/"},{"@type":"ListItem","position":2,"name":"Productos","item":"https:\/\/eurotrail.info\/es\/productos\/"},{"@type":"ListItem","position":3,"name":"Copa de champagne"}]},{"@type":"WebSite","@id":"https:\/\/eurotrail.info\/#website","url":"https:\/\/eurotrail.info\/","name":"Eurotrail | The way we camp!","description":"","publisher":{"@id":"https:\/\/eurotrail.info\/#organization"},"potentialAction":[{"@type":"SearchAction","target":{"@type":"EntryPoint","urlTemplate":"https:\/\/eurotrail.info\/?s={search_term_string}"},"query-input":{"@type":"PropertyValueSpecification","valueRequired":true,"valueName":"search_term_string"}}],"inLanguage":"es-ES"},{"@type":"Organization","@id":"https:\/\/eurotrail.info\/#organization","name":"Eurotrail | The way we camp!","url":"https:\/\/eurotrail.info\/","logo":{"@type":"ImageObject","inLanguage":"es-ES","@id":"https:\/\/eurotrail.info\/#\/schema\/logo\/image\/","url":"https:\/\/eurotrail.info\/wp\/wp-content\/uploads\/2023\/07\/ET-logo-quote_NL-scaled.jpg","contentUrl":"https:\/\/eurotrail.info\/wp\/wp-content\/uploads\/2023\/07\/ET-logo-quote_NL-scaled.jpg","width":2560,"height":675,"caption":"Eurotrail | The way we camp!"},"image":{"@id":"https:\/\/eurotrail.info\/#\/schema\/logo\/image\/"}}]}},"_links":{"self":[{"href":"https:\/\/eurotrail.info\/es\/wp-json\/wp\/v2\/product\/22305","targetHints":{"allow":["GET"]}}],"collection":[{"href":"https:\/\/eurotrail.info\/es\/wp-json\/wp\/v2\/product"}],"about":[{"href":"https:\/\/eurotrail.info\/es\/wp-json\/wp\/v2\/types\/product"}],"replies":[{"embeddable":true,"href":"https:\/\/eurotrail.info\/es\/wp-json\/wp\/v2\/comments?post=22305"}],"wp:featuredmedia":[{"embeddable":true,"href":"https:\/\/eurotrail.info\/es\/wp-json\/wp\/v2\/media\/16711"}],"wp:attachment":[{"href":"https:\/\/eurotrail.info\/es\/wp-json\/wp\/v2\/media?parent=22305"}],"wp:term":[{"taxonomy":"product_brand","embeddable":true,"href":"https:\/\/eurotrail.info\/es\/wp-json\/wp\/v2\/product_brand?post=22305"},{"taxonomy":"product_cat","embeddable":true,"href":"https:\/\/eurotrail.info\/es\/wp-json\/wp\/v2\/product_cat?post=22305"},{"taxonomy":"product_tag","embeddable":true,"href":"https:\/\/eurotrail.info\/es\/wp-json\/wp\/v2\/product_tag?post=22305"}],"curies":[{"name":"wp","href":"https:\/\/api.w.org\/{rel}","templated":true}]}}