{"id":22313,"date":"2017-01-17T15:29:23","date_gmt":"2017-01-17T14:29:23","guid":{"rendered":"https:\/\/eurotrail.info\/?post_type=product&#038;p=22313"},"modified":"2026-01-23T13:30:52","modified_gmt":"2026-01-23T12:30:52","slug":"vaso-de-te","status":"publish","type":"product","link":"https:\/\/eurotrail.info\/es\/producten\/domestico\/vidrio-casi-irrompible-policarbonato\/vaso-de-te\/","title":{"rendered":"Vaso de t\u00e9 con asa"},"content":{"rendered":"<p>Vaso de t\u00e9 cl\u00e1sico con asa \u2013 330 ml<\/p>\n<p>Disfruta de cada momento del t\u00e9 con este atemporal vaso de t\u00e9 con asa. Su dise\u00f1o cl\u00e1sico y depurado realza el color de tu t\u00e9, mientras que su resistente asa se adapta c\u00f3modamente a la mano, ideal para relajarse en el sof\u00e1, de camping o en la mesa del desayuno.<\/p>\n<p>El vaso est\u00e1 fabricado con pl\u00e1stico AS (SAN) de alta calidad: ligero, duradero y apto para lavavajillas. Perfecto para el uso diario, tanto en casa como fuera de ella.<\/p>\n<p>\u00bfPor qu\u00e9 este vaso de t\u00e9 es una excelente opci\u00f3n?<\/p>\n<p>\u2714 Dise\u00f1o cl\u00e1sico y depurado<br \/>\n\u2714 Asa c\u00f3moda<br \/>\n\u2714 Ligero y pr\u00e1ctico<br \/>\n\u2714 Fabricado con pl\u00e1stico AS (SAN) resistente<br \/>\n\u2714 Apto para lavavajillas<br \/>\n\u2714 Capacidad: 330 ml<\/p>\n<p>Un modelo de confianza para los amantes del t\u00e9 \ud83c\udf43<\/p>\n","protected":false},"excerpt":{"rendered":"<p>Vaso de t\u00e9 cl\u00e1sico con asa \u2013 330 ml Disfruta de cada momento del t\u00e9 con este atemporal vaso de t\u00e9 con asa. Su dise\u00f1o&hellip;<\/p>\n","protected":false},"featured_media":17465,"comment_status":"open","ping_status":"closed","template":"","meta":{"_acf_changed":false},"product_brand":[],"product_cat":[340],"product_tag":[],"class_list":{"0":"post-22313","1":"product","2":"type-product","3":"status-publish","4":"has-post-thumbnail","6":"product_cat-vidrio-casi-irrompible-policarbonato","8":"first","9":"instock","10":"shipping-taxable","11":"product-type-simple"},"acf":[],"yoast_head":"<!-- This site is optimized with the Yoast SEO plugin v27.3 - https:\/\/yoast.com\/product\/yoast-seo-wordpress\/ -->\n<title>Vaso de t\u00e9 con asa - Eurotrail | The way we camp!<\/title>\n<meta name=\"description\" content=\"Vaso de t\u00e9 fabricado en pl\u00e1stico AS.Peso ligero y apto para lavavajillas.\" \/>\n<meta name=\"robots\" content=\"index, follow, max-snippet:-1, max-image-preview:large, max-video-preview:-1\" \/>\n<link rel=\"canonical\" href=\"https:\/\/eurotrail.info\/es\/producten\/domestico\/vidrio-casi-irrompible-policarbonato\/vaso-de-te\/\" \/>\n<meta property=\"og:locale\" content=\"es_ES\" \/>\n<meta property=\"og:type\" content=\"article\" \/>\n<meta property=\"og:title\" content=\"Vaso de t\u00e9 con asa - Eurotrail | The way we camp!\" \/>\n<meta property=\"og:description\" content=\"Vaso de t\u00e9 fabricado en pl\u00e1stico AS.Peso ligero y apto para lavavajillas.\" \/>\n<meta property=\"og:url\" content=\"https:\/\/eurotrail.info\/es\/producten\/domestico\/vidrio-casi-irrompible-policarbonato\/vaso-de-te\/\" \/>\n<meta property=\"og:site_name\" content=\"Eurotrail | The way we camp!\" \/>\n<meta property=\"article:modified_time\" content=\"2026-01-23T12:30:52+00:00\" \/>\n<meta property=\"og:image\" content=\"https:\/\/eurotrail.info\/wp\/wp-content\/uploads\/2017\/01\/ETKW0086.jpg\" \/>\n\t<meta property=\"og:image:width\" content=\"1483\" \/>\n\t<meta property=\"og:image:height\" content=\"1417\" \/>\n\t<meta property=\"og:image:type\" content=\"image\/jpeg\" \/>\n<meta name=\"twitter:card\" content=\"summary_large_image\" \/>\n<meta name=\"twitter:label1\" content=\"Tiempo de lectura\" \/>\n\t<meta name=\"twitter:data1\" content=\"1 minute\" \/>\n<script type=\"application\/ld+json\" class=\"yoast-schema-graph\">{\"@context\":\"https:\\\/\\\/schema.org\",\"@graph\":[{\"@type\":\"WebPage\",\"@id\":\"https:\\\/\\\/eurotrail.info\\\/es\\\/producten\\\/domestico\\\/vidrio-casi-irrompible-policarbonato\\\/vaso-de-te\\\/\",\"url\":\"https:\\\/\\\/eurotrail.info\\\/es\\\/producten\\\/domestico\\\/vidrio-casi-irrompible-policarbonato\\\/vaso-de-te\\\/\",\"name\":\"Vaso de t\u00e9 con asa - Eurotrail | The way we camp!\",\"isPartOf\":{\"@id\":\"https:\\\/\\\/eurotrail.info\\\/#website\"},\"primaryImageOfPage\":{\"@id\":\"https:\\\/\\\/eurotrail.info\\\/es\\\/producten\\\/domestico\\\/vidrio-casi-irrompible-policarbonato\\\/vaso-de-te\\\/#primaryimage\"},\"image\":{\"@id\":\"https:\\\/\\\/eurotrail.info\\\/es\\\/producten\\\/domestico\\\/vidrio-casi-irrompible-policarbonato\\\/vaso-de-te\\\/#primaryimage\"},\"thumbnailUrl\":\"https:\\\/\\\/eurotrail.info\\\/wp\\\/wp-content\\\/uploads\\\/2017\\\/01\\\/ETKW0086.jpg\",\"datePublished\":\"2017-01-17T14:29:23+00:00\",\"dateModified\":\"2026-01-23T12:30:52+00:00\",\"description\":\"Vaso de t\u00e9 fabricado en pl\u00e1stico AS.Peso ligero y apto para lavavajillas.\",\"breadcrumb\":{\"@id\":\"https:\\\/\\\/eurotrail.info\\\/es\\\/producten\\\/domestico\\\/vidrio-casi-irrompible-policarbonato\\\/vaso-de-te\\\/#breadcrumb\"},\"inLanguage\":\"es-ES\",\"potentialAction\":[{\"@type\":\"ReadAction\",\"target\":[\"https:\\\/\\\/eurotrail.info\\\/es\\\/producten\\\/domestico\\\/vidrio-casi-irrompible-policarbonato\\\/vaso-de-te\\\/\"]}]},{\"@type\":\"ImageObject\",\"inLanguage\":\"es-ES\",\"@id\":\"https:\\\/\\\/eurotrail.info\\\/es\\\/producten\\\/domestico\\\/vidrio-casi-irrompible-policarbonato\\\/vaso-de-te\\\/#primaryimage\",\"url\":\"https:\\\/\\\/eurotrail.info\\\/wp\\\/wp-content\\\/uploads\\\/2017\\\/01\\\/ETKW0086.jpg\",\"contentUrl\":\"https:\\\/\\\/eurotrail.info\\\/wp\\\/wp-content\\\/uploads\\\/2017\\\/01\\\/ETKW0086.jpg\",\"width\":1483,\"height\":1417,\"caption\":\"Theeglas gemaakt van AS Kunsstsof.\"},{\"@type\":\"BreadcrumbList\",\"@id\":\"https:\\\/\\\/eurotrail.info\\\/es\\\/producten\\\/domestico\\\/vidrio-casi-irrompible-policarbonato\\\/vaso-de-te\\\/#breadcrumb\",\"itemListElement\":[{\"@type\":\"ListItem\",\"position\":1,\"name\":\"Home\",\"item\":\"https:\\\/\\\/eurotrail.info\\\/es\\\/\"},{\"@type\":\"ListItem\",\"position\":2,\"name\":\"Productos\",\"item\":\"https:\\\/\\\/eurotrail.info\\\/es\\\/productos\\\/\"},{\"@type\":\"ListItem\",\"position\":3,\"name\":\"Vaso de t\u00e9 con asa\"}]},{\"@type\":\"WebSite\",\"@id\":\"https:\\\/\\\/eurotrail.info\\\/#website\",\"url\":\"https:\\\/\\\/eurotrail.info\\\/\",\"name\":\"Eurotrail | The way we camp!\",\"description\":\"\",\"publisher\":{\"@id\":\"https:\\\/\\\/eurotrail.info\\\/#organization\"},\"potentialAction\":[{\"@type\":\"SearchAction\",\"target\":{\"@type\":\"EntryPoint\",\"urlTemplate\":\"https:\\\/\\\/eurotrail.info\\\/?s={search_term_string}\"},\"query-input\":{\"@type\":\"PropertyValueSpecification\",\"valueRequired\":true,\"valueName\":\"search_term_string\"}}],\"inLanguage\":\"es-ES\"},{\"@type\":\"Organization\",\"@id\":\"https:\\\/\\\/eurotrail.info\\\/#organization\",\"name\":\"Eurotrail | The way we camp!\",\"url\":\"https:\\\/\\\/eurotrail.info\\\/\",\"logo\":{\"@type\":\"ImageObject\",\"inLanguage\":\"es-ES\",\"@id\":\"https:\\\/\\\/eurotrail.info\\\/#\\\/schema\\\/logo\\\/image\\\/\",\"url\":\"https:\\\/\\\/eurotrail.info\\\/wp\\\/wp-content\\\/uploads\\\/2023\\\/07\\\/ET-logo-quote_NL-scaled.jpg\",\"contentUrl\":\"https:\\\/\\\/eurotrail.info\\\/wp\\\/wp-content\\\/uploads\\\/2023\\\/07\\\/ET-logo-quote_NL-scaled.jpg\",\"width\":2560,\"height\":675,\"caption\":\"Eurotrail | The way we camp!\"},\"image\":{\"@id\":\"https:\\\/\\\/eurotrail.info\\\/#\\\/schema\\\/logo\\\/image\\\/\"}}]}<\/script>\n<!-- \/ Yoast SEO plugin. -->","yoast_head_json":{"title":"Vaso de t\u00e9 con asa - Eurotrail | The way we camp!","description":"Vaso de t\u00e9 fabricado en pl\u00e1stico AS.Peso ligero y apto para lavavajillas.","robots":{"index":"index","follow":"follow","max-snippet":"max-snippet:-1","max-image-preview":"max-image-preview:large","max-video-preview":"max-video-preview:-1"},"canonical":"https:\/\/eurotrail.info\/es\/producten\/domestico\/vidrio-casi-irrompible-policarbonato\/vaso-de-te\/","og_locale":"es_ES","og_type":"article","og_title":"Vaso de t\u00e9 con asa - Eurotrail | The way we camp!","og_description":"Vaso de t\u00e9 fabricado en pl\u00e1stico AS.Peso ligero y apto para lavavajillas.","og_url":"https:\/\/eurotrail.info\/es\/producten\/domestico\/vidrio-casi-irrompible-policarbonato\/vaso-de-te\/","og_site_name":"Eurotrail | The way we camp!","article_modified_time":"2026-01-23T12:30:52+00:00","og_image":[{"width":1483,"height":1417,"url":"https:\/\/eurotrail.info\/wp\/wp-content\/uploads\/2017\/01\/ETKW0086.jpg","type":"image\/jpeg"}],"twitter_card":"summary_large_image","twitter_misc":{"Tiempo de lectura":"1 minute"},"schema":{"@context":"https:\/\/schema.org","@graph":[{"@type":"WebPage","@id":"https:\/\/eurotrail.info\/es\/producten\/domestico\/vidrio-casi-irrompible-policarbonato\/vaso-de-te\/","url":"https:\/\/eurotrail.info\/es\/producten\/domestico\/vidrio-casi-irrompible-policarbonato\/vaso-de-te\/","name":"Vaso de t\u00e9 con asa - Eurotrail | The way we camp!","isPartOf":{"@id":"https:\/\/eurotrail.info\/#website"},"primaryImageOfPage":{"@id":"https:\/\/eurotrail.info\/es\/producten\/domestico\/vidrio-casi-irrompible-policarbonato\/vaso-de-te\/#primaryimage"},"image":{"@id":"https:\/\/eurotrail.info\/es\/producten\/domestico\/vidrio-casi-irrompible-policarbonato\/vaso-de-te\/#primaryimage"},"thumbnailUrl":"https:\/\/eurotrail.info\/wp\/wp-content\/uploads\/2017\/01\/ETKW0086.jpg","datePublished":"2017-01-17T14:29:23+00:00","dateModified":"2026-01-23T12:30:52+00:00","description":"Vaso de t\u00e9 fabricado en pl\u00e1stico AS.Peso ligero y apto para lavavajillas.","breadcrumb":{"@id":"https:\/\/eurotrail.info\/es\/producten\/domestico\/vidrio-casi-irrompible-policarbonato\/vaso-de-te\/#breadcrumb"},"inLanguage":"es-ES","potentialAction":[{"@type":"ReadAction","target":["https:\/\/eurotrail.info\/es\/producten\/domestico\/vidrio-casi-irrompible-policarbonato\/vaso-de-te\/"]}]},{"@type":"ImageObject","inLanguage":"es-ES","@id":"https:\/\/eurotrail.info\/es\/producten\/domestico\/vidrio-casi-irrompible-policarbonato\/vaso-de-te\/#primaryimage","url":"https:\/\/eurotrail.info\/wp\/wp-content\/uploads\/2017\/01\/ETKW0086.jpg","contentUrl":"https:\/\/eurotrail.info\/wp\/wp-content\/uploads\/2017\/01\/ETKW0086.jpg","width":1483,"height":1417,"caption":"Theeglas gemaakt van AS Kunsstsof."},{"@type":"BreadcrumbList","@id":"https:\/\/eurotrail.info\/es\/producten\/domestico\/vidrio-casi-irrompible-policarbonato\/vaso-de-te\/#breadcrumb","itemListElement":[{"@type":"ListItem","position":1,"name":"Home","item":"https:\/\/eurotrail.info\/es\/"},{"@type":"ListItem","position":2,"name":"Productos","item":"https:\/\/eurotrail.info\/es\/productos\/"},{"@type":"ListItem","position":3,"name":"Vaso de t\u00e9 con asa"}]},{"@type":"WebSite","@id":"https:\/\/eurotrail.info\/#website","url":"https:\/\/eurotrail.info\/","name":"Eurotrail | The way we camp!","description":"","publisher":{"@id":"https:\/\/eurotrail.info\/#organization"},"potentialAction":[{"@type":"SearchAction","target":{"@type":"EntryPoint","urlTemplate":"https:\/\/eurotrail.info\/?s={search_term_string}"},"query-input":{"@type":"PropertyValueSpecification","valueRequired":true,"valueName":"search_term_string"}}],"inLanguage":"es-ES"},{"@type":"Organization","@id":"https:\/\/eurotrail.info\/#organization","name":"Eurotrail | The way we camp!","url":"https:\/\/eurotrail.info\/","logo":{"@type":"ImageObject","inLanguage":"es-ES","@id":"https:\/\/eurotrail.info\/#\/schema\/logo\/image\/","url":"https:\/\/eurotrail.info\/wp\/wp-content\/uploads\/2023\/07\/ET-logo-quote_NL-scaled.jpg","contentUrl":"https:\/\/eurotrail.info\/wp\/wp-content\/uploads\/2023\/07\/ET-logo-quote_NL-scaled.jpg","width":2560,"height":675,"caption":"Eurotrail | The way we camp!"},"image":{"@id":"https:\/\/eurotrail.info\/#\/schema\/logo\/image\/"}}]}},"_links":{"self":[{"href":"https:\/\/eurotrail.info\/es\/wp-json\/wp\/v2\/product\/22313","targetHints":{"allow":["GET"]}}],"collection":[{"href":"https:\/\/eurotrail.info\/es\/wp-json\/wp\/v2\/product"}],"about":[{"href":"https:\/\/eurotrail.info\/es\/wp-json\/wp\/v2\/types\/product"}],"replies":[{"embeddable":true,"href":"https:\/\/eurotrail.info\/es\/wp-json\/wp\/v2\/comments?post=22313"}],"wp:featuredmedia":[{"embeddable":true,"href":"https:\/\/eurotrail.info\/es\/wp-json\/wp\/v2\/media\/17465"}],"wp:attachment":[{"href":"https:\/\/eurotrail.info\/es\/wp-json\/wp\/v2\/media?parent=22313"}],"wp:term":[{"taxonomy":"product_brand","embeddable":true,"href":"https:\/\/eurotrail.info\/es\/wp-json\/wp\/v2\/product_brand?post=22313"},{"taxonomy":"product_cat","embeddable":true,"href":"https:\/\/eurotrail.info\/es\/wp-json\/wp\/v2\/product_cat?post=22313"},{"taxonomy":"product_tag","embeddable":true,"href":"https:\/\/eurotrail.info\/es\/wp-json\/wp\/v2\/product_tag?post=22313"}],"curies":[{"name":"wp","href":"https:\/\/api.w.org\/{rel}","templated":true}]}}