{"id":22353,"date":"2024-01-15T11:01:27","date_gmt":"2024-01-15T10:01:27","guid":{"rendered":"https:\/\/eurotrail.info\/?post_type=product&#038;p=22353"},"modified":"2026-01-14T09:26:18","modified_gmt":"2026-01-14T08:26:18","slug":"marbella-silla-de-playa","status":"publish","type":"product","link":"https:\/\/eurotrail.info\/es\/producten\/muebles-para-acampar\/sillas-de-playa\/marbella-silla-de-playa\/","title":{"rendered":"Marbella silla de playa"},"content":{"rendered":"<p>Silla de Playa Baja Reclinable \u2013 C\u00f3moda Cama de Playa de Aluminio<\/p>\n<p>Esta silla de playa baja y reclinable es ideal para relajarse c\u00f3modamente en la playa, de camping o en el jard\u00edn. Gracias a su respaldo ajustable en 5 posiciones, puede reclinarse completamente y transformarla f\u00e1cilmente en una c\u00f3moda cama de playa o tumbona.<\/p>\n<p>Su asiento bajo de 25 cm permite una postura relajada cerca del suelo, mientras que su amplio asiento de 47 x 36 cm proporciona una comodidad \u00f3ptima. Fabricada en textileno, duradero y transpirable, y con una estructura de aluminio robusta pero ligera, esta silla de playa es f\u00e1cil de transportar y duradera.<\/p>\n<p>Para mayor comodidad, est\u00e1 equipada con un reposacabezas. Con sus correas para los hombros, puede llevarla f\u00e1cilmente a la espalda a la playa, al parque o al camping. Ideal para quienes disfrutan del sol y buscan comodidad, practicidad y calidad.<\/p>\n<ul>\n<li>Silla de playa baja totalmente reclinable<\/li>\n<li>Respaldo ajustable (5 posiciones)<\/li>\n<li>Se puede usar como tumbona o cama de playa<\/li>\n<li>Estructura ligera de aluminio<\/li>\n<li>Tejido textilene transpirable<\/li>\n<li>Reposacabezas incluido<\/li>\n<li>Bandolera para facilitar su transporte<\/li>\n<\/ul>\n<p>Composici\u00f3n: 100 % textilene<br \/>\nEstructura: Aluminio \u00d8 22\/19 mm<br \/>\nDimensiones: 59 x 50 x 88 cm<br \/>\nDimensiones plegada: 80 x 59 x 16 cm<br \/>\nPeso: 3,75 kg<br \/>\nCarga m\u00e1xima: 100 kg<\/p>\n","protected":false},"excerpt":{"rendered":"<p>Silla de Playa Baja Reclinable \u2013 C\u00f3moda Cama de Playa de Aluminio Esta silla de playa baja y reclinable es ideal para relajarse c\u00f3modamente en&hellip;<\/p>\n","protected":false},"featured_media":22350,"comment_status":"open","ping_status":"closed","template":"","meta":{"_acf_changed":false},"product_brand":[],"product_cat":[348,358],"product_tag":[],"class_list":{"0":"post-22353","1":"product","2":"type-product","3":"status-publish","4":"has-post-thumbnail","6":"product_cat-muebles-para-acampar","7":"product_cat-sillas-de-playa","9":"first","10":"instock","11":"shipping-taxable","12":"product-type-simple"},"acf":[],"yoast_head":"<!-- This site is optimized with the Yoast SEO plugin v27.4 - https:\/\/yoast.com\/product\/yoast-seo-wordpress\/ -->\n<title>Marbella silla de playa - Eurotrail | The way we camp!<\/title>\n<meta name=\"description\" content=\"C\u00f3moda silla de playa con posici\u00f3n reclinable. El respaldo ajustable (5 veces) se puede ajustar completamente hacia atr\u00e1s, creando una especie de tumbona.\" \/>\n<meta name=\"robots\" content=\"index, follow, max-snippet:-1, max-image-preview:large, max-video-preview:-1\" \/>\n<link rel=\"canonical\" href=\"https:\/\/eurotrail.info\/es\/producten\/muebles-para-acampar\/sillas-de-playa\/marbella-silla-de-playa\/\" \/>\n<meta property=\"og:locale\" content=\"es_ES\" \/>\n<meta property=\"og:type\" content=\"article\" \/>\n<meta property=\"og:title\" content=\"Marbella silla de playa - Eurotrail | The way we camp!\" \/>\n<meta property=\"og:description\" content=\"C\u00f3moda silla de playa con posici\u00f3n reclinable. El respaldo ajustable (5 veces) se puede ajustar completamente hacia atr\u00e1s, creando una especie de tumbona.\" \/>\n<meta property=\"og:url\" content=\"https:\/\/eurotrail.info\/es\/producten\/muebles-para-acampar\/sillas-de-playa\/marbella-silla-de-playa\/\" \/>\n<meta property=\"og:site_name\" content=\"Eurotrail | The way we camp!\" \/>\n<meta property=\"article:modified_time\" content=\"2026-01-14T08:26:18+00:00\" \/>\n<meta property=\"og:image\" content=\"https:\/\/eurotrail.info\/wp\/wp-content\/uploads\/2024\/01\/ETCF5038-Marbella-5900-24-scaled.jpg\" \/>\n\t<meta property=\"og:image:width\" content=\"2096\" \/>\n\t<meta property=\"og:image:height\" content=\"2560\" \/>\n\t<meta property=\"og:image:type\" content=\"image\/jpeg\" \/>\n<meta name=\"twitter:card\" content=\"summary_large_image\" \/>\n<meta name=\"twitter:label1\" content=\"Tiempo de lectura\" \/>\n\t<meta name=\"twitter:data1\" content=\"2 minutes\" \/>\n<script type=\"application\/ld+json\" class=\"yoast-schema-graph\">{\"@context\":\"https:\\\/\\\/schema.org\",\"@graph\":[{\"@type\":\"WebPage\",\"@id\":\"https:\\\/\\\/eurotrail.info\\\/es\\\/producten\\\/muebles-para-acampar\\\/sillas-de-playa\\\/marbella-silla-de-playa\\\/\",\"url\":\"https:\\\/\\\/eurotrail.info\\\/es\\\/producten\\\/muebles-para-acampar\\\/sillas-de-playa\\\/marbella-silla-de-playa\\\/\",\"name\":\"Marbella silla de playa - Eurotrail | The way we camp!\",\"isPartOf\":{\"@id\":\"https:\\\/\\\/eurotrail.info\\\/#website\"},\"primaryImageOfPage\":{\"@id\":\"https:\\\/\\\/eurotrail.info\\\/es\\\/producten\\\/muebles-para-acampar\\\/sillas-de-playa\\\/marbella-silla-de-playa\\\/#primaryimage\"},\"image\":{\"@id\":\"https:\\\/\\\/eurotrail.info\\\/es\\\/producten\\\/muebles-para-acampar\\\/sillas-de-playa\\\/marbella-silla-de-playa\\\/#primaryimage\"},\"thumbnailUrl\":\"https:\\\/\\\/eurotrail.info\\\/wp\\\/wp-content\\\/uploads\\\/2024\\\/01\\\/ETCF5038-Marbella-5900-24-scaled.jpg\",\"datePublished\":\"2024-01-15T10:01:27+00:00\",\"dateModified\":\"2026-01-14T08:26:18+00:00\",\"description\":\"C\u00f3moda silla de playa con posici\u00f3n reclinable. El respaldo ajustable (5 veces) se puede ajustar completamente hacia atr\u00e1s, creando una especie de tumbona.\",\"breadcrumb\":{\"@id\":\"https:\\\/\\\/eurotrail.info\\\/es\\\/producten\\\/muebles-para-acampar\\\/sillas-de-playa\\\/marbella-silla-de-playa\\\/#breadcrumb\"},\"inLanguage\":\"es-ES\",\"potentialAction\":[{\"@type\":\"ReadAction\",\"target\":[\"https:\\\/\\\/eurotrail.info\\\/es\\\/producten\\\/muebles-para-acampar\\\/sillas-de-playa\\\/marbella-silla-de-playa\\\/\"]}]},{\"@type\":\"ImageObject\",\"inLanguage\":\"es-ES\",\"@id\":\"https:\\\/\\\/eurotrail.info\\\/es\\\/producten\\\/muebles-para-acampar\\\/sillas-de-playa\\\/marbella-silla-de-playa\\\/#primaryimage\",\"url\":\"https:\\\/\\\/eurotrail.info\\\/wp\\\/wp-content\\\/uploads\\\/2024\\\/01\\\/ETCF5038-Marbella-5900-24-scaled.jpg\",\"contentUrl\":\"https:\\\/\\\/eurotrail.info\\\/wp\\\/wp-content\\\/uploads\\\/2024\\\/01\\\/ETCF5038-Marbella-5900-24-scaled.jpg\",\"width\":2096,\"height\":2560,\"caption\":\"Comfortabele strandstoel met ligstand.\"},{\"@type\":\"BreadcrumbList\",\"@id\":\"https:\\\/\\\/eurotrail.info\\\/es\\\/producten\\\/muebles-para-acampar\\\/sillas-de-playa\\\/marbella-silla-de-playa\\\/#breadcrumb\",\"itemListElement\":[{\"@type\":\"ListItem\",\"position\":1,\"name\":\"Home\",\"item\":\"https:\\\/\\\/eurotrail.info\\\/es\\\/\"},{\"@type\":\"ListItem\",\"position\":2,\"name\":\"Productos\",\"item\":\"https:\\\/\\\/eurotrail.info\\\/es\\\/productos\\\/\"},{\"@type\":\"ListItem\",\"position\":3,\"name\":\"Marbella silla de playa\"}]},{\"@type\":\"WebSite\",\"@id\":\"https:\\\/\\\/eurotrail.info\\\/#website\",\"url\":\"https:\\\/\\\/eurotrail.info\\\/\",\"name\":\"Eurotrail | The way we camp!\",\"description\":\"\",\"publisher\":{\"@id\":\"https:\\\/\\\/eurotrail.info\\\/#organization\"},\"potentialAction\":[{\"@type\":\"SearchAction\",\"target\":{\"@type\":\"EntryPoint\",\"urlTemplate\":\"https:\\\/\\\/eurotrail.info\\\/?s={search_term_string}\"},\"query-input\":{\"@type\":\"PropertyValueSpecification\",\"valueRequired\":true,\"valueName\":\"search_term_string\"}}],\"inLanguage\":\"es-ES\"},{\"@type\":\"Organization\",\"@id\":\"https:\\\/\\\/eurotrail.info\\\/#organization\",\"name\":\"Eurotrail | The way we camp!\",\"url\":\"https:\\\/\\\/eurotrail.info\\\/\",\"logo\":{\"@type\":\"ImageObject\",\"inLanguage\":\"es-ES\",\"@id\":\"https:\\\/\\\/eurotrail.info\\\/#\\\/schema\\\/logo\\\/image\\\/\",\"url\":\"https:\\\/\\\/eurotrail.info\\\/wp\\\/wp-content\\\/uploads\\\/2023\\\/07\\\/ET-logo-quote_NL-scaled.jpg\",\"contentUrl\":\"https:\\\/\\\/eurotrail.info\\\/wp\\\/wp-content\\\/uploads\\\/2023\\\/07\\\/ET-logo-quote_NL-scaled.jpg\",\"width\":2560,\"height\":675,\"caption\":\"Eurotrail | The way we camp!\"},\"image\":{\"@id\":\"https:\\\/\\\/eurotrail.info\\\/#\\\/schema\\\/logo\\\/image\\\/\"}}]}<\/script>\n<!-- \/ Yoast SEO plugin. -->","yoast_head_json":{"title":"Marbella silla de playa - Eurotrail | The way we camp!","description":"C\u00f3moda silla de playa con posici\u00f3n reclinable. El respaldo ajustable (5 veces) se puede ajustar completamente hacia atr\u00e1s, creando una especie de tumbona.","robots":{"index":"index","follow":"follow","max-snippet":"max-snippet:-1","max-image-preview":"max-image-preview:large","max-video-preview":"max-video-preview:-1"},"canonical":"https:\/\/eurotrail.info\/es\/producten\/muebles-para-acampar\/sillas-de-playa\/marbella-silla-de-playa\/","og_locale":"es_ES","og_type":"article","og_title":"Marbella silla de playa - Eurotrail | The way we camp!","og_description":"C\u00f3moda silla de playa con posici\u00f3n reclinable. El respaldo ajustable (5 veces) se puede ajustar completamente hacia atr\u00e1s, creando una especie de tumbona.","og_url":"https:\/\/eurotrail.info\/es\/producten\/muebles-para-acampar\/sillas-de-playa\/marbella-silla-de-playa\/","og_site_name":"Eurotrail | The way we camp!","article_modified_time":"2026-01-14T08:26:18+00:00","og_image":[{"width":2096,"height":2560,"url":"https:\/\/eurotrail.info\/wp\/wp-content\/uploads\/2024\/01\/ETCF5038-Marbella-5900-24-scaled.jpg","type":"image\/jpeg"}],"twitter_card":"summary_large_image","twitter_misc":{"Tiempo de lectura":"2 minutes"},"schema":{"@context":"https:\/\/schema.org","@graph":[{"@type":"WebPage","@id":"https:\/\/eurotrail.info\/es\/producten\/muebles-para-acampar\/sillas-de-playa\/marbella-silla-de-playa\/","url":"https:\/\/eurotrail.info\/es\/producten\/muebles-para-acampar\/sillas-de-playa\/marbella-silla-de-playa\/","name":"Marbella silla de playa - Eurotrail | The way we camp!","isPartOf":{"@id":"https:\/\/eurotrail.info\/#website"},"primaryImageOfPage":{"@id":"https:\/\/eurotrail.info\/es\/producten\/muebles-para-acampar\/sillas-de-playa\/marbella-silla-de-playa\/#primaryimage"},"image":{"@id":"https:\/\/eurotrail.info\/es\/producten\/muebles-para-acampar\/sillas-de-playa\/marbella-silla-de-playa\/#primaryimage"},"thumbnailUrl":"https:\/\/eurotrail.info\/wp\/wp-content\/uploads\/2024\/01\/ETCF5038-Marbella-5900-24-scaled.jpg","datePublished":"2024-01-15T10:01:27+00:00","dateModified":"2026-01-14T08:26:18+00:00","description":"C\u00f3moda silla de playa con posici\u00f3n reclinable. El respaldo ajustable (5 veces) se puede ajustar completamente hacia atr\u00e1s, creando una especie de tumbona.","breadcrumb":{"@id":"https:\/\/eurotrail.info\/es\/producten\/muebles-para-acampar\/sillas-de-playa\/marbella-silla-de-playa\/#breadcrumb"},"inLanguage":"es-ES","potentialAction":[{"@type":"ReadAction","target":["https:\/\/eurotrail.info\/es\/producten\/muebles-para-acampar\/sillas-de-playa\/marbella-silla-de-playa\/"]}]},{"@type":"ImageObject","inLanguage":"es-ES","@id":"https:\/\/eurotrail.info\/es\/producten\/muebles-para-acampar\/sillas-de-playa\/marbella-silla-de-playa\/#primaryimage","url":"https:\/\/eurotrail.info\/wp\/wp-content\/uploads\/2024\/01\/ETCF5038-Marbella-5900-24-scaled.jpg","contentUrl":"https:\/\/eurotrail.info\/wp\/wp-content\/uploads\/2024\/01\/ETCF5038-Marbella-5900-24-scaled.jpg","width":2096,"height":2560,"caption":"Comfortabele strandstoel met ligstand."},{"@type":"BreadcrumbList","@id":"https:\/\/eurotrail.info\/es\/producten\/muebles-para-acampar\/sillas-de-playa\/marbella-silla-de-playa\/#breadcrumb","itemListElement":[{"@type":"ListItem","position":1,"name":"Home","item":"https:\/\/eurotrail.info\/es\/"},{"@type":"ListItem","position":2,"name":"Productos","item":"https:\/\/eurotrail.info\/es\/productos\/"},{"@type":"ListItem","position":3,"name":"Marbella silla de playa"}]},{"@type":"WebSite","@id":"https:\/\/eurotrail.info\/#website","url":"https:\/\/eurotrail.info\/","name":"Eurotrail | The way we camp!","description":"","publisher":{"@id":"https:\/\/eurotrail.info\/#organization"},"potentialAction":[{"@type":"SearchAction","target":{"@type":"EntryPoint","urlTemplate":"https:\/\/eurotrail.info\/?s={search_term_string}"},"query-input":{"@type":"PropertyValueSpecification","valueRequired":true,"valueName":"search_term_string"}}],"inLanguage":"es-ES"},{"@type":"Organization","@id":"https:\/\/eurotrail.info\/#organization","name":"Eurotrail | The way we camp!","url":"https:\/\/eurotrail.info\/","logo":{"@type":"ImageObject","inLanguage":"es-ES","@id":"https:\/\/eurotrail.info\/#\/schema\/logo\/image\/","url":"https:\/\/eurotrail.info\/wp\/wp-content\/uploads\/2023\/07\/ET-logo-quote_NL-scaled.jpg","contentUrl":"https:\/\/eurotrail.info\/wp\/wp-content\/uploads\/2023\/07\/ET-logo-quote_NL-scaled.jpg","width":2560,"height":675,"caption":"Eurotrail | The way we camp!"},"image":{"@id":"https:\/\/eurotrail.info\/#\/schema\/logo\/image\/"}}]}},"_links":{"self":[{"href":"https:\/\/eurotrail.info\/es\/wp-json\/wp\/v2\/product\/22353","targetHints":{"allow":["GET"]}}],"collection":[{"href":"https:\/\/eurotrail.info\/es\/wp-json\/wp\/v2\/product"}],"about":[{"href":"https:\/\/eurotrail.info\/es\/wp-json\/wp\/v2\/types\/product"}],"replies":[{"embeddable":true,"href":"https:\/\/eurotrail.info\/es\/wp-json\/wp\/v2\/comments?post=22353"}],"wp:featuredmedia":[{"embeddable":true,"href":"https:\/\/eurotrail.info\/es\/wp-json\/wp\/v2\/media\/22350"}],"wp:attachment":[{"href":"https:\/\/eurotrail.info\/es\/wp-json\/wp\/v2\/media?parent=22353"}],"wp:term":[{"taxonomy":"product_brand","embeddable":true,"href":"https:\/\/eurotrail.info\/es\/wp-json\/wp\/v2\/product_brand?post=22353"},{"taxonomy":"product_cat","embeddable":true,"href":"https:\/\/eurotrail.info\/es\/wp-json\/wp\/v2\/product_cat?post=22353"},{"taxonomy":"product_tag","embeddable":true,"href":"https:\/\/eurotrail.info\/es\/wp-json\/wp\/v2\/product_tag?post=22353"}],"curies":[{"name":"wp","href":"https:\/\/api.w.org\/{rel}","templated":true}]}}