{"id":22395,"date":"2016-04-07T12:59:49","date_gmt":"2024-01-16T14:34:11","guid":{"rendered":"https:\/\/eurotrail.info\/?post_type=product&#038;p=22395"},"modified":"2024-01-16T15:34:11","modified_gmt":"2024-01-16T14:34:11","slug":"tela-de-suelo-para-tiendas-de-campana-eco","status":"publish","type":"product","link":"https:\/\/eurotrail.info\/es\/producten\/alfombra-de-la-tienda\/tela-de-suelo-para-tiendas-de-campana-eco\/","title":{"rendered":"Tela de suelo para tiendas de campa\u00f1a, Eco"},"content":{"rendered":"<p>Tela de suelo especial permeable al agua.<br \/>\nEste pa\u00f1o asegura que el fondo no quede sellado herm\u00e9ticamente, lo que puede provocar que la hierba se pudra. El agua ahora puede simplemente hundirse en el suelo y el aire puede entrar. El uso de esta manta es obligatorio en muchos campings.<\/p>\n<p>Material: polipropileno 100% reciclado (por supuesto sin plastificantes)<\/p>\n<p>Hay varios tama\u00f1os disponibles. Precios a partir de<br \/>\n250 x 300 cm &#8211; ETGS0051<br \/>\n250 x 400 cm &#8211; ETGS0053<br \/>\n250 x 600 cm &#8211; ETGS0057<br \/>\n250 x 700 cm &#8211; ETGS0059<br \/>\n300 x 300 cm &#8211; ETGS0064<br \/>\n300 x 400 cm &#8211; ETGS0065<br \/>\n300 x 500 cm &#8211; ETGS0066<br \/>\n300 x 600 cm &#8211; ETGS0067<br \/>\n300 x 700 cm &#8211; ETGS0068<br \/>\n400 x 500 cm &#8211; ETGS0070<br \/>\n400 x 600 cm &#8211; ETGS0071<\/p>\n","protected":false},"excerpt":{"rendered":"<p>Tela de suelo especial permeable al agua. Este pa\u00f1o asegura que el fondo no quede sellado herm\u00e9ticamente, lo que puede provocar que la hierba se&hellip;<\/p>\n","protected":false},"featured_media":19324,"comment_status":"open","ping_status":"closed","template":"","meta":{"_acf_changed":false},"product_brand":[],"product_cat":[376],"product_tag":[],"class_list":{"0":"post-22395","1":"product","2":"type-product","3":"status-publish","4":"has-post-thumbnail","6":"product_cat-alfombra-de-la-tienda","8":"first","9":"instock","10":"shipping-taxable","11":"product-type-simple"},"acf":[],"yoast_head":"<!-- This site is optimized with the Yoast SEO plugin v27.3 - https:\/\/yoast.com\/product\/yoast-seo-wordpress\/ -->\n<title>Tela de suelo para tiendas de campa\u00f1a, Eco - Eurotrail | The way we camp!<\/title>\n<meta name=\"description\" content=\"Tela de suelo especial permeable al agua.Este pa\u00f1o asegura que el fondo no quede sellado herm\u00e9ticamente, lo que puede provocar que la hierba se pudra.\" \/>\n<meta name=\"robots\" content=\"index, follow, max-snippet:-1, max-image-preview:large, max-video-preview:-1\" \/>\n<link rel=\"canonical\" href=\"https:\/\/eurotrail.info\/es\/producten\/alfombra-de-la-tienda\/tela-de-suelo-para-tiendas-de-campana-eco\/\" \/>\n<meta property=\"og:locale\" content=\"es_ES\" \/>\n<meta property=\"og:type\" content=\"article\" \/>\n<meta property=\"og:title\" content=\"Tela de suelo para tiendas de campa\u00f1a, Eco - Eurotrail | The way we camp!\" \/>\n<meta property=\"og:description\" content=\"Tela de suelo especial permeable al agua.Este pa\u00f1o asegura que el fondo no quede sellado herm\u00e9ticamente, lo que puede provocar que la hierba se pudra.\" \/>\n<meta property=\"og:url\" content=\"https:\/\/eurotrail.info\/es\/producten\/alfombra-de-la-tienda\/tela-de-suelo-para-tiendas-de-campana-eco\/\" \/>\n<meta property=\"og:site_name\" content=\"Eurotrail | The way we camp!\" \/>\n<meta property=\"og:image\" content=\"https:\/\/eurotrail.info\/wp\/wp-content\/uploads\/2016\/04\/ETGS0053_NVT_2.jpg\" \/>\n\t<meta property=\"og:image:width\" content=\"1772\" \/>\n\t<meta property=\"og:image:height\" content=\"1178\" \/>\n\t<meta property=\"og:image:type\" content=\"image\/jpeg\" \/>\n<meta name=\"twitter:card\" content=\"summary_large_image\" \/>\n<meta name=\"twitter:label1\" content=\"Tiempo de lectura\" \/>\n\t<meta name=\"twitter:data1\" content=\"1 minute\" \/>\n<script type=\"application\/ld+json\" class=\"yoast-schema-graph\">{\"@context\":\"https:\\\/\\\/schema.org\",\"@graph\":[{\"@type\":\"WebPage\",\"@id\":\"https:\\\/\\\/eurotrail.info\\\/es\\\/producten\\\/alfombra-de-la-tienda\\\/tela-de-suelo-para-tiendas-de-campana-eco\\\/\",\"url\":\"https:\\\/\\\/eurotrail.info\\\/es\\\/producten\\\/alfombra-de-la-tienda\\\/tela-de-suelo-para-tiendas-de-campana-eco\\\/\",\"name\":\"Tela de suelo para tiendas de campa\u00f1a, Eco - Eurotrail | The way we camp!\",\"isPartOf\":{\"@id\":\"https:\\\/\\\/eurotrail.info\\\/#website\"},\"primaryImageOfPage\":{\"@id\":\"https:\\\/\\\/eurotrail.info\\\/es\\\/producten\\\/alfombra-de-la-tienda\\\/tela-de-suelo-para-tiendas-de-campana-eco\\\/#primaryimage\"},\"image\":{\"@id\":\"https:\\\/\\\/eurotrail.info\\\/es\\\/producten\\\/alfombra-de-la-tienda\\\/tela-de-suelo-para-tiendas-de-campana-eco\\\/#primaryimage\"},\"thumbnailUrl\":\"https:\\\/\\\/eurotrail.info\\\/wp\\\/wp-content\\\/uploads\\\/2016\\\/04\\\/ETGS0053_NVT_2.jpg\",\"datePublished\":\"2024-01-16T14:34:11+00:00\",\"description\":\"Tela de suelo especial permeable al agua.Este pa\u00f1o asegura que el fondo no quede sellado herm\u00e9ticamente, lo que puede provocar que la hierba se pudra.\",\"breadcrumb\":{\"@id\":\"https:\\\/\\\/eurotrail.info\\\/es\\\/producten\\\/alfombra-de-la-tienda\\\/tela-de-suelo-para-tiendas-de-campana-eco\\\/#breadcrumb\"},\"inLanguage\":\"es-ES\",\"potentialAction\":[{\"@type\":\"ReadAction\",\"target\":[\"https:\\\/\\\/eurotrail.info\\\/es\\\/producten\\\/alfombra-de-la-tienda\\\/tela-de-suelo-para-tiendas-de-campana-eco\\\/\"]}]},{\"@type\":\"ImageObject\",\"inLanguage\":\"es-ES\",\"@id\":\"https:\\\/\\\/eurotrail.info\\\/es\\\/producten\\\/alfombra-de-la-tienda\\\/tela-de-suelo-para-tiendas-de-campana-eco\\\/#primaryimage\",\"url\":\"https:\\\/\\\/eurotrail.info\\\/wp\\\/wp-content\\\/uploads\\\/2016\\\/04\\\/ETGS0053_NVT_2.jpg\",\"contentUrl\":\"https:\\\/\\\/eurotrail.info\\\/wp\\\/wp-content\\\/uploads\\\/2016\\\/04\\\/ETGS0053_NVT_2.jpg\",\"width\":1772,\"height\":1178},{\"@type\":\"BreadcrumbList\",\"@id\":\"https:\\\/\\\/eurotrail.info\\\/es\\\/producten\\\/alfombra-de-la-tienda\\\/tela-de-suelo-para-tiendas-de-campana-eco\\\/#breadcrumb\",\"itemListElement\":[{\"@type\":\"ListItem\",\"position\":1,\"name\":\"Home\",\"item\":\"https:\\\/\\\/eurotrail.info\\\/es\\\/\"},{\"@type\":\"ListItem\",\"position\":2,\"name\":\"Productos\",\"item\":\"https:\\\/\\\/eurotrail.info\\\/es\\\/productos\\\/\"},{\"@type\":\"ListItem\",\"position\":3,\"name\":\"Tela de suelo para tiendas de campa\u00f1a, Eco\"}]},{\"@type\":\"WebSite\",\"@id\":\"https:\\\/\\\/eurotrail.info\\\/#website\",\"url\":\"https:\\\/\\\/eurotrail.info\\\/\",\"name\":\"Eurotrail | The way we camp!\",\"description\":\"\",\"publisher\":{\"@id\":\"https:\\\/\\\/eurotrail.info\\\/#organization\"},\"potentialAction\":[{\"@type\":\"SearchAction\",\"target\":{\"@type\":\"EntryPoint\",\"urlTemplate\":\"https:\\\/\\\/eurotrail.info\\\/?s={search_term_string}\"},\"query-input\":{\"@type\":\"PropertyValueSpecification\",\"valueRequired\":true,\"valueName\":\"search_term_string\"}}],\"inLanguage\":\"es-ES\"},{\"@type\":\"Organization\",\"@id\":\"https:\\\/\\\/eurotrail.info\\\/#organization\",\"name\":\"Eurotrail | The way we camp!\",\"url\":\"https:\\\/\\\/eurotrail.info\\\/\",\"logo\":{\"@type\":\"ImageObject\",\"inLanguage\":\"es-ES\",\"@id\":\"https:\\\/\\\/eurotrail.info\\\/#\\\/schema\\\/logo\\\/image\\\/\",\"url\":\"https:\\\/\\\/eurotrail.info\\\/wp\\\/wp-content\\\/uploads\\\/2023\\\/07\\\/ET-logo-quote_NL-scaled.jpg\",\"contentUrl\":\"https:\\\/\\\/eurotrail.info\\\/wp\\\/wp-content\\\/uploads\\\/2023\\\/07\\\/ET-logo-quote_NL-scaled.jpg\",\"width\":2560,\"height\":675,\"caption\":\"Eurotrail | The way we camp!\"},\"image\":{\"@id\":\"https:\\\/\\\/eurotrail.info\\\/#\\\/schema\\\/logo\\\/image\\\/\"}}]}<\/script>\n<!-- \/ Yoast SEO plugin. -->","yoast_head_json":{"title":"Tela de suelo para tiendas de campa\u00f1a, Eco - Eurotrail | The way we camp!","description":"Tela de suelo especial permeable al agua.Este pa\u00f1o asegura que el fondo no quede sellado herm\u00e9ticamente, lo que puede provocar que la hierba se pudra.","robots":{"index":"index","follow":"follow","max-snippet":"max-snippet:-1","max-image-preview":"max-image-preview:large","max-video-preview":"max-video-preview:-1"},"canonical":"https:\/\/eurotrail.info\/es\/producten\/alfombra-de-la-tienda\/tela-de-suelo-para-tiendas-de-campana-eco\/","og_locale":"es_ES","og_type":"article","og_title":"Tela de suelo para tiendas de campa\u00f1a, Eco - Eurotrail | The way we camp!","og_description":"Tela de suelo especial permeable al agua.Este pa\u00f1o asegura que el fondo no quede sellado herm\u00e9ticamente, lo que puede provocar que la hierba se pudra.","og_url":"https:\/\/eurotrail.info\/es\/producten\/alfombra-de-la-tienda\/tela-de-suelo-para-tiendas-de-campana-eco\/","og_site_name":"Eurotrail | The way we camp!","og_image":[{"width":1772,"height":1178,"url":"https:\/\/eurotrail.info\/wp\/wp-content\/uploads\/2016\/04\/ETGS0053_NVT_2.jpg","type":"image\/jpeg"}],"twitter_card":"summary_large_image","twitter_misc":{"Tiempo de lectura":"1 minute"},"schema":{"@context":"https:\/\/schema.org","@graph":[{"@type":"WebPage","@id":"https:\/\/eurotrail.info\/es\/producten\/alfombra-de-la-tienda\/tela-de-suelo-para-tiendas-de-campana-eco\/","url":"https:\/\/eurotrail.info\/es\/producten\/alfombra-de-la-tienda\/tela-de-suelo-para-tiendas-de-campana-eco\/","name":"Tela de suelo para tiendas de campa\u00f1a, Eco - Eurotrail | The way we camp!","isPartOf":{"@id":"https:\/\/eurotrail.info\/#website"},"primaryImageOfPage":{"@id":"https:\/\/eurotrail.info\/es\/producten\/alfombra-de-la-tienda\/tela-de-suelo-para-tiendas-de-campana-eco\/#primaryimage"},"image":{"@id":"https:\/\/eurotrail.info\/es\/producten\/alfombra-de-la-tienda\/tela-de-suelo-para-tiendas-de-campana-eco\/#primaryimage"},"thumbnailUrl":"https:\/\/eurotrail.info\/wp\/wp-content\/uploads\/2016\/04\/ETGS0053_NVT_2.jpg","datePublished":"2024-01-16T14:34:11+00:00","description":"Tela de suelo especial permeable al agua.Este pa\u00f1o asegura que el fondo no quede sellado herm\u00e9ticamente, lo que puede provocar que la hierba se pudra.","breadcrumb":{"@id":"https:\/\/eurotrail.info\/es\/producten\/alfombra-de-la-tienda\/tela-de-suelo-para-tiendas-de-campana-eco\/#breadcrumb"},"inLanguage":"es-ES","potentialAction":[{"@type":"ReadAction","target":["https:\/\/eurotrail.info\/es\/producten\/alfombra-de-la-tienda\/tela-de-suelo-para-tiendas-de-campana-eco\/"]}]},{"@type":"ImageObject","inLanguage":"es-ES","@id":"https:\/\/eurotrail.info\/es\/producten\/alfombra-de-la-tienda\/tela-de-suelo-para-tiendas-de-campana-eco\/#primaryimage","url":"https:\/\/eurotrail.info\/wp\/wp-content\/uploads\/2016\/04\/ETGS0053_NVT_2.jpg","contentUrl":"https:\/\/eurotrail.info\/wp\/wp-content\/uploads\/2016\/04\/ETGS0053_NVT_2.jpg","width":1772,"height":1178},{"@type":"BreadcrumbList","@id":"https:\/\/eurotrail.info\/es\/producten\/alfombra-de-la-tienda\/tela-de-suelo-para-tiendas-de-campana-eco\/#breadcrumb","itemListElement":[{"@type":"ListItem","position":1,"name":"Home","item":"https:\/\/eurotrail.info\/es\/"},{"@type":"ListItem","position":2,"name":"Productos","item":"https:\/\/eurotrail.info\/es\/productos\/"},{"@type":"ListItem","position":3,"name":"Tela de suelo para tiendas de campa\u00f1a, Eco"}]},{"@type":"WebSite","@id":"https:\/\/eurotrail.info\/#website","url":"https:\/\/eurotrail.info\/","name":"Eurotrail | The way we camp!","description":"","publisher":{"@id":"https:\/\/eurotrail.info\/#organization"},"potentialAction":[{"@type":"SearchAction","target":{"@type":"EntryPoint","urlTemplate":"https:\/\/eurotrail.info\/?s={search_term_string}"},"query-input":{"@type":"PropertyValueSpecification","valueRequired":true,"valueName":"search_term_string"}}],"inLanguage":"es-ES"},{"@type":"Organization","@id":"https:\/\/eurotrail.info\/#organization","name":"Eurotrail | The way we camp!","url":"https:\/\/eurotrail.info\/","logo":{"@type":"ImageObject","inLanguage":"es-ES","@id":"https:\/\/eurotrail.info\/#\/schema\/logo\/image\/","url":"https:\/\/eurotrail.info\/wp\/wp-content\/uploads\/2023\/07\/ET-logo-quote_NL-scaled.jpg","contentUrl":"https:\/\/eurotrail.info\/wp\/wp-content\/uploads\/2023\/07\/ET-logo-quote_NL-scaled.jpg","width":2560,"height":675,"caption":"Eurotrail | The way we camp!"},"image":{"@id":"https:\/\/eurotrail.info\/#\/schema\/logo\/image\/"}}]}},"_links":{"self":[{"href":"https:\/\/eurotrail.info\/es\/wp-json\/wp\/v2\/product\/22395","targetHints":{"allow":["GET"]}}],"collection":[{"href":"https:\/\/eurotrail.info\/es\/wp-json\/wp\/v2\/product"}],"about":[{"href":"https:\/\/eurotrail.info\/es\/wp-json\/wp\/v2\/types\/product"}],"replies":[{"embeddable":true,"href":"https:\/\/eurotrail.info\/es\/wp-json\/wp\/v2\/comments?post=22395"}],"wp:featuredmedia":[{"embeddable":true,"href":"https:\/\/eurotrail.info\/es\/wp-json\/wp\/v2\/media\/19324"}],"wp:attachment":[{"href":"https:\/\/eurotrail.info\/es\/wp-json\/wp\/v2\/media?parent=22395"}],"wp:term":[{"taxonomy":"product_brand","embeddable":true,"href":"https:\/\/eurotrail.info\/es\/wp-json\/wp\/v2\/product_brand?post=22395"},{"taxonomy":"product_cat","embeddable":true,"href":"https:\/\/eurotrail.info\/es\/wp-json\/wp\/v2\/product_cat?post=22395"},{"taxonomy":"product_tag","embeddable":true,"href":"https:\/\/eurotrail.info\/es\/wp-json\/wp\/v2\/product_tag?post=22395"}],"curies":[{"name":"wp","href":"https:\/\/api.w.org\/{rel}","templated":true}]}}