{"id":22397,"date":"2016-04-07T12:57:25","date_gmt":"2016-04-07T11:57:25","guid":{"rendered":"https:\/\/eurotrail.info\/?post_type=product&#038;p=22397"},"modified":"2024-01-16T15:48:00","modified_gmt":"2024-01-16T14:48:00","slug":"alfombra-de-tienda","status":"publish","type":"product","link":"https:\/\/eurotrail.info\/es\/producten\/alfombra-de-la-tienda\/alfombra-de-tienda\/","title":{"rendered":"Alfombra de tienda"},"content":{"rendered":"<p>La alfombra de la tienda protege el suelo contra el desgaste excesivo y es muy suave y c\u00f3moda. La alfombra tiene un n\u00facleo de nailon rodeado por una capa de espuma especial y se puede cortar f\u00e1cilmente con unas tijeras. Utilizando los clips especiales para alfombras Eurotrail (opcionales), puede asegurar la alfombra en las esquinas con una clavija. Despu\u00e9s de su uso, puede guardar la alfombra en una bolsa especial para alfombras de tienda Eurotrail (opcional).<\/p>\n<p>Disponible en los colores gris, azul marino, antracita.<\/p>\n<p>Material: 100% PVC \u00b1 500 gr\/m\u00b2<br \/>\n&#8211; Estructura transpirable<br \/>\n&#8211; Comodidad al caminar<br \/>\n&#8211; Aislamiento t\u00e9rmico<br \/>\n&#8211; Permeable al agua y a la suciedad<br \/>\n&#8211; No desti\u00f1e<br \/>\n&#8211; F\u00e1cil de limpiar<br \/>\n&#8211; Resistente a la intemperie<br \/>\n&#8211; F\u00e1cil de cortar a medida<\/p>\n<p>Dimensiones:<br \/>\n250&#215;200\/300\/400\/500\/600\/700cm<br \/>\n300&#215;400\/500\/600\/700cm<br \/>\n350&#215;400\/500\/600cm<\/p>\n","protected":false},"excerpt":{"rendered":"<p>La alfombra de la tienda protege el suelo contra el desgaste excesivo y es muy suave y c\u00f3moda. La alfombra tiene un n\u00facleo de nailon&hellip;<\/p>\n","protected":false},"featured_media":17611,"comment_status":"open","ping_status":"closed","template":"","meta":{"_acf_changed":false},"product_brand":[],"product_cat":[376],"product_tag":[],"class_list":{"0":"post-22397","1":"product","2":"type-product","3":"status-publish","4":"has-post-thumbnail","6":"product_cat-alfombra-de-la-tienda","8":"first","9":"instock","10":"shipping-taxable","11":"product-type-simple"},"acf":[],"yoast_head":"<!-- This site is optimized with the Yoast SEO plugin v27.4 - https:\/\/yoast.com\/product\/yoast-seo-wordpress\/ -->\n<title>Alfombra de tienda - Eurotrail | The way we camp!<\/title>\n<meta name=\"description\" content=\"La alfombra de la tienda protege el suelo contra el desgaste excesivo y es muy suave y c\u00f3moda. La alfombra tiene un n\u00facleo de nailon rodeado por una capa de espuma especial y se puede cortar f\u00e1cilmente con unas tijeras.\" \/>\n<meta name=\"robots\" content=\"index, follow, max-snippet:-1, max-image-preview:large, max-video-preview:-1\" \/>\n<link rel=\"canonical\" href=\"https:\/\/eurotrail.info\/es\/producten\/alfombra-de-la-tienda\/alfombra-de-tienda\/\" \/>\n<meta property=\"og:locale\" content=\"es_ES\" \/>\n<meta property=\"og:type\" content=\"article\" \/>\n<meta property=\"og:title\" content=\"Alfombra de tienda - Eurotrail | The way we camp!\" \/>\n<meta property=\"og:description\" content=\"La alfombra de la tienda protege el suelo contra el desgaste excesivo y es muy suave y c\u00f3moda. La alfombra tiene un n\u00facleo de nailon rodeado por una capa de espuma especial y se puede cortar f\u00e1cilmente con unas tijeras.\" \/>\n<meta property=\"og:url\" content=\"https:\/\/eurotrail.info\/es\/producten\/alfombra-de-la-tienda\/alfombra-de-tienda\/\" \/>\n<meta property=\"og:site_name\" content=\"Eurotrail | The way we camp!\" \/>\n<meta property=\"article:modified_time\" content=\"2024-01-16T14:48:00+00:00\" \/>\n<meta property=\"og:image\" content=\"https:\/\/eurotrail.info\/wp\/wp-content\/uploads\/2016\/04\/ETGS0008-sample-0002.jpg\" \/>\n\t<meta property=\"og:image:width\" content=\"282\" \/>\n\t<meta property=\"og:image:height\" content=\"413\" \/>\n\t<meta property=\"og:image:type\" content=\"image\/jpeg\" \/>\n<meta name=\"twitter:card\" content=\"summary_large_image\" \/>\n<meta name=\"twitter:label1\" content=\"Tiempo de lectura\" \/>\n\t<meta name=\"twitter:data1\" content=\"1 minute\" \/>\n<script type=\"application\/ld+json\" class=\"yoast-schema-graph\">{\"@context\":\"https:\\\/\\\/schema.org\",\"@graph\":[{\"@type\":\"WebPage\",\"@id\":\"https:\\\/\\\/eurotrail.info\\\/es\\\/producten\\\/alfombra-de-la-tienda\\\/alfombra-de-tienda\\\/\",\"url\":\"https:\\\/\\\/eurotrail.info\\\/es\\\/producten\\\/alfombra-de-la-tienda\\\/alfombra-de-tienda\\\/\",\"name\":\"Alfombra de tienda - Eurotrail | The way we camp!\",\"isPartOf\":{\"@id\":\"https:\\\/\\\/eurotrail.info\\\/#website\"},\"primaryImageOfPage\":{\"@id\":\"https:\\\/\\\/eurotrail.info\\\/es\\\/producten\\\/alfombra-de-la-tienda\\\/alfombra-de-tienda\\\/#primaryimage\"},\"image\":{\"@id\":\"https:\\\/\\\/eurotrail.info\\\/es\\\/producten\\\/alfombra-de-la-tienda\\\/alfombra-de-tienda\\\/#primaryimage\"},\"thumbnailUrl\":\"https:\\\/\\\/eurotrail.info\\\/wp\\\/wp-content\\\/uploads\\\/2016\\\/04\\\/ETGS0008-sample-0002.jpg\",\"datePublished\":\"2016-04-07T11:57:25+00:00\",\"dateModified\":\"2024-01-16T14:48:00+00:00\",\"description\":\"La alfombra de la tienda protege el suelo contra el desgaste excesivo y es muy suave y c\u00f3moda. La alfombra tiene un n\u00facleo de nailon rodeado por una capa de espuma especial y se puede cortar f\u00e1cilmente con unas tijeras.\",\"breadcrumb\":{\"@id\":\"https:\\\/\\\/eurotrail.info\\\/es\\\/producten\\\/alfombra-de-la-tienda\\\/alfombra-de-tienda\\\/#breadcrumb\"},\"inLanguage\":\"es-ES\",\"potentialAction\":[{\"@type\":\"ReadAction\",\"target\":[\"https:\\\/\\\/eurotrail.info\\\/es\\\/producten\\\/alfombra-de-la-tienda\\\/alfombra-de-tienda\\\/\"]}]},{\"@type\":\"ImageObject\",\"inLanguage\":\"es-ES\",\"@id\":\"https:\\\/\\\/eurotrail.info\\\/es\\\/producten\\\/alfombra-de-la-tienda\\\/alfombra-de-tienda\\\/#primaryimage\",\"url\":\"https:\\\/\\\/eurotrail.info\\\/wp\\\/wp-content\\\/uploads\\\/2016\\\/04\\\/ETGS0008-sample-0002.jpg\",\"contentUrl\":\"https:\\\/\\\/eurotrail.info\\\/wp\\\/wp-content\\\/uploads\\\/2016\\\/04\\\/ETGS0008-sample-0002.jpg\",\"width\":282,\"height\":413},{\"@type\":\"BreadcrumbList\",\"@id\":\"https:\\\/\\\/eurotrail.info\\\/es\\\/producten\\\/alfombra-de-la-tienda\\\/alfombra-de-tienda\\\/#breadcrumb\",\"itemListElement\":[{\"@type\":\"ListItem\",\"position\":1,\"name\":\"Home\",\"item\":\"https:\\\/\\\/eurotrail.info\\\/es\\\/\"},{\"@type\":\"ListItem\",\"position\":2,\"name\":\"Productos\",\"item\":\"https:\\\/\\\/eurotrail.info\\\/es\\\/productos\\\/\"},{\"@type\":\"ListItem\",\"position\":3,\"name\":\"Alfombra de tienda\"}]},{\"@type\":\"WebSite\",\"@id\":\"https:\\\/\\\/eurotrail.info\\\/#website\",\"url\":\"https:\\\/\\\/eurotrail.info\\\/\",\"name\":\"Eurotrail | The way we camp!\",\"description\":\"\",\"publisher\":{\"@id\":\"https:\\\/\\\/eurotrail.info\\\/#organization\"},\"potentialAction\":[{\"@type\":\"SearchAction\",\"target\":{\"@type\":\"EntryPoint\",\"urlTemplate\":\"https:\\\/\\\/eurotrail.info\\\/?s={search_term_string}\"},\"query-input\":{\"@type\":\"PropertyValueSpecification\",\"valueRequired\":true,\"valueName\":\"search_term_string\"}}],\"inLanguage\":\"es-ES\"},{\"@type\":\"Organization\",\"@id\":\"https:\\\/\\\/eurotrail.info\\\/#organization\",\"name\":\"Eurotrail | The way we camp!\",\"url\":\"https:\\\/\\\/eurotrail.info\\\/\",\"logo\":{\"@type\":\"ImageObject\",\"inLanguage\":\"es-ES\",\"@id\":\"https:\\\/\\\/eurotrail.info\\\/#\\\/schema\\\/logo\\\/image\\\/\",\"url\":\"https:\\\/\\\/eurotrail.info\\\/wp\\\/wp-content\\\/uploads\\\/2023\\\/07\\\/ET-logo-quote_NL-scaled.jpg\",\"contentUrl\":\"https:\\\/\\\/eurotrail.info\\\/wp\\\/wp-content\\\/uploads\\\/2023\\\/07\\\/ET-logo-quote_NL-scaled.jpg\",\"width\":2560,\"height\":675,\"caption\":\"Eurotrail | The way we camp!\"},\"image\":{\"@id\":\"https:\\\/\\\/eurotrail.info\\\/#\\\/schema\\\/logo\\\/image\\\/\"}}]}<\/script>\n<!-- \/ Yoast SEO plugin. -->","yoast_head_json":{"title":"Alfombra de tienda - Eurotrail | The way we camp!","description":"La alfombra de la tienda protege el suelo contra el desgaste excesivo y es muy suave y c\u00f3moda. La alfombra tiene un n\u00facleo de nailon rodeado por una capa de espuma especial y se puede cortar f\u00e1cilmente con unas tijeras.","robots":{"index":"index","follow":"follow","max-snippet":"max-snippet:-1","max-image-preview":"max-image-preview:large","max-video-preview":"max-video-preview:-1"},"canonical":"https:\/\/eurotrail.info\/es\/producten\/alfombra-de-la-tienda\/alfombra-de-tienda\/","og_locale":"es_ES","og_type":"article","og_title":"Alfombra de tienda - Eurotrail | The way we camp!","og_description":"La alfombra de la tienda protege el suelo contra el desgaste excesivo y es muy suave y c\u00f3moda. La alfombra tiene un n\u00facleo de nailon rodeado por una capa de espuma especial y se puede cortar f\u00e1cilmente con unas tijeras.","og_url":"https:\/\/eurotrail.info\/es\/producten\/alfombra-de-la-tienda\/alfombra-de-tienda\/","og_site_name":"Eurotrail | The way we camp!","article_modified_time":"2024-01-16T14:48:00+00:00","og_image":[{"width":282,"height":413,"url":"https:\/\/eurotrail.info\/wp\/wp-content\/uploads\/2016\/04\/ETGS0008-sample-0002.jpg","type":"image\/jpeg"}],"twitter_card":"summary_large_image","twitter_misc":{"Tiempo de lectura":"1 minute"},"schema":{"@context":"https:\/\/schema.org","@graph":[{"@type":"WebPage","@id":"https:\/\/eurotrail.info\/es\/producten\/alfombra-de-la-tienda\/alfombra-de-tienda\/","url":"https:\/\/eurotrail.info\/es\/producten\/alfombra-de-la-tienda\/alfombra-de-tienda\/","name":"Alfombra de tienda - Eurotrail | The way we camp!","isPartOf":{"@id":"https:\/\/eurotrail.info\/#website"},"primaryImageOfPage":{"@id":"https:\/\/eurotrail.info\/es\/producten\/alfombra-de-la-tienda\/alfombra-de-tienda\/#primaryimage"},"image":{"@id":"https:\/\/eurotrail.info\/es\/producten\/alfombra-de-la-tienda\/alfombra-de-tienda\/#primaryimage"},"thumbnailUrl":"https:\/\/eurotrail.info\/wp\/wp-content\/uploads\/2016\/04\/ETGS0008-sample-0002.jpg","datePublished":"2016-04-07T11:57:25+00:00","dateModified":"2024-01-16T14:48:00+00:00","description":"La alfombra de la tienda protege el suelo contra el desgaste excesivo y es muy suave y c\u00f3moda. La alfombra tiene un n\u00facleo de nailon rodeado por una capa de espuma especial y se puede cortar f\u00e1cilmente con unas tijeras.","breadcrumb":{"@id":"https:\/\/eurotrail.info\/es\/producten\/alfombra-de-la-tienda\/alfombra-de-tienda\/#breadcrumb"},"inLanguage":"es-ES","potentialAction":[{"@type":"ReadAction","target":["https:\/\/eurotrail.info\/es\/producten\/alfombra-de-la-tienda\/alfombra-de-tienda\/"]}]},{"@type":"ImageObject","inLanguage":"es-ES","@id":"https:\/\/eurotrail.info\/es\/producten\/alfombra-de-la-tienda\/alfombra-de-tienda\/#primaryimage","url":"https:\/\/eurotrail.info\/wp\/wp-content\/uploads\/2016\/04\/ETGS0008-sample-0002.jpg","contentUrl":"https:\/\/eurotrail.info\/wp\/wp-content\/uploads\/2016\/04\/ETGS0008-sample-0002.jpg","width":282,"height":413},{"@type":"BreadcrumbList","@id":"https:\/\/eurotrail.info\/es\/producten\/alfombra-de-la-tienda\/alfombra-de-tienda\/#breadcrumb","itemListElement":[{"@type":"ListItem","position":1,"name":"Home","item":"https:\/\/eurotrail.info\/es\/"},{"@type":"ListItem","position":2,"name":"Productos","item":"https:\/\/eurotrail.info\/es\/productos\/"},{"@type":"ListItem","position":3,"name":"Alfombra de tienda"}]},{"@type":"WebSite","@id":"https:\/\/eurotrail.info\/#website","url":"https:\/\/eurotrail.info\/","name":"Eurotrail | The way we camp!","description":"","publisher":{"@id":"https:\/\/eurotrail.info\/#organization"},"potentialAction":[{"@type":"SearchAction","target":{"@type":"EntryPoint","urlTemplate":"https:\/\/eurotrail.info\/?s={search_term_string}"},"query-input":{"@type":"PropertyValueSpecification","valueRequired":true,"valueName":"search_term_string"}}],"inLanguage":"es-ES"},{"@type":"Organization","@id":"https:\/\/eurotrail.info\/#organization","name":"Eurotrail | The way we camp!","url":"https:\/\/eurotrail.info\/","logo":{"@type":"ImageObject","inLanguage":"es-ES","@id":"https:\/\/eurotrail.info\/#\/schema\/logo\/image\/","url":"https:\/\/eurotrail.info\/wp\/wp-content\/uploads\/2023\/07\/ET-logo-quote_NL-scaled.jpg","contentUrl":"https:\/\/eurotrail.info\/wp\/wp-content\/uploads\/2023\/07\/ET-logo-quote_NL-scaled.jpg","width":2560,"height":675,"caption":"Eurotrail | The way we camp!"},"image":{"@id":"https:\/\/eurotrail.info\/#\/schema\/logo\/image\/"}}]}},"_links":{"self":[{"href":"https:\/\/eurotrail.info\/es\/wp-json\/wp\/v2\/product\/22397","targetHints":{"allow":["GET"]}}],"collection":[{"href":"https:\/\/eurotrail.info\/es\/wp-json\/wp\/v2\/product"}],"about":[{"href":"https:\/\/eurotrail.info\/es\/wp-json\/wp\/v2\/types\/product"}],"replies":[{"embeddable":true,"href":"https:\/\/eurotrail.info\/es\/wp-json\/wp\/v2\/comments?post=22397"}],"wp:featuredmedia":[{"embeddable":true,"href":"https:\/\/eurotrail.info\/es\/wp-json\/wp\/v2\/media\/17611"}],"wp:attachment":[{"href":"https:\/\/eurotrail.info\/es\/wp-json\/wp\/v2\/media?parent=22397"}],"wp:term":[{"taxonomy":"product_brand","embeddable":true,"href":"https:\/\/eurotrail.info\/es\/wp-json\/wp\/v2\/product_brand?post=22397"},{"taxonomy":"product_cat","embeddable":true,"href":"https:\/\/eurotrail.info\/es\/wp-json\/wp\/v2\/product_cat?post=22397"},{"taxonomy":"product_tag","embeddable":true,"href":"https:\/\/eurotrail.info\/es\/wp-json\/wp\/v2\/product_tag?post=22397"}],"curies":[{"name":"wp","href":"https:\/\/api.w.org\/{rel}","templated":true}]}}