{"id":22672,"date":"2025-01-27T13:12:05","date_gmt":"2025-01-27T12:20:14","guid":{"rendered":"https:\/\/eurotrail.info\/?post_type=product&#038;p=22672"},"modified":"2025-03-21T09:53:37","modified_gmt":"2025-03-21T08:53:37","slug":"autun-silla-de-camping-plegable","status":"publish","type":"product","link":"https:\/\/eurotrail.info\/es\/producten\/muebles-para-acampar\/sillas-plegables\/autun-silla-de-camping-plegable\/","title":{"rendered":"Aut\u00fan Silla de camping plegable"},"content":{"rendered":"<p>Silla de camping plegable con respaldo ajustable<\/p>\n<p>Los amantes del camping y de las actividades al aire libre deben tener cuidado: la \u00faltima silla de camping plegable combina comodidad y funcionalidad en un dise\u00f1o elegante. Gracias al respaldo ajustable, la silla puede colocarse tanto en posici\u00f3n vertical como reclinada, lo que resulta ideal para cualquier situaci\u00f3n, desde sentarse de forma activa hasta relajarse al m\u00e1ximo.<\/p>\n<p>La funda del asiento est\u00e1 fabricada con material de malla de aire acolchado de alta calidad, que garantiza un asiento transpirable y c\u00f3modo incluso en los d\u00edas calurosos. La silla es totalmente plegable y viene con una pr\u00e1ctica bolsa con correa de transporte, por lo que se puede llevar f\u00e1cilmente al camping, al jard\u00edn o de excursi\u00f3n.<\/p>\n<p>Tejido: 100 % poli\u00e9ster de malla 3D<br \/>\nEstructura: tubo ovalado de aluminio de 32 x 20 mm<br \/>\nTama\u00f1o: 61 x 75 x 110 cm<br \/>\nPlegado: 91 x 24 x 13 cm<br \/>\nPeso: 4,6 kg.<br \/>\nCarga m\u00e1xima: 120 kg<\/p>\n","protected":false},"excerpt":{"rendered":"<p>Silla de camping plegable con respaldo ajustable Los amantes del camping y de las actividades al aire libre deben tener cuidado: la \u00faltima silla de&hellip;<\/p>\n","protected":false},"featured_media":22638,"comment_status":"open","ping_status":"closed","template":"","meta":{"_acf_changed":false},"product_brand":[],"product_cat":[348,359],"product_tag":[],"class_list":{"0":"post-22672","1":"product","2":"type-product","3":"status-publish","4":"has-post-thumbnail","6":"product_cat-muebles-para-acampar","7":"product_cat-sillas-plegables","9":"first","10":"instock","11":"shipping-taxable","12":"product-type-simple"},"acf":[],"yoast_head":"<!-- This site is optimized with the Yoast SEO plugin v27.3 - https:\/\/yoast.com\/product\/yoast-seo-wordpress\/ -->\n<title>Aut\u00fan Silla de camping plegable - Eurotrail | The way we camp!<\/title>\n<meta name=\"description\" content=\"Silla de camping plegable con malla 3D transpirable. El respaldo alto se puede ajustar 5 veces para lograr la posici\u00f3n deseada.\" \/>\n<meta name=\"robots\" content=\"index, follow, max-snippet:-1, max-image-preview:large, max-video-preview:-1\" \/>\n<link rel=\"canonical\" href=\"https:\/\/eurotrail.info\/es\/producten\/muebles-para-acampar\/sillas-plegables\/autun-silla-de-camping-plegable\/\" \/>\n<meta property=\"og:locale\" content=\"es_ES\" \/>\n<meta property=\"og:type\" content=\"article\" \/>\n<meta property=\"og:title\" content=\"Aut\u00fan Silla de camping plegable - Eurotrail | The way we camp!\" \/>\n<meta property=\"og:description\" content=\"Silla de camping plegable con malla 3D transpirable. El respaldo alto se puede ajustar 5 veces para lograr la posici\u00f3n deseada.\" \/>\n<meta property=\"og:url\" content=\"https:\/\/eurotrail.info\/es\/producten\/muebles-para-acampar\/sillas-plegables\/autun-silla-de-camping-plegable\/\" \/>\n<meta property=\"og:site_name\" content=\"Eurotrail | The way we camp!\" \/>\n<meta property=\"article:modified_time\" content=\"2025-03-21T08:53:37+00:00\" \/>\n<meta property=\"og:image\" content=\"https:\/\/eurotrail.info\/wp\/wp-content\/uploads\/2025\/01\/ETCF1631-Autun-1-scaled.jpg\" \/>\n\t<meta property=\"og:image:width\" content=\"1646\" \/>\n\t<meta property=\"og:image:height\" content=\"2560\" \/>\n\t<meta property=\"og:image:type\" content=\"image\/jpeg\" \/>\n<meta name=\"twitter:card\" content=\"summary_large_image\" \/>\n<meta name=\"twitter:label1\" content=\"Tiempo de lectura\" \/>\n\t<meta name=\"twitter:data1\" content=\"1 minute\" \/>\n<script type=\"application\/ld+json\" class=\"yoast-schema-graph\">{\"@context\":\"https:\\\/\\\/schema.org\",\"@graph\":[{\"@type\":\"WebPage\",\"@id\":\"https:\\\/\\\/eurotrail.info\\\/es\\\/producten\\\/muebles-para-acampar\\\/sillas-plegables\\\/autun-silla-de-camping-plegable\\\/\",\"url\":\"https:\\\/\\\/eurotrail.info\\\/es\\\/producten\\\/muebles-para-acampar\\\/sillas-plegables\\\/autun-silla-de-camping-plegable\\\/\",\"name\":\"Aut\u00fan Silla de camping plegable - Eurotrail | The way we camp!\",\"isPartOf\":{\"@id\":\"https:\\\/\\\/eurotrail.info\\\/#website\"},\"primaryImageOfPage\":{\"@id\":\"https:\\\/\\\/eurotrail.info\\\/es\\\/producten\\\/muebles-para-acampar\\\/sillas-plegables\\\/autun-silla-de-camping-plegable\\\/#primaryimage\"},\"image\":{\"@id\":\"https:\\\/\\\/eurotrail.info\\\/es\\\/producten\\\/muebles-para-acampar\\\/sillas-plegables\\\/autun-silla-de-camping-plegable\\\/#primaryimage\"},\"thumbnailUrl\":\"https:\\\/\\\/eurotrail.info\\\/wp\\\/wp-content\\\/uploads\\\/2025\\\/01\\\/ETCF1631-Autun-1-scaled.jpg\",\"datePublished\":\"2025-01-27T12:20:14+00:00\",\"dateModified\":\"2025-03-21T08:53:37+00:00\",\"description\":\"Silla de camping plegable con malla 3D transpirable. El respaldo alto se puede ajustar 5 veces para lograr la posici\u00f3n deseada.\",\"breadcrumb\":{\"@id\":\"https:\\\/\\\/eurotrail.info\\\/es\\\/producten\\\/muebles-para-acampar\\\/sillas-plegables\\\/autun-silla-de-camping-plegable\\\/#breadcrumb\"},\"inLanguage\":\"es-ES\",\"potentialAction\":[{\"@type\":\"ReadAction\",\"target\":[\"https:\\\/\\\/eurotrail.info\\\/es\\\/producten\\\/muebles-para-acampar\\\/sillas-plegables\\\/autun-silla-de-camping-plegable\\\/\"]}]},{\"@type\":\"ImageObject\",\"inLanguage\":\"es-ES\",\"@id\":\"https:\\\/\\\/eurotrail.info\\\/es\\\/producten\\\/muebles-para-acampar\\\/sillas-plegables\\\/autun-silla-de-camping-plegable\\\/#primaryimage\",\"url\":\"https:\\\/\\\/eurotrail.info\\\/wp\\\/wp-content\\\/uploads\\\/2025\\\/01\\\/ETCF1631-Autun-1-scaled.jpg\",\"contentUrl\":\"https:\\\/\\\/eurotrail.info\\\/wp\\\/wp-content\\\/uploads\\\/2025\\\/01\\\/ETCF1631-Autun-1-scaled.jpg\",\"width\":1646,\"height\":2560,\"caption\":\"Opvouwbare kampeerstoel voorzien van het ademende 3D mesh.\"},{\"@type\":\"BreadcrumbList\",\"@id\":\"https:\\\/\\\/eurotrail.info\\\/es\\\/producten\\\/muebles-para-acampar\\\/sillas-plegables\\\/autun-silla-de-camping-plegable\\\/#breadcrumb\",\"itemListElement\":[{\"@type\":\"ListItem\",\"position\":1,\"name\":\"Home\",\"item\":\"https:\\\/\\\/eurotrail.info\\\/es\\\/\"},{\"@type\":\"ListItem\",\"position\":2,\"name\":\"Productos\",\"item\":\"https:\\\/\\\/eurotrail.info\\\/es\\\/productos\\\/\"},{\"@type\":\"ListItem\",\"position\":3,\"name\":\"Aut\u00fan Silla de camping plegable\"}]},{\"@type\":\"WebSite\",\"@id\":\"https:\\\/\\\/eurotrail.info\\\/#website\",\"url\":\"https:\\\/\\\/eurotrail.info\\\/\",\"name\":\"Eurotrail | The way we camp!\",\"description\":\"\",\"publisher\":{\"@id\":\"https:\\\/\\\/eurotrail.info\\\/#organization\"},\"potentialAction\":[{\"@type\":\"SearchAction\",\"target\":{\"@type\":\"EntryPoint\",\"urlTemplate\":\"https:\\\/\\\/eurotrail.info\\\/?s={search_term_string}\"},\"query-input\":{\"@type\":\"PropertyValueSpecification\",\"valueRequired\":true,\"valueName\":\"search_term_string\"}}],\"inLanguage\":\"es-ES\"},{\"@type\":\"Organization\",\"@id\":\"https:\\\/\\\/eurotrail.info\\\/#organization\",\"name\":\"Eurotrail | The way we camp!\",\"url\":\"https:\\\/\\\/eurotrail.info\\\/\",\"logo\":{\"@type\":\"ImageObject\",\"inLanguage\":\"es-ES\",\"@id\":\"https:\\\/\\\/eurotrail.info\\\/#\\\/schema\\\/logo\\\/image\\\/\",\"url\":\"https:\\\/\\\/eurotrail.info\\\/wp\\\/wp-content\\\/uploads\\\/2023\\\/07\\\/ET-logo-quote_NL-scaled.jpg\",\"contentUrl\":\"https:\\\/\\\/eurotrail.info\\\/wp\\\/wp-content\\\/uploads\\\/2023\\\/07\\\/ET-logo-quote_NL-scaled.jpg\",\"width\":2560,\"height\":675,\"caption\":\"Eurotrail | The way we camp!\"},\"image\":{\"@id\":\"https:\\\/\\\/eurotrail.info\\\/#\\\/schema\\\/logo\\\/image\\\/\"}}]}<\/script>\n<!-- \/ Yoast SEO plugin. -->","yoast_head_json":{"title":"Aut\u00fan Silla de camping plegable - Eurotrail | The way we camp!","description":"Silla de camping plegable con malla 3D transpirable. El respaldo alto se puede ajustar 5 veces para lograr la posici\u00f3n deseada.","robots":{"index":"index","follow":"follow","max-snippet":"max-snippet:-1","max-image-preview":"max-image-preview:large","max-video-preview":"max-video-preview:-1"},"canonical":"https:\/\/eurotrail.info\/es\/producten\/muebles-para-acampar\/sillas-plegables\/autun-silla-de-camping-plegable\/","og_locale":"es_ES","og_type":"article","og_title":"Aut\u00fan Silla de camping plegable - Eurotrail | The way we camp!","og_description":"Silla de camping plegable con malla 3D transpirable. El respaldo alto se puede ajustar 5 veces para lograr la posici\u00f3n deseada.","og_url":"https:\/\/eurotrail.info\/es\/producten\/muebles-para-acampar\/sillas-plegables\/autun-silla-de-camping-plegable\/","og_site_name":"Eurotrail | The way we camp!","article_modified_time":"2025-03-21T08:53:37+00:00","og_image":[{"width":1646,"height":2560,"url":"https:\/\/eurotrail.info\/wp\/wp-content\/uploads\/2025\/01\/ETCF1631-Autun-1-scaled.jpg","type":"image\/jpeg"}],"twitter_card":"summary_large_image","twitter_misc":{"Tiempo de lectura":"1 minute"},"schema":{"@context":"https:\/\/schema.org","@graph":[{"@type":"WebPage","@id":"https:\/\/eurotrail.info\/es\/producten\/muebles-para-acampar\/sillas-plegables\/autun-silla-de-camping-plegable\/","url":"https:\/\/eurotrail.info\/es\/producten\/muebles-para-acampar\/sillas-plegables\/autun-silla-de-camping-plegable\/","name":"Aut\u00fan Silla de camping plegable - Eurotrail | The way we camp!","isPartOf":{"@id":"https:\/\/eurotrail.info\/#website"},"primaryImageOfPage":{"@id":"https:\/\/eurotrail.info\/es\/producten\/muebles-para-acampar\/sillas-plegables\/autun-silla-de-camping-plegable\/#primaryimage"},"image":{"@id":"https:\/\/eurotrail.info\/es\/producten\/muebles-para-acampar\/sillas-plegables\/autun-silla-de-camping-plegable\/#primaryimage"},"thumbnailUrl":"https:\/\/eurotrail.info\/wp\/wp-content\/uploads\/2025\/01\/ETCF1631-Autun-1-scaled.jpg","datePublished":"2025-01-27T12:20:14+00:00","dateModified":"2025-03-21T08:53:37+00:00","description":"Silla de camping plegable con malla 3D transpirable. El respaldo alto se puede ajustar 5 veces para lograr la posici\u00f3n deseada.","breadcrumb":{"@id":"https:\/\/eurotrail.info\/es\/producten\/muebles-para-acampar\/sillas-plegables\/autun-silla-de-camping-plegable\/#breadcrumb"},"inLanguage":"es-ES","potentialAction":[{"@type":"ReadAction","target":["https:\/\/eurotrail.info\/es\/producten\/muebles-para-acampar\/sillas-plegables\/autun-silla-de-camping-plegable\/"]}]},{"@type":"ImageObject","inLanguage":"es-ES","@id":"https:\/\/eurotrail.info\/es\/producten\/muebles-para-acampar\/sillas-plegables\/autun-silla-de-camping-plegable\/#primaryimage","url":"https:\/\/eurotrail.info\/wp\/wp-content\/uploads\/2025\/01\/ETCF1631-Autun-1-scaled.jpg","contentUrl":"https:\/\/eurotrail.info\/wp\/wp-content\/uploads\/2025\/01\/ETCF1631-Autun-1-scaled.jpg","width":1646,"height":2560,"caption":"Opvouwbare kampeerstoel voorzien van het ademende 3D mesh."},{"@type":"BreadcrumbList","@id":"https:\/\/eurotrail.info\/es\/producten\/muebles-para-acampar\/sillas-plegables\/autun-silla-de-camping-plegable\/#breadcrumb","itemListElement":[{"@type":"ListItem","position":1,"name":"Home","item":"https:\/\/eurotrail.info\/es\/"},{"@type":"ListItem","position":2,"name":"Productos","item":"https:\/\/eurotrail.info\/es\/productos\/"},{"@type":"ListItem","position":3,"name":"Aut\u00fan Silla de camping plegable"}]},{"@type":"WebSite","@id":"https:\/\/eurotrail.info\/#website","url":"https:\/\/eurotrail.info\/","name":"Eurotrail | The way we camp!","description":"","publisher":{"@id":"https:\/\/eurotrail.info\/#organization"},"potentialAction":[{"@type":"SearchAction","target":{"@type":"EntryPoint","urlTemplate":"https:\/\/eurotrail.info\/?s={search_term_string}"},"query-input":{"@type":"PropertyValueSpecification","valueRequired":true,"valueName":"search_term_string"}}],"inLanguage":"es-ES"},{"@type":"Organization","@id":"https:\/\/eurotrail.info\/#organization","name":"Eurotrail | The way we camp!","url":"https:\/\/eurotrail.info\/","logo":{"@type":"ImageObject","inLanguage":"es-ES","@id":"https:\/\/eurotrail.info\/#\/schema\/logo\/image\/","url":"https:\/\/eurotrail.info\/wp\/wp-content\/uploads\/2023\/07\/ET-logo-quote_NL-scaled.jpg","contentUrl":"https:\/\/eurotrail.info\/wp\/wp-content\/uploads\/2023\/07\/ET-logo-quote_NL-scaled.jpg","width":2560,"height":675,"caption":"Eurotrail | The way we camp!"},"image":{"@id":"https:\/\/eurotrail.info\/#\/schema\/logo\/image\/"}}]}},"_links":{"self":[{"href":"https:\/\/eurotrail.info\/es\/wp-json\/wp\/v2\/product\/22672","targetHints":{"allow":["GET"]}}],"collection":[{"href":"https:\/\/eurotrail.info\/es\/wp-json\/wp\/v2\/product"}],"about":[{"href":"https:\/\/eurotrail.info\/es\/wp-json\/wp\/v2\/types\/product"}],"replies":[{"embeddable":true,"href":"https:\/\/eurotrail.info\/es\/wp-json\/wp\/v2\/comments?post=22672"}],"wp:featuredmedia":[{"embeddable":true,"href":"https:\/\/eurotrail.info\/es\/wp-json\/wp\/v2\/media\/22638"}],"wp:attachment":[{"href":"https:\/\/eurotrail.info\/es\/wp-json\/wp\/v2\/media?parent=22672"}],"wp:term":[{"taxonomy":"product_brand","embeddable":true,"href":"https:\/\/eurotrail.info\/es\/wp-json\/wp\/v2\/product_brand?post=22672"},{"taxonomy":"product_cat","embeddable":true,"href":"https:\/\/eurotrail.info\/es\/wp-json\/wp\/v2\/product_cat?post=22672"},{"taxonomy":"product_tag","embeddable":true,"href":"https:\/\/eurotrail.info\/es\/wp-json\/wp\/v2\/product_tag?post=22672"}],"curies":[{"name":"wp","href":"https:\/\/api.w.org\/{rel}","templated":true}]}}