{"id":22716,"date":"2025-01-27T14:22:26","date_gmt":"2025-01-27T13:22:26","guid":{"rendered":"https:\/\/eurotrail.info\/?post_type=product&#038;p=22716"},"modified":"2026-03-09T11:34:20","modified_gmt":"2026-03-09T10:34:20","slug":"sisteron-silla-plegable-con-una-practica-mesa-lateral","status":"publish","type":"product","link":"https:\/\/eurotrail.info\/es\/producten\/muebles-para-acampar\/sillas-plegables\/sisteron-silla-plegable-con-una-practica-mesa-lateral\/","title":{"rendered":"Sisteron silla plegable con una pr\u00e1ctica mesa lateral"},"content":{"rendered":"<h5>Silla plegable Sisteron con mesita lateral: compacta, elegante y c\u00f3moda<\/h5>\n<p>La Sisteron es la silla plegable ideal para los campistas que quieren llevar poco equipaje. Esta pr\u00e1ctica silla de camping est\u00e1 equipada con una pr\u00e1ctica mesita lateral con portavasos integrado, perfecta para tomar un caf\u00e9 al sol de la ma\u00f1ana o una copa junto a la hoguera.<\/p>\n<p>Gracias a su ingenioso sistema de plegado, la silla se pliega en cuesti\u00f3n de segundos hasta convertirse en un paquete muy compacto. Su volumen m\u00ednimo la hace especialmente adecuada para campistas con tiendas de techo y viajeros para los que cada cent\u00edmetro de espacio en el maletero cuenta. Se puede guardar f\u00e1cilmente en el coche, en el cofre del techo o en el maletero.<\/p>\n<p>\u00bfPor qu\u00e9 elegir la Sisteron?<br \/>\n\u2714 Pr\u00e1ctica mesita lateral con portavasos.<br \/>\n\u2714 Plegable de forma r\u00e1pida y sencilla.<br \/>\n\u2714 Muy compacta para guardar.<br \/>\n\u2714 Robusto marco de aluminio y acero con recubrimiento en polvo duradero.<br \/>\n\u2714 Protecci\u00f3n de pl\u00e1stico en cada pata de la silla.<br \/>\n\u2714 Equipada con asa de transporte.<br \/>\n\u2714 Incluye una pr\u00e1ctica bolsa de transporte.<\/p>\n<p>Tanto si te vas de aventura con la tienda de techo como si acampas de forma compacta con espacio limitado para el equipaje, la Sisteron ofrece comodidad sin renunciar al volumen de carga.<\/p>\n<p>Tejido: Poli\u00e9ster 600D\/PVC<br \/>\nEstructura: tubo ovalado de aluminio 30x16mm<br \/>\nTama\u00f1o: 56x50x97cm<br \/>\nPlegada 56x49x15cm<br \/>\nPeso: 5,6 kg<br \/>\nCarga m\u00e1x: 120 kg<\/p>\n","protected":false},"excerpt":{"rendered":"<p>Silla plegable Sisteron con mesita lateral: compacta, elegante y c\u00f3moda La Sisteron es la silla plegable ideal para los campistas que quieren llevar poco equipaje.&hellip;<\/p>\n","protected":false},"featured_media":22678,"comment_status":"open","ping_status":"closed","template":"","meta":{"_acf_changed":false},"product_brand":[],"product_cat":[348,359],"product_tag":[],"class_list":{"0":"post-22716","1":"product","2":"type-product","3":"status-publish","4":"has-post-thumbnail","6":"product_cat-muebles-para-acampar","7":"product_cat-sillas-plegables","9":"first","10":"instock","11":"shipping-taxable","12":"product-type-simple"},"acf":[],"yoast_head":"<!-- This site is optimized with the Yoast SEO plugin v27.4 - https:\/\/yoast.com\/product\/yoast-seo-wordpress\/ -->\n<title>Sisteron silla plegable con una pr\u00e1ctica mesa lateral - Eurotrail | The way we camp!<\/title>\n<meta name=\"description\" content=\"Pr\u00e1ctica silla plegable con una pr\u00e1ctica mesa lateral con portavasos. Esta silla se pliega f\u00e1cilmente en un paquete compacto\" \/>\n<meta name=\"robots\" content=\"index, follow, max-snippet:-1, max-image-preview:large, max-video-preview:-1\" \/>\n<link rel=\"canonical\" href=\"https:\/\/eurotrail.info\/es\/producten\/muebles-para-acampar\/sillas-plegables\/sisteron-silla-plegable-con-una-practica-mesa-lateral\/\" \/>\n<meta property=\"og:locale\" content=\"es_ES\" \/>\n<meta property=\"og:type\" content=\"article\" \/>\n<meta property=\"og:title\" content=\"Sisteron silla plegable con una pr\u00e1ctica mesa lateral - Eurotrail | The way we camp!\" \/>\n<meta property=\"og:description\" content=\"Pr\u00e1ctica silla plegable con una pr\u00e1ctica mesa lateral con portavasos. Esta silla se pliega f\u00e1cilmente en un paquete compacto\" \/>\n<meta property=\"og:url\" content=\"https:\/\/eurotrail.info\/es\/producten\/muebles-para-acampar\/sillas-plegables\/sisteron-silla-plegable-con-una-practica-mesa-lateral\/\" \/>\n<meta property=\"og:site_name\" content=\"Eurotrail | The way we camp!\" \/>\n<meta property=\"article:modified_time\" content=\"2026-03-09T10:34:20+00:00\" \/>\n<meta property=\"og:image\" content=\"https:\/\/eurotrail.info\/wp\/wp-content\/uploads\/2025\/01\/ETCF1621-Sisteron_24-scaled.jpg\" \/>\n\t<meta property=\"og:image:width\" content=\"2054\" \/>\n\t<meta property=\"og:image:height\" content=\"2560\" \/>\n\t<meta property=\"og:image:type\" content=\"image\/jpeg\" \/>\n<meta name=\"twitter:card\" content=\"summary_large_image\" \/>\n<meta name=\"twitter:label1\" content=\"Tiempo de lectura\" \/>\n\t<meta name=\"twitter:data1\" content=\"2 minutes\" \/>\n<script type=\"application\/ld+json\" class=\"yoast-schema-graph\">{\"@context\":\"https:\\\/\\\/schema.org\",\"@graph\":[{\"@type\":\"WebPage\",\"@id\":\"https:\\\/\\\/eurotrail.info\\\/es\\\/producten\\\/muebles-para-acampar\\\/sillas-plegables\\\/sisteron-silla-plegable-con-una-practica-mesa-lateral\\\/\",\"url\":\"https:\\\/\\\/eurotrail.info\\\/es\\\/producten\\\/muebles-para-acampar\\\/sillas-plegables\\\/sisteron-silla-plegable-con-una-practica-mesa-lateral\\\/\",\"name\":\"Sisteron silla plegable con una pr\u00e1ctica mesa lateral - Eurotrail | The way we camp!\",\"isPartOf\":{\"@id\":\"https:\\\/\\\/eurotrail.info\\\/#website\"},\"primaryImageOfPage\":{\"@id\":\"https:\\\/\\\/eurotrail.info\\\/es\\\/producten\\\/muebles-para-acampar\\\/sillas-plegables\\\/sisteron-silla-plegable-con-una-practica-mesa-lateral\\\/#primaryimage\"},\"image\":{\"@id\":\"https:\\\/\\\/eurotrail.info\\\/es\\\/producten\\\/muebles-para-acampar\\\/sillas-plegables\\\/sisteron-silla-plegable-con-una-practica-mesa-lateral\\\/#primaryimage\"},\"thumbnailUrl\":\"https:\\\/\\\/eurotrail.info\\\/wp\\\/wp-content\\\/uploads\\\/2025\\\/01\\\/ETCF1621-Sisteron_24-scaled.jpg\",\"datePublished\":\"2025-01-27T13:22:26+00:00\",\"dateModified\":\"2026-03-09T10:34:20+00:00\",\"description\":\"Pr\u00e1ctica silla plegable con una pr\u00e1ctica mesa lateral con portavasos. Esta silla se pliega f\u00e1cilmente en un paquete compacto\",\"breadcrumb\":{\"@id\":\"https:\\\/\\\/eurotrail.info\\\/es\\\/producten\\\/muebles-para-acampar\\\/sillas-plegables\\\/sisteron-silla-plegable-con-una-practica-mesa-lateral\\\/#breadcrumb\"},\"inLanguage\":\"es-ES\",\"potentialAction\":[{\"@type\":\"ReadAction\",\"target\":[\"https:\\\/\\\/eurotrail.info\\\/es\\\/producten\\\/muebles-para-acampar\\\/sillas-plegables\\\/sisteron-silla-plegable-con-una-practica-mesa-lateral\\\/\"]}]},{\"@type\":\"ImageObject\",\"inLanguage\":\"es-ES\",\"@id\":\"https:\\\/\\\/eurotrail.info\\\/es\\\/producten\\\/muebles-para-acampar\\\/sillas-plegables\\\/sisteron-silla-plegable-con-una-practica-mesa-lateral\\\/#primaryimage\",\"url\":\"https:\\\/\\\/eurotrail.info\\\/wp\\\/wp-content\\\/uploads\\\/2025\\\/01\\\/ETCF1621-Sisteron_24-scaled.jpg\",\"contentUrl\":\"https:\\\/\\\/eurotrail.info\\\/wp\\\/wp-content\\\/uploads\\\/2025\\\/01\\\/ETCF1621-Sisteron_24-scaled.jpg\",\"width\":2054,\"height\":2560,\"caption\":\"Praktische klapstoel met handig zijtafeltje met bekerhouder.\"},{\"@type\":\"BreadcrumbList\",\"@id\":\"https:\\\/\\\/eurotrail.info\\\/es\\\/producten\\\/muebles-para-acampar\\\/sillas-plegables\\\/sisteron-silla-plegable-con-una-practica-mesa-lateral\\\/#breadcrumb\",\"itemListElement\":[{\"@type\":\"ListItem\",\"position\":1,\"name\":\"Home\",\"item\":\"https:\\\/\\\/eurotrail.info\\\/es\\\/\"},{\"@type\":\"ListItem\",\"position\":2,\"name\":\"Productos\",\"item\":\"https:\\\/\\\/eurotrail.info\\\/es\\\/productos\\\/\"},{\"@type\":\"ListItem\",\"position\":3,\"name\":\"Sisteron silla plegable con una pr\u00e1ctica mesa lateral\"}]},{\"@type\":\"WebSite\",\"@id\":\"https:\\\/\\\/eurotrail.info\\\/#website\",\"url\":\"https:\\\/\\\/eurotrail.info\\\/\",\"name\":\"Eurotrail | The way we camp!\",\"description\":\"\",\"publisher\":{\"@id\":\"https:\\\/\\\/eurotrail.info\\\/#organization\"},\"potentialAction\":[{\"@type\":\"SearchAction\",\"target\":{\"@type\":\"EntryPoint\",\"urlTemplate\":\"https:\\\/\\\/eurotrail.info\\\/?s={search_term_string}\"},\"query-input\":{\"@type\":\"PropertyValueSpecification\",\"valueRequired\":true,\"valueName\":\"search_term_string\"}}],\"inLanguage\":\"es-ES\"},{\"@type\":\"Organization\",\"@id\":\"https:\\\/\\\/eurotrail.info\\\/#organization\",\"name\":\"Eurotrail | The way we camp!\",\"url\":\"https:\\\/\\\/eurotrail.info\\\/\",\"logo\":{\"@type\":\"ImageObject\",\"inLanguage\":\"es-ES\",\"@id\":\"https:\\\/\\\/eurotrail.info\\\/#\\\/schema\\\/logo\\\/image\\\/\",\"url\":\"https:\\\/\\\/eurotrail.info\\\/wp\\\/wp-content\\\/uploads\\\/2023\\\/07\\\/ET-logo-quote_NL-scaled.jpg\",\"contentUrl\":\"https:\\\/\\\/eurotrail.info\\\/wp\\\/wp-content\\\/uploads\\\/2023\\\/07\\\/ET-logo-quote_NL-scaled.jpg\",\"width\":2560,\"height\":675,\"caption\":\"Eurotrail | The way we camp!\"},\"image\":{\"@id\":\"https:\\\/\\\/eurotrail.info\\\/#\\\/schema\\\/logo\\\/image\\\/\"}}]}<\/script>\n<!-- \/ Yoast SEO plugin. -->","yoast_head_json":{"title":"Sisteron silla plegable con una pr\u00e1ctica mesa lateral - Eurotrail | The way we camp!","description":"Pr\u00e1ctica silla plegable con una pr\u00e1ctica mesa lateral con portavasos. Esta silla se pliega f\u00e1cilmente en un paquete compacto","robots":{"index":"index","follow":"follow","max-snippet":"max-snippet:-1","max-image-preview":"max-image-preview:large","max-video-preview":"max-video-preview:-1"},"canonical":"https:\/\/eurotrail.info\/es\/producten\/muebles-para-acampar\/sillas-plegables\/sisteron-silla-plegable-con-una-practica-mesa-lateral\/","og_locale":"es_ES","og_type":"article","og_title":"Sisteron silla plegable con una pr\u00e1ctica mesa lateral - Eurotrail | The way we camp!","og_description":"Pr\u00e1ctica silla plegable con una pr\u00e1ctica mesa lateral con portavasos. Esta silla se pliega f\u00e1cilmente en un paquete compacto","og_url":"https:\/\/eurotrail.info\/es\/producten\/muebles-para-acampar\/sillas-plegables\/sisteron-silla-plegable-con-una-practica-mesa-lateral\/","og_site_name":"Eurotrail | The way we camp!","article_modified_time":"2026-03-09T10:34:20+00:00","og_image":[{"width":2054,"height":2560,"url":"https:\/\/eurotrail.info\/wp\/wp-content\/uploads\/2025\/01\/ETCF1621-Sisteron_24-scaled.jpg","type":"image\/jpeg"}],"twitter_card":"summary_large_image","twitter_misc":{"Tiempo de lectura":"2 minutes"},"schema":{"@context":"https:\/\/schema.org","@graph":[{"@type":"WebPage","@id":"https:\/\/eurotrail.info\/es\/producten\/muebles-para-acampar\/sillas-plegables\/sisteron-silla-plegable-con-una-practica-mesa-lateral\/","url":"https:\/\/eurotrail.info\/es\/producten\/muebles-para-acampar\/sillas-plegables\/sisteron-silla-plegable-con-una-practica-mesa-lateral\/","name":"Sisteron silla plegable con una pr\u00e1ctica mesa lateral - Eurotrail | The way we camp!","isPartOf":{"@id":"https:\/\/eurotrail.info\/#website"},"primaryImageOfPage":{"@id":"https:\/\/eurotrail.info\/es\/producten\/muebles-para-acampar\/sillas-plegables\/sisteron-silla-plegable-con-una-practica-mesa-lateral\/#primaryimage"},"image":{"@id":"https:\/\/eurotrail.info\/es\/producten\/muebles-para-acampar\/sillas-plegables\/sisteron-silla-plegable-con-una-practica-mesa-lateral\/#primaryimage"},"thumbnailUrl":"https:\/\/eurotrail.info\/wp\/wp-content\/uploads\/2025\/01\/ETCF1621-Sisteron_24-scaled.jpg","datePublished":"2025-01-27T13:22:26+00:00","dateModified":"2026-03-09T10:34:20+00:00","description":"Pr\u00e1ctica silla plegable con una pr\u00e1ctica mesa lateral con portavasos. Esta silla se pliega f\u00e1cilmente en un paquete compacto","breadcrumb":{"@id":"https:\/\/eurotrail.info\/es\/producten\/muebles-para-acampar\/sillas-plegables\/sisteron-silla-plegable-con-una-practica-mesa-lateral\/#breadcrumb"},"inLanguage":"es-ES","potentialAction":[{"@type":"ReadAction","target":["https:\/\/eurotrail.info\/es\/producten\/muebles-para-acampar\/sillas-plegables\/sisteron-silla-plegable-con-una-practica-mesa-lateral\/"]}]},{"@type":"ImageObject","inLanguage":"es-ES","@id":"https:\/\/eurotrail.info\/es\/producten\/muebles-para-acampar\/sillas-plegables\/sisteron-silla-plegable-con-una-practica-mesa-lateral\/#primaryimage","url":"https:\/\/eurotrail.info\/wp\/wp-content\/uploads\/2025\/01\/ETCF1621-Sisteron_24-scaled.jpg","contentUrl":"https:\/\/eurotrail.info\/wp\/wp-content\/uploads\/2025\/01\/ETCF1621-Sisteron_24-scaled.jpg","width":2054,"height":2560,"caption":"Praktische klapstoel met handig zijtafeltje met bekerhouder."},{"@type":"BreadcrumbList","@id":"https:\/\/eurotrail.info\/es\/producten\/muebles-para-acampar\/sillas-plegables\/sisteron-silla-plegable-con-una-practica-mesa-lateral\/#breadcrumb","itemListElement":[{"@type":"ListItem","position":1,"name":"Home","item":"https:\/\/eurotrail.info\/es\/"},{"@type":"ListItem","position":2,"name":"Productos","item":"https:\/\/eurotrail.info\/es\/productos\/"},{"@type":"ListItem","position":3,"name":"Sisteron silla plegable con una pr\u00e1ctica mesa lateral"}]},{"@type":"WebSite","@id":"https:\/\/eurotrail.info\/#website","url":"https:\/\/eurotrail.info\/","name":"Eurotrail | The way we camp!","description":"","publisher":{"@id":"https:\/\/eurotrail.info\/#organization"},"potentialAction":[{"@type":"SearchAction","target":{"@type":"EntryPoint","urlTemplate":"https:\/\/eurotrail.info\/?s={search_term_string}"},"query-input":{"@type":"PropertyValueSpecification","valueRequired":true,"valueName":"search_term_string"}}],"inLanguage":"es-ES"},{"@type":"Organization","@id":"https:\/\/eurotrail.info\/#organization","name":"Eurotrail | The way we camp!","url":"https:\/\/eurotrail.info\/","logo":{"@type":"ImageObject","inLanguage":"es-ES","@id":"https:\/\/eurotrail.info\/#\/schema\/logo\/image\/","url":"https:\/\/eurotrail.info\/wp\/wp-content\/uploads\/2023\/07\/ET-logo-quote_NL-scaled.jpg","contentUrl":"https:\/\/eurotrail.info\/wp\/wp-content\/uploads\/2023\/07\/ET-logo-quote_NL-scaled.jpg","width":2560,"height":675,"caption":"Eurotrail | The way we camp!"},"image":{"@id":"https:\/\/eurotrail.info\/#\/schema\/logo\/image\/"}}]}},"_links":{"self":[{"href":"https:\/\/eurotrail.info\/es\/wp-json\/wp\/v2\/product\/22716","targetHints":{"allow":["GET"]}}],"collection":[{"href":"https:\/\/eurotrail.info\/es\/wp-json\/wp\/v2\/product"}],"about":[{"href":"https:\/\/eurotrail.info\/es\/wp-json\/wp\/v2\/types\/product"}],"replies":[{"embeddable":true,"href":"https:\/\/eurotrail.info\/es\/wp-json\/wp\/v2\/comments?post=22716"}],"wp:featuredmedia":[{"embeddable":true,"href":"https:\/\/eurotrail.info\/es\/wp-json\/wp\/v2\/media\/22678"}],"wp:attachment":[{"href":"https:\/\/eurotrail.info\/es\/wp-json\/wp\/v2\/media?parent=22716"}],"wp:term":[{"taxonomy":"product_brand","embeddable":true,"href":"https:\/\/eurotrail.info\/es\/wp-json\/wp\/v2\/product_brand?post=22716"},{"taxonomy":"product_cat","embeddable":true,"href":"https:\/\/eurotrail.info\/es\/wp-json\/wp\/v2\/product_cat?post=22716"},{"taxonomy":"product_tag","embeddable":true,"href":"https:\/\/eurotrail.info\/es\/wp-json\/wp\/v2\/product_tag?post=22716"}],"curies":[{"name":"wp","href":"https:\/\/api.w.org\/{rel}","templated":true}]}}