{"id":22823,"date":"2025-01-27T15:26:53","date_gmt":"2025-01-27T14:30:43","guid":{"rendered":"https:\/\/eurotrail.info\/?post_type=product&#038;p=22823"},"modified":"2025-03-21T10:01:50","modified_gmt":"2025-03-21T09:01:50","slug":"rouen-mesa-de-aluminio-plegable","status":"publish","type":"product","link":"https:\/\/eurotrail.info\/es\/producten\/muebles-para-acampar\/mesas-de-camping\/rouen-mesa-de-aluminio-plegable\/","title":{"rendered":"Rouen mesa de aluminio plegable"},"content":{"rendered":"<p>Mesa de camping plegable &#8211; \u00a1Ligera, robusta e impermeable!<\/p>\n<p>Tanto si se va de acampada, como si planea un picnic o necesita espacio adicional en el jard\u00edn, esta mesa de camping plegable es la soluci\u00f3n perfecta. Gracias a su ligero armaz\u00f3n y tablero de aluminio, la mesa es fuerte, impermeable y resistente a la intemperie.<\/p>\n<p>Las patas se ajustan f\u00e1cilmente en altura mediante los tornillos de ajuste, por lo que siempre tendr\u00e1 una posici\u00f3n estable, incluso en terrenos irregulares. Cuando haya terminado, pliegue la mesa sin esfuerzo y ll\u00e9vesela f\u00e1cilmente gracias al asa integrada. El tablero de aluminio no s\u00f3lo es ligero, sino tambi\u00e9n f\u00e1cil de cuidar y resistente a la humedad y la suciedad.<\/p>\n<p>Tanto si va de acampada como si organiza una fiesta en el jard\u00edn, esta pr\u00e1ctica y resistente mesa siempre le proporcionar\u00e1 una base fiable. Ligera, compacta y f\u00e1cil de transportar, \u00a1es imprescindible para cualquier amante de las actividades al aire libre!<\/p>\n<p>Dimensiones: 90x60x70cm<br \/>\nPlegada: 90x60x7cm<br \/>\nMaterial: Placa superior de aluminio<br \/>\nEstructura: Aluminio<br \/>\nPeso: 4,6kg<\/p>\n","protected":false},"excerpt":{"rendered":"<p>Mesa de camping plegable &#8211; \u00a1Ligera, robusta e impermeable! Tanto si se va de acampada, como si planea un picnic o necesita espacio adicional en&hellip;<\/p>\n","protected":false},"featured_media":22804,"comment_status":"open","ping_status":"closed","template":"","meta":{"_acf_changed":false},"product_brand":[],"product_cat":[352,348],"product_tag":[],"class_list":{"0":"post-22823","1":"product","2":"type-product","3":"status-publish","4":"has-post-thumbnail","6":"product_cat-mesas-de-camping","7":"product_cat-muebles-para-acampar","9":"first","10":"instock","11":"shipping-taxable","12":"product-type-simple"},"acf":[],"yoast_head":"<!-- This site is optimized with the Yoast SEO plugin v27.3 - https:\/\/yoast.com\/product\/yoast-seo-wordpress\/ -->\n<title>Rouen mesa de aluminio plegable - Eurotrail | The way we camp!<\/title>\n<meta name=\"description\" content=\"Mesa ligera de aluminio con patas plegables, pies regulables (tornillo de ajuste). F\u00e1cil de usar y r\u00e1pida de montar.\" \/>\n<meta name=\"robots\" content=\"index, follow, max-snippet:-1, max-image-preview:large, max-video-preview:-1\" \/>\n<link rel=\"canonical\" href=\"https:\/\/eurotrail.info\/es\/producten\/muebles-para-acampar\/mesas-de-camping\/rouen-mesa-de-aluminio-plegable\/\" \/>\n<meta property=\"og:locale\" content=\"es_ES\" \/>\n<meta property=\"og:type\" content=\"article\" \/>\n<meta property=\"og:title\" content=\"Rouen mesa de aluminio plegable - Eurotrail | The way we camp!\" \/>\n<meta property=\"og:description\" content=\"Mesa ligera de aluminio con patas plegables, pies regulables (tornillo de ajuste). F\u00e1cil de usar y r\u00e1pida de montar.\" \/>\n<meta property=\"og:url\" content=\"https:\/\/eurotrail.info\/es\/producten\/muebles-para-acampar\/mesas-de-camping\/rouen-mesa-de-aluminio-plegable\/\" \/>\n<meta property=\"og:site_name\" content=\"Eurotrail | The way we camp!\" \/>\n<meta property=\"article:modified_time\" content=\"2025-03-21T09:01:50+00:00\" \/>\n<meta property=\"og:image\" content=\"https:\/\/eurotrail.info\/wp\/wp-content\/uploads\/2025\/01\/ETCF1641-Rouen-Tisch-1.jpg\" \/>\n\t<meta property=\"og:image:width\" content=\"2308\" \/>\n\t<meta property=\"og:image:height\" content=\"2084\" \/>\n\t<meta property=\"og:image:type\" content=\"image\/jpeg\" \/>\n<meta name=\"twitter:card\" content=\"summary_large_image\" \/>\n<meta name=\"twitter:label1\" content=\"Tiempo de lectura\" \/>\n\t<meta name=\"twitter:data1\" content=\"2 minutes\" \/>\n<script type=\"application\/ld+json\" class=\"yoast-schema-graph\">{\"@context\":\"https:\\\/\\\/schema.org\",\"@graph\":[{\"@type\":\"WebPage\",\"@id\":\"https:\\\/\\\/eurotrail.info\\\/es\\\/producten\\\/muebles-para-acampar\\\/mesas-de-camping\\\/rouen-mesa-de-aluminio-plegable\\\/\",\"url\":\"https:\\\/\\\/eurotrail.info\\\/es\\\/producten\\\/muebles-para-acampar\\\/mesas-de-camping\\\/rouen-mesa-de-aluminio-plegable\\\/\",\"name\":\"Rouen mesa de aluminio plegable - Eurotrail | The way we camp!\",\"isPartOf\":{\"@id\":\"https:\\\/\\\/eurotrail.info\\\/#website\"},\"primaryImageOfPage\":{\"@id\":\"https:\\\/\\\/eurotrail.info\\\/es\\\/producten\\\/muebles-para-acampar\\\/mesas-de-camping\\\/rouen-mesa-de-aluminio-plegable\\\/#primaryimage\"},\"image\":{\"@id\":\"https:\\\/\\\/eurotrail.info\\\/es\\\/producten\\\/muebles-para-acampar\\\/mesas-de-camping\\\/rouen-mesa-de-aluminio-plegable\\\/#primaryimage\"},\"thumbnailUrl\":\"https:\\\/\\\/eurotrail.info\\\/wp\\\/wp-content\\\/uploads\\\/2025\\\/01\\\/ETCF1641-Rouen-Tisch-1.jpg\",\"datePublished\":\"2025-01-27T14:30:43+00:00\",\"dateModified\":\"2025-03-21T09:01:50+00:00\",\"description\":\"Mesa ligera de aluminio con patas plegables, pies regulables (tornillo de ajuste). F\u00e1cil de usar y r\u00e1pida de montar.\",\"breadcrumb\":{\"@id\":\"https:\\\/\\\/eurotrail.info\\\/es\\\/producten\\\/muebles-para-acampar\\\/mesas-de-camping\\\/rouen-mesa-de-aluminio-plegable\\\/#breadcrumb\"},\"inLanguage\":\"es-ES\",\"potentialAction\":[{\"@type\":\"ReadAction\",\"target\":[\"https:\\\/\\\/eurotrail.info\\\/es\\\/producten\\\/muebles-para-acampar\\\/mesas-de-camping\\\/rouen-mesa-de-aluminio-plegable\\\/\"]}]},{\"@type\":\"ImageObject\",\"inLanguage\":\"es-ES\",\"@id\":\"https:\\\/\\\/eurotrail.info\\\/es\\\/producten\\\/muebles-para-acampar\\\/mesas-de-camping\\\/rouen-mesa-de-aluminio-plegable\\\/#primaryimage\",\"url\":\"https:\\\/\\\/eurotrail.info\\\/wp\\\/wp-content\\\/uploads\\\/2025\\\/01\\\/ETCF1641-Rouen-Tisch-1.jpg\",\"contentUrl\":\"https:\\\/\\\/eurotrail.info\\\/wp\\\/wp-content\\\/uploads\\\/2025\\\/01\\\/ETCF1641-Rouen-Tisch-1.jpg\",\"width\":2308,\"height\":2084,\"caption\":\"Rouen opvouwbare aluminium tafel\"},{\"@type\":\"BreadcrumbList\",\"@id\":\"https:\\\/\\\/eurotrail.info\\\/es\\\/producten\\\/muebles-para-acampar\\\/mesas-de-camping\\\/rouen-mesa-de-aluminio-plegable\\\/#breadcrumb\",\"itemListElement\":[{\"@type\":\"ListItem\",\"position\":1,\"name\":\"Home\",\"item\":\"https:\\\/\\\/eurotrail.info\\\/es\\\/\"},{\"@type\":\"ListItem\",\"position\":2,\"name\":\"Productos\",\"item\":\"https:\\\/\\\/eurotrail.info\\\/es\\\/productos\\\/\"},{\"@type\":\"ListItem\",\"position\":3,\"name\":\"Rouen mesa de aluminio plegable\"}]},{\"@type\":\"WebSite\",\"@id\":\"https:\\\/\\\/eurotrail.info\\\/#website\",\"url\":\"https:\\\/\\\/eurotrail.info\\\/\",\"name\":\"Eurotrail | The way we camp!\",\"description\":\"\",\"publisher\":{\"@id\":\"https:\\\/\\\/eurotrail.info\\\/#organization\"},\"potentialAction\":[{\"@type\":\"SearchAction\",\"target\":{\"@type\":\"EntryPoint\",\"urlTemplate\":\"https:\\\/\\\/eurotrail.info\\\/?s={search_term_string}\"},\"query-input\":{\"@type\":\"PropertyValueSpecification\",\"valueRequired\":true,\"valueName\":\"search_term_string\"}}],\"inLanguage\":\"es-ES\"},{\"@type\":\"Organization\",\"@id\":\"https:\\\/\\\/eurotrail.info\\\/#organization\",\"name\":\"Eurotrail | The way we camp!\",\"url\":\"https:\\\/\\\/eurotrail.info\\\/\",\"logo\":{\"@type\":\"ImageObject\",\"inLanguage\":\"es-ES\",\"@id\":\"https:\\\/\\\/eurotrail.info\\\/#\\\/schema\\\/logo\\\/image\\\/\",\"url\":\"https:\\\/\\\/eurotrail.info\\\/wp\\\/wp-content\\\/uploads\\\/2023\\\/07\\\/ET-logo-quote_NL-scaled.jpg\",\"contentUrl\":\"https:\\\/\\\/eurotrail.info\\\/wp\\\/wp-content\\\/uploads\\\/2023\\\/07\\\/ET-logo-quote_NL-scaled.jpg\",\"width\":2560,\"height\":675,\"caption\":\"Eurotrail | The way we camp!\"},\"image\":{\"@id\":\"https:\\\/\\\/eurotrail.info\\\/#\\\/schema\\\/logo\\\/image\\\/\"}}]}<\/script>\n<!-- \/ Yoast SEO plugin. -->","yoast_head_json":{"title":"Rouen mesa de aluminio plegable - Eurotrail | The way we camp!","description":"Mesa ligera de aluminio con patas plegables, pies regulables (tornillo de ajuste). F\u00e1cil de usar y r\u00e1pida de montar.","robots":{"index":"index","follow":"follow","max-snippet":"max-snippet:-1","max-image-preview":"max-image-preview:large","max-video-preview":"max-video-preview:-1"},"canonical":"https:\/\/eurotrail.info\/es\/producten\/muebles-para-acampar\/mesas-de-camping\/rouen-mesa-de-aluminio-plegable\/","og_locale":"es_ES","og_type":"article","og_title":"Rouen mesa de aluminio plegable - Eurotrail | The way we camp!","og_description":"Mesa ligera de aluminio con patas plegables, pies regulables (tornillo de ajuste). F\u00e1cil de usar y r\u00e1pida de montar.","og_url":"https:\/\/eurotrail.info\/es\/producten\/muebles-para-acampar\/mesas-de-camping\/rouen-mesa-de-aluminio-plegable\/","og_site_name":"Eurotrail | The way we camp!","article_modified_time":"2025-03-21T09:01:50+00:00","og_image":[{"width":2308,"height":2084,"url":"https:\/\/eurotrail.info\/wp\/wp-content\/uploads\/2025\/01\/ETCF1641-Rouen-Tisch-1.jpg","type":"image\/jpeg"}],"twitter_card":"summary_large_image","twitter_misc":{"Tiempo de lectura":"2 minutes"},"schema":{"@context":"https:\/\/schema.org","@graph":[{"@type":"WebPage","@id":"https:\/\/eurotrail.info\/es\/producten\/muebles-para-acampar\/mesas-de-camping\/rouen-mesa-de-aluminio-plegable\/","url":"https:\/\/eurotrail.info\/es\/producten\/muebles-para-acampar\/mesas-de-camping\/rouen-mesa-de-aluminio-plegable\/","name":"Rouen mesa de aluminio plegable - Eurotrail | The way we camp!","isPartOf":{"@id":"https:\/\/eurotrail.info\/#website"},"primaryImageOfPage":{"@id":"https:\/\/eurotrail.info\/es\/producten\/muebles-para-acampar\/mesas-de-camping\/rouen-mesa-de-aluminio-plegable\/#primaryimage"},"image":{"@id":"https:\/\/eurotrail.info\/es\/producten\/muebles-para-acampar\/mesas-de-camping\/rouen-mesa-de-aluminio-plegable\/#primaryimage"},"thumbnailUrl":"https:\/\/eurotrail.info\/wp\/wp-content\/uploads\/2025\/01\/ETCF1641-Rouen-Tisch-1.jpg","datePublished":"2025-01-27T14:30:43+00:00","dateModified":"2025-03-21T09:01:50+00:00","description":"Mesa ligera de aluminio con patas plegables, pies regulables (tornillo de ajuste). F\u00e1cil de usar y r\u00e1pida de montar.","breadcrumb":{"@id":"https:\/\/eurotrail.info\/es\/producten\/muebles-para-acampar\/mesas-de-camping\/rouen-mesa-de-aluminio-plegable\/#breadcrumb"},"inLanguage":"es-ES","potentialAction":[{"@type":"ReadAction","target":["https:\/\/eurotrail.info\/es\/producten\/muebles-para-acampar\/mesas-de-camping\/rouen-mesa-de-aluminio-plegable\/"]}]},{"@type":"ImageObject","inLanguage":"es-ES","@id":"https:\/\/eurotrail.info\/es\/producten\/muebles-para-acampar\/mesas-de-camping\/rouen-mesa-de-aluminio-plegable\/#primaryimage","url":"https:\/\/eurotrail.info\/wp\/wp-content\/uploads\/2025\/01\/ETCF1641-Rouen-Tisch-1.jpg","contentUrl":"https:\/\/eurotrail.info\/wp\/wp-content\/uploads\/2025\/01\/ETCF1641-Rouen-Tisch-1.jpg","width":2308,"height":2084,"caption":"Rouen opvouwbare aluminium tafel"},{"@type":"BreadcrumbList","@id":"https:\/\/eurotrail.info\/es\/producten\/muebles-para-acampar\/mesas-de-camping\/rouen-mesa-de-aluminio-plegable\/#breadcrumb","itemListElement":[{"@type":"ListItem","position":1,"name":"Home","item":"https:\/\/eurotrail.info\/es\/"},{"@type":"ListItem","position":2,"name":"Productos","item":"https:\/\/eurotrail.info\/es\/productos\/"},{"@type":"ListItem","position":3,"name":"Rouen mesa de aluminio plegable"}]},{"@type":"WebSite","@id":"https:\/\/eurotrail.info\/#website","url":"https:\/\/eurotrail.info\/","name":"Eurotrail | The way we camp!","description":"","publisher":{"@id":"https:\/\/eurotrail.info\/#organization"},"potentialAction":[{"@type":"SearchAction","target":{"@type":"EntryPoint","urlTemplate":"https:\/\/eurotrail.info\/?s={search_term_string}"},"query-input":{"@type":"PropertyValueSpecification","valueRequired":true,"valueName":"search_term_string"}}],"inLanguage":"es-ES"},{"@type":"Organization","@id":"https:\/\/eurotrail.info\/#organization","name":"Eurotrail | The way we camp!","url":"https:\/\/eurotrail.info\/","logo":{"@type":"ImageObject","inLanguage":"es-ES","@id":"https:\/\/eurotrail.info\/#\/schema\/logo\/image\/","url":"https:\/\/eurotrail.info\/wp\/wp-content\/uploads\/2023\/07\/ET-logo-quote_NL-scaled.jpg","contentUrl":"https:\/\/eurotrail.info\/wp\/wp-content\/uploads\/2023\/07\/ET-logo-quote_NL-scaled.jpg","width":2560,"height":675,"caption":"Eurotrail | The way we camp!"},"image":{"@id":"https:\/\/eurotrail.info\/#\/schema\/logo\/image\/"}}]}},"_links":{"self":[{"href":"https:\/\/eurotrail.info\/es\/wp-json\/wp\/v2\/product\/22823","targetHints":{"allow":["GET"]}}],"collection":[{"href":"https:\/\/eurotrail.info\/es\/wp-json\/wp\/v2\/product"}],"about":[{"href":"https:\/\/eurotrail.info\/es\/wp-json\/wp\/v2\/types\/product"}],"replies":[{"embeddable":true,"href":"https:\/\/eurotrail.info\/es\/wp-json\/wp\/v2\/comments?post=22823"}],"wp:featuredmedia":[{"embeddable":true,"href":"https:\/\/eurotrail.info\/es\/wp-json\/wp\/v2\/media\/22804"}],"wp:attachment":[{"href":"https:\/\/eurotrail.info\/es\/wp-json\/wp\/v2\/media?parent=22823"}],"wp:term":[{"taxonomy":"product_brand","embeddable":true,"href":"https:\/\/eurotrail.info\/es\/wp-json\/wp\/v2\/product_brand?post=22823"},{"taxonomy":"product_cat","embeddable":true,"href":"https:\/\/eurotrail.info\/es\/wp-json\/wp\/v2\/product_cat?post=22823"},{"taxonomy":"product_tag","embeddable":true,"href":"https:\/\/eurotrail.info\/es\/wp-json\/wp\/v2\/product_tag?post=22823"}],"curies":[{"name":"wp","href":"https:\/\/api.w.org\/{rel}","templated":true}]}}