{"id":22965,"date":"2025-01-29T13:54:55","date_gmt":"2025-01-29T13:02:42","guid":{"rendered":"https:\/\/eurotrail.info\/?post_type=product&#038;p=22965"},"modified":"2025-01-29T14:02:43","modified_gmt":"2025-01-29T13:02:43","slug":"hervidor-de-viaje-plegable","status":"publish","type":"product","link":"https:\/\/eurotrail.info\/es\/producten\/domestico\/aparatos-electricos\/hervidor-de-viaje-plegable\/","title":{"rendered":"Hervidor de viaje plegable"},"content":{"rendered":"<p>Este nuevo hervidor plegable es una soluci\u00f3n innovadora para quienes buscan comodidad y ahorro de espacio. Este modelo es f\u00e1cil de usar y se pliega de forma compacta, lo que lo hace ideal para cocinas peque\u00f1as, de viaje o en la oficina. Con protecci\u00f3n contra ebullici\u00f3n en seco y protecci\u00f3n contra sobrecalentamiento, este hervidor ofrece una forma segura y confiable de hervir agua r\u00e1pidamente. Ya sea que desee preparar t\u00e9, caf\u00e9 o comidas instant\u00e1neas, este hervidor est\u00e1 dise\u00f1ado para satisfacer sus necesidades, prestando especial atenci\u00f3n a la seguridad y la facilidad de uso.<\/p>\n<p>Material: Silicona (apto para alimentos, resistente a altas temperaturas) y PP, SUS304<br \/>\nCalefacci\u00f3n: elemento calefactor plano de acero inoxidable<br \/>\nVoltaje de entrada: 220-240V~ 50\/60Hz, 600W<br \/>\nContenido: 0,6L<br \/>\nDimensiones: \u00d8 14,5 x 8,5 cm<br \/>\nPeso: 616g<\/p>\n","protected":false},"excerpt":{"rendered":"<p>Este nuevo hervidor plegable es una soluci\u00f3n innovadora para quienes buscan comodidad y ahorro de espacio. Este modelo es f\u00e1cil de usar y se pliega&hellip;<\/p>\n","protected":false},"featured_media":22961,"comment_status":"open","ping_status":"closed","template":"","meta":{"_acf_changed":false},"product_brand":[],"product_cat":[339,337],"product_tag":[],"class_list":{"0":"post-22965","1":"product","2":"type-product","3":"status-publish","4":"has-post-thumbnail","6":"product_cat-aparatos-electricos","7":"product_cat-domestico","9":"first","10":"instock","11":"shipping-taxable","12":"product-type-simple"},"acf":[],"yoast_head":"<!-- This site is optimized with the Yoast SEO plugin v27.3 - https:\/\/yoast.com\/product\/yoast-seo-wordpress\/ -->\n<title>Hervidor de viaje plegable - Eurotrail | The way we camp!<\/title>\n<meta name=\"description\" content=\"Este nuevo hervidor plegable es una soluci\u00f3n innovadora para quienes buscan comodidad y ahorro de espacio. F\u00e1cil de usar y se pliega de forma compacta,\" \/>\n<meta name=\"robots\" content=\"index, follow, max-snippet:-1, max-image-preview:large, max-video-preview:-1\" \/>\n<link rel=\"canonical\" href=\"https:\/\/eurotrail.info\/es\/producten\/domestico\/aparatos-electricos\/hervidor-de-viaje-plegable\/\" \/>\n<meta property=\"og:locale\" content=\"es_ES\" \/>\n<meta property=\"og:type\" content=\"article\" \/>\n<meta property=\"og:title\" content=\"Hervidor de viaje plegable - Eurotrail | The way we camp!\" \/>\n<meta property=\"og:description\" content=\"Este nuevo hervidor plegable es una soluci\u00f3n innovadora para quienes buscan comodidad y ahorro de espacio. F\u00e1cil de usar y se pliega de forma compacta,\" \/>\n<meta property=\"og:url\" content=\"https:\/\/eurotrail.info\/es\/producten\/domestico\/aparatos-electricos\/hervidor-de-viaje-plegable\/\" \/>\n<meta property=\"og:site_name\" content=\"Eurotrail | The way we camp!\" \/>\n<meta property=\"article:modified_time\" content=\"2025-01-29T13:02:43+00:00\" \/>\n<meta property=\"og:image\" content=\"https:\/\/eurotrail.info\/wp\/wp-content\/uploads\/2025\/01\/ETKW6012-Reisewasserkocher-6-scaled.jpg\" \/>\n\t<meta property=\"og:image:width\" content=\"2560\" \/>\n\t<meta property=\"og:image:height\" content=\"2013\" \/>\n\t<meta property=\"og:image:type\" content=\"image\/jpeg\" \/>\n<meta name=\"twitter:card\" content=\"summary_large_image\" \/>\n<meta name=\"twitter:label1\" content=\"Tiempo de lectura\" \/>\n\t<meta name=\"twitter:data1\" content=\"1 minute\" \/>\n<script type=\"application\/ld+json\" class=\"yoast-schema-graph\">{\"@context\":\"https:\\\/\\\/schema.org\",\"@graph\":[{\"@type\":\"WebPage\",\"@id\":\"https:\\\/\\\/eurotrail.info\\\/es\\\/producten\\\/domestico\\\/aparatos-electricos\\\/hervidor-de-viaje-plegable\\\/\",\"url\":\"https:\\\/\\\/eurotrail.info\\\/es\\\/producten\\\/domestico\\\/aparatos-electricos\\\/hervidor-de-viaje-plegable\\\/\",\"name\":\"Hervidor de viaje plegable - Eurotrail | The way we camp!\",\"isPartOf\":{\"@id\":\"https:\\\/\\\/eurotrail.info\\\/#website\"},\"primaryImageOfPage\":{\"@id\":\"https:\\\/\\\/eurotrail.info\\\/es\\\/producten\\\/domestico\\\/aparatos-electricos\\\/hervidor-de-viaje-plegable\\\/#primaryimage\"},\"image\":{\"@id\":\"https:\\\/\\\/eurotrail.info\\\/es\\\/producten\\\/domestico\\\/aparatos-electricos\\\/hervidor-de-viaje-plegable\\\/#primaryimage\"},\"thumbnailUrl\":\"https:\\\/\\\/eurotrail.info\\\/wp\\\/wp-content\\\/uploads\\\/2025\\\/01\\\/ETKW6012-Reisewasserkocher-6-scaled.jpg\",\"datePublished\":\"2025-01-29T13:02:42+00:00\",\"dateModified\":\"2025-01-29T13:02:43+00:00\",\"description\":\"Este nuevo hervidor plegable es una soluci\u00f3n innovadora para quienes buscan comodidad y ahorro de espacio. F\u00e1cil de usar y se pliega de forma compacta,\",\"breadcrumb\":{\"@id\":\"https:\\\/\\\/eurotrail.info\\\/es\\\/producten\\\/domestico\\\/aparatos-electricos\\\/hervidor-de-viaje-plegable\\\/#breadcrumb\"},\"inLanguage\":\"es-ES\",\"potentialAction\":[{\"@type\":\"ReadAction\",\"target\":[\"https:\\\/\\\/eurotrail.info\\\/es\\\/producten\\\/domestico\\\/aparatos-electricos\\\/hervidor-de-viaje-plegable\\\/\"]}]},{\"@type\":\"ImageObject\",\"inLanguage\":\"es-ES\",\"@id\":\"https:\\\/\\\/eurotrail.info\\\/es\\\/producten\\\/domestico\\\/aparatos-electricos\\\/hervidor-de-viaje-plegable\\\/#primaryimage\",\"url\":\"https:\\\/\\\/eurotrail.info\\\/wp\\\/wp-content\\\/uploads\\\/2025\\\/01\\\/ETKW6012-Reisewasserkocher-6-scaled.jpg\",\"contentUrl\":\"https:\\\/\\\/eurotrail.info\\\/wp\\\/wp-content\\\/uploads\\\/2025\\\/01\\\/ETKW6012-Reisewasserkocher-6-scaled.jpg\",\"width\":2560,\"height\":2013,\"caption\":\"eenvoudig in gebruik en kan compact worden opgevouwen\"},{\"@type\":\"BreadcrumbList\",\"@id\":\"https:\\\/\\\/eurotrail.info\\\/es\\\/producten\\\/domestico\\\/aparatos-electricos\\\/hervidor-de-viaje-plegable\\\/#breadcrumb\",\"itemListElement\":[{\"@type\":\"ListItem\",\"position\":1,\"name\":\"Home\",\"item\":\"https:\\\/\\\/eurotrail.info\\\/es\\\/\"},{\"@type\":\"ListItem\",\"position\":2,\"name\":\"Productos\",\"item\":\"https:\\\/\\\/eurotrail.info\\\/es\\\/productos\\\/\"},{\"@type\":\"ListItem\",\"position\":3,\"name\":\"Hervidor de viaje plegable\"}]},{\"@type\":\"WebSite\",\"@id\":\"https:\\\/\\\/eurotrail.info\\\/#website\",\"url\":\"https:\\\/\\\/eurotrail.info\\\/\",\"name\":\"Eurotrail | The way we camp!\",\"description\":\"\",\"publisher\":{\"@id\":\"https:\\\/\\\/eurotrail.info\\\/#organization\"},\"potentialAction\":[{\"@type\":\"SearchAction\",\"target\":{\"@type\":\"EntryPoint\",\"urlTemplate\":\"https:\\\/\\\/eurotrail.info\\\/?s={search_term_string}\"},\"query-input\":{\"@type\":\"PropertyValueSpecification\",\"valueRequired\":true,\"valueName\":\"search_term_string\"}}],\"inLanguage\":\"es-ES\"},{\"@type\":\"Organization\",\"@id\":\"https:\\\/\\\/eurotrail.info\\\/#organization\",\"name\":\"Eurotrail | The way we camp!\",\"url\":\"https:\\\/\\\/eurotrail.info\\\/\",\"logo\":{\"@type\":\"ImageObject\",\"inLanguage\":\"es-ES\",\"@id\":\"https:\\\/\\\/eurotrail.info\\\/#\\\/schema\\\/logo\\\/image\\\/\",\"url\":\"https:\\\/\\\/eurotrail.info\\\/wp\\\/wp-content\\\/uploads\\\/2023\\\/07\\\/ET-logo-quote_NL-scaled.jpg\",\"contentUrl\":\"https:\\\/\\\/eurotrail.info\\\/wp\\\/wp-content\\\/uploads\\\/2023\\\/07\\\/ET-logo-quote_NL-scaled.jpg\",\"width\":2560,\"height\":675,\"caption\":\"Eurotrail | The way we camp!\"},\"image\":{\"@id\":\"https:\\\/\\\/eurotrail.info\\\/#\\\/schema\\\/logo\\\/image\\\/\"}}]}<\/script>\n<!-- \/ Yoast SEO plugin. -->","yoast_head_json":{"title":"Hervidor de viaje plegable - Eurotrail | The way we camp!","description":"Este nuevo hervidor plegable es una soluci\u00f3n innovadora para quienes buscan comodidad y ahorro de espacio. F\u00e1cil de usar y se pliega de forma compacta,","robots":{"index":"index","follow":"follow","max-snippet":"max-snippet:-1","max-image-preview":"max-image-preview:large","max-video-preview":"max-video-preview:-1"},"canonical":"https:\/\/eurotrail.info\/es\/producten\/domestico\/aparatos-electricos\/hervidor-de-viaje-plegable\/","og_locale":"es_ES","og_type":"article","og_title":"Hervidor de viaje plegable - Eurotrail | The way we camp!","og_description":"Este nuevo hervidor plegable es una soluci\u00f3n innovadora para quienes buscan comodidad y ahorro de espacio. F\u00e1cil de usar y se pliega de forma compacta,","og_url":"https:\/\/eurotrail.info\/es\/producten\/domestico\/aparatos-electricos\/hervidor-de-viaje-plegable\/","og_site_name":"Eurotrail | The way we camp!","article_modified_time":"2025-01-29T13:02:43+00:00","og_image":[{"width":2560,"height":2013,"url":"https:\/\/eurotrail.info\/wp\/wp-content\/uploads\/2025\/01\/ETKW6012-Reisewasserkocher-6-scaled.jpg","type":"image\/jpeg"}],"twitter_card":"summary_large_image","twitter_misc":{"Tiempo de lectura":"1 minute"},"schema":{"@context":"https:\/\/schema.org","@graph":[{"@type":"WebPage","@id":"https:\/\/eurotrail.info\/es\/producten\/domestico\/aparatos-electricos\/hervidor-de-viaje-plegable\/","url":"https:\/\/eurotrail.info\/es\/producten\/domestico\/aparatos-electricos\/hervidor-de-viaje-plegable\/","name":"Hervidor de viaje plegable - Eurotrail | The way we camp!","isPartOf":{"@id":"https:\/\/eurotrail.info\/#website"},"primaryImageOfPage":{"@id":"https:\/\/eurotrail.info\/es\/producten\/domestico\/aparatos-electricos\/hervidor-de-viaje-plegable\/#primaryimage"},"image":{"@id":"https:\/\/eurotrail.info\/es\/producten\/domestico\/aparatos-electricos\/hervidor-de-viaje-plegable\/#primaryimage"},"thumbnailUrl":"https:\/\/eurotrail.info\/wp\/wp-content\/uploads\/2025\/01\/ETKW6012-Reisewasserkocher-6-scaled.jpg","datePublished":"2025-01-29T13:02:42+00:00","dateModified":"2025-01-29T13:02:43+00:00","description":"Este nuevo hervidor plegable es una soluci\u00f3n innovadora para quienes buscan comodidad y ahorro de espacio. F\u00e1cil de usar y se pliega de forma compacta,","breadcrumb":{"@id":"https:\/\/eurotrail.info\/es\/producten\/domestico\/aparatos-electricos\/hervidor-de-viaje-plegable\/#breadcrumb"},"inLanguage":"es-ES","potentialAction":[{"@type":"ReadAction","target":["https:\/\/eurotrail.info\/es\/producten\/domestico\/aparatos-electricos\/hervidor-de-viaje-plegable\/"]}]},{"@type":"ImageObject","inLanguage":"es-ES","@id":"https:\/\/eurotrail.info\/es\/producten\/domestico\/aparatos-electricos\/hervidor-de-viaje-plegable\/#primaryimage","url":"https:\/\/eurotrail.info\/wp\/wp-content\/uploads\/2025\/01\/ETKW6012-Reisewasserkocher-6-scaled.jpg","contentUrl":"https:\/\/eurotrail.info\/wp\/wp-content\/uploads\/2025\/01\/ETKW6012-Reisewasserkocher-6-scaled.jpg","width":2560,"height":2013,"caption":"eenvoudig in gebruik en kan compact worden opgevouwen"},{"@type":"BreadcrumbList","@id":"https:\/\/eurotrail.info\/es\/producten\/domestico\/aparatos-electricos\/hervidor-de-viaje-plegable\/#breadcrumb","itemListElement":[{"@type":"ListItem","position":1,"name":"Home","item":"https:\/\/eurotrail.info\/es\/"},{"@type":"ListItem","position":2,"name":"Productos","item":"https:\/\/eurotrail.info\/es\/productos\/"},{"@type":"ListItem","position":3,"name":"Hervidor de viaje plegable"}]},{"@type":"WebSite","@id":"https:\/\/eurotrail.info\/#website","url":"https:\/\/eurotrail.info\/","name":"Eurotrail | The way we camp!","description":"","publisher":{"@id":"https:\/\/eurotrail.info\/#organization"},"potentialAction":[{"@type":"SearchAction","target":{"@type":"EntryPoint","urlTemplate":"https:\/\/eurotrail.info\/?s={search_term_string}"},"query-input":{"@type":"PropertyValueSpecification","valueRequired":true,"valueName":"search_term_string"}}],"inLanguage":"es-ES"},{"@type":"Organization","@id":"https:\/\/eurotrail.info\/#organization","name":"Eurotrail | The way we camp!","url":"https:\/\/eurotrail.info\/","logo":{"@type":"ImageObject","inLanguage":"es-ES","@id":"https:\/\/eurotrail.info\/#\/schema\/logo\/image\/","url":"https:\/\/eurotrail.info\/wp\/wp-content\/uploads\/2023\/07\/ET-logo-quote_NL-scaled.jpg","contentUrl":"https:\/\/eurotrail.info\/wp\/wp-content\/uploads\/2023\/07\/ET-logo-quote_NL-scaled.jpg","width":2560,"height":675,"caption":"Eurotrail | The way we camp!"},"image":{"@id":"https:\/\/eurotrail.info\/#\/schema\/logo\/image\/"}}]}},"_links":{"self":[{"href":"https:\/\/eurotrail.info\/es\/wp-json\/wp\/v2\/product\/22965","targetHints":{"allow":["GET"]}}],"collection":[{"href":"https:\/\/eurotrail.info\/es\/wp-json\/wp\/v2\/product"}],"about":[{"href":"https:\/\/eurotrail.info\/es\/wp-json\/wp\/v2\/types\/product"}],"replies":[{"embeddable":true,"href":"https:\/\/eurotrail.info\/es\/wp-json\/wp\/v2\/comments?post=22965"}],"wp:featuredmedia":[{"embeddable":true,"href":"https:\/\/eurotrail.info\/es\/wp-json\/wp\/v2\/media\/22961"}],"wp:attachment":[{"href":"https:\/\/eurotrail.info\/es\/wp-json\/wp\/v2\/media?parent=22965"}],"wp:term":[{"taxonomy":"product_brand","embeddable":true,"href":"https:\/\/eurotrail.info\/es\/wp-json\/wp\/v2\/product_brand?post=22965"},{"taxonomy":"product_cat","embeddable":true,"href":"https:\/\/eurotrail.info\/es\/wp-json\/wp\/v2\/product_cat?post=22965"},{"taxonomy":"product_tag","embeddable":true,"href":"https:\/\/eurotrail.info\/es\/wp-json\/wp\/v2\/product_tag?post=22965"}],"curies":[{"name":"wp","href":"https:\/\/api.w.org\/{rel}","templated":true}]}}