{"id":22996,"date":"2025-01-29T14:16:43","date_gmt":"2025-01-29T13:16:43","guid":{"rendered":"https:\/\/eurotrail.info\/?post_type=product&#038;p=22996"},"modified":"2026-01-09T14:26:15","modified_gmt":"2026-01-09T13:26:15","slug":"relax-esterilla-de-domir-bomba-incorporade","status":"publish","type":"product","link":"https:\/\/eurotrail.info\/es\/producten\/colchonetas-para-dormir\/iso-camp-colchonetas-termicas\/relax-esterilla-de-domir-bomba-incorporade\/","title":{"rendered":"Relax esterilla de domir bomba incorporade"},"content":{"rendered":"<p><strong>Eurotrail Relax Sleeping Mat &#8211; M\u00e1xima comodidad y confort<\/strong><\/p>\n<p>Disfrute de una maravillosa noche de sue\u00f1o con la esterilla de dormir Eurotrail Relax, disponible en 10 cm o 15 cm de grosor. Gracias a la bomba incorporada, la esterilla se infla y desinfla autom\u00e1ticamente. Todo lo que tiene que hacer es enrollarla.<\/p>\n<p>Con un c\u00f3modo tama\u00f1o de 198 x 65 cm, esta esterilla es ideal tanto para casa como para acampar. La funda de transporte incluida facilita el transporte. Adem\u00e1s, la bomba es multifuncional y tambi\u00e9n se puede utilizar para otros equipos hinchables de camping. S\u00faper f\u00e1cil de usar y \u00a1siempre lista para relajarse!<\/p>\n<p>\u00bfQuieres ver c\u00f3mo funciona? Escanea el c\u00f3digo QR o haz clic aqu\u00ed.<\/p>\n<p>Material: tejido de punto 30D + TPU de 0,08 mm \/ pongee de poli\u00e9ster 190T + TPU de 0,08 mm<br \/>\nBomba: bomba recargable de 0,73 PSI<br \/>\nEspuma: Densidad 19 kg, valor R 5,9.<br \/>\nDimensiones:<br \/>\nRelax Powerflow 10: 198 x 65 x 10 cm, peso: 2,75 kg.<br \/>\nRelax Powerflow 15: 198 x 65 x 15 cm, peso: 3,25 kg.<\/p>\n","protected":false},"excerpt":{"rendered":"<p>Eurotrail Relax Sleeping Mat &#8211; M\u00e1xima comodidad y confort Disfrute de una maravillosa noche de sue\u00f1o con la esterilla de dormir Eurotrail Relax, disponible en&hellip;<\/p>\n","protected":false},"featured_media":22977,"comment_status":"open","ping_status":"closed","template":"","meta":{"_acf_changed":false},"product_brand":[],"product_cat":[361,362],"product_tag":[],"class_list":{"0":"post-22996","1":"product","2":"type-product","3":"status-publish","4":"has-post-thumbnail","6":"product_cat-colchonetas-para-dormir","7":"product_cat-iso-camp-colchonetas-termicas","9":"first","10":"instock","11":"shipping-taxable","12":"product-type-simple"},"acf":[],"yoast_head":"<!-- This site is optimized with the Yoast SEO plugin v27.3 - https:\/\/yoast.com\/product\/yoast-seo-wordpress\/ -->\n<title>Relax esterilla de domir bomba incorporade - Eurotrail | The way we camp!<\/title>\n<meta name=\"description\" content=\"Esterilla de dormir Eurotrail Relax, disponible en 10 cm o 15 cm de grosor. Gracias a la bomba incorporada, la esterilla se infla y desinfla autom\u00e1ticamente\" \/>\n<meta name=\"robots\" content=\"index, follow, max-snippet:-1, max-image-preview:large, max-video-preview:-1\" \/>\n<link rel=\"canonical\" href=\"https:\/\/eurotrail.info\/es\/producten\/colchonetas-para-dormir\/iso-camp-colchonetas-termicas\/relax-esterilla-de-domir-bomba-incorporade\/\" \/>\n<meta property=\"og:locale\" content=\"es_ES\" \/>\n<meta property=\"og:type\" content=\"article\" \/>\n<meta property=\"og:title\" content=\"Relax esterilla de domir bomba incorporade - Eurotrail | The way we camp!\" \/>\n<meta property=\"og:description\" content=\"Esterilla de dormir Eurotrail Relax, disponible en 10 cm o 15 cm de grosor. Gracias a la bomba incorporada, la esterilla se infla y desinfla autom\u00e1ticamente\" \/>\n<meta property=\"og:url\" content=\"https:\/\/eurotrail.info\/es\/producten\/colchonetas-para-dormir\/iso-camp-colchonetas-termicas\/relax-esterilla-de-domir-bomba-incorporade\/\" \/>\n<meta property=\"og:site_name\" content=\"Eurotrail | The way we camp!\" \/>\n<meta property=\"article:modified_time\" content=\"2026-01-09T13:26:15+00:00\" \/>\n<meta property=\"og:image\" content=\"https:\/\/eurotrail.info\/wp\/wp-content\/uploads\/2025\/01\/ETIC0203-0204-Relax-Sleepingpad_3204_25-1-scaled.jpg\" \/>\n\t<meta property=\"og:image:width\" content=\"2560\" \/>\n\t<meta property=\"og:image:height\" content=\"1756\" \/>\n\t<meta property=\"og:image:type\" content=\"image\/jpeg\" \/>\n<meta name=\"twitter:card\" content=\"summary_large_image\" \/>\n<meta name=\"twitter:label1\" content=\"Tiempo de lectura\" \/>\n\t<meta name=\"twitter:data1\" content=\"2 minutes\" \/>\n<script type=\"application\/ld+json\" class=\"yoast-schema-graph\">{\"@context\":\"https:\\\/\\\/schema.org\",\"@graph\":[{\"@type\":\"WebPage\",\"@id\":\"https:\\\/\\\/eurotrail.info\\\/es\\\/producten\\\/colchonetas-para-dormir\\\/iso-camp-colchonetas-termicas\\\/relax-esterilla-de-domir-bomba-incorporade\\\/\",\"url\":\"https:\\\/\\\/eurotrail.info\\\/es\\\/producten\\\/colchonetas-para-dormir\\\/iso-camp-colchonetas-termicas\\\/relax-esterilla-de-domir-bomba-incorporade\\\/\",\"name\":\"Relax esterilla de domir bomba incorporade - Eurotrail | The way we camp!\",\"isPartOf\":{\"@id\":\"https:\\\/\\\/eurotrail.info\\\/#website\"},\"primaryImageOfPage\":{\"@id\":\"https:\\\/\\\/eurotrail.info\\\/es\\\/producten\\\/colchonetas-para-dormir\\\/iso-camp-colchonetas-termicas\\\/relax-esterilla-de-domir-bomba-incorporade\\\/#primaryimage\"},\"image\":{\"@id\":\"https:\\\/\\\/eurotrail.info\\\/es\\\/producten\\\/colchonetas-para-dormir\\\/iso-camp-colchonetas-termicas\\\/relax-esterilla-de-domir-bomba-incorporade\\\/#primaryimage\"},\"thumbnailUrl\":\"https:\\\/\\\/eurotrail.info\\\/wp\\\/wp-content\\\/uploads\\\/2025\\\/01\\\/ETIC0203-0204-Relax-Sleepingpad_3204_25-1-scaled.jpg\",\"datePublished\":\"2025-01-29T13:16:43+00:00\",\"dateModified\":\"2026-01-09T13:26:15+00:00\",\"description\":\"Esterilla de dormir Eurotrail Relax, disponible en 10 cm o 15 cm de grosor. Gracias a la bomba incorporada, la esterilla se infla y desinfla autom\u00e1ticamente\",\"breadcrumb\":{\"@id\":\"https:\\\/\\\/eurotrail.info\\\/es\\\/producten\\\/colchonetas-para-dormir\\\/iso-camp-colchonetas-termicas\\\/relax-esterilla-de-domir-bomba-incorporade\\\/#breadcrumb\"},\"inLanguage\":\"es-ES\",\"potentialAction\":[{\"@type\":\"ReadAction\",\"target\":[\"https:\\\/\\\/eurotrail.info\\\/es\\\/producten\\\/colchonetas-para-dormir\\\/iso-camp-colchonetas-termicas\\\/relax-esterilla-de-domir-bomba-incorporade\\\/\"]}]},{\"@type\":\"ImageObject\",\"inLanguage\":\"es-ES\",\"@id\":\"https:\\\/\\\/eurotrail.info\\\/es\\\/producten\\\/colchonetas-para-dormir\\\/iso-camp-colchonetas-termicas\\\/relax-esterilla-de-domir-bomba-incorporade\\\/#primaryimage\",\"url\":\"https:\\\/\\\/eurotrail.info\\\/wp\\\/wp-content\\\/uploads\\\/2025\\\/01\\\/ETIC0203-0204-Relax-Sleepingpad_3204_25-1-scaled.jpg\",\"contentUrl\":\"https:\\\/\\\/eurotrail.info\\\/wp\\\/wp-content\\\/uploads\\\/2025\\\/01\\\/ETIC0203-0204-Relax-Sleepingpad_3204_25-1-scaled.jpg\",\"width\":2560,\"height\":1756,\"caption\":\"Slaapmat met een ingebouwde elektrische pomp. Leverbaar in 10 en 15 cm dikte.\"},{\"@type\":\"BreadcrumbList\",\"@id\":\"https:\\\/\\\/eurotrail.info\\\/es\\\/producten\\\/colchonetas-para-dormir\\\/iso-camp-colchonetas-termicas\\\/relax-esterilla-de-domir-bomba-incorporade\\\/#breadcrumb\",\"itemListElement\":[{\"@type\":\"ListItem\",\"position\":1,\"name\":\"Home\",\"item\":\"https:\\\/\\\/eurotrail.info\\\/es\\\/\"},{\"@type\":\"ListItem\",\"position\":2,\"name\":\"Productos\",\"item\":\"https:\\\/\\\/eurotrail.info\\\/es\\\/productos\\\/\"},{\"@type\":\"ListItem\",\"position\":3,\"name\":\"Relax esterilla de domir bomba incorporade\"}]},{\"@type\":\"WebSite\",\"@id\":\"https:\\\/\\\/eurotrail.info\\\/#website\",\"url\":\"https:\\\/\\\/eurotrail.info\\\/\",\"name\":\"Eurotrail | The way we camp!\",\"description\":\"\",\"publisher\":{\"@id\":\"https:\\\/\\\/eurotrail.info\\\/#organization\"},\"potentialAction\":[{\"@type\":\"SearchAction\",\"target\":{\"@type\":\"EntryPoint\",\"urlTemplate\":\"https:\\\/\\\/eurotrail.info\\\/?s={search_term_string}\"},\"query-input\":{\"@type\":\"PropertyValueSpecification\",\"valueRequired\":true,\"valueName\":\"search_term_string\"}}],\"inLanguage\":\"es-ES\"},{\"@type\":\"Organization\",\"@id\":\"https:\\\/\\\/eurotrail.info\\\/#organization\",\"name\":\"Eurotrail | The way we camp!\",\"url\":\"https:\\\/\\\/eurotrail.info\\\/\",\"logo\":{\"@type\":\"ImageObject\",\"inLanguage\":\"es-ES\",\"@id\":\"https:\\\/\\\/eurotrail.info\\\/#\\\/schema\\\/logo\\\/image\\\/\",\"url\":\"https:\\\/\\\/eurotrail.info\\\/wp\\\/wp-content\\\/uploads\\\/2023\\\/07\\\/ET-logo-quote_NL-scaled.jpg\",\"contentUrl\":\"https:\\\/\\\/eurotrail.info\\\/wp\\\/wp-content\\\/uploads\\\/2023\\\/07\\\/ET-logo-quote_NL-scaled.jpg\",\"width\":2560,\"height\":675,\"caption\":\"Eurotrail | The way we camp!\"},\"image\":{\"@id\":\"https:\\\/\\\/eurotrail.info\\\/#\\\/schema\\\/logo\\\/image\\\/\"}}]}<\/script>\n<!-- \/ Yoast SEO plugin. -->","yoast_head_json":{"title":"Relax esterilla de domir bomba incorporade - Eurotrail | The way we camp!","description":"Esterilla de dormir Eurotrail Relax, disponible en 10 cm o 15 cm de grosor. Gracias a la bomba incorporada, la esterilla se infla y desinfla autom\u00e1ticamente","robots":{"index":"index","follow":"follow","max-snippet":"max-snippet:-1","max-image-preview":"max-image-preview:large","max-video-preview":"max-video-preview:-1"},"canonical":"https:\/\/eurotrail.info\/es\/producten\/colchonetas-para-dormir\/iso-camp-colchonetas-termicas\/relax-esterilla-de-domir-bomba-incorporade\/","og_locale":"es_ES","og_type":"article","og_title":"Relax esterilla de domir bomba incorporade - Eurotrail | The way we camp!","og_description":"Esterilla de dormir Eurotrail Relax, disponible en 10 cm o 15 cm de grosor. Gracias a la bomba incorporada, la esterilla se infla y desinfla autom\u00e1ticamente","og_url":"https:\/\/eurotrail.info\/es\/producten\/colchonetas-para-dormir\/iso-camp-colchonetas-termicas\/relax-esterilla-de-domir-bomba-incorporade\/","og_site_name":"Eurotrail | The way we camp!","article_modified_time":"2026-01-09T13:26:15+00:00","og_image":[{"width":2560,"height":1756,"url":"https:\/\/eurotrail.info\/wp\/wp-content\/uploads\/2025\/01\/ETIC0203-0204-Relax-Sleepingpad_3204_25-1-scaled.jpg","type":"image\/jpeg"}],"twitter_card":"summary_large_image","twitter_misc":{"Tiempo de lectura":"2 minutes"},"schema":{"@context":"https:\/\/schema.org","@graph":[{"@type":"WebPage","@id":"https:\/\/eurotrail.info\/es\/producten\/colchonetas-para-dormir\/iso-camp-colchonetas-termicas\/relax-esterilla-de-domir-bomba-incorporade\/","url":"https:\/\/eurotrail.info\/es\/producten\/colchonetas-para-dormir\/iso-camp-colchonetas-termicas\/relax-esterilla-de-domir-bomba-incorporade\/","name":"Relax esterilla de domir bomba incorporade - Eurotrail | The way we camp!","isPartOf":{"@id":"https:\/\/eurotrail.info\/#website"},"primaryImageOfPage":{"@id":"https:\/\/eurotrail.info\/es\/producten\/colchonetas-para-dormir\/iso-camp-colchonetas-termicas\/relax-esterilla-de-domir-bomba-incorporade\/#primaryimage"},"image":{"@id":"https:\/\/eurotrail.info\/es\/producten\/colchonetas-para-dormir\/iso-camp-colchonetas-termicas\/relax-esterilla-de-domir-bomba-incorporade\/#primaryimage"},"thumbnailUrl":"https:\/\/eurotrail.info\/wp\/wp-content\/uploads\/2025\/01\/ETIC0203-0204-Relax-Sleepingpad_3204_25-1-scaled.jpg","datePublished":"2025-01-29T13:16:43+00:00","dateModified":"2026-01-09T13:26:15+00:00","description":"Esterilla de dormir Eurotrail Relax, disponible en 10 cm o 15 cm de grosor. Gracias a la bomba incorporada, la esterilla se infla y desinfla autom\u00e1ticamente","breadcrumb":{"@id":"https:\/\/eurotrail.info\/es\/producten\/colchonetas-para-dormir\/iso-camp-colchonetas-termicas\/relax-esterilla-de-domir-bomba-incorporade\/#breadcrumb"},"inLanguage":"es-ES","potentialAction":[{"@type":"ReadAction","target":["https:\/\/eurotrail.info\/es\/producten\/colchonetas-para-dormir\/iso-camp-colchonetas-termicas\/relax-esterilla-de-domir-bomba-incorporade\/"]}]},{"@type":"ImageObject","inLanguage":"es-ES","@id":"https:\/\/eurotrail.info\/es\/producten\/colchonetas-para-dormir\/iso-camp-colchonetas-termicas\/relax-esterilla-de-domir-bomba-incorporade\/#primaryimage","url":"https:\/\/eurotrail.info\/wp\/wp-content\/uploads\/2025\/01\/ETIC0203-0204-Relax-Sleepingpad_3204_25-1-scaled.jpg","contentUrl":"https:\/\/eurotrail.info\/wp\/wp-content\/uploads\/2025\/01\/ETIC0203-0204-Relax-Sleepingpad_3204_25-1-scaled.jpg","width":2560,"height":1756,"caption":"Slaapmat met een ingebouwde elektrische pomp. Leverbaar in 10 en 15 cm dikte."},{"@type":"BreadcrumbList","@id":"https:\/\/eurotrail.info\/es\/producten\/colchonetas-para-dormir\/iso-camp-colchonetas-termicas\/relax-esterilla-de-domir-bomba-incorporade\/#breadcrumb","itemListElement":[{"@type":"ListItem","position":1,"name":"Home","item":"https:\/\/eurotrail.info\/es\/"},{"@type":"ListItem","position":2,"name":"Productos","item":"https:\/\/eurotrail.info\/es\/productos\/"},{"@type":"ListItem","position":3,"name":"Relax esterilla de domir bomba incorporade"}]},{"@type":"WebSite","@id":"https:\/\/eurotrail.info\/#website","url":"https:\/\/eurotrail.info\/","name":"Eurotrail | The way we camp!","description":"","publisher":{"@id":"https:\/\/eurotrail.info\/#organization"},"potentialAction":[{"@type":"SearchAction","target":{"@type":"EntryPoint","urlTemplate":"https:\/\/eurotrail.info\/?s={search_term_string}"},"query-input":{"@type":"PropertyValueSpecification","valueRequired":true,"valueName":"search_term_string"}}],"inLanguage":"es-ES"},{"@type":"Organization","@id":"https:\/\/eurotrail.info\/#organization","name":"Eurotrail | The way we camp!","url":"https:\/\/eurotrail.info\/","logo":{"@type":"ImageObject","inLanguage":"es-ES","@id":"https:\/\/eurotrail.info\/#\/schema\/logo\/image\/","url":"https:\/\/eurotrail.info\/wp\/wp-content\/uploads\/2023\/07\/ET-logo-quote_NL-scaled.jpg","contentUrl":"https:\/\/eurotrail.info\/wp\/wp-content\/uploads\/2023\/07\/ET-logo-quote_NL-scaled.jpg","width":2560,"height":675,"caption":"Eurotrail | The way we camp!"},"image":{"@id":"https:\/\/eurotrail.info\/#\/schema\/logo\/image\/"}}]}},"_links":{"self":[{"href":"https:\/\/eurotrail.info\/es\/wp-json\/wp\/v2\/product\/22996","targetHints":{"allow":["GET"]}}],"collection":[{"href":"https:\/\/eurotrail.info\/es\/wp-json\/wp\/v2\/product"}],"about":[{"href":"https:\/\/eurotrail.info\/es\/wp-json\/wp\/v2\/types\/product"}],"replies":[{"embeddable":true,"href":"https:\/\/eurotrail.info\/es\/wp-json\/wp\/v2\/comments?post=22996"}],"wp:featuredmedia":[{"embeddable":true,"href":"https:\/\/eurotrail.info\/es\/wp-json\/wp\/v2\/media\/22977"}],"wp:attachment":[{"href":"https:\/\/eurotrail.info\/es\/wp-json\/wp\/v2\/media?parent=22996"}],"wp:term":[{"taxonomy":"product_brand","embeddable":true,"href":"https:\/\/eurotrail.info\/es\/wp-json\/wp\/v2\/product_brand?post=22996"},{"taxonomy":"product_cat","embeddable":true,"href":"https:\/\/eurotrail.info\/es\/wp-json\/wp\/v2\/product_cat?post=22996"},{"taxonomy":"product_tag","embeddable":true,"href":"https:\/\/eurotrail.info\/es\/wp-json\/wp\/v2\/product_tag?post=22996"}],"curies":[{"name":"wp","href":"https:\/\/api.w.org\/{rel}","templated":true}]}}